{"id":2608,"date":"2020-07-13T11:52:42","date_gmt":"2020-07-13T10:52:42","guid":{"rendered":"https:\/\/mythslegendes.com\/?page_id=2608"},"modified":"2022-12-03T22:07:11","modified_gmt":"2022-12-03T22:07:11","slug":"le-nuraghe-santu-antine","status":"publish","type":"page","link":"https:\/\/mythslegendes.com\/es\/mitologia-sarda\/el-nuraghe-santu-antine\/","title":{"rendered":"El Nuraghe Santu Antine"},"content":{"rendered":"<div data-elementor-type=\"wp-page\" data-elementor-id=\"2608\" class=\"elementor elementor-2608\">\n\t\t\t\t\t\t<section class=\"elementor-section elementor-top-section elementor-element elementor-element-c81adc5 elementor-section-boxed elementor-section-height-default elementor-section-height-default\" data-id=\"c81adc5\" data-element_type=\"section\" data-e-type=\"section\">\n\t\t\t\t\t\t<div class=\"elementor-container elementor-column-gap-default\">\n\t\t\t\t\t<div class=\"elementor-column elementor-col-50 elementor-top-column elementor-element elementor-element-b900623\" data-id=\"b900623\" data-element_type=\"column\" data-e-type=\"column\">\n\t\t\t<div class=\"elementor-widget-wrap elementor-element-populated\">\n\t\t\t\t\t\t<div class=\"elementor-element elementor-element-806c932 elementor-align-justify elementor-widget elementor-widget-button\" data-id=\"806c932\" data-element_type=\"widget\" data-e-type=\"widget\" data-widget_type=\"button.default\">\n\t\t\t\t<div class=\"elementor-widget-container\">\n\t\t\t\t\t\t\t\t\t<div class=\"elementor-button-wrapper\">\n\t\t\t\t\t<a class=\"elementor-button elementor-button-link elementor-size-sm\" href=\"https:\/\/mythslegendes.com\/es\/mitologia-sarda\/\">\n\t\t\t\t\t\t<span class=\"elementor-button-content-wrapper\">\n\t\t\t\t\t\t\t\t\t<span class=\"elementor-button-text\">Mitolog\u00eda sarda<\/span>\n\t\t\t\t\t<\/span>\n\t\t\t\t\t<\/a>\n\t\t\t\t<\/div>\n\t\t\t\t\t\t\t\t<\/div>\n\t\t\t\t<\/div>\n\t\t\t\t\t<\/div>\n\t\t<\/div>\n\t\t\t\t<div class=\"elementor-column elementor-col-50 elementor-top-column elementor-element elementor-element-532b72c\" data-id=\"532b72c\" data-element_type=\"column\" data-e-type=\"column\">\n\t\t\t<div class=\"elementor-widget-wrap elementor-element-populated\">\n\t\t\t\t\t\t<div class=\"elementor-element elementor-element-ac86190 elementor-align-justify elementor-widget elementor-widget-button\" data-id=\"ac86190\" data-element_type=\"widget\" data-e-type=\"widget\" data-widget_type=\"button.default\">\n\t\t\t\t<div class=\"elementor-widget-container\">\n\t\t\t\t\t\t\t\t\t<div class=\"elementor-button-wrapper\">\n\t\t\t\t\t<a class=\"elementor-button elementor-button-link elementor-size-sm\" href=\"https:\/\/fr.wikipedia.org\/wiki\/Histoire_de_la_Sardaigne\" target=\"_blank\" rel=\"noopener\">\n\t\t\t\t\t\t<span class=\"elementor-button-content-wrapper\">\n\t\t\t\t\t\t\t\t\t<span class=\"elementor-button-text\">Wiki<\/span>\n\t\t\t\t\t<\/span>\n\t\t\t\t\t<\/a>\n\t\t\t\t<\/div>\n\t\t\t\t\t\t\t\t<\/div>\n\t\t\t\t<\/div>\n\t\t\t\t\t<\/div>\n\t\t<\/div>\n\t\t\t\t\t<\/div>\n\t\t<\/section>\n\t\t\t\t<section class=\"elementor-section elementor-top-section elementor-element elementor-element-2750ef79 elementor-section-boxed elementor-section-height-default elementor-section-height-default\" data-id=\"2750ef79\" data-element_type=\"section\" data-e-type=\"section\">\n\t\t\t\t\t\t<div class=\"elementor-container elementor-column-gap-default\">\n\t\t\t\t\t<div class=\"elementor-column elementor-col-100 elementor-top-column elementor-element elementor-element-2a46ee38\" data-id=\"2a46ee38\" data-element_type=\"column\" data-e-type=\"column\">\n\t\t\t<div class=\"elementor-widget-wrap elementor-element-populated\">\n\t\t\t\t\t\t<div class=\"elementor-element elementor-element-32bd1198 elementor-widget elementor-widget-text-editor\" data-id=\"32bd1198\" data-element_type=\"widget\" data-e-type=\"widget\" data-widget_type=\"text-editor.default\">\n\t\t\t\t<div class=\"elementor-widget-container\">\n\t\t\t\t\t\t\t\t\t\n<p>En <a href=\"https:\/\/mythslegendes.com\/es\/mitologia-sarda\/\">Cerde\u00f1a<\/a>, en el casco hist\u00f3rico de Meilogu, subcomarca de Logudoro, se encuentra una aut\u00e9ntica joya de la arquitectura nur\u00e1gica. Este es el Nuraghe Santu Antine, tambi\u00e9n llamado \u201c<em> Sa Domu De Su Re<\/em> \u201d. El famoso nuraga forma parte del municipio de Torralba.<\/p>\n<p><img decoding=\"async\" class=\"alignnone wp-image-5284 size-full\" src=\"https:\/\/mythslegendes.com\/wp-content\/uploads\/2020\/09\/AlphaOmega-e1602613368367.png\" alt=\"Nuraga Santu Antine\" width=\"25\" height=\"26\" title=\"\"><\/p>\n\n<div id=\"ez-toc-container\" class=\"ez-toc-v2_0_82_2 counter-hierarchy ez-toc-counter ez-toc-grey ez-toc-container-direction\">\n<div class=\"ez-toc-title-container\">\n<p class=\"ez-toc-title\" style=\"cursor:inherit\">Contenido<\/p>\n<span class=\"ez-toc-title-toggle\"><a href=\"#\" class=\"ez-toc-pull-right ez-toc-btn ez-toc-btn-xs ez-toc-btn-default ez-toc-toggle\" aria-label=\"Alternar tabla de contenidos\"><span class=\"ez-toc-js-icon-con\"><span class=\"\"><span class=\"eztoc-hide\" style=\"display:none;\">Palanca<\/span><span class=\"ez-toc-icon-toggle-span\"><svg style=\"fill: #999;color:#999\" xmlns=\"http:\/\/www.w3.org\/2000\/svg\" class=\"list-377408\" width=\"20px\" height=\"20px\" viewbox=\"0 0 24 24\" fill=\"none\"><path d=\"M6 6H4v2h2V6zm14 0H8v2h12V6zM4 11h2v2H4v-2zm16 0H8v2h12v-2zM4 16h2v2H4v-2zm16 0H8v2h12v-2z\" fill=\"currentColor\"><\/path><\/svg><svg style=\"fill: #999;color:#999\" class=\"arrow-unsorted-368013\" xmlns=\"http:\/\/www.w3.org\/2000\/svg\" width=\"10px\" height=\"10px\" viewbox=\"0 0 24 24\" version=\"1.2\" baseprofile=\"tiny\"><path d=\"M18.2 9.3l-6.2-6.3-6.2 6.3c-.2.2-.3.4-.3.7s.1.5.3.7c.2.2.4.3.7.3h11c.3 0 .5-.1.7-.3.2-.2.3-.5.3-.7s-.1-.5-.3-.7zM5.8 14.7l6.2 6.3 6.2-6.3c.2-.2.3-.5.3-.7s-.1-.5-.3-.7c-.2-.2-.4-.3-.7-.3h-11c-.3 0-.5.1-.7.3-.2.2-.3.5-.3.7s.1.5.3.7z\"\/><\/svg><\/span><\/span><\/span><\/a><\/span><\/div>\n<nav><ul class='ez-toc-list ez-toc-list-level-1' ><li class='ez-toc-page-1 ez-toc-heading-level-2'><a class=\"ez-toc-link ez-toc-heading-1\" href=\"https:\/\/mythslegendes.com\/es\/mitologia-sarda\/el-nuraghe-santu-antine\/#Le-Nuraghe-Santu-Antine-et-la-vallee-des-nuraghes-a-Torralba\" >El Nuraghe Santu Antine y el Valle de los Nuraghes en Torralba<\/a><\/li><\/ul><\/nav><\/div>\n<h2 class=\"wp-block-heading\"><span class=\"ez-toc-section\" id=\"Le-Nuraghe-Santu-Antine-et-la-vallee-des-nuraghes-a-Torralba\"><\/span>El Nuraghe Santu Antine y el Valle de los Nuraghes en Torralba<span class=\"ez-toc-section-end\"><\/span><\/h2>\n\n<p>El Nuraghe Santu Antine se alza orgulloso en la campi\u00f1a de Cabu Abbas y es el m\u00e1s importante del valle de los nuraghes de Torralba. Se trata de un nuraghe que data de la Edad del Bronce Medio y consta de una torre central de 17 metros y rodeada por un recinto construido en la \u00e9poca siguiente.<\/p>\n\n<p>El Nuraghe Santi Antine es, como el de Su Nuraxi en Barumini, un ejemplo de la arquitectura <a href=\"https:\/\/mythslegendes.com\/es\/mitologia-sarda\/\">sardo<\/a> que ha permanecido hasta nuestros d\u00edas en un excelente estado de conservaci\u00f3n. Los bloques de basalto forman toda la estructura y se vuelven m\u00e1s peque\u00f1os a medida que se acercan a la parte superior de las torres.<\/p>\n\n<p>Al acceder a la porter\u00eda principal, se puede observar que est\u00e1 dividida en dos niveles accesibles por una escalera interior dispuesta en el sentido de las agujas del reloj. Es muy probable que la escalera llegara tambi\u00e9n a un tercer nivel, que ya no existe. En el primer nivel hay un asiento de balc\u00f3n y dos nichos.<\/p>\n\n<p>Cerca del nuraghe, es posible observar los restos de las viviendas del antiguo pueblo que representa un perfecto ejemplo de la reutilizaci\u00f3n de estructuras, t\u00edpicas de la \u00e9poca romana. De hecho, es posible encontrar caba\u00f1as circulares de la \u00e9poca nur\u00e1gica, as\u00ed como casas rectangulares construidas en la \u00e9poca romana.<\/p>\n\n<p>En la llanura de Cabu Abbas hay treinta nuraghes, raz\u00f3n por la cual la zona se llama el valle de los nuraghes (<em> Valle dei Nuraghi<\/em> ). Aparte de Santu Antine, es recomendable visitar Nuraghe Oes, un complejo nuraghe en s\u00ed mismo rodeado tambi\u00e9n por un pueblo nur\u00e1gico. No lejos de los asentamientos circulares de las antiguas caba\u00f1as, hay bloques de piedra que, seg\u00fan los estudiosos, representan los restos de algunas Tombe dei Giganti.<\/p>\n\n<p>La necr\u00f3polis de Sant&#039;Andrea Priu es tambi\u00e9n un yacimiento de gran valor que no debe perderse.<\/p>\n\t\t\t\t\t\t\t\t<\/div>\n\t\t\t\t<\/div>\n\t\t\t\t\t<\/div>\n\t\t<\/div>\n\t\t\t\t\t<\/div>\n\t\t<\/section>\n\t\t\t\t<\/div>","protected":false},"excerpt":{"rendered":"<p>Wiki Mitolog\u00eda sarda En Cerde\u00f1a, en la zona hist\u00f3rica de Meilogu, subregi\u00f3n de Logudoro, se encuentra una verdadera joya de la \u2026 <\/p>","protected":false},"author":1,"featured_media":0,"parent":2574,"menu_order":0,"comment_status":"closed","ping_status":"closed","template":"","meta":{"footnotes":""},"class_list":["post-2608","page","type-page","status-publish","hentry"],"amp_enabled":true,"_links":{"self":[{"href":"https:\/\/mythslegendes.com\/es\/wp-json\/wp\/v2\/pages\/2608","targetHints":{"allow":["GET"]}}],"collection":[{"href":"https:\/\/mythslegendes.com\/es\/wp-json\/wp\/v2\/pages"}],"about":[{"href":"https:\/\/mythslegendes.com\/es\/wp-json\/wp\/v2\/types\/page"}],"author":[{"embeddable":true,"href":"https:\/\/mythslegendes.com\/es\/wp-json\/wp\/v2\/users\/1"}],"replies":[{"embeddable":true,"href":"https:\/\/mythslegendes.com\/es\/wp-json\/wp\/v2\/comments?post=2608"}],"version-history":[{"count":1,"href":"https:\/\/mythslegendes.com\/es\/wp-json\/wp\/v2\/pages\/2608\/revisions"}],"predecessor-version":[{"id":24821,"href":"https:\/\/mythslegendes.com\/es\/wp-json\/wp\/v2\/pages\/2608\/revisions\/24821"}],"up":[{"embeddable":true,"href":"https:\/\/mythslegendes.com\/es\/wp-json\/wp\/v2\/pages\/2574"}],"wp:attachment":[{"href":"https:\/\/mythslegendes.com\/es\/wp-json\/wp\/v2\/media?parent=2608"}],"curies":[{"name":"wp","href":"https:\/\/api.w.org\/{rel}","templated":true}]}}