{"id":2611,"date":"2020-07-13T11:54:31","date_gmt":"2020-07-13T10:54:31","guid":{"rendered":"https:\/\/mythslegendes.com\/?page_id=2611"},"modified":"2022-12-03T22:07:11","modified_gmt":"2022-12-03T22:07:11","slug":"su-nuraxi-de-barumini","status":"publish","type":"page","link":"https:\/\/mythslegendes.com\/es\/mitologia-sarda\/su-nuraxi-de-barumini\/","title":{"rendered":"Su Nuraxi de Barumini"},"content":{"rendered":"<div data-elementor-type=\"wp-page\" data-elementor-id=\"2611\" class=\"elementor elementor-2611\">\n\t\t\t\t\t\t<section class=\"elementor-section elementor-top-section elementor-element elementor-element-a336788 elementor-section-boxed elementor-section-height-default elementor-section-height-default\" data-id=\"a336788\" data-element_type=\"section\" data-e-type=\"section\">\n\t\t\t\t\t\t<div class=\"elementor-container elementor-column-gap-default\">\n\t\t\t\t\t<div class=\"elementor-column elementor-col-50 elementor-top-column elementor-element elementor-element-bf5b12c\" data-id=\"bf5b12c\" data-element_type=\"column\" data-e-type=\"column\">\n\t\t\t<div class=\"elementor-widget-wrap elementor-element-populated\">\n\t\t\t\t\t\t<div class=\"elementor-element elementor-element-71dde7f elementor-align-justify elementor-widget elementor-widget-button\" data-id=\"71dde7f\" data-element_type=\"widget\" data-e-type=\"widget\" data-widget_type=\"button.default\">\n\t\t\t\t<div class=\"elementor-widget-container\">\n\t\t\t\t\t\t\t\t\t<div class=\"elementor-button-wrapper\">\n\t\t\t\t\t<a class=\"elementor-button elementor-button-link elementor-size-sm\" href=\"https:\/\/mythslegendes.com\/es\/mitologia-sarda\/\">\n\t\t\t\t\t\t<span class=\"elementor-button-content-wrapper\">\n\t\t\t\t\t\t\t\t\t<span class=\"elementor-button-text\">Mitolog\u00eda sarda<\/span>\n\t\t\t\t\t<\/span>\n\t\t\t\t\t<\/a>\n\t\t\t\t<\/div>\n\t\t\t\t\t\t\t\t<\/div>\n\t\t\t\t<\/div>\n\t\t\t\t\t<\/div>\n\t\t<\/div>\n\t\t\t\t<div class=\"elementor-column elementor-col-50 elementor-top-column elementor-element elementor-element-268da84\" data-id=\"268da84\" data-element_type=\"column\" data-e-type=\"column\">\n\t\t\t<div class=\"elementor-widget-wrap elementor-element-populated\">\n\t\t\t\t\t\t<div class=\"elementor-element elementor-element-9883a0a elementor-align-justify elementor-widget elementor-widget-button\" data-id=\"9883a0a\" data-element_type=\"widget\" data-e-type=\"widget\" data-widget_type=\"button.default\">\n\t\t\t\t<div class=\"elementor-widget-container\">\n\t\t\t\t\t\t\t\t\t<div class=\"elementor-button-wrapper\">\n\t\t\t\t\t<a class=\"elementor-button elementor-button-link elementor-size-sm\" href=\"https:\/\/fr.wikipedia.org\/wiki\/Histoire_de_la_Sardaigne\" target=\"_blank\" rel=\"noopener\">\n\t\t\t\t\t\t<span class=\"elementor-button-content-wrapper\">\n\t\t\t\t\t\t\t\t\t<span class=\"elementor-button-text\">Wiki<\/span>\n\t\t\t\t\t<\/span>\n\t\t\t\t\t<\/a>\n\t\t\t\t<\/div>\n\t\t\t\t\t\t\t\t<\/div>\n\t\t\t\t<\/div>\n\t\t\t\t\t<\/div>\n\t\t<\/div>\n\t\t\t\t\t<\/div>\n\t\t<\/section>\n\t\t\t\t<section class=\"elementor-section elementor-top-section elementor-element elementor-element-3685d431 elementor-section-boxed elementor-section-height-default elementor-section-height-default\" data-id=\"3685d431\" data-element_type=\"section\" data-e-type=\"section\">\n\t\t\t\t\t\t<div class=\"elementor-container elementor-column-gap-default\">\n\t\t\t\t\t<div class=\"elementor-column elementor-col-100 elementor-top-column elementor-element elementor-element-65f5e268\" data-id=\"65f5e268\" data-element_type=\"column\" data-e-type=\"column\">\n\t\t\t<div class=\"elementor-widget-wrap elementor-element-populated\">\n\t\t\t\t\t\t<div class=\"elementor-element elementor-element-6958ed7f elementor-widget elementor-widget-text-editor\" data-id=\"6958ed7f\" data-element_type=\"widget\" data-e-type=\"widget\" data-widget_type=\"text-editor.default\">\n\t\t\t\t<div class=\"elementor-widget-container\">\n\t\t\t\t\t\t\t\t\t\n<p>El pueblo nur\u00e1gico de Su Nuraxi de Barumini se ha mantenido en muy buen estado a pesar del tiempo y es uno de los m\u00e1s grandes de todo el <a href=\"https:\/\/mythslegendes.com\/es\/mitologia-sarda\/\">Cerde\u00f1a<\/a> . El sitio de Su Nuraxi, por su excepcional importancia hist\u00f3rica y arqueol\u00f3gica y por su belleza, ha sido clasificado como Patrimonio de la Humanidad por la UNESCO.<\/p>\n<p><img decoding=\"async\" class=\"alignnone wp-image-5284 size-full\" src=\"https:\/\/mythslegendes.com\/wp-content\/uploads\/2020\/09\/AlphaOmega-e1602613368367.png\" alt=\"Su Nuraxi de Barumini\" width=\"25\" height=\"26\" title=\"\"><\/p>\n<div id=\"ez-toc-container\" class=\"ez-toc-v2_0_82_2 counter-hierarchy ez-toc-counter ez-toc-grey ez-toc-container-direction\">\n<div class=\"ez-toc-title-container\">\n<p class=\"ez-toc-title\" style=\"cursor:inherit\">Contenido<\/p>\n<span class=\"ez-toc-title-toggle\"><a href=\"#\" class=\"ez-toc-pull-right ez-toc-btn ez-toc-btn-xs ez-toc-btn-default ez-toc-toggle\" aria-label=\"Alternar tabla de contenidos\"><span class=\"ez-toc-js-icon-con\"><span class=\"\"><span class=\"eztoc-hide\" style=\"display:none;\">Palanca<\/span><span class=\"ez-toc-icon-toggle-span\"><svg style=\"fill: #999;color:#999\" xmlns=\"http:\/\/www.w3.org\/2000\/svg\" class=\"list-377408\" width=\"20px\" height=\"20px\" viewbox=\"0 0 24 24\" fill=\"none\"><path d=\"M6 6H4v2h2V6zm14 0H8v2h12V6zM4 11h2v2H4v-2zm16 0H8v2h12v-2zM4 16h2v2H4v-2zm16 0H8v2h12v-2z\" fill=\"currentColor\"><\/path><\/svg><svg style=\"fill: #999;color:#999\" class=\"arrow-unsorted-368013\" xmlns=\"http:\/\/www.w3.org\/2000\/svg\" width=\"10px\" height=\"10px\" viewbox=\"0 0 24 24\" version=\"1.2\" baseprofile=\"tiny\"><path d=\"M18.2 9.3l-6.2-6.3-6.2 6.3c-.2.2-.3.4-.3.7s.1.5.3.7c.2.2.4.3.7.3h11c.3 0 .5-.1.7-.3.2-.2.3-.5.3-.7s-.1-.5-.3-.7zM5.8 14.7l6.2 6.3 6.2-6.3c.2-.2.3-.5.3-.7s-.1-.5-.3-.7c-.2-.2-.4-.3-.7-.3h-11c-.3 0-.5.1-.7.3-.2.2-.3.5-.3.7s.1.5.3.7z\"\/><\/svg><\/span><\/span><\/span><\/a><\/span><\/div>\n<nav><ul class='ez-toc-list ez-toc-list-level-1' ><li class='ez-toc-page-1 ez-toc-heading-level-2'><a class=\"ez-toc-link ez-toc-heading-1\" href=\"https:\/\/mythslegendes.com\/es\/mitologia-sarda\/su-nuraxi-de-barumini\/#Su-Nuraxi-de-Barumini\" >Su Nuraxi de Barumini<\/a><\/li><\/ul><\/nav><\/div>\n<h2><span class=\"ez-toc-section\" id=\"Su-Nuraxi-de-Barumini\"><\/span>Su Nuraxi de Barumini<span class=\"ez-toc-section-end\"><\/span><\/h2>\n\n<p>En la d\u00e9cada de 1950, el equipo de arque\u00f3logos del italiano Giovanni Lilliu inici\u00f3 excavaciones en el territorio de Barumini y sac\u00f3 a la luz el ejemplo m\u00e1s importante de construcci\u00f3n megal\u00edtica de la civilizaci\u00f3n protozoaria, Su Nuraxi.<\/p>\n\n<p>Su Nuraxi de Barumini es un complejo nur\u00e1gico particularmente enredado. El mapa del sitio incluye el nuraghe, el pueblo y otros entornos como talleres, cocinas y centros de actividades agr\u00edcolas.<\/p>\n\n<p>El sencillo Tholos nuraghe, la torre central, se remonta a la Edad del Bronce Medio y est\u00e1 hecho de piedras de basalto desnudas. El pueblo de Su Nuraxi evoluciona con el tiempo y se enriquece durante los distintos per\u00edodos comprendidos entre el final del Bronce y la Edad del Hierro. En torno a la torre del homenaje se suma un conjunto de 4 torres unidas por borduras rectil\u00edneas, rodeadas por un recinto.<\/p>\n\n<p>Alrededor del nuraghe es posible observar los restos del antiguo pueblo del pueblo nur\u00e1gico de Barumini. El pueblo de Su Nuraxi est\u00e1 compuesto por unas cincuenta chozas, incluida la de las asambleas, donde se ubican los s\u00edmbolos de las divinidades. Estos hallazgos sugieren que este edificio acogi\u00f3 las reuniones y asambleas de los habitantes del pueblo.<\/p>\n\n<p>Para los amantes de la arqueolog\u00eda <a href=\"https:\/\/mythslegendes.com\/es\/mitologia-sarda\/\">sardo<\/a> , el sitio de Su Nuraxi , como el de Nuraghe Santu Antine , es un lugar imperdible.<\/p>\n\t\t\t\t\t\t\t\t<\/div>\n\t\t\t\t<\/div>\n\t\t\t\t\t<\/div>\n\t\t<\/div>\n\t\t\t\t\t<\/div>\n\t\t<\/section>\n\t\t\t\t<\/div>","protected":false},"excerpt":{"rendered":"<p>Wiki de mitolog\u00eda sarda El pueblo nur\u00e1gico de Su Nuraxi de Barumini se ha mantenido en muy buenas condiciones a pesar de la \u2026 <\/p>","protected":false},"author":1,"featured_media":0,"parent":2574,"menu_order":0,"comment_status":"closed","ping_status":"closed","template":"","meta":{"footnotes":""},"class_list":["post-2611","page","type-page","status-publish","hentry"],"amp_enabled":true,"_links":{"self":[{"href":"https:\/\/mythslegendes.com\/es\/wp-json\/wp\/v2\/pages\/2611","targetHints":{"allow":["GET"]}}],"collection":[{"href":"https:\/\/mythslegendes.com\/es\/wp-json\/wp\/v2\/pages"}],"about":[{"href":"https:\/\/mythslegendes.com\/es\/wp-json\/wp\/v2\/types\/page"}],"author":[{"embeddable":true,"href":"https:\/\/mythslegendes.com\/es\/wp-json\/wp\/v2\/users\/1"}],"replies":[{"embeddable":true,"href":"https:\/\/mythslegendes.com\/es\/wp-json\/wp\/v2\/comments?post=2611"}],"version-history":[{"count":1,"href":"https:\/\/mythslegendes.com\/es\/wp-json\/wp\/v2\/pages\/2611\/revisions"}],"predecessor-version":[{"id":24822,"href":"https:\/\/mythslegendes.com\/es\/wp-json\/wp\/v2\/pages\/2611\/revisions\/24822"}],"up":[{"embeddable":true,"href":"https:\/\/mythslegendes.com\/es\/wp-json\/wp\/v2\/pages\/2574"}],"wp:attachment":[{"href":"https:\/\/mythslegendes.com\/es\/wp-json\/wp\/v2\/media?parent=2611"}],"curies":[{"name":"wp","href":"https:\/\/api.w.org\/{rel}","templated":true}]}}