{"id":263,"date":"2019-10-17T15:25:55","date_gmt":"2019-10-17T14:25:55","guid":{"rendered":"https:\/\/mythslegendes.com\/?page_id=263"},"modified":"2022-12-03T22:06:50","modified_gmt":"2022-12-03T22:06:50","slug":"dahut-et-la-ville-dis","status":"publish","type":"page","link":"https:\/\/mythslegendes.com\/es\/mitologia-bretona\/dahut-et-la-ville-dis\/","title":{"rendered":"Dahut y la ciudad de Is"},"content":{"rendered":"<div data-elementor-type=\"wp-page\" data-elementor-id=\"263\" class=\"elementor elementor-263\">\n\t\t\t\t\t\t<section class=\"elementor-section elementor-top-section elementor-element elementor-element-b3b882e elementor-section-boxed elementor-section-height-default elementor-section-height-default\" data-id=\"b3b882e\" data-element_type=\"section\" data-e-type=\"section\">\n\t\t\t\t\t\t<div class=\"elementor-container elementor-column-gap-default\">\n\t\t\t\t\t<div class=\"elementor-column elementor-col-50 elementor-top-column elementor-element elementor-element-3b5b286\" data-id=\"3b5b286\" data-element_type=\"column\" data-e-type=\"column\">\n\t\t\t<div class=\"elementor-widget-wrap elementor-element-populated\">\n\t\t\t\t\t\t<div class=\"elementor-element elementor-element-a5c346f elementor-align-justify elementor-widget elementor-widget-button\" data-id=\"a5c346f\" data-element_type=\"widget\" data-e-type=\"widget\" data-widget_type=\"button.default\">\n\t\t\t\t<div class=\"elementor-widget-container\">\n\t\t\t\t\t\t\t\t\t<div class=\"elementor-button-wrapper\">\n\t\t\t\t\t<a class=\"elementor-button elementor-button-link elementor-size-sm\" href=\"https:\/\/fr.wikipedia.org\/wiki\/Mythologie_bretonne\" target=\"_blank\" rel=\"noopener\">\n\t\t\t\t\t\t<span class=\"elementor-button-content-wrapper\">\n\t\t\t\t\t\t\t\t\t<span class=\"elementor-button-text\">Mitolog\u00eda bretona<\/span>\n\t\t\t\t\t<\/span>\n\t\t\t\t\t<\/a>\n\t\t\t\t<\/div>\n\t\t\t\t\t\t\t\t<\/div>\n\t\t\t\t<\/div>\n\t\t\t\t\t<\/div>\n\t\t<\/div>\n\t\t\t\t<div class=\"elementor-column elementor-col-50 elementor-top-column elementor-element elementor-element-96586e0\" data-id=\"96586e0\" data-element_type=\"column\" data-e-type=\"column\">\n\t\t\t<div class=\"elementor-widget-wrap elementor-element-populated\">\n\t\t\t\t\t\t<div class=\"elementor-element elementor-element-1f5639c elementor-align-justify elementor-widget elementor-widget-button\" data-id=\"1f5639c\" data-element_type=\"widget\" data-e-type=\"widget\" data-widget_type=\"button.default\">\n\t\t\t\t<div class=\"elementor-widget-container\">\n\t\t\t\t\t\t\t\t\t<div class=\"elementor-button-wrapper\">\n\t\t\t\t\t<a class=\"elementor-button elementor-button-link elementor-size-sm\" href=\"https:\/\/fr.wikipedia.org\/wiki\/Mythologie_bretonne\" target=\"_blank\" rel=\"noopener\">\n\t\t\t\t\t\t<span class=\"elementor-button-content-wrapper\">\n\t\t\t\t\t\t\t\t\t<span class=\"elementor-button-text\">Wiki<\/span>\n\t\t\t\t\t<\/span>\n\t\t\t\t\t<\/a>\n\t\t\t\t<\/div>\n\t\t\t\t\t\t\t\t<\/div>\n\t\t\t\t<\/div>\n\t\t\t\t\t<\/div>\n\t\t<\/div>\n\t\t\t\t\t<\/div>\n\t\t<\/section>\n\t\t\t\t<section class=\"elementor-section elementor-top-section elementor-element elementor-element-d7da82b elementor-section-boxed elementor-section-height-default elementor-section-height-default\" data-id=\"d7da82b\" data-element_type=\"section\" data-e-type=\"section\">\n\t\t\t\t\t\t<div class=\"elementor-container elementor-column-gap-default\">\n\t\t\t\t\t<div class=\"elementor-column elementor-col-100 elementor-top-column elementor-element elementor-element-245a5cbb\" data-id=\"245a5cbb\" data-element_type=\"column\" data-e-type=\"column\">\n\t\t\t<div class=\"elementor-widget-wrap elementor-element-populated\">\n\t\t\t\t\t\t<div class=\"elementor-element elementor-element-680fd72d elementor-widget elementor-widget-text-editor\" data-id=\"680fd72d\" data-element_type=\"widget\" data-e-type=\"widget\" data-widget_type=\"text-editor.default\">\n\t\t\t\t<div class=\"elementor-widget-container\">\n\t\t\t\t\t\t\t\t\t<p><\/p>\n<p class=\"has-text-align-justify\">Aqu\u00ed est\u00e1 la historia de la princesa Dahut, el rey Grallon y la ciudad de Is<\/p>\n<p><img decoding=\"async\" class=\"alignnone wp-image-5284 size-full\" src=\"https:\/\/mythslegendes.com\/wp-content\/uploads\/2020\/09\/AlphaOmega-e1602613368367.png\" alt=\"Princesa Dahut Rey Grallon y la ciudad es\" width=\"25\" height=\"26\" title=\"\"><\/p>\n<div id=\"ez-toc-container\" class=\"ez-toc-v2_0_82_2 counter-hierarchy ez-toc-counter ez-toc-grey ez-toc-container-direction\">\n<div class=\"ez-toc-title-container\">\n<p class=\"ez-toc-title\" style=\"cursor:inherit\">Contenido<\/p>\n<span class=\"ez-toc-title-toggle\"><a href=\"#\" class=\"ez-toc-pull-right ez-toc-btn ez-toc-btn-xs ez-toc-btn-default ez-toc-toggle\" aria-label=\"Alternar tabla de contenidos\"><span class=\"ez-toc-js-icon-con\"><span class=\"\"><span class=\"eztoc-hide\" style=\"display:none;\">Palanca<\/span><span class=\"ez-toc-icon-toggle-span\"><svg style=\"fill: #999;color:#999\" xmlns=\"http:\/\/www.w3.org\/2000\/svg\" class=\"list-377408\" width=\"20px\" height=\"20px\" viewbox=\"0 0 24 24\" fill=\"none\"><path d=\"M6 6H4v2h2V6zm14 0H8v2h12V6zM4 11h2v2H4v-2zm16 0H8v2h12v-2zM4 16h2v2H4v-2zm16 0H8v2h12v-2z\" fill=\"currentColor\"><\/path><\/svg><svg style=\"fill: #999;color:#999\" class=\"arrow-unsorted-368013\" xmlns=\"http:\/\/www.w3.org\/2000\/svg\" width=\"10px\" height=\"10px\" viewbox=\"0 0 24 24\" version=\"1.2\" baseprofile=\"tiny\"><path d=\"M18.2 9.3l-6.2-6.3-6.2 6.3c-.2.2-.3.4-.3.7s.1.5.3.7c.2.2.4.3.7.3h11c.3 0 .5-.1.7-.3.2-.2.3-.5.3-.7s-.1-.5-.3-.7zM5.8 14.7l6.2 6.3 6.2-6.3c.2-.2.3-.5.3-.7s-.1-.5-.3-.7c-.2-.2-.4-.3-.7-.3h-11c-.3 0-.5.1-.7.3-.2.2-.3.5-.3.7s.1.5.3.7z\"\/><\/svg><\/span><\/span><\/span><\/a><\/span><\/div>\n<nav><ul class='ez-toc-list ez-toc-list-level-1' ><li class='ez-toc-page-1 ez-toc-heading-level-2'><a class=\"ez-toc-link ez-toc-heading-1\" href=\"https:\/\/mythslegendes.com\/es\/mitologia-bretona\/dahut-et-la-ville-dis\/#La-princesse-Dahut-le-roi-Grallon-et-la-ville-dIs\" >La princesa Dahut, el rey Grallon y la ciudad de Is<\/a><\/li><\/ul><\/nav><\/div>\n<h2><span class=\"ez-toc-section\" id=\"La-princesse-Dahut-le-roi-Grallon-et-la-ville-dIs\"><\/span>La princesa Dahut, el rey Grallon y la ciudad de Is<span class=\"ez-toc-section-end\"><\/span><\/h2>\n<p>En la antig\u00fcedad hab\u00eda un rey poderoso en Cornualles que se llamaba Grallon. Era un hombre tan amante del bien como cualquier hijo de Ad\u00e1n y que acog\u00eda en su corte a todas las personas de renombre, fueran nobles o plebeyos. Por desgracia, su hija era una princesa de mala conducta que, para escapar de su vigilancia, se hab\u00eda ido a vivir a Keris, a pocas leguas de Quimper.<\/p>\n<p>Un d\u00eda, cuando el rey Grallon estaba cazando con su s\u00e9quito en un bosque al pie de M\u00e9n\u00e9hom, se perdieron y todos llegaron a la ermita del solitario Corentin. Grallon hab\u00eda o\u00eddo hablar de este hombre santo, y se alegr\u00f3 de haber sido conducido a su morada; pero sus criados, que se mor\u00edan de hambre, miraban con tristeza la pobre celdilla del santo, dici\u00e9ndose unos a otros que deb\u00edan hacer una cena de oraciones.<\/p>\n<p><\/p>\n<p><\/p>\n<p class=\"has-text-align-justify\">Corentin, iluminado por Dios, adivin\u00f3 sus pensamientos. Pregunt\u00f3 al rey si no aceptaba un tentempi\u00e9 y, como Grall\u00f3n respondi\u00f3 que no hab\u00eda comido desde el canto del gallo, el santo llam\u00f3 al copero y al cocinero para preparar una buena comida tras una larga abstinencia entre hermanos.<\/p>\n<p><\/p>\n<p><\/p>\n<p class=\"has-text-align-justify\">Los condujo a ambos a la fuente que estaba cerca de su ermita, llen\u00f3 de agua el c\u00e1ntaro de oro que llevaba el primero, cort\u00f3 un trozo del pececito que nadaba en el manantial para d\u00e1rselo al segundo, y recomend\u00f3 a ambos que lo pusieran. la mesa para el rey y su s\u00e9quito. Pero el copero y el cocinero se rieron, y le preguntaron si tomaban por mendigos a las personas de la corte, para atreverse a ofrecerles sus espinas de pescado y su vino de rana. Corentin les dijo que no se preocuparan por nada, que Dios proveer\u00eda para todo.<\/p>\n<p><\/p>\n<p><\/p>\n<p class=\"has-text-align-justify\">Decidieron, pues, hacer lo que les hab\u00eda mandado, y, con gran sorpresa de ellos, se cumplieron los pron\u00f3sticos del santo; porque, por un lado, el agua que hab\u00eda sido sacada del c\u00e1ntaro de oro se convert\u00eda en un vino tan dulce como la miel y tan caliente como el fuego, mientras que, por el otro, el pececito se multiplicaba de tal manera que saciaba el doble de invitados que el rey ten\u00eda en su suite.<\/p>\n<p class=\"has-text-align-justify\">Grallon fue informado de este milagro por sus dos criados, quienes le mostraron, con mayor asombro, el pececito del que Corentin hab\u00eda cortado, nadando en la fuente, tan sano y entero como si el cuchillo del santo nunca lo hubiera tocado. . Al ver esto, el rey de Cornualles se llen\u00f3 de admiraci\u00f3n y le dijo al ermita\u00f1o:<\/p>\n<p><\/p>\n<p><\/p>\n<p class=\"has-text-align-justify\">- \u00a1Hombre de Dios! este no es tu lugar; porque tu amo y el m\u00edo han prohibido mantener la luz debajo de un celem\u00edn. Vas a dejar esta ermita para venir a Quimper, donde te nombro obispo; mi palacio ser\u00e1 tu hogar, y toda la ciudad ser\u00e1 tuya. En cuanto a tus disc\u00edpulos, les construir\u00e9 un monasterio en Landevenec, y t\u00fa mismo nombrar\u00e1s al abad.<\/p>\n<p><\/p>\n<p><\/p>\n<p>El rey cumpli\u00f3 su promesa, abandon\u00f3 su capital al nuevo obispo y se fue a vivir a la ciudad de Is.<\/p>\n<p><\/p>\n<p><\/p>\n<p class=\"has-text-align-justify\">Esto se encontraba en el mismo lugar donde hoy se ve la bah\u00eda de Douarnenez. Era tan grande y tan hermosa, que para alabar la capital de los galotas, los hombres de la antig\u00fcedad nada encontraron mejor que llamarla Par-is, es decir, el igual de Is. Fue construido m\u00e1s bajo que el mar y defendido por diques cuyas puertas se abr\u00edan en determinados momentos para dejar entrar y salir las olas.<\/p>\n<p class=\"has-text-align-justify\">La princesa Dahut, hija de Grallon, llevaba siempre colgadas al cuello las llaves de plata de estas puertas, lo que hac\u00eda que la gente la llamara princesa Alc&#039;huez, o m\u00e1s abreviadamente Ahez. Como era una gran maga, hab\u00eda embellecido la ciudad con obras que no se pueden pedir a manos de hombres. Todos los korrigans de Cornouaille y Vannes hab\u00edan venido, por orden suya, para construir los diques y forjar las puertas, que eran de hierro; hab\u00edan cubierto el palacio con un metal parecido al oro (pues los korrigans son h\u00e1biles falsificadores) y rodeado los jardines con balaustradas que brillaban como acero pulido<\/p>\n<p class=\"has-text-align-justify\">. Eran ellos quienes cuidaban los establos de Dahut, pavimentados con m\u00e1rmol negro, rojo o blanco, seg\u00fan el color de los caballos, y quienes manten\u00edan el puerto donde se alimentaba a los dragones marinos; car Dahut avait soumis par son art les monstres de la mer et en avait donn\u00e9 un \u00e0 chaque habitant de Keris, qui s&#039;en servait comme d&#039;un coursier pour aller chercher, au-del\u00e0 des flots les marchandises rares ou pour atteindre les vaisseaux enemigos. Tambi\u00e9n todos estos burgueses eran tan opulentos que med\u00edan el grano con copas de plata.<\/p>\n<p class=\"has-text-align-justify\">Pero la riqueza los hab\u00eda vuelto crueles y duros: los mendigos eran expulsados de la ciudad como bestias salvajes; solo quer\u00edan tener gente gay en todas partes, con buena salud y vestidos de tela o seda. Cristo mismo, si hubiera venido vestido de lino, habr\u00eda sido rechazado. La \u00fanica iglesia que hab\u00eda en el pueblo estaba tan abandonada que el bedel hab\u00eda perdido la llave; las ortigas crec\u00edan en el umbral y las golondrinas anidaban contra las junturas de la puerta principal. Los habitantes pasaban los d\u00edas y las noches en las posadas, los salones de baile, los espect\u00e1culos, s\u00f3lo ocupados en perder el alma.<\/p>\n<p><\/p>\n<p><\/p>\n<p class=\"has-text-align-justify\">Dahut dio el ejemplo. Era, d\u00eda y noche, una fiesta en su palacio. Se ve\u00eda llegar, de los pa\u00edses m\u00e1s lejanos, se\u00f1ores y hasta pr\u00edncipes atra\u00eddos por la fama de esta corte. Grallon los recibi\u00f3 con amistad, y Dahut a\u00fan mejor, porque, si eran j\u00f3venes de buena apariencia, les dio una m\u00e1scara m\u00e1gica con la que pod\u00edan, por la noche, reunirse con ella en secreto en una torre construida al borde de las esclusas. . .<\/p>\n<p><\/p>\n<p><\/p>\n<p class=\"has-text-align-justify\">All\u00ed estuvieron con ella hasta la hora en que empezaron a pasar los gaviotines ante las ventanas de la torre; entonces la princesa muy r\u00e1pidamente se despidi\u00f3 de ellos, y, para que pudieran irse sin ser vistos, como hab\u00edan llegado, les dio la m\u00e1scara encantada pero esta vez se apret\u00f3 y los estrangul\u00f3!...<\/p>\n<p class=\"has-text-align-justify\">Un negro tom\u00f3 entonces el cad\u00e1ver, lo coloc\u00f3 cruzado sobre su caballo, como un saco de molido, y fue a arrojarlo al fondo de un precipicio, entre Huelgoat y Poullaouen. Esta s\u00ed es la verdad, porque a\u00fan hoy, en las noches oscuras, se escuchan en el fondo de la quebrada, los lamentos de sus almas. \u00a1Que los cristianos piensen en ellos en sus oraciones!<\/p>\n<p><\/p>\n<p><\/p>\n<p class=\"has-text-align-justify\">Corentin, informado de todo lo que suced\u00eda en Keris, hab\u00eda advertido varias veces a Grallon que la paciencia de Dios estaba llegando a su fin; pero el rey hab\u00eda perdido su poder y viv\u00eda solo en una de las alas del palacio, abandonado de todos, como un abuelo que da su herencia a sus hijos; as\u00ed que Dahut no prest\u00f3 atenci\u00f3n a las amenazas del santo.<\/p>\n<p><\/p>\n<p><\/p>\n<p class=\"has-text-align-justify\">Ahora bien, una tarde en que hab\u00eda una fiesta en su casa, alguien vino a anunciarle un pr\u00edncipe poderoso, que hab\u00eda venido desde los confines de la tierra para verla. Era un hombre alto, todo vestido de rojo y con tanta barba que apenas se le ve\u00edan los dos ojos, que brillaban como estrellas. De Cornouaille no habr\u00eda podido inventar nada parecido; luego comenz\u00f3 a hablar con tal \u00e1nimo que todos quedaron asombrados.<\/p>\n<p><\/p>\n<p><\/p>\n<p class=\"has-text-align-justify\">Pero lo que sorprendi\u00f3 sobre todo a los amigos de Dahut fue ver cu\u00e1nto m\u00e1s h\u00e1bil era el extranjero que ellos en el mal. \u00a1\u00c9l sab\u00eda, no s\u00f3lo todo lo que la maldad humana ha inventado desde la creaci\u00f3n, en todas las tierras habitadas por seres parlantes, sino todo lo que inventar\u00e1 hasta el momento en que los muertos se levanten de sus tumbas para ser juzgados! Ah\u00e8z y la gente de su corte reconocieron que hab\u00edan encontrado a su maestro, y todos resolvieron dar lecciones del pr\u00edncipe barbudo.<\/p>\n<p><\/p>\n<p><\/p>\n<p class=\"has-text-align-justify\">Para empezar, les ofreci\u00f3 una nueva acci\u00f3n que no era otra que el pase bailado en el infierno por los siete pecados capitales. Para esto, trajo un campanero que hab\u00eda tra\u00eddo consigo. Era un enanito vestido con una piel de cabra, y que llevaba un biniou bajo el brazo, cuyo soplete le serv\u00eda de penbaz.<\/p>\n<p><\/p>\n<p><\/p>\n<p class=\"has-text-align-justify\">Tan pronto como empez\u00f3 a sonar, Dahut y su gente fueron presa de una especie de frenes\u00ed y comenzaron a girar como torbellinos del mar. El extra\u00f1o aprovech\u00f3 esto para tomar las llaves de plata de las cerraduras y escapar de la fiesta.<\/p>\n<p><\/p>\n<p><\/p>\n<p class=\"has-text-align-justify\">Mientras tanto, Grallon estaba solo en su palacio apartado; estaba de pie en una habitaci\u00f3n grande y oscura, y estaba sentado en la chimenea, cerca de un fuego extinguido. Sinti\u00f3 la tristeza hundirse en su coraz\u00f3n, cuando de pronto la puerta se abri\u00f3 por ambos lados, y San Corentin apareci\u00f3 en el umbral con un c\u00edrculo de fuego alrededor de su frente, el b\u00e1culo del obispo en la mano y caminando en una nube de perfume.<\/p>\n<p><\/p>\n<p><\/p>\n<p class=\"has-text-align-justify\">&quot;Lev\u00e1ntate, gran rey&quot;, le dijo a Grallon; tomad lo que os queda aqu\u00ed precioso y huid, porque Dios ha entregado esta ciudad maldita al diablo.<\/p>\n<p><\/p>\n<p><\/p>\n<p class=\"has-text-align-justify\">Grall\u00f3n, asustado, inmediatamente se levant\u00f3, llam\u00f3 a unos viejos sirvientes y, despu\u00e9s de tomar su tesoro, mont\u00f3 su caballo negro y fue tras el santo que se deslizaba por los aires como una pluma.<\/p>\n<p><\/p>\n<p><\/p>\n<p class=\"has-text-align-justify\">Al pasar el dique, escuch\u00f3 un gran rugir de las olas y vio al forastero barbudo, que hab\u00eda retomado su forma de demonio, ocupado en abrir todas las cerraduras con las llaves de plata tomadas de Dahut. El mar ya estaba descendiendo sobre la ciudad en cascada, y se pod\u00eda ver las olas levantando sus cabezas blancas por encima de los techos, como si estuvieran montando un asalto. Los dragones, encadenados en el puerto, rug\u00edan de terror; pues los animales tambi\u00e9n sienten que se acerca la muerte.<\/p>\n<p><\/p>\n<p><\/p>\n<p class=\"has-text-align-justify\">Grallon quiso lanzar un grito de advertencia; pero Corentin le dijo que huyera, y \u00e9l sali\u00f3 al galope hacia la orilla. Su caballo recorr\u00eda as\u00ed las calles, las plazas, las encrucijadas, perseguido por las olas y siempre con las patas traseras en la ola. Pasaba por delante del palacio de Dahut cuando \u00e9sta apareci\u00f3 en los escalones, con el pelo despeinado como una viuda, y corri\u00f3 tras su padre. El caballo se detuvo de repente, cedi\u00f3 y el agua subi\u00f3 hasta las rodillas del rey.<\/p>\n<p><\/p>\n<p><\/p>\n<p>&quot;\u00a1A m\u00ed, San Corentin!&quot; grit\u00f3 horrorizado.<\/p>\n<p><\/p>\n<p><\/p>\n<p class=\"has-text-align-justify\">\u2013 Sacude el pecado que llevas detr\u00e1s de ti, respondi\u00f3 el santo, y, con la ayuda de Dios, ser\u00e1s salvo.<\/p>\n<p><\/p>\n<p><\/p>\n<p class=\"has-text-align-justify\">Pero Grall\u00f3n, que a pesar de todo era padre, no sab\u00eda qu\u00e9 hacer. Entonces Corentin toc\u00f3 el hombro de la princesa con su b\u00e1culo de obispo, que se desliz\u00f3 en el mar y desapareci\u00f3 en el fondo del abismo, llamado desde entonces el abismo de Ahez.<\/p>\n<p><\/p>\n<p><\/p>\n<p class=\"has-text-align-justify\">El caballo, as\u00ed liberado de su carga, se lanz\u00f3 hacia delante y lleg\u00f3 al pe\u00f1\u00f3n de Garrec, donde todav\u00eda se puede ver la marca de uno de sus hierros. El rey primero se arrodill\u00f3 para dar gracias al cielo, luego se volvi\u00f3 hacia Keris, para juzgar el peligro del que hab\u00eda escapado milagrosamente; pero busc\u00f3 en vano a la antigua reina de los mares.<\/p>\n<p class=\"has-text-align-justify\">Donde los hab\u00eda, unos pocos. momentos antes, un puerto, palacios, tanta riqueza y miles de hombres, solo se ve\u00eda una bah\u00eda profunda donde se reflejaban las estrellas; mientras en el horizonte, de pie sobre los \u00faltimos escombros de los diques sumergidos, el hombre rojo mostraba las llaves de plata con gesto de triunfo.<\/p>\n<p><\/p>\n<p><\/p>\n<p class=\"has-text-align-justify\">Varios bosques de robles han tenido tiempo de nacer y morir desde el d\u00eda en que ocurri\u00f3 este ejemplo; pero los padres se lo han dicho a los hijos de \u00e9poca en \u00e9poca hasta nuestros d\u00edas. Antes de la gran revoluci\u00f3n, el clero de las parroquias ribere\u00f1as se embarcaba, todos los a\u00f1os, en barcas de pesca, y iba a decir misa sobre el pueblo ahogado.<\/p>\n<p class=\"has-text-align-justify\">Desde entonces, esta costumbre se ha perdido con muchas otras; pero cuando el mar est\u00e1 en calma, todav\u00eda se pueden ver los restos de la gran ciudad en el fondo de la bah\u00eda, y las dunas circundantes est\u00e1n llenas de ruinas que prueban su riqueza.<\/p>\n<p><\/p>\t\t\t\t\t\t\t\t<\/div>\n\t\t\t\t<\/div>\n\t\t\t\t\t<\/div>\n\t\t<\/div>\n\t\t\t\t\t<\/div>\n\t\t<\/section>\n\t\t\t\t<\/div>","protected":false},"excerpt":{"rendered":"<p>Mythologie Bretonne Wiki Voici l&rsquo;histoire de la princesse Dahut, le roi Grallon et la ville d&rsquo;Is La princesse Dahut, le &hellip; <\/p>","protected":false},"author":1,"featured_media":21,"parent":96,"menu_order":0,"comment_status":"closed","ping_status":"closed","template":"","meta":{"footnotes":""},"class_list":["post-263","page","type-page","status-publish","has-post-thumbnail","hentry"],"amp_enabled":true,"_links":{"self":[{"href":"https:\/\/mythslegendes.com\/es\/wp-json\/wp\/v2\/pages\/263","targetHints":{"allow":["GET"]}}],"collection":[{"href":"https:\/\/mythslegendes.com\/es\/wp-json\/wp\/v2\/pages"}],"about":[{"href":"https:\/\/mythslegendes.com\/es\/wp-json\/wp\/v2\/types\/page"}],"author":[{"embeddable":true,"href":"https:\/\/mythslegendes.com\/es\/wp-json\/wp\/v2\/users\/1"}],"replies":[{"embeddable":true,"href":"https:\/\/mythslegendes.com\/es\/wp-json\/wp\/v2\/comments?post=263"}],"version-history":[{"count":1,"href":"https:\/\/mythslegendes.com\/es\/wp-json\/wp\/v2\/pages\/263\/revisions"}],"predecessor-version":[{"id":24484,"href":"https:\/\/mythslegendes.com\/es\/wp-json\/wp\/v2\/pages\/263\/revisions\/24484"}],"up":[{"embeddable":true,"href":"https:\/\/mythslegendes.com\/es\/wp-json\/wp\/v2\/pages\/96"}],"wp:featuredmedia":[{"embeddable":true,"href":"https:\/\/mythslegendes.com\/es\/wp-json\/wp\/v2\/media\/21"}],"wp:attachment":[{"href":"https:\/\/mythslegendes.com\/es\/wp-json\/wp\/v2\/media?parent=263"}],"curies":[{"name":"wp","href":"https:\/\/api.w.org\/{rel}","templated":true}]}}