{"id":2636,"date":"2020-07-16T10:17:04","date_gmt":"2020-07-16T09:17:04","guid":{"rendered":"https:\/\/mythslegendes.com\/?page_id=2636"},"modified":"2020-11-27T10:53:44","modified_gmt":"2020-11-27T10:53:44","slug":"les-sonazzos","status":"publish","type":"page","link":"https:\/\/mythslegendes.com\/es\/mitologia-sarda\/los-sonazos\/","title":{"rendered":"Los sonazzos"},"content":{"rendered":"<div data-elementor-type=\"wp-page\" data-elementor-id=\"2636\" class=\"elementor elementor-2636\">\n\t\t\t\t\t\t<section class=\"elementor-section elementor-top-section elementor-element elementor-element-c9cbde1 elementor-section-boxed elementor-section-height-default elementor-section-height-default\" data-id=\"c9cbde1\" data-element_type=\"section\" data-e-type=\"section\">\n\t\t\t\t\t\t<div class=\"elementor-container elementor-column-gap-default\">\n\t\t\t\t\t<div class=\"elementor-column elementor-col-50 elementor-top-column elementor-element elementor-element-1d881e2\" data-id=\"1d881e2\" data-element_type=\"column\" data-e-type=\"column\">\n\t\t\t<div class=\"elementor-widget-wrap elementor-element-populated\">\n\t\t\t\t\t\t<div class=\"elementor-element elementor-element-6670357 elementor-align-justify elementor-widget elementor-widget-button\" data-id=\"6670357\" data-element_type=\"widget\" data-e-type=\"widget\" data-widget_type=\"button.default\">\n\t\t\t\t<div class=\"elementor-widget-container\">\n\t\t\t\t\t\t\t\t\t<div class=\"elementor-button-wrapper\">\n\t\t\t\t\t<a class=\"elementor-button elementor-button-link elementor-size-sm\" href=\"https:\/\/mythslegendes.com\/es\/mitologia-sarda\/\">\n\t\t\t\t\t\t<span class=\"elementor-button-content-wrapper\">\n\t\t\t\t\t\t\t\t\t<span class=\"elementor-button-text\">Mitolog\u00eda sarda<\/span>\n\t\t\t\t\t<\/span>\n\t\t\t\t\t<\/a>\n\t\t\t\t<\/div>\n\t\t\t\t\t\t\t\t<\/div>\n\t\t\t\t<\/div>\n\t\t\t\t\t<\/div>\n\t\t<\/div>\n\t\t\t\t<div class=\"elementor-column elementor-col-50 elementor-top-column elementor-element elementor-element-fcfd7ef\" data-id=\"fcfd7ef\" data-element_type=\"column\" data-e-type=\"column\">\n\t\t\t<div class=\"elementor-widget-wrap elementor-element-populated\">\n\t\t\t\t\t\t<div class=\"elementor-element elementor-element-5c03fe7 elementor-align-justify elementor-widget elementor-widget-button\" data-id=\"5c03fe7\" data-element_type=\"widget\" data-e-type=\"widget\" data-widget_type=\"button.default\">\n\t\t\t\t<div class=\"elementor-widget-container\">\n\t\t\t\t\t\t\t\t\t<div class=\"elementor-button-wrapper\">\n\t\t\t\t\t<a class=\"elementor-button elementor-button-link elementor-size-sm\" href=\"https:\/\/fr.wikipedia.org\/wiki\/Histoire_de_la_Sardaigne\" target=\"_blank\" rel=\"noopener\">\n\t\t\t\t\t\t<span class=\"elementor-button-content-wrapper\">\n\t\t\t\t\t\t\t\t\t<span class=\"elementor-button-text\">Wiki<\/span>\n\t\t\t\t\t<\/span>\n\t\t\t\t\t<\/a>\n\t\t\t\t<\/div>\n\t\t\t\t\t\t\t\t<\/div>\n\t\t\t\t<\/div>\n\t\t\t\t\t<\/div>\n\t\t<\/div>\n\t\t\t\t\t<\/div>\n\t\t<\/section>\n\t\t\t\t<section class=\"elementor-section elementor-top-section elementor-element elementor-element-2e328df6 elementor-section-boxed elementor-section-height-default elementor-section-height-default\" data-id=\"2e328df6\" data-element_type=\"section\" data-e-type=\"section\">\n\t\t\t\t\t\t<div class=\"elementor-container elementor-column-gap-default\">\n\t\t\t\t\t<div class=\"elementor-column elementor-col-100 elementor-top-column elementor-element elementor-element-627d02e6\" data-id=\"627d02e6\" data-element_type=\"column\" data-e-type=\"column\">\n\t\t\t<div class=\"elementor-widget-wrap elementor-element-populated\">\n\t\t\t\t\t\t<div class=\"elementor-element elementor-element-42aeaa88 elementor-widget elementor-widget-text-editor\" data-id=\"42aeaa88\" data-element_type=\"widget\" data-e-type=\"widget\" data-widget_type=\"text-editor.default\">\n\t\t\t\t<div class=\"elementor-widget-container\">\n\t\t\t\t\t\t\t\t\t<p><\/p>\n<p>los <em>sonazos<\/em> (en lengua sarda) son campanas utilizadas por los pastores de <a href=\"https:\/\/mythslegendes.com\/es\/mitologia-sarda\/\">Cerde\u00f1a<\/a> para identificar animales. Estos cascabeles, atados al cuello de los animales, est\u00e1n fabricados en Cerde\u00f1a por artesanos muy refinados y son aut\u00e9nticos instrumentos musicales a pesar de su uso pr\u00e1ctico. Cada cascabel tiene su propio cascabel y as\u00ed se puede identificar al animal que lo lleva.<\/p>\n<div id=\"ez-toc-container\" class=\"ez-toc-v2_0_82_2 counter-hierarchy ez-toc-counter ez-toc-grey ez-toc-container-direction\">\n<div class=\"ez-toc-title-container\">\n<p class=\"ez-toc-title\" style=\"cursor:inherit\">Contenido<\/p>\n<span class=\"ez-toc-title-toggle\"><a href=\"#\" class=\"ez-toc-pull-right ez-toc-btn ez-toc-btn-xs ez-toc-btn-default ez-toc-toggle\" aria-label=\"Alternar tabla de contenidos\"><span class=\"ez-toc-js-icon-con\"><span class=\"\"><span class=\"eztoc-hide\" style=\"display:none;\">Palanca<\/span><span class=\"ez-toc-icon-toggle-span\"><svg style=\"fill: #999;color:#999\" xmlns=\"http:\/\/www.w3.org\/2000\/svg\" class=\"list-377408\" width=\"20px\" height=\"20px\" viewbox=\"0 0 24 24\" fill=\"none\"><path d=\"M6 6H4v2h2V6zm14 0H8v2h12V6zM4 11h2v2H4v-2zm16 0H8v2h12v-2zM4 16h2v2H4v-2zm16 0H8v2h12v-2z\" fill=\"currentColor\"><\/path><\/svg><svg style=\"fill: #999;color:#999\" class=\"arrow-unsorted-368013\" xmlns=\"http:\/\/www.w3.org\/2000\/svg\" width=\"10px\" height=\"10px\" viewbox=\"0 0 24 24\" version=\"1.2\" baseprofile=\"tiny\"><path d=\"M18.2 9.3l-6.2-6.3-6.2 6.3c-.2.2-.3.4-.3.7s.1.5.3.7c.2.2.4.3.7.3h11c.3 0 .5-.1.7-.3.2-.2.3-.5.3-.7s-.1-.5-.3-.7zM5.8 14.7l6.2 6.3 6.2-6.3c.2-.2.3-.5.3-.7s-.1-.5-.3-.7c-.2-.2-.4-.3-.7-.3h-11c-.3 0-.5.1-.7.3-.2.2-.3.5-.3.7s.1.5.3.7z\"\/><\/svg><\/span><\/span><\/span><\/a><\/span><\/div>\n<nav><ul class='ez-toc-list ez-toc-list-level-1' ><li class='ez-toc-page-1 ez-toc-heading-level-2'><a class=\"ez-toc-link ez-toc-heading-1\" href=\"https:\/\/mythslegendes.com\/es\/mitologia-sarda\/los-sonazos\/#Les-sonazzos\" >Los sonazzos<\/a><\/li><\/ul><\/nav><\/div>\n<h2><span class=\"ez-toc-section\" id=\"Les-sonazzos\"><\/span>los <em>sonazos<\/em><span class=\"ez-toc-section-end\"><\/span><\/h2>\n<p><\/p>\n<p>El uso de <em>sonazos<\/em> caracteriza tambi\u00e9n momentos rituales en la vida de Cerde\u00f1a. Es el caso del carnaval que se celebra en el centro de la isla, en la zona monta\u00f1osa: la Barbagia. el carnaval se llama <em>carrascare<\/em> D\u00f3nde <em>Carr\u00e9-de-S\u00e9car\u00e9 <\/em>(en sardo), es decir <em>carne viva de la membrana<\/em> (en italiano), carne (carnicer\u00eda) viva para desgarrar (lacerar, desgarrar en pedazos) (ver tambi\u00e9n: Turchi 1990, <em>Maschere, Miti e Feste della Sardegna\/Disfraces, <a href=\"https:\/\/mythslegendes.com\/es\/\">Mitos<\/a> y festivales sardos<\/em>).<\/p>\n<p><\/p>\n<p>El ritual arcaico detr\u00e1s del carnaval sardo se asemeja a los rituales dedicados a <a href=\"https:\/\/mythslegendes.com\/es\/mitologia-y-culto-de-dionisio\/\">Dionisio<\/a>. En el desfile de disfraces tradicionales encontramos la m\u00e1scara de <em>Mamuthone. <\/em>Estas m\u00e1scaras caminan lentamente por las calles del pueblo de Mamoiada llevando a la espalda numerosos cencerros de vaca u oveja, los <em>sonazos<\/em>, de distintos tama\u00f1os, y tambi\u00e9n huesos de animales, que sacuden mientras realizan un salto sincr\u00f3nico. Tradicionalmente hay trece <em>mamutones<\/em>. Este ritual genera muchos sonidos de percusi\u00f3n seguidos de breves resonancias.<\/p>\n<p><\/p>\n<p>No conocemos la g\u00e9nesis ni el significado primordial del ritual ancestral. Es una \u201cdanza\u201d muy lenta, oscura y f\u00fanebre. Podemos suponer que simboliza las relaciones entre el hombre, los animales, la tierra y la naturaleza en el contexto del mundo agr\u00edcola y pastoril. Sin embargo, este ritual alude a un culto dionis\u00edaco (<em>Maim\u00f3n<\/em> para <a href=\"https:\/\/mythslegendes.com\/es\/mitologia-sarda\/\">sardos<\/a> es Dioniso).<\/p>\n<p>La pantomima de <em>mamutones<\/em> es el ritual que simboliza el sacrificio de Dioniso, su asesinato, para devolver la vida a la naturaleza en primavera. Esto explica el nombre del carnaval de Carrasecare porque seg\u00fan el <a href=\"https:\/\/mythslegendes.com\/es\/\">mito<\/a>, el dios es desgarrado y devorado. Podemos suponer que en la antig\u00fcedad se practicaban en Cerde\u00f1a sacrificios humanos y en tiempos m\u00e1s recientes con toda seguridad el sacrificio de animales, cabras, ovejas, ovejas y vacas.<\/p>\n<p><\/p>\n<p>En el mito de Dioniso, el dios ni\u00f1o se siente atra\u00eddo por los titanes que utilizan juegos, cencerros y campanas (los <em>sonazos<\/em>) para acercarse a \u00e9l antes de desgarrar su cuerpo, devorarlo y arrojar los pedazos al agua. <em>sonazos<\/em> Tiene as\u00ed el papel simb\u00f3lico de composici\u00f3n inicial de una serie de piezas inspiradas en el mito y las culturas ancestrales del Mediterr\u00e1neo y especialmente de Cerde\u00f1a.<\/p>\n<p>Las campanas que atraen a Dioniso son tambi\u00e9n \u201cse\u00f1ales\u201d que nos despiertan y nos preparan para un universo sonoro diferente. Sin embargo, nuestra inspiraci\u00f3n en el mito es de naturaleza sonora m\u00e1s que narrativa. Hemos imaginado mundos sonoros para potenciar y evocar estos rituales ancestrales a partir de nuestra percepci\u00f3n sonora del ritual. De ninguna manera queremos contar un episodio de forma narrativa.<\/p>\n<p><\/p>\n<p>La palabra <em>sonazos<\/em> tambi\u00e9n puede significar <em>suonacci<\/em>, <em>cattivi suoni<\/em> (en italiano), malos sonidos. Nuestro objetivo era hacer arte sonoro a partir de un sonido rudimentario. En el proyecto<em> sonazos <\/em>utilizamos un modelo formal tomado de la pantomima de <em>mamutones<\/em> que se puede describir de la siguiente manera: un grupo de sonidos golpeados violentamente (las m\u00e1scaras sacuden la espalda dando un salto sincr\u00f3nico) seguido de una resonancia del <em>sonazos<\/em>, seguido de silencio.<\/p>\n<p>Dentro <em>sonazos<\/em>, una unidad musical inicial recuerda este gesto de las m\u00e1scaras de <em>mamutones<\/em> y este fragmento sonoro se va transformando poco a poco mediante microvariantes. Este universo sonoro tambi\u00e9n puede recordar los movimientos de los animales en grupo en el silencio del campo, movimientos seguidos de los sonidos irregulares de <em>sonazos<\/em>.<\/p>\n<p><\/p>\n<p>En la pieza, la libre resonancia de las campanas se concibe como un espacio \u201cel\u00e1stico\u201d, \u201campliable\u201d, \u201cabierto\u201d y temporalmente \u201cvariable\u201d, donde nuevos materiales musicales encuentran su lugar. A nivel de macroforma, la obra se caracteriza por tres episodios: (1) el material primordial es primero presentado y elaborado, (2) interrumpido por un nuevo episodio central y luego (3) reexpuesto en la tercera parte donde se desarrolla a\u00fan m\u00e1s de forma din\u00e1mica.<\/p>\n<p><\/p>\n<p>En la pieza hay muchos instrumentos de percusi\u00f3n tocados por un solo int\u00e9rprete. Dentro <em>sonazos<\/em> se utilizan: un vibr\u00e1fono sin <em>smorzatori, <\/em>un platillo suspendido, tres gongs, un tom-tom, 2 congas, dos tom-toms de bajo, dos bloques de madera, dos timbales y cuatro bloques de metal (los <em>sonazos<\/em>) suspendido sobre la piel de los timbales.<\/p>\n<p><\/p>\n<figure class=\"wp-block-image\"><img fetchpriority=\"high\" decoding=\"async\" class=\"alignnone wp-image-199\" src=\"https:\/\/alessandromilia.files.wordpress.com\/2016\/10\/installation.jpg?w=583&amp;h=388\" alt=\"Los sonazzos\" width=\"583\" height=\"388\" title=\"\"><\/figure>\n<p><\/p>\n<hr class=\"wp-block-separator\" \/>\n<p><\/p>\t\t\t\t\t\t\t\t<\/div>\n\t\t\t\t<\/div>\n\t\t\t\t\t<\/div>\n\t\t<\/div>\n\t\t\t\t\t<\/div>\n\t\t<\/section>\n\t\t\t\t<\/div>","protected":false},"excerpt":{"rendered":"<p>Wiki Mitolog\u00eda sarda Sonazzos (en lengua sarda) son campanas utilizadas por los pastores de Cerde\u00f1a para identificar... <\/p>","protected":false},"author":1,"featured_media":0,"parent":2574,"menu_order":0,"comment_status":"closed","ping_status":"closed","template":"","meta":{"footnotes":""},"class_list":["post-2636","page","type-page","status-publish","hentry"],"amp_enabled":true,"_links":{"self":[{"href":"https:\/\/mythslegendes.com\/es\/wp-json\/wp\/v2\/pages\/2636","targetHints":{"allow":["GET"]}}],"collection":[{"href":"https:\/\/mythslegendes.com\/es\/wp-json\/wp\/v2\/pages"}],"about":[{"href":"https:\/\/mythslegendes.com\/es\/wp-json\/wp\/v2\/types\/page"}],"author":[{"embeddable":true,"href":"https:\/\/mythslegendes.com\/es\/wp-json\/wp\/v2\/users\/1"}],"replies":[{"embeddable":true,"href":"https:\/\/mythslegendes.com\/es\/wp-json\/wp\/v2\/comments?post=2636"}],"version-history":[{"count":0,"href":"https:\/\/mythslegendes.com\/es\/wp-json\/wp\/v2\/pages\/2636\/revisions"}],"up":[{"embeddable":true,"href":"https:\/\/mythslegendes.com\/es\/wp-json\/wp\/v2\/pages\/2574"}],"wp:attachment":[{"href":"https:\/\/mythslegendes.com\/es\/wp-json\/wp\/v2\/media?parent=2636"}],"curies":[{"name":"wp","href":"https:\/\/api.w.org\/{rel}","templated":true}]}}