{"id":2640,"date":"2020-07-16T11:17:51","date_gmt":"2020-07-16T10:17:51","guid":{"rendered":"https:\/\/mythslegendes.com\/?page_id=2640"},"modified":"2022-12-03T22:07:34","modified_gmt":"2022-12-03T22:07:34","slug":"la-biscia","status":"publish","type":"page","link":"https:\/\/mythslegendes.com\/es\/mitologia-sarda\/biscia\/","title":{"rendered":"La Biscia"},"content":{"rendered":"<div data-elementor-type=\"wp-page\" data-elementor-id=\"2640\" class=\"elementor elementor-2640\">\n\t\t\t\t\t\t<section class=\"elementor-section elementor-top-section elementor-element elementor-element-1636afb elementor-section-boxed elementor-section-height-default elementor-section-height-default\" data-id=\"1636afb\" data-element_type=\"section\" data-e-type=\"section\">\n\t\t\t\t\t\t<div class=\"elementor-container elementor-column-gap-default\">\n\t\t\t\t\t<div class=\"elementor-column elementor-col-50 elementor-top-column elementor-element elementor-element-020227e\" data-id=\"020227e\" data-element_type=\"column\" data-e-type=\"column\">\n\t\t\t<div class=\"elementor-widget-wrap elementor-element-populated\">\n\t\t\t\t\t\t<div class=\"elementor-element elementor-element-90d7f73 elementor-align-justify elementor-widget elementor-widget-button\" data-id=\"90d7f73\" data-element_type=\"widget\" data-e-type=\"widget\" data-widget_type=\"button.default\">\n\t\t\t\t<div class=\"elementor-widget-container\">\n\t\t\t\t\t\t\t\t\t<div class=\"elementor-button-wrapper\">\n\t\t\t\t\t<a class=\"elementor-button elementor-button-link elementor-size-sm\" href=\"https:\/\/mythslegendes.com\/es\/mitologia-sarda\/\">\n\t\t\t\t\t\t<span class=\"elementor-button-content-wrapper\">\n\t\t\t\t\t\t\t\t\t<span class=\"elementor-button-text\">Mitolog\u00eda sarda<\/span>\n\t\t\t\t\t<\/span>\n\t\t\t\t\t<\/a>\n\t\t\t\t<\/div>\n\t\t\t\t\t\t\t\t<\/div>\n\t\t\t\t<\/div>\n\t\t\t\t\t<\/div>\n\t\t<\/div>\n\t\t\t\t<div class=\"elementor-column elementor-col-50 elementor-top-column elementor-element elementor-element-fc0772d\" data-id=\"fc0772d\" data-element_type=\"column\" data-e-type=\"column\">\n\t\t\t<div class=\"elementor-widget-wrap elementor-element-populated\">\n\t\t\t\t\t\t<div class=\"elementor-element elementor-element-7b8479f elementor-align-justify elementor-widget elementor-widget-button\" data-id=\"7b8479f\" data-element_type=\"widget\" data-e-type=\"widget\" data-widget_type=\"button.default\">\n\t\t\t\t<div class=\"elementor-widget-container\">\n\t\t\t\t\t\t\t\t\t<div class=\"elementor-button-wrapper\">\n\t\t\t\t\t<a class=\"elementor-button elementor-button-link elementor-size-sm\" href=\"https:\/\/fr.wikipedia.org\/wiki\/Histoire_de_la_Sardaigne\" target=\"_blank\" rel=\"noopener\">\n\t\t\t\t\t\t<span class=\"elementor-button-content-wrapper\">\n\t\t\t\t\t\t\t\t\t<span class=\"elementor-button-text\">Wiki<\/span>\n\t\t\t\t\t<\/span>\n\t\t\t\t\t<\/a>\n\t\t\t\t<\/div>\n\t\t\t\t\t\t\t\t<\/div>\n\t\t\t\t<\/div>\n\t\t\t\t\t<\/div>\n\t\t<\/div>\n\t\t\t\t\t<\/div>\n\t\t<\/section>\n\t\t\t\t<section class=\"elementor-section elementor-top-section elementor-element elementor-element-450fbff7 elementor-section-boxed elementor-section-height-default elementor-section-height-default\" data-id=\"450fbff7\" data-element_type=\"section\" data-e-type=\"section\">\n\t\t\t\t\t\t<div class=\"elementor-container elementor-column-gap-default\">\n\t\t\t\t\t<div class=\"elementor-column elementor-col-100 elementor-top-column elementor-element elementor-element-608f8e96\" data-id=\"608f8e96\" data-element_type=\"column\" data-e-type=\"column\">\n\t\t\t<div class=\"elementor-widget-wrap elementor-element-populated\">\n\t\t\t\t\t\t<div class=\"elementor-element elementor-element-278ac7a1 elementor-widget elementor-widget-text-editor\" data-id=\"278ac7a1\" data-element_type=\"widget\" data-e-type=\"widget\" data-widget_type=\"text-editor.default\">\n\t\t\t\t<div class=\"elementor-widget-container\">\n\t\t\t\t\t\t\t\t\t<p><\/p>\n<p>Una vez que no es costumbre, es en el norte de la isla, m\u00e1s precisamente en la zona este del municipio de Palasca, donde nos centraremos hoy en el patrimonio oral. Es en este territorio que el <a href=\"https:\/\/mythslegendes.com\/es\/\">leyenda<\/a> de Biscia, monstruo sembrando terror y desolaci\u00f3n entre los habitantes del bajo valle de Ostriconi desde vuestro tiempo inmemorial. Prueba de que el <a href=\"https:\/\/mythslegendes.com\/es\/\">mito<\/a> es antiguo y est\u00e1 anclado en la mente de la gente, el dintel grabado de la iglesia pievana de Santa Maria Assunta, en estilo rom\u00e1nico, fij\u00f3 en piedra la imagen que las poblaciones locales de la Edad Media ten\u00edan de la Bestia.<\/p>\n<div id=\"ez-toc-container\" class=\"ez-toc-v2_0_82_2 counter-hierarchy ez-toc-counter ez-toc-grey ez-toc-container-direction\">\n<div class=\"ez-toc-title-container\">\n<p class=\"ez-toc-title\" style=\"cursor:inherit\">Contenido<\/p>\n<span class=\"ez-toc-title-toggle\"><a href=\"#\" class=\"ez-toc-pull-right ez-toc-btn ez-toc-btn-xs ez-toc-btn-default ez-toc-toggle\" aria-label=\"Alternar tabla de contenidos\"><span class=\"ez-toc-js-icon-con\"><span class=\"\"><span class=\"eztoc-hide\" style=\"display:none;\">Palanca<\/span><span class=\"ez-toc-icon-toggle-span\"><svg style=\"fill: #999;color:#999\" xmlns=\"http:\/\/www.w3.org\/2000\/svg\" class=\"list-377408\" width=\"20px\" height=\"20px\" viewbox=\"0 0 24 24\" fill=\"none\"><path d=\"M6 6H4v2h2V6zm14 0H8v2h12V6zM4 11h2v2H4v-2zm16 0H8v2h12v-2zM4 16h2v2H4v-2zm16 0H8v2h12v-2z\" fill=\"currentColor\"><\/path><\/svg><svg style=\"fill: #999;color:#999\" class=\"arrow-unsorted-368013\" xmlns=\"http:\/\/www.w3.org\/2000\/svg\" width=\"10px\" height=\"10px\" viewbox=\"0 0 24 24\" version=\"1.2\" baseprofile=\"tiny\"><path d=\"M18.2 9.3l-6.2-6.3-6.2 6.3c-.2.2-.3.4-.3.7s.1.5.3.7c.2.2.4.3.7.3h11c.3 0 .5-.1.7-.3.2-.2.3-.5.3-.7s-.1-.5-.3-.7zM5.8 14.7l6.2 6.3 6.2-6.3c.2-.2.3-.5.3-.7s-.1-.5-.3-.7c-.2-.2-.4-.3-.7-.3h-11c-.3 0-.5.1-.7.3-.2.2-.3.5-.3.7s.1.5.3.7z\"\/><\/svg><\/span><\/span><\/span><\/a><\/span><\/div>\n<nav><ul class='ez-toc-list ez-toc-list-level-1' ><li class='ez-toc-page-1 ez-toc-heading-level-2'><a class=\"ez-toc-link ez-toc-heading-1\" href=\"https:\/\/mythslegendes.com\/es\/mitologia-sarda\/biscia\/#La-Biscia\" >La Biscia<\/a><\/li><\/ul><\/nav><\/div>\n<h2><span class=\"ez-toc-section\" id=\"La-Biscia\"><\/span>La Biscia<span class=\"ez-toc-section-end\"><\/span><\/h2>\n<p><\/p>\n<figure class=\"wp-block-image\"><img fetchpriority=\"high\" decoding=\"async\" class=\"alignnone wp-image-2542\" src=\"https:\/\/www.cuciurpula.fr\/wp-content\/uploads\/2013\/02\/Linteau-450x292.jpg\" alt=\"Biscia Santa Mar\u00eda Assunta\" width=\"450\" height=\"292\" title=\"\">\n<p>\u00a0<\/p>\n<figcaption>El dintel ornamentado de Santa Maria Assunta<\/figcaption>\n<\/figure>\n<p><\/p>\n<p>La historia de la serpiente monstruosa que emerge de las marismas para arrasar el campo y llevar la muerte a reba\u00f1os y pastores es bastante cl\u00e1sica en el Mediterr\u00e1neo. Entre los ejemplos m\u00e1s conocidos, podemos mencionar la historia del Wyvern, pero tambi\u00e9n y especialmente uno de los Doce Trabajos de Heracles. El h\u00e9roe, habiendo llegado a Lerna, ciudad que acecha en el fondo del golfo de Nauplia (Arg\u00f3lida, <a href=\"https:\/\/mythslegendes.com\/es\/mythes-et-legendes-grecques-1664\/\">Grecia<\/a>), se vio obligado aqu\u00ed a matar a la Hidra, una serpiente aterradora con m\u00faltiples cabezas cuyo aliento era mortal para cualquiera que lo respirara. Cuando el basilisco muri\u00f3, la calma volvi\u00f3 y la regi\u00f3n pudo prosperar nuevamente.<\/p>\n<p><\/p>\n<p>Estos diferentes cuentos son claramente interpretables. Las llanuras aluviales de C\u00f3rcega (Ostriconi, Liamone, T\u00e0ravu, etc.) est\u00e1n dispuestas en contacto directo con valles profundos y drenan limos en suspensi\u00f3n en proporciones variables seg\u00fan la estaci\u00f3n. Durante el verano, el caudal de estos r\u00edos se reduce considerablemente, lo que ya no les permite llevar el producto de la erosi\u00f3n que llevan al mar. Llegados al llano, los cursos de agua se ralentizan por la modificaci\u00f3n de los buzamientos.<\/p>\n<p>Este estr\u00e9s geomorfol\u00f3gico es reequilibrado por el principio de anastomosis, que provoca la creaci\u00f3n de numerosos meandros y otros bucles, cuya forma y posici\u00f3n son muy sensibles a los cambios clim\u00e1ticos a corto plazo. Los lechos abandonados participan en la formaci\u00f3n de pantanos y lagunas. As\u00ed, los r\u00edos alargan su recorrido drenando partes de la llanura que en el pasado estaban obstruidas. Tomando un poco de altura, el resultado de la anastomosis aparece como una red serpenteante cuyas m\u00faltiples ramificaciones desembocan en el mar y los estanques.<\/p>\n<p><\/p>\n<figure class=\"wp-block-image\"><img decoding=\"async\" class=\"wp-image-2544\" src=\"https:\/\/www.cuciurpula.fr\/wp-content\/uploads\/2013\/02\/Liamone-450x238.jpg\" alt=\"liamone\" title=\"\">\n<p>\u00a0<\/p>\n<figcaption>Vista a\u00e9rea del valle inferior de Liamone. En amarillo, precio actual; en rojo, cursos antiguos revelados por fotointerpretaci\u00f3n<\/figcaption>\n<\/figure>\n<p><\/p>\n<p>Simb\u00f3licamente, la disminuci\u00f3n del caudal de los r\u00edos insulares, que se amplifica considerablemente a partir del mes de junio, genera por tanto el desarrollo de un curso serpenteante cuyas m\u00faltiples cabeceras son pozas de agua estancada. El aliento f\u00e9tido y nocivo que sale de la boca del animal puede interpretarse, por tanto, como el olor nauseabundo que emana de los estanques, pero sobre todo de la proliferaci\u00f3n de mosquitos portadores del par\u00e1sito plasmodium, vector de la malaria. Se recordar\u00e1 que este flagelo a\u00fan estaba vigente en la isla en la d\u00e9cada de 1940, antes de que las marismas fueran tratadas qu\u00edmicamente.<\/p>\n<p>En este sentido, los soldados americanos que practicaron este tratamiento continuaron pues la labor de Heracles que, para erradicar el problema de la hidra, le clav\u00f3 brasas en el cuello para que no le creciera la cabeza (met\u00e1fora del drenaje de las marismas de Arg\u00f3lida durante la Edad del Bronce?).<\/p>\n<p>M\u00e1s all\u00e1 de la forma ondulante de los cursos de agua en la estaci\u00f3n seca, la evocaci\u00f3n de la serpiente y su figuraci\u00f3n en el dintel de Santa Mar\u00eda muestran, desde Eva, la recuperaci\u00f3n por parte de la Iglesia de un s\u00edmbolo m\u00e1s antiguo del mal reptante, en una regi\u00f3n cuya misma nombre (<em>ostriconi<\/em> evoca la producci\u00f3n de ostras de marisma) recuerda la presencia de estanques de mayor tama\u00f1o que los hoy visibles (Estanques de Cannuta y Foce, entre los que se encuentra Santa Mar\u00eda). Los matadores de dragones santos, adem\u00e1s a menudo presentes cerca de las bocas, tambi\u00e9n est\u00e1n all\u00ed para perpetuar la imagen de Heracles.<\/p>\n<p>Otro testimonio de la cristianizaci\u00f3n del mito se deduce del hecho de que el Biscia s\u00f3lo dej\u00f3 su estanque en <strong>Domingo<\/strong>, al son de <strong>campanas<\/strong>, para devorar un <strong>fiel<\/strong>, es decir, tres elementos estructurantes de una sem\u00e1ntica enteramente cristiana que emergen de una versi\u00f3n probablemente reciente de la leyenda.<\/p>\n<p><\/p>\n<p>La historia termina con el descenso al valle del valeroso Conde de San Colombano, figura tutelar del valeroso caballero del imaginario posmedieval de la regi\u00f3n, como Orlandu en Casta o Rinucciu en Alta Rocca. Decidido a matar al monstruo, \u00e9l mismo hizo sonar las campanas para sacarlo del pantano de Cannuta.<\/p>\n<p>Cuando lleg\u00f3 La Biscia, le cort\u00f3 la cabeza de un solo golpe de espada. Salpicado con la sangre de la bestia, este nuevo Heracles muri\u00f3 poco despu\u00e9s que ella por un exceso de orgullo, siendo de alguna manera castigado por Dios por su arrogancia. Aqu\u00ed podemos adivinar claramente la propaganda subliminal inculcada por el clero para limitar la influencia de los se\u00f1ores, entonces acusados de injerencia, en la organizaci\u00f3n parroquial.<\/p>\n<p><\/p>\t\t\t\t\t\t\t\t<\/div>\n\t\t\t\t<\/div>\n\t\t\t\t\t<\/div>\n\t\t<\/div>\n\t\t\t\t\t<\/div>\n\t\t<\/section>\n\t\t\t\t<\/div>","protected":false},"excerpt":{"rendered":"<p>Mitolog\u00eda sarda Wiki Una vez que no es costumbre, est\u00e1 en el norte de la isla, m\u00e1s precisamente en la parte este... <\/p>","protected":false},"author":1,"featured_media":0,"parent":2574,"menu_order":0,"comment_status":"closed","ping_status":"closed","template":"","meta":{"footnotes":""},"class_list":["post-2640","page","type-page","status-publish","hentry"],"amp_enabled":true,"_links":{"self":[{"href":"https:\/\/mythslegendes.com\/es\/wp-json\/wp\/v2\/pages\/2640","targetHints":{"allow":["GET"]}}],"collection":[{"href":"https:\/\/mythslegendes.com\/es\/wp-json\/wp\/v2\/pages"}],"about":[{"href":"https:\/\/mythslegendes.com\/es\/wp-json\/wp\/v2\/types\/page"}],"author":[{"embeddable":true,"href":"https:\/\/mythslegendes.com\/es\/wp-json\/wp\/v2\/users\/1"}],"replies":[{"embeddable":true,"href":"https:\/\/mythslegendes.com\/es\/wp-json\/wp\/v2\/comments?post=2640"}],"version-history":[{"count":2,"href":"https:\/\/mythslegendes.com\/es\/wp-json\/wp\/v2\/pages\/2640\/revisions"}],"predecessor-version":[{"id":25044,"href":"https:\/\/mythslegendes.com\/es\/wp-json\/wp\/v2\/pages\/2640\/revisions\/25044"}],"up":[{"embeddable":true,"href":"https:\/\/mythslegendes.com\/es\/wp-json\/wp\/v2\/pages\/2574"}],"wp:attachment":[{"href":"https:\/\/mythslegendes.com\/es\/wp-json\/wp\/v2\/media?parent=2640"}],"curies":[{"name":"wp","href":"https:\/\/api.w.org\/{rel}","templated":true}]}}