{"id":271,"date":"2019-10-17T15:29:55","date_gmt":"2019-10-17T14:29:55","guid":{"rendered":"https:\/\/mythslegendes.com\/?page_id=271"},"modified":"2022-12-03T22:06:51","modified_gmt":"2022-12-03T22:06:51","slug":"marie-morgane-et-la-ville-dis","status":"publish","type":"page","link":"https:\/\/mythslegendes.com\/es\/mitologia-bretona\/marie-morgan-y-la-ciudad-dis\/","title":{"rendered":"Marie-Morgane y la ciudad de Is"},"content":{"rendered":"<div data-elementor-type=\"wp-page\" data-elementor-id=\"271\" class=\"elementor elementor-271\">\n\t\t\t\t\t\t<section class=\"elementor-section elementor-top-section elementor-element elementor-element-5c002bf elementor-section-boxed elementor-section-height-default elementor-section-height-default\" data-id=\"5c002bf\" data-element_type=\"section\" data-e-type=\"section\">\n\t\t\t\t\t\t<div class=\"elementor-container elementor-column-gap-default\">\n\t\t\t\t\t<div class=\"elementor-column elementor-col-50 elementor-top-column elementor-element elementor-element-2779794\" data-id=\"2779794\" data-element_type=\"column\" data-e-type=\"column\">\n\t\t\t<div class=\"elementor-widget-wrap elementor-element-populated\">\n\t\t\t\t\t\t<div class=\"elementor-element elementor-element-6c223f6 elementor-align-justify elementor-widget elementor-widget-button\" data-id=\"6c223f6\" data-element_type=\"widget\" data-e-type=\"widget\" data-widget_type=\"button.default\">\n\t\t\t\t<div class=\"elementor-widget-container\">\n\t\t\t\t\t\t\t\t\t<div class=\"elementor-button-wrapper\">\n\t\t\t\t\t<a class=\"elementor-button elementor-button-link elementor-size-sm\" href=\"https:\/\/mythslegendes.com\/es\/mitologia-bretona\/\">\n\t\t\t\t\t\t<span class=\"elementor-button-content-wrapper\">\n\t\t\t\t\t\t\t\t\t<span class=\"elementor-button-text\">Mitolog\u00eda bretona<\/span>\n\t\t\t\t\t<\/span>\n\t\t\t\t\t<\/a>\n\t\t\t\t<\/div>\n\t\t\t\t\t\t\t\t<\/div>\n\t\t\t\t<\/div>\n\t\t\t\t\t<\/div>\n\t\t<\/div>\n\t\t\t\t<div class=\"elementor-column elementor-col-50 elementor-top-column elementor-element elementor-element-7f73c37\" data-id=\"7f73c37\" data-element_type=\"column\" data-e-type=\"column\">\n\t\t\t<div class=\"elementor-widget-wrap elementor-element-populated\">\n\t\t\t\t\t\t<div class=\"elementor-element elementor-element-652d472 elementor-align-justify elementor-widget elementor-widget-button\" data-id=\"652d472\" data-element_type=\"widget\" data-e-type=\"widget\" data-widget_type=\"button.default\">\n\t\t\t\t<div class=\"elementor-widget-container\">\n\t\t\t\t\t\t\t\t\t<div class=\"elementor-button-wrapper\">\n\t\t\t\t\t<a class=\"elementor-button elementor-button-link elementor-size-sm\" href=\"https:\/\/fr.wikipedia.org\/wiki\/Mythologie_bretonne\" target=\"_blank\" rel=\"noopener\">\n\t\t\t\t\t\t<span class=\"elementor-button-content-wrapper\">\n\t\t\t\t\t\t\t\t\t<span class=\"elementor-button-text\">Wiki<\/span>\n\t\t\t\t\t<\/span>\n\t\t\t\t\t<\/a>\n\t\t\t\t<\/div>\n\t\t\t\t\t\t\t\t<\/div>\n\t\t\t\t<\/div>\n\t\t\t\t\t<\/div>\n\t\t<\/div>\n\t\t\t\t\t<\/div>\n\t\t<\/section>\n\t\t\t\t<section class=\"elementor-section elementor-top-section elementor-element elementor-element-6397a662 elementor-section-boxed elementor-section-height-default elementor-section-height-default\" data-id=\"6397a662\" data-element_type=\"section\" data-e-type=\"section\">\n\t\t\t\t\t\t<div class=\"elementor-container elementor-column-gap-default\">\n\t\t\t\t\t<div class=\"elementor-column elementor-col-100 elementor-top-column elementor-element elementor-element-60bc3016\" data-id=\"60bc3016\" data-element_type=\"column\" data-e-type=\"column\">\n\t\t\t<div class=\"elementor-widget-wrap elementor-element-populated\">\n\t\t\t\t\t\t<div class=\"elementor-element elementor-element-77c1968d elementor-widget elementor-widget-text-editor\" data-id=\"77c1968d\" data-element_type=\"widget\" data-e-type=\"widget\" data-widget_type=\"text-editor.default\">\n\t\t\t\t<div class=\"elementor-widget-container\">\n\t\t\t\t\t\t\t\t\t<p><\/p>\n<p class=\"has-text-align-justify\">Cuando el mar estuvo en calma, el santo var\u00f3n Gu\u00e9nol\u00e9, servido por el viejo Gradlon, quiso decir una misa por la salvaci\u00f3n de la ciudad hundida. Mientras levantaba el c\u00e1liz, de las aguas resplandecientes sali\u00f3 el torso blanco de una ni\u00f1a con cabello cobrizo, un brazo levantado en el cielo. Una pesada cola de escamas azules completaba su cuerpo. Era Ah\u00e8s-Dahut, ahora Marie-Morgane.<\/p>\n<p><img decoding=\"async\" class=\"alignnone wp-image-5284 size-full\" src=\"https:\/\/mythslegendes.com\/wp-content\/uploads\/2020\/09\/AlphaOmega-e1602613368367.png\" alt=\"Ah\u00e8s-Dahut la Marie-Morgane\" width=\"25\" height=\"26\" title=\"\"><\/p>\n<div id=\"ez-toc-container\" class=\"ez-toc-v2_0_82_2 counter-hierarchy ez-toc-counter ez-toc-grey ez-toc-container-direction\">\n<div class=\"ez-toc-title-container\">\n<p class=\"ez-toc-title\" style=\"cursor:inherit\">Contenido<\/p>\n<span class=\"ez-toc-title-toggle\"><a href=\"#\" class=\"ez-toc-pull-right ez-toc-btn ez-toc-btn-xs ez-toc-btn-default ez-toc-toggle\" aria-label=\"Alternar tabla de contenidos\"><span class=\"ez-toc-js-icon-con\"><span class=\"\"><span class=\"eztoc-hide\" style=\"display:none;\">Palanca<\/span><span class=\"ez-toc-icon-toggle-span\"><svg style=\"fill: #999;color:#999\" xmlns=\"http:\/\/www.w3.org\/2000\/svg\" class=\"list-377408\" width=\"20px\" height=\"20px\" viewbox=\"0 0 24 24\" fill=\"none\"><path d=\"M6 6H4v2h2V6zm14 0H8v2h12V6zM4 11h2v2H4v-2zm16 0H8v2h12v-2zM4 16h2v2H4v-2zm16 0H8v2h12v-2z\" fill=\"currentColor\"><\/path><\/svg><svg style=\"fill: #999;color:#999\" class=\"arrow-unsorted-368013\" xmlns=\"http:\/\/www.w3.org\/2000\/svg\" width=\"10px\" height=\"10px\" viewbox=\"0 0 24 24\" version=\"1.2\" baseprofile=\"tiny\"><path d=\"M18.2 9.3l-6.2-6.3-6.2 6.3c-.2.2-.3.4-.3.7s.1.5.3.7c.2.2.4.3.7.3h11c.3 0 .5-.1.7-.3.2-.2.3-.5.3-.7s-.1-.5-.3-.7zM5.8 14.7l6.2 6.3 6.2-6.3c.2-.2.3-.5.3-.7s-.1-.5-.3-.7c-.2-.2-.4-.3-.7-.3h-11c-.3 0-.5.1-.7.3-.2.2-.3.5-.3.7s.1.5.3.7z\"\/><\/svg><\/span><\/span><\/span><\/a><\/span><\/div>\n<nav><ul class='ez-toc-list ez-toc-list-level-1' ><li class='ez-toc-page-1 ez-toc-heading-level-2'><a class=\"ez-toc-link ez-toc-heading-1\" href=\"https:\/\/mythslegendes.com\/es\/mitologia-bretona\/marie-morgan-y-la-ciudad-dis\/#Ahes-Dahut-la-Marie-Morgane\" >Ah\u00e8s-Dahut la Marie-Morgane<\/a><\/li><\/ul><\/nav><\/div>\n<h2><span class=\"ez-toc-section\" id=\"Ahes-Dahut-la-Marie-Morgane\"><\/span>Ah\u00e8s-Dahut la Marie-Morgane<span class=\"ez-toc-section-end\"><\/span><\/h2>\n<p class=\"has-text-align-justify\">La mano de Gu\u00e9nol\u00e9 tembl\u00f3 tanto que el precioso c\u00e1liz se le resbal\u00f3 y se hizo a\u00f1icos contra las rocas. La misa no fue consumada, Is permanece maldita y Morgana sirena. Cada vez que aparece Ah\u00e8s, una terrible tormenta est\u00e1 a punto de estallar.<\/p>\n<p><\/p>\n<p class=\"has-text-align-justify\">Un d\u00eda, el patr\u00f3n Porzmoger, hab\u00eda fondeado su barco en la bah\u00eda. Cuando quiso levar el ancla, no logr\u00f3 desengancharla. Se desnud\u00f3 y se desliz\u00f3 por la cuerda.<\/p>\n<p class=\"has-text-align-justify\">El ancla estaba anclada en las ramas de una cruz dorada en la parte superior de una iglesia. Sonaron las campanas y se hundi\u00f3 a lo largo de la torre. A trav\u00e9s de una ventana sin vidrieras, entr\u00f3 en una nave iluminada donde se agolpaba una multitud ferviente, y apoyado contra el altar, un sacerdote esperaba a Porzmoger.<\/p>\n<p class=\"has-text-align-justify\">El sacrist\u00e1n mendigo le entreg\u00f3 al marinero una gran fuente en la que se apilaban monedas de oro con curiosas marcas: &quot;Para los queridos difuntos&quot;. Porzmoger no ten\u00eda ni un centavo, sacudi\u00f3 los hombros, entonces el sacerdote abri\u00f3 los brazos y comenz\u00f3 a cantar: \u201cDominum vobiscum\u201d. Entonces una gran queja se elev\u00f3 desde la nave, donde los espectadores se convirtieron en cad\u00e1veres l\u00edvidos y esqueletos blanqueados.<\/p>\n<p><\/p>\n<p class=\"has-text-align-justify\">La princesa se acerc\u00f3 al pescador: &quot;\u00a1No pudiste responder y correrte esp\u00edritu tuo, Porzmoger!&quot; Nos habr\u00edas salvado a todos. \u00bb<\/p>\n<p><\/p>\n<p class=\"has-text-align-justify\">Al instante, reconoci\u00f3 a Marie-Morgane y supo que estaba en Is. Solo tuvo tiempo de volver a trepar por la cuerda de las campanas y la l\u00ednea del ancla. Apenas hubo cortado la cuerda e izado la vela, la tormenta fant\u00e1stica de la sirena ya ahuecaba las olas a su alrededor.<\/p>\n<p class=\"has-text-align-justify\">Y la ciudad de Is sigue esperando que termine finalmente la misa de redenci\u00f3n.<\/p>\n<p><\/p>\t\t\t\t\t\t\t\t<\/div>\n\t\t\t\t<\/div>\n\t\t\t\t\t<\/div>\n\t\t<\/div>\n\t\t\t\t\t<\/div>\n\t\t<\/section>\n\t\t\t\t<\/div>","protected":false},"excerpt":{"rendered":"<p>Mythologie Bretonne Wiki Lorsque la mer fut apais\u00e9e, le saint homme Gu\u00e9nol\u00e9, servi par le vieux Gradlon, voulut dire une &hellip; <\/p>","protected":false},"author":1,"featured_media":0,"parent":96,"menu_order":0,"comment_status":"closed","ping_status":"closed","template":"","meta":{"footnotes":""},"class_list":["post-271","page","type-page","status-publish","hentry"],"amp_enabled":true,"_links":{"self":[{"href":"https:\/\/mythslegendes.com\/es\/wp-json\/wp\/v2\/pages\/271","targetHints":{"allow":["GET"]}}],"collection":[{"href":"https:\/\/mythslegendes.com\/es\/wp-json\/wp\/v2\/pages"}],"about":[{"href":"https:\/\/mythslegendes.com\/es\/wp-json\/wp\/v2\/types\/page"}],"author":[{"embeddable":true,"href":"https:\/\/mythslegendes.com\/es\/wp-json\/wp\/v2\/users\/1"}],"replies":[{"embeddable":true,"href":"https:\/\/mythslegendes.com\/es\/wp-json\/wp\/v2\/comments?post=271"}],"version-history":[{"count":1,"href":"https:\/\/mythslegendes.com\/es\/wp-json\/wp\/v2\/pages\/271\/revisions"}],"predecessor-version":[{"id":24486,"href":"https:\/\/mythslegendes.com\/es\/wp-json\/wp\/v2\/pages\/271\/revisions\/24486"}],"up":[{"embeddable":true,"href":"https:\/\/mythslegendes.com\/es\/wp-json\/wp\/v2\/pages\/96"}],"wp:attachment":[{"href":"https:\/\/mythslegendes.com\/es\/wp-json\/wp\/v2\/media?parent=271"}],"curies":[{"name":"wp","href":"https:\/\/api.w.org\/{rel}","templated":true}]}}