{"id":2743,"date":"2020-07-20T10:31:17","date_gmt":"2020-07-20T09:31:17","guid":{"rendered":"https:\/\/mythslegendes.com\/?page_id=2743"},"modified":"2022-12-03T22:07:12","modified_gmt":"2022-12-03T22:07:12","slug":"les-heros-armeniens","status":"publish","type":"page","link":"https:\/\/mythslegendes.com\/es\/mitologia-armenia\/heroes-armenios\/","title":{"rendered":"H\u00e9roes armenios"},"content":{"rendered":"<div data-elementor-type=\"wp-page\" data-elementor-id=\"2743\" class=\"elementor elementor-2743\">\n\t\t\t\t\t\t<section class=\"elementor-section elementor-top-section elementor-element elementor-element-e8f2f41 elementor-section-boxed elementor-section-height-default elementor-section-height-default\" data-id=\"e8f2f41\" data-element_type=\"section\" data-e-type=\"section\">\n\t\t\t\t\t\t<div class=\"elementor-container elementor-column-gap-default\">\n\t\t\t\t\t<div class=\"elementor-column elementor-col-50 elementor-top-column elementor-element elementor-element-0b87262\" data-id=\"0b87262\" data-element_type=\"column\" data-e-type=\"column\">\n\t\t\t<div class=\"elementor-widget-wrap elementor-element-populated\">\n\t\t\t\t\t\t<div class=\"elementor-element elementor-element-dc67e9c elementor-align-justify elementor-widget elementor-widget-button\" data-id=\"dc67e9c\" data-element_type=\"widget\" data-e-type=\"widget\" data-widget_type=\"button.default\">\n\t\t\t\t<div class=\"elementor-widget-container\">\n\t\t\t\t\t\t\t\t\t<div class=\"elementor-button-wrapper\">\n\t\t\t\t\t<a class=\"elementor-button elementor-button-link elementor-size-sm\" href=\"https:\/\/mythslegendes.com\/es\/mitologia-armenia\/\">\n\t\t\t\t\t\t<span class=\"elementor-button-content-wrapper\">\n\t\t\t\t\t\t\t\t\t<span class=\"elementor-button-text\">Mitolog\u00eda armenia<\/span>\n\t\t\t\t\t<\/span>\n\t\t\t\t\t<\/a>\n\t\t\t\t<\/div>\n\t\t\t\t\t\t\t\t<\/div>\n\t\t\t\t<\/div>\n\t\t\t\t\t<\/div>\n\t\t<\/div>\n\t\t\t\t<div class=\"elementor-column elementor-col-50 elementor-top-column elementor-element elementor-element-02f88ff\" data-id=\"02f88ff\" data-element_type=\"column\" data-e-type=\"column\">\n\t\t\t<div class=\"elementor-widget-wrap elementor-element-populated\">\n\t\t\t\t\t\t<div class=\"elementor-element elementor-element-f0f3ae0 elementor-align-justify elementor-widget elementor-widget-button\" data-id=\"f0f3ae0\" data-element_type=\"widget\" data-e-type=\"widget\" data-widget_type=\"button.default\">\n\t\t\t\t<div class=\"elementor-widget-container\">\n\t\t\t\t\t\t\t\t\t<div class=\"elementor-button-wrapper\">\n\t\t\t\t\t<a class=\"elementor-button elementor-button-link elementor-size-sm\" href=\"https:\/\/fr.wikipedia.org\/wiki\/Paganisme_arm%C3%A9nien\" target=\"_blank\" rel=\"noopener\">\n\t\t\t\t\t\t<span class=\"elementor-button-content-wrapper\">\n\t\t\t\t\t\t\t\t\t<span class=\"elementor-button-text\">Wiki<\/span>\n\t\t\t\t\t<\/span>\n\t\t\t\t\t<\/a>\n\t\t\t\t<\/div>\n\t\t\t\t\t\t\t\t<\/div>\n\t\t\t\t<\/div>\n\t\t\t\t\t<\/div>\n\t\t<\/div>\n\t\t\t\t\t<\/div>\n\t\t<\/section>\n\t\t\t\t<section class=\"elementor-section elementor-top-section elementor-element elementor-element-fbd6c5d elementor-section-boxed elementor-section-height-default elementor-section-height-default\" data-id=\"fbd6c5d\" data-element_type=\"section\" data-e-type=\"section\">\n\t\t\t\t\t\t<div class=\"elementor-container elementor-column-gap-default\">\n\t\t\t\t\t<div class=\"elementor-column elementor-col-100 elementor-top-column elementor-element elementor-element-d3cc108\" data-id=\"d3cc108\" data-element_type=\"column\" data-e-type=\"column\">\n\t\t\t<div class=\"elementor-widget-wrap elementor-element-populated\">\n\t\t\t\t\t\t<div class=\"elementor-element elementor-element-41fc20f elementor-widget elementor-widget-text-editor\" data-id=\"41fc20f\" data-element_type=\"widget\" data-e-type=\"widget\" data-widget_type=\"text-editor.default\">\n\t\t\t\t<div class=\"elementor-widget-container\">\n\t\t\t\t\t\t\t\t\t<p>los <a href=\"https:\/\/mythslegendes.com\/es\/\">mitolog\u00eda<\/a> <a href=\"https:\/\/mythslegendes.com\/es\/mitologia-armenia\/\">armenio<\/a> se refiere a muchos h\u00e9roes armenios: Ara, Aram, Hayk, Ervaz, Karapet, Nimrod, Sanasar y Baghdasar, Sarkis, Shamiram.<\/p>\n<p><img decoding=\"async\" class=\"alignnone wp-image-5284 size-full\" src=\"https:\/\/mythslegendes.com\/wp-content\/uploads\/2020\/09\/AlphaOmega-e1602613368367.png\" alt=\"H\u00e9roes armenios\" width=\"25\" height=\"26\" title=\"\"><\/p>\t\t\t\t\t\t\t\t<\/div>\n\t\t\t\t<\/div>\n\t\t\t\t\t<\/div>\n\t\t<\/div>\n\t\t\t\t\t<\/div>\n\t\t<\/section>\n\t\t\t\t<section class=\"elementor-section elementor-top-section elementor-element elementor-element-b32f2f8 elementor-section-boxed elementor-section-height-default elementor-section-height-default\" data-id=\"b32f2f8\" data-element_type=\"section\" data-e-type=\"section\">\n\t\t\t\t\t\t<div class=\"elementor-container elementor-column-gap-default\">\n\t\t\t\t\t<div class=\"elementor-column elementor-col-100 elementor-top-column elementor-element elementor-element-ec0e232\" data-id=\"ec0e232\" data-element_type=\"column\" data-e-type=\"column\">\n\t\t\t<div class=\"elementor-widget-wrap elementor-element-populated\">\n\t\t\t\t\t\t<div class=\"elementor-element elementor-element-f6e04c1 elementor-widget elementor-widget-heading\" data-id=\"f6e04c1\" data-element_type=\"widget\" data-e-type=\"widget\" data-widget_type=\"heading.default\">\n\t\t\t\t<div class=\"elementor-widget-container\">\n\t\t\t\t\t<div id=\"ez-toc-container\" class=\"ez-toc-v2_0_82_2 counter-hierarchy ez-toc-counter ez-toc-grey ez-toc-container-direction\">\n<div class=\"ez-toc-title-container\">\n<p class=\"ez-toc-title\" style=\"cursor:inherit\">Contenido<\/p>\n<span class=\"ez-toc-title-toggle\"><a href=\"#\" class=\"ez-toc-pull-right ez-toc-btn ez-toc-btn-xs ez-toc-btn-default ez-toc-toggle\" aria-label=\"Alternar tabla de contenidos\"><span class=\"ez-toc-js-icon-con\"><span class=\"\"><span class=\"eztoc-hide\" style=\"display:none;\">Palanca<\/span><span class=\"ez-toc-icon-toggle-span\"><svg style=\"fill: #999;color:#999\" xmlns=\"http:\/\/www.w3.org\/2000\/svg\" class=\"list-377408\" width=\"20px\" height=\"20px\" viewbox=\"0 0 24 24\" fill=\"none\"><path d=\"M6 6H4v2h2V6zm14 0H8v2h12V6zM4 11h2v2H4v-2zm16 0H8v2h12v-2zM4 16h2v2H4v-2zm16 0H8v2h12v-2z\" fill=\"currentColor\"><\/path><\/svg><svg style=\"fill: #999;color:#999\" class=\"arrow-unsorted-368013\" xmlns=\"http:\/\/www.w3.org\/2000\/svg\" width=\"10px\" height=\"10px\" viewbox=\"0 0 24 24\" version=\"1.2\" baseprofile=\"tiny\"><path d=\"M18.2 9.3l-6.2-6.3-6.2 6.3c-.2.2-.3.4-.3.7s.1.5.3.7c.2.2.4.3.7.3h11c.3 0 .5-.1.7-.3.2-.2.3-.5.3-.7s-.1-.5-.3-.7zM5.8 14.7l6.2 6.3 6.2-6.3c.2-.2.3-.5.3-.7s-.1-.5-.3-.7c-.2-.2-.4-.3-.7-.3h-11c-.3 0-.5.1-.7.3-.2.2-.3.5-.3.7s.1.5.3.7z\"\/><\/svg><\/span><\/span><\/span><\/a><\/span><\/div>\n<nav><ul class='ez-toc-list ez-toc-list-level-1' ><li class='ez-toc-page-1 ez-toc-heading-level-2'><a class=\"ez-toc-link ez-toc-heading-1\" href=\"https:\/\/mythslegendes.com\/es\/mitologia-armenia\/heroes-armenios\/#Heros-Armeniens\" >H\u00e9roes armenios<\/a><\/li><\/ul><\/nav><\/div>\n<h2 class=\"elementor-heading-title elementor-size-default\"><span class=\"ez-toc-section\" id=\"Heros-Armeniens\"><\/span>H\u00e9roes armenios<span class=\"ez-toc-section-end\"><\/span><\/h2>\t\t\t\t<\/div>\n\t\t\t\t<\/div>\n\t\t\t\t\t<\/div>\n\t\t<\/div>\n\t\t\t\t\t<\/div>\n\t\t<\/section>\n\t\t\t\t<section class=\"elementor-section elementor-top-section elementor-element elementor-element-52360696 elementor-section-boxed elementor-section-height-default elementor-section-height-default\" data-id=\"52360696\" data-element_type=\"section\" data-e-type=\"section\">\n\t\t\t\t\t\t<div class=\"elementor-container elementor-column-gap-default\">\n\t\t\t\t\t<div class=\"elementor-column elementor-col-100 elementor-top-column elementor-element elementor-element-25b56730\" data-id=\"25b56730\" data-element_type=\"column\" data-e-type=\"column\">\n\t\t\t<div class=\"elementor-widget-wrap elementor-element-populated\">\n\t\t\t\t\t\t<div class=\"elementor-element elementor-element-3d148fc2 elementor-widget elementor-widget-text-editor\" data-id=\"3d148fc2\" data-element_type=\"widget\" data-e-type=\"widget\" data-widget_type=\"text-editor.default\">\n\t\t\t\t<div class=\"elementor-widget-container\">\n\t\t\t\t\t\t\t\t\t\n<ul class=\"wp-block-list\"><li><strong>Guacamayo<\/strong>\u00a0<em>el lindo<\/em>\u00a0\u2013 Un apuesto guerrero en una guerra contra los Semiramis, en algunas versiones resucitado a trav\u00e9s de oraciones.<\/li><li><strong>Aram<\/strong>\u00a0\u2013 Asesino del gigante Barsamin, posiblemente originalmente un dios de la guerra conocido como Aremenius.<\/li><li><strong>Hayk<\/strong>\u00a0D\u00f3nde<strong>\u00a0Haik<\/strong>\u00a0\u2013 antepasado legendario de los armenios, que lider\u00f3 una rebeli\u00f3n exitosa contra un rey de <a href=\"https:\/\/mythslegendes.com\/es\/mitologia-babilonica-acadia-asiria\/\">Babilonia<\/a> llamado Bel. Cuando Bel y sus ej\u00e9rcitos persiguieron a Hayk y su gente, Hayk dispar\u00f3 una flecha a trav\u00e9s del campo de batalla, matando a Bel y asustando a sus fuerzas.<\/li><li><strong>Ervaz<\/strong>\u00a0y\u00a0<strong>Ervant<\/strong>\u00a0\u2013 gemelos nacidos de una mujer de la dinast\u00eda Ars\u00e1cida (dinast\u00eda armenia), que se distinguen por caracter\u00edsticas de gigantismo.<\/li><li><strong>Karapet<\/strong>\u00a0\u2013 un personaje mitol\u00f3gico <a href=\"https:\/\/mythslegendes.com\/es\/mitologia-armenia\/\">armenio<\/a> Precristiano identificado con Juan Bautista despu\u00e9s de la adopci\u00f3n del cristianismo por los armenios. Karapet suele representarse como un dios del trueno de pelo largo con una corona p\u00farpura y una cruz.<\/li><li><strong>nimrod<\/strong>\u00a0\u2013 Bisnieto de No\u00e9 y rey de Sinar, Nimrod es descrito en la Biblia como un hombre con poderes agr\u00edcolas y un poderoso cazador.<\/li><li><strong>Sanasar y Baghdasar<\/strong>\u00a0\u2013 Dos hermanos que fundaron la ciudad de Sassoon. Sanasar fue considerado el progenitor de varias generaciones de h\u00e9roes Sassoon.<\/li><li><strong>sarkis<\/strong>\u00a0\u2013 Un h\u00e9roe, asociado con muchos. <a href=\"https:\/\/mythslegendes.com\/es\/\">mitos<\/a> precristianos, m\u00e1s tarde identificados con santos cristianos que llevaban el mismo nombre. Se le representa como un hombre alto y delgado, un apuesto caballero montado sobre un caballo blanco. Sarkis es capaz de provocar vientos, tormentas y ventiscas y volverlos contra sus enemigos.<\/li><li><strong>shamiram<\/strong>\u00a0\u2013 La legendaria reina asiria que libr\u00f3 la guerra para obtener Ara.<\/li><\/ul>\n\t\t\t\t\t\t\t\t<\/div>\n\t\t\t\t<\/div>\n\t\t\t\t\t<\/div>\n\t\t<\/div>\n\t\t\t\t\t<\/div>\n\t\t<\/section>\n\t\t\t\t<\/div>","protected":false},"excerpt":{"rendered":"<p>Mythologie Arm\u00e9nienne Wiki La mythologie arm\u00e9nienne fait r\u00e9f\u00e9rence \u00e0 de nombreux h\u00e9ros arm\u00e9niens : Ara, Aram, Hayk, Ervaz, Karapet, Nimrod, &hellip; <\/p>","protected":false},"author":1,"featured_media":0,"parent":2644,"menu_order":0,"comment_status":"closed","ping_status":"closed","template":"","meta":{"footnotes":""},"class_list":["post-2743","page","type-page","status-publish","hentry"],"amp_enabled":true,"_links":{"self":[{"href":"https:\/\/mythslegendes.com\/es\/wp-json\/wp\/v2\/pages\/2743","targetHints":{"allow":["GET"]}}],"collection":[{"href":"https:\/\/mythslegendes.com\/es\/wp-json\/wp\/v2\/pages"}],"about":[{"href":"https:\/\/mythslegendes.com\/es\/wp-json\/wp\/v2\/types\/page"}],"author":[{"embeddable":true,"href":"https:\/\/mythslegendes.com\/es\/wp-json\/wp\/v2\/users\/1"}],"replies":[{"embeddable":true,"href":"https:\/\/mythslegendes.com\/es\/wp-json\/wp\/v2\/comments?post=2743"}],"version-history":[{"count":1,"href":"https:\/\/mythslegendes.com\/es\/wp-json\/wp\/v2\/pages\/2743\/revisions"}],"predecessor-version":[{"id":24851,"href":"https:\/\/mythslegendes.com\/es\/wp-json\/wp\/v2\/pages\/2743\/revisions\/24851"}],"up":[{"embeddable":true,"href":"https:\/\/mythslegendes.com\/es\/wp-json\/wp\/v2\/pages\/2644"}],"wp:attachment":[{"href":"https:\/\/mythslegendes.com\/es\/wp-json\/wp\/v2\/media?parent=2743"}],"curies":[{"name":"wp","href":"https:\/\/api.w.org\/{rel}","templated":true}]}}