{"id":2795,"date":"2020-07-20T13:27:35","date_gmt":"2020-07-20T12:27:35","guid":{"rendered":"https:\/\/mythslegendes.com\/?page_id=2795"},"modified":"2022-12-03T22:07:13","modified_gmt":"2022-12-03T22:07:13","slug":"mythe-de-la-creation-de-khevsur-pshav","status":"publish","type":"page","link":"https:\/\/mythslegendes.com\/es\/mitologia-georgiana\/khevsur-pshav-creacion-mito\/","title":{"rendered":"Mito de la creaci\u00f3n de Khevsur \/ Pshav"},"content":{"rendered":"<div data-elementor-type=\"wp-page\" data-elementor-id=\"2795\" class=\"elementor elementor-2795\">\n\t\t\t\t\t\t<section class=\"elementor-section elementor-top-section elementor-element elementor-element-88cf78c elementor-section-boxed elementor-section-height-default elementor-section-height-default\" data-id=\"88cf78c\" data-element_type=\"section\" data-e-type=\"section\">\n\t\t\t\t\t\t<div class=\"elementor-container elementor-column-gap-default\">\n\t\t\t\t\t<div class=\"elementor-column elementor-col-50 elementor-top-column elementor-element elementor-element-4f06cb1\" data-id=\"4f06cb1\" data-element_type=\"column\" data-e-type=\"column\">\n\t\t\t<div class=\"elementor-widget-wrap elementor-element-populated\">\n\t\t\t\t\t\t<div class=\"elementor-element elementor-element-cb747a0 elementor-align-justify elementor-widget elementor-widget-button\" data-id=\"cb747a0\" data-element_type=\"widget\" data-e-type=\"widget\" data-widget_type=\"button.default\">\n\t\t\t\t<div class=\"elementor-widget-container\">\n\t\t\t\t\t\t\t\t\t<div class=\"elementor-button-wrapper\">\n\t\t\t\t\t<a class=\"elementor-button elementor-button-link elementor-size-sm\" href=\"https:\/\/mythslegendes.com\/es\/mitologia-georgiana\/\">\n\t\t\t\t\t\t<span class=\"elementor-button-content-wrapper\">\n\t\t\t\t\t\t\t\t\t<span class=\"elementor-button-text\">Mitolog\u00eda georgiana<\/span>\n\t\t\t\t\t<\/span>\n\t\t\t\t\t<\/a>\n\t\t\t\t<\/div>\n\t\t\t\t\t\t\t\t<\/div>\n\t\t\t\t<\/div>\n\t\t\t\t\t<\/div>\n\t\t<\/div>\n\t\t\t\t<div class=\"elementor-column elementor-col-50 elementor-top-column elementor-element elementor-element-3fc03c1\" data-id=\"3fc03c1\" data-element_type=\"column\" data-e-type=\"column\">\n\t\t\t<div class=\"elementor-widget-wrap elementor-element-populated\">\n\t\t\t\t\t\t<div class=\"elementor-element elementor-element-0a78e79 elementor-align-justify elementor-widget elementor-widget-button\" data-id=\"0a78e79\" data-element_type=\"widget\" data-e-type=\"widget\" data-widget_type=\"button.default\">\n\t\t\t\t<div class=\"elementor-widget-container\">\n\t\t\t\t\t\t\t\t\t<div class=\"elementor-button-wrapper\">\n\t\t\t\t\t<a class=\"elementor-button elementor-button-link elementor-size-sm\" href=\"https:\/\/fr.wikipedia.org\/wiki\/Royaume_d%27Ib%C3%A9rie\" target=\"_blank\" rel=\"noopener\">\n\t\t\t\t\t\t<span class=\"elementor-button-content-wrapper\">\n\t\t\t\t\t\t\t\t\t<span class=\"elementor-button-text\">Wiki<\/span>\n\t\t\t\t\t<\/span>\n\t\t\t\t\t<\/a>\n\t\t\t\t<\/div>\n\t\t\t\t\t\t\t\t<\/div>\n\t\t\t\t<\/div>\n\t\t\t\t\t<\/div>\n\t\t<\/div>\n\t\t\t\t\t<\/div>\n\t\t<\/section>\n\t\t\t\t<section class=\"elementor-section elementor-top-section elementor-element elementor-element-03b7cfa elementor-section-boxed elementor-section-height-default elementor-section-height-default\" data-id=\"03b7cfa\" data-element_type=\"section\" data-e-type=\"section\">\n\t\t\t\t\t\t<div class=\"elementor-container elementor-column-gap-default\">\n\t\t\t\t\t<div class=\"elementor-column elementor-col-100 elementor-top-column elementor-element elementor-element-867c166\" data-id=\"867c166\" data-element_type=\"column\" data-e-type=\"column\">\n\t\t\t<div class=\"elementor-widget-wrap elementor-element-populated\">\n\t\t\t\t\t\t<div class=\"elementor-element elementor-element-a1857c8 elementor-widget elementor-widget-text-editor\" data-id=\"a1857c8\" data-element_type=\"widget\" data-e-type=\"widget\" data-widget_type=\"text-editor.default\">\n\t\t\t\t<div class=\"elementor-widget-container\">\n\t\t\t\t\t\t\t\t\t<p>he aqu\u00ed el <a href=\"https:\/\/mythslegendes.com\/es\/\">mito<\/a> de la creaci\u00f3n de Khevsur Pshav.<\/p>\n<p><img decoding=\"async\" class=\"alignnone wp-image-5284 size-full\" src=\"https:\/\/mythslegendes.com\/wp-content\/uploads\/2020\/09\/AlphaOmega-e1602613368367.png\" alt=\"mito de la creaci\u00f3n de Khevsur Pshav\" width=\"25\" height=\"26\" title=\"\"><\/p>\t\t\t\t\t\t\t\t<\/div>\n\t\t\t\t<\/div>\n\t\t\t\t\t<\/div>\n\t\t<\/div>\n\t\t\t\t\t<\/div>\n\t\t<\/section>\n\t\t\t\t<section class=\"elementor-section elementor-top-section elementor-element elementor-element-e6406fa elementor-section-boxed elementor-section-height-default elementor-section-height-default\" data-id=\"e6406fa\" data-element_type=\"section\" data-e-type=\"section\">\n\t\t\t\t\t\t<div class=\"elementor-container elementor-column-gap-default\">\n\t\t\t\t\t<div class=\"elementor-column elementor-col-100 elementor-top-column elementor-element elementor-element-7978ce3\" data-id=\"7978ce3\" data-element_type=\"column\" data-e-type=\"column\">\n\t\t\t<div class=\"elementor-widget-wrap elementor-element-populated\">\n\t\t\t\t\t\t<div class=\"elementor-element elementor-element-e26b821 elementor-widget elementor-widget-heading\" data-id=\"e26b821\" data-element_type=\"widget\" data-e-type=\"widget\" data-widget_type=\"heading.default\">\n\t\t\t\t<div class=\"elementor-widget-container\">\n\t\t\t\t\t<div id=\"ez-toc-container\" class=\"ez-toc-v2_0_82_2 counter-hierarchy ez-toc-counter ez-toc-grey ez-toc-container-direction\">\n<div class=\"ez-toc-title-container\">\n<p class=\"ez-toc-title\" style=\"cursor:inherit\">Contenido<\/p>\n<span class=\"ez-toc-title-toggle\"><a href=\"#\" class=\"ez-toc-pull-right ez-toc-btn ez-toc-btn-xs ez-toc-btn-default ez-toc-toggle\" aria-label=\"Alternar tabla de contenidos\"><span class=\"ez-toc-js-icon-con\"><span class=\"\"><span class=\"eztoc-hide\" style=\"display:none;\">Palanca<\/span><span class=\"ez-toc-icon-toggle-span\"><svg style=\"fill: #999;color:#999\" xmlns=\"http:\/\/www.w3.org\/2000\/svg\" class=\"list-377408\" width=\"20px\" height=\"20px\" viewbox=\"0 0 24 24\" fill=\"none\"><path d=\"M6 6H4v2h2V6zm14 0H8v2h12V6zM4 11h2v2H4v-2zm16 0H8v2h12v-2zM4 16h2v2H4v-2zm16 0H8v2h12v-2z\" fill=\"currentColor\"><\/path><\/svg><svg style=\"fill: #999;color:#999\" class=\"arrow-unsorted-368013\" xmlns=\"http:\/\/www.w3.org\/2000\/svg\" width=\"10px\" height=\"10px\" viewbox=\"0 0 24 24\" version=\"1.2\" baseprofile=\"tiny\"><path d=\"M18.2 9.3l-6.2-6.3-6.2 6.3c-.2.2-.3.4-.3.7s.1.5.3.7c.2.2.4.3.7.3h11c.3 0 .5-.1.7-.3.2-.2.3-.5.3-.7s-.1-.5-.3-.7zM5.8 14.7l6.2 6.3 6.2-6.3c.2-.2.3-.5.3-.7s-.1-.5-.3-.7c-.2-.2-.4-.3-.7-.3h-11c-.3 0-.5.1-.7.3-.2.2-.3.5-.3.7s.1.5.3.7z\"\/><\/svg><\/span><\/span><\/span><\/a><\/span><\/div>\n<nav><ul class='ez-toc-list ez-toc-list-level-1' ><li class='ez-toc-page-1 ez-toc-heading-level-2'><a class=\"ez-toc-link ez-toc-heading-1\" href=\"https:\/\/mythslegendes.com\/es\/mitologia-georgiana\/khevsur-pshav-creacion-mito\/#Mythe-de-la-creation-de-Khevsur-Pshav\" >Mito de la creaci\u00f3n de Khevsur Pshav<\/a><\/li><\/ul><\/nav><\/div>\n<h2 class=\"elementor-heading-title elementor-size-default\"><span class=\"ez-toc-section\" id=\"Mythe-de-la-creation-de-Khevsur-Pshav\"><\/span>Mito de la creaci\u00f3n de Khevsur Pshav<span class=\"ez-toc-section-end\"><\/span><\/h2>\t\t\t\t<\/div>\n\t\t\t\t<\/div>\n\t\t\t\t\t<\/div>\n\t\t<\/div>\n\t\t\t\t\t<\/div>\n\t\t<\/section>\n\t\t\t\t<section class=\"elementor-section elementor-top-section elementor-element elementor-element-501bcb98 elementor-section-boxed elementor-section-height-default elementor-section-height-default\" data-id=\"501bcb98\" data-element_type=\"section\" data-e-type=\"section\">\n\t\t\t\t\t\t<div class=\"elementor-container elementor-column-gap-default\">\n\t\t\t\t\t<div class=\"elementor-column elementor-col-100 elementor-top-column elementor-element elementor-element-58fb219d\" data-id=\"58fb219d\" data-element_type=\"column\" data-e-type=\"column\">\n\t\t\t<div class=\"elementor-widget-wrap elementor-element-populated\">\n\t\t\t\t\t\t<div class=\"elementor-element elementor-element-5eb3a1af elementor-widget elementor-widget-text-editor\" data-id=\"5eb3a1af\" data-element_type=\"widget\" data-e-type=\"widget\" data-widget_type=\"text-editor.default\">\n\t\t\t\t<div class=\"elementor-widget-container\">\n\t\t\t\t\t\t\t\t\t\n<p>Al principio, solo estaban Morige Ghmerti y su hermana. Ella lo hizo sentir miserable, as\u00ed que \u00e9l la maldijo. La hermana se ha convertido en un demonio. Por cada cosa buena que cre\u00f3 Morige Ghmerti, el demonio cre\u00f3 una cosa mala para estropearla \/ oponerse a ella.<\/p>\n\n<p>La mujer tambi\u00e9n fue una creaci\u00f3n del demonio, al igual que los peque\u00f1os demonios (georgiano: \u10d3\u10d4\u10d5\u10d8, translit .:\u00a0<em>Devi<\/em>), mientras que el hombre y los peque\u00f1os dioses eran creaciones de Morige Ghmerti. Los dioses inferiores se cansaron de su implacable lucha con los demonios y huyeron al mundo superior de Zeskneli, dejando atr\u00e1s a los hombres. Los hombres, sin embargo, no ten\u00edan el poder de resistir a los demonios, por lo que los peque\u00f1os dioses (georgiano: \u10e6\u10d5\u10d7\u10d8\u10e1 \u10e8\u10d5\u10d8\u10da\u10dc\u10d8, translit .:\u00a0<em>Ghvtis shvilni<\/em>) caz\u00f3 a los demonios y los llev\u00f3 bajo tierra al inframundo de Kveskneli. Los demonios dejaron atr\u00e1s a las mujeres que, como ellos, eran parte de la malvada creaci\u00f3n.<\/p>\n\n<p>Por lo tanto, los hombres y las mujeres son solo emanaciones o sustitutos de los dioses de arriba y los demonios de abajo, respectivamente. El mismo principio se aplica a todas las cosas creadas: las entidades y sustancias del universo se dividen en dos series antag\u00f3nicas, una salvaje y demon\u00edaca, la otra social y divina. Las \u00fanicas entidades o sustancias que son verdaderamente reales son las del mundo superior de Zeskneli y el mundo inferior de Kveskneli. El mundo intermedio habitado por los humanos es, por tanto, s\u00f3lo un lugar de paso, de mediaci\u00f3n y de encuentro y los seres que lo habitan no tienen esencia en s\u00ed mismos, siendo s\u00f3lo emanaciones de los mundos divinos. O subterr\u00e1neos, o sus uniones.<\/p>\n\n<p>Este mito de la creaci\u00f3n <a href=\"https:\/\/mythslegendes.com\/es\/mitologia-georgiana\/\">georgiano<\/a> recuerda un poco a la de los zoroastrianos, en el sentido de que implica el matrimonio de la buena creaci\u00f3n de un creador <a href=\"https:\/\/mythslegendes.com\/es\/mitologia-delta-benigna\/\">benigno<\/a> por un esp\u00edritu maligno (comparar los intentos de Angra Mainyu de estropear la creaci\u00f3n de\u00a0<a href=\"https:\/\/mythslegendes.com\/es\/mitologia-zoroastro\/\">Ahura Mazda<\/a>) . Difiere radicalmente, sin embargo, en su atribuci\u00f3n de g\u00e9nero a los principios del bien y del mal y a\u00fan m\u00e1s claramente en su visi\u00f3n de una armon\u00eda celestial primordial de principios creativos gemelos como una pareja de hermanos y hermanas con la interrupci\u00f3n de esta uni\u00f3n incestuosa que se pone en marcha. creaci\u00f3n, con todas sus desgracias.<\/p>\n\t\t\t\t\t\t\t\t<\/div>\n\t\t\t\t<\/div>\n\t\t\t\t\t<\/div>\n\t\t<\/div>\n\t\t\t\t\t<\/div>\n\t\t<\/section>\n\t\t\t\t<\/div>","protected":false},"excerpt":{"rendered":"<p>Mythologie G\u00e9orgienne Wiki Voici le mythe de la cr\u00e9ation de Khevsur Pshav. Mythe de la cr\u00e9ation de Khevsur Pshav Au &hellip; <\/p>","protected":false},"author":1,"featured_media":0,"parent":2775,"menu_order":0,"comment_status":"closed","ping_status":"closed","template":"","meta":{"footnotes":""},"class_list":["post-2795","page","type-page","status-publish","hentry"],"amp_enabled":true,"_links":{"self":[{"href":"https:\/\/mythslegendes.com\/es\/wp-json\/wp\/v2\/pages\/2795","targetHints":{"allow":["GET"]}}],"collection":[{"href":"https:\/\/mythslegendes.com\/es\/wp-json\/wp\/v2\/pages"}],"about":[{"href":"https:\/\/mythslegendes.com\/es\/wp-json\/wp\/v2\/types\/page"}],"author":[{"embeddable":true,"href":"https:\/\/mythslegendes.com\/es\/wp-json\/wp\/v2\/users\/1"}],"replies":[{"embeddable":true,"href":"https:\/\/mythslegendes.com\/es\/wp-json\/wp\/v2\/comments?post=2795"}],"version-history":[{"count":1,"href":"https:\/\/mythslegendes.com\/es\/wp-json\/wp\/v2\/pages\/2795\/revisions"}],"predecessor-version":[{"id":24853,"href":"https:\/\/mythslegendes.com\/es\/wp-json\/wp\/v2\/pages\/2795\/revisions\/24853"}],"up":[{"embeddable":true,"href":"https:\/\/mythslegendes.com\/es\/wp-json\/wp\/v2\/pages\/2775"}],"wp:attachment":[{"href":"https:\/\/mythslegendes.com\/es\/wp-json\/wp\/v2\/media?parent=2795"}],"curies":[{"name":"wp","href":"https:\/\/api.w.org\/{rel}","templated":true}]}}