{"id":2800,"date":"2020-07-20T13:42:39","date_gmt":"2020-07-20T12:42:39","guid":{"rendered":"https:\/\/mythslegendes.com\/?page_id=2800"},"modified":"2022-12-03T22:07:13","modified_gmt":"2022-12-03T22:07:13","slug":"les-skneli","status":"publish","type":"page","link":"https:\/\/mythslegendes.com\/es\/mitologia-georgiana\/el-skneli\/","title":{"rendered":"El Skneli"},"content":{"rendered":"<div data-elementor-type=\"wp-page\" data-elementor-id=\"2800\" class=\"elementor elementor-2800\">\n\t\t\t\t\t\t<section class=\"elementor-section elementor-top-section elementor-element elementor-element-ae9a79c elementor-section-boxed elementor-section-height-default elementor-section-height-default\" data-id=\"ae9a79c\" data-element_type=\"section\" data-e-type=\"section\">\n\t\t\t\t\t\t<div class=\"elementor-container elementor-column-gap-default\">\n\t\t\t\t\t<div class=\"elementor-column elementor-col-50 elementor-top-column elementor-element elementor-element-250c506\" data-id=\"250c506\" data-element_type=\"column\" data-e-type=\"column\">\n\t\t\t<div class=\"elementor-widget-wrap elementor-element-populated\">\n\t\t\t\t\t\t<div class=\"elementor-element elementor-element-494bd73 elementor-align-justify elementor-widget elementor-widget-button\" data-id=\"494bd73\" data-element_type=\"widget\" data-e-type=\"widget\" data-widget_type=\"button.default\">\n\t\t\t\t<div class=\"elementor-widget-container\">\n\t\t\t\t\t\t\t\t\t<div class=\"elementor-button-wrapper\">\n\t\t\t\t\t<a class=\"elementor-button elementor-button-link elementor-size-sm\" href=\"https:\/\/mythslegendes.com\/es\/mitologia-georgiana\/\">\n\t\t\t\t\t\t<span class=\"elementor-button-content-wrapper\">\n\t\t\t\t\t\t\t\t\t<span class=\"elementor-button-text\">Mitolog\u00eda georgiana<\/span>\n\t\t\t\t\t<\/span>\n\t\t\t\t\t<\/a>\n\t\t\t\t<\/div>\n\t\t\t\t\t\t\t\t<\/div>\n\t\t\t\t<\/div>\n\t\t\t\t\t<\/div>\n\t\t<\/div>\n\t\t\t\t<div class=\"elementor-column elementor-col-50 elementor-top-column elementor-element elementor-element-b7fd9d4\" data-id=\"b7fd9d4\" data-element_type=\"column\" data-e-type=\"column\">\n\t\t\t<div class=\"elementor-widget-wrap elementor-element-populated\">\n\t\t\t\t\t\t<div class=\"elementor-element elementor-element-4a1847f elementor-align-justify elementor-widget elementor-widget-button\" data-id=\"4a1847f\" data-element_type=\"widget\" data-e-type=\"widget\" data-widget_type=\"button.default\">\n\t\t\t\t<div class=\"elementor-widget-container\">\n\t\t\t\t\t\t\t\t\t<div class=\"elementor-button-wrapper\">\n\t\t\t\t\t<a class=\"elementor-button elementor-button-link elementor-size-sm\" href=\"https:\/\/fr.wikipedia.org\/wiki\/Royaume_d%27Ib%C3%A9rie\" target=\"_blank\" rel=\"noopener\">\n\t\t\t\t\t\t<span class=\"elementor-button-content-wrapper\">\n\t\t\t\t\t\t\t\t\t<span class=\"elementor-button-text\">Wiki<\/span>\n\t\t\t\t\t<\/span>\n\t\t\t\t\t<\/a>\n\t\t\t\t<\/div>\n\t\t\t\t\t\t\t\t<\/div>\n\t\t\t\t<\/div>\n\t\t\t\t\t<\/div>\n\t\t<\/div>\n\t\t\t\t\t<\/div>\n\t\t<\/section>\n\t\t\t\t<section class=\"elementor-section elementor-top-section elementor-element elementor-element-d164898 elementor-section-boxed elementor-section-height-default elementor-section-height-default\" data-id=\"d164898\" data-element_type=\"section\" data-e-type=\"section\">\n\t\t\t\t\t\t<div class=\"elementor-container elementor-column-gap-default\">\n\t\t\t\t\t<div class=\"elementor-column elementor-col-100 elementor-top-column elementor-element elementor-element-460ec0d\" data-id=\"460ec0d\" data-element_type=\"column\" data-e-type=\"column\">\n\t\t\t<div class=\"elementor-widget-wrap elementor-element-populated\">\n\t\t\t\t\t\t<div class=\"elementor-element elementor-element-3cd3a80 elementor-widget elementor-widget-text-editor\" data-id=\"3cd3a80\" data-element_type=\"widget\" data-e-type=\"widget\" data-widget_type=\"text-editor.default\">\n\t\t\t\t<div class=\"elementor-widget-container\">\n\t\t\t\t\t\t\t\t\t<p>En la <a href=\"https:\/\/mythslegendes.com\/es\/\">mitolog\u00eda<\/a> <a href=\"https:\/\/mythslegendes.com\/es\/mitologia-georgiana\/\">georgiano<\/a> precristiano, el universo se percibe como una esfera. Comprende tres mundos o niveles, llamados\u00a0<em>skneli<\/em> (\u10e1\u10d9\u10dc\u10d4\u10da\u10d8)<\/p>\n<p><img decoding=\"async\" class=\"alignnone wp-image-5284 size-full\" src=\"https:\/\/mythslegendes.com\/wp-content\/uploads\/2020\/09\/AlphaOmega-e1602613368367.png\" alt=\"skneli\" width=\"25\" height=\"26\" title=\"\"><\/p>\t\t\t\t\t\t\t\t<\/div>\n\t\t\t\t<\/div>\n\t\t\t\t\t<\/div>\n\t\t<\/div>\n\t\t\t\t\t<\/div>\n\t\t<\/section>\n\t\t\t\t<section class=\"elementor-section elementor-top-section elementor-element elementor-element-a1c1960 elementor-section-boxed elementor-section-height-default elementor-section-height-default\" data-id=\"a1c1960\" data-element_type=\"section\" data-e-type=\"section\">\n\t\t\t\t\t\t<div class=\"elementor-container elementor-column-gap-default\">\n\t\t\t\t\t<div class=\"elementor-column elementor-col-100 elementor-top-column elementor-element elementor-element-0cdf643\" data-id=\"0cdf643\" data-element_type=\"column\" data-e-type=\"column\">\n\t\t\t<div class=\"elementor-widget-wrap elementor-element-populated\">\n\t\t\t\t\t\t<div class=\"elementor-element elementor-element-6c1af76 elementor-widget elementor-widget-heading\" data-id=\"6c1af76\" data-element_type=\"widget\" data-e-type=\"widget\" data-widget_type=\"heading.default\">\n\t\t\t\t<div class=\"elementor-widget-container\">\n\t\t\t\t\t<div id=\"ez-toc-container\" class=\"ez-toc-v2_0_82_2 counter-hierarchy ez-toc-counter ez-toc-grey ez-toc-container-direction\">\n<div class=\"ez-toc-title-container\">\n<p class=\"ez-toc-title\" style=\"cursor:inherit\">Contenido<\/p>\n<span class=\"ez-toc-title-toggle\"><a href=\"#\" class=\"ez-toc-pull-right ez-toc-btn ez-toc-btn-xs ez-toc-btn-default ez-toc-toggle\" aria-label=\"Alternar tabla de contenidos\"><span class=\"ez-toc-js-icon-con\"><span class=\"\"><span class=\"eztoc-hide\" style=\"display:none;\">Palanca<\/span><span class=\"ez-toc-icon-toggle-span\"><svg style=\"fill: #999;color:#999\" xmlns=\"http:\/\/www.w3.org\/2000\/svg\" class=\"list-377408\" width=\"20px\" height=\"20px\" viewbox=\"0 0 24 24\" fill=\"none\"><path d=\"M6 6H4v2h2V6zm14 0H8v2h12V6zM4 11h2v2H4v-2zm16 0H8v2h12v-2zM4 16h2v2H4v-2zm16 0H8v2h12v-2z\" fill=\"currentColor\"><\/path><\/svg><svg style=\"fill: #999;color:#999\" class=\"arrow-unsorted-368013\" xmlns=\"http:\/\/www.w3.org\/2000\/svg\" width=\"10px\" height=\"10px\" viewbox=\"0 0 24 24\" version=\"1.2\" baseprofile=\"tiny\"><path d=\"M18.2 9.3l-6.2-6.3-6.2 6.3c-.2.2-.3.4-.3.7s.1.5.3.7c.2.2.4.3.7.3h11c.3 0 .5-.1.7-.3.2-.2.3-.5.3-.7s-.1-.5-.3-.7zM5.8 14.7l6.2 6.3 6.2-6.3c.2-.2.3-.5.3-.7s-.1-.5-.3-.7c-.2-.2-.4-.3-.7-.3h-11c-.3 0-.5.1-.7.3-.2.2-.3.5-.3.7s.1.5.3.7z\"\/><\/svg><\/span><\/span><\/span><\/a><\/span><\/div>\n<nav><ul class='ez-toc-list ez-toc-list-level-1' ><li class='ez-toc-page-1 ez-toc-heading-level-2'><a class=\"ez-toc-link ez-toc-heading-1\" href=\"https:\/\/mythslegendes.com\/es\/mitologia-georgiana\/el-skneli\/#Les-Skneli\" >El Skneli<\/a><\/li><\/ul><\/nav><\/div>\n<h2 class=\"elementor-heading-title elementor-size-default\"><span class=\"ez-toc-section\" id=\"Les-Skneli\"><\/span>El Skneli<span class=\"ez-toc-section-end\"><\/span><\/h2>\t\t\t\t<\/div>\n\t\t\t\t<\/div>\n\t\t\t\t\t<\/div>\n\t\t<\/div>\n\t\t\t\t\t<\/div>\n\t\t<\/section>\n\t\t\t\t<section class=\"elementor-section elementor-top-section elementor-element elementor-element-72a7beea elementor-section-boxed elementor-section-height-default elementor-section-height-default\" data-id=\"72a7beea\" data-element_type=\"section\" data-e-type=\"section\">\n\t\t\t\t\t\t<div class=\"elementor-container elementor-column-gap-default\">\n\t\t\t\t\t<div class=\"elementor-column elementor-col-100 elementor-top-column elementor-element elementor-element-285663a8\" data-id=\"285663a8\" data-element_type=\"column\" data-e-type=\"column\">\n\t\t\t<div class=\"elementor-widget-wrap elementor-element-populated\">\n\t\t\t\t\t\t<div class=\"elementor-element elementor-element-1e55ba50 elementor-widget elementor-widget-text-editor\" data-id=\"1e55ba50\" data-element_type=\"widget\" data-e-type=\"widget\" data-widget_type=\"text-editor.default\">\n\t\t\t\t<div class=\"elementor-widget-container\">\n\t\t\t\t\t\t\t\t\t\n<ul class=\"wp-block-list\">\n<li><em>Zeskneli<\/em>\u00a0(\u10d6\u10d4\u10e1\u10d9\u10dc\u10d4\u10da\u10d8) \u2013 el mundo m\u00e1s elevado y el hogar de los dioses. El blanco es el color de Zeskneli.<\/li>\n<li>Tierra: el mundo intermedio, el hogar de los mortales. Su centro se divide en dos regiones, anterior (\u00a0<em>tsina samkaro<\/em>\u00a0, \u10ec\u10d8\u10dc\u10d0 \u10e1\u10d0\u10db\u10e7\u10d0\u10e0\u10dd; D\u00f3nde\u00a0<em>tsinaskneli<\/em>\u00a0, \u10ec\u10d8\u10dc\u10d0\u10e1\u10d9\u10dc\u10d4\u10da\u10d8) y posteriores (\u00a0<em>ukana samkaro<\/em>\u00a0, \u10e3\u10d9\u10d0\u10dc\u10d0 \u10e1\u10d0\u10db\u10e7\u10d0\u10e0\u10dd; D\u00f3nde\u00a0<em>ukana skneli<\/em>\u00a0, \u10e3\u10d9\u10d0\u10dc\u10d0\u10e1\u10d9\u10dc\u10d4\u10da\u10d8); \u2013 m\u00e1s all\u00e1 del cual las tierras de la Tierra est\u00e1n divididas por siete o nueve monta\u00f1as (o mares), que un h\u00e9roe solo puede cruzar si primero experimenta una transformaci\u00f3n espiritual (conocida como\u00a0<em>gardatsvaleba<\/em>\u00a0(\u10d2\u10d0\u10e0\u10d3\u10d0\u10ea\u10d5\u10d0\u10da\u10d4\u10d1\u10d0), que tambi\u00e9n es la palabra para &quot;muerte&quot;) y buscan la ayuda de animales m\u00e1gicos, como Paskunji, Rashi y otros. El rojo es el color de este mundo.<\/li>\n<li><em>Kveskneli<\/em>\u00a0(\u10e5\u10d5\u10d4\u10e1\u10d9\u10dc\u10d4\u10da\u10d8) \u2013 el mundo inferior o el inframundo, habitado por ogros, serpientes y demonios. El negro es el color de Kveskneli.<\/li>\n<\/ul>\n\n<p>Estos tres mundos est\u00e1n conectados por un \u00e1rbol del mundo que crece en el borde del universo (o en otros relatos una torre, cadena o pilar), un tema com\u00fan en el <a href=\"https:\/\/mythslegendes.com\/es\/\">mitolog\u00edas<\/a> muchas otras culturas (comp\u00e1rese, por ejemplo, Yggdrasil, \u00c9gig \u00e9r\u0151 fa e Iroko). M\u00e1s all\u00e1 de ellos y el universo se encuentra\u00a0<em>Gareskneli<\/em>\u00a0(\u10d2\u10d0\u10e0\u10d4\u10e1\u10d9\u10dc\u10d4\u10da\u10d8), &quot;el mundo del olvido&quot;, un vac\u00edo sin fin de oscuridad y eternidad.<\/p>\n\n<p>Tambi\u00e9n hay dos planos de agua y dos planos de fuego (cada &quot;elemento&quot; tiene una forma subterr\u00e1nea y otra celestial) con influencias \u00fanicas en la vida humana. La luna (considerada hermana) y el sol (considerada hermana) pasan regularmente por estos dos reinos, pero en direcciones opuestas.<\/p>\n\n<p>Despu\u00e9s de la cristianizaci\u00f3n, Zeskneli se asoci\u00f3 con el cielo, Kveskneli con el infierno y los viajes espirituales entre estos mundos se asociaron solo con la muerte, excluyendo concepciones m\u00e1s antiguas y cham\u00e1nicas de viajes a otros mundos.<\/p>\n\t\t\t\t\t\t\t\t<\/div>\n\t\t\t\t<\/div>\n\t\t\t\t\t<\/div>\n\t\t<\/div>\n\t\t\t\t\t<\/div>\n\t\t<\/section>\n\t\t\t\t<\/div>","protected":false},"excerpt":{"rendered":"<p>Mythologie G\u00e9orgienne Wiki Dans la mythologie g\u00e9orgienne pr\u00e9chr\u00e9tienne, l&rsquo;univers est per\u00e7u comme une\u00a0sph\u00e8re. Il comprend trois mondes ou niveaux, appel\u00e9s\u00a0skneli &hellip; <\/p>","protected":false},"author":1,"featured_media":0,"parent":2775,"menu_order":0,"comment_status":"closed","ping_status":"closed","template":"","meta":{"footnotes":""},"class_list":["post-2800","page","type-page","status-publish","hentry"],"amp_enabled":true,"_links":{"self":[{"href":"https:\/\/mythslegendes.com\/es\/wp-json\/wp\/v2\/pages\/2800","targetHints":{"allow":["GET"]}}],"collection":[{"href":"https:\/\/mythslegendes.com\/es\/wp-json\/wp\/v2\/pages"}],"about":[{"href":"https:\/\/mythslegendes.com\/es\/wp-json\/wp\/v2\/types\/page"}],"author":[{"embeddable":true,"href":"https:\/\/mythslegendes.com\/es\/wp-json\/wp\/v2\/users\/1"}],"replies":[{"embeddable":true,"href":"https:\/\/mythslegendes.com\/es\/wp-json\/wp\/v2\/comments?post=2800"}],"version-history":[{"count":1,"href":"https:\/\/mythslegendes.com\/es\/wp-json\/wp\/v2\/pages\/2800\/revisions"}],"predecessor-version":[{"id":24854,"href":"https:\/\/mythslegendes.com\/es\/wp-json\/wp\/v2\/pages\/2800\/revisions\/24854"}],"up":[{"embeddable":true,"href":"https:\/\/mythslegendes.com\/es\/wp-json\/wp\/v2\/pages\/2775"}],"wp:attachment":[{"href":"https:\/\/mythslegendes.com\/es\/wp-json\/wp\/v2\/media?parent=2800"}],"curies":[{"name":"wp","href":"https:\/\/api.w.org\/{rel}","templated":true}]}}