{"id":281,"date":"2019-10-17T15:42:09","date_gmt":"2019-10-17T14:42:09","guid":{"rendered":"https:\/\/mythslegendes.com\/?page_id=281"},"modified":"2022-12-03T22:06:51","modified_gmt":"2022-12-03T22:06:51","slug":"lor-de-chat","status":"publish","type":"page","link":"https:\/\/mythslegendes.com\/es\/mitologia-bretona\/lor-de-chat\/","title":{"rendered":"Oro de gato"},"content":{"rendered":"<div data-elementor-type=\"wp-page\" data-elementor-id=\"281\" class=\"elementor elementor-281\">\n\t\t\t\t\t\t<section class=\"elementor-section elementor-top-section elementor-element elementor-element-b695f77 elementor-section-boxed elementor-section-height-default elementor-section-height-default\" data-id=\"b695f77\" data-element_type=\"section\" data-e-type=\"section\">\n\t\t\t\t\t\t<div class=\"elementor-container elementor-column-gap-default\">\n\t\t\t\t\t<div class=\"elementor-column elementor-col-50 elementor-top-column elementor-element elementor-element-cd4668a\" data-id=\"cd4668a\" data-element_type=\"column\" data-e-type=\"column\">\n\t\t\t<div class=\"elementor-widget-wrap elementor-element-populated\">\n\t\t\t\t\t\t<div class=\"elementor-element elementor-element-4fe174e elementor-align-justify elementor-widget elementor-widget-button\" data-id=\"4fe174e\" data-element_type=\"widget\" data-e-type=\"widget\" data-widget_type=\"button.default\">\n\t\t\t\t<div class=\"elementor-widget-container\">\n\t\t\t\t\t\t\t\t\t<div class=\"elementor-button-wrapper\">\n\t\t\t\t\t<a class=\"elementor-button elementor-button-link elementor-size-sm\" href=\"https:\/\/mythslegendes.com\/es\/mitologia-bretona\/\">\n\t\t\t\t\t\t<span class=\"elementor-button-content-wrapper\">\n\t\t\t\t\t\t\t\t\t<span class=\"elementor-button-text\">Mitolog\u00eda bretona<\/span>\n\t\t\t\t\t<\/span>\n\t\t\t\t\t<\/a>\n\t\t\t\t<\/div>\n\t\t\t\t\t\t\t\t<\/div>\n\t\t\t\t<\/div>\n\t\t\t\t\t<\/div>\n\t\t<\/div>\n\t\t\t\t<div class=\"elementor-column elementor-col-50 elementor-top-column elementor-element elementor-element-bbf8fa8\" data-id=\"bbf8fa8\" data-element_type=\"column\" data-e-type=\"column\">\n\t\t\t<div class=\"elementor-widget-wrap elementor-element-populated\">\n\t\t\t\t\t\t<div class=\"elementor-element elementor-element-cecb21e elementor-align-justify elementor-widget elementor-widget-button\" data-id=\"cecb21e\" data-element_type=\"widget\" data-e-type=\"widget\" data-widget_type=\"button.default\">\n\t\t\t\t<div class=\"elementor-widget-container\">\n\t\t\t\t\t\t\t\t\t<div class=\"elementor-button-wrapper\">\n\t\t\t\t\t<a class=\"elementor-button elementor-button-link elementor-size-sm\" href=\"https:\/\/fr.wikipedia.org\/wiki\/Mythologie_bretonne\" target=\"_blank\" rel=\"noopener\">\n\t\t\t\t\t\t<span class=\"elementor-button-content-wrapper\">\n\t\t\t\t\t\t\t\t\t<span class=\"elementor-button-text\">Wiki<\/span>\n\t\t\t\t\t<\/span>\n\t\t\t\t\t<\/a>\n\t\t\t\t<\/div>\n\t\t\t\t\t\t\t\t<\/div>\n\t\t\t\t<\/div>\n\t\t\t\t\t<\/div>\n\t\t<\/div>\n\t\t\t\t\t<\/div>\n\t\t<\/section>\n\t\t\t\t<section class=\"elementor-section elementor-top-section elementor-element elementor-element-183900f1 elementor-section-boxed elementor-section-height-default elementor-section-height-default\" data-id=\"183900f1\" data-element_type=\"section\" data-e-type=\"section\">\n\t\t\t\t\t\t<div class=\"elementor-container elementor-column-gap-default\">\n\t\t\t\t\t<div class=\"elementor-column elementor-col-100 elementor-top-column elementor-element elementor-element-63ec1056\" data-id=\"63ec1056\" data-element_type=\"column\" data-e-type=\"column\">\n\t\t\t<div class=\"elementor-widget-wrap elementor-element-populated\">\n\t\t\t\t\t\t<div class=\"elementor-element elementor-element-4724a5e8 elementor-widget elementor-widget-text-editor\" data-id=\"4724a5e8\" data-element_type=\"widget\" data-e-type=\"widget\" data-widget_type=\"text-editor.default\">\n\t\t\t\t<div class=\"elementor-widget-container\">\n\t\t\t\t\t\t\t\t\t<p><\/p>\n<p class=\"has-text-align-justify\">Esta es la historia del oro de Cat. En el pa\u00eds de Saint-Malo hab\u00eda antiguamente m\u00e1s hadas en el mar y en las costas que pastoras que cuidaban las ovejas en los p\u00e1ramos y en los cabos. Si entend\u00ed correctamente la lecci\u00f3n de los viejos <a href=\"https:\/\/mythslegendes.com\/es\/\">leyendas<\/a>, son estas hadas de Saint-Malo las que han dejado a las chicas locales con el gusto por los vestidos bonitos.<\/p>\n<p><img decoding=\"async\" class=\"alignnone wp-image-5284 size-full\" src=\"https:\/\/mythslegendes.com\/wp-content\/uploads\/2020\/09\/AlphaOmega-e1602613368367.png\" alt=\"gato de oro\" width=\"25\" height=\"26\" title=\"\"><\/p>\n<div id=\"ez-toc-container\" class=\"ez-toc-v2_0_82_2 counter-hierarchy ez-toc-counter ez-toc-grey ez-toc-container-direction\">\n<div class=\"ez-toc-title-container\">\n<p class=\"ez-toc-title\" style=\"cursor:inherit\">Contenido<\/p>\n<span class=\"ez-toc-title-toggle\"><a href=\"#\" class=\"ez-toc-pull-right ez-toc-btn ez-toc-btn-xs ez-toc-btn-default ez-toc-toggle\" aria-label=\"Alternar tabla de contenidos\"><span class=\"ez-toc-js-icon-con\"><span class=\"\"><span class=\"eztoc-hide\" style=\"display:none;\">Palanca<\/span><span class=\"ez-toc-icon-toggle-span\"><svg style=\"fill: #999;color:#999\" xmlns=\"http:\/\/www.w3.org\/2000\/svg\" class=\"list-377408\" width=\"20px\" height=\"20px\" viewbox=\"0 0 24 24\" fill=\"none\"><path d=\"M6 6H4v2h2V6zm14 0H8v2h12V6zM4 11h2v2H4v-2zm16 0H8v2h12v-2zM4 16h2v2H4v-2zm16 0H8v2h12v-2z\" fill=\"currentColor\"><\/path><\/svg><svg style=\"fill: #999;color:#999\" class=\"arrow-unsorted-368013\" xmlns=\"http:\/\/www.w3.org\/2000\/svg\" width=\"10px\" height=\"10px\" viewbox=\"0 0 24 24\" version=\"1.2\" baseprofile=\"tiny\"><path d=\"M18.2 9.3l-6.2-6.3-6.2 6.3c-.2.2-.3.4-.3.7s.1.5.3.7c.2.2.4.3.7.3h11c.3 0 .5-.1.7-.3.2-.2.3-.5.3-.7s-.1-.5-.3-.7zM5.8 14.7l6.2 6.3 6.2-6.3c.2-.2.3-.5.3-.7s-.1-.5-.3-.7c-.2-.2-.4-.3-.7-.3h-11c-.3 0-.5.1-.7.3-.2.2-.3.5-.3.7s.1.5.3.7z\"\/><\/svg><\/span><\/span><\/span><\/a><\/span><\/div>\n<nav><ul class='ez-toc-list ez-toc-list-level-1' ><li class='ez-toc-page-1 ez-toc-heading-level-2'><a class=\"ez-toc-link ez-toc-heading-1\" href=\"https:\/\/mythslegendes.com\/es\/mitologia-bretona\/lor-de-chat\/#Lor-de-Chat\" >Oro de gato<\/a><\/li><\/ul><\/nav><\/div>\n<h2><span class=\"ez-toc-section\" id=\"Lor-de-Chat\"><\/span>Oro de gato<span class=\"ez-toc-section-end\"><\/span><\/h2>\n<p class=\"has-text-align-justify\">Las ligeras cintas plateadas que brillan en la superficie de las aguas de la bah\u00eda, en la calma que sigue a las tormentas, estas cintas que llamamos\u00a0<em>sentimientos de la virgen<\/em>\u00a0en un principio fueron las largas colas de los maravillosos abrigos que a las Damas del Mar les encantaba tirar, pero estas coquetas, como ver\u00e1s, no ten\u00edan demasiada malicia.<\/p>\n<p><\/p>\n<p><\/p>\n<p class=\"has-text-align-justify\">Una noche de luna, sobre la miel de Param\u00e9, una tropa de hadas se entreg\u00f3 al baile circular, que siempre ha sido su pasatiempo favorito. Sucede que doce j\u00f3venes estaban celebrando esa misma noche. Cuando estuvieron un poco calientes para beber, una locura entr\u00f3 en sus cabezas; Decidieron ir e invitar al baile campestre, asustados estaban, las hermosas hadas de las huelgas. Estos no pensaron que deb\u00edan negarse. Un hada es una mujer y siempre secretamente halagada por la b\u00fasqueda de hombres.<\/p>\n<p class=\"has-text-align-justify\">Pero, durante el baile (\u00bfqui\u00e9nes eran los campaneros?), not\u00f3 que los ni\u00f1os ten\u00edan dificultad para respirar y ten\u00edan las piernas de lana. Luego se pusieron furiosos. Con un movimiento de sus varitas, transformaron a los malhechores en seis grandes gatos negros y seis gatos blancos. \u00bfDebemos creer que la mitad de la docena de j\u00f3venes eran ni\u00f1as? All\u00e1 <a href=\"https:\/\/mythslegendes.com\/es\/\">leyenda<\/a> no lo dice claramente. Si esto fuera cierto, tambi\u00e9n demostrar\u00eda que las hadas est\u00e1n celosas.<\/p>\n<p><\/p>\n<p><\/p>\n<p class=\"has-text-align-justify\">Pero cuando vieron a los pobres animales maullar angustiados mientras giraban alrededor de sus colas, la bondad natural de las hadas de Saint-Malo abland\u00f3 sus corazones. Prometieron a los faraud que los devolver\u00edan a su forma original tan pronto como hubieran hilado, para cada uno de ellos, un manto de oro y una t\u00fanica de plata tejida en la \u00fanica mica de la playa.<\/p>\n<p class=\"has-text-align-justify\">La tarea no habr\u00eda sido larga ni dif\u00edcil, porque los ojos de un gato pronto habr\u00edan distinguido, a lo largo de la arena reluciente bajo la luna, los miles de espejos blancos y amarillos de los que iban a levantar las ropas de las Damas del Mundo. Mar. Pero las hadas les dijeron que s\u00f3lo pod\u00edan escapar mientras daban las doce campanadas de la medianoche en Saint-Malo.<\/p>\n<p><\/p>\n<p><\/p>\n<p class=\"has-text-align-justify\">Los seis gatos y los seis gatos se pusieron a trabajar sin demora. Todas las noches, entre el primer y el duod\u00e9cimo toque de campana, surg\u00eda un ronquido en las hebras, suave y regular. Los que caminaban por este lado pod\u00edan ver, en algunos lugares, corrientes de oro y plata, como si el agua de las arenas fluyera de lentejuelas. Bajo sus pieles de gato, eran las doce Malvinas (\u00a1tal vez seis Malvinas!) Quienes aceleraban sin aliento la escala de la mica.<\/p>\n<p class=\"has-text-align-justify\">Desde ese momento, cuando un jovencito dormita junto al hogar y ronronea, sentado en su cola, se dice que hace girar su rueca. Y si las chicas de la casa lo toman de rodillas de buen grado y lo acarician con manos tiernas, no cabe duda de que esperan de \u00e9l un vestido plateado y un manto dorado.<\/p>\n<p><\/p>\n<p><\/p>\n<p class=\"has-text-align-justify\">Cuando todas las hadas estaban vestidas de la cabeza a los pies, se dice que golpearon a los gatos con sus varitas y los convirtieron en humanos nuevamente. No decimos si encontraron a sus amigos y familiares o si varios siglos pasaron sobre sus cabezas. Creo que se abstuvieron de ir a la playa a partir de ahora cuando ten\u00edan calor para beber e incluso sin haber bebido.<\/p>\n<p class=\"has-text-align-justify\">Lo cierto es que es muy raro ver gatos reales vagando por la arena del mar, en Saint-Malo, sin embargo, argent de chat sigue siendo el nombre de mica gris. Cuando esta mica se ilumina con un reflejo rubio, se convierte en \u201coro de gato\u201d, a partir del cual se teji\u00f3 el abrigo ceremonial de las damas del mar.<\/p>\n<p><\/p>\t\t\t\t\t\t\t\t<\/div>\n\t\t\t\t<\/div>\n\t\t\t\t\t<\/div>\n\t\t<\/div>\n\t\t\t\t\t<\/div>\n\t\t<\/section>\n\t\t\t\t<\/div>","protected":false},"excerpt":{"rendered":"<p>Mythologie Bretonne Wiki Voici l&rsquo;histoire de l&rsquo;or de Chat. Au pays de Saint-Malo, il y avait nagu\u00e8re plus de f\u00e9es &hellip; <\/p>","protected":false},"author":1,"featured_media":283,"parent":96,"menu_order":0,"comment_status":"closed","ping_status":"closed","template":"","meta":{"footnotes":""},"class_list":["post-281","page","type-page","status-publish","has-post-thumbnail","hentry"],"amp_enabled":true,"_links":{"self":[{"href":"https:\/\/mythslegendes.com\/es\/wp-json\/wp\/v2\/pages\/281","targetHints":{"allow":["GET"]}}],"collection":[{"href":"https:\/\/mythslegendes.com\/es\/wp-json\/wp\/v2\/pages"}],"about":[{"href":"https:\/\/mythslegendes.com\/es\/wp-json\/wp\/v2\/types\/page"}],"author":[{"embeddable":true,"href":"https:\/\/mythslegendes.com\/es\/wp-json\/wp\/v2\/users\/1"}],"replies":[{"embeddable":true,"href":"https:\/\/mythslegendes.com\/es\/wp-json\/wp\/v2\/comments?post=281"}],"version-history":[{"count":1,"href":"https:\/\/mythslegendes.com\/es\/wp-json\/wp\/v2\/pages\/281\/revisions"}],"predecessor-version":[{"id":24488,"href":"https:\/\/mythslegendes.com\/es\/wp-json\/wp\/v2\/pages\/281\/revisions\/24488"}],"up":[{"embeddable":true,"href":"https:\/\/mythslegendes.com\/es\/wp-json\/wp\/v2\/pages\/96"}],"wp:featuredmedia":[{"embeddable":true,"href":"https:\/\/mythslegendes.com\/es\/wp-json\/wp\/v2\/media\/283"}],"wp:attachment":[{"href":"https:\/\/mythslegendes.com\/es\/wp-json\/wp\/v2\/media?parent=281"}],"curies":[{"name":"wp","href":"https:\/\/api.w.org\/{rel}","templated":true}]}}