{"id":2818,"date":"2020-07-20T14:43:30","date_gmt":"2020-07-20T13:43:30","guid":{"rendered":"https:\/\/mythslegendes.com\/?page_id=2818"},"modified":"2022-12-03T22:07:13","modified_gmt":"2022-12-03T22:07:13","slug":"la-mer-de-kakhetie","status":"publish","type":"page","link":"https:\/\/mythslegendes.com\/es\/mitologia-georgiana\/el-mar-de-kakheti\/","title":{"rendered":"El mar de Kakheti"},"content":{"rendered":"<div data-elementor-type=\"wp-page\" data-elementor-id=\"2818\" class=\"elementor elementor-2818\">\n\t\t\t\t\t\t<section class=\"elementor-section elementor-top-section elementor-element elementor-element-21355af elementor-section-boxed elementor-section-height-default elementor-section-height-default\" data-id=\"21355af\" data-element_type=\"section\" data-e-type=\"section\">\n\t\t\t\t\t\t<div class=\"elementor-container elementor-column-gap-default\">\n\t\t\t\t\t<div class=\"elementor-column elementor-col-50 elementor-top-column elementor-element elementor-element-f359c03\" data-id=\"f359c03\" data-element_type=\"column\" data-e-type=\"column\">\n\t\t\t<div class=\"elementor-widget-wrap elementor-element-populated\">\n\t\t\t\t\t\t<div class=\"elementor-element elementor-element-ec3c299 elementor-align-justify elementor-widget elementor-widget-button\" data-id=\"ec3c299\" data-element_type=\"widget\" data-e-type=\"widget\" data-widget_type=\"button.default\">\n\t\t\t\t<div class=\"elementor-widget-container\">\n\t\t\t\t\t\t\t\t\t<div class=\"elementor-button-wrapper\">\n\t\t\t\t\t<a class=\"elementor-button elementor-button-link elementor-size-sm\" href=\"https:\/\/mythslegendes.com\/es\/mitologia-georgiana\/\">\n\t\t\t\t\t\t<span class=\"elementor-button-content-wrapper\">\n\t\t\t\t\t\t\t\t\t<span class=\"elementor-button-text\">Mitolog\u00eda georgiana<\/span>\n\t\t\t\t\t<\/span>\n\t\t\t\t\t<\/a>\n\t\t\t\t<\/div>\n\t\t\t\t\t\t\t\t<\/div>\n\t\t\t\t<\/div>\n\t\t\t\t\t<\/div>\n\t\t<\/div>\n\t\t\t\t<div class=\"elementor-column elementor-col-50 elementor-top-column elementor-element elementor-element-af74cec\" data-id=\"af74cec\" data-element_type=\"column\" data-e-type=\"column\">\n\t\t\t<div class=\"elementor-widget-wrap elementor-element-populated\">\n\t\t\t\t\t\t<div class=\"elementor-element elementor-element-fea0cc0 elementor-align-justify elementor-widget elementor-widget-button\" data-id=\"fea0cc0\" data-element_type=\"widget\" data-e-type=\"widget\" data-widget_type=\"button.default\">\n\t\t\t\t<div class=\"elementor-widget-container\">\n\t\t\t\t\t\t\t\t\t<div class=\"elementor-button-wrapper\">\n\t\t\t\t\t<a class=\"elementor-button elementor-button-link elementor-size-sm\" href=\"https:\/\/fr.wikipedia.org\/wiki\/Royaume_d%27Ib%C3%A9rie\" target=\"_blank\" rel=\"noopener\">\n\t\t\t\t\t\t<span class=\"elementor-button-content-wrapper\">\n\t\t\t\t\t\t\t\t\t<span class=\"elementor-button-text\">Wiki<\/span>\n\t\t\t\t\t<\/span>\n\t\t\t\t\t<\/a>\n\t\t\t\t<\/div>\n\t\t\t\t\t\t\t\t<\/div>\n\t\t\t\t<\/div>\n\t\t\t\t\t<\/div>\n\t\t<\/div>\n\t\t\t\t\t<\/div>\n\t\t<\/section>\n\t\t\t\t<section class=\"elementor-section elementor-top-section elementor-element elementor-element-ba3d42e elementor-section-boxed elementor-section-height-default elementor-section-height-default\" data-id=\"ba3d42e\" data-element_type=\"section\" data-e-type=\"section\">\n\t\t\t\t\t\t<div class=\"elementor-container elementor-column-gap-default\">\n\t\t\t\t\t<div class=\"elementor-column elementor-col-100 elementor-top-column elementor-element elementor-element-78463146\" data-id=\"78463146\" data-element_type=\"column\" data-e-type=\"column\">\n\t\t\t<div class=\"elementor-widget-wrap elementor-element-populated\">\n\t\t\t\t\t\t<div class=\"elementor-element elementor-element-69ac9027 elementor-widget elementor-widget-text-editor\" data-id=\"69ac9027\" data-element_type=\"widget\" data-e-type=\"widget\" data-widget_type=\"text-editor.default\">\n\t\t\t\t<div class=\"elementor-widget-container\">\n\t\t\t\t\t\t\t\t\t\n<div id=\"ez-toc-container\" class=\"ez-toc-v2_0_82_2 counter-hierarchy ez-toc-counter ez-toc-grey ez-toc-container-direction\">\n<div class=\"ez-toc-title-container\">\n<p class=\"ez-toc-title\" style=\"cursor:inherit\">Contenido<\/p>\n<span class=\"ez-toc-title-toggle\"><a href=\"#\" class=\"ez-toc-pull-right ez-toc-btn ez-toc-btn-xs ez-toc-btn-default ez-toc-toggle\" aria-label=\"Alternar tabla de contenidos\"><span class=\"ez-toc-js-icon-con\"><span class=\"\"><span class=\"eztoc-hide\" style=\"display:none;\">Palanca<\/span><span class=\"ez-toc-icon-toggle-span\"><svg style=\"fill: #999;color:#999\" xmlns=\"http:\/\/www.w3.org\/2000\/svg\" class=\"list-377408\" width=\"20px\" height=\"20px\" viewbox=\"0 0 24 24\" fill=\"none\"><path d=\"M6 6H4v2h2V6zm14 0H8v2h12V6zM4 11h2v2H4v-2zm16 0H8v2h12v-2zM4 16h2v2H4v-2zm16 0H8v2h12v-2z\" fill=\"currentColor\"><\/path><\/svg><svg style=\"fill: #999;color:#999\" class=\"arrow-unsorted-368013\" xmlns=\"http:\/\/www.w3.org\/2000\/svg\" width=\"10px\" height=\"10px\" viewbox=\"0 0 24 24\" version=\"1.2\" baseprofile=\"tiny\"><path d=\"M18.2 9.3l-6.2-6.3-6.2 6.3c-.2.2-.3.4-.3.7s.1.5.3.7c.2.2.4.3.7.3h11c.3 0 .5-.1.7-.3.2-.2.3-.5.3-.7s-.1-.5-.3-.7zM5.8 14.7l6.2 6.3 6.2-6.3c.2-.2.3-.5.3-.7s-.1-.5-.3-.7c-.2-.2-.4-.3-.7-.3h-11c-.3 0-.5.1-.7.3-.2.2-.3.5-.3.7s.1.5.3.7z\"\/><\/svg><\/span><\/span><\/span><\/a><\/span><\/div>\n<nav><ul class='ez-toc-list ez-toc-list-level-1' ><li class='ez-toc-page-1 ez-toc-heading-level-2'><a class=\"ez-toc-link ez-toc-heading-1\" href=\"https:\/\/mythslegendes.com\/es\/mitologia-georgiana\/el-mar-de-kakheti\/#La-mer-de-Kakhetie\" >El mar de Kakheti<\/a><\/li><\/ul><\/nav><\/div>\n<h2><span class=\"ez-toc-section\" id=\"La-mer-de-Kakhetie\"><\/span>El mar de Kakheti<span class=\"ez-toc-section-end\"><\/span><\/h2>\n<p>Anteriormente, la pintoresca regi\u00f3n de Kakheti estaba cubierta de agua, porque el mar de Kakheti estaba presente en la regi\u00f3n. Los habitantes viv\u00edan en las alturas de la monta\u00f1a, pero incluso all\u00ed, la altura del agua representaba un problema para ellos. El agua subi\u00f3 m\u00e1s y m\u00e1s destruyendo pastos y tierras de cultivo.<\/p>\n<p>La vida se hizo cada d\u00eda m\u00e1s dif\u00edcil para los habitantes, y entendieron que si as\u00ed continuaba, el agua cubrir\u00eda las cimas de las monta\u00f1as provocando la muerte de todos. Un d\u00eda, los habitantes organizaron una reuni\u00f3n durante la cual comenzaron a llorar y lamentarse por esta situaci\u00f3n tan dif\u00edcil. De repente, un minero local dijo: \u201cYo trabajo en lo alto de las monta\u00f1as y desde la altura, veo que el agua sube y no se detiene.<\/p>\n<p>Se mueve y busca una salida y tenemos que encontrar una soluci\u00f3n, una forma, es decir, hacer un drenaje y cavar un canal\u201d. Los residentes reaccionaron a sus palabras y dijeron que hab\u00edan tenido esta idea antes, pero nadie parec\u00eda encontrar el lugar adecuado para el drenaje. El minero contin\u00faa su discurso: \u201cHay que hacer una canasta grande, llenarla de carb\u00f3n y tirarla al agua. El flujo llevar\u00e1 la canasta y donde se detiene la canasta, tendremos que hacer el drenaje y el agua naturalmente encontrar\u00e1 una salida\u201d. Los habitantes aceptaron esta idea y juntos hicieron una gran canasta llena de carb\u00f3n y la arrojaron al agua.<\/p>\n<p>El agua carg\u00f3 la canasta y la llev\u00f3 hasta donde pasa la corriente principal del r\u00edo Alazani. En este punto, la cresta de Sighnaghi se fusiona con las monta\u00f1as Nukhi. Toda la gente se reuni\u00f3 y trabaj\u00f3 para abrir un camino hacia el mar. Desde entonces, apareci\u00f3 la hermosa regi\u00f3n de Kakheti y la vida de los georgianos finalmente comenz\u00f3 a florecer.<\/p>\n<p><img decoding=\"async\" class=\"alignnone wp-image-5284 size-full\" src=\"https:\/\/mythslegendes.com\/wp-content\/uploads\/2020\/09\/AlphaOmega-e1602613368367.png\" alt=\"el mar de Kakheti\" width=\"25\" height=\"26\" title=\"\"><\/p>\n\t\t\t\t\t\t\t\t<\/div>\n\t\t\t\t<\/div>\n\t\t\t\t\t<\/div>\n\t\t<\/div>\n\t\t\t\t\t<\/div>\n\t\t<\/section>\n\t\t\t\t<\/div>","protected":false},"excerpt":{"rendered":"<p>Mythologie G\u00e9orgienne Wiki La mer de Kakh\u00e9tie Auparavant, la r\u00e9gion pittoresque de Kakh\u00e9tie \u00e9tait couverte d&rsquo;eau, car la mer de &hellip; <\/p>","protected":false},"author":1,"featured_media":0,"parent":2775,"menu_order":0,"comment_status":"closed","ping_status":"closed","template":"","meta":{"footnotes":""},"class_list":["post-2818","page","type-page","status-publish","hentry"],"amp_enabled":true,"_links":{"self":[{"href":"https:\/\/mythslegendes.com\/es\/wp-json\/wp\/v2\/pages\/2818","targetHints":{"allow":["GET"]}}],"collection":[{"href":"https:\/\/mythslegendes.com\/es\/wp-json\/wp\/v2\/pages"}],"about":[{"href":"https:\/\/mythslegendes.com\/es\/wp-json\/wp\/v2\/types\/page"}],"author":[{"embeddable":true,"href":"https:\/\/mythslegendes.com\/es\/wp-json\/wp\/v2\/users\/1"}],"replies":[{"embeddable":true,"href":"https:\/\/mythslegendes.com\/es\/wp-json\/wp\/v2\/comments?post=2818"}],"version-history":[{"count":1,"href":"https:\/\/mythslegendes.com\/es\/wp-json\/wp\/v2\/pages\/2818\/revisions"}],"predecessor-version":[{"id":24858,"href":"https:\/\/mythslegendes.com\/es\/wp-json\/wp\/v2\/pages\/2818\/revisions\/24858"}],"up":[{"embeddable":true,"href":"https:\/\/mythslegendes.com\/es\/wp-json\/wp\/v2\/pages\/2775"}],"wp:attachment":[{"href":"https:\/\/mythslegendes.com\/es\/wp-json\/wp\/v2\/media?parent=2818"}],"curies":[{"name":"wp","href":"https:\/\/api.w.org\/{rel}","templated":true}]}}