{"id":2845,"date":"2020-07-22T10:35:17","date_gmt":"2020-07-22T09:35:17","guid":{"rendered":"https:\/\/mythslegendes.com\/?page_id=2845"},"modified":"2023-03-05T08:57:00","modified_gmt":"2023-03-05T08:57:00","slug":"mythologie-scythe","status":"publish","type":"page","link":"https:\/\/mythslegendes.com\/es\/mitologia-escita\/","title":{"rendered":"Mitolog\u00eda escita"},"content":{"rendered":"<div data-elementor-type=\"wp-page\" data-elementor-id=\"2845\" class=\"elementor elementor-2845\">\n\t\t\t\t\t\t<section class=\"elementor-section elementor-top-section elementor-element elementor-element-b339502 elementor-section-boxed elementor-section-height-default elementor-section-height-default\" data-id=\"b339502\" data-element_type=\"section\" data-e-type=\"section\">\n\t\t\t\t\t\t<div class=\"elementor-container elementor-column-gap-default\">\n\t\t\t\t\t<div class=\"elementor-column elementor-col-33 elementor-top-column elementor-element elementor-element-976fe93\" data-id=\"976fe93\" data-element_type=\"column\" data-e-type=\"column\">\n\t\t\t<div class=\"elementor-widget-wrap elementor-element-populated\">\n\t\t\t\t\t\t<div class=\"elementor-element elementor-element-fdfddeb elementor-align-justify elementor-widget elementor-widget-button\" data-id=\"fdfddeb\" data-element_type=\"widget\" data-e-type=\"widget\" data-widget_type=\"button.default\">\n\t\t\t\t<div class=\"elementor-widget-container\">\n\t\t\t\t\t\t\t\t\t<div class=\"elementor-button-wrapper\">\n\t\t\t\t\t<a class=\"elementor-button elementor-button-link elementor-size-sm\" href=\"https:\/\/mythslegendes.com\/es\/mythes-et-legendes-de-perse-1542\/\">\n\t\t\t\t\t\t<span class=\"elementor-button-content-wrapper\">\n\t\t\t\t\t\t\t\t\t<span class=\"elementor-button-text\">Volver al Grupo Cultural<\/span>\n\t\t\t\t\t<\/span>\n\t\t\t\t\t<\/a>\n\t\t\t\t<\/div>\n\t\t\t\t\t\t\t\t<\/div>\n\t\t\t\t<\/div>\n\t\t\t\t\t<\/div>\n\t\t<\/div>\n\t\t\t\t<div class=\"elementor-column elementor-col-33 elementor-top-column elementor-element elementor-element-fe6e125\" data-id=\"fe6e125\" data-element_type=\"column\" data-e-type=\"column\">\n\t\t\t<div class=\"elementor-widget-wrap elementor-element-populated\">\n\t\t\t\t\t\t<div class=\"elementor-element elementor-element-25283e6 elementor-align-justify elementor-widget elementor-widget-button\" data-id=\"25283e6\" data-element_type=\"widget\" data-e-type=\"widget\" data-widget_type=\"button.default\">\n\t\t\t\t<div class=\"elementor-widget-container\">\n\t\t\t\t\t\t\t\t\t<div class=\"elementor-button-wrapper\">\n\t\t\t\t\t<a class=\"elementor-button elementor-button-link elementor-size-sm\" href=\"https:\/\/mythslegendes.com\/es\/bibliotecas-de-libros\/\">\n\t\t\t\t\t\t<span class=\"elementor-button-content-wrapper\">\n\t\t\t\t\t\t\t\t\t<span class=\"elementor-button-text\">Tienda dedicada<\/span>\n\t\t\t\t\t<\/span>\n\t\t\t\t\t<\/a>\n\t\t\t\t<\/div>\n\t\t\t\t\t\t\t\t<\/div>\n\t\t\t\t<\/div>\n\t\t\t\t\t<\/div>\n\t\t<\/div>\n\t\t\t\t<div class=\"elementor-column elementor-col-33 elementor-top-column elementor-element elementor-element-d2d3be5\" data-id=\"d2d3be5\" data-element_type=\"column\" data-e-type=\"column\">\n\t\t\t<div class=\"elementor-widget-wrap elementor-element-populated\">\n\t\t\t\t\t\t<div class=\"elementor-element elementor-element-d692899 elementor-align-justify elementor-widget elementor-widget-button\" data-id=\"d692899\" data-element_type=\"widget\" data-e-type=\"widget\" data-widget_type=\"button.default\">\n\t\t\t\t<div class=\"elementor-widget-container\">\n\t\t\t\t\t\t\t\t\t<div class=\"elementor-button-wrapper\">\n\t\t\t\t\t<a class=\"elementor-button elementor-button-link elementor-size-sm\" href=\"https:\/\/fr.wikipedia.org\/wiki\/Scythes\" target=\"_blank\" rel=\"noopener\">\n\t\t\t\t\t\t<span class=\"elementor-button-content-wrapper\">\n\t\t\t\t\t\t\t\t\t<span class=\"elementor-button-text\">Wiki<\/span>\n\t\t\t\t\t<\/span>\n\t\t\t\t\t<\/a>\n\t\t\t\t<\/div>\n\t\t\t\t\t\t\t\t<\/div>\n\t\t\t\t<\/div>\n\t\t\t\t\t<\/div>\n\t\t<\/div>\n\t\t\t\t\t<\/div>\n\t\t<\/section>\n\t\t\t\t<section class=\"elementor-section elementor-top-section elementor-element elementor-element-173a71b elementor-section-boxed elementor-section-height-default elementor-section-height-default\" data-id=\"173a71b\" data-element_type=\"section\" data-e-type=\"section\">\n\t\t\t\t\t\t<div class=\"elementor-container elementor-column-gap-default\">\n\t\t\t\t\t<div class=\"elementor-column elementor-col-100 elementor-top-column elementor-element elementor-element-665eb38\" data-id=\"665eb38\" data-element_type=\"column\" data-e-type=\"column\">\n\t\t\t<div class=\"elementor-widget-wrap elementor-element-populated\">\n\t\t\t\t\t\t<div class=\"elementor-element elementor-element-68ca2f8 elementor-widget elementor-widget-heading\" data-id=\"68ca2f8\" data-element_type=\"widget\" data-e-type=\"widget\" data-widget_type=\"heading.default\">\n\t\t\t\t<div class=\"elementor-widget-container\">\n\t\t\t\t\t<div id=\"ez-toc-container\" class=\"ez-toc-v2_0_82_2 counter-hierarchy ez-toc-counter ez-toc-grey ez-toc-container-direction\">\n<div class=\"ez-toc-title-container\">\n<p class=\"ez-toc-title\" style=\"cursor:inherit\">Contenido<\/p>\n<span class=\"ez-toc-title-toggle\"><a href=\"#\" class=\"ez-toc-pull-right ez-toc-btn ez-toc-btn-xs ez-toc-btn-default ez-toc-toggle\" aria-label=\"Alternar tabla de contenidos\"><span class=\"ez-toc-js-icon-con\"><span class=\"\"><span class=\"eztoc-hide\" style=\"display:none;\">Palanca<\/span><span class=\"ez-toc-icon-toggle-span\"><svg style=\"fill: #999;color:#999\" xmlns=\"http:\/\/www.w3.org\/2000\/svg\" class=\"list-377408\" width=\"20px\" height=\"20px\" viewbox=\"0 0 24 24\" fill=\"none\"><path d=\"M6 6H4v2h2V6zm14 0H8v2h12V6zM4 11h2v2H4v-2zm16 0H8v2h12v-2zM4 16h2v2H4v-2zm16 0H8v2h12v-2z\" fill=\"currentColor\"><\/path><\/svg><svg style=\"fill: #999;color:#999\" class=\"arrow-unsorted-368013\" xmlns=\"http:\/\/www.w3.org\/2000\/svg\" width=\"10px\" height=\"10px\" viewbox=\"0 0 24 24\" version=\"1.2\" baseprofile=\"tiny\"><path d=\"M18.2 9.3l-6.2-6.3-6.2 6.3c-.2.2-.3.4-.3.7s.1.5.3.7c.2.2.4.3.7.3h11c.3 0 .5-.1.7-.3.2-.2.3-.5.3-.7s-.1-.5-.3-.7zM5.8 14.7l6.2 6.3 6.2-6.3c.2-.2.3-.5.3-.7s-.1-.5-.3-.7c-.2-.2-.4-.3-.7-.3h-11c-.3 0-.5.1-.7.3-.2.2-.3.5-.3.7s.1.5.3.7z\"\/><\/svg><\/span><\/span><\/span><\/a><\/span><\/div>\n<nav><ul class='ez-toc-list ez-toc-list-level-1' ><li class='ez-toc-page-1 ez-toc-heading-level-2'><a class=\"ez-toc-link ez-toc-heading-1\" href=\"https:\/\/mythslegendes.com\/es\/mitologia-escita\/#Mythologie-Scythe\" >Mitolog\u00eda escita<\/a><\/li><li class='ez-toc-page-1 ez-toc-heading-level-2'><a class=\"ez-toc-link ez-toc-heading-2\" href=\"https:\/\/mythslegendes.com\/es\/mitologia-escita\/#Mythologie-Scythe-textes\" >Mitolog\u00eda escita (textos)<\/a><\/li><li class='ez-toc-page-1 ez-toc-heading-level-2'><a class=\"ez-toc-link ez-toc-heading-3\" href=\"https:\/\/mythslegendes.com\/es\/mitologia-escita\/#Livres-sur-la-mythologie-Perse-Caucase\" >Libros sobre la mitolog\u00eda persa-cauc\u00e1sica<\/a><\/li><\/ul><\/nav><\/div>\n<h2 class=\"elementor-heading-title elementor-size-default\"><span class=\"ez-toc-section\" id=\"Mythologie-Scythe\"><\/span>Mitolog\u00eda escita<span class=\"ez-toc-section-end\"><\/span><\/h2>\t\t\t\t<\/div>\n\t\t\t\t<\/div>\n\t\t\t\t\t<\/div>\n\t\t<\/div>\n\t\t\t\t\t<\/div>\n\t\t<\/section>\n\t\t\t\t<section class=\"elementor-section elementor-top-section elementor-element elementor-element-45adf1e4 elementor-section-boxed elementor-section-height-default elementor-section-height-default\" data-id=\"45adf1e4\" data-element_type=\"section\" data-e-type=\"section\">\n\t\t\t\t\t\t<div class=\"elementor-container elementor-column-gap-default\">\n\t\t\t\t\t<div class=\"elementor-column elementor-col-100 elementor-top-column elementor-element elementor-element-11b48c5d\" data-id=\"11b48c5d\" data-element_type=\"column\" data-e-type=\"column\">\n\t\t\t<div class=\"elementor-widget-wrap elementor-element-populated\">\n\t\t\t\t\t\t<div class=\"elementor-element elementor-element-1582b4e7 elementor-widget elementor-widget-text-editor\" data-id=\"1582b4e7\" data-element_type=\"widget\" data-e-type=\"widget\" data-widget_type=\"text-editor.default\">\n\t\t\t\t<div class=\"elementor-widget-container\">\n\t\t\t\t\t\t\t\t\t<p><\/p>\n<p>La religi\u00f3n escita es el conjunto de relatos de los <a href=\"https:\/\/mythslegendes.com\/es\/\">mitolog\u00eda<\/a> escita, pr\u00e1cticas rituales y creencias de los escitas, uno de los pueblos iranios que ocuparon la estepa p\u00f3ntica y caspia en la antig\u00fcedad cl\u00e1sica. Lo poco que sabemos sobre religi\u00f3n proviene del trabajo del historiador y etn\u00f3grafo <a href=\"https:\/\/mythslegendes.com\/es\/mythes-et-legendes-grecques-1664\/\">Griego<\/a> v<sup>mi<\/sup> Herodoto del siglo.<\/p>\n<p>Se supone que est\u00e1 relacionado con la religi\u00f3n proto-indo-iran\u00ed m\u00e1s antigua e influenciado m\u00e1s tarde. <a href=\"https:\/\/mythslegendes.com\/es\/\">mitolog\u00edas<\/a> <a href=\"https:\/\/mythslegendes.com\/es\/mythes-et-legendes-slaves-1648\/\">eslavos<\/a>, h\u00fangaro y <a href=\"https:\/\/mythslegendes.com\/es\/mythes-et-legendes-turques-1708\/\">turco<\/a>, as\u00ed como las tradiciones <a href=\"https:\/\/mythslegendes.com\/es\/mitologia-ossete\/\">osetios<\/a> Se cree que desciende de la mitolog\u00eda escita.<\/p>\n<p><img decoding=\"async\" class=\"alignnone wp-image-5284 size-full\" src=\"https:\/\/mythslegendes.com\/wp-content\/uploads\/2020\/09\/AlphaOmega-e1602613368367.png\" alt=\"mitolog\u00eda escita\" width=\"25\" height=\"26\" title=\"\"><\/p>\n<p><\/p>\n<p><\/p>\t\t\t\t\t\t\t\t<\/div>\n\t\t\t\t<\/div>\n\t\t\t\t\t<\/div>\n\t\t<\/div>\n\t\t\t\t\t<\/div>\n\t\t<\/section>\n\t\t\t\t<section class=\"elementor-section elementor-top-section elementor-element elementor-element-401a6c0 elementor-section-boxed elementor-section-height-default elementor-section-height-default\" data-id=\"401a6c0\" data-element_type=\"section\" data-e-type=\"section\">\n\t\t\t\t\t\t<div class=\"elementor-container elementor-column-gap-default\">\n\t\t\t\t\t<div class=\"elementor-column elementor-col-100 elementor-top-column elementor-element elementor-element-9589ae1\" data-id=\"9589ae1\" data-element_type=\"column\" data-e-type=\"column\">\n\t\t\t<div class=\"elementor-widget-wrap elementor-element-populated\">\n\t\t\t\t\t\t<div class=\"elementor-element elementor-element-5844f92 elementor-widget elementor-widget-heading\" data-id=\"5844f92\" data-element_type=\"widget\" data-e-type=\"widget\" data-widget_type=\"heading.default\">\n\t\t\t\t<div class=\"elementor-widget-container\">\n\t\t\t\t\t<h2 class=\"elementor-heading-title elementor-size-default\"><span class=\"ez-toc-section\" id=\"Mythologie-Scythe-textes\"><\/span>Mitolog\u00eda escita (textos)<span class=\"ez-toc-section-end\"><\/span><\/h2>\t\t\t\t<\/div>\n\t\t\t\t<\/div>\n\t\t\t\t\t<\/div>\n\t\t<\/div>\n\t\t\t\t\t<\/div>\n\t\t<\/section>\n\t\t\t\t<section class=\"elementor-section elementor-top-section elementor-element elementor-element-c88d11b elementor-section-boxed elementor-section-height-default elementor-section-height-default\" data-id=\"c88d11b\" data-element_type=\"section\" data-e-type=\"section\">\n\t\t\t\t\t\t<div class=\"elementor-container elementor-column-gap-default\">\n\t\t\t\t\t<div class=\"elementor-column elementor-col-100 elementor-top-column elementor-element elementor-element-6ae7b54\" data-id=\"6ae7b54\" data-element_type=\"column\" data-e-type=\"column\">\n\t\t\t<div class=\"elementor-widget-wrap elementor-element-populated\">\n\t\t\t\t\t\t<div class=\"elementor-element elementor-element-862ddee elementor-widget elementor-widget-toggle\" data-id=\"862ddee\" data-element_type=\"widget\" data-e-type=\"widget\" data-widget_type=\"toggle.default\">\n\t\t\t\t<div class=\"elementor-widget-container\">\n\t\t\t\t\t\t\t<div class=\"elementor-toggle\">\n\t\t\t\t\t\t\t<div class=\"elementor-toggle-item\">\n\t\t\t\t\t<div id=\"elementor-tab-title-1401\" class=\"elementor-tab-title\" data-tab=\"1\" role=\"button\" aria-controls=\"elementor-tab-content-1401\" aria-expanded=\"false\">\n\t\t\t\t\t\t\t\t\t\t\t\t<span class=\"elementor-toggle-icon elementor-toggle-icon-left\" aria-hidden=\"true\">\n\t\t\t\t\t\t\t\t\t\t\t\t\t\t\t<span class=\"elementor-toggle-icon-closed\"><i class=\"fas fa-caret-right\"><\/i><\/span>\n\t\t\t\t\t\t\t\t<span class=\"elementor-toggle-icon-opened\"><i class=\"elementor-toggle-icon-opened fas fa-caret-up\"><\/i><\/span>\n\t\t\t\t\t\t\t\t\t\t\t\t\t<\/span>\n\t\t\t\t\t\t\t\t\t\t\t\t<a class=\"elementor-toggle-title\" tabindex=\"0\">Pueblos escitas<\/a>\n\t\t\t\t\t<\/div>\n\n\t\t\t\t\t<div id=\"elementor-tab-content-1401\" class=\"elementor-tab-content elementor-clearfix\" data-tab=\"1\" role=\"region\" aria-labelledby=\"elementor-tab-title-1401\"><ul>\n<li><strong><a href=\"https:\/\/mythslegendes.com\/es\/mitologia-escita\/los-cimerios\/\">Los cimerios<\/a><\/strong><\/li>\n<li><strong><a href=\"https:\/\/mythslegendes.com\/es\/mitologia-escita\/historia-de-los-pueblos-escita\/\">Historia de los pueblos escitas<\/a><\/strong><\/li>\n<li><strong><a href=\"https:\/\/mythslegendes.com\/es\/mitologia-escita\/los-sarmatianos\/\">Los sarmatianos<\/a><\/strong><\/li>\n<li><strong><a href=\"https:\/\/www.histoiredumonde.net\/Alains.html\" target=\"_blank\" rel=\"noopener\">Los alanos<\/a><\/strong><\/li>\n<li><strong><a href=\"https:\/\/mythslegendes.com\/es\/mitologia-escita\/los-escitas-y-nomadismo\/\">Los escitas y el nomadismo<\/a><\/strong><\/li>\n<li><strong><a href=\"https:\/\/mythslegendes.com\/es\/mitologia-escita\/ateas-rey-de-escitas\/\">Ateas rey de los escitas<\/a><\/strong><\/li>\n<li><strong><a href=\"https:\/\/mythslegendes.com\/wp-content\/uploads\/2020\/07\/074829freo.pdf\">Los plateros n\u00f3madas de la estepa (carta de la UNESCO)<\/a><\/strong><\/li>\n<li><strong><a href=\"https:\/\/factsanddetails.com\/asian\/cat65\/sub422\/item2700.html\" target=\"_blank\" rel=\"noopener\">Cultura escita<\/a><\/strong><\/li>\n<li><strong><a href=\"http:\/\/ossetians.com\/eng\/news.php?newsid=371&amp;f=3\" target=\"_blank\" rel=\"noopener\">Migraci\u00f3n y hunos<\/a><\/strong><\/li>\n<li><strong><a href=\"http:\/\/ossetians.com\/eng\/news.php?newsid=617&amp;f=3\" target=\"_blank\" rel=\"noopener\">Migraci\u00f3n a China<\/a><\/strong><\/li>\n<li><strong><a href=\"http:\/\/ossetians.com\/eng\/news.php?newsid=370\" target=\"_blank\" rel=\"noopener\">Guada\u00f1a y leyenda del Rey Arturo<\/a><\/strong><\/li>\n<li><strong><a href=\"https:\/\/culture.pl\/en\/article\/the-original-sarmatians-the-men-who-fought-attila-the-hun\" target=\"_blank\" rel=\"noopener\">Los s\u00e1rmatas y el Imperio Romano (fr)<\/a><\/strong><\/li>\n<\/ul><\/div>\n\t\t\t\t<\/div>\n\t\t\t\t\t\t\t<div class=\"elementor-toggle-item\">\n\t\t\t\t\t<div id=\"elementor-tab-title-1402\" class=\"elementor-tab-title\" data-tab=\"2\" role=\"button\" aria-controls=\"elementor-tab-content-1402\" aria-expanded=\"false\">\n\t\t\t\t\t\t\t\t\t\t\t\t<span class=\"elementor-toggle-icon elementor-toggle-icon-left\" aria-hidden=\"true\">\n\t\t\t\t\t\t\t\t\t\t\t\t\t\t\t<span class=\"elementor-toggle-icon-closed\"><i class=\"fas fa-caret-right\"><\/i><\/span>\n\t\t\t\t\t\t\t\t<span class=\"elementor-toggle-icon-opened\"><i class=\"elementor-toggle-icon-opened fas fa-caret-up\"><\/i><\/span>\n\t\t\t\t\t\t\t\t\t\t\t\t\t<\/span>\n\t\t\t\t\t\t\t\t\t\t\t\t<a class=\"elementor-toggle-title\" tabindex=\"0\">Leyendas escitas<\/a>\n\t\t\t\t\t<\/div>\n\n\t\t\t\t\t<div id=\"elementor-tab-content-1402\" class=\"elementor-tab-content elementor-clearfix\" data-tab=\"2\" role=\"region\" aria-labelledby=\"elementor-tab-title-1402\"><ul>\n<li><strong><a href=\"https:\/\/mythslegendes.com\/es\/mitologia-escita\/escitas\/\">Guada\u00f1as<\/a><\/strong><\/li>\n<li><strong><a href=\"https:\/\/mythslegendes.com\/es\/mitologia-escita\/coloxais\/\">Coloxais<\/a><\/strong><\/li>\n<li><strong><a href=\"https:\/\/mythslegendes.com\/es\/mitologia-escita\/guadana-de-panteon\/\">Pante\u00f3n escita<\/a><\/strong><\/li>\n<li><strong><a href=\"https:\/\/mythslegendes.com\/es\/mitologia-escita\/las-amazonas\/\">Las amazonas<\/a><\/strong><\/li>\n<\/ul><\/div>\n\t\t\t\t<\/div>\n\t\t\t\t\t\t\t\t<\/div>\n\t\t\t\t\t\t<\/div>\n\t\t\t\t<\/div>\n\t\t\t\t\t<\/div>\n\t\t<\/div>\n\t\t\t\t\t<\/div>\n\t\t<\/section>\n\t\t\t\t<section class=\"elementor-section elementor-top-section elementor-element elementor-element-348c868 elementor-section-boxed elementor-section-height-default elementor-section-height-default\" data-id=\"348c868\" data-element_type=\"section\" data-e-type=\"section\">\n\t\t\t\t\t\t<div class=\"elementor-container elementor-column-gap-default\">\n\t\t\t\t\t<div class=\"elementor-column elementor-col-100 elementor-top-column elementor-element elementor-element-0a5b782\" data-id=\"0a5b782\" data-element_type=\"column\" data-e-type=\"column\">\n\t\t\t<div class=\"elementor-widget-wrap elementor-element-populated\">\n\t\t\t\t\t\t<div class=\"elementor-element elementor-element-7543134 elementor-widget elementor-widget-heading\" data-id=\"7543134\" data-element_type=\"widget\" data-e-type=\"widget\" data-widget_type=\"heading.default\">\n\t\t\t\t<div class=\"elementor-widget-container\">\n\t\t\t\t\t<h2 class=\"elementor-heading-title elementor-size-default\"><span class=\"ez-toc-section\" id=\"Livres-sur-la-mythologie-Perse-Caucase\"><\/span>Libros sobre la mitolog\u00eda persa-cauc\u00e1sica<span class=\"ez-toc-section-end\"><\/span><\/h2>\t\t\t\t<\/div>\n\t\t\t\t<\/div>\n\t\t\t\t\t<\/div>\n\t\t<\/div>\n\t\t\t\t\t<\/div>\n\t\t<\/section>\n\t\t\t\t<section class=\"elementor-section elementor-top-section elementor-element elementor-element-2004772 elementor-section-boxed elementor-section-height-default elementor-section-height-default\" data-id=\"2004772\" data-element_type=\"section\" data-e-type=\"section\">\n\t\t\t\t\t\t<div class=\"elementor-container elementor-column-gap-default\">\n\t\t\t\t\t<div class=\"elementor-column elementor-col-100 elementor-top-column elementor-element elementor-element-a429388\" data-id=\"a429388\" data-element_type=\"column\" data-e-type=\"column\">\n\t\t\t<div class=\"elementor-widget-wrap elementor-element-populated\">\n\t\t\t\t\t\t<div class=\"elementor-element elementor-element-899f25d elementor-widget elementor-widget-text-editor\" data-id=\"899f25d\" data-element_type=\"widget\" data-e-type=\"widget\" data-widget_type=\"text-editor.default\">\n\t\t\t\t<div class=\"elementor-widget-container\">\n\t\t\t\t\t\t\t\t\t<p>C\u00f3mics \/ Ilustrados:<\/p>\n<p>En franc\u00e9s :<\/p>\n<ul>\n<li><a href=\"https:\/\/www.amazon.fr\/dp\/222622047X?&amp;linkCode=sl1&amp;tag=mythscience-21&amp;linkId=40bdf14c6bd71d939a5dfac1e03baaa0&amp;language=fr_FR&amp;ref_=as_li_ss_tl\" target=\"_blank\" rel=\"noopener\">Los Gathas: El Libro Sublime de Zaratustra<\/a><\/li>\n<li><a href=\"https:\/\/www.amazon.fr\/Mille-une-nuits-1\/dp\/2080712004?&amp;linkCode=sl1&amp;tag=mythscience-21&amp;linkId=14c2756ec1ca3d104bec51f79553e986&amp;language=fr_FR&amp;ref_=as_li_ss_tl\" target=\"_blank\" rel=\"noopener\">Las mil y una noches tomo 1<\/a><\/li>\n<li><a href=\"https:\/\/www.amazon.fr\/Mille-une-nuits-2\/dp\/2080712012?&amp;linkCode=sl1&amp;tag=mythscience-21&amp;linkId=c017c0fe0ea77f3ea146eff2acab509b&amp;language=fr_FR&amp;ref_=as_li_ss_tl\" target=\"_blank\" rel=\"noopener\">Las mil y una noches tomo 2<\/a><\/li>\n<li><a href=\"https:\/\/www.amazon.fr\/dp\/2080712020?&amp;linkCode=sl1&amp;tag=mythscience-21&amp;linkId=f35cde6584a81b60524744c2bed11c47&amp;language=fr_FR&amp;ref_=as_li_ss_tl\" target=\"_blank\" rel=\"noopener\">Las mil y una noches, tomo 3<\/a><\/li>\n<li><a href=\"https:\/\/www.amazon.fr\/dp\/2020826747?&amp;linkCode=ll1&amp;tag=mythscience-21&amp;linkId=22ec40209879f56fa52138df6e5d6540&amp;language=fr_FR&amp;ref_=as_li_ss_tl\" target=\"_blank\" rel=\"noopener\">Mani y la tradici\u00f3n maniquea<\/a><\/li>\n<li><a href=\"https:\/\/www.amazon.fr\/Jardins-lumi%C3%A8re-Amin-Maalouf\/dp\/2253061778?&amp;linkCode=sl1&amp;tag=mythscience-21&amp;linkId=330342fa90ce7d1a906a398cce4955d6&amp;language=fr_FR&amp;ref_=as_li_ss_tl\" target=\"_blank\" rel=\"noopener\">Los Jardines de la Luz<\/a><\/li>\n<li><a href=\"https:\/\/www.amazon.fr\/dp\/2262075972?&amp;linkCode=sl1&amp;tag=mythscience-21&amp;linkId=fccdc71d200bf465a70662cc473d3d4f&amp;language=fr_FR&amp;ref_=as_li_ss_tl\" target=\"_blank\" rel=\"noopener\">Ir\u00e1n, una historia de 4000 a\u00f1os<\/a><\/li>\n<li><a href=\"https:\/\/www.amazon.fr\/dp\/2070716465?&amp;linkCode=ll1&amp;tag=mythscience-21&amp;linkId=a6a358993f23db0ece7f2fd33b8e0c30&amp;language=fr_FR&amp;ref_=as_li_ss_tl\" target=\"_blank\" rel=\"noopener\">El libro de los h\u00e9roes<\/a><\/li>\n<li><a href=\"https:\/\/www.amazon.fr\/dp\/2070742768?&amp;linkCode=ll1&amp;tag=mythscience-21&amp;linkId=26101cb9016a649fb55013bf2f130f23&amp;language=fr_FR&amp;ref_=as_li_ss_tl\" target=\"_blank\" rel=\"noopener\">El Libro de Dede Korkut en el idioma del pueblo Oghuz<\/a><\/li>\n<li><a href=\"https:\/\/www.amazon.fr\/dp\/2081344610?&amp;linkCode=sl1&amp;tag=mythscience-21&amp;linkId=98eb9e2fdd51e12de5026cbba1079cc5&amp;language=fr_FR&amp;ref_=as_li_ss_tl\" target=\"_blank\" rel=\"noopener\">15 Cuentos de Armenia<\/a><\/li>\n<li><a href=\"https:\/\/www.amazon.fr\/dp\/2719107948?&amp;linkCode=ll1&amp;tag=mythscience-21&amp;linkId=98365bd6e6069b0860ab4f2c650a4ab6&amp;language=fr_FR&amp;ref_=as_li_ss_tl\" target=\"_blank\" rel=\"noopener\">Cuentos de Armenia: \u00e9pica, cuentos populares y leyendas<\/a><\/li>\n<li><a href=\"https:\/\/www.amazon.fr\/dp\/2226172033?&amp;linkCode=ll1&amp;tag=mythscience-21&amp;linkId=71ae7b3c6099b84a91e9be3a253ba65a&amp;language=fr_FR&amp;ref_=as_li_ss_tl\" target=\"_blank\" rel=\"noopener\">La leyenda armenia de David de Sassoun<\/a><\/li>\n<\/ul>\n<p>Solo en ingles:<\/p>\n<ul>\n<li><a href=\"https:\/\/www.amazon.fr\/dp\/B083XQ1MJC?&amp;linkCode=sl1&amp;tag=mythscience-21&amp;linkId=7533b2da7efa984dd75c1dbf59fe2781&amp;language=fr_FR&amp;ref_=as_li_ss_tl\" target=\"_blank\" rel=\"noopener\">Cuentos del Punjab<\/a><\/li>\n<li><a href=\"https:\/\/www.amazon.fr\/dp\/1794165916?&amp;linkCode=sl1&amp;tag=mythscience-21&amp;linkId=0691f3756390f3ea3b61a71e2947c66e&amp;language=fr_FR&amp;ref_=as_li_ss_tl\" target=\"_blank\" rel=\"noopener\">Mesopotamia: una gu\u00eda fascinante de la historia y las civilizaciones de la antigua Mesopotamia<\/a><\/li>\n<li><a href=\"https:\/\/www.amazon.fr\/Legends-Caucasus-David-Hunt\/dp\/0863564739?_encoding=UTF8&amp;qid=&amp;sr=&amp;linkCode=sl1&amp;tag=mythscience-21&amp;linkId=948a8a9fad0dcbbd1e803a2f1f206d4d&amp;language=fr_FR&amp;ref_=as_li_ss_tl\" target=\"_blank\" rel=\"noopener\">Leyendas del C\u00e1ucaso (Edici\u00f3n en Espa\u00f1ol)<\/a><\/li>\n<li><a href=\"https:\/\/www.amazon.fr\/Nart-Sagas-Legends-Ancient-Caucasus\/dp\/0691169144?&amp;linkCode=sl1&amp;tag=mythscience-21&amp;linkId=d500d2f590d0370fc71ad1b5f4fe81f6&amp;language=fr_FR&amp;ref_=as_li_ss_tl\" target=\"_blank\" rel=\"noopener\">Nart Sagas \u2013 Mitos y Leyendas del C\u00e1ucaso Antiguo<\/a><\/li>\n<\/ul>\t\t\t\t\t\t\t\t<\/div>\n\t\t\t\t<\/div>\n\t\t\t\t\t<\/div>\n\t\t<\/div>\n\t\t\t\t\t<\/div>\n\t\t<\/section>\n\t\t\t\t<\/div>","protected":false},"excerpt":{"rendered":"<p>Retour au Groupe Culturel Boutique D\u00e9di\u00e9e Wiki Mythologie Scythe La religion scythe est l&rsquo;ensemble des r\u00e9cits de la mythologie scythe, &hellip; <\/p>","protected":false},"author":1,"featured_media":1550,"parent":0,"menu_order":1,"comment_status":"closed","ping_status":"closed","template":"","meta":{"footnotes":""},"class_list":["post-2845","page","type-page","status-publish","has-post-thumbnail","hentry"],"amp_enabled":true,"_links":{"self":[{"href":"https:\/\/mythslegendes.com\/es\/wp-json\/wp\/v2\/pages\/2845","targetHints":{"allow":["GET"]}}],"collection":[{"href":"https:\/\/mythslegendes.com\/es\/wp-json\/wp\/v2\/pages"}],"about":[{"href":"https:\/\/mythslegendes.com\/es\/wp-json\/wp\/v2\/types\/page"}],"author":[{"embeddable":true,"href":"https:\/\/mythslegendes.com\/es\/wp-json\/wp\/v2\/users\/1"}],"replies":[{"embeddable":true,"href":"https:\/\/mythslegendes.com\/es\/wp-json\/wp\/v2\/comments?post=2845"}],"version-history":[{"count":9,"href":"https:\/\/mythslegendes.com\/es\/wp-json\/wp\/v2\/pages\/2845\/revisions"}],"predecessor-version":[{"id":27309,"href":"https:\/\/mythslegendes.com\/es\/wp-json\/wp\/v2\/pages\/2845\/revisions\/27309"}],"wp:featuredmedia":[{"embeddable":true,"href":"https:\/\/mythslegendes.com\/es\/wp-json\/wp\/v2\/media\/1550"}],"wp:attachment":[{"href":"https:\/\/mythslegendes.com\/es\/wp-json\/wp\/v2\/media?parent=2845"}],"curies":[{"name":"wp","href":"https:\/\/api.w.org\/{rel}","templated":true}]}}