{"id":2856,"date":"2020-07-22T10:46:33","date_gmt":"2020-07-22T09:46:33","guid":{"rendered":"https:\/\/mythslegendes.com\/?page_id=2856"},"modified":"2022-12-03T22:07:13","modified_gmt":"2022-12-03T22:07:13","slug":"les-cimmeriens","status":"publish","type":"page","link":"https:\/\/mythslegendes.com\/es\/mitologia-escita\/los-cimerios\/","title":{"rendered":"Los cimerios"},"content":{"rendered":"<div data-elementor-type=\"wp-page\" data-elementor-id=\"2856\" class=\"elementor elementor-2856\">\n\t\t\t\t\t\t<section class=\"elementor-section elementor-top-section elementor-element elementor-element-6e87371 elementor-section-boxed elementor-section-height-default elementor-section-height-default\" data-id=\"6e87371\" data-element_type=\"section\" data-e-type=\"section\">\n\t\t\t\t\t\t<div class=\"elementor-container elementor-column-gap-default\">\n\t\t\t\t\t<div class=\"elementor-column elementor-col-50 elementor-top-column elementor-element elementor-element-2caf69c\" data-id=\"2caf69c\" data-element_type=\"column\" data-e-type=\"column\">\n\t\t\t<div class=\"elementor-widget-wrap elementor-element-populated\">\n\t\t\t\t\t\t<div class=\"elementor-element elementor-element-f22063e elementor-align-justify elementor-widget elementor-widget-button\" data-id=\"f22063e\" data-element_type=\"widget\" data-e-type=\"widget\" data-widget_type=\"button.default\">\n\t\t\t\t<div class=\"elementor-widget-container\">\n\t\t\t\t\t\t\t\t\t<div class=\"elementor-button-wrapper\">\n\t\t\t\t\t<a class=\"elementor-button elementor-button-link elementor-size-sm\" href=\"https:\/\/mythslegendes.com\/es\/mitologia-escita\/\">\n\t\t\t\t\t\t<span class=\"elementor-button-content-wrapper\">\n\t\t\t\t\t\t\t\t\t<span class=\"elementor-button-text\">Mitolog\u00eda escita<\/span>\n\t\t\t\t\t<\/span>\n\t\t\t\t\t<\/a>\n\t\t\t\t<\/div>\n\t\t\t\t\t\t\t\t<\/div>\n\t\t\t\t<\/div>\n\t\t\t\t\t<\/div>\n\t\t<\/div>\n\t\t\t\t<div class=\"elementor-column elementor-col-50 elementor-top-column elementor-element elementor-element-1292841\" data-id=\"1292841\" data-element_type=\"column\" data-e-type=\"column\">\n\t\t\t<div class=\"elementor-widget-wrap elementor-element-populated\">\n\t\t\t\t\t\t<div class=\"elementor-element elementor-element-e0ec5b1 elementor-align-justify elementor-widget elementor-widget-button\" data-id=\"e0ec5b1\" data-element_type=\"widget\" data-e-type=\"widget\" data-widget_type=\"button.default\">\n\t\t\t\t<div class=\"elementor-widget-container\">\n\t\t\t\t\t\t\t\t\t<div class=\"elementor-button-wrapper\">\n\t\t\t\t\t<a class=\"elementor-button elementor-button-link elementor-size-sm\" href=\"https:\/\/fr.wikipedia.org\/wiki\/Religion_scythe\" target=\"_blank\" rel=\"noopener\">\n\t\t\t\t\t\t<span class=\"elementor-button-content-wrapper\">\n\t\t\t\t\t\t\t\t\t<span class=\"elementor-button-text\">Wiki<\/span>\n\t\t\t\t\t<\/span>\n\t\t\t\t\t<\/a>\n\t\t\t\t<\/div>\n\t\t\t\t\t\t\t\t<\/div>\n\t\t\t\t<\/div>\n\t\t\t\t\t<\/div>\n\t\t<\/div>\n\t\t\t\t\t<\/div>\n\t\t<\/section>\n\t\t\t\t<section class=\"elementor-section elementor-top-section elementor-element elementor-element-2e975d9 elementor-section-boxed elementor-section-height-default elementor-section-height-default\" data-id=\"2e975d9\" data-element_type=\"section\" data-e-type=\"section\">\n\t\t\t\t\t\t<div class=\"elementor-container elementor-column-gap-default\">\n\t\t\t\t\t<div class=\"elementor-column elementor-col-100 elementor-top-column elementor-element elementor-element-4bee483\" data-id=\"4bee483\" data-element_type=\"column\" data-e-type=\"column\">\n\t\t\t<div class=\"elementor-widget-wrap elementor-element-populated\">\n\t\t\t\t\t\t<div class=\"elementor-element elementor-element-f732aa2 elementor-widget elementor-widget-text-editor\" data-id=\"f732aa2\" data-element_type=\"widget\" data-e-type=\"widget\" data-widget_type=\"text-editor.default\">\n\t\t\t\t<div class=\"elementor-widget-container\">\n\t\t\t\t\t\t\t\t\t<p>Antes de <a href=\"https:\/\/mythslegendes.com\/es\/mitologia-escita\/\">cimerios<\/a>, los antepasados de los pueblos escitas est\u00e1n representados, en la Edad del Bronce, por las culturas de las &quot;tumbas de armaz\u00f3n&quot; (entre Danubio y Volga) y Andronovo (entre Volga y Amou-Darya), vinculadas gen\u00e9ticamente al complejo Neol\u00edtico y Calcol\u00edtico. kourgans&quot; que la mayor\u00eda de los arque\u00f3logos identifican con la unidad indoeuropea.<\/p>\n<p><img decoding=\"async\" class=\"alignnone wp-image-5284 size-full\" src=\"https:\/\/mythslegendes.com\/wp-content\/uploads\/2020\/09\/AlphaOmega-e1602613368367.png\" alt=\"Los cimerios\" width=\"25\" height=\"26\" title=\"\"><\/p>\t\t\t\t\t\t\t\t<\/div>\n\t\t\t\t<\/div>\n\t\t\t\t\t<\/div>\n\t\t<\/div>\n\t\t\t\t\t<\/div>\n\t\t<\/section>\n\t\t\t\t<section class=\"elementor-section elementor-top-section elementor-element elementor-element-bda8f43 elementor-section-boxed elementor-section-height-default elementor-section-height-default\" data-id=\"bda8f43\" data-element_type=\"section\" data-e-type=\"section\">\n\t\t\t\t\t\t<div class=\"elementor-container elementor-column-gap-default\">\n\t\t\t\t\t<div class=\"elementor-column elementor-col-100 elementor-top-column elementor-element elementor-element-b299d08\" data-id=\"b299d08\" data-element_type=\"column\" data-e-type=\"column\">\n\t\t\t<div class=\"elementor-widget-wrap elementor-element-populated\">\n\t\t\t\t\t\t<div class=\"elementor-element elementor-element-f0ae978 elementor-widget elementor-widget-heading\" data-id=\"f0ae978\" data-element_type=\"widget\" data-e-type=\"widget\" data-widget_type=\"heading.default\">\n\t\t\t\t<div class=\"elementor-widget-container\">\n\t\t\t\t\t<div id=\"ez-toc-container\" class=\"ez-toc-v2_0_82_2 counter-hierarchy ez-toc-counter ez-toc-grey ez-toc-container-direction\">\n<div class=\"ez-toc-title-container\">\n<p class=\"ez-toc-title\" style=\"cursor:inherit\">Contenido<\/p>\n<span class=\"ez-toc-title-toggle\"><a href=\"#\" class=\"ez-toc-pull-right ez-toc-btn ez-toc-btn-xs ez-toc-btn-default ez-toc-toggle\" aria-label=\"Alternar tabla de contenidos\"><span class=\"ez-toc-js-icon-con\"><span class=\"\"><span class=\"eztoc-hide\" style=\"display:none;\">Palanca<\/span><span class=\"ez-toc-icon-toggle-span\"><svg style=\"fill: #999;color:#999\" xmlns=\"http:\/\/www.w3.org\/2000\/svg\" class=\"list-377408\" width=\"20px\" height=\"20px\" viewbox=\"0 0 24 24\" fill=\"none\"><path d=\"M6 6H4v2h2V6zm14 0H8v2h12V6zM4 11h2v2H4v-2zm16 0H8v2h12v-2zM4 16h2v2H4v-2zm16 0H8v2h12v-2z\" fill=\"currentColor\"><\/path><\/svg><svg style=\"fill: #999;color:#999\" class=\"arrow-unsorted-368013\" xmlns=\"http:\/\/www.w3.org\/2000\/svg\" width=\"10px\" height=\"10px\" viewbox=\"0 0 24 24\" version=\"1.2\" baseprofile=\"tiny\"><path d=\"M18.2 9.3l-6.2-6.3-6.2 6.3c-.2.2-.3.4-.3.7s.1.5.3.7c.2.2.4.3.7.3h11c.3 0 .5-.1.7-.3.2-.2.3-.5.3-.7s-.1-.5-.3-.7zM5.8 14.7l6.2 6.3 6.2-6.3c.2-.2.3-.5.3-.7s-.1-.5-.3-.7c-.2-.2-.4-.3-.7-.3h-11c-.3 0-.5.1-.7.3-.2.2-.3.5-.3.7s.1.5.3.7z\"\/><\/svg><\/span><\/span><\/span><\/a><\/span><\/div>\n<nav><ul class='ez-toc-list ez-toc-list-level-1' ><li class='ez-toc-page-1 ez-toc-heading-level-2'><a class=\"ez-toc-link ez-toc-heading-1\" href=\"https:\/\/mythslegendes.com\/es\/mitologia-escita\/los-cimerios\/#Les-Cimmeriens\" >Los cimerios<\/a><\/li><\/ul><\/nav><\/div>\n<h2 class=\"elementor-heading-title elementor-size-default\"><span class=\"ez-toc-section\" id=\"Les-Cimmeriens\"><\/span>Los cimerios<span class=\"ez-toc-section-end\"><\/span><\/h2>\t\t\t\t<\/div>\n\t\t\t\t<\/div>\n\t\t\t\t\t<\/div>\n\t\t<\/div>\n\t\t\t\t\t<\/div>\n\t\t<\/section>\n\t\t\t\t<section class=\"elementor-section elementor-top-section elementor-element elementor-element-93114ac elementor-section-boxed elementor-section-height-default elementor-section-height-default\" data-id=\"93114ac\" data-element_type=\"section\" data-e-type=\"section\">\n\t\t\t\t\t\t<div class=\"elementor-container elementor-column-gap-default\">\n\t\t\t\t\t<div class=\"elementor-column elementor-col-100 elementor-top-column elementor-element elementor-element-39e3df8a\" data-id=\"39e3df8a\" data-element_type=\"column\" data-e-type=\"column\">\n\t\t\t<div class=\"elementor-widget-wrap elementor-element-populated\">\n\t\t\t\t\t\t<div class=\"elementor-element elementor-element-3af17260 elementor-widget elementor-widget-text-editor\" data-id=\"3af17260\" data-element_type=\"widget\" data-e-type=\"widget\" data-widget_type=\"text-editor.default\">\n\t\t\t\t<div class=\"elementor-widget-container\">\n\t\t\t\t\t\t\t\t\t<p><\/p>\n<p>Su etnog\u00e9nesis est\u00e1 por tanto ligada a las estepas que ser\u00e1n su dominio casi exclusivo a lo largo de la Antig\u00fcedad. Es importante subrayar esto, porque los t\u00e9rminos &quot;iran\u00edes&quot; o &quot;hablantes de iran\u00ed&quot; pueden ser fuente de confusi\u00f3n: la familia ling\u00fc\u00edstica <a href=\"https:\/\/mythslegendes.com\/es\/mitologia-del-gran-iran\/\">iran\u00ed<\/a> va mucho m\u00e1s all\u00e1 de los l\u00edmites del Ir\u00e1n actual, del que no es nativa.<\/p>\n<p><\/p>\n<p>El primer etn\u00f3nimo conocido en las estepas es el de los cimerios.<br \/>Este nombre cubre las poblaciones de guerreros n\u00f3madas en el sur de Ucrania y Crimea, y probablemente de la cultura de las &quot;tumbas de marco&quot;. Seg\u00fan Her\u00f3doto, los cimerios fueron expulsados por los <a href=\"https:\/\/mythslegendes.com\/es\/mitologia-escita\/\">Escitas<\/a> quien los hubiera perseguido hasta Asia. De hecho, las fuentes asirias los mencionan a principios del siglo VII a. AD como asociados (\u00bfvasallos?) de los escitas.<\/p>\n<p><\/p>\n<p>En algunos aspectos, los cimerios presagian claramente a los escitas, hasta el punto de que despu\u00e9s de haber sido declarados de origen tracio durante mucho tiempo, y sin pruebas, la tendencia actual es considerarlos como iran\u00edes o al menos como una poblaci\u00f3n dominada por un estrato. . El hecho de que los cimerios y los escitas parezcan provenir de la misma cultura de las &quot;tumbas de marco&quot;, la etimolog\u00eda iran\u00ed de los nombres de los reyes cimerios propuesta por V. Abayev, en realidad va en esta direcci\u00f3n.<\/p>\n<p>Algunos arque\u00f3logos rusos, sin embargo, sostienen que los cimerios no son una realidad \u00e9tnica, sino un nombre global dado a diferentes poblaciones n\u00f3madas que comparten la misma forma de vida. Estos puntos de vista no son, adem\u00e1s, completamente irreconciliables: en los siguientes per\u00edodos veremos los nombres de los escitas y los alanos, inicialmente designando grupos \u00e9tnicos iran\u00edes, para extenderse a diversas poblaciones subyugadas; Herodoto lo dice expresamente sobre los escitas, Ammien Marcellinus sobre los alanos.<\/p>\n<p><\/p>\n<p>Existen estrechos v\u00ednculos entre los restos atribuidos a los cimerios en Ucrania y la cultura cauc\u00e1sica de Koban (siglos XII-IV aC, per\u00edodo \u201ccl\u00e1sico\u201d en los siglos XI-VII). Las armas, por ejemplo, tienen algunas similitudes sorprendentes. Es muy poco probable que los &quot;kobanianos&quot; fueran cimerios; m\u00e1s bien, es una etnia ind\u00edgena con una lengua protocauc\u00e1sica. <\/p>\n<p>Pero tenemos aqu\u00ed un testimonio significativo de contactos culturales entre las estepas p\u00f3nticas y el C\u00e1ucaso. Es interesante se\u00f1alar, por un lado, que la memoria de los cimerios se ha conservado en el C\u00e1ucaso (georgiano gmiri &quot;h\u00e9roe&quot;, <a href=\"https:\/\/mythslegendes.com\/es\/mitologia-ossete\/\">osetia<\/a> gwymiry, gumeri &quot;gigante legendario&quot;), por otro lado que los &quot;kobanianos&quot; desempe\u00f1aron un papel de sustrato \u00e9tnico dentro de las poblaciones de habla iran\u00ed que los sucedieron, incluidos los alanos.<\/p>\n<p><\/p>\n<p>De hecho, si esta civilizaci\u00f3n es designada con el nombre de un pueblo de<a href=\"https:\/\/mythslegendes.com\/es\/mitologia-ossete\/\">Osetia<\/a>, cubre gran parte del futuro <a href=\"https:\/\/mythslegendes.com\/es\/karachay-balkar-mitologia\/\">Alania<\/a> entre los cursos de los r\u00edos Kuban y Terek, y tambi\u00e9n el territorio de Osetia del Sur (sitio de Tli). A lo largo de esta zona, hay objetos de bronce de alta calidad y luego de hierro.<\/p>\n<p>Las m\u00e1s caracter\u00edsticas son las armas (dagas, y quiz\u00e1s hachas emblem\u00e1ticas o de desfile), joyas, placas y hebillas de cintur\u00f3n. Muchos llevan decoraciones a base de motivos geom\u00e9tricos y sobre todo animales, en un estilo muy diferente al arte animal de las estepas. Tambi\u00e9n se encontr\u00f3 en Tli un cintur\u00f3n de metal originario de la tierra de Urartu (<a href=\"https:\/\/mythslegendes.com\/es\/mitologia-armenia\/\">Armenia<\/a>): bot\u00edn que revela expediciones militares a Transcaucasia, o producto del comercio o trueque?<\/p>\n<p><\/p>\n<p>El arte de Koban tiene muchos temas de apariencia mitol\u00f3gica. Su clave de interpretaci\u00f3n se ha perdido, pero es probable que las representaciones religiosas de los &quot;kobanianos&quot; hayan pasado en parte a la mitolog\u00eda de sus conquistadores iran\u00edes ya las de los diversos pueblos del norte del C\u00e1ucaso.<\/p>\n<p><\/p>\t\t\t\t\t\t\t\t<\/div>\n\t\t\t\t<\/div>\n\t\t\t\t\t<\/div>\n\t\t<\/div>\n\t\t\t\t\t<\/div>\n\t\t<\/section>\n\t\t\t\t<\/div>","protected":false},"excerpt":{"rendered":"<p>Mythologie Scythe Wiki Avant les Cimm\u00e9riens, les anc\u00eatres des peuples scythiques sont repr\u00e9sent\u00e9s, \u00e0 l\u2019Age du Bronze, par les cultures &hellip; <\/p>","protected":false},"author":1,"featured_media":0,"parent":2845,"menu_order":0,"comment_status":"closed","ping_status":"closed","template":"","meta":{"footnotes":""},"class_list":["post-2856","page","type-page","status-publish","hentry"],"amp_enabled":true,"_links":{"self":[{"href":"https:\/\/mythslegendes.com\/es\/wp-json\/wp\/v2\/pages\/2856","targetHints":{"allow":["GET"]}}],"collection":[{"href":"https:\/\/mythslegendes.com\/es\/wp-json\/wp\/v2\/pages"}],"about":[{"href":"https:\/\/mythslegendes.com\/es\/wp-json\/wp\/v2\/types\/page"}],"author":[{"embeddable":true,"href":"https:\/\/mythslegendes.com\/es\/wp-json\/wp\/v2\/users\/1"}],"replies":[{"embeddable":true,"href":"https:\/\/mythslegendes.com\/es\/wp-json\/wp\/v2\/comments?post=2856"}],"version-history":[{"count":1,"href":"https:\/\/mythslegendes.com\/es\/wp-json\/wp\/v2\/pages\/2856\/revisions"}],"predecessor-version":[{"id":24863,"href":"https:\/\/mythslegendes.com\/es\/wp-json\/wp\/v2\/pages\/2856\/revisions\/24863"}],"up":[{"embeddable":true,"href":"https:\/\/mythslegendes.com\/es\/wp-json\/wp\/v2\/pages\/2845"}],"wp:attachment":[{"href":"https:\/\/mythslegendes.com\/es\/wp-json\/wp\/v2\/media?parent=2856"}],"curies":[{"name":"wp","href":"https:\/\/api.w.org\/{rel}","templated":true}]}}