{"id":2864,"date":"2020-07-22T10:57:36","date_gmt":"2020-07-22T09:57:36","guid":{"rendered":"https:\/\/mythslegendes.com\/?page_id=2864"},"modified":"2020-11-21T18:01:02","modified_gmt":"2020-11-21T18:01:02","slug":"les-scythes-et-le-nomadisme","status":"publish","type":"page","link":"https:\/\/mythslegendes.com\/es\/mitologia-escita\/los-escitas-y-nomadismo\/","title":{"rendered":"Los escitas y el nomadismo"},"content":{"rendered":"\t\t<div data-elementor-type=\"wp-page\" data-elementor-id=\"2864\" class=\"elementor elementor-2864\">\n\t\t\t\t\t\t<section class=\"elementor-section elementor-top-section elementor-element elementor-element-6c4d1da elementor-section-boxed elementor-section-height-default elementor-section-height-default\" data-id=\"6c4d1da\" data-element_type=\"section\" data-e-type=\"section\">\n\t\t\t\t\t\t<div class=\"elementor-container elementor-column-gap-default\">\n\t\t\t\t\t<div class=\"elementor-column elementor-col-50 elementor-top-column elementor-element elementor-element-2f35ca2\" data-id=\"2f35ca2\" data-element_type=\"column\" data-e-type=\"column\">\n\t\t\t<div class=\"elementor-widget-wrap elementor-element-populated\">\n\t\t\t\t\t\t<div class=\"elementor-element elementor-element-303c66f elementor-align-justify elementor-widget elementor-widget-button\" data-id=\"303c66f\" data-element_type=\"widget\" data-e-type=\"widget\" data-widget_type=\"button.default\">\n\t\t\t\t<div class=\"elementor-widget-container\">\n\t\t\t\t\t\t\t\t\t<div class=\"elementor-button-wrapper\">\n\t\t\t\t\t<a class=\"elementor-button elementor-button-link elementor-size-sm\" href=\"https:\/\/mythslegendes.com\/mythologie-scythe\/\">\n\t\t\t\t\t\t<span class=\"elementor-button-content-wrapper\">\n\t\t\t\t\t\t\t\t\t<span class=\"elementor-button-text\">Mythologie Scythe<\/span>\n\t\t\t\t\t<\/span>\n\t\t\t\t\t<\/a>\n\t\t\t\t<\/div>\n\t\t\t\t\t\t\t\t<\/div>\n\t\t\t\t<\/div>\n\t\t\t\t\t<\/div>\n\t\t<\/div>\n\t\t\t\t<div class=\"elementor-column elementor-col-50 elementor-top-column elementor-element elementor-element-eb173f3\" data-id=\"eb173f3\" data-element_type=\"column\" data-e-type=\"column\">\n\t\t\t<div class=\"elementor-widget-wrap elementor-element-populated\">\n\t\t\t\t\t\t<div class=\"elementor-element elementor-element-51877cf elementor-align-justify elementor-widget elementor-widget-button\" data-id=\"51877cf\" data-element_type=\"widget\" data-e-type=\"widget\" data-widget_type=\"button.default\">\n\t\t\t\t<div class=\"elementor-widget-container\">\n\t\t\t\t\t\t\t\t\t<div class=\"elementor-button-wrapper\">\n\t\t\t\t\t<a class=\"elementor-button elementor-button-link elementor-size-sm\" href=\"https:\/\/fr.wikipedia.org\/wiki\/Religion_scythe\" target=\"_blank\" rel=\"noopener\">\n\t\t\t\t\t\t<span class=\"elementor-button-content-wrapper\">\n\t\t\t\t\t\t\t\t\t<span class=\"elementor-button-text\">Wiki<\/span>\n\t\t\t\t\t<\/span>\n\t\t\t\t\t<\/a>\n\t\t\t\t<\/div>\n\t\t\t\t\t\t\t\t<\/div>\n\t\t\t\t<\/div>\n\t\t\t\t\t<\/div>\n\t\t<\/div>\n\t\t\t\t\t<\/div>\n\t\t<\/section>\n\t\t\t\t<section class=\"elementor-section elementor-top-section elementor-element elementor-element-0f09cfe elementor-section-boxed elementor-section-height-default elementor-section-height-default\" data-id=\"0f09cfe\" data-element_type=\"section\" data-e-type=\"section\">\n\t\t\t\t\t\t<div class=\"elementor-container elementor-column-gap-default\">\n\t\t\t\t\t<div class=\"elementor-column elementor-col-100 elementor-top-column elementor-element elementor-element-93ccec2\" data-id=\"93ccec2\" data-element_type=\"column\" data-e-type=\"column\">\n\t\t\t<div class=\"elementor-widget-wrap elementor-element-populated\">\n\t\t\t\t\t\t<div class=\"elementor-element elementor-element-59bdff8 elementor-widget elementor-widget-text-editor\" data-id=\"59bdff8\" data-element_type=\"widget\" data-e-type=\"widget\" data-widget_type=\"text-editor.default\">\n\t\t\t\t<div class=\"elementor-widget-container\">\n\t\t\t\t\t\t\t\t\t<p>Les peuples <a href=\"https:\/\/mythslegendes.com\/es\/mitologia-escita\/\">scythes<\/a> pratiquaient le nomadisme. Selon H\u00e9rodote, \u00ab La Scythie a donc la forme d\u2019un grand quadrilat\u00e8re ; deux de ses c\u00f4t\u00e9s s\u2019\u00e9tendent le long de la mer et l\u2019espace qu\u2019elle occupe vers le milieu des terres est parfaitement \u00e9gal \u00e0 celui qu\u2019elle a le long des c\u00f4tes. En effet, depuis l\u2019Istros jusqu\u2019au Borysth\u00e8ne, il y a dix journ\u00e9es de chemin ; du Borysth\u00e8ne au Palus Maiotis, il y en a dix autres : et depuis la mer, en remontant par le milieu des terres jusqu\u2019au pays des M\u00e9lanchlaines, qui habitent au-dessus des Scythes, il y a vingt jours de marche. <\/p>\t\t\t\t\t\t\t\t<\/div>\n\t\t\t\t<\/div>\n\t\t\t\t\t<\/div>\n\t\t<\/div>\n\t\t\t\t\t<\/div>\n\t\t<\/section>\n\t\t\t\t<section class=\"elementor-section elementor-top-section elementor-element elementor-element-b18f0ce elementor-section-boxed elementor-section-height-default elementor-section-height-default\" data-id=\"b18f0ce\" data-element_type=\"section\" data-e-type=\"section\">\n\t\t\t\t\t\t<div class=\"elementor-container elementor-column-gap-default\">\n\t\t\t\t\t<div class=\"elementor-column elementor-col-100 elementor-top-column elementor-element elementor-element-15da9cc\" data-id=\"15da9cc\" data-element_type=\"column\" data-e-type=\"column\">\n\t\t\t<div class=\"elementor-widget-wrap elementor-element-populated\">\n\t\t\t\t\t\t<div class=\"elementor-element elementor-element-daf27d2 elementor-widget elementor-widget-heading\" data-id=\"daf27d2\" data-element_type=\"widget\" data-e-type=\"widget\" data-widget_type=\"heading.default\">\n\t\t\t\t<div class=\"elementor-widget-container\">\n\t\t\t\t\t<div id=\"ez-toc-container\" class=\"ez-toc-v2_0_82_2 counter-hierarchy ez-toc-counter ez-toc-grey ez-toc-container-direction\">\n<div class=\"ez-toc-title-container\">\n<p class=\"ez-toc-title\" style=\"cursor:inherit\">Contenus<\/p>\n<span class=\"ez-toc-title-toggle\"><a href=\"#\" class=\"ez-toc-pull-right ez-toc-btn ez-toc-btn-xs ez-toc-btn-default ez-toc-toggle\" aria-label=\"Alternar tabla de contenidos\"><span class=\"ez-toc-js-icon-con\"><span class=\"\"><span class=\"eztoc-hide\" style=\"display:none;\">Toggle<\/span><span class=\"ez-toc-icon-toggle-span\"><svg style=\"fill: #999;color:#999\" xmlns=\"http:\/\/www.w3.org\/2000\/svg\" class=\"list-377408\" width=\"20px\" height=\"20px\" viewBox=\"0 0 24 24\" fill=\"none\"><path d=\"M6 6H4v2h2V6zm14 0H8v2h12V6zM4 11h2v2H4v-2zm16 0H8v2h12v-2zM4 16h2v2H4v-2zm16 0H8v2h12v-2z\" fill=\"currentColor\"><\/path><\/svg><svg style=\"fill: #999;color:#999\" class=\"arrow-unsorted-368013\" xmlns=\"http:\/\/www.w3.org\/2000\/svg\" width=\"10px\" height=\"10px\" viewBox=\"0 0 24 24\" version=\"1.2\" baseProfile=\"tiny\"><path d=\"M18.2 9.3l-6.2-6.3-6.2 6.3c-.2.2-.3.4-.3.7s.1.5.3.7c.2.2.4.3.7.3h11c.3 0 .5-.1.7-.3.2-.2.3-.5.3-.7s-.1-.5-.3-.7zM5.8 14.7l6.2 6.3 6.2-6.3c.2-.2.3-.5.3-.7s-.1-.5-.3-.7c-.2-.2-.4-.3-.7-.3h-11c-.3 0-.5.1-.7.3-.2.2-.3.5-.3.7s.1.5.3.7z\"\/><\/svg><\/span><\/span><\/span><\/a><\/span><\/div>\n<nav><ul class='ez-toc-list ez-toc-list-level-1 ' ><li class='ez-toc-page-1 ez-toc-heading-level-2'><a class=\"ez-toc-link ez-toc-heading-1\" href=\"https:\/\/mythslegendes.com\/es\/mitologia-escita\/los-escitas-y-nomadismo\/#Les-scythes-et-le-nomadisme\" >Les scythes et le nomadisme<\/a><\/li><li class='ez-toc-page-1 ez-toc-heading-level-2'><a class=\"ez-toc-link ez-toc-heading-2\" href=\"https:\/\/mythslegendes.com\/es\/mitologia-escita\/los-escitas-y-nomadismo\/#Les-steppes-de-Scythie\" >Les steppes de Scythie<\/a><\/li><li class='ez-toc-page-1 ez-toc-heading-level-2'><a class=\"ez-toc-link ez-toc-heading-3\" href=\"https:\/\/mythslegendes.com\/es\/mitologia-escita\/los-escitas-y-nomadismo\/#Les-Scythes-evoques-dans-la-Bible\" >Les Scythes \u00e9voqu\u00e9s dans la Bible<\/a><\/li><\/ul><\/nav><\/div>\n<h2 class=\"elementor-heading-title elementor-size-default\"><span class=\"ez-toc-section\" id=\"Les-scythes-et-le-nomadisme\"><\/span>Les scythes et le nomadisme<span class=\"ez-toc-section-end\"><\/span><\/h2>\t\t\t\t<\/div>\n\t\t\t\t<\/div>\n\t\t\t\t\t<\/div>\n\t\t<\/div>\n\t\t\t\t\t<\/div>\n\t\t<\/section>\n\t\t\t\t<section class=\"elementor-section elementor-top-section elementor-element elementor-element-52c2fbe6 elementor-section-boxed elementor-section-height-default elementor-section-height-default\" data-id=\"52c2fbe6\" data-element_type=\"section\" data-e-type=\"section\">\n\t\t\t\t\t\t<div class=\"elementor-container elementor-column-gap-default\">\n\t\t\t\t\t<div class=\"elementor-column elementor-col-100 elementor-top-column elementor-element elementor-element-2ca7e630\" data-id=\"2ca7e630\" data-element_type=\"column\" data-e-type=\"column\">\n\t\t\t<div class=\"elementor-widget-wrap elementor-element-populated\">\n\t\t\t\t\t\t<div class=\"elementor-element elementor-element-763820c7 elementor-widget elementor-widget-text-editor\" data-id=\"763820c7\" data-element_type=\"widget\" data-e-type=\"widget\" data-widget_type=\"text-editor.default\">\n\t\t\t\t<div class=\"elementor-widget-container\">\n\t\t\t\t\t\t\t\t\t<p><\/p>\n<p>Or je compte deux cent stades pour chaque journ\u00e9e de chemin. Ainsi la Scythie aura quatre mille stades de traverse le long des c\u00f4tes et quatre mille autres stades \u00e0 prendre droit par le milieu des terres. Telle est l\u2019\u00e9tendue de ce pays.\u00a0\u00bb<br \/><br \/>Ce texte m\u00eale curieusement la g\u00e9om\u00e9trisation et les m\u00e9thodes plus traditionnelles, et impr\u00e9cises, de mesure de l\u2019espace, caract\u00e9ristiques du genre des itin\u00e9raires et des p\u00e9riples et bas\u00e9es sur le nombre de jours de voyage.<br \/><br \/>Dans une autre description (II. 32), H\u00e9rodote d\u00e9crit la superposition des diff\u00e9rentes zones de la Libye, de la M\u00e9diterran\u00e9e au d\u00e9sert, la terre du sable, sans eau, d\u00e9pourvue de tout.<br \/><br \/>La sch\u00e9matisation cr\u00e9e un effet de mise en ordre et de hi\u00e9rarchie\u00a0: la g\u00e9ographie d\u00e9bouche sur l\u2019anthropologie, avec un parcours dans la profondeur du continent africain, qui conduit aussi de la civilisation \u00e0 l\u2019espace vide du d\u00e9sert, en passant par la zone des b\u00eates sauvages.\u00a0(1)<\/p>\n<p><\/p>\n<p><\/p>\n<h2 class=\"wp-block-heading\"><span class=\"ez-toc-section\" id=\"Les-steppes-de-Scythie\"><\/span>Les steppes de Scythie<span class=\"ez-toc-section-end\"><\/span><\/h2>\n<p><\/p>\n<p><\/p>\n<p>Certains voyageurs europ\u00e9ens et <a href=\"https:\/\/mythslegendes.com\/es\/mythes-et-legendes-chinois-1768\/\">chinois<\/a> n\u2019ont vu dans la steppe qu\u2019un affreux d\u00e9sert o\u00f9 seuls pouvaient survivre les derniers des sauvages. \u00ab\u00a0Le climat &#8211; dit au XIIIe si\u00e8cle Jean de Plan Carpin apr\u00e8s avoir parcouru la steppe <a href=\"https:\/\/mythslegendes.com\/es\/mythes-et-legendes-mongoles-1736\/\">mongole<\/a> &#8211; est \u00e9trangement irr\u00e9gulier. Le vent y souffle en temp\u00eates glaciales au point qu\u2019il est difficile de monter \u00e0 cheval.<br \/><br \/>En r\u00e9sum\u00e9, le territoire est immense et diff\u00e9rent [de nos pays]. Il est infiniment plus mis\u00e9rable que nous ne pouvons le d\u00e9crire\u00a0\u00bb. Pourtant, dans\u00a0<em>Taras Boulba<\/em>, Nicolas Gogol a chant\u00e9 la steppe ukrainienne, l\u2019ancienne Scythie d\u2019H\u00e9rodote, comme une mer d\u2019herbe et de fleurs\u00a0:<\/p>\n<p><\/p>\n<p><\/p>\n<figure class=\"wp-block-image\"><img fetchpriority=\"high\" decoding=\"async\" class=\"alignnone\" title=\"Steppe ukrainienne\" src=\"http:\/\/www.villemagne.net\/images\/alexandre\/steppe-ukrainienne.jpg\" alt=\"Les scythes et le nomadisme\" width=\"650\" height=\"200\" \/><\/figure>\n<p><\/p>\n<p><\/p>\n<p>\u00ab\u00a0Alors tout le sud jusqu\u2019\u00e0 la mer Noire elle-m\u00eame \u00e9tait un d\u00e9sert verdoyant et vierge. La charrue ne passait jamais dans les vagues infinies des plantes sauvages. Seuls les chevaux qui s\u2019y cachaient comme dans une for\u00eat les foulaient. Rien dans la nature ne pouvait \u00eatre plus beau.<br \/><br \/>Toute la surface de la terre formait un oc\u00e9an vert et or, dans lequel jaillissaient des milliers de fleurs vari\u00e9es.<br \/><br \/>L\u2019air \u00e9tait empli d\u2019un millier de cris d\u2019oiseaux divers. Les \u00e9perviers planaient immobiles dans le ciel, les ailes d\u00e9ploy\u00e9es, les yeux fixes dard\u00e9s sur l\u2019herbe. Le cri d\u2019un vol d\u2019oies sauvages passant au large retentissait sur Dieu sait quel lac lointain. Que le diable vous emporte, steppes, mais que vous \u00eates belles\u00a0!\u00a0\u00bb<\/p>\n<p><\/p>\n<p><\/p>\n<p><\/p>\n<p><\/p>\n<figure class=\"wp-block-image\"><img decoding=\"async\" title=\"Nomades scythes \u2013 d\u00e9tail d\u2019un vase d\u00e9couvert dans le kourgane de Koul-Oba - Russie\" src=\"http:\/\/www.villemagne.net\/images\/alexandre\/nomades-scythes.gif\" alt=\"Nomades scythes \u2013 d\u00e9tail d\u2019un vase d\u00e9couvert dans le kourgane de Koul-Oba - Russie\" \/><\/figure>\n<p><\/p>\n<p><\/p>\n<p>De tous les peuples d\u00e9crits par H\u00e9rodote, les Scythes sont sans doute parmi les plus \u00e9tranges et les plus fascinants. Ils sont l\u2019incarnation m\u00eame du genre de vie nomade, tant H\u00e9rodote a d\u00e9ploy\u00e9 les implications de cette condition dans tous les aspects du quotidien et du social.<br \/><br \/>Les nomades ne vivent pas dans des maisons, ignorent les labours et les semailles. Ils incarnent donc l\u2019envers de la vie en cit\u00e9. Ignorant l\u2019agriculture, ils ne peuvent \u00eatre des mangeurs de pain et, dans les\u00a0<em>Histoires<\/em>, tous les peuples nomades se distinguent par des r\u00e9gimes alimentaires aberrants du point de vue de la norme <a href=\"https:\/\/mythslegendes.com\/es\/mythes-et-legendes-grecques-1664\/\">grecque<\/a>\u00a0:<\/p>\n<p><\/p>\n<p><\/p>\n<ul class=\"wp-block-list\">\n<li>buveurs de lait et mangeurs de fromages (les Galactophages)\u00a0: Libyens, Massag\u00e8tes, Scythes\u00a0;<\/li>\n<li>mangeurs de poissons\u00a0: les\u00a0Massag\u00e8tes\u00a0(I. 216)\u00a0;<\/li>\n<li>mangent cuit ou cru (les Indiens ou Boudins)\u00a0;<\/li>\n<li>carnivores, mais pas tous\u00a0: certains Indiens herbivores\u00a0; les Boudins mangent des aiguilles de pin\u00a0;<\/li>\n<li>Androphages\u00a0: mangeur d\u2019hommes. Les plus sauvages.<\/li>\n<\/ul>\n<p><\/p>\n<p><\/p>\n<p>Le nomadisme des Scythes constitue un atout strat\u00e9gique majeur face aux arm\u00e9es de Darius qui veulent conqu\u00e9rir leur territoire\u00a0: \u00ab\u00a0Ces avantages consistent \u00e0 ne point laisser \u00e9chapper ceux qui viennent les attaquer et \u00e0 ne pouvoir \u00eatre joints quand ils ne veulent point l\u2019\u00eatre\u00a0: car ils n\u2019ont ni villes ni forteresses. Ils tra\u00eenent avec eux leurs maisons\u00a0; ils sont habiles \u00e0 tirer de l\u2019arc \u00e9tant \u00e0 cheval. Ils ne vivent point des fruits du labourage, mais de b\u00e9tail, et n\u2019ont point d\u2019autres maisons que leurs chariots\u00a0\u00bb (IV. 46).<br \/><br \/>L\u2019une des particularit\u00e9s de la religion des Scythes nomades est de v\u00e9n\u00e9rer au premier rang la d\u00e9esse Hestia, puis Zeus et G\u00ea (la Terre\u00a0; IV. 49). La pr\u00e9sence d\u2019Hestia est pour le moins paradoxale, puisqu\u2019elle incarne pr\u00e9cis\u00e9ment l\u2019espace s\u00e9dentaire de la maison et du foyer domestique, l\u2019\u00e9l\u00e9ment de continuit\u00e9 et d\u2019enracinement de la souche familiale.<br \/><br \/>Les Scythes nomades ont n\u00e9anmoins une forme de foyer domestique\u00a0: le roi emporte chaque jour, de campement en campement, son propre foyer, recr\u00e9ant ainsi symboliquement un lieu d\u2019enracinement et un centre pour son pouvoir.<br \/><br \/>Chez les Scythes, Hestia est donc la d\u00e9esse du foyer royal, lieu du serment solennel que pr\u00eatent les Scythes, centre symbolique de leur soci\u00e9t\u00e9 toujours mobile. H\u00e9rodote d\u00e9crit en fait le paradoxe du foyer d\u2019une cit\u00e9 nomade\u2026<\/p>\n<p><\/p>\n<p><\/p>\n<h2 class=\"wp-block-heading\"><span class=\"ez-toc-section\" id=\"Les-Scythes-evoques-dans-la-Bible\"><\/span>Les Scythes \u00e9voqu\u00e9s dans la Bible<span class=\"ez-toc-section-end\"><\/span><\/h2>\n<p><\/p>\n<p><\/p>\n<p>Les textes du proph\u00e8te J\u00e9r\u00e9mie qui \u00e9voquent l\u2019invasion de cavaliers venus du Nord doivent se rapporter, au moins en partie, aux ravages des Scythes\u00a0:<\/p>\n<p><\/p>\n<p><\/p>\n<figure class=\"wp-block-image\"><img decoding=\"async\" title=\"Guerriers scythes\" src=\"http:\/\/www.villemagne.net\/images\/alexandre\/guerriers-scythes.gif\" alt=\"Guerriers scythes\" \/><\/figure>\n<p><\/p>\n<p><\/p>\n<p>\u00ab\u00a0Devant la clameur du cavalier et de l\u2019archer, toute la ville est en fuite (4, 29). Moi, j\u2019am\u00e8nerai sur vous de tr\u00e8s loin une nation. (\u2026)<\/p>\n<p><\/p>\n<p><\/p>\n<p>C\u2019est une nation durable, c\u2019est une nation tr\u00e8s ancienne, une nation dont tu ne sais pas la langue et ne comprends pas ce quelle dit. Son carquois est un s\u00e9pulcre b\u00e9ant\u00a0; c\u2019est une nation de h\u00e9ros (5, 15-16).<br \/><br \/>Voici qu\u2019un peuple arrive du Nord, une grande nation se l\u00e8ve des confins de la terre\u00a0; ils tiennent fermement l\u2019arc et le javelot, ils sont barbares et impitoyables\u00a0; leur bruit est comme le mugissement de la mer, ils montent des chevaux, ils sont pr\u00eats \u00e0 combattre comme un seul homme contre toi, fille de Sion\u00a0\u00bb (6,22-23).<\/p>\n<p><\/p>\t\t\t\t\t\t\t\t<\/div>\n\t\t\t\t<\/div>\n\t\t\t\t\t<\/div>\n\t\t<\/div>\n\t\t\t\t\t<\/div>\n\t\t<\/section>\n\t\t\t\t<\/div>\n\t\t","protected":false},"excerpt":{"rendered":"<p>Wiki de la mitolog\u00eda escita El pueblo escita practicaba el nomadismo. Seg\u00fan Her\u00f3doto, &quot;Escitia, por lo tanto, tiene la forma de un gran... <\/p>","protected":false},"author":1,"featured_media":0,"parent":2845,"menu_order":0,"comment_status":"closed","ping_status":"closed","template":"","meta":{"footnotes":""},"class_list":["post-2864","page","type-page","status-publish","hentry"],"amp_enabled":true,"_links":{"self":[{"href":"https:\/\/mythslegendes.com\/es\/wp-json\/wp\/v2\/pages\/2864","targetHints":{"allow":["GET"]}}],"collection":[{"href":"https:\/\/mythslegendes.com\/es\/wp-json\/wp\/v2\/pages"}],"about":[{"href":"https:\/\/mythslegendes.com\/es\/wp-json\/wp\/v2\/types\/page"}],"author":[{"embeddable":true,"href":"https:\/\/mythslegendes.com\/es\/wp-json\/wp\/v2\/users\/1"}],"replies":[{"embeddable":true,"href":"https:\/\/mythslegendes.com\/es\/wp-json\/wp\/v2\/comments?post=2864"}],"version-history":[{"count":0,"href":"https:\/\/mythslegendes.com\/es\/wp-json\/wp\/v2\/pages\/2864\/revisions"}],"up":[{"embeddable":true,"href":"https:\/\/mythslegendes.com\/es\/wp-json\/wp\/v2\/pages\/2845"}],"wp:attachment":[{"href":"https:\/\/mythslegendes.com\/es\/wp-json\/wp\/v2\/media?parent=2864"}],"curies":[{"name":"wp","href":"https:\/\/api.w.org\/{rel}","templated":true}]}}