{"id":2867,"date":"2020-07-22T10:59:19","date_gmt":"2020-07-22T09:59:19","guid":{"rendered":"https:\/\/mythslegendes.com\/?page_id=2867"},"modified":"2020-11-21T18:03:36","modified_gmt":"2020-11-21T18:03:36","slug":"ateas-roi-des-scythes","status":"publish","type":"page","link":"https:\/\/mythslegendes.com\/es\/mitologia-escita\/ateas-rey-de-escitas\/","title":{"rendered":"Ateas rey de los escitas"},"content":{"rendered":"<div data-elementor-type=\"wp-page\" data-elementor-id=\"2867\" class=\"elementor elementor-2867\">\n\t\t\t\t\t\t<section class=\"elementor-section elementor-top-section elementor-element elementor-element-ceffbee elementor-section-boxed elementor-section-height-default elementor-section-height-default\" data-id=\"ceffbee\" data-element_type=\"section\" data-e-type=\"section\">\n\t\t\t\t\t\t<div class=\"elementor-container elementor-column-gap-default\">\n\t\t\t\t\t<div class=\"elementor-column elementor-col-50 elementor-top-column elementor-element elementor-element-2fb1c1f\" data-id=\"2fb1c1f\" data-element_type=\"column\" data-e-type=\"column\">\n\t\t\t<div class=\"elementor-widget-wrap elementor-element-populated\">\n\t\t\t\t\t\t<div class=\"elementor-element elementor-element-b2c9f85 elementor-align-justify elementor-widget elementor-widget-button\" data-id=\"b2c9f85\" data-element_type=\"widget\" data-e-type=\"widget\" data-widget_type=\"button.default\">\n\t\t\t\t<div class=\"elementor-widget-container\">\n\t\t\t\t\t\t\t\t\t<div class=\"elementor-button-wrapper\">\n\t\t\t\t\t<a class=\"elementor-button elementor-button-link elementor-size-sm\" href=\"https:\/\/mythslegendes.com\/es\/mitologia-escita\/\">\n\t\t\t\t\t\t<span class=\"elementor-button-content-wrapper\">\n\t\t\t\t\t\t\t\t\t<span class=\"elementor-button-text\">Mitolog\u00eda escita<\/span>\n\t\t\t\t\t<\/span>\n\t\t\t\t\t<\/a>\n\t\t\t\t<\/div>\n\t\t\t\t\t\t\t\t<\/div>\n\t\t\t\t<\/div>\n\t\t\t\t\t<\/div>\n\t\t<\/div>\n\t\t\t\t<div class=\"elementor-column elementor-col-50 elementor-top-column elementor-element elementor-element-8a87ada\" data-id=\"8a87ada\" data-element_type=\"column\" data-e-type=\"column\">\n\t\t\t<div class=\"elementor-widget-wrap elementor-element-populated\">\n\t\t\t\t\t\t<div class=\"elementor-element elementor-element-8a0d0e9 elementor-align-justify elementor-widget elementor-widget-button\" data-id=\"8a0d0e9\" data-element_type=\"widget\" data-e-type=\"widget\" data-widget_type=\"button.default\">\n\t\t\t\t<div class=\"elementor-widget-container\">\n\t\t\t\t\t\t\t\t\t<div class=\"elementor-button-wrapper\">\n\t\t\t\t\t<a class=\"elementor-button elementor-button-link elementor-size-sm\" href=\"https:\/\/fr.wikipedia.org\/wiki\/Religion_scythe\" target=\"_blank\" rel=\"noopener\">\n\t\t\t\t\t\t<span class=\"elementor-button-content-wrapper\">\n\t\t\t\t\t\t\t\t\t<span class=\"elementor-button-text\">Wiki<\/span>\n\t\t\t\t\t<\/span>\n\t\t\t\t\t<\/a>\n\t\t\t\t<\/div>\n\t\t\t\t\t\t\t\t<\/div>\n\t\t\t\t<\/div>\n\t\t\t\t\t<\/div>\n\t\t<\/div>\n\t\t\t\t\t<\/div>\n\t\t<\/section>\n\t\t\t\t<section class=\"elementor-section elementor-top-section elementor-element elementor-element-5682573 elementor-section-boxed elementor-section-height-default elementor-section-height-default\" data-id=\"5682573\" data-element_type=\"section\" data-e-type=\"section\">\n\t\t\t\t\t\t<div class=\"elementor-container elementor-column-gap-default\">\n\t\t\t\t\t<div class=\"elementor-column elementor-col-100 elementor-top-column elementor-element elementor-element-c9b3592\" data-id=\"c9b3592\" data-element_type=\"column\" data-e-type=\"column\">\n\t\t\t<div class=\"elementor-widget-wrap elementor-element-populated\">\n\t\t\t\t\t\t<div class=\"elementor-element elementor-element-0f0de82 elementor-widget elementor-widget-text-editor\" data-id=\"0f0de82\" data-element_type=\"widget\" data-e-type=\"widget\" data-widget_type=\"text-editor.default\">\n\t\t\t\t<div class=\"elementor-widget-container\">\n\t\t\t\t\t\t\t\t\t<p>Esta es la historia de Ateas, rey de <a href=\"https:\/\/mythslegendes.com\/es\/mitologia-escita\/\">Escitas<\/a>, un n\u00f3mada severo que habr\u00eda unificado toda Escitia desde el Danubio hasta el Don.<\/p>\t\t\t\t\t\t\t\t<\/div>\n\t\t\t\t<\/div>\n\t\t\t\t\t<\/div>\n\t\t<\/div>\n\t\t\t\t\t<\/div>\n\t\t<\/section>\n\t\t\t\t<section class=\"elementor-section elementor-top-section elementor-element elementor-element-d1b51b1 elementor-section-boxed elementor-section-height-default elementor-section-height-default\" data-id=\"d1b51b1\" data-element_type=\"section\" data-e-type=\"section\">\n\t\t\t\t\t\t<div class=\"elementor-container elementor-column-gap-default\">\n\t\t\t\t\t<div class=\"elementor-column elementor-col-100 elementor-top-column elementor-element elementor-element-d093976\" data-id=\"d093976\" data-element_type=\"column\" data-e-type=\"column\">\n\t\t\t<div class=\"elementor-widget-wrap elementor-element-populated\">\n\t\t\t\t\t\t<div class=\"elementor-element elementor-element-98fbec2 elementor-widget elementor-widget-heading\" data-id=\"98fbec2\" data-element_type=\"widget\" data-e-type=\"widget\" data-widget_type=\"heading.default\">\n\t\t\t\t<div class=\"elementor-widget-container\">\n\t\t\t\t\t<div id=\"ez-toc-container\" class=\"ez-toc-v2_0_82_2 counter-hierarchy ez-toc-counter ez-toc-grey ez-toc-container-direction\">\n<div class=\"ez-toc-title-container\">\n<p class=\"ez-toc-title\" style=\"cursor:inherit\">Contenido<\/p>\n<span class=\"ez-toc-title-toggle\"><a href=\"#\" class=\"ez-toc-pull-right ez-toc-btn ez-toc-btn-xs ez-toc-btn-default ez-toc-toggle\" aria-label=\"Alternar tabla de contenidos\"><span class=\"ez-toc-js-icon-con\"><span class=\"\"><span class=\"eztoc-hide\" style=\"display:none;\">Palanca<\/span><span class=\"ez-toc-icon-toggle-span\"><svg style=\"fill: #999;color:#999\" xmlns=\"http:\/\/www.w3.org\/2000\/svg\" class=\"list-377408\" width=\"20px\" height=\"20px\" viewbox=\"0 0 24 24\" fill=\"none\"><path d=\"M6 6H4v2h2V6zm14 0H8v2h12V6zM4 11h2v2H4v-2zm16 0H8v2h12v-2zM4 16h2v2H4v-2zm16 0H8v2h12v-2z\" fill=\"currentColor\"><\/path><\/svg><svg style=\"fill: #999;color:#999\" class=\"arrow-unsorted-368013\" xmlns=\"http:\/\/www.w3.org\/2000\/svg\" width=\"10px\" height=\"10px\" viewbox=\"0 0 24 24\" version=\"1.2\" baseprofile=\"tiny\"><path d=\"M18.2 9.3l-6.2-6.3-6.2 6.3c-.2.2-.3.4-.3.7s.1.5.3.7c.2.2.4.3.7.3h11c.3 0 .5-.1.7-.3.2-.2.3-.5.3-.7s-.1-.5-.3-.7zM5.8 14.7l6.2 6.3 6.2-6.3c.2-.2.3-.5.3-.7s-.1-.5-.3-.7c-.2-.2-.4-.3-.7-.3h-11c-.3 0-.5.1-.7.3-.2.2-.3.5-.3.7s.1.5.3.7z\"\/><\/svg><\/span><\/span><\/span><\/a><\/span><\/div>\n<nav><ul class='ez-toc-list ez-toc-list-level-1' ><li class='ez-toc-page-1 ez-toc-heading-level-2'><a class=\"ez-toc-link ez-toc-heading-1\" href=\"https:\/\/mythslegendes.com\/es\/mitologia-escita\/ateas-rey-de-escitas\/#Ateas-roi-des-Scythes\" >Ateas rey de los escitas<\/a><\/li><li class='ez-toc-page-1 ez-toc-heading-level-2'><a class=\"ez-toc-link ez-toc-heading-2\" href=\"https:\/\/mythslegendes.com\/es\/mitologia-escita\/ateas-rey-de-escitas\/#Philippe-II-a-vaincu-les-Scythes-de-maniere-decisive-en-339\" >Felipe II derrot\u00f3 a los escitas de manera decisiva en 339<\/a><\/li><li class='ez-toc-page-1 ez-toc-heading-level-2'><a class=\"ez-toc-link ez-toc-heading-3\" href=\"https:\/\/mythslegendes.com\/es\/mitologia-escita\/ateas-rey-de-escitas\/#En-331-lourde-defaite-des-Macedoniens-devant-les-Scythes-au-siege-dOlbia\" >En 331, dura derrota de los macedonios ante los escitas en el sitio de Olbia.<\/a><\/li><\/ul><\/nav><\/div>\n<h2 class=\"elementor-heading-title elementor-size-default\"><span class=\"ez-toc-section\" id=\"Ateas-roi-des-Scythes\"><\/span>Ateas rey de los escitas<span class=\"ez-toc-section-end\"><\/span><\/h2>\t\t\t\t<\/div>\n\t\t\t\t<\/div>\n\t\t\t\t\t<\/div>\n\t\t<\/div>\n\t\t\t\t\t<\/div>\n\t\t<\/section>\n\t\t\t\t<section class=\"elementor-section elementor-top-section elementor-element elementor-element-6762a785 elementor-section-boxed elementor-section-height-default elementor-section-height-default\" data-id=\"6762a785\" data-element_type=\"section\" data-e-type=\"section\">\n\t\t\t\t\t\t<div class=\"elementor-container elementor-column-gap-default\">\n\t\t\t\t\t<div class=\"elementor-column elementor-col-100 elementor-top-column elementor-element elementor-element-659bf79c\" data-id=\"659bf79c\" data-element_type=\"column\" data-e-type=\"column\">\n\t\t\t<div class=\"elementor-widget-wrap elementor-element-populated\">\n\t\t\t\t\t\t<div class=\"elementor-element elementor-element-39a98d5c elementor-widget elementor-widget-text-editor\" data-id=\"39a98d5c\" data-element_type=\"widget\" data-e-type=\"widget\" data-widget_type=\"text-editor.default\">\n\t\t\t\t<div class=\"elementor-widget-container\">\n\t\t\t\t\t\t\t\t\t\n<p>La \u00faltima fase de la historia pol\u00edtico-militar de la Escitia europea est\u00e1 ligada al personaje de Ateas (fallecido en el 339 a. C.), cuyo largo reinado se sit\u00faa en el siglo IV a. C. J. - C. estuvo marcado por un \u00faltimo intento de expansi\u00f3n hacia el oeste. Algunos aspectos del mismo nos son conocidos gracias a textos de Estrab\u00f3n, Polieno, Trogue Pompeyo y Clemente de Alejandr\u00eda.<br \/><br \/>El personaje mismo nos lo presentan las fuentes. <a href=\"https:\/\/mythslegendes.com\/es\/mythes-et-legendes-grecques-1664\/\">griego<\/a> como un soberano poderoso, que habr\u00eda unificado toda Escitia desde el Danubio hasta el Don (Estrab\u00f3n, VII, 3,18), pero que sigui\u00f3 siendo un t\u00edpico n\u00f3mada en su dureza y barbarie.<br \/><br \/>Tambi\u00e9n podemos sospechar de los escritores. <a href=\"https:\/\/mythslegendes.com\/es\/mythes-et-legendes-grecques-1664\/\">griegos<\/a> haber acentuado este aspecto en el contexto del enfrentamiento entre escitas y macedonios, pero tambi\u00e9n el propio rey haber &quot;jugado deliberadamente al escita&quot;, como m\u00e1s tarde Atila &quot;hizo el huno&quot;, para inspirar miedo, si no respeto.<br \/><br \/>Relatada por Plutarco, una an\u00e9cdota famosa, porque corresponde exactamente a la opini\u00f3n del mundo cl\u00e1sico, lo muestra recibiendo un concierto privado de Ismenias, un famoso flautista griego preso, antes de quejarse de que prefer\u00eda el relincho de sus caballos.<br \/><br \/>Los embajadores de Filipo II de Macedonia (\u00a1aunque tambi\u00e9n era considerado un &quot;b\u00e1rbaro&quot; por los atenienses!) se sorprendieron cuando Ateas, que los recibi\u00f3 mientras cepillaba sus caballos, les pregunt\u00f3 si su amo tambi\u00e9n se ocupaba personalmente de los su. Y la carta del rey escita a los habitantes de Bizancio, amenaz\u00e1ndolos con venir a dar de beber a sus caballos en el B\u00f3sforo, pertenece a un g\u00e9nero literario que ser\u00e1 practicado abundantemente por los grandes caudillos n\u00f3madas de las \u00e9pocas siguientes \u2013aqu\u00ed nuevamente estamos pensando de Atila.<\/p>\n<p><img fetchpriority=\"high\" decoding=\"async\" class=\"alignnone\" src=\"http:\/\/www.villemagne.net\/images\/alexandre\/territoire-des-scythes.jpg\" alt=\"Ateas rey de los escitas\" width=\"450\" height=\"298\" title=\"\"><\/p>\n\n<p>El territorio de los escitas<\/p>\n\n<p>Amante de la m\u00fasica o no, At\u00e9as ten\u00eda planes ambiciosos para Occidente. Ciertamente existe un v\u00ednculo con la presi\u00f3n de <a href=\"https:\/\/mythslegendes.com\/es\/mitologia-escita\/\">S\u00e1rmatas<\/a> al este de Escitia, pero es dif\u00edcil decir en qu\u00e9 sentido: \u00bffue esta presi\u00f3n la que anim\u00f3 a Ateas a buscar compensaci\u00f3n en las regiones del Danubio, o por el contrario su tropismo occidental \u2013y el fracaso final de sus proyectos\u2013 lo que permiti\u00f3 a los s\u00e1rmatas \u00bfInfiltrarse al oeste del Don?<br \/><br \/>En todo caso, a partir del tercer cuarto del siglo IV a.C. J. - C., la presencia de s\u00e1rmatas est\u00e1 atestiguada por vestigios arqueol\u00f3gicos entre Don y Donets, y hay rastros de infiltraciones tempranas en el oeste de Donets. En la segunda mitad de este siglo IV a. J.-C., el Pseudo-Scylax todav\u00eda ubica a los Sauromates al este del Don, pero tambi\u00e9n conoce a los \u201cSyrmates\u201d m\u00e1s al oeste, en la orilla del Mar de Azov.<br \/><br \/>Sin conocer todos los detalles de la pol\u00edtica seguida por Ateas, sabemos que se estableci\u00f3 a mediados del siglo IV a.C. J.-C una cabeza de punto escita en la margen derecha (sur) del Danubio, en 1&#039;actual Dobrogea, que hizo la guerra con Triballes e impuso el tributo con parte de los tracios. De hecho, aparentemente ten\u00eda como objetivo la constituci\u00f3n de un poder danubiano escito-tracio. Sus ambiciones en la regi\u00f3n pronto lo llevaron a un enfrentamiento con el poderoso rey macedonio, Felipe II.<\/p>\n\n<h2 class=\"wp-block-heading\"><span class=\"ez-toc-section\" id=\"Philippe-II-a-vaincu-les-Scythes-de-maniere-decisive-en-339\"><\/span>Felipe II derrot\u00f3 a los escitas de manera decisiva en 339<span class=\"ez-toc-section-end\"><\/span><\/h2>\n\n<p>Felipe, que se hab\u00eda casado con una hija de Ateas, al principio parece haber albergado la esperanza de ser reconocido como heredero del antiguo soberano escita; \u00e9ste le habr\u00eda hecho responder que \u00e9l mismo ten\u00eda un hijo. Luego anunci\u00f3 que ten\u00eda la intenci\u00f3n de venir, como es de imaginar, con una fuerte escolta, para erigir una estatua de Heracles en la desembocadura del Danubio. Esta estratagema bastante tosca irrit\u00f3 a\u00fan m\u00e1s a Ateas, quien se ofreci\u00f3 a colocar la estatua y amenaz\u00f3 con fundirla para hacer puntas de flecha si se introduc\u00eda en Scythia sin su consentimiento (\u00bfun toque adicional a su autorretrato en &quot;Barbaric&quot;? ).<br \/><br \/>En el 339 a. J.-C., escitas y macedonios se enfrentaron en el Danubio, en una batalla decisiva de la que lamentablemente desconocemos el lugar exacto y el desarrollo. S\u00f3lo sabemos que Felipe, que lo hab\u00eda apostado todo a su victoria, hab\u00eda colocado a sus mejores jinetes detr\u00e1s de sus tropas con la orden de abatir a todos los que intentaran retroceder.<br \/><br \/>La lucha fue ciertamente muy violenta: Felipe fue clavado a su caballo por una lanza que le atraves\u00f3 el muslo y coje\u00f3 el resto de su vida, pero Ateas fue asesinado (ten\u00eda entonces 90 a\u00f1os) y los escitas derrotados. Los macedonios se apoderaron de un enorme bot\u00edn: Felipe envi\u00f3 20.000 yeguas a sus yeguadas, parte de las cuales les fueron arrebatadas por tribus hostiles en el camino de regreso.<br \/><br \/>Esta batalla convirti\u00f3 a Macedonia en la potencia dominante de la regi\u00f3n, y su derrota sin duda supuso un duro golpe para el prestigio de los escitas.<\/p>\n\n<h2 class=\"wp-block-heading\"><span class=\"ez-toc-section\" id=\"En-331-lourde-defaite-des-Macedoniens-devant-les-Scythes-au-siege-dOlbia\"><\/span>En 331, dura derrota de los macedonios ante los escitas en el sitio de Olbia.<span class=\"ez-toc-section-end\"><\/span><\/h2>\n\n<figure class=\"wp-block-image\"><img decoding=\"async\" title=\"Casco de desfile escita - Siglo IV a.C. - Excavaciones de Perederieva Moguila\" src=\"http:\/\/www.villemagne.net\/images\/alexandre\/casque-scythe-de-parade-perederieva-moguila.jpg\" alt=\"Casco de desfile escita - Siglo IV a.C. - Excavaciones de Perederieva Moguila\" \/><\/figure>\n\n<p>Despu\u00e9s de la muerte de Ateas, las tribus Getae pasaron a la orilla izquierda del Danubio y tal vez avanzaron hasta el Dni\u00e9ster. Sin embargo, los entierros escitas todav\u00eda est\u00e1n atestiguados en la segunda mitad y hasta finales del siglo IV a. AD entre Prout y Dniester. Adem\u00e1s, el poder militar escita no fue destruido.<br \/><br \/>Los macedonios hicieron la amarga experiencia de esto en el 331 a. J.-C., apenas ocho a\u00f1os despu\u00e9s de su gran victoria sobre At\u00e9as. Zopirion, que gobern\u00f3 Tracia en nombre de Alejandro Magno, entr\u00f3 en Escitia y siti\u00f3 la ciudad de Olbia, aliada de los escitas. Estos vinieron a desbloquear la ciudad.<br \/><br \/>Durante la batalla, Zopyrion fue asesinado y todo su ej\u00e9rcito aniquilado. Fue una de las raras derrotas de todo el reinado de Alejandro Magno, y uno lamenta a\u00fan m\u00e1s no tener ninguna cuenta de los combates. Ser\u00eda interesante saber c\u00f3mo pod\u00eda desarrollarse un enfrentamiento entre la falange macedonia, que hab\u00eda llegado a su perfecci\u00f3n, y los jinetes de las estepas, seguramente apoyados, en ese momento, por una importante infanter\u00eda (cf. cap. VIII).<br \/><br \/>Sin borrar por completo los efectos de la derrota del 339 a. BC, esta victoria de Olbia muestra que los macedonios no fueron la causa principal del declive escita, que probablemente est\u00e9 m\u00e1s relacionado con la expansi\u00f3n paralela de los s\u00e1rmatas al este de las estepas ucranianas.<\/p>\n\t\t\t\t\t\t\t\t<\/div>\n\t\t\t\t<\/div>\n\t\t\t\t\t<\/div>\n\t\t<\/div>\n\t\t\t\t\t<\/div>\n\t\t<\/section>\n\t\t\t\t<\/div>","protected":false},"excerpt":{"rendered":"<p>Wiki Mitolog\u00eda escita Esta es la historia de Ateas, rey de los escitas, un duro n\u00f3mada que habr\u00eda unido toda Escitia desde el Danubio hasta... <\/p>","protected":false},"author":1,"featured_media":0,"parent":2845,"menu_order":0,"comment_status":"closed","ping_status":"closed","template":"","meta":{"footnotes":""},"class_list":["post-2867","page","type-page","status-publish","hentry"],"amp_enabled":true,"_links":{"self":[{"href":"https:\/\/mythslegendes.com\/es\/wp-json\/wp\/v2\/pages\/2867","targetHints":{"allow":["GET"]}}],"collection":[{"href":"https:\/\/mythslegendes.com\/es\/wp-json\/wp\/v2\/pages"}],"about":[{"href":"https:\/\/mythslegendes.com\/es\/wp-json\/wp\/v2\/types\/page"}],"author":[{"embeddable":true,"href":"https:\/\/mythslegendes.com\/es\/wp-json\/wp\/v2\/users\/1"}],"replies":[{"embeddable":true,"href":"https:\/\/mythslegendes.com\/es\/wp-json\/wp\/v2\/comments?post=2867"}],"version-history":[{"count":0,"href":"https:\/\/mythslegendes.com\/es\/wp-json\/wp\/v2\/pages\/2867\/revisions"}],"up":[{"embeddable":true,"href":"https:\/\/mythslegendes.com\/es\/wp-json\/wp\/v2\/pages\/2845"}],"wp:attachment":[{"href":"https:\/\/mythslegendes.com\/es\/wp-json\/wp\/v2\/media?parent=2867"}],"curies":[{"name":"wp","href":"https:\/\/api.w.org\/{rel}","templated":true}]}}