{"id":287,"date":"2019-10-17T15:56:01","date_gmt":"2019-10-17T14:56:01","guid":{"rendered":"https:\/\/mythslegendes.com\/?page_id=287"},"modified":"2022-12-03T22:06:51","modified_gmt":"2022-12-03T22:06:51","slug":"la-fontaine-de-barenton","status":"publish","type":"page","link":"https:\/\/mythslegendes.com\/es\/mitologia-bretona\/la-fuente-de-barenton\/","title":{"rendered":"La fuente de Barenton"},"content":{"rendered":"<div data-elementor-type=\"wp-page\" data-elementor-id=\"287\" class=\"elementor elementor-287\">\n\t\t\t\t\t\t<section class=\"elementor-section elementor-top-section elementor-element elementor-element-14959f8 elementor-section-boxed elementor-section-height-default elementor-section-height-default\" data-id=\"14959f8\" data-element_type=\"section\" data-e-type=\"section\">\n\t\t\t\t\t\t<div class=\"elementor-container elementor-column-gap-default\">\n\t\t\t\t\t<div class=\"elementor-column elementor-col-50 elementor-top-column elementor-element elementor-element-2893d81\" data-id=\"2893d81\" data-element_type=\"column\" data-e-type=\"column\">\n\t\t\t<div class=\"elementor-widget-wrap elementor-element-populated\">\n\t\t\t\t\t\t<div class=\"elementor-element elementor-element-fbf6d31 elementor-align-justify elementor-widget elementor-widget-button\" data-id=\"fbf6d31\" data-element_type=\"widget\" data-e-type=\"widget\" data-widget_type=\"button.default\">\n\t\t\t\t<div class=\"elementor-widget-container\">\n\t\t\t\t\t\t\t\t\t<div class=\"elementor-button-wrapper\">\n\t\t\t\t\t<a class=\"elementor-button elementor-button-link elementor-size-sm\" href=\"https:\/\/mythslegendes.com\/es\/mitologia-bretona\/\">\n\t\t\t\t\t\t<span class=\"elementor-button-content-wrapper\">\n\t\t\t\t\t\t\t\t\t<span class=\"elementor-button-text\">Mitolog\u00eda bretona<\/span>\n\t\t\t\t\t<\/span>\n\t\t\t\t\t<\/a>\n\t\t\t\t<\/div>\n\t\t\t\t\t\t\t\t<\/div>\n\t\t\t\t<\/div>\n\t\t\t\t\t<\/div>\n\t\t<\/div>\n\t\t\t\t<div class=\"elementor-column elementor-col-50 elementor-top-column elementor-element elementor-element-f96e5d9\" data-id=\"f96e5d9\" data-element_type=\"column\" data-e-type=\"column\">\n\t\t\t<div class=\"elementor-widget-wrap elementor-element-populated\">\n\t\t\t\t\t\t<div class=\"elementor-element elementor-element-be25f45 elementor-align-justify elementor-widget elementor-widget-button\" data-id=\"be25f45\" data-element_type=\"widget\" data-e-type=\"widget\" data-widget_type=\"button.default\">\n\t\t\t\t<div class=\"elementor-widget-container\">\n\t\t\t\t\t\t\t\t\t<div class=\"elementor-button-wrapper\">\n\t\t\t\t\t<a class=\"elementor-button elementor-button-link elementor-size-sm\" href=\"https:\/\/fr.wikipedia.org\/wiki\/Mythologie_bretonne\" target=\"_blank\" rel=\"noopener\">\n\t\t\t\t\t\t<span class=\"elementor-button-content-wrapper\">\n\t\t\t\t\t\t\t\t\t<span class=\"elementor-button-text\">Wiki<\/span>\n\t\t\t\t\t<\/span>\n\t\t\t\t\t<\/a>\n\t\t\t\t<\/div>\n\t\t\t\t\t\t\t\t<\/div>\n\t\t\t\t<\/div>\n\t\t\t\t\t<\/div>\n\t\t<\/div>\n\t\t\t\t\t<\/div>\n\t\t<\/section>\n\t\t\t\t<section class=\"elementor-section elementor-top-section elementor-element elementor-element-789ad168 elementor-section-boxed elementor-section-height-default elementor-section-height-default\" data-id=\"789ad168\" data-element_type=\"section\" data-e-type=\"section\">\n\t\t\t\t\t\t<div class=\"elementor-container elementor-column-gap-default\">\n\t\t\t\t\t<div class=\"elementor-column elementor-col-100 elementor-top-column elementor-element elementor-element-3c312a0d\" data-id=\"3c312a0d\" data-element_type=\"column\" data-e-type=\"column\">\n\t\t\t<div class=\"elementor-widget-wrap elementor-element-populated\">\n\t\t\t\t\t\t<div class=\"elementor-element elementor-element-3ef86484 elementor-widget elementor-widget-text-editor\" data-id=\"3ef86484\" data-element_type=\"widget\" data-e-type=\"widget\" data-widget_type=\"text-editor.default\">\n\t\t\t\t<div class=\"elementor-widget-container\">\n\t\t\t\t\t\t\t\t\t<p><\/p>\n<p class=\"has-text-align-justify\">Esta es la historia de la fuente de Barenton. Una tarde cuando Owein, el caballero de Arturo, estaba charlando con Kynon, este \u00faltimo le dijo que habiendo ido a la fuente para verificar las maravillas que le hab\u00edan contado, roci\u00f3 la losa con ella. Inmediatamente estall\u00f3 un gran trueno acompa\u00f1ado de una lluvia de granizo. Entonces un caballero negro lo atac\u00f3 y le quit\u00f3 el caballo.<\/p>\n<p><img decoding=\"async\" class=\"alignnone wp-image-5284 size-full\" src=\"https:\/\/mythslegendes.com\/wp-content\/uploads\/2020\/09\/AlphaOmega-e1602613368367.png\" alt=\"la fuente de Barenton\" width=\"25\" height=\"26\" title=\"\"><\/p>\n<div id=\"ez-toc-container\" class=\"ez-toc-v2_0_82_2 counter-hierarchy ez-toc-counter ez-toc-grey ez-toc-container-direction\">\n<div class=\"ez-toc-title-container\">\n<p class=\"ez-toc-title\" style=\"cursor:inherit\">Contenido<\/p>\n<span class=\"ez-toc-title-toggle\"><a href=\"#\" class=\"ez-toc-pull-right ez-toc-btn ez-toc-btn-xs ez-toc-btn-default ez-toc-toggle\" aria-label=\"Alternar tabla de contenidos\"><span class=\"ez-toc-js-icon-con\"><span class=\"\"><span class=\"eztoc-hide\" style=\"display:none;\">Palanca<\/span><span class=\"ez-toc-icon-toggle-span\"><svg style=\"fill: #999;color:#999\" xmlns=\"http:\/\/www.w3.org\/2000\/svg\" class=\"list-377408\" width=\"20px\" height=\"20px\" viewbox=\"0 0 24 24\" fill=\"none\"><path d=\"M6 6H4v2h2V6zm14 0H8v2h12V6zM4 11h2v2H4v-2zm16 0H8v2h12v-2zM4 16h2v2H4v-2zm16 0H8v2h12v-2z\" fill=\"currentColor\"><\/path><\/svg><svg style=\"fill: #999;color:#999\" class=\"arrow-unsorted-368013\" xmlns=\"http:\/\/www.w3.org\/2000\/svg\" width=\"10px\" height=\"10px\" viewbox=\"0 0 24 24\" version=\"1.2\" baseprofile=\"tiny\"><path d=\"M18.2 9.3l-6.2-6.3-6.2 6.3c-.2.2-.3.4-.3.7s.1.5.3.7c.2.2.4.3.7.3h11c.3 0 .5-.1.7-.3.2-.2.3-.5.3-.7s-.1-.5-.3-.7zM5.8 14.7l6.2 6.3 6.2-6.3c.2-.2.3-.5.3-.7s-.1-.5-.3-.7c-.2-.2-.4-.3-.7-.3h-11c-.3 0-.5.1-.7.3-.2.2-.3.5-.3.7s.1.5.3.7z\"\/><\/svg><\/span><\/span><\/span><\/a><\/span><\/div>\n<nav><ul class='ez-toc-list ez-toc-list-level-1' ><li class='ez-toc-page-1 ez-toc-heading-level-2'><a class=\"ez-toc-link ez-toc-heading-1\" href=\"https:\/\/mythslegendes.com\/es\/mitologia-bretona\/la-fuente-de-barenton\/#La-fontaine-de-Barenton\" >La fuente de Barenton<\/a><\/li><\/ul><\/nav><\/div>\n<h2><span class=\"ez-toc-section\" id=\"La-fontaine-de-Barenton\"><\/span>La fuente de Barenton<span class=\"ez-toc-section-end\"><\/span><\/h2>\n<p class=\"has-text-align-justify\">Owein inmediatamente decidi\u00f3 descubrir este lugar. Cabalg\u00f3 hasta un claro donde un gigante negro, rodeado de animales, le mostr\u00f3 el camino. Lleg\u00f3 a un \u00e1rbol verde y vio la fuente y la losa.<\/p>\n<p class=\"has-text-align-justify\">Ech\u00f3 agua sobre la losa y se desat\u00f3 la terrible tormenta, a\u00fan m\u00e1s violenta de lo que hab\u00eda descrito Kynon, luego brill\u00f3 el sol y cantaron los p\u00e1jaros. Mientras disfrutaba escuchando estas canciones, escuch\u00f3 gemidos y vio al caballero negro. Cargaron con furia y rompieron sus dos lanzas, desenvainaron sus espadas y Owein hiri\u00f3 de muerte al caballero.<\/p>\n<p class=\"has-text-align-justify\">Este \u00faltimo huy\u00f3 y Owein lo persigui\u00f3 hasta la entrada de un castillo donde Owein intent\u00f3 entrar detr\u00e1s de \u00e9l, pero la gente del castillo le arroj\u00f3 el rastrillo. Luego cerraron la puerta interior, atrap\u00e1ndolo entre el rastrillo y la puerta. Luego vio a una hermosa joven de cabello rubio que estaba conmovida por su destino. Ella le dio un anillo que ten\u00eda la propiedad de volverse invisible a voluntad. Cuando los hombres de armas vinieron por \u00e9l, no lo vieron correr para encontrar a la joven.<\/p>\n<p class=\"has-text-align-justify\">Fue entonces cuando escucharon fuertes gritos, Lunet le dijo que le acababan de dar la extremaunci\u00f3n al se\u00f1or del castillo, su cuerpo fue enterrado al d\u00eda siguiente y coloc\u00e1ndose en la ventana, Owein vio a la multitud seguir al ata\u00fad. , y en esta multitud una mujer joven muy bonita en ropas amarillas de luto.<\/p>\n<p class=\"has-text-align-justify\">Lunet le explic\u00f3 que era la m\u00e1s hermosa, la m\u00e1s generosa, la m\u00e1s noble y la m\u00e1s sabia de las mujeres, y que era la esposa del caballero, la Dama de la Fuente. Owein inmediatamente se enamor\u00f3 de ella.<\/p>\n<p class=\"has-text-align-justify\">Lunet entonces trat\u00f3 de razonar con la inconsolable Dama explic\u00e1ndole que para custodiar la fuente necesitaba un marido, un valiente caballero que la defendiera. Por lo tanto, le propuso ir a buscarla a la corte de Arturo. Se content\u00f3 con permanecer encerrada en su habitaci\u00f3n, luego volvi\u00f3 con la Dama y le present\u00f3 a Owein. Pero la Dama no se dej\u00f3 enga\u00f1ar, entendi\u00f3 que Owein no hab\u00eda hecho este largo viaje, que estaba escondido en el castillo y que \u00e9l era quien hab\u00eda matado a su esposo.<\/p>\n<p class=\"has-text-align-justify\">Sin embargo, se cas\u00f3 con Owein quien, desde entonces, custodiaba la fuente con la lanza y la espada. Cualquier caballero que llegaba all\u00ed, lo derribaba.<\/p>\n<p><\/p>\t\t\t\t\t\t\t\t<\/div>\n\t\t\t\t<\/div>\n\t\t\t\t\t<\/div>\n\t\t<\/div>\n\t\t\t\t\t<\/div>\n\t\t<\/section>\n\t\t\t\t<\/div>","protected":false},"excerpt":{"rendered":"<p>Wiki Mitolog\u00eda Bretona Aqu\u00ed est\u00e1 la historia de la fuente de Barenton. Una noche, cuando Owein, caballero de Arturo, estaba hablando con Kynon, \u00e9l... <\/p>","protected":false},"author":1,"featured_media":289,"parent":96,"menu_order":0,"comment_status":"closed","ping_status":"closed","template":"","meta":{"footnotes":""},"class_list":["post-287","page","type-page","status-publish","has-post-thumbnail","hentry"],"amp_enabled":true,"_links":{"self":[{"href":"https:\/\/mythslegendes.com\/es\/wp-json\/wp\/v2\/pages\/287","targetHints":{"allow":["GET"]}}],"collection":[{"href":"https:\/\/mythslegendes.com\/es\/wp-json\/wp\/v2\/pages"}],"about":[{"href":"https:\/\/mythslegendes.com\/es\/wp-json\/wp\/v2\/types\/page"}],"author":[{"embeddable":true,"href":"https:\/\/mythslegendes.com\/es\/wp-json\/wp\/v2\/users\/1"}],"replies":[{"embeddable":true,"href":"https:\/\/mythslegendes.com\/es\/wp-json\/wp\/v2\/comments?post=287"}],"version-history":[{"count":1,"href":"https:\/\/mythslegendes.com\/es\/wp-json\/wp\/v2\/pages\/287\/revisions"}],"predecessor-version":[{"id":24489,"href":"https:\/\/mythslegendes.com\/es\/wp-json\/wp\/v2\/pages\/287\/revisions\/24489"}],"up":[{"embeddable":true,"href":"https:\/\/mythslegendes.com\/es\/wp-json\/wp\/v2\/pages\/96"}],"wp:featuredmedia":[{"embeddable":true,"href":"https:\/\/mythslegendes.com\/es\/wp-json\/wp\/v2\/media\/289"}],"wp:attachment":[{"href":"https:\/\/mythslegendes.com\/es\/wp-json\/wp\/v2\/media?parent=287"}],"curies":[{"name":"wp","href":"https:\/\/api.w.org\/{rel}","templated":true}]}}