{"id":2872,"date":"2020-07-22T12:43:39","date_gmt":"2020-07-22T11:43:39","guid":{"rendered":"https:\/\/mythslegendes.com\/?page_id=2872"},"modified":"2022-12-03T22:07:13","modified_gmt":"2022-12-03T22:07:13","slug":"pantheon-scythe","status":"publish","type":"page","link":"https:\/\/mythslegendes.com\/es\/mitologia-escita\/guadana-de-panteon\/","title":{"rendered":"Pante\u00f3n escita"},"content":{"rendered":"<div data-elementor-type=\"wp-page\" data-elementor-id=\"2872\" class=\"elementor elementor-2872\">\n\t\t\t\t\t\t<section class=\"elementor-section elementor-top-section elementor-element elementor-element-f1480d9 elementor-section-boxed elementor-section-height-default elementor-section-height-default\" data-id=\"f1480d9\" data-element_type=\"section\" data-e-type=\"section\">\n\t\t\t\t\t\t<div class=\"elementor-container elementor-column-gap-default\">\n\t\t\t\t\t<div class=\"elementor-column elementor-col-50 elementor-top-column elementor-element elementor-element-086cd5e\" data-id=\"086cd5e\" data-element_type=\"column\" data-e-type=\"column\">\n\t\t\t<div class=\"elementor-widget-wrap elementor-element-populated\">\n\t\t\t\t\t\t<div class=\"elementor-element elementor-element-2d7e011 elementor-align-justify elementor-widget elementor-widget-button\" data-id=\"2d7e011\" data-element_type=\"widget\" data-e-type=\"widget\" data-widget_type=\"button.default\">\n\t\t\t\t<div class=\"elementor-widget-container\">\n\t\t\t\t\t\t\t\t\t<div class=\"elementor-button-wrapper\">\n\t\t\t\t\t<a class=\"elementor-button elementor-button-link elementor-size-sm\" href=\"https:\/\/mythslegendes.com\/es\/mitologia-escita\/\">\n\t\t\t\t\t\t<span class=\"elementor-button-content-wrapper\">\n\t\t\t\t\t\t\t\t\t<span class=\"elementor-button-text\">Mitolog\u00eda escita<\/span>\n\t\t\t\t\t<\/span>\n\t\t\t\t\t<\/a>\n\t\t\t\t<\/div>\n\t\t\t\t\t\t\t\t<\/div>\n\t\t\t\t<\/div>\n\t\t\t\t\t<\/div>\n\t\t<\/div>\n\t\t\t\t<div class=\"elementor-column elementor-col-50 elementor-top-column elementor-element elementor-element-ad7cae9\" data-id=\"ad7cae9\" data-element_type=\"column\" data-e-type=\"column\">\n\t\t\t<div class=\"elementor-widget-wrap elementor-element-populated\">\n\t\t\t\t\t\t<div class=\"elementor-element elementor-element-0df9a40 elementor-align-justify elementor-widget elementor-widget-button\" data-id=\"0df9a40\" data-element_type=\"widget\" data-e-type=\"widget\" data-widget_type=\"button.default\">\n\t\t\t\t<div class=\"elementor-widget-container\">\n\t\t\t\t\t\t\t\t\t<div class=\"elementor-button-wrapper\">\n\t\t\t\t\t<a class=\"elementor-button elementor-button-link elementor-size-sm\" href=\"https:\/\/fr.wikipedia.org\/wiki\/Religion_scythe\" target=\"_blank\" rel=\"noopener\">\n\t\t\t\t\t\t<span class=\"elementor-button-content-wrapper\">\n\t\t\t\t\t\t\t\t\t<span class=\"elementor-button-text\">Wiki<\/span>\n\t\t\t\t\t<\/span>\n\t\t\t\t\t<\/a>\n\t\t\t\t<\/div>\n\t\t\t\t\t\t\t\t<\/div>\n\t\t\t\t<\/div>\n\t\t\t\t\t<\/div>\n\t\t<\/div>\n\t\t\t\t\t<\/div>\n\t\t<\/section>\n\t\t\t\t<section class=\"elementor-section elementor-top-section elementor-element elementor-element-2449692 elementor-section-boxed elementor-section-height-default elementor-section-height-default\" data-id=\"2449692\" data-element_type=\"section\" data-e-type=\"section\">\n\t\t\t\t\t\t<div class=\"elementor-container elementor-column-gap-default\">\n\t\t\t\t\t<div class=\"elementor-column elementor-col-100 elementor-top-column elementor-element elementor-element-b1c0d8b\" data-id=\"b1c0d8b\" data-element_type=\"column\" data-e-type=\"column\">\n\t\t\t<div class=\"elementor-widget-wrap elementor-element-populated\">\n\t\t\t\t\t\t<div class=\"elementor-element elementor-element-d8d508f elementor-widget elementor-widget-text-editor\" data-id=\"d8d508f\" data-element_type=\"widget\" data-e-type=\"widget\" data-widget_type=\"text-editor.default\">\n\t\t\t\t<div class=\"elementor-widget-container\">\n\t\t\t\t\t\t\t\t\t<p>Her\u00f3doto da una lista de deidades del pante\u00f3n <a href=\"https:\/\/mythslegendes.com\/es\/mitologia-escita\/\">escita<\/a> con sus equivalentes <a href=\"https:\/\/mythslegendes.com\/es\/mythes-et-legendes-grecques-1664\/\">griegos<\/a>. Para algunos de ellos, especifica su nombre escita, pero pronunciado de la manera <a href=\"https:\/\/mythslegendes.com\/es\/mythes-et-legendes-grecques-1664\/\">Griego<\/a>.<\/p>\n<p><img decoding=\"async\" class=\"alignnone wp-image-5284 size-full\" src=\"https:\/\/mythslegendes.com\/wp-content\/uploads\/2020\/09\/AlphaOmega-e1602613368367.png\" alt=\"Pante\u00f3n escita\" width=\"25\" height=\"26\" title=\"\"><\/p>\t\t\t\t\t\t\t\t<\/div>\n\t\t\t\t<\/div>\n\t\t\t\t\t<\/div>\n\t\t<\/div>\n\t\t\t\t\t<\/div>\n\t\t<\/section>\n\t\t\t\t<section class=\"elementor-section elementor-top-section elementor-element elementor-element-24cd5a6 elementor-section-boxed elementor-section-height-default elementor-section-height-default\" data-id=\"24cd5a6\" data-element_type=\"section\" data-e-type=\"section\">\n\t\t\t\t\t\t<div class=\"elementor-container elementor-column-gap-default\">\n\t\t\t\t\t<div class=\"elementor-column elementor-col-100 elementor-top-column elementor-element elementor-element-d898ae7\" data-id=\"d898ae7\" data-element_type=\"column\" data-e-type=\"column\">\n\t\t\t<div class=\"elementor-widget-wrap elementor-element-populated\">\n\t\t\t\t\t\t<div class=\"elementor-element elementor-element-8be89af elementor-widget elementor-widget-heading\" data-id=\"8be89af\" data-element_type=\"widget\" data-e-type=\"widget\" data-widget_type=\"heading.default\">\n\t\t\t\t<div class=\"elementor-widget-container\">\n\t\t\t\t\t<div id=\"ez-toc-container\" class=\"ez-toc-v2_0_82_2 counter-hierarchy ez-toc-counter ez-toc-grey ez-toc-container-direction\">\n<div class=\"ez-toc-title-container\">\n<p class=\"ez-toc-title\" style=\"cursor:inherit\">Contenido<\/p>\n<span class=\"ez-toc-title-toggle\"><a href=\"#\" class=\"ez-toc-pull-right ez-toc-btn ez-toc-btn-xs ez-toc-btn-default ez-toc-toggle\" aria-label=\"Alternar tabla de contenidos\"><span class=\"ez-toc-js-icon-con\"><span class=\"\"><span class=\"eztoc-hide\" style=\"display:none;\">Palanca<\/span><span class=\"ez-toc-icon-toggle-span\"><svg style=\"fill: #999;color:#999\" xmlns=\"http:\/\/www.w3.org\/2000\/svg\" class=\"list-377408\" width=\"20px\" height=\"20px\" viewbox=\"0 0 24 24\" fill=\"none\"><path d=\"M6 6H4v2h2V6zm14 0H8v2h12V6zM4 11h2v2H4v-2zm16 0H8v2h12v-2zM4 16h2v2H4v-2zm16 0H8v2h12v-2z\" fill=\"currentColor\"><\/path><\/svg><svg style=\"fill: #999;color:#999\" class=\"arrow-unsorted-368013\" xmlns=\"http:\/\/www.w3.org\/2000\/svg\" width=\"10px\" height=\"10px\" viewbox=\"0 0 24 24\" version=\"1.2\" baseprofile=\"tiny\"><path d=\"M18.2 9.3l-6.2-6.3-6.2 6.3c-.2.2-.3.4-.3.7s.1.5.3.7c.2.2.4.3.7.3h11c.3 0 .5-.1.7-.3.2-.2.3-.5.3-.7s-.1-.5-.3-.7zM5.8 14.7l6.2 6.3 6.2-6.3c.2-.2.3-.5.3-.7s-.1-.5-.3-.7c-.2-.2-.4-.3-.7-.3h-11c-.3 0-.5.1-.7.3-.2.2-.3.5-.3.7s.1.5.3.7z\"\/><\/svg><\/span><\/span><\/span><\/a><\/span><\/div>\n<nav><ul class='ez-toc-list ez-toc-list-level-1' ><li class='ez-toc-page-1 ez-toc-heading-level-2'><a class=\"ez-toc-link ez-toc-heading-1\" href=\"https:\/\/mythslegendes.com\/es\/mitologia-escita\/guadana-de-panteon\/#Pantheon-scythe\" >Pante\u00f3n escita<\/a><\/li><\/ul><\/nav><\/div>\n<h2 class=\"elementor-heading-title elementor-size-default\"><span class=\"ez-toc-section\" id=\"Pantheon-scythe\"><\/span>Pante\u00f3n escita<span class=\"ez-toc-section-end\"><\/span><\/h2>\t\t\t\t<\/div>\n\t\t\t\t<\/div>\n\t\t\t\t\t<\/div>\n\t\t<\/div>\n\t\t\t\t\t<\/div>\n\t\t<\/section>\n\t\t\t\t<section class=\"elementor-section elementor-top-section elementor-element elementor-element-76318a9 elementor-section-boxed elementor-section-height-default elementor-section-height-default\" data-id=\"76318a9\" data-element_type=\"section\" data-e-type=\"section\">\n\t\t\t\t\t\t<div class=\"elementor-container elementor-column-gap-default\">\n\t\t\t\t\t<div class=\"elementor-column elementor-col-100 elementor-top-column elementor-element elementor-element-59e51096\" data-id=\"59e51096\" data-element_type=\"column\" data-e-type=\"column\">\n\t\t\t<div class=\"elementor-widget-wrap elementor-element-populated\">\n\t\t\t\t\t\t<div class=\"elementor-element elementor-element-69dbf45a elementor-widget elementor-widget-text-editor\" data-id=\"69dbf45a\" data-element_type=\"widget\" data-e-type=\"widget\" data-widget_type=\"text-editor.default\">\n\t\t\t\t<div class=\"elementor-widget-container\">\n\t\t\t\t\t\t\t\t\t<p><\/p>\n<p>Aqu\u00ed hay una lista no exhaustiva del pante\u00f3n escita:<\/p>\n<ul class=\"wp-block-list\">\n<li>Tabiti, diosa equivalente a Hestia, la diosa griega del fuego y el hogar.<\/li>\n<li>Papaios, dios equivalente a Zeus.<\/li>\n<li>Apia, la Tierra, esposa de Papaios.<\/li>\n<li>Thagimasadas, dios equivalente a Poseid\u00f3n.<\/li>\n<li>Oitosuros, dios equivalente a Apolo.<\/li>\n<li>Argimpasa, diosa considerada como &quot;Afrodita celestial&quot;.<\/li>\n<li>un dios equivalente a Heracles y un dios equivalente a Ares, el dios de la guerra de los griegos.<\/li>\n<\/ul>\n<p><\/p>\n<p>El escita Heracles debi\u00f3 ser muy cercano a su hom\u00f3logo griego, ya que los griegos del Mar Negro confundieron sus mitos: le atribuyeron el d\u00e9cimo trabajo de su propio h\u00e9roe, aquel en el que roba los bueyes de Geri\u00f3n (que se convierten en yeguas en el resto de su historia).<\/p>\n<p><\/p>\n<p>La identificaci\u00f3n de estos dioses es problem\u00e1tica, pero este trabajo se ha beneficiado del avance de los estudios indoeuropeos. Los indoeuropeos pusieron al dios del fuego a la cabeza de su pante\u00f3n, que es el caso aqu\u00ed. Tabiti corresponde a una antigua diosa india cuyo nombre est\u00e1 ligado al s\u00e1nscrito\u00a0<em>tapati<\/em>\u00a0&quot; para quemar &quot;.<\/p>\n<p>Georges Dum\u00e9zil encontr\u00f3 sus huellas en el <a href=\"https:\/\/mythslegendes.com\/es\/\">leyendas<\/a> desde\u00a0<a href=\"https:\/\/mythslegendes.com\/es\/mitologia-ossete\/\">Osetios<\/a>, poblada <a href=\"https:\/\/mythslegendes.com\/es\/mitologia-del-gran-iran\/\">iran\u00ed<\/a> del C\u00e1ucaso. Tambi\u00e9n reconoci\u00f3 en el Ares escita a un h\u00e9roe <a href=\"https:\/\/mythslegendes.com\/es\/mitologia-ossete\/\">osetia<\/a>, Batraz. Estos dos personajes se identifican en particular ambos con una espada.<\/p>\n<p><\/p>\n<p>En nombre de Apia, los especialistas acuerdan reconocer a los iran\u00edes\u00a0<em>\u0101p-<\/em>\u00a0&quot; agua &quot;. Seg\u00fan Her\u00f3doto, es la Tierra, pero el an\u00e1lisis de la <a href=\"https:\/\/mythslegendes.com\/es\/\">mitolog\u00eda<\/a> La historia indoeuropea muestra que la Tierra estaba representada en forma de monta\u00f1a &quot;segregando&quot; un r\u00edo, es decir, una monta\u00f1a-fuente. Los indoiranios acentuaron su aspecto h\u00famedo. En los textos griegos, el dios iranio Mitra se identifica con Apolo, lo que permite considerar que Oitosuros es Mitra.<\/p>\n<p>Este nombre debe haber sido un compuesto de Oito-suros, el segundo miembro del cual vino del Viejo Ir\u00e1n\u00a0<em>sura-<\/em>\u00a0&quot;Fuerte&quot;. En&#039;<em><a href=\"https:\/\/mythslegendes.com\/es\/mitologia-zoroastro\/\">Avesta<\/a><\/em>, este calificativo se atribuye a Mithra. En cuanto al t\u00e9rmino\u00a0<em>oito<\/em>, seg\u00fan el an\u00e1lisis de Fran\u00e7ois Cornillot, era la graf\u00eda griega de\u00a0<em>* con<\/em>, desde *<em>hwat\u0101wah<\/em>\u00a0&quot;soberano&quot;. Por lo tanto, la <a href=\"https:\/\/mythslegendes.com\/es\/mitologia-escita\/\">Escitas<\/a> apodado Mithras el &quot;Soberano fuerte&quot;.<\/p>\n<p><\/p>\n<p>Este mismo autor propuso otra lectura de los nombres de\u00a0<em>Sak\u0101 haumavarg\u0101<\/em>\u00a0: hace que su segundo miembro se derive de\u00a0<em>hauma war\u0101gan<\/em>, donde el t\u00e9rmino\u00a0<em>war\u0101gan<\/em>\u00a0significa &quot;ganador de\u00a0<em>* W\u0101ra<\/em>\u00a0\u00bbY termina en Oset\u00a0<em>W\u0153rgon<\/em>. De esta manera, el\u00a0<em>Sak\u0101 haumavarg\u0101<\/em>\u00a0son los &quot;Saces adeptos del culto del victorioso Haoma de * W\u0101ra&quot;.<\/p>\n<p>Para comprender el significado de este etn\u00f3nimo, es necesario saber que el\u00a0<em>Haoma<\/em>\u00a0es una planta deificada y que su enemigo\u00a0<em>* W\u0101ra<\/em>, llamado\u00a0<em>Vritra<\/em>\u00a0en los textos indios, es un demonio que busca hacer desaparecer el sol y obstruir el r\u00edo que desciende de la fuente de la monta\u00f1a. Me gusta\u00a0<em>* W\u0101ra<\/em>\u00a0representa la muerte, la victoria de\u00a0<em>Haoma<\/em>\u00a0(planta de la inmortalidad) es la de la vida sobre la muerte.<\/p>\n<p><\/p>\t\t\t\t\t\t\t\t<\/div>\n\t\t\t\t<\/div>\n\t\t\t\t\t<\/div>\n\t\t<\/div>\n\t\t\t\t\t<\/div>\n\t\t<\/section>\n\t\t\t\t<\/div>","protected":false},"excerpt":{"rendered":"<p>Mythologie Scythe Wiki H\u00e9rodote donne une liste de divinit\u00e9s du panth\u00e9on scythe avec leurs \u00e9quivalents grecs. Pour certaines d&rsquo;entre elles, &hellip; <\/p>","protected":false},"author":1,"featured_media":0,"parent":2845,"menu_order":0,"comment_status":"closed","ping_status":"closed","template":"","meta":{"footnotes":""},"class_list":["post-2872","page","type-page","status-publish","hentry"],"amp_enabled":true,"_links":{"self":[{"href":"https:\/\/mythslegendes.com\/es\/wp-json\/wp\/v2\/pages\/2872","targetHints":{"allow":["GET"]}}],"collection":[{"href":"https:\/\/mythslegendes.com\/es\/wp-json\/wp\/v2\/pages"}],"about":[{"href":"https:\/\/mythslegendes.com\/es\/wp-json\/wp\/v2\/types\/page"}],"author":[{"embeddable":true,"href":"https:\/\/mythslegendes.com\/es\/wp-json\/wp\/v2\/users\/1"}],"replies":[{"embeddable":true,"href":"https:\/\/mythslegendes.com\/es\/wp-json\/wp\/v2\/comments?post=2872"}],"version-history":[{"count":1,"href":"https:\/\/mythslegendes.com\/es\/wp-json\/wp\/v2\/pages\/2872\/revisions"}],"predecessor-version":[{"id":24864,"href":"https:\/\/mythslegendes.com\/es\/wp-json\/wp\/v2\/pages\/2872\/revisions\/24864"}],"up":[{"embeddable":true,"href":"https:\/\/mythslegendes.com\/es\/wp-json\/wp\/v2\/pages\/2845"}],"wp:attachment":[{"href":"https:\/\/mythslegendes.com\/es\/wp-json\/wp\/v2\/media?parent=2872"}],"curies":[{"name":"wp","href":"https:\/\/api.w.org\/{rel}","templated":true}]}}