{"id":2878,"date":"2020-07-22T12:47:15","date_gmt":"2020-07-22T11:47:15","guid":{"rendered":"https:\/\/mythslegendes.com\/?page_id=2878"},"modified":"2021-04-11T09:39:54","modified_gmt":"2021-04-11T09:39:54","slug":"les-amazones","status":"publish","type":"page","link":"https:\/\/mythslegendes.com\/es\/mitologia-escita\/las-amazonas\/","title":{"rendered":"Las amazonas"},"content":{"rendered":"\t\t<div data-elementor-type=\"wp-page\" data-elementor-id=\"2878\" class=\"elementor elementor-2878\">\n\t\t\t\t\t\t<section class=\"elementor-section elementor-top-section elementor-element elementor-element-e38a0de elementor-section-boxed elementor-section-height-default elementor-section-height-default\" data-id=\"e38a0de\" data-element_type=\"section\" data-e-type=\"section\">\n\t\t\t\t\t\t<div class=\"elementor-container elementor-column-gap-default\">\n\t\t\t\t\t<div class=\"elementor-column elementor-col-50 elementor-top-column elementor-element elementor-element-e14900e\" data-id=\"e14900e\" data-element_type=\"column\" data-e-type=\"column\">\n\t\t\t<div class=\"elementor-widget-wrap elementor-element-populated\">\n\t\t\t\t\t\t<div class=\"elementor-element elementor-element-d863a8d elementor-align-justify elementor-widget elementor-widget-button\" data-id=\"d863a8d\" data-element_type=\"widget\" data-e-type=\"widget\" data-widget_type=\"button.default\">\n\t\t\t\t<div class=\"elementor-widget-container\">\n\t\t\t\t\t\t\t\t\t<div class=\"elementor-button-wrapper\">\n\t\t\t\t\t<a class=\"elementor-button elementor-button-link elementor-size-sm\" href=\"https:\/\/mythslegendes.com\/mythologie-scythe\/\">\n\t\t\t\t\t\t<span class=\"elementor-button-content-wrapper\">\n\t\t\t\t\t\t\t\t\t<span class=\"elementor-button-text\">Mythologie Scythe<\/span>\n\t\t\t\t\t<\/span>\n\t\t\t\t\t<\/a>\n\t\t\t\t<\/div>\n\t\t\t\t\t\t\t\t<\/div>\n\t\t\t\t<\/div>\n\t\t\t\t\t<\/div>\n\t\t<\/div>\n\t\t\t\t<div class=\"elementor-column elementor-col-50 elementor-top-column elementor-element elementor-element-d49b07e\" data-id=\"d49b07e\" data-element_type=\"column\" data-e-type=\"column\">\n\t\t\t<div class=\"elementor-widget-wrap elementor-element-populated\">\n\t\t\t\t\t\t<div class=\"elementor-element elementor-element-51761e7 elementor-align-justify elementor-widget elementor-widget-button\" data-id=\"51761e7\" data-element_type=\"widget\" data-e-type=\"widget\" data-widget_type=\"button.default\">\n\t\t\t\t<div class=\"elementor-widget-container\">\n\t\t\t\t\t\t\t\t\t<div class=\"elementor-button-wrapper\">\n\t\t\t\t\t<a class=\"elementor-button elementor-button-link elementor-size-sm\" href=\"https:\/\/fr.wikipedia.org\/wiki\/Religion_scythe\" target=\"_blank\" rel=\"noopener\">\n\t\t\t\t\t\t<span class=\"elementor-button-content-wrapper\">\n\t\t\t\t\t\t\t\t\t<span class=\"elementor-button-text\">Wiki<\/span>\n\t\t\t\t\t<\/span>\n\t\t\t\t\t<\/a>\n\t\t\t\t<\/div>\n\t\t\t\t\t\t\t\t<\/div>\n\t\t\t\t<\/div>\n\t\t\t\t\t<\/div>\n\t\t<\/div>\n\t\t\t\t\t<\/div>\n\t\t<\/section>\n\t\t\t\t<section class=\"elementor-section elementor-top-section elementor-element elementor-element-61a0a406 elementor-section-boxed elementor-section-height-default elementor-section-height-default\" data-id=\"61a0a406\" data-element_type=\"section\" data-e-type=\"section\">\n\t\t\t\t\t\t<div class=\"elementor-container elementor-column-gap-default\">\n\t\t\t\t\t<div class=\"elementor-column elementor-col-100 elementor-top-column elementor-element elementor-element-215c121d\" data-id=\"215c121d\" data-element_type=\"column\" data-e-type=\"column\">\n\t\t\t<div class=\"elementor-widget-wrap elementor-element-populated\">\n\t\t\t\t\t\t<div class=\"elementor-element elementor-element-3f5ae834 elementor-widget elementor-widget-text-editor\" data-id=\"3f5ae834\" data-element_type=\"widget\" data-e-type=\"widget\" data-widget_type=\"text-editor.default\">\n\t\t\t\t<div class=\"elementor-widget-container\">\n\t\t\t\t\t\t\t\t\t<p><\/p>\n<p>Certains historiens, comme H\u00e9rodote, consid\u00e9raient les Amazones comme des barbares. Barbares au sens <a href=\"https:\/\/mythslegendes.com\/es\/mythes-et-legendes-grecques-1664\/\">grec<\/a> du terme, c\u2019est-\u00e0-dire \u00e9trang\u00e8res aux lois et aux r\u00e8gles du monde hell\u00e9nique. Barbares, elles l\u2019\u00e9taient aussi par leur f\u00e9rocit\u00e9 suppos\u00e9e et leur pulsion meurtri\u00e8re. H\u00e9rodote utilisait d\u2019ailleurs pour les qualifier le terme <a href=\"https:\/\/mythslegendes.com\/es\/mitologia-escita\/\">scythe<\/a> \u00ab\u00a0<em>Oiorpata<\/em>\u00a0\u00bb, signifiant \u00ab\u00a0tueuses d\u2019hommes\u00a0\u00bb.<\/p>\n<p><\/p>\n<figure class=\"wp-block-image\"><img decoding=\"async\" class=\"wp-image-3330\" src=\"https:\/\/www.arkhe-editions.com\/wp-content\/uploads\/2014\/04\/DP20780.jpg\" alt=\"dp20780\" title=\"\"><\/figure>\n<p><\/p>\n<p>On leur pr\u00eate m\u00eame la particularit\u00e9 d\u2019avoir aveugl\u00e9 ou estropi\u00e9 leurs enfants m\u00e2les pour en faire leurs serviteurs. Les Amazones \u00e9taient regard\u00e9es comme des femmes viriles.<\/p>\n<p><\/p>\n<p>D\u2019un c\u00f4t\u00e9, elles \u00e9taient femmes par leur sexe anatomique\u00a0; d\u2019un autre c\u00f4t\u00e9, elles \u00e9taient un peu hommes par leurs m\u0153urs et leurs fonctions. Cette dualit\u00e9 se retrouvait dans leur apparence physique car, contrairement aux femmes, elles avaient un sein en moins. D\u2019o\u00f9 leur nom d\u2019\u00ab\u00a0<em>amaz\u00f4n<\/em>\u00a0\u00bb qui signifie en grec \u00ab\u00a0sans sein\u00a0\u00bb. D\u2019apr\u00e8s Strabon, elles avaient en effet \u00ab\u00a0toutes le sein droit br\u00fbl\u00e9 d\u00e8s l\u2019enfance pour pouvoir se servir librement du bras droit \u00e0 n\u2019importe quel usage, en premier lieu pour lancer le javelot\u00a0\u00bb. Les Amazones \u00e9taient en effet, croyait-on, des guerri\u00e8res et des conqu\u00e9rantes.<\/p>\n<p><\/p>\n<div id=\"ez-toc-container\" class=\"ez-toc-v2_0_82_2 counter-hierarchy ez-toc-counter ez-toc-grey ez-toc-container-direction\">\n<div class=\"ez-toc-title-container\">\n<p class=\"ez-toc-title\" style=\"cursor:inherit\">Contenus<\/p>\n<span class=\"ez-toc-title-toggle\"><a href=\"#\" class=\"ez-toc-pull-right ez-toc-btn ez-toc-btn-xs ez-toc-btn-default ez-toc-toggle\" aria-label=\"Alternar tabla de contenidos\"><span class=\"ez-toc-js-icon-con\"><span class=\"\"><span class=\"eztoc-hide\" style=\"display:none;\">Toggle<\/span><span class=\"ez-toc-icon-toggle-span\"><svg style=\"fill: #999;color:#999\" xmlns=\"http:\/\/www.w3.org\/2000\/svg\" class=\"list-377408\" width=\"20px\" height=\"20px\" viewBox=\"0 0 24 24\" fill=\"none\"><path d=\"M6 6H4v2h2V6zm14 0H8v2h12V6zM4 11h2v2H4v-2zm16 0H8v2h12v-2zM4 16h2v2H4v-2zm16 0H8v2h12v-2z\" fill=\"currentColor\"><\/path><\/svg><svg style=\"fill: #999;color:#999\" class=\"arrow-unsorted-368013\" xmlns=\"http:\/\/www.w3.org\/2000\/svg\" width=\"10px\" height=\"10px\" viewBox=\"0 0 24 24\" version=\"1.2\" baseProfile=\"tiny\"><path d=\"M18.2 9.3l-6.2-6.3-6.2 6.3c-.2.2-.3.4-.3.7s.1.5.3.7c.2.2.4.3.7.3h11c.3 0 .5-.1.7-.3.2-.2.3-.5.3-.7s-.1-.5-.3-.7zM5.8 14.7l6.2 6.3 6.2-6.3c.2-.2.3-.5.3-.7s-.1-.5-.3-.7c-.2-.2-.4-.3-.7-.3h-11c-.3 0-.5.1-.7.3-.2.2-.3.5-.3.7s.1.5.3.7z\"\/><\/svg><\/span><\/span><\/span><\/a><\/span><\/div>\n<nav><ul class='ez-toc-list ez-toc-list-level-1 ' ><li class='ez-toc-page-1 ez-toc-heading-level-2'><a class=\"ez-toc-link ez-toc-heading-1\" href=\"https:\/\/mythslegendes.com\/es\/mitologia-escita\/las-amazonas\/#Les-Amazones-font-la-guerre-aux-hommes\" >Les Amazones font la guerre aux hommes<\/a><\/li><li class='ez-toc-page-1 ez-toc-heading-level-2'><a class=\"ez-toc-link ez-toc-heading-2\" href=\"https:\/\/mythslegendes.com\/es\/mitologia-escita\/las-amazonas\/#Le-mythe-de-lAmazone\" >Le mythe de l\u2019Amazone<\/a><\/li><li class='ez-toc-page-1 ez-toc-heading-level-2'><a class=\"ez-toc-link ez-toc-heading-3\" href=\"https:\/\/mythslegendes.com\/es\/mitologia-escita\/las-amazonas\/#Amazones-et-femmes-subversives\" >Amazones et femmes subversives<\/a><\/li><\/ul><\/nav><\/div>\n<h2 class=\"wp-block-heading\"><span class=\"ez-toc-section\" id=\"Les-Amazones-font-la-guerre-aux-hommes\"><\/span>Les Amazones font la guerre aux hommes<span class=\"ez-toc-section-end\"><\/span><\/h2>\n<p><\/p>\n<p>Les Amazones faisaient la guerre aux hommes, mont\u00e9es sur leurs chevaux, portant javelots, arcs et carquois. Les versions diff\u00e8rent concernant leur mode de vie et leur rapport \u00e0 l\u2019homme. D\u2019apr\u00e8s Strabon, les Amazones passaient entre elles la plus grande partie du temps et n\u2019avaient de relations sexuelles avec les hommes qu\u2019une fois par an pour procr\u00e9er. Une fois engross\u00e9es, elles les r\u00e9pudiaient.<\/p>\n<p><\/p>\n<p>Selon Diodore de Sicile, elles les \u00e9pousaient pour en faire leurs esclaves domestiques et sexuels\u00a0: \u00ab\u00a0pendant que les hommes [\u2026] passaient leur vie dans les maisons, soumis aux ordres de leur compagnes [\u2026] elles continuaient \u00e0 exercer les magistratures et \u00e0 administrer toutes les affaires publiques\u00a0\u00bb.<\/p>\n<p><\/p>\n<p>L\u2019Amazone Omphale, en \u00e9pousant H\u00e9rakl\u00e8s, ne l\u2019avait-elle pas contraint, lui le h\u00e9ros des douze travaux, \u00e0 lui remettre la peau du lion de N\u00e9m\u00e9e et sa massue, ainsi qu\u2019\u00e0 filer la laine \u00e0 ses pieds\u00a0? Mais d\u2019apr\u00e8s le <a href=\"https:\/\/mythslegendes.com\/es\/\">mythe<\/a>, elles furent vaincues par deux demi-dieux, H\u00e9rakl\u00e8s et Bell\u00e9rophon. Ce personnage de l\u2019Amazone a exerc\u00e9 une fascination longtemps apr\u00e8s l\u2019Antiquit\u00e9. Durant l\u2019\u00e9poque moderne, il y est tr\u00e8s souvent fait r\u00e9f\u00e9rence dans les textes litt\u00e9raires et les trait\u00e9s historiques. <\/p>\n<p>Plusieurs historiens et explorateurs du Nouveau Monde, notamment Pierre Petit, Claude-Marie Guyon et Charles-Marie de La\u00a0Condamine, ont consacr\u00e9 dans leurs trait\u00e9s ou leurs relations de voyages de tr\u00e8s belles pages aux Amazones anciennes et \u00e0 leurs descendantes \u2013 les Amazones modernes \u2013, rencontr\u00e9es au cours des explorations sur les terres d\u2019Afrique et d\u2019Am\u00e9rique. Ces femmes l\u00e9gendaires ont aussi focalis\u00e9 des fantasmes aussi repoussants qu\u2019effrayants par certains aspects de leur f\u00e9minit\u00e9 ressentis comme mena\u00e7ants.<\/p>\n<p><\/p>\n<h2 class=\"wp-block-heading\"><span class=\"ez-toc-section\" id=\"Le-mythe-de-lAmazone\"><\/span>Le mythe de l\u2019Amazone<span class=\"ez-toc-section-end\"><\/span><\/h2>\n<p><\/p>\n<p>Entre la Renaissance et les Lumi\u00e8res, le mythe de l\u2019Amazone fut souvent convoqu\u00e9 en litt\u00e9rature et en po\u00e9sie pour qualifier n\u00e9gativement les femmes russes, fran\u00e7aises et anglaises qui exer\u00e7aient, sinon pr\u00e9tendaient exercer des fonctions intellectuelles, politiques et militaires, autrement dit des fonctions consid\u00e9r\u00e9es comme naturellement masculines.<\/p>\n<p><\/p>\n<p>Bon nombre de souveraines et de frondeuses, de savantes et de lettr\u00e9es se trouvent, dans les textes de l\u2019\u00e9poque, compar\u00e9es \u00e0 des Amazones. Cette comparaison se rencontre par exemple dans la litt\u00e9rature \u00e9lisab\u00e9thaine pour qualifier la reine d\u2019Angleterre \u00c9lisabeth Tudor (1533-1603). Diff\u00e9rents textes la comparent \u00e0 Penth\u00e9sil\u00e9e et Radigund. <\/p>\n<p>Cette association m\u00e9taphorique se rencontre aussi \u00e0 l\u2019\u00e9gard de l\u2019imp\u00e9ratrice de Russie, Catherine\u00a0II, et de sa dame d\u2019honneur, l\u2019\u00e9minente princesse Ekaterina Romanovna Dachkova (1743-1810), connue essentiellement pour son r\u00f4le politique lors du coup d\u2019\u00c9tat du 28\u00a0juin 1762, et son r\u00f4le intellectuel de directrice de l\u2019Acad\u00e9mie des sciences de Saint-P\u00e9tersbourg et de pr\u00e9sidente de l\u2019Acad\u00e9mie imp\u00e9riale russe. Catherine la petite (Ekaterina) et Catherine la Grande (Catherine\u00a0II) ont \u00e9t\u00e9 entour\u00e9es de la m\u00eame <a href=\"https:\/\/mythslegendes.com\/es\/\">mythologie<\/a>. L\u2019imagerie litt\u00e9raire qui en fut \u00e9tablie entre en r\u00e9sonance. L\u2019une et l\u2019autre sont compar\u00e9es \u00e0 deux Amazones.<\/p>\n<p><\/p>\n<h2 class=\"wp-block-heading\"><span class=\"ez-toc-section\" id=\"Amazones-et-femmes-subversives\"><\/span>Amazones et femmes subversives<span class=\"ez-toc-section-end\"><\/span><\/h2>\n<p><\/p>\n<p>Ces comparaisons sont charg\u00e9es de connotations soit positives, soit n\u00e9gatives. Lorsqu\u2019elles le sont n\u00e9gativement, comme sous la plume de Charles Philibert Masson en 1800, dans ses\u00a0<em>M\u00e9moires secrets sur la Russie<\/em>, c\u2019est pour faire de ces deux \u00e9minentes femmes des puissances subversives capables de renverser les rapports de hi\u00e9rarchie entre les sexes et de saper les fondements de la soci\u00e9t\u00e9 patriarcale pour d\u00e9rober \u00e0 l\u2019homme son pouvoir. Cette imagerie se retrouve aussi, depuis le r\u00e8gne de Louis\u00a0XIV jusqu\u2019au Directoire, dans les fictions, les po\u00e9sies et les nombreux textes engag\u00e9s dans la querelle de la femme et le plus souvent hostiles \u00e0 l\u2019\u00e9mancipation f\u00e9minine.<\/p>\n<p><\/p>\n<figure class=\"wp-block-image\"><img decoding=\"async\" class=\"wp-image-3332\" title=\"Amazones et feminisme\" src=\"https:\/\/www.arkhe-editions.com\/wp-content\/uploads\/2014\/04\/amazones-e1478360614219.jpg\" alt=\"Histoires des Amazones\" \/>\n<p>\u00a0<\/p>\n<figcaption>L\u00e9on Davent,\u00a0<em>La Bataille des Amazones,<\/em>\u00a01547<\/figcaption>\n<\/figure>\n<p><\/p>\t\t\t\t\t\t\t\t<\/div>\n\t\t\t\t<\/div>\n\t\t\t\t\t<\/div>\n\t\t<\/div>\n\t\t\t\t\t<\/div>\n\t\t<\/section>\n\t\t\t\t<\/div>\n\t\t","protected":false},"excerpt":{"rendered":"<p>Mythologie Scythe Wiki Certains historiens, comme H\u00e9rodote, consid\u00e9raient les Amazones comme des barbares. Barbares au sens grec du terme, c\u2019est-\u00e0-dire &hellip; <\/p>","protected":false},"author":1,"featured_media":0,"parent":2845,"menu_order":0,"comment_status":"closed","ping_status":"closed","template":"","meta":{"footnotes":""},"class_list":["post-2878","page","type-page","status-publish","hentry"],"amp_enabled":true,"_links":{"self":[{"href":"https:\/\/mythslegendes.com\/es\/wp-json\/wp\/v2\/pages\/2878","targetHints":{"allow":["GET"]}}],"collection":[{"href":"https:\/\/mythslegendes.com\/es\/wp-json\/wp\/v2\/pages"}],"about":[{"href":"https:\/\/mythslegendes.com\/es\/wp-json\/wp\/v2\/types\/page"}],"author":[{"embeddable":true,"href":"https:\/\/mythslegendes.com\/es\/wp-json\/wp\/v2\/users\/1"}],"replies":[{"embeddable":true,"href":"https:\/\/mythslegendes.com\/es\/wp-json\/wp\/v2\/comments?post=2878"}],"version-history":[{"count":0,"href":"https:\/\/mythslegendes.com\/es\/wp-json\/wp\/v2\/pages\/2878\/revisions"}],"up":[{"embeddable":true,"href":"https:\/\/mythslegendes.com\/es\/wp-json\/wp\/v2\/pages\/2845"}],"wp:attachment":[{"href":"https:\/\/mythslegendes.com\/es\/wp-json\/wp\/v2\/media?parent=2878"}],"curies":[{"name":"wp","href":"https:\/\/api.w.org\/{rel}","templated":true}]}}