{"id":2885,"date":"2020-07-22T12:56:24","date_gmt":"2020-07-22T11:56:24","guid":{"rendered":"https:\/\/mythslegendes.com\/?page_id=2885"},"modified":"2022-12-03T22:07:13","modified_gmt":"2022-12-03T22:07:13","slug":"coloxais","status":"publish","type":"page","link":"https:\/\/mythslegendes.com\/es\/mitologia-escita\/coloxais\/","title":{"rendered":"Coloxais"},"content":{"rendered":"<div data-elementor-type=\"wp-page\" data-elementor-id=\"2885\" class=\"elementor elementor-2885\">\n\t\t\t\t\t\t<section class=\"elementor-section elementor-top-section elementor-element elementor-element-8241c53 elementor-section-boxed elementor-section-height-default elementor-section-height-default\" data-id=\"8241c53\" data-element_type=\"section\" data-e-type=\"section\">\n\t\t\t\t\t\t<div class=\"elementor-container elementor-column-gap-default\">\n\t\t\t\t\t<div class=\"elementor-column elementor-col-50 elementor-top-column elementor-element elementor-element-bccbf6a\" data-id=\"bccbf6a\" data-element_type=\"column\" data-e-type=\"column\">\n\t\t\t<div class=\"elementor-widget-wrap elementor-element-populated\">\n\t\t\t\t\t\t<div class=\"elementor-element elementor-element-4fee6c9 elementor-align-justify elementor-widget elementor-widget-button\" data-id=\"4fee6c9\" data-element_type=\"widget\" data-e-type=\"widget\" data-widget_type=\"button.default\">\n\t\t\t\t<div class=\"elementor-widget-container\">\n\t\t\t\t\t\t\t\t\t<div class=\"elementor-button-wrapper\">\n\t\t\t\t\t<a class=\"elementor-button elementor-button-link elementor-size-sm\" href=\"https:\/\/mythslegendes.com\/es\/mitologia-escita\/\">\n\t\t\t\t\t\t<span class=\"elementor-button-content-wrapper\">\n\t\t\t\t\t\t\t\t\t<span class=\"elementor-button-text\">Mitolog\u00eda escita<\/span>\n\t\t\t\t\t<\/span>\n\t\t\t\t\t<\/a>\n\t\t\t\t<\/div>\n\t\t\t\t\t\t\t\t<\/div>\n\t\t\t\t<\/div>\n\t\t\t\t\t<\/div>\n\t\t<\/div>\n\t\t\t\t<div class=\"elementor-column elementor-col-50 elementor-top-column elementor-element elementor-element-99eb169\" data-id=\"99eb169\" data-element_type=\"column\" data-e-type=\"column\">\n\t\t\t<div class=\"elementor-widget-wrap elementor-element-populated\">\n\t\t\t\t\t\t<div class=\"elementor-element elementor-element-e401a76 elementor-align-justify elementor-widget elementor-widget-button\" data-id=\"e401a76\" data-element_type=\"widget\" data-e-type=\"widget\" data-widget_type=\"button.default\">\n\t\t\t\t<div class=\"elementor-widget-container\">\n\t\t\t\t\t\t\t\t\t<div class=\"elementor-button-wrapper\">\n\t\t\t\t\t<a class=\"elementor-button elementor-button-link elementor-size-sm\" href=\"https:\/\/fr.wikipedia.org\/wiki\/Religion_scythe\" target=\"_blank\" rel=\"noopener\">\n\t\t\t\t\t\t<span class=\"elementor-button-content-wrapper\">\n\t\t\t\t\t\t\t\t\t<span class=\"elementor-button-text\">Wiki<\/span>\n\t\t\t\t\t<\/span>\n\t\t\t\t\t<\/a>\n\t\t\t\t<\/div>\n\t\t\t\t\t\t\t\t<\/div>\n\t\t\t\t<\/div>\n\t\t\t\t\t<\/div>\n\t\t<\/div>\n\t\t\t\t\t<\/div>\n\t\t<\/section>\n\t\t\t\t<section class=\"elementor-section elementor-top-section elementor-element elementor-element-d6379e0 elementor-section-boxed elementor-section-height-default elementor-section-height-default\" data-id=\"d6379e0\" data-element_type=\"section\" data-e-type=\"section\">\n\t\t\t\t\t\t<div class=\"elementor-container elementor-column-gap-default\">\n\t\t\t\t\t<div class=\"elementor-column elementor-col-100 elementor-top-column elementor-element elementor-element-77c3f60\" data-id=\"77c3f60\" data-element_type=\"column\" data-e-type=\"column\">\n\t\t\t<div class=\"elementor-widget-wrap elementor-element-populated\">\n\t\t\t\t\t\t<div class=\"elementor-element elementor-element-b0a51f5 elementor-widget elementor-widget-text-editor\" data-id=\"b0a51f5\" data-element_type=\"widget\" data-e-type=\"widget\" data-widget_type=\"text-editor.default\">\n\t\t\t\t<div class=\"elementor-widget-container\">\n\t\t\t\t\t\t\t\t\t<p>Voici l&rsquo;histoire de Coloxa\u00efs, fils de Targitaos.<\/p>\n<p><img decoding=\"async\" class=\"alignnone wp-image-5284 size-full\" src=\"https:\/\/mythslegendes.com\/wp-content\/uploads\/2020\/09\/AlphaOmega-e1602613368367.png\" alt=\"Coloxa\u00efs, fils de Targitaos\" width=\"25\" height=\"26\" title=\"\"><\/p>\t\t\t\t\t\t\t\t<\/div>\n\t\t\t\t<\/div>\n\t\t\t\t\t<\/div>\n\t\t<\/div>\n\t\t\t\t\t<\/div>\n\t\t<\/section>\n\t\t\t\t<section class=\"elementor-section elementor-top-section elementor-element elementor-element-3a33d9e elementor-section-boxed elementor-section-height-default elementor-section-height-default\" data-id=\"3a33d9e\" data-element_type=\"section\" data-e-type=\"section\">\n\t\t\t\t\t\t<div class=\"elementor-container elementor-column-gap-default\">\n\t\t\t\t\t<div class=\"elementor-column elementor-col-100 elementor-top-column elementor-element elementor-element-6c5e805\" data-id=\"6c5e805\" data-element_type=\"column\" data-e-type=\"column\">\n\t\t\t<div class=\"elementor-widget-wrap elementor-element-populated\">\n\t\t\t\t\t\t<div class=\"elementor-element elementor-element-67fd8d0 elementor-widget elementor-widget-heading\" data-id=\"67fd8d0\" data-element_type=\"widget\" data-e-type=\"widget\" data-widget_type=\"heading.default\">\n\t\t\t\t<div class=\"elementor-widget-container\">\n\t\t\t\t\t<div id=\"ez-toc-container\" class=\"ez-toc-v2_0_82_2 counter-hierarchy ez-toc-counter ez-toc-grey ez-toc-container-direction\">\n<div class=\"ez-toc-title-container\">\n<p class=\"ez-toc-title\" style=\"cursor:inherit\">Contenido<\/p>\n<span class=\"ez-toc-title-toggle\"><a href=\"#\" class=\"ez-toc-pull-right ez-toc-btn ez-toc-btn-xs ez-toc-btn-default ez-toc-toggle\" aria-label=\"Alternar tabla de contenidos\"><span class=\"ez-toc-js-icon-con\"><span class=\"\"><span class=\"eztoc-hide\" style=\"display:none;\">Palanca<\/span><span class=\"ez-toc-icon-toggle-span\"><svg style=\"fill: #999;color:#999\" xmlns=\"http:\/\/www.w3.org\/2000\/svg\" class=\"list-377408\" width=\"20px\" height=\"20px\" viewbox=\"0 0 24 24\" fill=\"none\"><path d=\"M6 6H4v2h2V6zm14 0H8v2h12V6zM4 11h2v2H4v-2zm16 0H8v2h12v-2zM4 16h2v2H4v-2zm16 0H8v2h12v-2z\" fill=\"currentColor\"><\/path><\/svg><svg style=\"fill: #999;color:#999\" class=\"arrow-unsorted-368013\" xmlns=\"http:\/\/www.w3.org\/2000\/svg\" width=\"10px\" height=\"10px\" viewbox=\"0 0 24 24\" version=\"1.2\" baseprofile=\"tiny\"><path d=\"M18.2 9.3l-6.2-6.3-6.2 6.3c-.2.2-.3.4-.3.7s.1.5.3.7c.2.2.4.3.7.3h11c.3 0 .5-.1.7-.3.2-.2.3-.5.3-.7s-.1-.5-.3-.7zM5.8 14.7l6.2 6.3 6.2-6.3c.2-.2.3-.5.3-.7s-.1-.5-.3-.7c-.2-.2-.4-.3-.7-.3h-11c-.3 0-.5.1-.7.3-.2.2-.3.5-.3.7s.1.5.3.7z\"\/><\/svg><\/span><\/span><\/span><\/a><\/span><\/div>\n<nav><ul class='ez-toc-list ez-toc-list-level-1' ><li class='ez-toc-page-1 ez-toc-heading-level-2'><a class=\"ez-toc-link ez-toc-heading-1\" href=\"https:\/\/mythslegendes.com\/es\/mitologia-escita\/coloxais\/#Coloxais-fils-de-Targitaos\" >Coloxa\u00efs, fils de Targitaos<\/a><\/li><\/ul><\/nav><\/div>\n<h2 class=\"elementor-heading-title elementor-size-default\"><span class=\"ez-toc-section\" id=\"Coloxais-fils-de-Targitaos\"><\/span>Coloxa\u00efs, fils de Targitaos<span class=\"ez-toc-section-end\"><\/span><\/h2>\t\t\t\t<\/div>\n\t\t\t\t<\/div>\n\t\t\t\t\t<\/div>\n\t\t<\/div>\n\t\t\t\t\t<\/div>\n\t\t<\/section>\n\t\t\t\t<section class=\"elementor-section elementor-top-section elementor-element elementor-element-62455bcb elementor-section-boxed elementor-section-height-default elementor-section-height-default\" data-id=\"62455bcb\" data-element_type=\"section\" data-e-type=\"section\">\n\t\t\t\t\t\t<div class=\"elementor-container elementor-column-gap-default\">\n\t\t\t\t\t<div class=\"elementor-column elementor-col-100 elementor-top-column elementor-element elementor-element-407830d9\" data-id=\"407830d9\" data-element_type=\"column\" data-e-type=\"column\">\n\t\t\t<div class=\"elementor-widget-wrap elementor-element-populated\">\n\t\t\t\t\t\t<div class=\"elementor-element elementor-element-2715353f elementor-widget elementor-widget-text-editor\" data-id=\"2715353f\" data-element_type=\"widget\" data-e-type=\"widget\" data-widget_type=\"text-editor.default\">\n\t\t\t\t<div class=\"elementor-widget-container\">\n\t\t\t\t\t\t\t\t\t<p><\/p>\n<p>De acuerdo a <em>Yasht<\/em>, la partie mythologique de l&rsquo;<em><a href=\"https:\/\/mythslegendes.com\/es\/mitologia-zoroastro\/\">Avesta<\/a><\/em>, le texte sacr\u00e9 du\u00a0<a href=\"https:\/\/mythslegendes.com\/es\/mitologia-zoroastro\/\">Zoroastrismo<\/a>, un h\u00e9ros nomm\u00e9 Thraetaona (le\u00a0Fereydoun\u00a0du\u00a0Sh\u00e2h N\u00e2m\u00e2\u00a0de\u00a0Ferdowsi) partagea son royaume entre ses trois fils, Iradj, Salm et Tour. Iradj re\u00e7ut la\u00a0<a href=\"https:\/\/mythslegendes.com\/es\/mythes-et-legendes-de-perse-1542\/\">persa<\/a>, Salm la partie occidentale de son royaume et Tour la partie orientale. Le\u00a0<em>Yasht XVII<\/em>\u00a0(pri\u00e8re \u00e0 la d\u00e9esse Ashi, 55-56) parle des \u00ab\u00a0Tours aux chevaux rapides\u00a0\u00bb. Selon les \u00e9crivains de l&rsquo;Antiquit\u00e9\u00a0et du\u00a0Moyen \u00c2ge, le\u00a0Touran\u00a0s&rsquo;\u00e9tendait dans les steppes du nord de la Perse et du\u00a0Turkestan\u00a0occidental (domaine des\u00a0Sogdiens). <\/p>\n<p>Ceci permet de les identifier aux <a href=\"https:\/\/mythslegendes.com\/es\/mitologia-escita\/\">Escitas<\/a>. Le roi Fraransyan du Touran agressa les <a href=\"https:\/\/mythslegendes.com\/es\/mythes-et-legendes-de-perse-1542\/\">persas<\/a> mais fut vaincu. Cette lutte est relat\u00e9e dans le\u00a0<em>Yasht XIX<\/em>. Si Thraetaona est purement mythique, il n&rsquo;y a pas de raison de douter de la confrontation entre les Perses et les nomades touraniens. Apr\u00e8s l&rsquo;arriv\u00e9e des tribus <a href=\"https:\/\/mythslegendes.com\/es\/mythes-et-legendes-turques-1708\/\">turques<\/a> au Turkestan, les Touraniens (et par cons\u00e9quent les Scythes) furent consid\u00e9r\u00e9s \u00e0 tort comme <a href=\"https:\/\/mythslegendes.com\/es\/mythes-et-legendes-turques-1708\/\">turcos<\/a>.<\/p>\n<p><\/p>\n<p>Le nom de Tour vient d&rsquo;un terme indo-iranien,\u00a0<em>tura<\/em>, qui signifie \u00ab\u00a0puissant\u00a0\u00bb. D&rsquo;apr\u00e8s les travaux de Fran\u00e7ois Cornillot, sp\u00e9cialiste du\u00a0<em>Rig-Veda<\/em>\u00a0y<em>Avesta<\/em>, on le retrouve dans le nom de\u00a0<em>Targitaos<\/em>, l&rsquo;anc\u00eatre des Scythes selon une <a href=\"https:\/\/mythslegendes.com\/es\/\">leyenda<\/a> racont\u00e9e par H\u00e9rodote, avec une transformation du\u00a0<em>u<\/em>\u00a0et un\u00a0<em>Para<\/em>\u00a0propre aux Scythes septentrionaux\u00a0: ce nom \u00e9tait auparavant prononc\u00e9 *<em>Tar-\u03b3witaw<\/em>, titre provenant lui-m\u00eame de *<em>Tur-hwatawah<\/em>\u00a0\u00ab\u00a0Souverain Puissant\u00a0\u00bb.\u00a0H\u00e9rodote\u00a0(IV, 5-6) rapporte que Targitaos eut trois fils, Lipoxa\u00efs, Arpoxa\u00efs et Coloxa\u00efs. <\/p>\n<p>Sous leur r\u00e8gne, trois objets en or tomb\u00e8rent du ciel, une charrue et un joug, une hache-<em>sagaris<\/em>\u00a0et une coupe. Les deux premiers fr\u00e8res voulurent prendre ces objets, mais ils s&rsquo;enflamm\u00e8rent. Ils revinrent \u00e0 Coloxa\u00efs, qui eut alors le titre de roi. Ces trois objets repr\u00e9sentent les trois fonctions reconnues par\u00a0Georges Dum\u00e9zil\u00a0chez tous les peuples indo-europ\u00e9ens\u00a0: la fonction cl\u00e9ricale (le bol), la fonction guerri\u00e8re (la hache) et la fonction de production (la charrue et le joug). \u00c9tant entr\u00e9 en possession de ces trois objets, Coloxa\u00efs acquit un caract\u00e8re trifonctionnel, comme tous les rois indo-europ\u00e9ens. <\/p>\n<p>Par ailleurs, les linguistes consid\u00e8rent unanimement que le suffixe\u00a0<em>-xa\u00efs<\/em>\u00a0reproduit le nom <a href=\"https:\/\/mythslegendes.com\/es\/mitologia-del-gran-iran\/\">iran\u00ed<\/a> du roi, qui \u00e9tait\u00a0<em>xshaya-<\/em>\u00a0en avestique.<\/p>\n<p><\/p>\t\t\t\t\t\t\t\t<\/div>\n\t\t\t\t<\/div>\n\t\t\t\t\t<\/div>\n\t\t<\/div>\n\t\t\t\t\t<\/div>\n\t\t<\/section>\n\t\t\t\t<\/div>","protected":false},"excerpt":{"rendered":"<p>Mythologie Scythe Wiki Voici l&rsquo;histoire de Coloxa\u00efs, fils de Targitaos. Coloxa\u00efs, fils de Targitaos Selon les Yasht, la partie mythologique &hellip; <\/p>","protected":false},"author":1,"featured_media":0,"parent":2845,"menu_order":0,"comment_status":"closed","ping_status":"closed","template":"","meta":{"footnotes":""},"class_list":["post-2885","page","type-page","status-publish","hentry"],"amp_enabled":true,"_links":{"self":[{"href":"https:\/\/mythslegendes.com\/es\/wp-json\/wp\/v2\/pages\/2885","targetHints":{"allow":["GET"]}}],"collection":[{"href":"https:\/\/mythslegendes.com\/es\/wp-json\/wp\/v2\/pages"}],"about":[{"href":"https:\/\/mythslegendes.com\/es\/wp-json\/wp\/v2\/types\/page"}],"author":[{"embeddable":true,"href":"https:\/\/mythslegendes.com\/es\/wp-json\/wp\/v2\/users\/1"}],"replies":[{"embeddable":true,"href":"https:\/\/mythslegendes.com\/es\/wp-json\/wp\/v2\/comments?post=2885"}],"version-history":[{"count":1,"href":"https:\/\/mythslegendes.com\/es\/wp-json\/wp\/v2\/pages\/2885\/revisions"}],"predecessor-version":[{"id":24866,"href":"https:\/\/mythslegendes.com\/es\/wp-json\/wp\/v2\/pages\/2885\/revisions\/24866"}],"up":[{"embeddable":true,"href":"https:\/\/mythslegendes.com\/es\/wp-json\/wp\/v2\/pages\/2845"}],"wp:attachment":[{"href":"https:\/\/mythslegendes.com\/es\/wp-json\/wp\/v2\/media?parent=2885"}],"curies":[{"name":"wp","href":"https:\/\/api.w.org\/{rel}","templated":true}]}}