{"id":2925,"date":"2020-07-22T17:48:08","date_gmt":"2020-07-22T16:48:08","guid":{"rendered":"https:\/\/mythslegendes.com\/?page_id=2925"},"modified":"2022-12-03T22:07:14","modified_gmt":"2022-12-03T22:07:14","slug":"le-haka","status":"publish","type":"page","link":"https:\/\/mythslegendes.com\/es\/mitologia-maori\/la-haka\/","title":{"rendered":"El haka"},"content":{"rendered":"<div data-elementor-type=\"wp-page\" data-elementor-id=\"2925\" class=\"elementor elementor-2925\">\n\t\t\t\t\t\t<section class=\"elementor-section elementor-top-section elementor-element elementor-element-95960fb elementor-section-boxed elementor-section-height-default elementor-section-height-default\" data-id=\"95960fb\" data-element_type=\"section\" data-e-type=\"section\">\n\t\t\t\t\t\t<div class=\"elementor-container elementor-column-gap-default\">\n\t\t\t\t\t<div class=\"elementor-column elementor-col-50 elementor-top-column elementor-element elementor-element-58a1073\" data-id=\"58a1073\" data-element_type=\"column\" data-e-type=\"column\">\n\t\t\t<div class=\"elementor-widget-wrap elementor-element-populated\">\n\t\t\t\t\t\t<div class=\"elementor-element elementor-element-1730803 elementor-align-justify elementor-widget elementor-widget-button\" data-id=\"1730803\" data-element_type=\"widget\" data-e-type=\"widget\" data-widget_type=\"button.default\">\n\t\t\t\t<div class=\"elementor-widget-container\">\n\t\t\t\t\t\t\t\t\t<div class=\"elementor-button-wrapper\">\n\t\t\t\t\t<a class=\"elementor-button elementor-button-link elementor-size-sm\" href=\"https:\/\/mythslegendes.com\/es\/mitologia-maori\/\">\n\t\t\t\t\t\t<span class=\"elementor-button-content-wrapper\">\n\t\t\t\t\t\t\t\t\t<span class=\"elementor-button-text\">Mitolog\u00eda maor\u00ed<\/span>\n\t\t\t\t\t<\/span>\n\t\t\t\t\t<\/a>\n\t\t\t\t<\/div>\n\t\t\t\t\t\t\t\t<\/div>\n\t\t\t\t<\/div>\n\t\t\t\t\t<\/div>\n\t\t<\/div>\n\t\t\t\t<div class=\"elementor-column elementor-col-50 elementor-top-column elementor-element elementor-element-cc7b4d2\" data-id=\"cc7b4d2\" data-element_type=\"column\" data-e-type=\"column\">\n\t\t\t<div class=\"elementor-widget-wrap elementor-element-populated\">\n\t\t\t\t\t\t<div class=\"elementor-element elementor-element-1dfd6ac elementor-align-justify elementor-widget elementor-widget-button\" data-id=\"1dfd6ac\" data-element_type=\"widget\" data-e-type=\"widget\" data-widget_type=\"button.default\">\n\t\t\t\t<div class=\"elementor-widget-container\">\n\t\t\t\t\t\t\t\t\t<div class=\"elementor-button-wrapper\">\n\t\t\t\t\t<a class=\"elementor-button elementor-button-link elementor-size-sm\" href=\"https:\/\/fr.wikipedia.org\/wiki\/Mythologie_maorie\" target=\"_blank\" rel=\"noopener\">\n\t\t\t\t\t\t<span class=\"elementor-button-content-wrapper\">\n\t\t\t\t\t\t\t\t\t<span class=\"elementor-button-text\">Wiki<\/span>\n\t\t\t\t\t<\/span>\n\t\t\t\t\t<\/a>\n\t\t\t\t<\/div>\n\t\t\t\t\t\t\t\t<\/div>\n\t\t\t\t<\/div>\n\t\t\t\t\t<\/div>\n\t\t<\/div>\n\t\t\t\t\t<\/div>\n\t\t<\/section>\n\t\t\t\t<section class=\"elementor-section elementor-top-section elementor-element elementor-element-4b57724 elementor-section-boxed elementor-section-height-default elementor-section-height-default\" data-id=\"4b57724\" data-element_type=\"section\" data-e-type=\"section\">\n\t\t\t\t\t\t<div class=\"elementor-container elementor-column-gap-default\">\n\t\t\t\t\t<div class=\"elementor-column elementor-col-100 elementor-top-column elementor-element elementor-element-6907bbfd\" data-id=\"6907bbfd\" data-element_type=\"column\" data-e-type=\"column\">\n\t\t\t<div class=\"elementor-widget-wrap elementor-element-populated\">\n\t\t\t\t\t\t<div class=\"elementor-element elementor-element-69370396 elementor-widget elementor-widget-text-editor\" data-id=\"69370396\" data-element_type=\"widget\" data-e-type=\"widget\" data-widget_type=\"text-editor.default\">\n\t\t\t\t<div class=\"elementor-widget-container\">\n\t\t\t\t\t\t\t\t\t\n<p>Literalmente, el t\u00e9rmino \u201chaka\u201d significa \u201cbaile\u201d, sea lo que sea. Hab\u00eda muchos tipos de haka en la \u00e9poca preeuropea, seg\u00fan la ocasi\u00f3n. Hab\u00eda hakas de canto y alegr\u00eda, y hakas de guerra, hakas de \u201cutu\u201d (venganza) que bail\u00e1bamos antes de ir a la batalla. Las hakas de guerra eran de dos tipos: la que se bailaba sin armas, generalmente para expresar sentimientos personales o colectivos, y que era la \u201chaka taparahi\u201d, y la que se bailaba con armas, la \u201chaka peruperu\u201d.<\/p>\n<p><img decoding=\"async\" class=\"alignnone wp-image-5284 size-full\" src=\"https:\/\/mythslegendes.com\/wp-content\/uploads\/2020\/09\/AlphaOmega-e1602613368367.png\" alt=\"haka\" width=\"25\" height=\"26\" title=\"\"><\/p>\n<div id=\"ez-toc-container\" class=\"ez-toc-v2_0_82_2 counter-hierarchy ez-toc-counter ez-toc-grey ez-toc-container-direction\">\n<div class=\"ez-toc-title-container\">\n<p class=\"ez-toc-title\" style=\"cursor:inherit\">Contenido<\/p>\n<span class=\"ez-toc-title-toggle\"><a href=\"#\" class=\"ez-toc-pull-right ez-toc-btn ez-toc-btn-xs ez-toc-btn-default ez-toc-toggle\" aria-label=\"Alternar tabla de contenidos\"><span class=\"ez-toc-js-icon-con\"><span class=\"\"><span class=\"eztoc-hide\" style=\"display:none;\">Palanca<\/span><span class=\"ez-toc-icon-toggle-span\"><svg style=\"fill: #999;color:#999\" xmlns=\"http:\/\/www.w3.org\/2000\/svg\" class=\"list-377408\" width=\"20px\" height=\"20px\" viewbox=\"0 0 24 24\" fill=\"none\"><path d=\"M6 6H4v2h2V6zm14 0H8v2h12V6zM4 11h2v2H4v-2zm16 0H8v2h12v-2zM4 16h2v2H4v-2zm16 0H8v2h12v-2z\" fill=\"currentColor\"><\/path><\/svg><svg style=\"fill: #999;color:#999\" class=\"arrow-unsorted-368013\" xmlns=\"http:\/\/www.w3.org\/2000\/svg\" width=\"10px\" height=\"10px\" viewbox=\"0 0 24 24\" version=\"1.2\" baseprofile=\"tiny\"><path d=\"M18.2 9.3l-6.2-6.3-6.2 6.3c-.2.2-.3.4-.3.7s.1.5.3.7c.2.2.4.3.7.3h11c.3 0 .5-.1.7-.3.2-.2.3-.5.3-.7s-.1-.5-.3-.7zM5.8 14.7l6.2 6.3 6.2-6.3c.2-.2.3-.5.3-.7s-.1-.5-.3-.7c-.2-.2-.4-.3-.7-.3h-11c-.3 0-.5.1-.7.3-.2.2-.3.5-.3.7s.1.5.3.7z\"\/><\/svg><\/span><\/span><\/span><\/a><\/span><\/div>\n<nav><ul class='ez-toc-list ez-toc-list-level-1' ><li class='ez-toc-page-1 ez-toc-heading-level-2'><a class=\"ez-toc-link ez-toc-heading-1\" href=\"https:\/\/mythslegendes.com\/es\/mitologia-maori\/la-haka\/#Le-Haka\" >El haka<\/a><\/li><\/ul><\/nav><\/div>\n<h2><span class=\"ez-toc-section\" id=\"Le-Haka\"><\/span>El haka<span class=\"ez-toc-section-end\"><\/span><\/h2>\n\n<p>Bailamos la \u201chaka peruper\u00fa\u201d, tradicionalmente, antes de ir a la batalla, con las armas que se utilizan para hacer la guerra.<\/p>\n\n<p>Yo je je ja! \u00bb Ante este llamado, los guerreros se prepararon para la haka \u201cperuper\u00fa\u201d, durante la cual fueron cuidadosamente inspeccionados por los mayores. Si el<\/p>\n\n<p>Era una forma de invocar al dios de la guerra y advertir al enemigo del destino que le esperaba. Este haka se bailaba con expresiones faciales feroces: muecas, lengua fuera, ojos saltones, gru\u00f1idos y gritos, mientras se agitaban las armas de guerra.<\/p>\n\n<p>El guerrero que lideraba la \u201ctaua\u201d -pelot\u00f3n de guerra- se coloc\u00f3 en el centro del grupo para gritar:<\/p>\n\n<p>\u201cTika tonu mai<br \/>Tika tonu mai<br \/>Ki ahau e noho nei<br \/>Tika tonu mai I a hei ja! \u201c\u00a0<\/p>\n\n<p>Lo que significa :<\/p>\n\n<p>\u201cVen aqu\u00ed, ven a m\u00ed<br \/>En este lugar donde estoy ahora<br \/>Ven directamente aqu\u00ed<br \/>Yo je je ja! \u00bb<\/p>\n\n<p>Ante este llamado, los guerreros se prepararon para la haka \u201cperuper\u00fa\u201d, durante la cual fueron cuidadosamente inspeccionados por los ancianos. Si el haka no se bailaba en completa sincronizaci\u00f3n, podr\u00eda verse como un presagio de desastre para la batalla venidera.<\/p>\n\n<p>El haka se realizaba como un desaf\u00edo al enemigo. Los guerreros fijaron sus ojos en los de los enemigos. A veces insist\u00edamos en un gesto particular, como un movimiento del brazo imitando el de un hacha, para advertir al oponente del destino que le esperaba. Muy a menudo los guerreros iban a la guerra desnudos, a excepci\u00f3n de un cintur\u00f3n de lino en la cintura del que colgaban peque\u00f1os garrotes.<\/p>\n\n<p>La haka tambi\u00e9n se puede utilizar para festividades importantes o para dar una bienvenida especial a un invitado distinguido. Un haka tambi\u00e9n pod\u00eda expresar agravios o, en la antig\u00fcedad, ser una oraci\u00f3n a uno de los dioses maor\u00edes.<\/p>\n\n<p>Hoy en d\u00eda, suele ser el haka de \u201cTe Rauparaha\u201d el que suele acompa\u00f1ar todos los eventos culturales o deportivos, como los partidos de rugby.<\/p>\n\n<p>Las expediciones b\u00e9licas estaban compuestas generalmente por hombres, pero las mujeres no estaban necesariamente exentas de esta actividad.<\/p>\n\n<p>Los guerreros maor\u00edes se destacaron en el arte de las incursiones y las emboscadas, apareciendo y desapareciendo r\u00e1pida y silenciosamente en la espesa selva tropical de Nueva Zelanda. Los guerreros sol\u00edan atacar al amanecer. Durante una expedici\u00f3n, era necesario conseguir matar a todos los enemigos, para que no hubiera riesgo de \u201cutu\u201d (venganza). Cuando se previ\u00f3 una paz duradera con el enemigo, se organiz\u00f3 un matrimonio intertribal para garantizar el pacto de paz.<\/p>\n\n<p>Se organizaban con el mayor cuidado las expediciones b\u00e9licas, que implicaban tambi\u00e9n complejos rituales y la abstinencia de determinados alimentos y pr\u00e1cticas.<\/p>\n\n<p>La expedici\u00f3n estuvo dedicada a Tumatauenga, el dios de la guerra, y ritos especiales aseguraron un \u201ctapu\u201d alrededor del guerrero. A su regreso, deb\u00eda realizar un rito purificador para levantar el \u201ctapu\u201d.<\/p>\n\t\t\t\t\t\t\t\t<\/div>\n\t\t\t\t<\/div>\n\t\t\t\t\t<\/div>\n\t\t<\/div>\n\t\t\t\t\t<\/div>\n\t\t<\/section>\n\t\t\t\t<\/div>","protected":false},"excerpt":{"rendered":"<p>Mythologie Maori Wiki Litt\u00e9ralement, le terme \u00ab\u00a0haka\u00a0\u00bb veut dire \u00ab\u00a0danse\u00a0\u00bb quelle qu&rsquo;elle soit. Il y avait de nombreuses sortes de &hellip; <\/p>","protected":false},"author":1,"featured_media":0,"parent":2889,"menu_order":0,"comment_status":"closed","ping_status":"closed","template":"","meta":{"footnotes":""},"class_list":["post-2925","page","type-page","status-publish","hentry"],"amp_enabled":true,"_links":{"self":[{"href":"https:\/\/mythslegendes.com\/es\/wp-json\/wp\/v2\/pages\/2925","targetHints":{"allow":["GET"]}}],"collection":[{"href":"https:\/\/mythslegendes.com\/es\/wp-json\/wp\/v2\/pages"}],"about":[{"href":"https:\/\/mythslegendes.com\/es\/wp-json\/wp\/v2\/types\/page"}],"author":[{"embeddable":true,"href":"https:\/\/mythslegendes.com\/es\/wp-json\/wp\/v2\/users\/1"}],"replies":[{"embeddable":true,"href":"https:\/\/mythslegendes.com\/es\/wp-json\/wp\/v2\/comments?post=2925"}],"version-history":[{"count":1,"href":"https:\/\/mythslegendes.com\/es\/wp-json\/wp\/v2\/pages\/2925\/revisions"}],"predecessor-version":[{"id":24869,"href":"https:\/\/mythslegendes.com\/es\/wp-json\/wp\/v2\/pages\/2925\/revisions\/24869"}],"up":[{"embeddable":true,"href":"https:\/\/mythslegendes.com\/es\/wp-json\/wp\/v2\/pages\/2889"}],"wp:attachment":[{"href":"https:\/\/mythslegendes.com\/es\/wp-json\/wp\/v2\/media?parent=2925"}],"curies":[{"name":"wp","href":"https:\/\/api.w.org\/{rel}","templated":true}]}}