{"id":2929,"date":"2020-07-22T17:50:55","date_gmt":"2020-07-22T16:50:55","guid":{"rendered":"https:\/\/mythslegendes.com\/?page_id=2929"},"modified":"2022-12-03T22:07:14","modified_gmt":"2022-12-03T22:07:14","slug":"le-tapu","status":"publish","type":"page","link":"https:\/\/mythslegendes.com\/es\/mitologia-maori\/el-tapu\/","title":{"rendered":"El tapu"},"content":{"rendered":"<div data-elementor-type=\"wp-page\" data-elementor-id=\"2929\" class=\"elementor elementor-2929\">\n\t\t\t\t\t\t<section class=\"elementor-section elementor-top-section elementor-element elementor-element-95b3cd0 elementor-section-boxed elementor-section-height-default elementor-section-height-default\" data-id=\"95b3cd0\" data-element_type=\"section\" data-e-type=\"section\">\n\t\t\t\t\t\t<div class=\"elementor-container elementor-column-gap-default\">\n\t\t\t\t\t<div class=\"elementor-column elementor-col-50 elementor-top-column elementor-element elementor-element-12255ff\" data-id=\"12255ff\" data-element_type=\"column\" data-e-type=\"column\">\n\t\t\t<div class=\"elementor-widget-wrap elementor-element-populated\">\n\t\t\t\t\t\t<div class=\"elementor-element elementor-element-2660019 elementor-align-justify elementor-widget elementor-widget-button\" data-id=\"2660019\" data-element_type=\"widget\" data-e-type=\"widget\" data-widget_type=\"button.default\">\n\t\t\t\t<div class=\"elementor-widget-container\">\n\t\t\t\t\t\t\t\t\t<div class=\"elementor-button-wrapper\">\n\t\t\t\t\t<a class=\"elementor-button elementor-button-link elementor-size-sm\" href=\"https:\/\/mythslegendes.com\/es\/mitologia-maori\/\">\n\t\t\t\t\t\t<span class=\"elementor-button-content-wrapper\">\n\t\t\t\t\t\t\t\t\t<span class=\"elementor-button-text\">Mitolog\u00eda maor\u00ed<\/span>\n\t\t\t\t\t<\/span>\n\t\t\t\t\t<\/a>\n\t\t\t\t<\/div>\n\t\t\t\t\t\t\t\t<\/div>\n\t\t\t\t<\/div>\n\t\t\t\t\t<\/div>\n\t\t<\/div>\n\t\t\t\t<div class=\"elementor-column elementor-col-50 elementor-top-column elementor-element elementor-element-22c7239\" data-id=\"22c7239\" data-element_type=\"column\" data-e-type=\"column\">\n\t\t\t<div class=\"elementor-widget-wrap elementor-element-populated\">\n\t\t\t\t\t\t<div class=\"elementor-element elementor-element-18412ae elementor-align-justify elementor-widget elementor-widget-button\" data-id=\"18412ae\" data-element_type=\"widget\" data-e-type=\"widget\" data-widget_type=\"button.default\">\n\t\t\t\t<div class=\"elementor-widget-container\">\n\t\t\t\t\t\t\t\t\t<div class=\"elementor-button-wrapper\">\n\t\t\t\t\t<a class=\"elementor-button elementor-button-link elementor-size-sm\" href=\"https:\/\/fr.wikipedia.org\/wiki\/Mythologie_maorie\" target=\"_blank\" rel=\"noopener\">\n\t\t\t\t\t\t<span class=\"elementor-button-content-wrapper\">\n\t\t\t\t\t\t\t\t\t<span class=\"elementor-button-text\">Wiki<\/span>\n\t\t\t\t\t<\/span>\n\t\t\t\t\t<\/a>\n\t\t\t\t<\/div>\n\t\t\t\t\t\t\t\t<\/div>\n\t\t\t\t<\/div>\n\t\t\t\t\t<\/div>\n\t\t<\/div>\n\t\t\t\t\t<\/div>\n\t\t<\/section>\n\t\t\t\t<section class=\"elementor-section elementor-top-section elementor-element elementor-element-3563c605 elementor-section-boxed elementor-section-height-default elementor-section-height-default\" data-id=\"3563c605\" data-element_type=\"section\" data-e-type=\"section\">\n\t\t\t\t\t\t<div class=\"elementor-container elementor-column-gap-default\">\n\t\t\t\t\t<div class=\"elementor-column elementor-col-100 elementor-top-column elementor-element elementor-element-15bc502\" data-id=\"15bc502\" data-element_type=\"column\" data-e-type=\"column\">\n\t\t\t<div class=\"elementor-widget-wrap elementor-element-populated\">\n\t\t\t\t\t\t<div class=\"elementor-element elementor-element-7d08268c elementor-widget elementor-widget-text-editor\" data-id=\"7d08268c\" data-element_type=\"widget\" data-e-type=\"widget\" data-widget_type=\"text-editor.default\">\n\t\t\t\t<div class=\"elementor-widget-container\">\n\t\t\t\t\t\t\t\t\t\n<p>Tapu es la principal fuente de vigor en la vida maor\u00ed. Tapu tiene muchos significados, ya menudo se hace referencia a \u00e9l. La palabra &quot;tapu&quot; puede interpretarse como &quot;sagrado&quot;, e incluye una fuerte obligaci\u00f3n de respetar las normas y prohibiciones.<\/p>\n<p><img decoding=\"async\" class=\"alignnone wp-image-5284 size-full\" src=\"https:\/\/mythslegendes.com\/wp-content\/uploads\/2020\/09\/AlphaOmega-e1602613368367.png\" alt=\"tapu\" width=\"25\" height=\"26\" title=\"\"><\/p>\n<div id=\"ez-toc-container\" class=\"ez-toc-v2_0_83 counter-hierarchy ez-toc-counter ez-toc-grey ez-toc-container-direction\">\n<div class=\"ez-toc-title-container\">\n<p class=\"ez-toc-title\" style=\"cursor:inherit\">Contenido<\/p>\n<span class=\"ez-toc-title-toggle\"><a href=\"#\" class=\"ez-toc-pull-right ez-toc-btn ez-toc-btn-xs ez-toc-btn-default ez-toc-toggle\" aria-label=\"Alternar tabla de contenidos\"><span class=\"ez-toc-js-icon-con\"><span class=\"\"><span class=\"eztoc-hide\" style=\"display:none;\">Palanca<\/span><span class=\"ez-toc-icon-toggle-span\"><svg style=\"fill: #999;color:#999\" xmlns=\"http:\/\/www.w3.org\/2000\/svg\" class=\"list-377408\" width=\"20px\" height=\"20px\" viewbox=\"0 0 24 24\" fill=\"none\"><path d=\"M6 6H4v2h2V6zm14 0H8v2h12V6zM4 11h2v2H4v-2zm16 0H8v2h12v-2zM4 16h2v2H4v-2zm16 0H8v2h12v-2z\" fill=\"currentColor\"><\/path><\/svg><svg style=\"fill: #999;color:#999\" class=\"arrow-unsorted-368013\" xmlns=\"http:\/\/www.w3.org\/2000\/svg\" width=\"10px\" height=\"10px\" viewbox=\"0 0 24 24\" version=\"1.2\" baseprofile=\"tiny\"><path d=\"M18.2 9.3l-6.2-6.3-6.2 6.3c-.2.2-.3.4-.3.7s.1.5.3.7c.2.2.4.3.7.3h11c.3 0 .5-.1.7-.3.2-.2.3-.5.3-.7s-.1-.5-.3-.7zM5.8 14.7l6.2 6.3 6.2-6.3c.2-.2.3-.5.3-.7s-.1-.5-.3-.7c-.2-.2-.4-.3-.7-.3h-11c-.3 0-.5.1-.7.3-.2.2-.3.5-.3.7s.1.5.3.7z\"\/><\/svg><\/span><\/span><\/span><\/a><\/span><\/div>\n<nav><ul class='ez-toc-list ez-toc-list-level-1' ><li class='ez-toc-page-1 ez-toc-heading-level-2'><a class=\"ez-toc-link ez-toc-heading-1\" href=\"https:\/\/mythslegendes.com\/es\/mitologia-maori\/el-tapu\/#Tapu\" >tapu<\/a><\/li><\/ul><\/nav><\/div>\n<h2><span class=\"ez-toc-section\" id=\"Tapu\"><\/span>tapu<span class=\"ez-toc-section-end\"><\/span><\/h2>\n\n<p>Una persona, objeto o lugar que es \u201ctapu\u201d no debe estar sujeto al contacto humano. A veces ni siquiera tienes que acercarte. Una persona as\u00ed tocada se encuentra en el poder de un dios, o genio maligno llamado Atoua.<\/p>\n\n<p>En \u00e9pocas anteriores, los miembros de alto rango de una tribu no deb\u00edan tocar un objeto perteneciente a un miembro de rango inferior. Esto fue considerado &quot;contaminaci\u00f3n&quot;. Del mismo modo, las personas de rango inferior no deb\u00edan tocar nada perteneciente a una persona de alto nacimiento. La pena era la muerte.<\/p>\n\n<p>Romper el tapu podr\u00eda enojar a los dioses. Ciertos objetos eran particularmente \u201ctapu\u201d: el mero hecho de tocarlos era un acto peligroso, excepto para los sacerdotes debidamente capacitados para hacerlo. En 1772, el explorador franc\u00e9s Marion du Fresne fue asesinado en Tarcoury&#039;s Cove, en <a href=\"https:\/\/mythslegendes.com\/es\/mitologia-maori\/\">Nueva Zelanda<\/a>, por cometer un delito de \u201ctapu\u201d.<\/p>\n\n<p>De manera similar, en el pasado, la comida preparada para un jefe era tapu y no pod\u00eda ser consumida por un inferior. \u201cNoa\u201d, en cambio, levantaba el \u201ctapu\u201d pesando sobre una persona o un objeto. \u201cNoa\u201d es similar a una bendici\u00f3n.<\/p>\n\n<p>Y aunque las personas ya no est\u00e1n sujetas a &quot;tapu&quot; como en aquellos tiempos antiguos, tapu y noa todav\u00eda son parte de la cultura maor\u00ed en la actualidad.<\/p>\n\n<p>Hoy, una nueva casa puede ser objeto de una ceremonia de \u201cnoa\u201d, para quitar el tapu y garantizar la seguridad de la casa antes de que la familia se establezca all\u00ed. Hoy en d\u00eda, la observancia del &quot;tapu&quot; todav\u00eda existe de manera evidente con respecto a la enfermedad, la muerte, los funerales. Tambi\u00e9n se encuentra en el Marae y en el Whare.<\/p>\n\n<p>El motivo inicial del &quot;tapu&quot; ya no aparece hoy muy claro en ciertos casos, pero en otros casos, por ejemplo en todo lo que se refiere a la conservaci\u00f3n del medio natural, es evidente su acci\u00f3n beneficiosa para el conjunto de la comunidad.<\/p>\n\t\t\t\t\t\t\t\t<\/div>\n\t\t\t\t<\/div>\n\t\t\t\t\t<\/div>\n\t\t<\/div>\n\t\t\t\t\t<\/div>\n\t\t<\/section>\n\t\t\t\t<\/div>","protected":false},"excerpt":{"rendered":"<p>Mythologie Maori Wiki Tapu est la principale source de vigueur dans la vie M\u0101ori. Tapu a de nombreuses significations, et &hellip; <\/p>","protected":false},"author":1,"featured_media":0,"parent":2889,"menu_order":0,"comment_status":"closed","ping_status":"closed","template":"","meta":{"footnotes":""},"class_list":["post-2929","page","type-page","status-publish","hentry"],"amp_enabled":true,"_links":{"self":[{"href":"https:\/\/mythslegendes.com\/es\/wp-json\/wp\/v2\/pages\/2929","targetHints":{"allow":["GET"]}}],"collection":[{"href":"https:\/\/mythslegendes.com\/es\/wp-json\/wp\/v2\/pages"}],"about":[{"href":"https:\/\/mythslegendes.com\/es\/wp-json\/wp\/v2\/types\/page"}],"author":[{"embeddable":true,"href":"https:\/\/mythslegendes.com\/es\/wp-json\/wp\/v2\/users\/1"}],"replies":[{"embeddable":true,"href":"https:\/\/mythslegendes.com\/es\/wp-json\/wp\/v2\/comments?post=2929"}],"version-history":[{"count":1,"href":"https:\/\/mythslegendes.com\/es\/wp-json\/wp\/v2\/pages\/2929\/revisions"}],"predecessor-version":[{"id":24870,"href":"https:\/\/mythslegendes.com\/es\/wp-json\/wp\/v2\/pages\/2929\/revisions\/24870"}],"up":[{"embeddable":true,"href":"https:\/\/mythslegendes.com\/es\/wp-json\/wp\/v2\/pages\/2889"}],"wp:attachment":[{"href":"https:\/\/mythslegendes.com\/es\/wp-json\/wp\/v2\/media?parent=2929"}],"curies":[{"name":"wp","href":"https:\/\/api.w.org\/{rel}","templated":true}]}}