{"id":2932,"date":"2020-07-22T17:55:09","date_gmt":"2020-07-22T16:55:09","guid":{"rendered":"https:\/\/mythslegendes.com\/?page_id=2932"},"modified":"2022-12-03T22:07:14","modified_gmt":"2022-12-03T22:07:14","slug":"le-moko","status":"publish","type":"page","link":"https:\/\/mythslegendes.com\/es\/mitologia-maori\/el-moko\/","title":{"rendered":"El Moko"},"content":{"rendered":"<div data-elementor-type=\"wp-page\" data-elementor-id=\"2932\" class=\"elementor elementor-2932\">\n\t\t\t\t\t\t<section class=\"elementor-section elementor-top-section elementor-element elementor-element-58ada91 elementor-section-boxed elementor-section-height-default elementor-section-height-default\" data-id=\"58ada91\" data-element_type=\"section\" data-e-type=\"section\">\n\t\t\t\t\t\t<div class=\"elementor-container elementor-column-gap-default\">\n\t\t\t\t\t<div class=\"elementor-column elementor-col-50 elementor-top-column elementor-element elementor-element-7a4688a\" data-id=\"7a4688a\" data-element_type=\"column\" data-e-type=\"column\">\n\t\t\t<div class=\"elementor-widget-wrap elementor-element-populated\">\n\t\t\t\t\t\t<div class=\"elementor-element elementor-element-2c0cb5b elementor-align-justify elementor-widget elementor-widget-button\" data-id=\"2c0cb5b\" data-element_type=\"widget\" data-e-type=\"widget\" data-widget_type=\"button.default\">\n\t\t\t\t<div class=\"elementor-widget-container\">\n\t\t\t\t\t\t\t\t\t<div class=\"elementor-button-wrapper\">\n\t\t\t\t\t<a class=\"elementor-button elementor-button-link elementor-size-sm\" href=\"https:\/\/mythslegendes.com\/es\/mitologia-maori\/\">\n\t\t\t\t\t\t<span class=\"elementor-button-content-wrapper\">\n\t\t\t\t\t\t\t\t\t<span class=\"elementor-button-text\">Mitolog\u00eda maor\u00ed<\/span>\n\t\t\t\t\t<\/span>\n\t\t\t\t\t<\/a>\n\t\t\t\t<\/div>\n\t\t\t\t\t\t\t\t<\/div>\n\t\t\t\t<\/div>\n\t\t\t\t\t<\/div>\n\t\t<\/div>\n\t\t\t\t<div class=\"elementor-column elementor-col-50 elementor-top-column elementor-element elementor-element-1f1ff1b\" data-id=\"1f1ff1b\" data-element_type=\"column\" data-e-type=\"column\">\n\t\t\t<div class=\"elementor-widget-wrap elementor-element-populated\">\n\t\t\t\t\t\t<div class=\"elementor-element elementor-element-9c5ccc6 elementor-align-justify elementor-widget elementor-widget-button\" data-id=\"9c5ccc6\" data-element_type=\"widget\" data-e-type=\"widget\" data-widget_type=\"button.default\">\n\t\t\t\t<div class=\"elementor-widget-container\">\n\t\t\t\t\t\t\t\t\t<div class=\"elementor-button-wrapper\">\n\t\t\t\t\t<a class=\"elementor-button elementor-button-link elementor-size-sm\" href=\"https:\/\/fr.wikipedia.org\/wiki\/Mythologie_maorie\" target=\"_blank\" rel=\"noopener\">\n\t\t\t\t\t\t<span class=\"elementor-button-content-wrapper\">\n\t\t\t\t\t\t\t\t\t<span class=\"elementor-button-text\">Wiki<\/span>\n\t\t\t\t\t<\/span>\n\t\t\t\t\t<\/a>\n\t\t\t\t<\/div>\n\t\t\t\t\t\t\t\t<\/div>\n\t\t\t\t<\/div>\n\t\t\t\t\t<\/div>\n\t\t<\/div>\n\t\t\t\t\t<\/div>\n\t\t<\/section>\n\t\t\t\t<section class=\"elementor-section elementor-top-section elementor-element elementor-element-2e5d11d4 elementor-section-boxed elementor-section-height-default elementor-section-height-default\" data-id=\"2e5d11d4\" data-element_type=\"section\" data-e-type=\"section\">\n\t\t\t\t\t\t<div class=\"elementor-container elementor-column-gap-default\">\n\t\t\t\t\t<div class=\"elementor-column elementor-col-100 elementor-top-column elementor-element elementor-element-364bc849\" data-id=\"364bc849\" data-element_type=\"column\" data-e-type=\"column\">\n\t\t\t<div class=\"elementor-widget-wrap elementor-element-populated\">\n\t\t\t\t\t\t<div class=\"elementor-element elementor-element-37f72c6c elementor-widget elementor-widget-text-editor\" data-id=\"37f72c6c\" data-element_type=\"widget\" data-e-type=\"widget\" data-widget_type=\"text-editor.default\">\n\t\t\t\t<div class=\"elementor-widget-container\">\n\t\t\t\t\t\t\t\t\t\n<p>Seg\u00fan la <a href=\"https:\/\/mythslegendes.com\/es\/\">mitolog\u00eda<\/a> M\u0101ori, el tatuaje Moko comenz\u00f3 con una historia de amor entre un joven que se llamaba Mataora (que significa \u201crostro de vitalidad\u201d) y una joven princesa del mundo de la oscuridad llamada Niwareka.<\/p>\n<p><img decoding=\"async\" class=\"alignnone wp-image-5284 size-full\" src=\"https:\/\/mythslegendes.com\/wp-content\/uploads\/2020\/09\/AlphaOmega-e1602613368367.png\" alt=\"tatuaje de moko\" width=\"25\" height=\"26\" title=\"\"><\/p>\n<div id=\"ez-toc-container\" class=\"ez-toc-v2_0_82_2 counter-hierarchy ez-toc-counter ez-toc-grey ez-toc-container-direction\">\n<div class=\"ez-toc-title-container\">\n<p class=\"ez-toc-title\" style=\"cursor:inherit\">Contenido<\/p>\n<span class=\"ez-toc-title-toggle\"><a href=\"#\" class=\"ez-toc-pull-right ez-toc-btn ez-toc-btn-xs ez-toc-btn-default ez-toc-toggle\" aria-label=\"Alternar tabla de contenidos\"><span class=\"ez-toc-js-icon-con\"><span class=\"\"><span class=\"eztoc-hide\" style=\"display:none;\">Palanca<\/span><span class=\"ez-toc-icon-toggle-span\"><svg style=\"fill: #999;color:#999\" xmlns=\"http:\/\/www.w3.org\/2000\/svg\" class=\"list-377408\" width=\"20px\" height=\"20px\" viewbox=\"0 0 24 24\" fill=\"none\"><path d=\"M6 6H4v2h2V6zm14 0H8v2h12V6zM4 11h2v2H4v-2zm16 0H8v2h12v-2zM4 16h2v2H4v-2zm16 0H8v2h12v-2z\" fill=\"currentColor\"><\/path><\/svg><svg style=\"fill: #999;color:#999\" class=\"arrow-unsorted-368013\" xmlns=\"http:\/\/www.w3.org\/2000\/svg\" width=\"10px\" height=\"10px\" viewbox=\"0 0 24 24\" version=\"1.2\" baseprofile=\"tiny\"><path d=\"M18.2 9.3l-6.2-6.3-6.2 6.3c-.2.2-.3.4-.3.7s.1.5.3.7c.2.2.4.3.7.3h11c.3 0 .5-.1.7-.3.2-.2.3-.5.3-.7s-.1-.5-.3-.7zM5.8 14.7l6.2 6.3 6.2-6.3c.2-.2.3-.5.3-.7s-.1-.5-.3-.7c-.2-.2-.4-.3-.7-.3h-11c-.3 0-.5.1-.7.3-.2.2-.3.5-.3.7s.1.5.3.7z\"\/><\/svg><\/span><\/span><\/span><\/a><\/span><\/div>\n<nav><ul class='ez-toc-list ez-toc-list-level-1' ><li class='ez-toc-page-1 ez-toc-heading-level-2'><a class=\"ez-toc-link ez-toc-heading-1\" href=\"https:\/\/mythslegendes.com\/es\/mitologia-maori\/el-moko\/#Le-Moko\" >El Moko\u00a0<\/a><\/li><\/ul><\/nav><\/div>\n<h2><span class=\"ez-toc-section\" id=\"Le-Moko\"><\/span>El Moko\u00a0<span class=\"ez-toc-section-end\"><\/span><\/h2>\n\n<p>Un d\u00eda Mataora golpe\u00f3 a Niwareka. Niwareka luego huy\u00f3 para unirse al reino de su padre, un reino llamado Uetonga. Mataora, desconsolada y arrepentida, fue en busca de Niwareka. Despu\u00e9s de muchas dificultades y de superar muchos obst\u00e1culos, Mataora finalmente lleg\u00f3 al reino de Uetonga. Pero, despu\u00e9s de su largo viaje, la pintura de su rostro estaba sucia y da\u00f1ada.<\/p>\n\n<p>La familia de Niwareka se ri\u00f3 de la mala apariencia de Mataora. Humildemente, Mataora suplic\u00f3 el perd\u00f3n de Niwareka y ella finalmente se lo concedi\u00f3. El padre de Niwareka luego le ofreci\u00f3 a Mataora que le ense\u00f1ara el arte del tatuaje Moko. Al mismo tiempo, Mataora aprendi\u00f3 el arte de Taniko, que consist\u00eda en recortar el borde de los abrigos con trenzas de todos los colores.<\/p>\n\n<p>Mataora y Niwareka luego regresaron al mundo humano, recuperando el arte de moko y taniko.<\/p>\n\n<p>La cabeza era considerada la parte m\u00e1s sagrada del cuerpo, y como el tatuaje hac\u00eda brotar la sangre, los tatuadores, los &quot;tohunga-ta-oko&quot;, eran especialmente &quot;tapu&quot;. Todos los maor\u00edes de alto rango estaban tatuados y los que no lo estaban eran considerados personas sin ning\u00fan estatus social. Adem\u00e1s, el moko hac\u00eda atractivo al guerrero para las mujeres.<\/p>\n\n<p>El tatuaje Moko comenz\u00f3 en la pubertad, acompa\u00f1ado de muchos ritos y ceremonias rituales. El instrumento que se utilizaba para tatuar era un cincel para huesos, ya sea con un borde dentado o con un borde recto muy afilado. La primera operaci\u00f3n del tatuaje consist\u00eda en realizar profundos cortes en la piel.<\/p>\n\n<p>Luego, el cincel se mojaba en un pigmento de holl\u00edn, como la goma quemada del \u00e1rbol de goma nativo, el Kauri (una gran con\u00edfera de los bosques del norte de la Isla Norte, con un tronco delgado y una copa muy alta, que puede volverse gigante), o el holl\u00edn de las orugas quemadas. Entonces el pigmento fue martillado en la piel. Fue extremadamente doloroso y muy largo; a menudo, se colocaban hojas del \u00e1rbol nativo, Karaka, en las incisiones ampolladas del tatuaje para acelerar la curaci\u00f3n.<\/p>\n\n<p>Las guerras eran frecuentes y el guerrero ten\u00eda poco tiempo para recuperarse. Durante el tiempo de curaci\u00f3n, a menudo era imposible comer debido a la hinchaz\u00f3n de la cara. Para lograrlo, se vert\u00eda alimento l\u00edquido en un embudo de madera hasta que el guerrero pudiera volver a comer con normalidad. Durante el tatuaje, tocamos la flauta y recitamos poemas, para ayudar a aliviar el dolor. Aunque los tatuajes se realizan principalmente en la cara, los guerreros del norte de Auckland ten\u00edan tatuajes en espiral en las nalgas y, a menudo, hasta las rodillas.<\/p>\n\n<p>El trabajo de los tohunga estuvo rodeado de ciertas pr\u00e1cticas rituales y religiosas. Esto es lo que le dio un car\u00e1cter sacerdotal. El tohunga podr\u00eda especializarse en una disciplina: conocimiento sagrado, ceremonial ritual, historia, <a href=\"https:\/\/mythslegendes.com\/es\/\">leyendas<\/a> y genealog\u00edas, o tambi\u00e9n: relaciones con esp\u00edritus y demonios, pero, de hecho, todos ten\u00edan que tener habilidades en otras \u00e1reas.<\/p>\n\n<p>Los magos tohunga se sometieron a un largo entrenamiento f\u00edsico y mental. Se cre\u00eda que su comercio con los dioses les otorgaba poderes sobrenaturales. Eran, por tanto, influyentes asesores de los consejos tribales e importantes jefes que ostentaban un gran poder, en virtud de su ascendencia.<\/p>\n\n<p>Consultamos a los Tohunga, que se preguntaban por el futuro lanzando un palo hecho de &quot;raupo&quot; (typha angustifolia, una especie de junco muy com\u00fan en Nueva Zelanda).<\/p>\n\n<p>Puede ser calificado como Tohunga, cualquier persona h\u00e1bil y experta en un arte: por ejemplo la construcci\u00f3n (canoas o casas), el tatuaje, el tallado en madera, etc. El trabajo de los Tohunga estuvo rodeado de ciertas pr\u00e1cticas rituales y religiosas. Esto es lo que le dio un car\u00e1cter sacerdotal.<\/p>\n\t\t\t\t\t\t\t\t<\/div>\n\t\t\t\t<\/div>\n\t\t\t\t\t<\/div>\n\t\t<\/div>\n\t\t\t\t\t<\/div>\n\t\t<\/section>\n\t\t\t\t<\/div>","protected":false},"excerpt":{"rendered":"<p>Mythologie Maori Wiki Selon la mythologie M\u0101orie, le tatouage Moko a commenc\u00e9 par une histoire d&rsquo;amour entre un jeune homme &hellip; <\/p>","protected":false},"author":1,"featured_media":0,"parent":2889,"menu_order":0,"comment_status":"closed","ping_status":"closed","template":"","meta":{"footnotes":""},"class_list":["post-2932","page","type-page","status-publish","hentry"],"amp_enabled":true,"_links":{"self":[{"href":"https:\/\/mythslegendes.com\/es\/wp-json\/wp\/v2\/pages\/2932","targetHints":{"allow":["GET"]}}],"collection":[{"href":"https:\/\/mythslegendes.com\/es\/wp-json\/wp\/v2\/pages"}],"about":[{"href":"https:\/\/mythslegendes.com\/es\/wp-json\/wp\/v2\/types\/page"}],"author":[{"embeddable":true,"href":"https:\/\/mythslegendes.com\/es\/wp-json\/wp\/v2\/users\/1"}],"replies":[{"embeddable":true,"href":"https:\/\/mythslegendes.com\/es\/wp-json\/wp\/v2\/comments?post=2932"}],"version-history":[{"count":1,"href":"https:\/\/mythslegendes.com\/es\/wp-json\/wp\/v2\/pages\/2932\/revisions"}],"predecessor-version":[{"id":24871,"href":"https:\/\/mythslegendes.com\/es\/wp-json\/wp\/v2\/pages\/2932\/revisions\/24871"}],"up":[{"embeddable":true,"href":"https:\/\/mythslegendes.com\/es\/wp-json\/wp\/v2\/pages\/2889"}],"wp:attachment":[{"href":"https:\/\/mythslegendes.com\/es\/wp-json\/wp\/v2\/media?parent=2932"}],"curies":[{"name":"wp","href":"https:\/\/api.w.org\/{rel}","templated":true}]}}