{"id":2935,"date":"2020-07-22T17:57:22","date_gmt":"2020-07-22T16:57:22","guid":{"rendered":"https:\/\/mythslegendes.com\/?page_id=2935"},"modified":"2022-12-03T22:07:14","modified_gmt":"2022-12-03T22:07:14","slug":"le-marae","status":"publish","type":"page","link":"https:\/\/mythslegendes.com\/es\/mitologia-maori\/el-marae\/","title":{"rendered":"El Marae"},"content":{"rendered":"<div data-elementor-type=\"wp-page\" data-elementor-id=\"2935\" class=\"elementor elementor-2935\">\n\t\t\t\t\t\t<section class=\"elementor-section elementor-top-section elementor-element elementor-element-fb2a854 elementor-section-boxed elementor-section-height-default elementor-section-height-default\" data-id=\"fb2a854\" data-element_type=\"section\" data-e-type=\"section\">\n\t\t\t\t\t\t<div class=\"elementor-container elementor-column-gap-default\">\n\t\t\t\t\t<div class=\"elementor-column elementor-col-50 elementor-top-column elementor-element elementor-element-187a372\" data-id=\"187a372\" data-element_type=\"column\" data-e-type=\"column\">\n\t\t\t<div class=\"elementor-widget-wrap elementor-element-populated\">\n\t\t\t\t\t\t<div class=\"elementor-element elementor-element-328cbe1 elementor-align-justify elementor-widget elementor-widget-button\" data-id=\"328cbe1\" data-element_type=\"widget\" data-e-type=\"widget\" data-widget_type=\"button.default\">\n\t\t\t\t<div class=\"elementor-widget-container\">\n\t\t\t\t\t\t\t\t\t<div class=\"elementor-button-wrapper\">\n\t\t\t\t\t<a class=\"elementor-button elementor-button-link elementor-size-sm\" href=\"https:\/\/mythslegendes.com\/es\/mitologia-maori\/\">\n\t\t\t\t\t\t<span class=\"elementor-button-content-wrapper\">\n\t\t\t\t\t\t\t\t\t<span class=\"elementor-button-text\">Mitolog\u00eda maor\u00ed<\/span>\n\t\t\t\t\t<\/span>\n\t\t\t\t\t<\/a>\n\t\t\t\t<\/div>\n\t\t\t\t\t\t\t\t<\/div>\n\t\t\t\t<\/div>\n\t\t\t\t\t<\/div>\n\t\t<\/div>\n\t\t\t\t<div class=\"elementor-column elementor-col-50 elementor-top-column elementor-element elementor-element-7520e51\" data-id=\"7520e51\" data-element_type=\"column\" data-e-type=\"column\">\n\t\t\t<div class=\"elementor-widget-wrap elementor-element-populated\">\n\t\t\t\t\t\t<div class=\"elementor-element elementor-element-3f701e1 elementor-align-justify elementor-widget elementor-widget-button\" data-id=\"3f701e1\" data-element_type=\"widget\" data-e-type=\"widget\" data-widget_type=\"button.default\">\n\t\t\t\t<div class=\"elementor-widget-container\">\n\t\t\t\t\t\t\t\t\t<div class=\"elementor-button-wrapper\">\n\t\t\t\t\t<a class=\"elementor-button elementor-button-link elementor-size-sm\" href=\"https:\/\/fr.wikipedia.org\/wiki\/Mythologie_maorie\" target=\"_blank\" rel=\"noopener\">\n\t\t\t\t\t\t<span class=\"elementor-button-content-wrapper\">\n\t\t\t\t\t\t\t\t\t<span class=\"elementor-button-text\">Wiki<\/span>\n\t\t\t\t\t<\/span>\n\t\t\t\t\t<\/a>\n\t\t\t\t<\/div>\n\t\t\t\t\t\t\t\t<\/div>\n\t\t\t\t<\/div>\n\t\t\t\t\t<\/div>\n\t\t<\/div>\n\t\t\t\t\t<\/div>\n\t\t<\/section>\n\t\t\t\t<section class=\"elementor-section elementor-top-section elementor-element elementor-element-760ae439 elementor-section-boxed elementor-section-height-default elementor-section-height-default\" data-id=\"760ae439\" data-element_type=\"section\" data-e-type=\"section\">\n\t\t\t\t\t\t<div class=\"elementor-container elementor-column-gap-default\">\n\t\t\t\t\t<div class=\"elementor-column elementor-col-100 elementor-top-column elementor-element elementor-element-279eb84f\" data-id=\"279eb84f\" data-element_type=\"column\" data-e-type=\"column\">\n\t\t\t<div class=\"elementor-widget-wrap elementor-element-populated\">\n\t\t\t\t\t\t<div class=\"elementor-element elementor-element-2eea4dd8 elementor-widget elementor-widget-text-editor\" data-id=\"2eea4dd8\" data-element_type=\"widget\" data-e-type=\"widget\" data-widget_type=\"text-editor.default\">\n\t\t\t\t<div class=\"elementor-widget-container\">\n\t\t\t\t\t\t\t\t\t\n<p>El pueblo maor\u00ed es un pueblo tribal formado por 79 tribus tradicionales distribuidas por todo el <a href=\"https:\/\/mythslegendes.com\/es\/mitologia-maori\/\">Nueva Zelanda<\/a>. El Marae, lugar de reuni\u00f3n sagrado, es el lugar del mayor mana, de la m\u00e1s alta espiritualidad, el lugar que aumenta la dignidad de la persona y el lugar donde las costumbres maor\u00edes alcanzan su m\u00e1xima expresi\u00f3n.<\/p>\n<p><img decoding=\"async\" class=\"alignnone wp-image-5284 size-full\" src=\"https:\/\/mythslegendes.com\/wp-content\/uploads\/2020\/09\/AlphaOmega-e1602613368367.png\" alt=\"El Marae\" width=\"25\" height=\"26\" title=\"\"><\/p>\n<div id=\"ez-toc-container\" class=\"ez-toc-v2_0_82_2 counter-hierarchy ez-toc-counter ez-toc-grey ez-toc-container-direction\">\n<div class=\"ez-toc-title-container\">\n<p class=\"ez-toc-title\" style=\"cursor:inherit\">Contenido<\/p>\n<span class=\"ez-toc-title-toggle\"><a href=\"#\" class=\"ez-toc-pull-right ez-toc-btn ez-toc-btn-xs ez-toc-btn-default ez-toc-toggle\" aria-label=\"Alternar tabla de contenidos\"><span class=\"ez-toc-js-icon-con\"><span class=\"\"><span class=\"eztoc-hide\" style=\"display:none;\">Palanca<\/span><span class=\"ez-toc-icon-toggle-span\"><svg style=\"fill: #999;color:#999\" xmlns=\"http:\/\/www.w3.org\/2000\/svg\" class=\"list-377408\" width=\"20px\" height=\"20px\" viewbox=\"0 0 24 24\" fill=\"none\"><path d=\"M6 6H4v2h2V6zm14 0H8v2h12V6zM4 11h2v2H4v-2zm16 0H8v2h12v-2zM4 16h2v2H4v-2zm16 0H8v2h12v-2z\" fill=\"currentColor\"><\/path><\/svg><svg style=\"fill: #999;color:#999\" class=\"arrow-unsorted-368013\" xmlns=\"http:\/\/www.w3.org\/2000\/svg\" width=\"10px\" height=\"10px\" viewbox=\"0 0 24 24\" version=\"1.2\" baseprofile=\"tiny\"><path d=\"M18.2 9.3l-6.2-6.3-6.2 6.3c-.2.2-.3.4-.3.7s.1.5.3.7c.2.2.4.3.7.3h11c.3 0 .5-.1.7-.3.2-.2.3-.5.3-.7s-.1-.5-.3-.7zM5.8 14.7l6.2 6.3 6.2-6.3c.2-.2.3-.5.3-.7s-.1-.5-.3-.7c-.2-.2-.4-.3-.7-.3h-11c-.3 0-.5.1-.7.3-.2.2-.3.5-.3.7s.1.5.3.7z\"\/><\/svg><\/span><\/span><\/span><\/a><\/span><\/div>\n<nav><ul class='ez-toc-list ez-toc-list-level-1' ><li class='ez-toc-page-1 ez-toc-heading-level-2'><a class=\"ez-toc-link ez-toc-heading-1\" href=\"https:\/\/mythslegendes.com\/es\/mitologia-maori\/el-marae\/#Le-Marae\" >El Marae<\/a><\/li><\/ul><\/nav><\/div>\n<h2><span class=\"ez-toc-section\" id=\"Le-Marae\"><\/span>El Marae<span class=\"ez-toc-section-end\"><\/span><\/h2>\n\n<p>He aha te mea nui? \u00bfQu\u00e9 es lo m\u00e1s grande?<br \/>\u00a1\u00c9l tangata! \u00a1Es la gente, He tangata!<br \/>\u00a1\u00c9l tangata! \u00a1Es la gente, He tangata! Es la gente.<\/p>\n\n<p>El Marae, o lugar de encuentro, es el turanga-waewae de los maor\u00edes. Es la base de la vida comunitaria tradicional maor\u00ed. Es su &quot;hogar&quot;. Es en el Marae donde tienen lugar los eventos oficiales: celebraciones, bodas, bautizos, reuniones tribales, funerales. Las personas tambi\u00e9n pueden ser llamadas all\u00ed por &quot;hui&quot;.<\/p>\n\n<p>Literalmente &quot;hui&quot; significa unirse, unirse. A diferencia de otras reuniones, el &quot;hui&quot; generalmente se lleva a cabo de acuerdo con el protocolo maor\u00ed. Si el &quot;hui&quot; se refiere a una disputa entre dos partes, cada una presenta sus argumentos para que finalmente se pueda llegar a un acuerdo consensuado. De lo contrario, se llamar\u00e1 m\u00e1s tarde a un nuevo &quot;hui&quot;.<\/p>\n\n<p>Los &quot;tangata whenua&quot; son los responsables del Marae local. Toman decisiones sobre el marae; si se esperan invitados, por ejemplo, ellos se encargan de la organizaci\u00f3n. Ellos son los que definen los roles de todos en el Marae y se aseguran de que los visitantes sean bien recibidos.<\/p>\n\n<p>Se invita a los j\u00f3venes a participar en el trabajo en el Marae. Los ancianos de Marae tienen autoridad y son respetados. Los Kaumatua (ancianos) son los Ancianos de Marae. Su funci\u00f3n es ense\u00f1ar a los j\u00f3venes las tradiciones maor\u00edes: \u201cwhaikorero\u201d (discursos), \u201cwhakapapa\u201d (genealog\u00eda) o \u201cwaiata\u201d (canci\u00f3n). Los Kaumatua tambi\u00e9n participan en dar la bienvenida a los visitantes.<\/p>\n\n<p>Waiata (canto) es muy importante en la vida maor\u00ed. A lo largo de los siglos, waiata ha registrado la historia, <a href=\"https:\/\/mythslegendes.com\/es\/\">leyendas<\/a> y acontecimientos particulares en la vida de las personas. Una persona que habla puede empezar a cantar en alg\u00fan momento de su discurso. Algunas waiata, sin embargo, s\u00f3lo pueden cantarse en determinadas ocasiones, como un &quot;tangi&quot; (canto f\u00fanebre), por ejemplo.<\/p>\n\n<p>Un europeo, o &quot;Pakeha&quot;, solo puede entrar en un Marae con el permiso de los Ancianos, y debe mostrar el debido respeto mientras se encuentre en el complejo marae. Si un grupo de visitantes llega al Marae, se lleva a cabo una ceremonia especial. Esta ceremonia se llama &quot;te wero&quot; y siempre est\u00e1 dirigida por un hombre. Wero significa &quot;lanzar una lanza&quot;.<\/p>\n\n<p>El &quot;wero&quot; siempre est\u00e1 dirigido por un hombre. Despu\u00e9s del haka, uno de los hombres de Marae coloca un objeto de desaf\u00edo en el suelo. Los visitantes deben esperar en la entrada del marae hasta que tengan la oportunidad de demostrar que han venido con intenciones pac\u00edficas.<\/p>\n\n<p>El &quot;wero&quot; puede ser conducido por una mujer de alto rango, una reina, por ejemplo, pero el &quot;taki&quot; (la lanza del desaf\u00edo) debe ser recogido por un hombre de su grupo. Esta es la forma tradicional de determinar si los visitantes del Marae han venido en paz o con intenciones hostiles.<\/p>\n\n<p>Cuando los visitantes &quot;manuhiri&quot; avancen en el Marae, deben permanecer todos juntos y caminar lenta y respetuosamente. Las mujeres del Marae participan en la llamada de bienvenida, el \u201cTe karanga\u201d:<\/p>\n\n<p>\u201c\u00a1Ac\u00e9rquense, visitantes de lejos! Bienvenido ! \u00a1Bienvenido! (Haere mai, Haere mai). Trae contigo los esp\u00edritus de tus muertos, que sean recibidos. Que se lamenten. Sube a nuestro Marae, sube al Marae sagrado de nuestro pueblo. Bienvenido ! Bienvenido ! (Haere mai, Haere mai) &quot;<\/p>\n\n<p>Para los maor\u00edes, la generosidad y la hospitalidad son de suma importancia.<\/p>\n\n<p>Por lo general, los visitantes de los maor\u00edes se detendr\u00e1n durante uno o dos minutos para recordar a los que han muerto, antes de adentrarse m\u00e1s en el Marae. Cuando los visitantes est\u00e1n dentro del Marae, comienzan los saludos.<\/p>\n\n<p>Los maor\u00edes practican una bienvenida tradicional llamada &quot;powhiri&quot;, que consiste en un &quot;hongi&quot;. El &quot;hongi&quot;, un ritual de bienvenida de tocar la nariz de otra persona con la punta de la nariz a modo de saludo, es la mezcla del aliento de dos personas, lo que representa la unidad. A menudo se practica tres veces seguidas: el primer contacto para saludar a la persona, el segundo en reconocimiento a los antepasados, la \u00faltima presi\u00f3n de la nariz y la frente para honrar la vida en este mundo.<\/p>\n\n<p>Despu\u00e9s de los saludos comienzan los discursos. El que habla se mueve hacia adelante y hacia atr\u00e1s mientras habla. La mayor\u00eda de los discursos son seguidos por c\u00e1nticos (waiata) de las mujeres.<\/p>\n\n<p>Adyacente al Marae, erigido en un \u00e1rea separada, est\u00e1 el Marae-Atea, generalmente frente a la entrada principal del Marae. Aqu\u00ed es donde se encuentra Whare.<\/p>\n\n<p>Podemos hablar de whare de muchas formas diferentes: whare tipuna o whare tupuna (la casa ancestral), whare whakairo (la casa tallada), whare nui (la casa grande), whare hui (la casa de reuniones), whare moe o whare puni (la casa donde se duerme) o whare runanga (la casa del consejo).<\/p>\n\n<p>El whare casi siempre se encuentra, como en el pasado, entre el marae y la puerta de entrada. El whare se utiliza para funerales, reuniones religiosas o para recibir invitados. Ning\u00fan miembro de la comunidad tribal local vive permanentemente en el whare. Con raras excepciones, el whare casi siempre lleva el nombre de un antepasado.<\/p>\n\n<p>El whare representa en principio, simb\u00f3licamente, al cacique ya sus antepasados. Afuera, en la fachada del whare, en lo m\u00e1s alto, est\u00e1 el tekoteko, una figura esculpida, colocada en el techo y en la entrada del whare. El tekoteko representa la cabeza del antepasado.<\/p>\n\n<p>El &quot;maihi&quot;, o parte tallada del tekoteko que cuelga de la ballena, muestra los brazos del antepasado, abiertos como para recibir a los visitantes. El rayo en el centro de la ballena, que lo atraviesa de un extremo a otro, representa la columna vertebral del antepasado.<\/p>\n\n<p>Y elegimos una pieza de madera particularmente fuerte, porque cuando la columna es fuerte, todo el cuerpo es fuerte. Las vigas talladas que se encuentran dentro de la ballena representan las costillas del antepasado. Las siluetas talladas a lo largo de las paredes interiores de las ballenas representan a los antepasados de la gente de los marae locales, as\u00ed como a los de otras tribus.<\/p>\n\n<p>Fuera del whare se pueden ver esculturas de Koruru m\u00e1s peque\u00f1as y m\u00e1s grandes. Sacar la lengua es una provocaci\u00f3n hacia el enemigo (al igual que es un gesto de desaf\u00edo durante el haka, la danza de guerra). Los ojos del koruru, en concha de paua brillante (la concha de abul\u00f3n de Nueva Zelanda), representan el Ruru, el nombre maor\u00ed del peque\u00f1o b\u00faho nativo de Nueva Zelanda.<\/p>\n\t\t\t\t\t\t\t\t<\/div>\n\t\t\t\t<\/div>\n\t\t\t\t\t<\/div>\n\t\t<\/div>\n\t\t\t\t\t<\/div>\n\t\t<\/section>\n\t\t\t\t<\/div>","protected":false},"excerpt":{"rendered":"<p>Wiki de mitolog\u00eda maor\u00ed El pueblo maor\u00ed es un pueblo tribal formado por 79 tribus tradicionales repartidas por Nueva Zelanda. Los \u2026 <\/p>","protected":false},"author":1,"featured_media":0,"parent":2889,"menu_order":0,"comment_status":"closed","ping_status":"closed","template":"","meta":{"footnotes":""},"class_list":["post-2935","page","type-page","status-publish","hentry"],"amp_enabled":true,"_links":{"self":[{"href":"https:\/\/mythslegendes.com\/es\/wp-json\/wp\/v2\/pages\/2935","targetHints":{"allow":["GET"]}}],"collection":[{"href":"https:\/\/mythslegendes.com\/es\/wp-json\/wp\/v2\/pages"}],"about":[{"href":"https:\/\/mythslegendes.com\/es\/wp-json\/wp\/v2\/types\/page"}],"author":[{"embeddable":true,"href":"https:\/\/mythslegendes.com\/es\/wp-json\/wp\/v2\/users\/1"}],"replies":[{"embeddable":true,"href":"https:\/\/mythslegendes.com\/es\/wp-json\/wp\/v2\/comments?post=2935"}],"version-history":[{"count":1,"href":"https:\/\/mythslegendes.com\/es\/wp-json\/wp\/v2\/pages\/2935\/revisions"}],"predecessor-version":[{"id":24872,"href":"https:\/\/mythslegendes.com\/es\/wp-json\/wp\/v2\/pages\/2935\/revisions\/24872"}],"up":[{"embeddable":true,"href":"https:\/\/mythslegendes.com\/es\/wp-json\/wp\/v2\/pages\/2889"}],"wp:attachment":[{"href":"https:\/\/mythslegendes.com\/es\/wp-json\/wp\/v2\/media?parent=2935"}],"curies":[{"name":"wp","href":"https:\/\/api.w.org\/{rel}","templated":true}]}}