{"id":2938,"date":"2020-07-22T18:00:07","date_gmt":"2020-07-22T17:00:07","guid":{"rendered":"https:\/\/mythslegendes.com\/?page_id=2938"},"modified":"2022-12-03T22:07:14","modified_gmt":"2022-12-03T22:07:14","slug":"le-tangi","status":"publish","type":"page","link":"https:\/\/mythslegendes.com\/es\/mitologia-maori\/el-tangui\/","title":{"rendered":"El Tangi"},"content":{"rendered":"<div data-elementor-type=\"wp-page\" data-elementor-id=\"2938\" class=\"elementor elementor-2938\">\n\t\t\t\t\t\t<section class=\"elementor-section elementor-top-section elementor-element elementor-element-69425c7 elementor-section-boxed elementor-section-height-default elementor-section-height-default\" data-id=\"69425c7\" data-element_type=\"section\" data-e-type=\"section\">\n\t\t\t\t\t\t<div class=\"elementor-container elementor-column-gap-default\">\n\t\t\t\t\t<div class=\"elementor-column elementor-col-50 elementor-top-column elementor-element elementor-element-2398d29\" data-id=\"2398d29\" data-element_type=\"column\" data-e-type=\"column\">\n\t\t\t<div class=\"elementor-widget-wrap elementor-element-populated\">\n\t\t\t\t\t\t<div class=\"elementor-element elementor-element-7d03fa5 elementor-align-justify elementor-widget elementor-widget-button\" data-id=\"7d03fa5\" data-element_type=\"widget\" data-e-type=\"widget\" data-widget_type=\"button.default\">\n\t\t\t\t<div class=\"elementor-widget-container\">\n\t\t\t\t\t\t\t\t\t<div class=\"elementor-button-wrapper\">\n\t\t\t\t\t<a class=\"elementor-button elementor-button-link elementor-size-sm\" href=\"https:\/\/mythslegendes.com\/es\/mitologia-maori\/\">\n\t\t\t\t\t\t<span class=\"elementor-button-content-wrapper\">\n\t\t\t\t\t\t\t\t\t<span class=\"elementor-button-text\">Mitolog\u00eda maor\u00ed<\/span>\n\t\t\t\t\t<\/span>\n\t\t\t\t\t<\/a>\n\t\t\t\t<\/div>\n\t\t\t\t\t\t\t\t<\/div>\n\t\t\t\t<\/div>\n\t\t\t\t\t<\/div>\n\t\t<\/div>\n\t\t\t\t<div class=\"elementor-column elementor-col-50 elementor-top-column elementor-element elementor-element-4919b63\" data-id=\"4919b63\" data-element_type=\"column\" data-e-type=\"column\">\n\t\t\t<div class=\"elementor-widget-wrap elementor-element-populated\">\n\t\t\t\t\t\t<div class=\"elementor-element elementor-element-25b3f50 elementor-align-justify elementor-widget elementor-widget-button\" data-id=\"25b3f50\" data-element_type=\"widget\" data-e-type=\"widget\" data-widget_type=\"button.default\">\n\t\t\t\t<div class=\"elementor-widget-container\">\n\t\t\t\t\t\t\t\t\t<div class=\"elementor-button-wrapper\">\n\t\t\t\t\t<a class=\"elementor-button elementor-button-link elementor-size-sm\" href=\"https:\/\/fr.wikipedia.org\/wiki\/Mythologie_maorie\" target=\"_blank\" rel=\"noopener\">\n\t\t\t\t\t\t<span class=\"elementor-button-content-wrapper\">\n\t\t\t\t\t\t\t\t\t<span class=\"elementor-button-text\">Wiki<\/span>\n\t\t\t\t\t<\/span>\n\t\t\t\t\t<\/a>\n\t\t\t\t<\/div>\n\t\t\t\t\t\t\t\t<\/div>\n\t\t\t\t<\/div>\n\t\t\t\t\t<\/div>\n\t\t<\/div>\n\t\t\t\t\t<\/div>\n\t\t<\/section>\n\t\t\t\t<section class=\"elementor-section elementor-top-section elementor-element elementor-element-756e0aad elementor-section-boxed elementor-section-height-default elementor-section-height-default\" data-id=\"756e0aad\" data-element_type=\"section\" data-e-type=\"section\">\n\t\t\t\t\t\t<div class=\"elementor-container elementor-column-gap-default\">\n\t\t\t\t\t<div class=\"elementor-column elementor-col-100 elementor-top-column elementor-element elementor-element-3258df2e\" data-id=\"3258df2e\" data-element_type=\"column\" data-e-type=\"column\">\n\t\t\t<div class=\"elementor-widget-wrap elementor-element-populated\">\n\t\t\t\t\t\t<div class=\"elementor-element elementor-element-c59e00e elementor-widget elementor-widget-text-editor\" data-id=\"c59e00e\" data-element_type=\"widget\" data-e-type=\"widget\" data-widget_type=\"text-editor.default\">\n\t\t\t\t<div class=\"elementor-widget-container\">\n\t\t\t\t\t\t\t\t\t<p><\/p>\n<div id=\"ez-toc-container\" class=\"ez-toc-v2_0_82_2 counter-hierarchy ez-toc-counter ez-toc-grey ez-toc-container-direction\">\n<div class=\"ez-toc-title-container\">\n<p class=\"ez-toc-title\" style=\"cursor:inherit\">Contenido<\/p>\n<span class=\"ez-toc-title-toggle\"><a href=\"#\" class=\"ez-toc-pull-right ez-toc-btn ez-toc-btn-xs ez-toc-btn-default ez-toc-toggle\" aria-label=\"Alternar tabla de contenidos\"><span class=\"ez-toc-js-icon-con\"><span class=\"\"><span class=\"eztoc-hide\" style=\"display:none;\">Palanca<\/span><span class=\"ez-toc-icon-toggle-span\"><svg style=\"fill: #999;color:#999\" xmlns=\"http:\/\/www.w3.org\/2000\/svg\" class=\"list-377408\" width=\"20px\" height=\"20px\" viewbox=\"0 0 24 24\" fill=\"none\"><path d=\"M6 6H4v2h2V6zm14 0H8v2h12V6zM4 11h2v2H4v-2zm16 0H8v2h12v-2zM4 16h2v2H4v-2zm16 0H8v2h12v-2z\" fill=\"currentColor\"><\/path><\/svg><svg style=\"fill: #999;color:#999\" class=\"arrow-unsorted-368013\" xmlns=\"http:\/\/www.w3.org\/2000\/svg\" width=\"10px\" height=\"10px\" viewbox=\"0 0 24 24\" version=\"1.2\" baseprofile=\"tiny\"><path d=\"M18.2 9.3l-6.2-6.3-6.2 6.3c-.2.2-.3.4-.3.7s.1.5.3.7c.2.2.4.3.7.3h11c.3 0 .5-.1.7-.3.2-.2.3-.5.3-.7s-.1-.5-.3-.7zM5.8 14.7l6.2 6.3 6.2-6.3c.2-.2.3-.5.3-.7s-.1-.5-.3-.7c-.2-.2-.4-.3-.7-.3h-11c-.3 0-.5.1-.7.3-.2.2-.3.5-.3.7s.1.5.3.7z\"\/><\/svg><\/span><\/span><\/span><\/a><\/span><\/div>\n<nav><ul class='ez-toc-list ez-toc-list-level-1' ><li class='ez-toc-page-1 ez-toc-heading-level-2'><a class=\"ez-toc-link ez-toc-heading-1\" href=\"https:\/\/mythslegendes.com\/es\/mitologia-maori\/el-tangui\/#Le-Tangi-%E2%80%93-funerailles\" >El Tangi \u2013 funeral<\/a><\/li><li class='ez-toc-page-1 ez-toc-heading-level-2'><a class=\"ez-toc-link ez-toc-heading-2\" href=\"https:\/\/mythslegendes.com\/es\/mitologia-maori\/el-tangui\/#Religion-et-spiritualite\" >Religi\u00f3n y espiritualidad<\/a><\/li><li class='ez-toc-page-1 ez-toc-heading-level-2'><a class=\"ez-toc-link ez-toc-heading-3\" href=\"https:\/\/mythslegendes.com\/es\/mitologia-maori\/el-tangui\/#La-baguette-du-dieu-%E2%80%93-%C2%AB-The-godstick-%C2%BB\" >El palo de dios \u2013 \u201cEl palo de dios\u201d<\/a><\/li><li class='ez-toc-page-1 ez-toc-heading-level-2'><a class=\"ez-toc-link ez-toc-heading-4\" href=\"https:\/\/mythslegendes.com\/es\/mitologia-maori\/el-tangui\/#Ringatu-et-Ratana\" >Ringatu y Ratana<\/a><\/li><\/ul><\/nav><\/div>\n<h2 class=\"wp-block-heading\"><span class=\"ez-toc-section\" id=\"Le-Tangi-%E2%80%93-funerailles\"><\/span>El Tangi \u2013 funeral<span class=\"ez-toc-section-end\"><\/span><\/h2>\n<p><\/p>\n<p><\/p>\n<p>Y en el Marae se lleva a cabo un Tangi (servicio f\u00fanebre), la gente del Marae local sostiene ramitas de hojas verdes. Las ramas son s\u00edmbolo de luto.<\/p>\n<p><img decoding=\"async\" class=\"alignnone wp-image-5284 size-full\" src=\"https:\/\/mythslegendes.com\/wp-content\/uploads\/2020\/09\/AlphaOmega-e1602613368367.png\" alt=\"Tangi\" width=\"25\" height=\"26\" title=\"\"><\/p>\n<p><\/p>\n<p><\/p>\n<p>Antes del entierro del \u201ctupapaku\u201d (el cuerpo) se realiza un funeral. Los maor\u00edes no quieren dejar el cuerpo solo despu\u00e9s de la muerte, por lo que ser\u00e1 llevado al Marae donde permanecer\u00e1 con familiares y amigos hasta el entierro. Los discursos se dirigir\u00e1n directamente a los \u201ctupapaku\u201d, creyentes maor\u00edes que el esp\u00edritu no abandona realmente el cuerpo hasta que es enterrado.<\/p>\n<p><\/p>\n<p><\/p>\n<p>La \u201curupa\u201d (cementerio) suele estar dentro del complejo de Marae, y es un lugar particularmente \u201ctapu\u201d (sagrado). Al salir del cementerio se puede levantar el \u201ctapu\u201d lav\u00e1ndose las manos con agua. Para este prop\u00f3sito, a menudo hay un recipiente con agua justo afuera de la puerta urupa.<\/p>\n<p><\/p>\n<p><\/p>\n<p>Seg\u00fan las creencias tradicionales maor\u00edes, las almas de los muertos viajan al \u00e1rbol nativo Pohutukawa en la punta del cabo Reinga, en el extremo norte de la Isla Norte. (Reinga en maor\u00ed significa: salto, lugar desde donde se salta; lugar donde residen los esp\u00edritus de los muertos) El alma se desliza a lo largo de una ra\u00edz de Pohutukawa, hasta adentrarse en el mar.<\/p>\n<p><\/p>\n<p><\/p>\n<p>El alma emerge en Ohaua, que es el punto m\u00e1s alto de las Islas Tres Reyes, para un \u00faltimo viaje antes de regresar a Hawaiiki, para reunirse con los antepasados.<\/p>\n<p><\/p>\n<p><\/p>\n<p>En la antig\u00fcedad, la cabeza de un jefe querido o de un guerrero importante era cortada y preservada, para que permaneciera para siempre con la familia y la tribu en duelo.<\/p>\n<p><\/p>\n<p><\/p>\n<h2 class=\"wp-block-heading\"><span class=\"ez-toc-section\" id=\"Religion-et-spiritualite\"><\/span>Religi\u00f3n y espiritualidad<span class=\"ez-toc-section-end\"><\/span><\/h2>\n<p><\/p>\n<p><\/p>\n<p>Originalmente se cre\u00eda que el dios Tane hab\u00eda regalado a la humanidad tres cestas de conocimiento: \u201cNga Kete-o-te-Wananga\u201d. Estas cestas conten\u00edan historias de la creaci\u00f3n, instrucciones sobre magia, etc.<\/p>\n<p><\/p>\n<p><\/p>\n<p>Los maor\u00edes creen que todo proviene de los dioses. Todas las cosas est\u00e1n encarnadas en determinadas monta\u00f1as, r\u00edos o lagos, y todas tienen un determinado tipo de alma, la wainua. Por eso los maor\u00edes tienen fuertes conexiones espirituales con la tierra. Algunos sitios geogr\u00e1ficos de <a href=\"https:\/\/mythslegendes.com\/es\/mitologia-maori\/\">Nueva Zelanda<\/a> son anclas importantes de la identidad maor\u00ed. Por ejemplo, el r\u00edo Wanganui tiene un significado cultural y espiritual especial para los maor\u00edes.<\/p>\n<p><\/p>\n<p><\/p>\n<p>El monte Ngaruahoe y el monte Ruapehu, ambos ubicados en la Isla Norte, son sagrados para los maor\u00edes. La mayor\u00eda de las cosas contienen &quot;mana&quot;, la esencia espiritual. El man\u00e1 est\u00e1 en el hombre mismo, en la tierra, en la naturaleza y tambi\u00e9n en ciertos objetos creados por el hombre.<\/p>\n<p><\/p>\n<p><\/p>\n<p>Si personas no autorizadas entran en contacto con el \u201cman\u00e1\u201d contenido en ciertos objetos o seres, esto puede hacer que el man\u00e1 se escape. Las reglas extremadamente estrictas sobre los &quot;tapu&quot; protegen los objetos relacionados con las ceremonias, que est\u00e1n especialmente llenos de &quot;mana&quot;.<\/p>\n<p><\/p>\n<p><\/p>\n<p>El lagarto tiene un significado especial en la antig\u00fcedad. <a href=\"https:\/\/mythslegendes.com\/es\/\">mitolog\u00eda<\/a> Maor\u00ed. Este reptil fue considerado el emisario del dios Whiro. Whiro represent\u00f3 todo lo malo en la tierra y trajo desgracias a las tribus desafortunadas. Si los dioses estaban enojados y quer\u00edan matar a un hombre, invocaban al lagarto que entraba en el cuerpo del hombre y devoraba sus \u00f3rganos vitales.<\/p>\n<p><\/p>\n<p><\/p>\n<p>El lagarto tambi\u00e9n est\u00e1 presente en motivos art\u00edsticos. En este caso, el poder maligno del lagarto se transform\u00f3 en una especie de protecci\u00f3n. La tradici\u00f3n oral dice que una casa destinada a la ense\u00f1anza de conocimientos superiores (una Whare Wananga) a veces ten\u00eda un lagarto enterrado debajo de los pilotes de contenci\u00f3n. Y luego el esp\u00edritu protegi\u00f3 al Whare-Wananga.<\/p>\n<p><\/p>\n<p><\/p>\n<h2 class=\"wp-block-heading\"><span class=\"ez-toc-section\" id=\"La-baguette-du-dieu-%E2%80%93-%C2%AB-The-godstick-%C2%BB\"><\/span>El palo de dios \u2013 \u201cEl palo de dios\u201d<span class=\"ez-toc-section-end\"><\/span><\/h2>\n<p><\/p>\n<p><\/p>\n<p>En la antig\u00fcedad, el \u201ctiki wananga\u201d o varita del dios, se utilizaba para practicar ritos. Generalmente era de madera, con una <a href=\"http:\/\/history-nz.org\/french\/fremaori7.html#tiki\" target=\"_blank\" rel=\"noopener\">ti Ki<\/a> en el extremo superior, y rematado con una base cortada en punta. Para ocasiones rituales, cordones y plumas rojas adornaban la \u201cvarita de dios\u201d y parec\u00edan darle vida.<\/p>\n<p><\/p>\n<p><\/p>\n<p>El esp\u00edritu del dios representado entr\u00f3 entonces en la \u201cvarita\u201d y \u00e9sta se convirti\u00f3 en el intermediario entre el sacerdote y el esp\u00edritu con el que quer\u00eda entrar en contacto. S\u00f3lo los sacerdotes o personas calificadas pod\u00edan utilizar la \u201cvara del dios\u201d. Antes de apelar a una divinidad, el sacerdote clavaba la vara en el suelo o la tomaba en la mano. Luego podr\u00eda invocar a la deidad en cuesti\u00f3n para que bendiga o ayude a la tribu.<\/p>\n<p><\/p>\n<p><\/p>\n<h2 class=\"wp-block-heading\"><span class=\"ez-toc-section\" id=\"Ringatu-et-Ratana\"><\/span>Ringatu y Ratana<span class=\"ez-toc-section-end\"><\/span><\/h2>\n<p><\/p>\n<p><\/p>\n<p>Te Kooti Rikirangi fund\u00f3 el movimiento Ringatu durante su encarcelamiento en las islas Chatham en 1867. Ringatu significa &quot;mano levantada&quot;. El movimiento Ringatu todav\u00eda existe hoy en d\u00eda y, aunque no tiene una gran cantidad de seguidores, est\u00e1 reconocido como una iglesia oficial.<\/p>\n<p><\/p>\n<p><\/p>\n<p>En noviembre de 1918, Tahupoti Wiremu Ratana inici\u00f3 otro movimiento, dando origen a la Iglesia Ratana. Ratana gan\u00f3 fama nacional como curandero y fund\u00f3 muchas iglesias. Predic\u00f3 la fe en Dios y el rechazo del \u201ctohunga\u00edsmo\u201d maor\u00ed.<\/p>\n<p><\/p>\n<p><\/p>\n<p>Abog\u00f3 por el rechazo de determinadas tradiciones maor\u00edes, como las representaciones talladas, el tribalismo, el animismo y el tapu, y pidi\u00f3 la ratificaci\u00f3n del Tratado de Waitangi. Se hablaba de Ratana como \u201cMangai\u201d, la boca misma de Dios.<\/p>\n<p><\/p>\n<p><\/p>\n<p>Tahupotiki Ratana muri\u00f3 en 1939, pero la iglesia de Ratana todav\u00eda est\u00e1 muy bien representada en las comunidades maor\u00edes. Hoy en d\u00eda, alrededor de un tercio de los maor\u00edes asisten a la Iglesia de Inglaterra (protestante), a la Iglesia cat\u00f3lica o a la Iglesia Ratana.<\/p>\n<p><\/p>\t\t\t\t\t\t\t\t<\/div>\n\t\t\t\t<\/div>\n\t\t\t\t\t<\/div>\n\t\t<\/div>\n\t\t\t\t\t<\/div>\n\t\t<\/section>\n\t\t\t\t<\/div>","protected":false},"excerpt":{"rendered":"<p>Mitolog\u00eda maor\u00ed Wiki El Tangi \u2013 funeral Y un Tangi (servicio funerario) tiene lugar en el Marae, la gente de \u2026 <\/p>","protected":false},"author":1,"featured_media":0,"parent":2889,"menu_order":0,"comment_status":"closed","ping_status":"closed","template":"","meta":{"footnotes":""},"class_list":["post-2938","page","type-page","status-publish","hentry"],"amp_enabled":true,"_links":{"self":[{"href":"https:\/\/mythslegendes.com\/es\/wp-json\/wp\/v2\/pages\/2938","targetHints":{"allow":["GET"]}}],"collection":[{"href":"https:\/\/mythslegendes.com\/es\/wp-json\/wp\/v2\/pages"}],"about":[{"href":"https:\/\/mythslegendes.com\/es\/wp-json\/wp\/v2\/types\/page"}],"author":[{"embeddable":true,"href":"https:\/\/mythslegendes.com\/es\/wp-json\/wp\/v2\/users\/1"}],"replies":[{"embeddable":true,"href":"https:\/\/mythslegendes.com\/es\/wp-json\/wp\/v2\/comments?post=2938"}],"version-history":[{"count":1,"href":"https:\/\/mythslegendes.com\/es\/wp-json\/wp\/v2\/pages\/2938\/revisions"}],"predecessor-version":[{"id":24873,"href":"https:\/\/mythslegendes.com\/es\/wp-json\/wp\/v2\/pages\/2938\/revisions\/24873"}],"up":[{"embeddable":true,"href":"https:\/\/mythslegendes.com\/es\/wp-json\/wp\/v2\/pages\/2889"}],"wp:attachment":[{"href":"https:\/\/mythslegendes.com\/es\/wp-json\/wp\/v2\/media?parent=2938"}],"curies":[{"name":"wp","href":"https:\/\/api.w.org\/{rel}","templated":true}]}}