{"id":2966,"date":"2020-07-22T20:03:51","date_gmt":"2020-07-22T19:03:51","guid":{"rendered":"https:\/\/mythslegendes.com\/?page_id=2966"},"modified":"2020-07-22T20:03:51","modified_gmt":"2020-07-22T19:03:51","slug":"le-mythe-maui","status":"publish","type":"page","link":"https:\/\/mythslegendes.com\/es\/mitologia-maori\/el-maui-mito\/","title":{"rendered":"El mito de Maui"},"content":{"rendered":"<ul class=\"wp-block-list\"><li><strong><a href=\"http:\/\/nzetc.victoria.ac.nz\/tm\/scholarly\/tei-Pom01Lege-t1-body-d1.html\" target=\"_blank\" rel=\"noopener\">Cap\u00edtulo I.Rangi y Papa: la separaci\u00f3n del cielo y la tierra (fr)<\/a><\/strong><\/li><li><strong><a href=\"http:\/\/nzetc.victoria.ac.nz\/tm\/scholarly\/tei-Pom01Lege-t1-body-d2.html\" target=\"_blank\" rel=\"noopener\">Capitulo dos. Tane-mahuta, El alma del bosque (es)<\/a><\/strong><\/li><li><strong><a href=\"http:\/\/nzetc.victoria.ac.nz\/tm\/scholarly\/tei-Pom01Lege-t1-body-d3.html\" target=\"_blank\" rel=\"noopener\">Cap\u00edtulo III. Maui Deeds<\/a><\/strong><\/li><li><strong><a href=\"http:\/\/nzetc.victoria.ac.nz\/tm\/scholarly\/tei-Pom01Lege-t1-body-d4.html\" target=\"_blank\" rel=\"noopener\">Cap\u00edtulo IV. Dioses y mortales<\/a><\/strong><\/li><li><strong><a href=\"http:\/\/nzetc.victoria.ac.nz\/tm\/scholarly\/tei-Pom01Lege-t1-body-d5.html\" target=\"_blank\" rel=\"noopener\">Cap\u00edtulo V. De isla en isla. \u2013 La historia de los vagabundos polinesios (en)<\/a><\/strong><\/li><li><strong><a href=\"http:\/\/nzetc.victoria.ac.nz\/tm\/scholarly\/tei-Pom01Lege-t1-body-d6.html\" target=\"_blank\" rel=\"noopener\">Cap\u00edtulo VI. La historia de Whakatau y el Tihi-O-Manono<\/a><\/strong><\/li><li><strong><a href=\"http:\/\/nzetc.victoria.ac.nz\/tm\/scholarly\/tei-Pom01Lege-t1-body-d7.html\" target=\"_blank\" rel=\"noopener\">Cap\u00edtulo VII. El viaje a Nueva Zelanda (fr)<\/a><\/strong><\/li><li><strong><a href=\"http:\/\/nzetc.victoria.ac.nz\/tm\/scholarly\/tei-Pom01Lege-t1-body-d8.html\" target=\"_blank\" rel=\"noopener\">Cap\u00edtulo VIII. Exploradores de Nueva Zelanda<\/a><\/strong><\/li><li><strong><a href=\"http:\/\/nzetc.victoria.ac.nz\/tm\/scholarly\/tei-Pom01Lege-t1-body-d9.html\" target=\"_blank\" rel=\"noopener\">Cap\u00edtulo IX. Spiritland maor\u00ed<\/a><\/strong><\/li><li><strong><a href=\"http:\/\/nzetc.victoria.ac.nz\/tm\/scholarly\/tei-Pom01Lege-t1-body-d10.html\" target=\"_blank\" rel=\"noopener\">Cap\u00edtulo X. Celtas y maor\u00edes. \u2013 Similitudes en la creencia popular, la leyenda y la poes\u00eda<\/a><\/strong><\/li><li><strong><a href=\"http:\/\/nzetc.victoria.ac.nz\/tm\/scholarly\/tei-Pom01Lege-t1-body-d11.html\" target=\"_blank\" rel=\"noopener\">Cap\u00edtulo XI. Los guardabosques de hadas. \u2013 Cuentos de Maero y Patu-Paiarehe (es)<\/a><\/strong><\/li><li><strong><a href=\"http:\/\/nzetc.victoria.ac.nz\/tm\/scholarly\/tei-Pom01Lege-t1-body-d12.html\" target=\"_blank\" rel=\"noopener\">Cap\u00edtulo XII. El origen de los juegos maor\u00edes<\/a><\/strong><\/li><\/ul>","protected":false},"excerpt":{"rendered":"<p>Cap\u00edtulo I. Rangi y Papa: la separaci\u00f3n del cielo y la tierra (es) Cap\u00edtulo II. Tane-mahuta, El alma de... <\/p>","protected":false},"author":1,"featured_media":0,"parent":2889,"menu_order":0,"comment_status":"closed","ping_status":"closed","template":"","meta":{"footnotes":""},"class_list":["post-2966","page","type-page","status-publish","hentry"],"amp_enabled":true,"_links":{"self":[{"href":"https:\/\/mythslegendes.com\/es\/wp-json\/wp\/v2\/pages\/2966","targetHints":{"allow":["GET"]}}],"collection":[{"href":"https:\/\/mythslegendes.com\/es\/wp-json\/wp\/v2\/pages"}],"about":[{"href":"https:\/\/mythslegendes.com\/es\/wp-json\/wp\/v2\/types\/page"}],"author":[{"embeddable":true,"href":"https:\/\/mythslegendes.com\/es\/wp-json\/wp\/v2\/users\/1"}],"replies":[{"embeddable":true,"href":"https:\/\/mythslegendes.com\/es\/wp-json\/wp\/v2\/comments?post=2966"}],"version-history":[{"count":0,"href":"https:\/\/mythslegendes.com\/es\/wp-json\/wp\/v2\/pages\/2966\/revisions"}],"up":[{"embeddable":true,"href":"https:\/\/mythslegendes.com\/es\/wp-json\/wp\/v2\/pages\/2889"}],"wp:attachment":[{"href":"https:\/\/mythslegendes.com\/es\/wp-json\/wp\/v2\/media?parent=2966"}],"curies":[{"name":"wp","href":"https:\/\/api.w.org\/{rel}","templated":true}]}}