{"id":2971,"date":"2020-07-22T20:06:50","date_gmt":"2020-07-22T19:06:50","guid":{"rendered":"https:\/\/mythslegendes.com\/?page_id=2971"},"modified":"2020-07-22T20:06:50","modified_gmt":"2020-07-22T19:06:50","slug":"les-legendes-maori","status":"publish","type":"page","link":"https:\/\/mythslegendes.com\/es\/mitologia-maori\/leyendas-maories\/","title":{"rendered":"Leyendas maor\u00edes"},"content":{"rendered":"<ul class=\"wp-block-list\"><li><strong><a href=\"http:\/\/nzetc.victoria.ac.nz\/tm\/scholarly\/tei-Pom01Lege-t1-body2-d2.html\" target=\"_blank\" rel=\"noopener\">El extra\u00f1o de Paepipi (fr)<\/a><\/strong><\/li><li><strong><a href=\"http:\/\/nzetc.victoria.ac.nz\/tm\/scholarly\/tei-Pom01Lege-t1-body2-d3.html\" target=\"_blank\" rel=\"noopener\">Una historia de gratitud maor\u00ed<\/a><\/strong><\/li><li><strong><a href=\"http:\/\/nzetc.victoria.ac.nz\/tm\/scholarly\/tei-Pom01Lege-t1-body2-d4.html\" target=\"_blank\" rel=\"noopener\">Hopa le Tohunga - Una historia de detectives maor\u00ed (fr)<\/a><\/strong><\/li><li><strong><a href=\"http:\/\/nzetc.victoria.ac.nz\/tm\/scholarly\/tei-Pom01Lege-t1-body2-d5.html\" target=\"_blank\" rel=\"noopener\">Por las aguas de Rakaunui (fr)<\/a><\/strong><\/li><li><strong><a href=\"http:\/\/nzetc.victoria.ac.nz\/tm\/scholarly\/tei-Pom01Lege-t1-body2-d6.html\" target=\"_blank\" rel=\"noopener\">La venganza de Te Ake: una historia de magia y castigo<\/a><\/strong><\/li><li><strong><a href=\"http:\/\/nzetc.victoria.ac.nz\/tm\/scholarly\/tei-Pom01Lege-t1-body2-d7.html\" target=\"_blank\" rel=\"noopener\">Cuentos de la tierra de las cuevas<\/a><\/strong><\/li><li><strong><a href=\"http:\/\/nzetc.victoria.ac.nz\/tm\/scholarly\/tei-Pom01Lege-t1-body2-d8.html\" target=\"_blank\" rel=\"noopener\">La historia de Rokiroki - Un recuerdo de los Mokau (fr)<\/a><\/strong><\/li><li><strong><a href=\"http:\/\/nzetc.victoria.ac.nz\/tm\/scholarly\/tei-Pom01Lege-t1-body2-d9.html\" target=\"_blank\" rel=\"noopener\">La tierra perdida de Paorae<\/a><\/strong><\/li><li><strong><a href=\"http:\/\/nzetc.victoria.ac.nz\/tm\/scholarly\/tei-Pom01Lege-t1-body2-d10.html\" target=\"_blank\" rel=\"noopener\">Los habitantes de las cuevas de Te Pehu. - Una historia del gran bosque (fr)<\/a><\/strong><\/li><li><strong><a href=\"http:\/\/nzetc.victoria.ac.nz\/tm\/scholarly\/tei-Pom01Lege-t1-body2-d11.html\" target=\"_blank\" rel=\"noopener\">Tarao el T\u00fanel. - Una tradici\u00f3n de la monta\u00f1a Kawa (fr)<\/a><\/strong><\/li><li><strong><a href=\"http:\/\/nzetc.victoria.ac.nz\/tm\/scholarly\/tei-Pom01Lege-t1-body2-d12.html\" target=\"_blank\" rel=\"noopener\">La caza del amante: una historia del valle de Whakatane (fr)<\/a><\/strong><\/li><li><strong><a href=\"http:\/\/nzetc.victoria.ac.nz\/tm\/scholarly\/tei-Pom01Lege-t1-body2-d13.html\" target=\"_blank\" rel=\"noopener\">Roca de musgo volador. - Una saga del r\u00edo Waikato (fr)<\/a><\/strong><\/li><li><strong><a href=\"http:\/\/nzetc.victoria.ac.nz\/tm\/scholarly\/tei-Pom01Lege-t1-body2-d14.html\" target=\"_blank\" rel=\"noopener\">Juicio de Unenuku<\/a><\/strong><\/li><li><strong><a href=\"http:\/\/nzetc.victoria.ac.nz\/tm\/scholarly\/tei-Pom01Lege-t1-body2-d15.html\" target=\"_blank\" rel=\"noopener\">Sobre el ascenso de Kopu<\/a><\/strong><\/li><li><strong><a href=\"http:\/\/nzetc.victoria.ac.nz\/tm\/scholarly\/tei-Pom01Lege-t1-body2-d16.html\" target=\"_blank\" rel=\"noopener\">Un cartucho de Taraia<\/a><\/strong><\/li><li><strong><a href=\"http:\/\/nzetc.victoria.ac.nz\/tm\/scholarly\/tei-Pom01Lege-t1-body2-d17.html\" target=\"_blank\" rel=\"noopener\">Piscina Papua<\/a><\/strong><\/li><li><strong><a href=\"http:\/\/nzetc.victoria.ac.nz\/tm\/scholarly\/tei-Pom01Lege-t1-body2-d18.html\" target=\"_blank\" rel=\"noopener\">Magos de las llanuras. - Un cuento de magia maor\u00ed (fr)<\/a><\/strong><\/li><li><strong><a href=\"http:\/\/nzetc.victoria.ac.nz\/tm\/scholarly\/tei-Pom01Lege-t1-body2-d19.html\" target=\"_blank\" rel=\"noopener\">El regalo de sus padres<\/a><\/strong><\/li><li><strong><a href=\"http:\/\/nzetc.victoria.ac.nz\/tm\/scholarly\/tei-Pom01Lege-t1-body2-d20.html\" target=\"_blank\" rel=\"noopener\">El rito de Ngau - Taringa. - Una historia de la familia Heuheu (fr)<\/a><\/strong><\/li><li><strong><a href=\"http:\/\/nzetc.victoria.ac.nz\/tm\/scholarly\/tei-Pom01Lege-t1-body2-d21.html\" target=\"_blank\" rel=\"noopener\">Matakite. - Una historia de segunda vista (fr)<\/a><\/strong><\/li><li><strong><a href=\"http:\/\/nzetc.victoria.ac.nz\/tm\/scholarly\/tei-Pom01Lege-t1-body2-d1-d22.html\" target=\"_blank\" rel=\"noopener\">Wairaka de la cueva<\/a><\/strong><\/li><li><strong><a href=\"http:\/\/nzetc.victoria.ac.nz\/tm\/scholarly\/tei-Pom01Lege-t1-body2-d23.html\" target=\"_blank\" rel=\"noopener\">Cuentos de Tauhara. - El valor de una monta\u00f1a (en)<\/a><\/strong><\/li><li><strong><a href=\"http:\/\/nzetc.victoria.ac.nz\/tm\/scholarly\/tei-Pom01Lege-t1-body2-d24.html\" target=\"_blank\" rel=\"noopener\">Cueva de Tunohopu. - Una historia de la antigua Rotorua (fr)<\/a><\/strong><\/li><li><strong><a href=\"http:\/\/nzetc.victoria.ac.nz\/tm\/scholarly\/tei-Pom01Lege-t1-body2-d25.html\" target=\"_blank\" rel=\"noopener\">Junto a las aguas de Holy-Brook. - Cuentos de un valle encantado (fr)<\/a><\/strong><\/li><li><strong><a href=\"http:\/\/nzetc.victoria.ac.nz\/tm\/scholarly\/tei-Pom01Lege-t1-body2-d26.html\" target=\"_blank\" rel=\"noopener\">Una canasta de morralla<\/a><\/strong><\/li><li><strong><a href=\"http:\/\/nzetc.victoria.ac.nz\/tm\/scholarly\/tei-Pom01Lege-t1-body2-d27.html\" target=\"_blank\" rel=\"noopener\">Utu: La historia de una vendetta polinesia (fr)<\/a><\/strong><\/li><li><strong><a href=\"http:\/\/nzetc.victoria.ac.nz\/tm\/scholarly\/tei-Pom01Lege-t1-body2-d28.html\" target=\"_blank\" rel=\"noopener\">Motu-Ngaio Pa y el estadio de los jefes. - Una historia del viejo Kawhia (fr)<\/a><\/strong><\/li><li><strong><a href=\"http:\/\/nzetc.victoria.ac.nz\/tm\/scholarly\/tei-Pom01Lege-t1-body2-d29.html\" target=\"_blank\" rel=\"noopener\">Isla de la Virgen. - La historia de Te Wharerangi y la ca\u00edda de Motu-O-Puhi Pa (fr)<\/a><\/strong><\/li><li><strong><a href=\"http:\/\/nzetc.victoria.ac.nz\/tm\/scholarly\/tei-Pom01Lege-t1-body2-d30.html\" target=\"_blank\" rel=\"noopener\">Robo de un Atua. - Una tradici\u00f3n de la costa de Otago (fr)<\/a><\/strong><\/li><li><strong><a href=\"http:\/\/nzetc.victoria.ac.nz\/tm\/scholarly\/tei-Pom01Lege-t1-body2-d31.html\" target=\"_blank\" rel=\"noopener\">La almohada. - C\u00f3mo nad\u00f3 Rau-Whato en el lago Taupo - La historia de una hero\u00edna maor\u00ed (fr)<\/a><\/strong><\/li><li><strong><a href=\"http:\/\/nzetc.victoria.ac.nz\/tm\/scholarly\/tei-Pom01Lege-t1-body2-d32.html\" target=\"_blank\" rel=\"noopener\">Adi\u00f3s de Te Pokiha. - Un recuerdo de Maketu (fr)<\/a><\/strong><\/li><li><strong><a href=\"http:\/\/nzetc.victoria.ac.nz\/tm\/scholarly\/tei-Pom01Lege-t1-body2-d33.html\" target=\"_blank\" rel=\"noopener\">Monta\u00f1a MAGICA. - Maungaroa y sus leyendas (fr)<\/a><\/strong><\/li><li><strong><a href=\"http:\/\/nzetc.victoria.ac.nz\/tm\/scholarly\/tei-Pom01Lege-t1-body2-d34.html\" target=\"_blank\" rel=\"noopener\">Carrera Hurihia: una historia de la costa de Taupo (fr)<\/a><\/strong><\/li><li><strong><a href=\"http:\/\/nzetc.victoria.ac.nz\/tm\/scholarly\/tei-Pom01Lege-t1-body2-d35.html\" target=\"_blank\" rel=\"noopener\">La jaula de buceo. - La historia de los cazadores de dragones de Te Awahou (fr)<\/a><\/strong><\/li><li><strong><a href=\"http:\/\/nzetc.victoria.ac.nz\/tm\/scholarly\/tei-Pom01Lege-t1-body2-d36.html\" target=\"_blank\" rel=\"noopener\">Hab\u00eda gigantes en la tierra<\/a><\/strong><\/li><li><strong><a href=\"http:\/\/nzetc.victoria.ac.nz\/tm\/scholarly\/tei-Pom01Lege-t1-body2-d37.html\" target=\"_blank\" rel=\"noopener\">Las gaviotas peque\u00f1as de Mokoia (fr)<\/a><\/strong><\/li><li><strong><a href=\"http:\/\/nzetc.victoria.ac.nz\/tm\/scholarly\/tei-Pom01Lege-t1-body2-d38.html\" target=\"_blank\" rel=\"noopener\">Los \u00e1rboles m\u00e1gicos de Kaingaroa (fr)<\/a><\/strong><\/li><li><strong><a href=\"http:\/\/nzetc.victoria.ac.nz\/tm\/scholarly\/tei-Pom01Lege-t1-body2-d39.html\" target=\"_blank\" rel=\"noopener\">El \u00e1rbol de la cuerda. - Un cuento del viejo Rotoiti (fr)<\/a><\/strong><\/li><li><strong><a href=\"http:\/\/nzetc.victoria.ac.nz\/tm\/scholarly\/tei-Pom01Lege-t1-body2-d40.html\" target=\"_blank\" rel=\"noopener\">Lagunas de at\u00fan. - Kawa Repo y su historia (fr)<\/a><\/strong><\/li><li><strong><a href=\"http:\/\/nzetc.victoria.ac.nz\/tm\/scholarly\/tei-Pom01Lege-t1-body2-d41.html\" target=\"_blank\" rel=\"noopener\">El rito Kawa-Whare. - La casa esculpida y los dos sacerdotes: un cuento de Tapu (fr)<\/a><\/strong><\/li><\/ul>","protected":false},"excerpt":{"rendered":"<p>Paepipi&#039;s Stranger (en) A Story of Maori Gratitude (en) Hopa le Tohunga \u2013 A Maori Detective Story (en) En \u2026 <\/p>","protected":false},"author":1,"featured_media":0,"parent":2889,"menu_order":0,"comment_status":"closed","ping_status":"closed","template":"","meta":{"footnotes":""},"class_list":["post-2971","page","type-page","status-publish","hentry"],"amp_enabled":true,"_links":{"self":[{"href":"https:\/\/mythslegendes.com\/es\/wp-json\/wp\/v2\/pages\/2971","targetHints":{"allow":["GET"]}}],"collection":[{"href":"https:\/\/mythslegendes.com\/es\/wp-json\/wp\/v2\/pages"}],"about":[{"href":"https:\/\/mythslegendes.com\/es\/wp-json\/wp\/v2\/types\/page"}],"author":[{"embeddable":true,"href":"https:\/\/mythslegendes.com\/es\/wp-json\/wp\/v2\/users\/1"}],"replies":[{"embeddable":true,"href":"https:\/\/mythslegendes.com\/es\/wp-json\/wp\/v2\/comments?post=2971"}],"version-history":[{"count":0,"href":"https:\/\/mythslegendes.com\/es\/wp-json\/wp\/v2\/pages\/2971\/revisions"}],"up":[{"embeddable":true,"href":"https:\/\/mythslegendes.com\/es\/wp-json\/wp\/v2\/pages\/2889"}],"wp:attachment":[{"href":"https:\/\/mythslegendes.com\/es\/wp-json\/wp\/v2\/media?parent=2971"}],"curies":[{"name":"wp","href":"https:\/\/api.w.org\/{rel}","templated":true}]}}