{"id":2991,"date":"2020-07-22T20:42:43","date_gmt":"2020-07-22T19:42:43","guid":{"rendered":"https:\/\/mythslegendes.com\/?page_id=2991"},"modified":"2020-07-22T20:42:43","modified_gmt":"2020-07-22T19:42:43","slug":"legendes-de-webster","status":"publish","type":"page","link":"https:\/\/mythslegendes.com\/es\/mitologia-vasca\/leyendas-de-webster\/","title":{"rendered":"Leyendas de Webster"},"content":{"rendered":"<p>Todos los textos est\u00e1n en ingl\u00e9s.<\/p>\n\n\n\n<div id=\"ez-toc-container\" class=\"ez-toc-v2_0_82_2 counter-hierarchy ez-toc-counter ez-toc-grey ez-toc-container-direction\">\n<div class=\"ez-toc-title-container\">\n<p class=\"ez-toc-title\" style=\"cursor:inherit\">Contenido<\/p>\n<span class=\"ez-toc-title-toggle\"><a href=\"#\" class=\"ez-toc-pull-right ez-toc-btn ez-toc-btn-xs ez-toc-btn-default ez-toc-toggle\" aria-label=\"Alternar tabla de contenidos\"><span class=\"ez-toc-js-icon-con\"><span class=\"\"><span class=\"eztoc-hide\" style=\"display:none;\">Palanca<\/span><span class=\"ez-toc-icon-toggle-span\"><svg style=\"fill: #999;color:#999\" xmlns=\"http:\/\/www.w3.org\/2000\/svg\" class=\"list-377408\" width=\"20px\" height=\"20px\" viewbox=\"0 0 24 24\" fill=\"none\"><path d=\"M6 6H4v2h2V6zm14 0H8v2h12V6zM4 11h2v2H4v-2zm16 0H8v2h12v-2zM4 16h2v2H4v-2zm16 0H8v2h12v-2z\" fill=\"currentColor\"><\/path><\/svg><svg style=\"fill: #999;color:#999\" class=\"arrow-unsorted-368013\" xmlns=\"http:\/\/www.w3.org\/2000\/svg\" width=\"10px\" height=\"10px\" viewbox=\"0 0 24 24\" version=\"1.2\" baseprofile=\"tiny\"><path d=\"M18.2 9.3l-6.2-6.3-6.2 6.3c-.2.2-.3.4-.3.7s.1.5.3.7c.2.2.4.3.7.3h11c.3 0 .5-.1.7-.3.2-.2.3-.5.3-.7s-.1-.5-.3-.7zM5.8 14.7l6.2 6.3 6.2-6.3c.2-.2.3-.5.3-.7s-.1-.5-.3-.7c-.2-.2-.4-.3-.7-.3h-11c-.3 0-.5.1-.7.3-.2.2-.3.5-.3.7s.1.5.3.7z\"\/><\/svg><\/span><\/span><\/span><\/a><\/span><\/div>\n<nav><ul class='ez-toc-list ez-toc-list-level-1' ><li class='ez-toc-page-1 ez-toc-heading-level-3'><a class=\"ez-toc-link ez-toc-heading-1\" href=\"https:\/\/mythslegendes.com\/es\/mitologia-vasca\/leyendas-de-webster\/#I%E2%80%93Legends-of-the-Tartaro\" >I.- Leyendas del Tartaro<\/a><\/li><li class='ez-toc-page-1 ez-toc-heading-level-3'><a class=\"ez-toc-link ez-toc-heading-2\" href=\"https:\/\/mythslegendes.com\/es\/mitologia-vasca\/leyendas-de-webster\/#II%E2%80%93The-Heren-Suge%E2%80%93The-Seven-Headed-Serpent\" >II.- La Heren-Suge.- La Serpiente de Siete Cabezas.<\/a><\/li><li class='ez-toc-page-1 ez-toc-heading-level-3'><a class=\"ez-toc-link ez-toc-heading-3\" href=\"https:\/\/mythslegendes.com\/es\/mitologia-vasca\/leyendas-de-webster\/#III%E2%80%93Animal-Tales\" >III.- Cuentos de animales<\/a><\/li><li class='ez-toc-page-1 ez-toc-heading-level-3'><a class=\"ez-toc-link ez-toc-heading-4\" href=\"https:\/\/mythslegendes.com\/es\/mitologia-vasca\/leyendas-de-webster\/#IV%E2%80%93Basa-Jaun-Basa-Andre-and-Laminak\" >IV.- Basa-Jaun, Basa-Andre y Lami\u00f1ak<\/a><\/li><li class='ez-toc-page-1 ez-toc-heading-level-3'><a class=\"ez-toc-link ez-toc-heading-5\" href=\"https:\/\/mythslegendes.com\/es\/mitologia-vasca\/leyendas-de-webster\/#V%E2%80%93Witchcraft-and-Sorcery\" >V.- Brujer\u00eda y hechicer\u00eda<\/a><\/li><li class='ez-toc-page-1 ez-toc-heading-level-3'><a class=\"ez-toc-link ez-toc-heading-6\" href=\"https:\/\/mythslegendes.com\/es\/mitologia-vasca\/leyendas-de-webster\/#VI%E2%80%93Contes-Des-Fees-A-Tales-Like-The-Keltic\" >VI.- Tales Des F\u00e9es, (A) Tales Like The Keltic<\/a><\/li><li class='ez-toc-page-1 ez-toc-heading-level-3'><a class=\"ez-toc-link ez-toc-heading-7\" href=\"https:\/\/mythslegendes.com\/es\/mitologia-vasca\/leyendas-de-webster\/#VI%E2%80%93Contes-Des-Fees-B-Derived-Directly-From-The-French\" >VI.- Cuentos de hadas: (B) derivados directamente de los franceses<\/a><\/li><li class='ez-toc-page-1 ez-toc-heading-level-3'><a class=\"ez-toc-link ez-toc-heading-8\" href=\"https:\/\/mythslegendes.com\/es\/mitologia-vasca\/leyendas-de-webster\/#VII%E2%80%93Religious-Tales\" >VII.- Cuentos religiosos<\/a><\/li><\/ul><\/nav><\/div>\n<h3 class=\"wp-block-heading\"><span class=\"ez-toc-section\" id=\"I%E2%80%93Legends-of-the-Tartaro\"><\/span>I.- Leyendas del Tartaro<span class=\"ez-toc-section-end\"><\/span><\/h3>\n\n\n\n<ul class=\"wp-block-list\"><li><strong><a href=\"https:\/\/www.sacred-texts.com\/neu\/basque\/bl\/bl03.htm\" target=\"_blank\" rel=\"noopener\">Introducci\u00f3n<\/a><\/strong><\/li><li><strong><a href=\"https:\/\/www.sacred-texts.com\/neu\/basque\/bl\/bl04.htm\" target=\"_blank\" rel=\"noopener\">El tartaro<\/a><\/strong><\/li><li><strong><a href=\"https:\/\/www.sacred-texts.com\/neu\/basque\/bl\/bl05.htm\" target=\"_blank\" rel=\"noopener\">Versi\u00f3n de M. d&#039;Abbadie<\/a><\/strong><\/li><li><strong><a href=\"https:\/\/www.sacred-texts.com\/neu\/basque\/bl\/bl06.htm\" target=\"_blank\" rel=\"noopener\">Variaciones de &#039;El Tartaro&#039;<\/a><\/strong><\/li><li><strong><a href=\"https:\/\/www.sacred-texts.com\/neu\/basque\/bl\/bl07.htm\" target=\"_blank\" rel=\"noopener\">Errua, el loco<\/a><\/strong><\/li><li><strong><a href=\"https:\/\/www.sacred-texts.com\/neu\/basque\/bl\/bl08.htm\" target=\"_blank\" rel=\"noopener\">Variaciones de Errua<\/a><\/strong><\/li><li><strong><a href=\"https:\/\/www.sacred-texts.com\/neu\/basque\/bl\/bl09.htm\" target=\"_blank\" rel=\"noopener\">Los tres hermanos, el maestro cruel y el t\u00e1rtaro<\/a><\/strong><\/li><li><strong><a href=\"https:\/\/www.sacred-texts.com\/neu\/basque\/bl\/bl10.htm\" target=\"_blank\" rel=\"noopener\">El Tartaro y Petit Perroquet<\/a><\/strong><\/li><\/ul>\n\n\n\n<h3 class=\"wp-block-heading\"><span class=\"ez-toc-section\" id=\"II%E2%80%93The-Heren-Suge%E2%80%93The-Seven-Headed-Serpent\"><\/span>II.- La Heren-Suge.- La Serpiente de Siete Cabezas.<span class=\"ez-toc-section-end\"><\/span><\/h3>\n\n\n\n<ul class=\"wp-block-list\"><li><strong><a href=\"https:\/\/www.sacred-texts.com\/neu\/basque\/bl\/bl11.htm\" target=\"_blank\" rel=\"noopener\">Introducci\u00f3n<\/a><\/strong><\/li><li><strong><a href=\"https:\/\/www.sacred-texts.com\/neu\/basque\/bl\/bl12.htm\" target=\"_blank\" rel=\"noopener\">El agradecido Tartaro y el Heren-Suge<\/a><\/strong><\/li><li><strong><a href=\"https:\/\/www.sacred-texts.com\/neu\/basque\/bl\/bl13.htm\" target=\"_blank\" rel=\"noopener\">Variaci\u00f3n de &#039;El agradecido Tartaro y el Heren-Suge&#039;<\/a><\/strong><\/li><li><strong><a href=\"https:\/\/www.sacred-texts.com\/neu\/basque\/bl\/bl14.htm\" target=\"_blank\" rel=\"noopener\">La serpiente de siete cabezas<\/a><\/strong><\/li><li><strong><a href=\"https:\/\/www.sacred-texts.com\/neu\/basque\/bl\/bl15.htm\" target=\"_blank\" rel=\"noopener\">La serpiente en el bosque<\/a><\/strong><\/li><\/ul>\n\n\n\n<h3 class=\"wp-block-heading\"><span class=\"ez-toc-section\" id=\"III%E2%80%93Animal-Tales\"><\/span>III.- Cuentos de animales<span class=\"ez-toc-section-end\"><\/span><\/h3>\n\n\n\n<ul class=\"wp-block-list\"><li><strong><a href=\"https:\/\/www.sacred-texts.com\/neu\/basque\/bl\/bl16.htm\" target=\"_blank\" rel=\"noopener\">Introducci\u00f3n<\/a><\/strong><\/li><li><strong><a href=\"https:\/\/www.sacred-texts.com\/neu\/basque\/bl\/bl17.htm\" target=\"_blank\" rel=\"noopener\">Acheria, el zorro<\/a><\/strong><\/li><li><strong><a href=\"https:\/\/www.sacred-texts.com\/neu\/basque\/bl\/bl18.htm\" target=\"_blank\" rel=\"noopener\">El asno y el lobo<\/a><\/strong><\/li><\/ul>\n\n\n\n<h3 class=\"wp-block-heading\"><span class=\"ez-toc-section\" id=\"IV%E2%80%93Basa-Jaun-Basa-Andre-and-Laminak\"><\/span>IV.- Basa-Jaun, Basa-Andre y Lami\u00f1ak<span class=\"ez-toc-section-end\"><\/span><\/h3>\n\n\n\n<ul class=\"wp-block-list\"><li><strong><a href=\"https:\/\/www.sacred-texts.com\/neu\/basque\/bl\/bl19.htm\" target=\"_blank\" rel=\"noopener\">Introducci\u00f3n<\/a><\/strong><\/li><li><strong><a href=\"https:\/\/www.sacred-texts.com\/neu\/basque\/bl\/bl20.htm\" target=\"_blank\" rel=\"noopener\">Basa-Jauna, el salvaje<\/a><\/strong><\/li><li><strong><a href=\"https:\/\/www.sacred-texts.com\/neu\/basque\/bl\/bl21.htm\" target=\"_blank\" rel=\"noopener\">El sirviente de las hadas<\/a><\/strong><\/li><li><strong><a href=\"https:\/\/www.sacred-texts.com\/neu\/basque\/bl\/bl22.htm\" target=\"_blank\" rel=\"noopener\">El hada en la casa<\/a><\/strong><\/li><li><strong><a href=\"https:\/\/www.sacred-texts.com\/neu\/basque\/bl\/bl23.htm\" target=\"_blank\" rel=\"noopener\">La chica bonita pero ociosa<\/a><\/strong><\/li><li><strong><a href=\"https:\/\/www.sacred-texts.com\/neu\/basque\/bl\/bl24.htm\" target=\"_blank\" rel=\"noopener\">La edad del diablo<\/a><\/strong><\/li><li><strong><a href=\"https:\/\/www.sacred-texts.com\/neu\/basque\/bl\/bl25.htm\" target=\"_blank\" rel=\"noopener\">La madrina reina de las hadas<\/a><\/strong><\/li><\/ul>\n\n\n\n<h3 class=\"wp-block-heading\"><span class=\"ez-toc-section\" id=\"V%E2%80%93Witchcraft-and-Sorcery\"><\/span>V.- Brujer\u00eda y hechicer\u00eda<span class=\"ez-toc-section-end\"><\/span><\/h3>\n\n\n\n<ul class=\"wp-block-list\"><li><strong><a href=\"https:\/\/www.sacred-texts.com\/neu\/basque\/bl\/bl26.htm\" target=\"_blank\" rel=\"noopener\">Introducci\u00f3n<\/a><\/strong><\/li><li><strong><a href=\"https:\/\/www.sacred-texts.com\/neu\/basque\/bl\/bl27.htm\" target=\"_blank\" rel=\"noopener\">Las brujas en el Sabbat<\/a><\/strong><\/li><li><strong><a href=\"https:\/\/www.sacred-texts.com\/neu\/basque\/bl\/bl28.htm\" target=\"_blank\" rel=\"noopener\">Las brujas y los idiotas<\/a><\/strong><\/li><li><strong><a href=\"https:\/\/www.sacred-texts.com\/neu\/basque\/bl\/bl29.htm\" target=\"_blank\" rel=\"noopener\">La bruja y el reci\u00e9n nacido<\/a><\/strong><\/li><li><strong><a href=\"https:\/\/www.sacred-texts.com\/neu\/basque\/bl\/bl30.htm\" target=\"_blank\" rel=\"noopener\">El reto<\/a><\/strong><\/li><\/ul>\n\n\n\n<h3 class=\"wp-block-heading\"><span class=\"ez-toc-section\" id=\"VI%E2%80%93Contes-Des-Fees-A-Tales-Like-The-Keltic\"><\/span>VI.- Tales Des F\u00e9es, (A) Tales Like The Keltic<span class=\"ez-toc-section-end\"><\/span><\/h3>\n\n\n\n<ul class=\"wp-block-list\"><li><strong><a href=\"https:\/\/www.sacred-texts.com\/neu\/basque\/bl\/bl31.htm\" target=\"_blank\" rel=\"noopener\">Introducci\u00f3n<\/a><\/strong><\/li><li><strong><a href=\"https:\/\/www.sacred-texts.com\/neu\/basque\/bl\/bl32.htm\" target=\"_blank\" rel=\"noopener\">Malbrouk<\/a><\/strong><\/li><li><strong><a href=\"https:\/\/www.sacred-texts.com\/neu\/basque\/bl\/bl33.htm\" target=\"_blank\" rel=\"noopener\">El pescador y sus hijos<\/a><\/strong><\/li><li><strong><a href=\"https:\/\/www.sacred-texts.com\/neu\/basque\/bl\/bl34.htm\" target=\"_blank\" rel=\"noopener\">Tabakiera, la caja de rap\u00e9<\/a><\/strong><\/li><li><strong><a href=\"https:\/\/www.sacred-texts.com\/neu\/basque\/bl\/bl35.htm\" target=\"_blank\" rel=\"noopener\">Mahistruba, el maestro marinero<\/a><\/strong><\/li><li><strong><a href=\"https:\/\/www.sacred-texts.com\/neu\/basque\/bl\/bl36.htm\" target=\"_blank\" rel=\"noopener\">Continuar<\/a><\/strong><\/li><li><strong><a href=\"https:\/\/www.sacred-texts.com\/neu\/basque\/bl\/bl37.htm\" target=\"_blank\" rel=\"noopener\">Ezkabi-Fidel<\/a><\/strong><\/li><li><strong><a href=\"https:\/\/www.sacred-texts.com\/neu\/basque\/bl\/bl38.htm\" target=\"_blank\" rel=\"noopener\">Variaci\u00f3n de &#039;Ezkabi-Fidel&#039;<\/a><\/strong><\/li><li><strong><a href=\"https:\/\/www.sacred-texts.com\/neu\/basque\/bl\/bl39.htm\" target=\"_blank\" rel=\"noopener\">La dama paloma y su peine<\/a><\/strong><\/li><li><strong><a href=\"https:\/\/www.sacred-texts.com\/neu\/basque\/bl\/bl40.htm\" target=\"_blank\" rel=\"noopener\">Explicaci\u00f3n sugerida de &#039;La paloma y su peine&#039;<\/a><\/strong><\/li><li><strong><a href=\"https:\/\/www.sacred-texts.com\/neu\/basque\/bl\/bl41.htm\" target=\"_blank\" rel=\"noopener\">Cantones de Laur<\/a><\/strong><\/li><li><strong><a href=\"https:\/\/www.sacred-texts.com\/neu\/basque\/bl\/bl42.htm\" target=\"_blank\" rel=\"noopener\">El joven colegial<\/a><\/strong><\/li><li><strong><a href=\"https:\/\/www.sacred-texts.com\/neu\/basque\/bl\/bl43.htm\" target=\"_blank\" rel=\"noopener\">El hijo que escuch\u00f3 voces<\/a><\/strong><\/li><li><strong><a href=\"https:\/\/www.sacred-texts.com\/neu\/basque\/bl\/bl44.htm\" target=\"_blank\" rel=\"noopener\">La madre y su hijo (idiota); Gold, el ladr\u00f3n inteligente<\/a><\/strong><\/li><li><strong><a href=\"https:\/\/www.sacred-texts.com\/neu\/basque\/bl\/bl45.htm\" target=\"_blank\" rel=\"noopener\">Juan Dekos, El tonto (Tontua)<\/a><\/strong><\/li><li><strong><a href=\"https:\/\/www.sacred-texts.com\/neu\/basque\/bl\/bl46.htm\" target=\"_blank\" rel=\"noopener\">Variaci\u00f3n de &#039;Juan Dekos&#039;. Juan De Kalais<\/a><\/strong><\/li><li><strong><a href=\"https:\/\/www.sacred-texts.com\/neu\/basque\/bl\/bl47.htm\" target=\"_blank\" rel=\"noopener\">El sacerdote enga\u00f1ado<\/a><\/strong><\/li><\/ul>\n\n\n\n<h3 class=\"wp-block-heading\"><span class=\"ez-toc-section\" id=\"VI%E2%80%93Contes-Des-Fees-B-Derived-Directly-From-The-French\"><\/span>VI.- Cuentos de hadas: (B) derivados directamente de los franceses<span class=\"ez-toc-section-end\"><\/span><\/h3>\n\n\n\n<ul class=\"wp-block-list\"><li><strong><a href=\"https:\/\/www.sacred-texts.com\/neu\/basque\/bl\/bl48.htm\" target=\"_blank\" rel=\"noopener\">Introducci\u00f3n<\/a><\/strong><\/li><li><strong><a href=\"https:\/\/www.sacred-texts.com\/neu\/basque\/bl\/bl49.htm\" target=\"_blank\" rel=\"noopener\">Piel de culo<\/a><\/strong><\/li><li><strong><a href=\"https:\/\/www.sacred-texts.com\/neu\/basque\/bl\/bl50.htm\" target=\"_blank\" rel=\"noopener\">Variaciones sobre &#039;Ass\ufffd-Skin&#039;<\/a><\/strong><\/li><li><strong><a href=\"https:\/\/www.sacred-texts.com\/neu\/basque\/bl\/bl51.htm\" target=\"_blank\" rel=\"noopener\">La madrastra y la hijastra<\/a><\/strong><\/li><li><strong><a href=\"https:\/\/www.sacred-texts.com\/neu\/basque\/bl\/bl52.htm\" target=\"_blank\" rel=\"noopener\">La bella y la Bestia<\/a><\/strong><\/li><li><strong><a href=\"https:\/\/www.sacred-texts.com\/neu\/basque\/bl\/bl53.htm\" target=\"_blank\" rel=\"noopener\">Variaci\u00f3n de &#039;La Bella y la Bestia&#039;<\/a><\/strong><\/li><li><strong><a href=\"https:\/\/www.sacred-texts.com\/neu\/basque\/bl\/bl54.htm\" target=\"_blank\" rel=\"noopener\">El zapatero y sus tres hijas (Barba azul)<\/a><\/strong><\/li><li><strong><a href=\"https:\/\/www.sacred-texts.com\/neu\/basque\/bl\/bl55.htm\" target=\"_blank\" rel=\"noopener\">Variaci\u00f3n de &#039;Blue Beard&#039;<\/a><\/strong><\/li><li><strong><a href=\"https:\/\/www.sacred-texts.com\/neu\/basque\/bl\/bl56.htm\" target=\"_blank\" rel=\"noopener\">El \u00e1rbol que canta, el p\u00e1jaro que dice la verdad y el agua que engendra<\/a><\/strong><\/li><li><strong><a href=\"https:\/\/www.sacred-texts.com\/neu\/basque\/bl\/bl57.htm\" target=\"_blank\" rel=\"noopener\">Variaci\u00f3n sobre &#039;El \u00e1rbol que canta, el p\u00e1jaro que dice la verdad y el agua que hace joven&#039;<\/a><\/strong><\/li><li><strong><a href=\"https:\/\/www.sacred-texts.com\/neu\/basque\/bl\/bl58.htm\" target=\"_blank\" rel=\"noopener\">El mirlo blanco<\/a><\/strong><\/li><li><strong><a href=\"https:\/\/www.sacred-texts.com\/neu\/basque\/bl\/bl59.htm\" target=\"_blank\" rel=\"noopener\">La hermana y sus siete hermanos<\/a><\/strong><\/li><li><strong><a href=\"https:\/\/www.sacred-texts.com\/neu\/basque\/bl\/bl60.htm\" target=\"_blank\" rel=\"noopener\">Variaciones de otros cuentos de hadas franceses<\/a><\/strong><\/li><li><strong><a href=\"https:\/\/www.sacred-texts.com\/neu\/basque\/bl\/bl61.htm\" target=\"_blank\" rel=\"noopener\">Lista de publicaciones de leyendas extranjeras en Francia<\/a><\/strong><\/li><\/ul>\n\n\n\n<h3 class=\"wp-block-heading\"><span class=\"ez-toc-section\" id=\"VII%E2%80%93Religious-Tales\"><\/span>VII.- Cuentos religiosos<span class=\"ez-toc-section-end\"><\/span><\/h3>\n\n\n\n<ul class=\"wp-block-list\"><li><strong><a href=\"https:\/\/www.sacred-texts.com\/neu\/basque\/bl\/bl62.htm\" target=\"_blank\" rel=\"noopener\">Introducci\u00f3n<\/a><\/strong><\/li><li><strong><a href=\"https:\/\/www.sacred-texts.com\/neu\/basque\/bl\/bl63.htm\" target=\"_blank\" rel=\"noopener\">Catorce<\/a><\/strong><\/li><li><strong><a href=\"https:\/\/www.sacred-texts.com\/neu\/basque\/bl\/bl64.htm\" target=\"_blank\" rel=\"noopener\">Jesucristo y el viejo soldado<\/a><\/strong><\/li><li><strong><a href=\"https:\/\/www.sacred-texts.com\/neu\/basque\/bl\/bl65.htm\" target=\"_blank\" rel=\"noopener\">El pobre soldado y el rico<\/a><\/strong><\/li><li><strong><a href=\"https:\/\/www.sacred-texts.com\/neu\/basque\/bl\/bl66.htm\" target=\"_blank\" rel=\"noopener\">La viuda y su hijo<\/a><\/strong><\/li><li><strong><a href=\"https:\/\/www.sacred-texts.com\/neu\/basque\/bl\/bl67.htm\" target=\"_blank\" rel=\"noopener\">La historia de la camisa de pelo (La Cilice)<\/a><\/strong><\/li><li><strong><a href=\"https:\/\/www.sacred-texts.com\/neu\/basque\/bl\/bl68.htm\" target=\"_blank\" rel=\"noopener\">La santa hu\u00e9rfana<\/a><\/strong><\/li><li><strong><a href=\"https:\/\/www.sacred-texts.com\/neu\/basque\/bl\/bl69.htm\" target=\"_blank\" rel=\"noopener\">La joven calumniada y despreciada<\/a><\/strong><\/li><\/ul>","protected":false},"excerpt":{"rendered":"<p>Todos los textos est\u00e1n en ingl\u00e9s. I.\u2013Leyendas del T\u00e1rtaro Introducci\u00f3n El T\u00e1rtaro Versi\u00f3n de M. d&#039;Abbadie Variaciones de &#039;El T\u00e1rtaro&#039;... <\/p>","protected":false},"author":1,"featured_media":0,"parent":1004,"menu_order":0,"comment_status":"closed","ping_status":"closed","template":"","meta":{"footnotes":""},"class_list":["post-2991","page","type-page","status-publish","hentry"],"amp_enabled":true,"_links":{"self":[{"href":"https:\/\/mythslegendes.com\/es\/wp-json\/wp\/v2\/pages\/2991","targetHints":{"allow":["GET"]}}],"collection":[{"href":"https:\/\/mythslegendes.com\/es\/wp-json\/wp\/v2\/pages"}],"about":[{"href":"https:\/\/mythslegendes.com\/es\/wp-json\/wp\/v2\/types\/page"}],"author":[{"embeddable":true,"href":"https:\/\/mythslegendes.com\/es\/wp-json\/wp\/v2\/users\/1"}],"replies":[{"embeddable":true,"href":"https:\/\/mythslegendes.com\/es\/wp-json\/wp\/v2\/comments?post=2991"}],"version-history":[{"count":0,"href":"https:\/\/mythslegendes.com\/es\/wp-json\/wp\/v2\/pages\/2991\/revisions"}],"up":[{"embeddable":true,"href":"https:\/\/mythslegendes.com\/es\/wp-json\/wp\/v2\/pages\/1004"}],"wp:attachment":[{"href":"https:\/\/mythslegendes.com\/es\/wp-json\/wp\/v2\/media?parent=2991"}],"curies":[{"name":"wp","href":"https:\/\/api.w.org\/{rel}","templated":true}]}}