{"id":2995,"date":"2020-07-22T20:46:00","date_gmt":"2020-07-22T19:46:00","guid":{"rendered":"https:\/\/mythslegendes.com\/?page_id=2995"},"modified":"2020-07-22T20:46:00","modified_gmt":"2020-07-22T19:46:00","slug":"legendes-de-monteiro","status":"publish","type":"page","link":"https:\/\/mythslegendes.com\/es\/mitologia-vasca\/leyendas-de-monteiro\/","title":{"rendered":"Leyendas de Monteiro"},"content":{"rendered":"<p>los <a href=\"https:\/\/mythslegendes.com\/es\/\">leyendas<\/a> est\u00e1n en ingl\u00e9s;<\/p>\n\n\n\n<ul class=\"wp-block-list\"><li><strong><a href=\"https:\/\/www.sacred-texts.com\/neu\/basque\/lbp\/lbp04.htm\" target=\"_blank\" rel=\"noopener\">Aquelarre<\/a><\/strong><\/li><li><strong><a href=\"https:\/\/www.sacred-texts.com\/neu\/basque\/lbp\/lbp05.htm\" target=\"_blank\" rel=\"noopener\">Arguiduna<\/a><\/strong><\/li><li><strong><a href=\"https:\/\/www.sacred-texts.com\/neu\/basque\/lbp\/lbp06.htm\" target=\"_blank\" rel=\"noopener\">Maitagarri<\/a><\/strong><\/li><li><strong><a href=\"https:\/\/www.sacred-texts.com\/neu\/basque\/lbp\/lbp07.htm\" target=\"_blank\" rel=\"noopener\">Corneta de Rold\u00e1n<\/a><\/strong><\/li><li><strong><a href=\"https:\/\/www.sacred-texts.com\/neu\/basque\/lbp\/lbp08.htm\" target=\"_blank\" rel=\"noopener\">Jaun-Zuria, pr\u00edncipe de Erin<\/a><\/strong><\/li><li><strong><a href=\"https:\/\/www.sacred-texts.com\/neu\/basque\/lbp\/lbp09.htm\" target=\"_blank\" rel=\"noopener\">La rama de lirios blancos. Una tradici\u00f3n<\/a><\/strong><\/li><li><strong><a href=\"https:\/\/www.sacred-texts.com\/neu\/basque\/lbp\/lbp10.htm\" target=\"_blank\" rel=\"noopener\">La Canci\u00f3n de Lamia<\/a><\/strong><\/li><li><strong><a href=\"https:\/\/www.sacred-texts.com\/neu\/basque\/lbp\/lbp11.htm\" target=\"_blank\" rel=\"noopener\">La Virgen de los Cinco Pueblos \u2013 Romancero<\/a><\/strong><\/li><li><strong><a href=\"https:\/\/www.sacred-texts.com\/neu\/basque\/lbp\/lbp12.htm\" target=\"_blank\" rel=\"noopener\">Kurucificatuaren Canta (El Canto del Crucificado) \u2013 Balada<\/a><\/strong><\/li><li><strong><a href=\"https:\/\/www.sacred-texts.com\/neu\/basque\/lbp\/lbp13.htm\" target=\"_blank\" rel=\"noopener\">Las incursiones<\/a><\/strong><\/li><li><strong><a href=\"https:\/\/www.sacred-texts.com\/neu\/basque\/lbp\/lbp14.htm\" target=\"_blank\" rel=\"noopener\">La guerra santa: balada<\/a><\/strong><\/li><li><strong><a href=\"https:\/\/www.sacred-texts.com\/neu\/basque\/lbp\/lbp15.htm\" target=\"_blank\" rel=\"noopener\">La profec\u00eda de Lara\u2013Balada<\/a><\/strong><\/li><li><strong><a href=\"https:\/\/www.sacred-texts.com\/neu\/basque\/lbp\/lbp16.htm\" target=\"_blank\" rel=\"noopener\">Hurca-Mendi<\/a><\/strong><\/li><\/ul>","protected":false},"excerpt":{"rendered":"<p>Los subt\u00edtulos est\u00e1n en ingl\u00e9s; Aquelarre Arguiduna Corneta-Cuerno de Maitagarri Rold\u00e1n Jaun-Zuria, Pr\u00edncipe de Er\u00edn La Rama de los Lirios Blancos. POSEE \u2026 <\/p>","protected":false},"author":1,"featured_media":0,"parent":1004,"menu_order":0,"comment_status":"closed","ping_status":"closed","template":"","meta":{"footnotes":""},"class_list":["post-2995","page","type-page","status-publish","hentry"],"amp_enabled":true,"_links":{"self":[{"href":"https:\/\/mythslegendes.com\/es\/wp-json\/wp\/v2\/pages\/2995","targetHints":{"allow":["GET"]}}],"collection":[{"href":"https:\/\/mythslegendes.com\/es\/wp-json\/wp\/v2\/pages"}],"about":[{"href":"https:\/\/mythslegendes.com\/es\/wp-json\/wp\/v2\/types\/page"}],"author":[{"embeddable":true,"href":"https:\/\/mythslegendes.com\/es\/wp-json\/wp\/v2\/users\/1"}],"replies":[{"embeddable":true,"href":"https:\/\/mythslegendes.com\/es\/wp-json\/wp\/v2\/comments?post=2995"}],"version-history":[{"count":0,"href":"https:\/\/mythslegendes.com\/es\/wp-json\/wp\/v2\/pages\/2995\/revisions"}],"up":[{"embeddable":true,"href":"https:\/\/mythslegendes.com\/es\/wp-json\/wp\/v2\/pages\/1004"}],"wp:attachment":[{"href":"https:\/\/mythslegendes.com\/es\/wp-json\/wp\/v2\/media?parent=2995"}],"curies":[{"name":"wp","href":"https:\/\/api.w.org\/{rel}","templated":true}]}}