{"id":3003,"date":"2020-07-22T21:05:16","date_gmt":"2020-07-22T20:05:16","guid":{"rendered":"https:\/\/mythslegendes.com\/?page_id=3003"},"modified":"2020-07-22T21:05:16","modified_gmt":"2020-07-22T20:05:16","slug":"legendes-de-masson","status":"publish","type":"page","link":"https:\/\/mythslegendes.com\/es\/mitologia-bretona\/leyendas-de-masson\/","title":{"rendered":"Leyendas de Masson"},"content":{"rendered":"<p>los <a href=\"https:\/\/mythslegendes.com\/es\/\">leyendas<\/a> estan en ingles<\/p>\n\n\n\n<ul class=\"wp-block-list\"><li><strong><a href=\"https:\/\/www.sacred-texts.com\/neu\/celt\/ftb\/ftb04.htm\" target=\"_blank\" rel=\"noopener\">El Castillo de Comorre<\/a><\/strong><\/li><li><strong><a href=\"https:\/\/www.sacred-texts.com\/neu\/celt\/ftb\/ftb05.htm\" target=\"_blank\" rel=\"noopener\">La cuenca de oro y la lanza de diamantes<\/a><\/strong><\/li><li><strong><a href=\"https:\/\/www.sacred-texts.com\/neu\/celt\/ftb\/ftb06.htm\" target=\"_blank\" rel=\"noopener\">Dedal de Lady Yolanda<\/a><\/strong><\/li><li><strong><a href=\"https:\/\/www.sacred-texts.com\/neu\/celt\/ftb\/ftb07.htm\" target=\"_blank\" rel=\"noopener\">La bruja de la isla de Lok<\/a><\/strong><\/li><li><strong><a href=\"https:\/\/www.sacred-texts.com\/neu\/celt\/ftb\/ftb08.htm\" target=\"_blank\" rel=\"noopener\">La peque\u00f1a espina blanca y el p\u00e1jaro que habla<\/a><\/strong><\/li><li><strong><a href=\"https:\/\/www.sacred-texts.com\/neu\/celt\/ftb\/ftb09.htm\" target=\"_blank\" rel=\"noopener\">Princesa Ahez y la ciudad perdida<\/a><\/strong><\/li><li><strong><a href=\"https:\/\/www.sacred-texts.com\/neu\/celt\/ftb\/ftb10.htm\" target=\"_blank\" rel=\"noopener\">El reto<\/a><\/strong><\/li><li><strong><a href=\"https:\/\/www.sacred-texts.com\/neu\/celt\/ftb\/ftb11.htm\" target=\"_blank\" rel=\"noopener\">El hermano adoptivo<\/a><\/strong><\/li><li><strong><a href=\"https:\/\/www.sacred-texts.com\/neu\/celt\/ftb\/ftb12.htm\" target=\"_blank\" rel=\"noopener\">El jorobado y los elfos<\/a><\/strong><\/li><li><strong><a href=\"https:\/\/www.sacred-texts.com\/neu\/celt\/ftb\/ftb13.htm\" target=\"_blank\" rel=\"noopener\">Los cuatro dones<\/a><\/strong><\/li><li><strong><a href=\"https:\/\/www.sacred-texts.com\/neu\/celt\/ftb\/ftb14.htm\" target=\"_blank\" rel=\"noopener\">Las rocas m\u00e1gicas y el mendigo<\/a><\/strong><\/li><li><strong><a href=\"https:\/\/www.sacred-texts.com\/neu\/celt\/ftb\/ftb15.htm\" target=\"_blank\" rel=\"noopener\">El pandillero y el hobgoblin<\/a><\/strong><\/li><li><strong><a href=\"https:\/\/www.sacred-texts.com\/neu\/celt\/ftb\/ftb16.htm\" target=\"_blank\" rel=\"noopener\">La avispa, la aguja alada y la ara\u00f1a<\/a><\/strong><\/li><li><strong><a href=\"https:\/\/www.sacred-texts.com\/neu\/celt\/ftb\/ftb17.htm\" target=\"_blank\" rel=\"noopener\">Yannik, el ni\u00f1o hada<\/a><\/strong><\/li><li><strong><a href=\"https:\/\/www.sacred-texts.com\/neu\/celt\/ftb\/ftb18.htm\" target=\"_blank\" rel=\"noopener\">El cetro de avellana<\/a><\/strong><\/li><\/ul>","protected":false},"excerpt":{"rendered":"<p>Los subt\u00edtulos est\u00e1n en ingl\u00e9s. El Castillo de Comorre La Cuenca de Oro y La Lanza de Diamante El Dedal de Do\u00f1a Yolanda\u2026 <\/p>","protected":false},"author":1,"featured_media":0,"parent":96,"menu_order":0,"comment_status":"closed","ping_status":"closed","template":"","meta":{"footnotes":""},"class_list":["post-3003","page","type-page","status-publish","hentry"],"amp_enabled":true,"_links":{"self":[{"href":"https:\/\/mythslegendes.com\/es\/wp-json\/wp\/v2\/pages\/3003","targetHints":{"allow":["GET"]}}],"collection":[{"href":"https:\/\/mythslegendes.com\/es\/wp-json\/wp\/v2\/pages"}],"about":[{"href":"https:\/\/mythslegendes.com\/es\/wp-json\/wp\/v2\/types\/page"}],"author":[{"embeddable":true,"href":"https:\/\/mythslegendes.com\/es\/wp-json\/wp\/v2\/users\/1"}],"replies":[{"embeddable":true,"href":"https:\/\/mythslegendes.com\/es\/wp-json\/wp\/v2\/comments?post=3003"}],"version-history":[{"count":0,"href":"https:\/\/mythslegendes.com\/es\/wp-json\/wp\/v2\/pages\/3003\/revisions"}],"up":[{"embeddable":true,"href":"https:\/\/mythslegendes.com\/es\/wp-json\/wp\/v2\/pages\/96"}],"wp:attachment":[{"href":"https:\/\/mythslegendes.com\/es\/wp-json\/wp\/v2\/media?parent=3003"}],"curies":[{"name":"wp","href":"https:\/\/api.w.org\/{rel}","templated":true}]}}