{"id":3008,"date":"2020-07-22T21:11:08","date_gmt":"2020-07-22T20:11:08","guid":{"rendered":"https:\/\/mythslegendes.com\/?page_id=3008"},"modified":"2020-07-22T21:11:08","modified_gmt":"2020-07-22T20:11:08","slug":"legendes-anonymes","status":"publish","type":"page","link":"https:\/\/mythslegendes.com\/es\/mitologia-bretona\/leyendas-anonimas\/","title":{"rendered":"Subt\u00edtulos an\u00f3nimos"},"content":{"rendered":"<p>los <a href=\"https:\/\/mythslegendes.com\/es\/\">leyendas<\/a> estan en ingles<\/p>\n\n\n\n<ul class=\"wp-block-list\"><li><strong><a href=\"https:\/\/www.gutenberg.org\/files\/41681\/41681-h\/41681-h.htm#s1\" target=\"_blank\" rel=\"noopener\">Los tres caminantes<\/a><\/strong><\/li><li><strong><a href=\"https:\/\/www.gutenberg.org\/files\/41681\/41681-h\/41681-h.htm#s2\" target=\"_blank\" rel=\"noopener\">La leyenda de St. Galonnek<\/a><\/strong><\/li><li><strong><a href=\"https:\/\/www.gutenberg.org\/files\/41681\/41681-h\/41681-h.htm#s3\" target=\"_blank\" rel=\"noopener\">Los Korils de Plauden<\/a><\/strong><\/li><li><strong><a href=\"https:\/\/www.gutenberg.org\/files\/41681\/41681-h\/41681-h.htm#s4\" target=\"_blank\" rel=\"noopener\">El bendito mao<\/a><\/strong><\/li><li><strong><a href=\"https:\/\/www.gutenberg.org\/files\/41681\/41681-h\/41681-h.htm#s5\" target=\"_blank\" rel=\"noopener\">El destino de Keris<\/a><\/strong><\/li><li><strong><a href=\"https:\/\/www.gutenberg.org\/files\/41681\/41681-h\/41681-h.htm#s6\" target=\"_blank\" rel=\"noopener\">Las piedras de Plouhinec<\/a><\/strong><\/li><li><strong><a href=\"https:\/\/www.gutenberg.org\/files\/41681\/41681-h\/41681-h.htm#s7\" target=\"_blank\" rel=\"noopener\">Teuz-\u00e0-Pouliet; oro, el enano<\/a><\/strong><\/li><li><strong><a href=\"https:\/\/www.gutenberg.org\/files\/41681\/41681-h\/41681-h.htm#s8\" target=\"_blank\" rel=\"noopener\">Las lavanderas espectro<\/a><\/strong><\/li><li><strong><a href=\"https:\/\/www.gutenberg.org\/files\/41681\/41681-h\/41681-h.htm#s9\" target=\"_blank\" rel=\"noopener\">Robin pechuga roja<\/a><\/strong><\/li><li><strong><a href=\"https:\/\/www.gutenberg.org\/files\/41681\/41681-h\/41681-h.htm#s10\" target=\"_blank\" rel=\"noopener\">Comorra<\/a><\/strong><\/li><li><strong><a href=\"https:\/\/www.gutenberg.org\/files\/41681\/41681-h\/41681-h.htm#s11\" target=\"_blank\" rel=\"noopener\">El Groac&#039;h de la Isla de Lok<\/a><\/strong><\/li><li><strong><a href=\"https:\/\/www.gutenberg.org\/files\/41681\/41681-h\/41681-h.htm#s12\" target=\"_blank\" rel=\"noopener\">Los cuatro dones<\/a><\/strong><\/li><li><strong><a href=\"https:\/\/www.gutenberg.org\/files\/41681\/41681-h\/41681-h.htm#s13\" target=\"_blank\" rel=\"noopener\">El Palacio del Rey orgulloso<\/a><\/strong><\/li><li><strong><a href=\"https:\/\/www.gutenberg.org\/files\/41681\/41681-h\/41681-h.htm#s14\" target=\"_blank\" rel=\"noopener\">El gaitero<\/a><\/strong><\/li><li><strong><a href=\"https:\/\/www.gutenberg.org\/files\/41681\/41681-h\/41681-h.htm#s15\" target=\"_blank\" rel=\"noopener\">La posada blanca<\/a><\/strong><\/li><li><strong><a href=\"https:\/\/www.gutenberg.org\/files\/41681\/41681-h\/41681-h.htm#s16\" target=\"_blank\" rel=\"noopener\">Peronnik el idiota<\/a><\/strong><\/li><\/ul>","protected":false},"excerpt":{"rendered":"<p>Los subt\u00edtulos est\u00e1n en ingl\u00e9s. Los Tres Caminantes La Leyenda de San Galonnek Los Korils de Plauden El Bendito Mao\u2026 <\/p>","protected":false},"author":1,"featured_media":0,"parent":96,"menu_order":0,"comment_status":"closed","ping_status":"closed","template":"","meta":{"footnotes":""},"class_list":["post-3008","page","type-page","status-publish","hentry"],"amp_enabled":true,"_links":{"self":[{"href":"https:\/\/mythslegendes.com\/es\/wp-json\/wp\/v2\/pages\/3008","targetHints":{"allow":["GET"]}}],"collection":[{"href":"https:\/\/mythslegendes.com\/es\/wp-json\/wp\/v2\/pages"}],"about":[{"href":"https:\/\/mythslegendes.com\/es\/wp-json\/wp\/v2\/types\/page"}],"author":[{"embeddable":true,"href":"https:\/\/mythslegendes.com\/es\/wp-json\/wp\/v2\/users\/1"}],"replies":[{"embeddable":true,"href":"https:\/\/mythslegendes.com\/es\/wp-json\/wp\/v2\/comments?post=3008"}],"version-history":[{"count":0,"href":"https:\/\/mythslegendes.com\/es\/wp-json\/wp\/v2\/pages\/3008\/revisions"}],"up":[{"embeddable":true,"href":"https:\/\/mythslegendes.com\/es\/wp-json\/wp\/v2\/pages\/96"}],"wp:attachment":[{"href":"https:\/\/mythslegendes.com\/es\/wp-json\/wp\/v2\/media?parent=3008"}],"curies":[{"name":"wp","href":"https:\/\/api.w.org\/{rel}","templated":true}]}}