{"id":3036,"date":"2020-07-23T14:47:14","date_gmt":"2020-07-23T13:47:14","guid":{"rendered":"https:\/\/mythslegendes.com\/?page_id=3036"},"modified":"2020-07-23T14:47:14","modified_gmt":"2020-07-23T13:47:14","slug":"contes-georgiens","status":"publish","type":"page","link":"https:\/\/mythslegendes.com\/es\/mitologia-georgiana\/cuentos-georgianos\/","title":{"rendered":"Cuentos georgianos"},"content":{"rendered":"<p>los <a href=\"https:\/\/mythslegendes.com\/es\/\">leyendas<\/a> estan en ingles<\/p>\n\n\n\n<ul class=\"wp-block-list\"><li><strong><a href=\"https:\/\/www.gutenberg.org\/files\/44536\/44536-h\/44536-h.htm#ch1.1\" target=\"_blank\" rel=\"noopener\">Maestro y alumno<\/a><\/strong><\/li><li><strong><a href=\"https:\/\/www.gutenberg.org\/files\/44536\/44536-h\/44536-h.htm#ch1.2\" target=\"_blank\" rel=\"noopener\">Las tres hermanas y su madrastra<\/a><\/strong><\/li><li><strong><a href=\"https:\/\/www.gutenberg.org\/files\/44536\/44536-h\/44536-h.htm#ch1.3\" target=\"_blank\" rel=\"noopener\">El bueno para nada<\/a><\/strong><\/li><li><strong><a href=\"https:\/\/www.gutenberg.org\/files\/44536\/44536-h\/44536-h.htm#ch1.4\" target=\"_blank\" rel=\"noopener\">La piel de la rana<\/a><\/strong><\/li><li><strong><a href=\"https:\/\/www.gutenberg.org\/files\/44536\/44536-h\/44536-h.htm#ch1.5\" target=\"_blank\" rel=\"noopener\">Destino<\/a><\/strong><\/li><li><strong><a href=\"https:\/\/www.gutenberg.org\/files\/44536\/44536-h\/44536-h.htm#ch1.6\" target=\"_blank\" rel=\"noopener\">Ghvthisavari<\/a><\/strong><\/li><li><strong><a href=\"https:\/\/www.gutenberg.org\/files\/44536\/44536-h\/44536-h.htm#ch1.7\" target=\"_blank\" rel=\"noopener\">La serpiente y el campesino<\/a><\/strong><\/li><li><strong><a href=\"https:\/\/www.gutenberg.org\/files\/44536\/44536-h\/44536-h.htm#ch1.8\" target=\"_blank\" rel=\"noopener\">Gulambara y Sulambara<\/a><\/strong><\/li><li><strong><a href=\"https:\/\/www.gutenberg.org\/files\/44536\/44536-h\/44536-h.htm#ch1.9\" target=\"_blank\" rel=\"noopener\">Los dos hermanos<\/a><\/strong><\/li><li><strong><a href=\"https:\/\/www.gutenberg.org\/files\/44536\/44536-h\/44536-h.htm#ch1.10\" target=\"_blank\" rel=\"noopener\">El pr\u00edncipe<\/a><\/strong><\/li><li><strong><a href=\"https:\/\/www.gutenberg.org\/files\/44536\/44536-h\/44536-h.htm#ch1.11\" target=\"_blank\" rel=\"noopener\">Conkiajgharuna<\/a><\/strong><\/li><li><strong><a href=\"https:\/\/www.gutenberg.org\/files\/44536\/44536-h\/44536-h.htm#ch1.12\" target=\"_blank\" rel=\"noopener\">Asphurtzela<\/a><\/strong><\/li><li><strong><a href=\"https:\/\/www.gutenberg.org\/files\/44536\/44536-h\/44536-h.htm#ch1.13\" target=\"_blank\" rel=\"noopener\">El pastor y el hijo de la fortuna<\/a><\/strong><\/li><li><strong><a href=\"https:\/\/www.gutenberg.org\/files\/44536\/44536-h\/44536-h.htm#ch1.14\" target=\"_blank\" rel=\"noopener\">Los dos ladrones<\/a><\/strong><\/li><li><strong><a href=\"https:\/\/www.gutenberg.org\/files\/44536\/44536-h\/44536-h.htm#ch1.15\" target=\"_blank\" rel=\"noopener\">El zorro y el hijo del rey<\/a><\/strong><\/li><li><strong><a href=\"https:\/\/www.gutenberg.org\/files\/44536\/44536-h\/44536-h.htm#ch1.16\" target=\"_blank\" rel=\"noopener\">El hijo del rey y la manzana<\/a><\/strong><\/li><\/ul>","protected":false},"excerpt":{"rendered":"<p>Los subt\u00edtulos est\u00e1n en ingl\u00e9s. Maestro y alumno Las tres hermanas y su madrastra El bueno para nada La piel de la rana El destino... <\/p>","protected":false},"author":1,"featured_media":0,"parent":2775,"menu_order":0,"comment_status":"closed","ping_status":"closed","template":"","meta":{"footnotes":""},"class_list":["post-3036","page","type-page","status-publish","hentry"],"amp_enabled":true,"_links":{"self":[{"href":"https:\/\/mythslegendes.com\/es\/wp-json\/wp\/v2\/pages\/3036","targetHints":{"allow":["GET"]}}],"collection":[{"href":"https:\/\/mythslegendes.com\/es\/wp-json\/wp\/v2\/pages"}],"about":[{"href":"https:\/\/mythslegendes.com\/es\/wp-json\/wp\/v2\/types\/page"}],"author":[{"embeddable":true,"href":"https:\/\/mythslegendes.com\/es\/wp-json\/wp\/v2\/users\/1"}],"replies":[{"embeddable":true,"href":"https:\/\/mythslegendes.com\/es\/wp-json\/wp\/v2\/comments?post=3036"}],"version-history":[{"count":0,"href":"https:\/\/mythslegendes.com\/es\/wp-json\/wp\/v2\/pages\/3036\/revisions"}],"up":[{"embeddable":true,"href":"https:\/\/mythslegendes.com\/es\/wp-json\/wp\/v2\/pages\/2775"}],"wp:attachment":[{"href":"https:\/\/mythslegendes.com\/es\/wp-json\/wp\/v2\/media?parent=3036"}],"curies":[{"name":"wp","href":"https:\/\/api.w.org\/{rel}","templated":true}]}}