{"id":3052,"date":"2020-07-23T15:03:24","date_gmt":"2020-07-23T14:03:24","guid":{"rendered":"https:\/\/mythslegendes.com\/?page_id=3052"},"modified":"2023-03-05T08:55:11","modified_gmt":"2023-03-05T08:55:11","slug":"mythologie-ossete","status":"publish","type":"page","link":"https:\/\/mythslegendes.com\/es\/mitologia-ossete\/","title":{"rendered":"Mitolog\u00eda osetia"},"content":{"rendered":"<div data-elementor-type=\"wp-page\" data-elementor-id=\"3052\" class=\"elementor elementor-3052\">\n\t\t\t\t\t\t<section class=\"elementor-section elementor-top-section elementor-element elementor-element-3685821 elementor-section-boxed elementor-section-height-default elementor-section-height-default\" data-id=\"3685821\" data-element_type=\"section\" data-e-type=\"section\">\n\t\t\t\t\t\t<div class=\"elementor-container elementor-column-gap-default\">\n\t\t\t\t\t<div class=\"elementor-column elementor-col-33 elementor-top-column elementor-element elementor-element-4c17f7f\" data-id=\"4c17f7f\" data-element_type=\"column\" data-e-type=\"column\">\n\t\t\t<div class=\"elementor-widget-wrap elementor-element-populated\">\n\t\t\t\t\t\t<div class=\"elementor-element elementor-element-58a2499 elementor-align-justify elementor-widget elementor-widget-button\" data-id=\"58a2499\" data-element_type=\"widget\" data-e-type=\"widget\" data-widget_type=\"button.default\">\n\t\t\t\t<div class=\"elementor-widget-container\">\n\t\t\t\t\t\t\t\t\t<div class=\"elementor-button-wrapper\">\n\t\t\t\t\t<a class=\"elementor-button elementor-button-link elementor-size-sm\" href=\"https:\/\/mythslegendes.com\/es\/mythes-et-legendes-de-perse-1542\/\">\n\t\t\t\t\t\t<span class=\"elementor-button-content-wrapper\">\n\t\t\t\t\t\t\t\t\t<span class=\"elementor-button-text\">Volver al Grupo Cultural<\/span>\n\t\t\t\t\t<\/span>\n\t\t\t\t\t<\/a>\n\t\t\t\t<\/div>\n\t\t\t\t\t\t\t\t<\/div>\n\t\t\t\t<\/div>\n\t\t\t\t\t<\/div>\n\t\t<\/div>\n\t\t\t\t<div class=\"elementor-column elementor-col-33 elementor-top-column elementor-element elementor-element-65759e3\" data-id=\"65759e3\" data-element_type=\"column\" data-e-type=\"column\">\n\t\t\t<div class=\"elementor-widget-wrap elementor-element-populated\">\n\t\t\t\t\t\t<div class=\"elementor-element elementor-element-2befa69 elementor-align-justify elementor-widget elementor-widget-button\" data-id=\"2befa69\" data-element_type=\"widget\" data-e-type=\"widget\" data-widget_type=\"button.default\">\n\t\t\t\t<div class=\"elementor-widget-container\">\n\t\t\t\t\t\t\t\t\t<div class=\"elementor-button-wrapper\">\n\t\t\t\t\t<a class=\"elementor-button elementor-button-link elementor-size-sm\" href=\"https:\/\/mythslegendes.com\/es\/bibliotecas-de-libros\/\">\n\t\t\t\t\t\t<span class=\"elementor-button-content-wrapper\">\n\t\t\t\t\t\t\t\t\t<span class=\"elementor-button-text\">Tienda dedicada<\/span>\n\t\t\t\t\t<\/span>\n\t\t\t\t\t<\/a>\n\t\t\t\t<\/div>\n\t\t\t\t\t\t\t\t<\/div>\n\t\t\t\t<\/div>\n\t\t\t\t\t<\/div>\n\t\t<\/div>\n\t\t\t\t<div class=\"elementor-column elementor-col-33 elementor-top-column elementor-element elementor-element-15ee394\" data-id=\"15ee394\" data-element_type=\"column\" data-e-type=\"column\">\n\t\t\t<div class=\"elementor-widget-wrap elementor-element-populated\">\n\t\t\t\t\t\t<div class=\"elementor-element elementor-element-ff60fa9 elementor-align-justify elementor-widget elementor-widget-button\" data-id=\"ff60fa9\" data-element_type=\"widget\" data-e-type=\"widget\" data-widget_type=\"button.default\">\n\t\t\t\t<div class=\"elementor-widget-container\">\n\t\t\t\t\t\t\t\t\t<div class=\"elementor-button-wrapper\">\n\t\t\t\t\t<a class=\"elementor-button elementor-button-link elementor-size-sm\" href=\"https:\/\/fr.wikipedia.org\/wiki\/Oss%C3%A8tes\" target=\"_blank\" rel=\"noopener\">\n\t\t\t\t\t\t<span class=\"elementor-button-content-wrapper\">\n\t\t\t\t\t\t\t\t\t<span class=\"elementor-button-text\">Wiki<\/span>\n\t\t\t\t\t<\/span>\n\t\t\t\t\t<\/a>\n\t\t\t\t<\/div>\n\t\t\t\t\t\t\t\t<\/div>\n\t\t\t\t<\/div>\n\t\t\t\t\t<\/div>\n\t\t<\/div>\n\t\t\t\t\t<\/div>\n\t\t<\/section>\n\t\t\t\t<section class=\"elementor-section elementor-top-section elementor-element elementor-element-4908677 elementor-section-boxed elementor-section-height-default elementor-section-height-default\" data-id=\"4908677\" data-element_type=\"section\" data-e-type=\"section\">\n\t\t\t\t\t\t<div class=\"elementor-container elementor-column-gap-default\">\n\t\t\t\t\t<div class=\"elementor-column elementor-col-100 elementor-top-column elementor-element elementor-element-e2c17ff\" data-id=\"e2c17ff\" data-element_type=\"column\" data-e-type=\"column\">\n\t\t\t<div class=\"elementor-widget-wrap elementor-element-populated\">\n\t\t\t\t\t\t<div class=\"elementor-element elementor-element-33b090d elementor-widget elementor-widget-heading\" data-id=\"33b090d\" data-element_type=\"widget\" data-e-type=\"widget\" data-widget_type=\"heading.default\">\n\t\t\t\t<div class=\"elementor-widget-container\">\n\t\t\t\t\t<div id=\"ez-toc-container\" class=\"ez-toc-v2_0_82_2 counter-hierarchy ez-toc-counter ez-toc-grey ez-toc-container-direction\">\n<div class=\"ez-toc-title-container\">\n<p class=\"ez-toc-title\" style=\"cursor:inherit\">Contenido<\/p>\n<span class=\"ez-toc-title-toggle\"><a href=\"#\" class=\"ez-toc-pull-right ez-toc-btn ez-toc-btn-xs ez-toc-btn-default ez-toc-toggle\" aria-label=\"Alternar tabla de contenidos\"><span class=\"ez-toc-js-icon-con\"><span class=\"\"><span class=\"eztoc-hide\" style=\"display:none;\">Palanca<\/span><span class=\"ez-toc-icon-toggle-span\"><svg style=\"fill: #999;color:#999\" xmlns=\"http:\/\/www.w3.org\/2000\/svg\" class=\"list-377408\" width=\"20px\" height=\"20px\" viewbox=\"0 0 24 24\" fill=\"none\"><path d=\"M6 6H4v2h2V6zm14 0H8v2h12V6zM4 11h2v2H4v-2zm16 0H8v2h12v-2zM4 16h2v2H4v-2zm16 0H8v2h12v-2z\" fill=\"currentColor\"><\/path><\/svg><svg style=\"fill: #999;color:#999\" class=\"arrow-unsorted-368013\" xmlns=\"http:\/\/www.w3.org\/2000\/svg\" width=\"10px\" height=\"10px\" viewbox=\"0 0 24 24\" version=\"1.2\" baseprofile=\"tiny\"><path d=\"M18.2 9.3l-6.2-6.3-6.2 6.3c-.2.2-.3.4-.3.7s.1.5.3.7c.2.2.4.3.7.3h11c.3 0 .5-.1.7-.3.2-.2.3-.5.3-.7s-.1-.5-.3-.7zM5.8 14.7l6.2 6.3 6.2-6.3c.2-.2.3-.5.3-.7s-.1-.5-.3-.7c-.2-.2-.4-.3-.7-.3h-11c-.3 0-.5.1-.7.3-.2.2-.3.5-.3.7s.1.5.3.7z\"\/><\/svg><\/span><\/span><\/span><\/a><\/span><\/div>\n<nav><ul class='ez-toc-list ez-toc-list-level-1' ><li class='ez-toc-page-1 ez-toc-heading-level-2'><a class=\"ez-toc-link ez-toc-heading-1\" href=\"https:\/\/mythslegendes.com\/es\/mitologia-ossete\/#Mythologie-Ossete\" >Mitolog\u00eda osetia<\/a><\/li><li class='ez-toc-page-1 ez-toc-heading-level-2'><a class=\"ez-toc-link ez-toc-heading-2\" href=\"https:\/\/mythslegendes.com\/es\/mitologia-ossete\/#Livres-sur-la-mythologie-Perse-Caucase\" >Libros sobre la mitolog\u00eda persa-cauc\u00e1sica<\/a><\/li><\/ul><\/nav><\/div>\n<h2 class=\"elementor-heading-title elementor-size-default\"><span class=\"ez-toc-section\" id=\"Mythologie-Ossete\"><\/span>Mitolog\u00eda osetia<span class=\"ez-toc-section-end\"><\/span><\/h2>\t\t\t\t<\/div>\n\t\t\t\t<\/div>\n\t\t\t\t\t<\/div>\n\t\t<\/div>\n\t\t\t\t\t<\/div>\n\t\t<\/section>\n\t\t\t\t<section class=\"elementor-section elementor-top-section elementor-element elementor-element-684f06e9 elementor-section-boxed elementor-section-height-default elementor-section-height-default\" data-id=\"684f06e9\" data-element_type=\"section\" data-e-type=\"section\">\n\t\t\t\t\t\t<div class=\"elementor-container elementor-column-gap-default\">\n\t\t\t\t\t<div class=\"elementor-column elementor-col-100 elementor-top-column elementor-element elementor-element-405f04c4\" data-id=\"405f04c4\" data-element_type=\"column\" data-e-type=\"column\">\n\t\t\t<div class=\"elementor-widget-wrap elementor-element-populated\">\n\t\t\t\t\t\t<div class=\"elementor-element elementor-element-3583773b elementor-widget elementor-widget-text-editor\" data-id=\"3583773b\" data-element_type=\"widget\" data-e-type=\"widget\" data-widget_type=\"text-editor.default\">\n\t\t\t\t<div class=\"elementor-widget-container\">\n\t\t\t\t\t\t\t\t\t<p><\/p>\n<p>los <a href=\"https:\/\/mythslegendes.com\/es\/\">mitolog\u00eda<\/a> Osetia, el actual pueblo del C\u00e1ucaso, incluye una serie de deidades y seres con poderes sobrenaturales, todos ellos te\u00f1idos de influencias cristianas y musulmanas, por lo que los nombres de los dioses suelen corresponder a los nombres de los santos.<\/p>\n<p><\/p>\n<p><\/p>\n<p>Estas divinidades juegan un papel m\u00e1s o menos importante en la epopeya de la raza semidivina de los Nartes. Esta mitolog\u00eda influy\u00f3 o fue influenciada en diferentes grados por las leyendas de los pueblos vecinos, especialmente los t\u00e1rtaros, <a href=\"https:\/\/mythslegendes.com\/es\/circo-mitologia\/\">Circasianos<\/a>, chechenos e ingush. Los mitos y cultos paganos han sobrevivido a trav\u00e9s del culto y las tradiciones orales a pesar de la influencia de los monote\u00edsmos en la regi\u00f3n.<\/p>\n<p><\/p>\n<p><\/p>\n<p>Estas historias fueron luego transcritas por escrito desde la segunda mitad del siglo XIX.<sup>mi<\/sup>\u00a0siglo y posibles comparaciones con otros <a href=\"https:\/\/mythslegendes.com\/es\/\">mitolog\u00edas<\/a> Desde entonces se han informado indoeuropeos. La gran mayor\u00eda de la literatura franc\u00f3fona sobre la mitolog\u00eda osetia nos la trajo el fil\u00f3logo y comparatista franc\u00e9s Georges Dum\u00e9zil, quien reconoci\u00f3 en esta mitolog\u00eda una herencia de la religi\u00f3n de los <a href=\"https:\/\/mythslegendes.com\/es\/mitologia-escita\/\">escitas<\/a>, de los cuales los osetios ser\u00edan los descendientes.<\/p>\n<p><img decoding=\"async\" class=\"alignnone wp-image-5284 size-full\" src=\"https:\/\/mythslegendes.com\/wp-content\/uploads\/2020\/09\/AlphaOmega-e1602613368367.png\" alt=\"Mitolog\u00eda osetia\" width=\"25\" height=\"26\" title=\"\"><\/p>\n<ul>\n<li><strong><a href=\"https:\/\/religion.fandom.com\/wiki\/Ossetian_mythology\" target=\"_blank\" rel=\"noopener\">Pante\u00f3n osetio<\/a><\/strong><\/li>\n<li><strong><a href=\"https:\/\/www.royalacademy.dk\/Publications\/High\/502_Christensen,%20Arthur.pdf\" target=\"_blank\" rel=\"noopener\">Leyendas de Christensen<\/a><\/strong><\/li>\n<li><strong><a href=\"http:\/\/assets.press.princeton.edu\/chapters\/i10766.pdf\" target=\"_blank\" rel=\"noopener\">La epopeya de los Nartes<\/a><\/strong><\/li>\n<\/ul>\t\t\t\t\t\t\t\t<\/div>\n\t\t\t\t<\/div>\n\t\t\t\t\t<\/div>\n\t\t<\/div>\n\t\t\t\t\t<\/div>\n\t\t<\/section>\n\t\t\t\t<section class=\"elementor-section elementor-top-section elementor-element elementor-element-f43f3a9 elementor-section-boxed elementor-section-height-default elementor-section-height-default\" data-id=\"f43f3a9\" data-element_type=\"section\" data-e-type=\"section\">\n\t\t\t\t\t\t<div class=\"elementor-container elementor-column-gap-default\">\n\t\t\t\t\t<div class=\"elementor-column elementor-col-100 elementor-top-column elementor-element elementor-element-f452770\" data-id=\"f452770\" data-element_type=\"column\" data-e-type=\"column\">\n\t\t\t<div class=\"elementor-widget-wrap elementor-element-populated\">\n\t\t\t\t\t\t<div class=\"elementor-element elementor-element-a63af9d elementor-widget elementor-widget-heading\" data-id=\"a63af9d\" data-element_type=\"widget\" data-e-type=\"widget\" data-widget_type=\"heading.default\">\n\t\t\t\t<div class=\"elementor-widget-container\">\n\t\t\t\t\t<h2 class=\"elementor-heading-title elementor-size-default\"><span class=\"ez-toc-section\" id=\"Livres-sur-la-mythologie-Perse-Caucase\"><\/span>Libros sobre la mitolog\u00eda persa-cauc\u00e1sica<span class=\"ez-toc-section-end\"><\/span><\/h2>\t\t\t\t<\/div>\n\t\t\t\t<\/div>\n\t\t\t\t\t<\/div>\n\t\t<\/div>\n\t\t\t\t\t<\/div>\n\t\t<\/section>\n\t\t\t\t<section class=\"elementor-section elementor-top-section elementor-element elementor-element-a538a12 elementor-section-boxed elementor-section-height-default elementor-section-height-default\" data-id=\"a538a12\" data-element_type=\"section\" data-e-type=\"section\">\n\t\t\t\t\t\t<div class=\"elementor-container elementor-column-gap-default\">\n\t\t\t\t\t<div class=\"elementor-column elementor-col-100 elementor-top-column elementor-element elementor-element-88f8a17\" data-id=\"88f8a17\" data-element_type=\"column\" data-e-type=\"column\">\n\t\t\t<div class=\"elementor-widget-wrap elementor-element-populated\">\n\t\t\t\t\t\t<div class=\"elementor-element elementor-element-1fa2b50 elementor-widget elementor-widget-text-editor\" data-id=\"1fa2b50\" data-element_type=\"widget\" data-e-type=\"widget\" data-widget_type=\"text-editor.default\">\n\t\t\t\t<div class=\"elementor-widget-container\">\n\t\t\t\t\t\t\t\t\t<p>C\u00f3mics \/ Ilustrados:<\/p>\n<p>En franc\u00e9s :<\/p>\n<ul>\n<li><a href=\"https:\/\/www.amazon.fr\/dp\/222622047X?&amp;linkCode=sl1&amp;tag=mythscience-21&amp;linkId=40bdf14c6bd71d939a5dfac1e03baaa0&amp;language=fr_FR&amp;ref_=as_li_ss_tl\" target=\"_blank\" rel=\"noopener\">Los Gathas: El Libro Sublime de Zaratustra<\/a><\/li>\n<li><a href=\"https:\/\/www.amazon.fr\/Mille-une-nuits-1\/dp\/2080712004?&amp;linkCode=sl1&amp;tag=mythscience-21&amp;linkId=14c2756ec1ca3d104bec51f79553e986&amp;language=fr_FR&amp;ref_=as_li_ss_tl\" target=\"_blank\" rel=\"noopener\">Las mil y una noches tomo 1<\/a><\/li>\n<li><a href=\"https:\/\/www.amazon.fr\/Mille-une-nuits-2\/dp\/2080712012?&amp;linkCode=sl1&amp;tag=mythscience-21&amp;linkId=c017c0fe0ea77f3ea146eff2acab509b&amp;language=fr_FR&amp;ref_=as_li_ss_tl\" target=\"_blank\" rel=\"noopener\">Las mil y una noches tomo 2<\/a><\/li>\n<li><a href=\"https:\/\/www.amazon.fr\/dp\/2080712020?&amp;linkCode=sl1&amp;tag=mythscience-21&amp;linkId=f35cde6584a81b60524744c2bed11c47&amp;language=fr_FR&amp;ref_=as_li_ss_tl\" target=\"_blank\" rel=\"noopener\">Las mil y una noches, tomo 3<\/a><\/li>\n<li><a href=\"https:\/\/www.amazon.fr\/dp\/2020826747?&amp;linkCode=ll1&amp;tag=mythscience-21&amp;linkId=22ec40209879f56fa52138df6e5d6540&amp;language=fr_FR&amp;ref_=as_li_ss_tl\" target=\"_blank\" rel=\"noopener\">Mani y la tradici\u00f3n maniquea<\/a><\/li>\n<li><a href=\"https:\/\/www.amazon.fr\/Jardins-lumi%C3%A8re-Amin-Maalouf\/dp\/2253061778?&amp;linkCode=sl1&amp;tag=mythscience-21&amp;linkId=330342fa90ce7d1a906a398cce4955d6&amp;language=fr_FR&amp;ref_=as_li_ss_tl\" target=\"_blank\" rel=\"noopener\">Los Jardines de la Luz<\/a><\/li>\n<li><a href=\"https:\/\/www.amazon.fr\/dp\/2262075972?&amp;linkCode=sl1&amp;tag=mythscience-21&amp;linkId=fccdc71d200bf465a70662cc473d3d4f&amp;language=fr_FR&amp;ref_=as_li_ss_tl\" target=\"_blank\" rel=\"noopener\">Ir\u00e1n, una historia de 4000 a\u00f1os<\/a><\/li>\n<li><a href=\"https:\/\/www.amazon.fr\/dp\/2070716465?&amp;linkCode=ll1&amp;tag=mythscience-21&amp;linkId=a6a358993f23db0ece7f2fd33b8e0c30&amp;language=fr_FR&amp;ref_=as_li_ss_tl\" target=\"_blank\" rel=\"noopener\">El libro de los h\u00e9roes<\/a><\/li>\n<li><a href=\"https:\/\/www.amazon.fr\/dp\/2070742768?&amp;linkCode=ll1&amp;tag=mythscience-21&amp;linkId=26101cb9016a649fb55013bf2f130f23&amp;language=fr_FR&amp;ref_=as_li_ss_tl\" target=\"_blank\" rel=\"noopener\">El Libro de Dede Korkut en el idioma del pueblo Oghuz<\/a><\/li>\n<li><a href=\"https:\/\/www.amazon.fr\/dp\/2081344610?&amp;linkCode=sl1&amp;tag=mythscience-21&amp;linkId=98eb9e2fdd51e12de5026cbba1079cc5&amp;language=fr_FR&amp;ref_=as_li_ss_tl\" target=\"_blank\" rel=\"noopener\">15 Cuentos de Armenia<\/a><\/li>\n<li><a href=\"https:\/\/www.amazon.fr\/dp\/2719107948?&amp;linkCode=ll1&amp;tag=mythscience-21&amp;linkId=98365bd6e6069b0860ab4f2c650a4ab6&amp;language=fr_FR&amp;ref_=as_li_ss_tl\" target=\"_blank\" rel=\"noopener\">Cuentos de Armenia: \u00e9pica, cuentos populares y leyendas<\/a><\/li>\n<li><a href=\"https:\/\/www.amazon.fr\/dp\/2226172033?&amp;linkCode=ll1&amp;tag=mythscience-21&amp;linkId=71ae7b3c6099b84a91e9be3a253ba65a&amp;language=fr_FR&amp;ref_=as_li_ss_tl\" target=\"_blank\" rel=\"noopener\">La leyenda armenia de David de Sassoun<\/a><\/li>\n<\/ul>\n<p>Solo en ingles:<\/p>\n<ul>\n<li><a href=\"https:\/\/www.amazon.fr\/dp\/B083XQ1MJC?&amp;linkCode=sl1&amp;tag=mythscience-21&amp;linkId=7533b2da7efa984dd75c1dbf59fe2781&amp;language=fr_FR&amp;ref_=as_li_ss_tl\" target=\"_blank\" rel=\"noopener\">Cuentos del Punjab<\/a><\/li>\n<li><a href=\"https:\/\/www.amazon.fr\/dp\/1794165916?&amp;linkCode=sl1&amp;tag=mythscience-21&amp;linkId=0691f3756390f3ea3b61a71e2947c66e&amp;language=fr_FR&amp;ref_=as_li_ss_tl\" target=\"_blank\" rel=\"noopener\">Mesopotamia: una gu\u00eda fascinante de la historia y las civilizaciones de la antigua Mesopotamia<\/a><\/li>\n<li><a href=\"https:\/\/www.amazon.fr\/Legends-Caucasus-David-Hunt\/dp\/0863564739?_encoding=UTF8&amp;qid=&amp;sr=&amp;linkCode=sl1&amp;tag=mythscience-21&amp;linkId=948a8a9fad0dcbbd1e803a2f1f206d4d&amp;language=fr_FR&amp;ref_=as_li_ss_tl\" target=\"_blank\" rel=\"noopener\">Leyendas del C\u00e1ucaso (Edici\u00f3n en Espa\u00f1ol)<\/a><\/li>\n<li><a href=\"https:\/\/www.amazon.fr\/Nart-Sagas-Legends-Ancient-Caucasus\/dp\/0691169144?&amp;linkCode=sl1&amp;tag=mythscience-21&amp;linkId=d500d2f590d0370fc71ad1b5f4fe81f6&amp;language=fr_FR&amp;ref_=as_li_ss_tl\" target=\"_blank\" rel=\"noopener\">Nart Sagas \u2013 Mitos y Leyendas del C\u00e1ucaso Antiguo<\/a><\/li>\n<\/ul>\t\t\t\t\t\t\t\t<\/div>\n\t\t\t\t<\/div>\n\t\t\t\t\t<\/div>\n\t\t<\/div>\n\t\t\t\t\t<\/div>\n\t\t<\/section>\n\t\t\t\t<\/div>","protected":false},"excerpt":{"rendered":"<p>Retour au Groupe Culturel Boutique D\u00e9di\u00e9e Wiki Mythologie Oss\u00e8te La mythologie Oss\u00e8te, peuple actuel du Caucase, comprend un certain nombre &hellip; <\/p>","protected":false},"author":1,"featured_media":0,"parent":0,"menu_order":1,"comment_status":"closed","ping_status":"closed","template":"","meta":{"footnotes":""},"class_list":["post-3052","page","type-page","status-publish","hentry"],"amp_enabled":true,"_links":{"self":[{"href":"https:\/\/mythslegendes.com\/es\/wp-json\/wp\/v2\/pages\/3052","targetHints":{"allow":["GET"]}}],"collection":[{"href":"https:\/\/mythslegendes.com\/es\/wp-json\/wp\/v2\/pages"}],"about":[{"href":"https:\/\/mythslegendes.com\/es\/wp-json\/wp\/v2\/types\/page"}],"author":[{"embeddable":true,"href":"https:\/\/mythslegendes.com\/es\/wp-json\/wp\/v2\/users\/1"}],"replies":[{"embeddable":true,"href":"https:\/\/mythslegendes.com\/es\/wp-json\/wp\/v2\/comments?post=3052"}],"version-history":[{"count":8,"href":"https:\/\/mythslegendes.com\/es\/wp-json\/wp\/v2\/pages\/3052\/revisions"}],"predecessor-version":[{"id":27300,"href":"https:\/\/mythslegendes.com\/es\/wp-json\/wp\/v2\/pages\/3052\/revisions\/27300"}],"wp:attachment":[{"href":"https:\/\/mythslegendes.com\/es\/wp-json\/wp\/v2\/media?parent=3052"}],"curies":[{"name":"wp","href":"https:\/\/api.w.org\/{rel}","templated":true}]}}