{"id":3073,"date":"2020-07-23T16:13:13","date_gmt":"2020-07-23T15:13:13","guid":{"rendered":"https:\/\/mythslegendes.com\/?page_id=3073"},"modified":"2020-11-20T18:23:46","modified_gmt":"2020-11-20T18:23:46","slug":"la-religion-elamite","status":"publish","type":"page","link":"https:\/\/mythslegendes.com\/es\/mitologia-elamita\/la-religion-elamita\/","title":{"rendered":"Religi\u00f3n elamita"},"content":{"rendered":"<div data-elementor-type=\"wp-page\" data-elementor-id=\"3073\" class=\"elementor elementor-3073\">\n\t\t\t\t\t\t<section class=\"elementor-section elementor-top-section elementor-element elementor-element-33d84cb elementor-section-boxed elementor-section-height-default elementor-section-height-default\" data-id=\"33d84cb\" data-element_type=\"section\" data-e-type=\"section\">\n\t\t\t\t\t\t<div class=\"elementor-container elementor-column-gap-default\">\n\t\t\t\t\t<div class=\"elementor-column elementor-col-50 elementor-top-column elementor-element elementor-element-104d5f7\" data-id=\"104d5f7\" data-element_type=\"column\" data-e-type=\"column\">\n\t\t\t<div class=\"elementor-widget-wrap elementor-element-populated\">\n\t\t\t\t\t\t<div class=\"elementor-element elementor-element-5ab255e elementor-align-justify elementor-widget elementor-widget-button\" data-id=\"5ab255e\" data-element_type=\"widget\" data-e-type=\"widget\" data-widget_type=\"button.default\">\n\t\t\t\t<div class=\"elementor-widget-container\">\n\t\t\t\t\t\t\t\t\t<div class=\"elementor-button-wrapper\">\n\t\t\t\t\t<a class=\"elementor-button elementor-button-link elementor-size-sm\" href=\"https:\/\/mythslegendes.com\/es\/mitologia-elamita\/\">\n\t\t\t\t\t\t<span class=\"elementor-button-content-wrapper\">\n\t\t\t\t\t\t\t\t\t<span class=\"elementor-button-text\">Mitolog\u00eda elamita<\/span>\n\t\t\t\t\t<\/span>\n\t\t\t\t\t<\/a>\n\t\t\t\t<\/div>\n\t\t\t\t\t\t\t\t<\/div>\n\t\t\t\t<\/div>\n\t\t\t\t\t<\/div>\n\t\t<\/div>\n\t\t\t\t<div class=\"elementor-column elementor-col-50 elementor-top-column elementor-element elementor-element-e391e06\" data-id=\"e391e06\" data-element_type=\"column\" data-e-type=\"column\">\n\t\t\t<div class=\"elementor-widget-wrap elementor-element-populated\">\n\t\t\t\t\t\t<div class=\"elementor-element elementor-element-8d44314 elementor-align-justify elementor-widget elementor-widget-button\" data-id=\"8d44314\" data-element_type=\"widget\" data-e-type=\"widget\" data-widget_type=\"button.default\">\n\t\t\t\t<div class=\"elementor-widget-container\">\n\t\t\t\t\t\t\t\t\t<div class=\"elementor-button-wrapper\">\n\t\t\t\t\t<a class=\"elementor-button elementor-button-link elementor-size-sm\" href=\"https:\/\/fr.wikipedia.org\/wiki\/Religion_%C3%A9lamite\" target=\"_blank\" rel=\"noopener\">\n\t\t\t\t\t\t<span class=\"elementor-button-content-wrapper\">\n\t\t\t\t\t\t\t\t\t<span class=\"elementor-button-text\">Wiki<\/span>\n\t\t\t\t\t<\/span>\n\t\t\t\t\t<\/a>\n\t\t\t\t<\/div>\n\t\t\t\t\t\t\t\t<\/div>\n\t\t\t\t<\/div>\n\t\t\t\t\t<\/div>\n\t\t<\/div>\n\t\t\t\t\t<\/div>\n\t\t<\/section>\n\t\t\t\t<section class=\"elementor-section elementor-top-section elementor-element elementor-element-7203a64 elementor-section-boxed elementor-section-height-default elementor-section-height-default\" data-id=\"7203a64\" data-element_type=\"section\" data-e-type=\"section\">\n\t\t\t\t\t\t<div class=\"elementor-container elementor-column-gap-default\">\n\t\t\t\t\t<div class=\"elementor-column elementor-col-100 elementor-top-column elementor-element elementor-element-eb1459e\" data-id=\"eb1459e\" data-element_type=\"column\" data-e-type=\"column\">\n\t\t\t<div class=\"elementor-widget-wrap elementor-element-populated\">\n\t\t\t\t\t\t<div class=\"elementor-element elementor-element-262778e elementor-widget elementor-widget-text-editor\" data-id=\"262778e\" data-element_type=\"widget\" data-e-type=\"widget\" data-widget_type=\"text-editor.default\">\n\t\t\t\t<div class=\"elementor-widget-container\">\n\t\t\t\t\t\t\t\t\t<p>Lo poco que sabemos sobre religi\u00f3n <a href=\"https:\/\/mythslegendes.com\/es\/mitologia-elamita\/\">elamita<\/a> nos transporta a un mundo de extra\u00f1as formas y nombres: Shoumoudou, Lagamar, Partikira, Ammankasibar, Oudour\u00e2n, Shapak, A\u00eepaksina, Bilala, Panintimri, Kindakarpou. Pero la civilizaci\u00f3n elamita estuvo \u00edntimamente relacionada con la del pa\u00eds de Sumer y todo hace pensar que se identific\u00f3 casi por completo con ella en el aspecto religioso.\u00a0<\/p>\t\t\t\t\t\t\t\t<\/div>\n\t\t\t\t<\/div>\n\t\t\t\t\t<\/div>\n\t\t<\/div>\n\t\t\t\t\t<\/div>\n\t\t<\/section>\n\t\t\t\t<section class=\"elementor-section elementor-top-section elementor-element elementor-element-4139ed0 elementor-section-boxed elementor-section-height-default elementor-section-height-default\" data-id=\"4139ed0\" data-element_type=\"section\" data-e-type=\"section\">\n\t\t\t\t\t\t<div class=\"elementor-container elementor-column-gap-default\">\n\t\t\t\t\t<div class=\"elementor-column elementor-col-100 elementor-top-column elementor-element elementor-element-a7858d8\" data-id=\"a7858d8\" data-element_type=\"column\" data-e-type=\"column\">\n\t\t\t<div class=\"elementor-widget-wrap elementor-element-populated\">\n\t\t\t\t\t\t<div class=\"elementor-element elementor-element-e549009 elementor-widget elementor-widget-heading\" data-id=\"e549009\" data-element_type=\"widget\" data-e-type=\"widget\" data-widget_type=\"heading.default\">\n\t\t\t\t<div class=\"elementor-widget-container\">\n\t\t\t\t\t<div id=\"ez-toc-container\" class=\"ez-toc-v2_0_82_2 counter-hierarchy ez-toc-counter ez-toc-grey ez-toc-container-direction\">\n<div class=\"ez-toc-title-container\">\n<p class=\"ez-toc-title\" style=\"cursor:inherit\">Contenido<\/p>\n<span class=\"ez-toc-title-toggle\"><a href=\"#\" class=\"ez-toc-pull-right ez-toc-btn ez-toc-btn-xs ez-toc-btn-default ez-toc-toggle\" aria-label=\"Alternar tabla de contenidos\"><span class=\"ez-toc-js-icon-con\"><span class=\"\"><span class=\"eztoc-hide\" style=\"display:none;\">Palanca<\/span><span class=\"ez-toc-icon-toggle-span\"><svg style=\"fill: #999;color:#999\" xmlns=\"http:\/\/www.w3.org\/2000\/svg\" class=\"list-377408\" width=\"20px\" height=\"20px\" viewbox=\"0 0 24 24\" fill=\"none\"><path d=\"M6 6H4v2h2V6zm14 0H8v2h12V6zM4 11h2v2H4v-2zm16 0H8v2h12v-2zM4 16h2v2H4v-2zm16 0H8v2h12v-2z\" fill=\"currentColor\"><\/path><\/svg><svg style=\"fill: #999;color:#999\" class=\"arrow-unsorted-368013\" xmlns=\"http:\/\/www.w3.org\/2000\/svg\" width=\"10px\" height=\"10px\" viewbox=\"0 0 24 24\" version=\"1.2\" baseprofile=\"tiny\"><path d=\"M18.2 9.3l-6.2-6.3-6.2 6.3c-.2.2-.3.4-.3.7s.1.5.3.7c.2.2.4.3.7.3h11c.3 0 .5-.1.7-.3.2-.2.3-.5.3-.7s-.1-.5-.3-.7zM5.8 14.7l6.2 6.3 6.2-6.3c.2-.2.3-.5.3-.7s-.1-.5-.3-.7c-.2-.2-.4-.3-.7-.3h-11c-.3 0-.5.1-.7.3-.2.2-.3.5-.3.7s.1.5.3.7z\"\/><\/svg><\/span><\/span><\/span><\/a><\/span><\/div>\n<nav><ul class='ez-toc-list ez-toc-list-level-1' ><li class='ez-toc-page-1 ez-toc-heading-level-2'><a class=\"ez-toc-link ez-toc-heading-1\" href=\"https:\/\/mythslegendes.com\/es\/mitologia-elamita\/la-religion-elamita\/#Religion-Elamite\" >Religi\u00f3n elamita<\/a><\/li><\/ul><\/nav><\/div>\n<h2 class=\"elementor-heading-title elementor-size-default\"><span class=\"ez-toc-section\" id=\"Religion-Elamite\"><\/span>Religi\u00f3n elamita<span class=\"ez-toc-section-end\"><\/span><\/h2>\t\t\t\t<\/div>\n\t\t\t\t<\/div>\n\t\t\t\t\t<\/div>\n\t\t<\/div>\n\t\t\t\t\t<\/div>\n\t\t<\/section>\n\t\t\t\t<section class=\"elementor-section elementor-top-section elementor-element elementor-element-46b011ba elementor-section-boxed elementor-section-height-default elementor-section-height-default\" data-id=\"46b011ba\" data-element_type=\"section\" data-e-type=\"section\">\n\t\t\t\t\t\t<div class=\"elementor-container elementor-column-gap-default\">\n\t\t\t\t\t<div class=\"elementor-column elementor-col-100 elementor-top-column elementor-element elementor-element-5bdc18b4\" data-id=\"5bdc18b4\" data-element_type=\"column\" data-e-type=\"column\">\n\t\t\t<div class=\"elementor-widget-wrap elementor-element-populated\">\n\t\t\t\t\t\t<div class=\"elementor-element elementor-element-5fed58e6 elementor-widget elementor-widget-text-editor\" data-id=\"5fed58e6\" data-element_type=\"widget\" data-e-type=\"widget\" data-widget_type=\"text-editor.default\">\n\t\t\t\t<div class=\"elementor-widget-container\">\n\t\t\t\t\t\t\t\t\t<p><\/p>\n<p>En ausencia de una comunidad de origen, esta estrecha analog\u00eda se explica f\u00e1cilmente por simples relaciones de vecindad. Al igual que con los sumerios, la religi\u00f3n primitiva de los elamitas era de car\u00e1cter naturalista. Se veneraban \u00e1rboles, plantas, rocas, animales. Las estrellas tambi\u00e9n ten\u00edan su lugar en esta adoraci\u00f3n. Los monumentos figurados de Susiane nos han conservado m\u00faltiples representaciones de estrellas, plantas, p\u00e1jaros, animales, en particular c\u00e1pridos, que parecen haber jugado, como divinidades de la vegetaci\u00f3n, un papel an\u00e1logo al que, en la llanura mesopot\u00e1mica, se delegaba a los toro.<\/p>\n<p><\/p>\n<p>Las serpientes, especialmente las serpientes entrelazadas, las \u00e1guilas con las alas extendidas aparecen con frecuencia como s\u00edmbolos o atributos de la divinidad. Entre estos atributos, cuya mera representaci\u00f3n basta en \u00e9pocas primitivas para evocar en los fieles la idea del dios, debemos mencionar una punta de lanza triangular montada sobre un tallo. Coincidimos en verlo como una representaci\u00f3n del arma distintiva de Marduk, el marrou, o harto.<\/p>\n<p><\/p>\n<p>La segunda etapa en la representaci\u00f3n de los dioses est\u00e1 marcada, en <a href=\"https:\/\/mythslegendes.com\/es\/mitologia-elamita\/\">Elam<\/a> como en Sumer, por la aparici\u00f3n de dioses leones zoomorfos con cabezas humanas principalmente. Esta forma quedar\u00e1 m\u00e1s tarde, reservada entonces para los genios inferiores.<\/p>\n<p><\/p>\n<p>Con la concepci\u00f3n antropom\u00f3rfica, que corona esta evoluci\u00f3n, los dioses pierden finalmente su anonimato, sin que estemos, sin embargo, mucho m\u00e1s informados sobre su naturaleza, su car\u00e1cter y sus atribuciones.<\/p>\n<p><\/p>\n<p>La deidad principal de los elamitas era In-Shoushinak, &quot;el Susian&quot;, quien no s\u00f3lo era, como parece indicar su nombre, el dios propio de Susa, sino que tambi\u00e9n era considerado el &quot;Soberano de los dioses&quot;, el &quot;Se\u00f1or de el cielo y la tierra el Constructor del universo\u201d. Estos son los t\u00edtulos dados en Babilonia a los dioses supremos. Cabe se\u00f1alar que el nombre que lleva el dios es simplemente un calificativo de origen y de ninguna manera un nombre individual.<\/p>\n<p>Es probable que los elamitas no quisieran revelar el verdadero nombre de su dios, que segu\u00eda siendo &quot;el inefable&quot;. Este escr\u00fapulo se encuentra tambi\u00e9n entre los acadios, que designaban a su dios supremo con el nombre de Bel, &quot;se\u00f1or&quot;, y entre los sirofenicios, cuyo <a href=\"https:\/\/mythslegendes.com\/es\/mitologia-cananea\/\">Baal<\/a> tambi\u00e9n significa &quot;maestro&quot;.<\/p>\n<p><\/p>\n<p>Por lo tanto, es bastante dif\u00edcil identificar exactamente a In-Shoushinak. Generalmente estamos de acuerdo en ver en \u00e9l el equivalente elamita de Nin-Ourta, \u201cel campe\u00f3n de los dioses celestiales o incluso de Adad, el dios del rel\u00e1mpago y las tormentas. No olvidemos que estas dos divinidades, adem\u00e1s de su terrible aspecto, eran tambi\u00e9n considerados dioses de la lluvia que fecunda y de la inundaci\u00f3n ben\u00e9fica, por lo tanto, dioses de la fertilidad. In-Shoushinak fue sin duda tambi\u00e9n para unir esta naturaleza dual.<\/p>\n<p><img fetchpriority=\"high\" decoding=\"async\" class=\"alignnone\" src=\"http:\/\/www.cosmovisions.com\/DeesseElamite.gif\" alt=\"religi\u00f3n elamita\" width=\"288\" height=\"416\" title=\"\"><br \/><strong>Nah-Hounte.<\/strong><\/p>\n<p><\/p>\n<p>Entre las otras divinidades que pueblan el pante\u00f3n elamita y de las que estamos obligados a una simple enumeraci\u00f3n, porque sabemos poco m\u00e1s que sus nombres, podemos citar a la diosa Kiririsha, la diosa soberana; su marido era el dios Khumban, a quien se identifica con el babilonio Marduk. <\/p>\n<p>Tambi\u00e9n encontramos a Lagamal, calificado como hijo de Ea; Nah-Hount\u00e9 (o Nakhounta), el sol, que, como Shamash, era tanto el dios de la luz como el de la justicia; Teshoup, dios de la tormenta, que adem\u00e1s era adorado en toda Asia occidental; Narouti, a quien solo conocemos por una ofrenda que le present\u00f3 el ishakkou de Susa; Arkhou, deidad de origen vannico.<\/p>\n<p><\/p>\n<p>A estas divinidades nacionales se sumaron, a partir de entonces, los dioses y diosas de los pa\u00edses de Sumer y Akkad, que se impusieron a Elam, cuando este pa\u00eds sufr\u00eda la hegemon\u00eda de los soberanos de Agade (<a href=\"https:\/\/mythslegendes.com\/es\/mitologia-babilonica-acadia-asiria\/\">Akkad<\/a>), de Ur y Lagash, o que, por el contrario, se introdujeron libremente, cuando los elamitas extendieron su dominio sobre Babilonia.\u00a0<\/p>\n<p><\/p>\n<p>Estas contribuciones completaron la asimilaci\u00f3n de la religi\u00f3n elamita y la religi\u00f3n asirio-babil\u00f3nica, que en adelante comprend\u00edan las mismas creencias y las mismas pr\u00e1cticas.<\/p>\n<p><\/p>\t\t\t\t\t\t\t\t<\/div>\n\t\t\t\t<\/div>\n\t\t\t\t\t<\/div>\n\t\t<\/div>\n\t\t\t\t\t<\/div>\n\t\t<\/section>\n\t\t\t\t<\/div>","protected":false},"excerpt":{"rendered":"<p>Elamite Mythology Wiki Lo poco que sabemos de la religi\u00f3n elamita nos transporta a un mundo de formas y... <\/p>","protected":false},"author":1,"featured_media":0,"parent":3066,"menu_order":0,"comment_status":"closed","ping_status":"closed","template":"","meta":{"footnotes":""},"class_list":["post-3073","page","type-page","status-publish","hentry"],"amp_enabled":true,"_links":{"self":[{"href":"https:\/\/mythslegendes.com\/es\/wp-json\/wp\/v2\/pages\/3073","targetHints":{"allow":["GET"]}}],"collection":[{"href":"https:\/\/mythslegendes.com\/es\/wp-json\/wp\/v2\/pages"}],"about":[{"href":"https:\/\/mythslegendes.com\/es\/wp-json\/wp\/v2\/types\/page"}],"author":[{"embeddable":true,"href":"https:\/\/mythslegendes.com\/es\/wp-json\/wp\/v2\/users\/1"}],"replies":[{"embeddable":true,"href":"https:\/\/mythslegendes.com\/es\/wp-json\/wp\/v2\/comments?post=3073"}],"version-history":[{"count":0,"href":"https:\/\/mythslegendes.com\/es\/wp-json\/wp\/v2\/pages\/3073\/revisions"}],"up":[{"embeddable":true,"href":"https:\/\/mythslegendes.com\/es\/wp-json\/wp\/v2\/pages\/3066"}],"wp:attachment":[{"href":"https:\/\/mythslegendes.com\/es\/wp-json\/wp\/v2\/media?parent=3073"}],"curies":[{"name":"wp","href":"https:\/\/api.w.org\/{rel}","templated":true}]}}