{"id":3076,"date":"2020-07-23T16:15:09","date_gmt":"2020-07-23T15:15:09","guid":{"rendered":"https:\/\/mythslegendes.com\/?page_id=3076"},"modified":"2022-12-03T22:07:14","modified_gmt":"2022-12-03T22:07:14","slug":"stele-du-roi-untash-napirisha","status":"publish","type":"page","link":"https:\/\/mythslegendes.com\/es\/mitologia-elamita\/stele-du-roi-untash-napirisha\/","title":{"rendered":"Estela del rey Untash-Napirisha"},"content":{"rendered":"<div data-elementor-type=\"wp-page\" data-elementor-id=\"3076\" class=\"elementor elementor-3076\">\n\t\t\t\t\t\t<section class=\"elementor-section elementor-top-section elementor-element elementor-element-9153f67 elementor-section-boxed elementor-section-height-default elementor-section-height-default\" data-id=\"9153f67\" data-element_type=\"section\" data-e-type=\"section\">\n\t\t\t\t\t\t<div class=\"elementor-container elementor-column-gap-default\">\n\t\t\t\t\t<div class=\"elementor-column elementor-col-50 elementor-top-column elementor-element elementor-element-a150074\" data-id=\"a150074\" data-element_type=\"column\" data-e-type=\"column\">\n\t\t\t<div class=\"elementor-widget-wrap elementor-element-populated\">\n\t\t\t\t\t\t<div class=\"elementor-element elementor-element-467fadd elementor-align-justify elementor-widget elementor-widget-button\" data-id=\"467fadd\" data-element_type=\"widget\" data-e-type=\"widget\" data-widget_type=\"button.default\">\n\t\t\t\t<div class=\"elementor-widget-container\">\n\t\t\t\t\t\t\t\t\t<div class=\"elementor-button-wrapper\">\n\t\t\t\t\t<a class=\"elementor-button elementor-button-link elementor-size-sm\" href=\"https:\/\/mythslegendes.com\/es\/mitologia-elamita\/\">\n\t\t\t\t\t\t<span class=\"elementor-button-content-wrapper\">\n\t\t\t\t\t\t\t\t\t<span class=\"elementor-button-text\">Mitolog\u00eda elamita<\/span>\n\t\t\t\t\t<\/span>\n\t\t\t\t\t<\/a>\n\t\t\t\t<\/div>\n\t\t\t\t\t\t\t\t<\/div>\n\t\t\t\t<\/div>\n\t\t\t\t\t<\/div>\n\t\t<\/div>\n\t\t\t\t<div class=\"elementor-column elementor-col-50 elementor-top-column elementor-element elementor-element-7948213\" data-id=\"7948213\" data-element_type=\"column\" data-e-type=\"column\">\n\t\t\t<div class=\"elementor-widget-wrap elementor-element-populated\">\n\t\t\t\t\t\t<div class=\"elementor-element elementor-element-81d33b9 elementor-align-justify elementor-widget elementor-widget-button\" data-id=\"81d33b9\" data-element_type=\"widget\" data-e-type=\"widget\" data-widget_type=\"button.default\">\n\t\t\t\t<div class=\"elementor-widget-container\">\n\t\t\t\t\t\t\t\t\t<div class=\"elementor-button-wrapper\">\n\t\t\t\t\t<a class=\"elementor-button elementor-button-link elementor-size-sm\" href=\"https:\/\/fr.wikipedia.org\/wiki\/Religion_%C3%A9lamite\" target=\"_blank\" rel=\"noopener\">\n\t\t\t\t\t\t<span class=\"elementor-button-content-wrapper\">\n\t\t\t\t\t\t\t\t\t<span class=\"elementor-button-text\">Wiki<\/span>\n\t\t\t\t\t<\/span>\n\t\t\t\t\t<\/a>\n\t\t\t\t<\/div>\n\t\t\t\t\t\t\t\t<\/div>\n\t\t\t\t<\/div>\n\t\t\t\t\t<\/div>\n\t\t<\/div>\n\t\t\t\t\t<\/div>\n\t\t<\/section>\n\t\t\t\t<section class=\"elementor-section elementor-top-section elementor-element elementor-element-146de6f6 elementor-section-boxed elementor-section-height-default elementor-section-height-default\" data-id=\"146de6f6\" data-element_type=\"section\" data-e-type=\"section\">\n\t\t\t\t\t\t<div class=\"elementor-container elementor-column-gap-default\">\n\t\t\t\t\t<div class=\"elementor-column elementor-col-100 elementor-top-column elementor-element elementor-element-6159ecac\" data-id=\"6159ecac\" data-element_type=\"column\" data-e-type=\"column\">\n\t\t\t<div class=\"elementor-widget-wrap elementor-element-populated\">\n\t\t\t\t\t\t<div class=\"elementor-element elementor-element-63625a65 elementor-widget elementor-widget-text-editor\" data-id=\"63625a65\" data-element_type=\"widget\" data-e-type=\"widget\" data-widget_type=\"text-editor.default\">\n\t\t\t\t<div class=\"elementor-widget-container\">\n\t\t\t\t\t\t\t\t\t<p><\/p>\n<p>Esta estela de cuatro registros fue encargada por el rey <a href=\"https:\/\/mythslegendes.com\/es\/mitologia-elamita\/\">elamita<\/a> Untash-Napirisha para la ciudad de Tchoga Zanbil. La estela del rey Untash-Napirisha fue devuelta a Susa por uno de estos sucesores, probablemente Shutruk-Nahunte I. Los temas de los registros son el reconocimiento del poder real por parte del dios Inshushinak, el acompa\u00f1amiento del rey al templo por dos sacerdotisas, mujeres-pez con un arroyo que brota (deidades menores que perpet\u00faan el ciclo de las aguas); finalmente, dos pastores protegiendo el \u00e1rbol sagrado.<\/p>\n<p><img decoding=\"async\" class=\"alignnone wp-image-5284 size-full\" src=\"https:\/\/mythslegendes.com\/wp-content\/uploads\/2020\/09\/AlphaOmega-e1602613368367.png\" alt=\"Estela del rey Untash-Napirisha\" width=\"25\" height=\"26\" title=\"\"><\/p>\n<p><\/p>\n<div id=\"ez-toc-container\" class=\"ez-toc-v2_0_82_2 counter-hierarchy ez-toc-counter ez-toc-grey ez-toc-container-direction\">\n<div class=\"ez-toc-title-container\">\n<p class=\"ez-toc-title\" style=\"cursor:inherit\">Contenido<\/p>\n<span class=\"ez-toc-title-toggle\"><a href=\"#\" class=\"ez-toc-pull-right ez-toc-btn ez-toc-btn-xs ez-toc-btn-default ez-toc-toggle\" aria-label=\"Alternar tabla de contenidos\"><span class=\"ez-toc-js-icon-con\"><span class=\"\"><span class=\"eztoc-hide\" style=\"display:none;\">Palanca<\/span><span class=\"ez-toc-icon-toggle-span\"><svg style=\"fill: #999;color:#999\" xmlns=\"http:\/\/www.w3.org\/2000\/svg\" class=\"list-377408\" width=\"20px\" height=\"20px\" viewbox=\"0 0 24 24\" fill=\"none\"><path d=\"M6 6H4v2h2V6zm14 0H8v2h12V6zM4 11h2v2H4v-2zm16 0H8v2h12v-2zM4 16h2v2H4v-2zm16 0H8v2h12v-2z\" fill=\"currentColor\"><\/path><\/svg><svg style=\"fill: #999;color:#999\" class=\"arrow-unsorted-368013\" xmlns=\"http:\/\/www.w3.org\/2000\/svg\" width=\"10px\" height=\"10px\" viewbox=\"0 0 24 24\" version=\"1.2\" baseprofile=\"tiny\"><path d=\"M18.2 9.3l-6.2-6.3-6.2 6.3c-.2.2-.3.4-.3.7s.1.5.3.7c.2.2.4.3.7.3h11c.3 0 .5-.1.7-.3.2-.2.3-.5.3-.7s-.1-.5-.3-.7zM5.8 14.7l6.2 6.3 6.2-6.3c.2-.2.3-.5.3-.7s-.1-.5-.3-.7c-.2-.2-.4-.3-.7-.3h-11c-.3 0-.5.1-.7.3-.2.2-.3.5-.3.7s.1.5.3.7z\"\/><\/svg><\/span><\/span><\/span><\/a><\/span><\/div>\n<nav><ul class='ez-toc-list ez-toc-list-level-1' ><li class='ez-toc-page-1 ez-toc-heading-level-2'><a class=\"ez-toc-link ez-toc-heading-1\" href=\"https:\/\/mythslegendes.com\/es\/mitologia-elamita\/stele-du-roi-untash-napirisha\/#Stele-du-roi-Untash-Napirisha\" >Estela del rey Untash-Napirisha<\/a><\/li><li class='ez-toc-page-1 ez-toc-heading-level-2'><a class=\"ez-toc-link ez-toc-heading-2\" href=\"https:\/\/mythslegendes.com\/es\/mitologia-elamita\/stele-du-roi-untash-napirisha\/#La-ceremonie-de-reconnaissance-dune-divinite-par-le-roi\" >La ceremonia de reconocimiento de una deidad por parte del rey.<\/a><\/li><li class='ez-toc-page-1 ez-toc-heading-level-2'><a class=\"ez-toc-link ez-toc-heading-3\" href=\"https:\/\/mythslegendes.com\/es\/mitologia-elamita\/stele-du-roi-untash-napirisha\/#Des-etre-surnaturels-protecteurs-de-la-nature\" >Seres sobrenaturales que protegen la naturaleza<\/a><\/li><\/ul><\/nav><\/div>\n<h2 class=\"wp-block-heading\"><span class=\"ez-toc-section\" id=\"Stele-du-roi-Untash-Napirisha\"><\/span>Estela del rey Untash-Napirisha<span class=\"ez-toc-section-end\"><\/span><\/h2>\n<p><\/p>\n<p>El rey Untash-Napirisha dedic\u00f3 esta estela al dios Inshushinak, a Al-Untash (actualmente Tchoga Zanbil), la nueva capital religiosa que hab\u00eda construido cuarenta kil\u00f3metros al sureste de Susa. Hizo de esta regi\u00f3n el coraz\u00f3n pol\u00edtico y religioso de Elam. La estela debe haber sido tra\u00edda a Susa por uno de sus sucesores en el siglo XII, probablemente Shutruk-Nahunte I. La decoraci\u00f3n se organiza en cuatro registros separados por un friso de guillochis. El conjunto est\u00e1 enmarcado por dos serpientes, cuyas cabezas se enfrentan en la parte superior.<\/p>\n<p><\/p>\n<h2 class=\"wp-block-heading\"><span class=\"ez-toc-section\" id=\"La-ceremonie-de-reconnaissance-dune-divinite-par-le-roi\"><\/span>La ceremonia de reconocimiento de una deidad por parte del rey.<span class=\"ez-toc-section-end\"><\/span><\/h2>\n<p><\/p>\n<p>En el registro superior, el dios Inshushinak recibe a Untash-Napirisha. La dedicatoria real est\u00e1 grabada en elamita entre los dos personajes. Ella nombra a Inshushinak dios de la llanura de Susian. El dios est\u00e1 sentado en un trono probablemente formado por serpientes enroscadas de las que sostiene una de las cabezas con cuernos. Tiene en sus manos la insignia de su poder: el anillo y el bast\u00f3n. Esta ceremonia de tradici\u00f3n mesopot\u00e1mica se presenta en un estilo elamita.<\/p>\n<p>animal favorito en <a href=\"https:\/\/mythslegendes.com\/es\/mitologia-del-gran-iran\/\">Ir\u00e1n<\/a>, la serpiente es considerada un principio de fertilidad. En el segundo milenio, estuvo estrechamente vinculado al \u201cdios de la serpiente y de las olas que brotan\u201d. Este principio divino corresponde a Enki\/Ea, el dios <a href=\"https:\/\/mythslegendes.com\/es\/mythes-et-legendes-de-mesopotamie-53\/\">mesopot\u00e1mico<\/a> agua subterr\u00e1nea. Las dos serpientes que recorren los bordes de la estela probablemente limitan el Apsu, una masa l\u00edquida de agua dulce que rodea el mundo y sobre la cual reina Enki.<\/p>\n<p>En el registro inferior, Untash-Napirisha est\u00e1 rodeado por su esposa Napir-Asu y probablemente su madre, la sacerdotisa U-tik, quienes acompa\u00f1an al soberano en el templo con motivo de esta ceremonia. Los nombres de las dos mujeres est\u00e1n inscritos en sus antebrazos, que sostienen cruzados sobre el est\u00f3mago en una actitud convencional a mediados del per\u00edodo elamita.<\/p>\n<p><\/p>\n<h2 class=\"wp-block-heading\"><span class=\"ez-toc-section\" id=\"Des-etre-surnaturels-protecteurs-de-la-nature\"><\/span>Seres sobrenaturales que protegen la naturaleza<span class=\"ez-toc-section-end\"><\/span><\/h2>\n<p><\/p>\n<p>En el tercer registro, una diosa menor, cuyo cuerpo termina en forma de cola de pez, rodea las olas que brotan de varios jarrones. Al perpetuar el ciclo del agua, enfatiza su papel beneficioso para la naturaleza, en particular la vegetaci\u00f3n, simbolizada por un \u00e1rbol estilizado en el registro inferior. Seres sobrenaturales, como esta diosa, pueblan el Apsu. Las olas aqu\u00ed tienen la apariencia de cuerdas, que recuerdan el cuerpo sinuoso del reptil.<\/p>\n<p>La pertenencia de estas deidades a la <a href=\"https:\/\/mythslegendes.com\/es\/\">mitolog\u00eda<\/a> Elamita se destaca por la oreja bovina que apunta detr\u00e1s de su cabello, sum\u00e1ndose a una oreja humana.<\/p>\n<p>Finalmente, en el \u00faltimo registro dos hombres muflones enmarcan un \u00e1rbol estilizado, s\u00edmbolo del mundo vegetal. Son los equivalentes a los toros. <a href=\"https:\/\/mythslegendes.com\/es\/mythes-et-legendes-de-mesopotamie-53\/\">mesopot\u00e1micos<\/a>. Quiz\u00e1s reemplacen aqu\u00ed a los ac\u00f3litos del dios Enki, h\u00e9roes desnudos que custodian sus dominios. Al monitorear las aguas subterr\u00e1neas, garantizan el desarrollo y protecci\u00f3n del \u00e1rbol sagrado, que corresponde a la vegetaci\u00f3n resultante de la acci\u00f3n ben\u00e9fica del agua.<\/p>\n<p>Estos dos \u00faltimos registros se caracterizan por una composici\u00f3n sim\u00e9trica.<\/p>\n<p><\/p>\t\t\t\t\t\t\t\t<\/div>\n\t\t\t\t<\/div>\n\t\t\t\t\t<\/div>\n\t\t<\/div>\n\t\t\t\t\t<\/div>\n\t\t<\/section>\n\t\t\t\t<\/div>","protected":false},"excerpt":{"rendered":"<p>Mythologie Elamite Wiki Cette st\u00e8le en quatre registres a \u00e9t\u00e9 commandit\u00e9e par le roi \u00e9lamite Untash-Napirisha pour la ville de &hellip; <\/p>","protected":false},"author":1,"featured_media":0,"parent":3066,"menu_order":0,"comment_status":"closed","ping_status":"closed","template":"","meta":{"footnotes":""},"class_list":["post-3076","page","type-page","status-publish","hentry"],"amp_enabled":true,"_links":{"self":[{"href":"https:\/\/mythslegendes.com\/es\/wp-json\/wp\/v2\/pages\/3076","targetHints":{"allow":["GET"]}}],"collection":[{"href":"https:\/\/mythslegendes.com\/es\/wp-json\/wp\/v2\/pages"}],"about":[{"href":"https:\/\/mythslegendes.com\/es\/wp-json\/wp\/v2\/types\/page"}],"author":[{"embeddable":true,"href":"https:\/\/mythslegendes.com\/es\/wp-json\/wp\/v2\/users\/1"}],"replies":[{"embeddable":true,"href":"https:\/\/mythslegendes.com\/es\/wp-json\/wp\/v2\/comments?post=3076"}],"version-history":[{"count":1,"href":"https:\/\/mythslegendes.com\/es\/wp-json\/wp\/v2\/pages\/3076\/revisions"}],"predecessor-version":[{"id":24876,"href":"https:\/\/mythslegendes.com\/es\/wp-json\/wp\/v2\/pages\/3076\/revisions\/24876"}],"up":[{"embeddable":true,"href":"https:\/\/mythslegendes.com\/es\/wp-json\/wp\/v2\/pages\/3066"}],"wp:attachment":[{"href":"https:\/\/mythslegendes.com\/es\/wp-json\/wp\/v2\/media?parent=3076"}],"curies":[{"name":"wp","href":"https:\/\/api.w.org\/{rel}","templated":true}]}}