{"id":3086,"date":"2020-07-23T17:19:47","date_gmt":"2020-07-23T16:19:47","guid":{"rendered":"https:\/\/mythslegendes.com\/?page_id=3086"},"modified":"2023-03-10T10:46:18","modified_gmt":"2023-03-10T10:46:18","slug":"mythologie-circassienne","status":"publish","type":"page","link":"https:\/\/mythslegendes.com\/es\/circo-mitologia\/","title":{"rendered":"Mitolog\u00eda circasiana"},"content":{"rendered":"<div data-elementor-type=\"wp-page\" data-elementor-id=\"3086\" class=\"elementor elementor-3086\">\n\t\t\t\t\t\t<section class=\"elementor-section elementor-top-section elementor-element elementor-element-b8a7c8c elementor-section-boxed elementor-section-height-default elementor-section-height-default\" data-id=\"b8a7c8c\" data-element_type=\"section\" data-e-type=\"section\">\n\t\t\t\t\t\t<div class=\"elementor-container elementor-column-gap-default\">\n\t\t\t\t\t<div class=\"elementor-column elementor-col-33 elementor-top-column elementor-element elementor-element-720ec55\" data-id=\"720ec55\" data-element_type=\"column\" data-e-type=\"column\">\n\t\t\t<div class=\"elementor-widget-wrap elementor-element-populated\">\n\t\t\t\t\t\t<div class=\"elementor-element elementor-element-7258d42 elementor-align-justify elementor-widget elementor-widget-button\" data-id=\"7258d42\" data-element_type=\"widget\" data-e-type=\"widget\" data-widget_type=\"button.default\">\n\t\t\t\t<div class=\"elementor-widget-container\">\n\t\t\t\t\t\t\t\t\t<div class=\"elementor-button-wrapper\">\n\t\t\t\t\t<a class=\"elementor-button elementor-button-link elementor-size-sm\" href=\"https:\/\/mythslegendes.com\/es\/mythes-et-legendes-de-perse-1542\/\">\n\t\t\t\t\t\t<span class=\"elementor-button-content-wrapper\">\n\t\t\t\t\t\t\t\t\t<span class=\"elementor-button-text\">Volver al Grupo Cultural<\/span>\n\t\t\t\t\t<\/span>\n\t\t\t\t\t<\/a>\n\t\t\t\t<\/div>\n\t\t\t\t\t\t\t\t<\/div>\n\t\t\t\t<\/div>\n\t\t\t\t\t<\/div>\n\t\t<\/div>\n\t\t\t\t<div class=\"elementor-column elementor-col-33 elementor-top-column elementor-element elementor-element-9895a87\" data-id=\"9895a87\" data-element_type=\"column\" data-e-type=\"column\">\n\t\t\t<div class=\"elementor-widget-wrap elementor-element-populated\">\n\t\t\t\t\t\t<div class=\"elementor-element elementor-element-74ff772 elementor-align-justify elementor-widget elementor-widget-button\" data-id=\"74ff772\" data-element_type=\"widget\" data-e-type=\"widget\" data-widget_type=\"button.default\">\n\t\t\t\t<div class=\"elementor-widget-container\">\n\t\t\t\t\t\t\t\t\t<div class=\"elementor-button-wrapper\">\n\t\t\t\t\t<a class=\"elementor-button elementor-button-link elementor-size-sm\" href=\"https:\/\/mythslegendes.com\/es\/bibliotecas-de-libros\/\">\n\t\t\t\t\t\t<span class=\"elementor-button-content-wrapper\">\n\t\t\t\t\t\t\t\t\t<span class=\"elementor-button-text\">Tienda dedicada<\/span>\n\t\t\t\t\t<\/span>\n\t\t\t\t\t<\/a>\n\t\t\t\t<\/div>\n\t\t\t\t\t\t\t\t<\/div>\n\t\t\t\t<\/div>\n\t\t\t\t\t<\/div>\n\t\t<\/div>\n\t\t\t\t<div class=\"elementor-column elementor-col-33 elementor-top-column elementor-element elementor-element-90ec0c8\" data-id=\"90ec0c8\" data-element_type=\"column\" data-e-type=\"column\">\n\t\t\t<div class=\"elementor-widget-wrap elementor-element-populated\">\n\t\t\t\t\t\t<div class=\"elementor-element elementor-element-b605a41 elementor-align-justify elementor-widget elementor-widget-button\" data-id=\"b605a41\" data-element_type=\"widget\" data-e-type=\"widget\" data-widget_type=\"button.default\">\n\t\t\t\t<div class=\"elementor-widget-container\">\n\t\t\t\t\t\t\t\t\t<div class=\"elementor-button-wrapper\">\n\t\t\t\t\t<a class=\"elementor-button elementor-button-link elementor-size-sm\" href=\"https:\/\/fr.wikipedia.org\/wiki\/Circassiens\" target=\"_blank\" rel=\"noopener\">\n\t\t\t\t\t\t<span class=\"elementor-button-content-wrapper\">\n\t\t\t\t\t\t\t\t\t<span class=\"elementor-button-text\">Wiki<\/span>\n\t\t\t\t\t<\/span>\n\t\t\t\t\t<\/a>\n\t\t\t\t<\/div>\n\t\t\t\t\t\t\t\t<\/div>\n\t\t\t\t<\/div>\n\t\t\t\t\t<\/div>\n\t\t<\/div>\n\t\t\t\t\t<\/div>\n\t\t<\/section>\n\t\t\t\t<section class=\"elementor-section elementor-top-section elementor-element elementor-element-5fa1e0a elementor-section-boxed elementor-section-height-default elementor-section-height-default\" data-id=\"5fa1e0a\" data-element_type=\"section\" data-e-type=\"section\">\n\t\t\t\t\t\t<div class=\"elementor-container elementor-column-gap-default\">\n\t\t\t\t\t<div class=\"elementor-column elementor-col-100 elementor-top-column elementor-element elementor-element-670b228\" data-id=\"670b228\" data-element_type=\"column\" data-e-type=\"column\">\n\t\t\t<div class=\"elementor-widget-wrap elementor-element-populated\">\n\t\t\t\t\t\t<div class=\"elementor-element elementor-element-ddeef2d elementor-widget elementor-widget-heading\" data-id=\"ddeef2d\" data-element_type=\"widget\" data-e-type=\"widget\" data-widget_type=\"heading.default\">\n\t\t\t\t<div class=\"elementor-widget-container\">\n\t\t\t\t\t<div id=\"ez-toc-container\" class=\"ez-toc-v2_0_82_2 counter-hierarchy ez-toc-counter ez-toc-grey ez-toc-container-direction\">\n<div class=\"ez-toc-title-container\">\n<p class=\"ez-toc-title\" style=\"cursor:inherit\">Contenido<\/p>\n<span class=\"ez-toc-title-toggle\"><a href=\"#\" class=\"ez-toc-pull-right ez-toc-btn ez-toc-btn-xs ez-toc-btn-default ez-toc-toggle\" aria-label=\"Alternar tabla de contenidos\"><span class=\"ez-toc-js-icon-con\"><span class=\"\"><span class=\"eztoc-hide\" style=\"display:none;\">Palanca<\/span><span class=\"ez-toc-icon-toggle-span\"><svg style=\"fill: #999;color:#999\" xmlns=\"http:\/\/www.w3.org\/2000\/svg\" class=\"list-377408\" width=\"20px\" height=\"20px\" viewbox=\"0 0 24 24\" fill=\"none\"><path d=\"M6 6H4v2h2V6zm14 0H8v2h12V6zM4 11h2v2H4v-2zm16 0H8v2h12v-2zM4 16h2v2H4v-2zm16 0H8v2h12v-2z\" fill=\"currentColor\"><\/path><\/svg><svg style=\"fill: #999;color:#999\" class=\"arrow-unsorted-368013\" xmlns=\"http:\/\/www.w3.org\/2000\/svg\" width=\"10px\" height=\"10px\" viewbox=\"0 0 24 24\" version=\"1.2\" baseprofile=\"tiny\"><path d=\"M18.2 9.3l-6.2-6.3-6.2 6.3c-.2.2-.3.4-.3.7s.1.5.3.7c.2.2.4.3.7.3h11c.3 0 .5-.1.7-.3.2-.2.3-.5.3-.7s-.1-.5-.3-.7zM5.8 14.7l6.2 6.3 6.2-6.3c.2-.2.3-.5.3-.7s-.1-.5-.3-.7c-.2-.2-.4-.3-.7-.3h-11c-.3 0-.5.1-.7.3-.2.2-.3.5-.3.7s.1.5.3.7z\"\/><\/svg><\/span><\/span><\/span><\/a><\/span><\/div>\n<nav><ul class='ez-toc-list ez-toc-list-level-1' ><li class='ez-toc-page-1 ez-toc-heading-level-2'><a class=\"ez-toc-link ez-toc-heading-1\" href=\"https:\/\/mythslegendes.com\/es\/circo-mitologia\/#Mythologie-circassienne\" >Mitolog\u00eda circasiana<\/a><\/li><li class='ez-toc-page-1 ez-toc-heading-level-2'><a class=\"ez-toc-link ez-toc-heading-2\" href=\"https:\/\/mythslegendes.com\/es\/circo-mitologia\/#Livres-sur-la-mythologie-Perse-Caucase\" >Libros sobre la mitolog\u00eda persa-cauc\u00e1sica<\/a><\/li><\/ul><\/nav><\/div>\n<h2 class=\"elementor-heading-title elementor-size-default\"><span class=\"ez-toc-section\" id=\"Mythologie-circassienne\"><\/span>Mitolog\u00eda circasiana<span class=\"ez-toc-section-end\"><\/span><\/h2>\t\t\t\t<\/div>\n\t\t\t\t<\/div>\n\t\t\t\t\t<\/div>\n\t\t<\/div>\n\t\t\t\t\t<\/div>\n\t\t<\/section>\n\t\t\t\t<section class=\"elementor-section elementor-top-section elementor-element elementor-element-3ec4b672 elementor-section-boxed elementor-section-height-default elementor-section-height-default\" data-id=\"3ec4b672\" data-element_type=\"section\" data-e-type=\"section\">\n\t\t\t\t\t\t<div class=\"elementor-container elementor-column-gap-default\">\n\t\t\t\t\t<div class=\"elementor-column elementor-col-100 elementor-top-column elementor-element elementor-element-41a53ba6\" data-id=\"41a53ba6\" data-element_type=\"column\" data-e-type=\"column\">\n\t\t\t<div class=\"elementor-widget-wrap elementor-element-populated\">\n\t\t\t\t\t\t<div class=\"elementor-element elementor-element-16a4fc6e elementor-widget elementor-widget-text-editor\" data-id=\"16a4fc6e\" data-element_type=\"widget\" data-e-type=\"widget\" data-widget_type=\"text-editor.default\">\n\t\t\t\t<div class=\"elementor-widget-container\">\n\t\t\t\t\t\t\t\t\t<p><\/p>\n<p>los <strong>Adygues<\/strong> D\u00f3nde <strong>Circasianos<\/strong> o <strong>Circasianos<\/strong>, son un pueblo del noroeste del C\u00e1ucaso. sus mitos y <a href=\"https:\/\/mythslegendes.com\/es\/\">leyendas<\/a> est\u00e1n reunidos en el <a href=\"https:\/\/mythslegendes.com\/es\/\">mitolog\u00eda<\/a> circo.<\/p>\n<p><\/p>\n<p><\/p>\n<p>Los adiguos emergieron alrededor de la X<sup>mi<\/sup>\u00a0siglo, como una entidad ling\u00fc\u00edstica y cultural que nunca estuvo unida pol\u00edticamente. Su falta de unidad redujo su influencia en la regi\u00f3n y su capacidad para luchar contra las frecuentes incursiones de los hunos, \u00e1varos, <a href=\"https:\/\/mythslegendes.com\/es\/mitologia-escita\/\">Alanos<\/a>, pechenegos, cumanos, j\u00e1zaros y <a href=\"https:\/\/mythslegendes.com\/es\/mythes-et-legendes-mongoles-1736\/\">mongoles<\/a>. A partir de <abbr title=\"siglo 16\">XVI<sup>mi<\/sup><\/abbr>\u00a0siglo pasaron bajo el protectorado otomano pero conservaron su autonom\u00eda, sus costumbres locales y su estructura social en clanes (<em>tlapq<\/em>).<\/p>\n<p><\/p>\n<p><\/p>\n<p>Esta falta de unidad le costar\u00e1 a los adiguanos su independencia; su territorio ser\u00e1 transferido gradualmente a los cosacos del Imperio Ruso como recompensa por su apoyo a Catalina II (1764-1775), como parte de los enfrentamientos con el Imperio Otomano a finales del siglo XVIII.<sup>mi<\/sup>\u00a0siglo y durante la primera mitad del XIX<sup>mi<\/sup>\u00a0siglo.<\/p>\n<p>Despu\u00e9s de la guerra de Crimea, los rusos atacaron a los chechenos e ingushes y luego subyugaron al Imam Shamil en el C\u00e1ucaso oriental en 1859, despu\u00e9s de lo cual se dispusieron, en 1864, a <em>pacificar<\/em> los Adygues, como escribieron los peri\u00f3dicos occidentales: era, de hecho, sedentarizarlos por la fuerza, confiscar sus reba\u00f1os y sus tierras en beneficio de los colonos rusos y expulsar al Imperio Otomano, deportarlos en Asia Central o masacrarlos. el recalcitrante y rebelde.<\/p>\n<p><\/p>\n<p><\/p>\n<p>El 21 de mayo de 1864 es la fecha elegida por los adigue\u00f1os (o circasianos) para conmemorar, en todo el mundo, el tr\u00e1gico aniversario de su expulsi\u00f3n del C\u00e1ucaso por parte de los rusos, principalmente en relaci\u00f3n con los pueblos circasianos (adigue\u00f1os), los oubykhs, los abjasios. , exilio que comenzar\u00e1 en 1864 y que terminar\u00e1 principalmente en 1867.<\/p>\n<p><img decoding=\"async\" class=\"alignnone wp-image-5284 size-full\" src=\"https:\/\/mythslegendes.com\/wp-content\/uploads\/2020\/09\/AlphaOmega-e1602613368367.png\" alt=\"mitolog\u00eda circasiana narte\" width=\"25\" height=\"26\" title=\"\"><\/p>\n<p><\/p>\n<p><\/p>\n<ul class=\"wp-block-list\">\n<li><strong><a href=\"http:\/\/tcherkesse.free.fr\/tradition\/adyga_tradition.html\" target=\"_blank\" rel=\"noopener\">Tradici\u00f3n habza<\/a><\/strong><\/li>\n<li><strong><a href=\"http:\/\/tcherkesse.free.fr\/folklore\/armurerie.html\" target=\"_blank\" rel=\"noopener\">El arte de la guerra<\/a><\/strong><\/li>\n<li><strong><a href=\"https:\/\/www.circassianworld.com\/circassians\/mythology\/1334-prometheus-among-the-circassians-by-john-colarusso\" target=\"_blank\" rel=\"noopener\">El mito de Prometeo<\/a><\/strong><\/li>\n<li><strong><a href=\"https:\/\/www.circassianworld.com\/circassians\/mythology\/1191-forest-of-circassia\" target=\"_blank\" rel=\"noopener\">Mitos de los bosques circasianos<\/a><\/strong><\/li>\n<li><strong><a href=\"https:\/\/www.circassianworld.com\/circassians\/mythology\/1188-hantse-guashe\" target=\"_blank\" rel=\"noopener\">Hantse Guashe<\/a><\/strong><\/li>\n<li><strong><a href=\"https:\/\/www.circassianworld.com\/circassians\/mythology\/1189-satanaya-cycle-colarusso\" target=\"_blank\" rel=\"noopener\">El ciclo de Satanaya<\/a><\/strong><\/li>\n<li><strong><a href=\"https:\/\/www.circassianworld.com\/circassians\/mythology\/1186-abriskil-by-shinkuba\" target=\"_blank\" rel=\"noopener\">El mito de Abriskil<\/a><\/strong><\/li>\n<li><strong><a href=\"http:\/\/assets.press.princeton.edu\/chapters\/i10766.pdf\" target=\"_blank\" rel=\"noopener\">La epopeya de los Nartes<\/a><\/strong><\/li>\n<li><a href=\"https:\/\/en.wikipedia.org\/wiki\/Adyghe_Xabze\" target=\"_blank\" rel=\"noopener\"><b>Adygh\u00e9 Xabze<\/b><\/a><\/li>\n<\/ul>\n<p><\/p>\n<p><\/p>\n<p><\/p>\t\t\t\t\t\t\t\t<\/div>\n\t\t\t\t<\/div>\n\t\t\t\t\t<\/div>\n\t\t<\/div>\n\t\t\t\t\t<\/div>\n\t\t<\/section>\n\t\t\t\t<section class=\"elementor-section elementor-top-section elementor-element elementor-element-a338f44 elementor-section-boxed elementor-section-height-default elementor-section-height-default\" data-id=\"a338f44\" data-element_type=\"section\" data-e-type=\"section\">\n\t\t\t\t\t\t<div class=\"elementor-container elementor-column-gap-default\">\n\t\t\t\t\t<div class=\"elementor-column elementor-col-100 elementor-top-column elementor-element elementor-element-1b96f89\" data-id=\"1b96f89\" data-element_type=\"column\" data-e-type=\"column\">\n\t\t\t<div class=\"elementor-widget-wrap elementor-element-populated\">\n\t\t\t\t\t\t<div class=\"elementor-element elementor-element-4ece7d9 elementor-widget elementor-widget-heading\" data-id=\"4ece7d9\" data-element_type=\"widget\" data-e-type=\"widget\" data-widget_type=\"heading.default\">\n\t\t\t\t<div class=\"elementor-widget-container\">\n\t\t\t\t\t<h2 class=\"elementor-heading-title elementor-size-default\"><span class=\"ez-toc-section\" id=\"Livres-sur-la-mythologie-Perse-Caucase\"><\/span>Libros sobre la mitolog\u00eda persa-cauc\u00e1sica<span class=\"ez-toc-section-end\"><\/span><\/h2>\t\t\t\t<\/div>\n\t\t\t\t<\/div>\n\t\t\t\t\t<\/div>\n\t\t<\/div>\n\t\t\t\t\t<\/div>\n\t\t<\/section>\n\t\t\t\t<section class=\"elementor-section elementor-top-section elementor-element elementor-element-3f5481c elementor-section-boxed elementor-section-height-default elementor-section-height-default\" data-id=\"3f5481c\" data-element_type=\"section\" data-e-type=\"section\">\n\t\t\t\t\t\t<div class=\"elementor-container elementor-column-gap-default\">\n\t\t\t\t\t<div class=\"elementor-column elementor-col-100 elementor-top-column elementor-element elementor-element-fb6c7ca\" data-id=\"fb6c7ca\" data-element_type=\"column\" data-e-type=\"column\">\n\t\t\t<div class=\"elementor-widget-wrap elementor-element-populated\">\n\t\t\t\t\t\t<div class=\"elementor-element elementor-element-fc0a26f elementor-widget elementor-widget-text-editor\" data-id=\"fc0a26f\" data-element_type=\"widget\" data-e-type=\"widget\" data-widget_type=\"text-editor.default\">\n\t\t\t\t<div class=\"elementor-widget-container\">\n\t\t\t\t\t\t\t\t\t<p>C\u00f3mics \/ Ilustrados:<\/p>\n<p>En franc\u00e9s :<\/p>\n<ul>\n<li><a href=\"https:\/\/www.amazon.fr\/dp\/222622047X?&amp;linkCode=sl1&amp;tag=mythscience-21&amp;linkId=40bdf14c6bd71d939a5dfac1e03baaa0&amp;language=fr_FR&amp;ref_=as_li_ss_tl\" target=\"_blank\" rel=\"noopener\">Los Gathas: El Libro Sublime de Zaratustra<\/a><\/li>\n<li><a href=\"https:\/\/www.amazon.fr\/Mille-une-nuits-1\/dp\/2080712004?&amp;linkCode=sl1&amp;tag=mythscience-21&amp;linkId=14c2756ec1ca3d104bec51f79553e986&amp;language=fr_FR&amp;ref_=as_li_ss_tl\" target=\"_blank\" rel=\"noopener\">Las mil y una noches tomo 1<\/a><\/li>\n<li><a href=\"https:\/\/www.amazon.fr\/Mille-une-nuits-2\/dp\/2080712012?&amp;linkCode=sl1&amp;tag=mythscience-21&amp;linkId=c017c0fe0ea77f3ea146eff2acab509b&amp;language=fr_FR&amp;ref_=as_li_ss_tl\" target=\"_blank\" rel=\"noopener\">Las mil y una noches tomo 2<\/a><\/li>\n<li><a href=\"https:\/\/www.amazon.fr\/dp\/2080712020?&amp;linkCode=sl1&amp;tag=mythscience-21&amp;linkId=f35cde6584a81b60524744c2bed11c47&amp;language=fr_FR&amp;ref_=as_li_ss_tl\" target=\"_blank\" rel=\"noopener\">Las mil y una noches, tomo 3<\/a><\/li>\n<li><a href=\"https:\/\/www.amazon.fr\/dp\/2020826747?&amp;linkCode=ll1&amp;tag=mythscience-21&amp;linkId=22ec40209879f56fa52138df6e5d6540&amp;language=fr_FR&amp;ref_=as_li_ss_tl\" target=\"_blank\" rel=\"noopener\">Mani y la tradici\u00f3n maniquea<\/a><\/li>\n<li><a href=\"https:\/\/www.amazon.fr\/Jardins-lumi%C3%A8re-Amin-Maalouf\/dp\/2253061778?&amp;linkCode=sl1&amp;tag=mythscience-21&amp;linkId=330342fa90ce7d1a906a398cce4955d6&amp;language=fr_FR&amp;ref_=as_li_ss_tl\" target=\"_blank\" rel=\"noopener\">Los Jardines de la Luz<\/a><\/li>\n<li><a href=\"https:\/\/www.amazon.fr\/dp\/2262075972?&amp;linkCode=sl1&amp;tag=mythscience-21&amp;linkId=fccdc71d200bf465a70662cc473d3d4f&amp;language=fr_FR&amp;ref_=as_li_ss_tl\" target=\"_blank\" rel=\"noopener\">Ir\u00e1n, una historia de 4000 a\u00f1os<\/a><\/li>\n<li><a href=\"https:\/\/www.amazon.fr\/dp\/2070716465?&amp;linkCode=ll1&amp;tag=mythscience-21&amp;linkId=a6a358993f23db0ece7f2fd33b8e0c30&amp;language=fr_FR&amp;ref_=as_li_ss_tl\" target=\"_blank\" rel=\"noopener\">El libro de los h\u00e9roes<\/a><\/li>\n<li><a href=\"https:\/\/www.amazon.fr\/dp\/2070742768?&amp;linkCode=ll1&amp;tag=mythscience-21&amp;linkId=26101cb9016a649fb55013bf2f130f23&amp;language=fr_FR&amp;ref_=as_li_ss_tl\" target=\"_blank\" rel=\"noopener\">El Libro de Dede Korkut en el idioma del pueblo Oghuz<\/a><\/li>\n<li><a href=\"https:\/\/www.amazon.fr\/dp\/2081344610?&amp;linkCode=sl1&amp;tag=mythscience-21&amp;linkId=98eb9e2fdd51e12de5026cbba1079cc5&amp;language=fr_FR&amp;ref_=as_li_ss_tl\" target=\"_blank\" rel=\"noopener\">15 Cuentos de Armenia<\/a><\/li>\n<li><a href=\"https:\/\/www.amazon.fr\/dp\/2719107948?&amp;linkCode=ll1&amp;tag=mythscience-21&amp;linkId=98365bd6e6069b0860ab4f2c650a4ab6&amp;language=fr_FR&amp;ref_=as_li_ss_tl\" target=\"_blank\" rel=\"noopener\">Cuentos de Armenia: \u00e9pica, cuentos populares y leyendas<\/a><\/li>\n<li><a href=\"https:\/\/www.amazon.fr\/dp\/2226172033?&amp;linkCode=ll1&amp;tag=mythscience-21&amp;linkId=71ae7b3c6099b84a91e9be3a253ba65a&amp;language=fr_FR&amp;ref_=as_li_ss_tl\" target=\"_blank\" rel=\"noopener\">La leyenda armenia de David de Sassoun<\/a><\/li>\n<\/ul>\n<p>Solo en ingles:<\/p>\n<ul>\n<li><a href=\"https:\/\/www.amazon.fr\/dp\/B083XQ1MJC?&amp;linkCode=sl1&amp;tag=mythscience-21&amp;linkId=7533b2da7efa984dd75c1dbf59fe2781&amp;language=fr_FR&amp;ref_=as_li_ss_tl\" target=\"_blank\" rel=\"noopener\">Cuentos del Punjab<\/a><\/li>\n<li><a href=\"https:\/\/www.amazon.fr\/dp\/1794165916?&amp;linkCode=sl1&amp;tag=mythscience-21&amp;linkId=0691f3756390f3ea3b61a71e2947c66e&amp;language=fr_FR&amp;ref_=as_li_ss_tl\" target=\"_blank\" rel=\"noopener\">Mesopotamia: una gu\u00eda fascinante de la historia y las civilizaciones de la antigua Mesopotamia<\/a><\/li>\n<li><a href=\"https:\/\/www.amazon.fr\/Legends-Caucasus-David-Hunt\/dp\/0863564739?_encoding=UTF8&amp;qid=&amp;sr=&amp;linkCode=sl1&amp;tag=mythscience-21&amp;linkId=948a8a9fad0dcbbd1e803a2f1f206d4d&amp;language=fr_FR&amp;ref_=as_li_ss_tl\" target=\"_blank\" rel=\"noopener\">Leyendas del C\u00e1ucaso (Edici\u00f3n en Espa\u00f1ol)<\/a><\/li>\n<li><a href=\"https:\/\/www.amazon.fr\/Nart-Sagas-Legends-Ancient-Caucasus\/dp\/0691169144?&amp;linkCode=sl1&amp;tag=mythscience-21&amp;linkId=d500d2f590d0370fc71ad1b5f4fe81f6&amp;language=fr_FR&amp;ref_=as_li_ss_tl\" target=\"_blank\" rel=\"noopener\">Nart Sagas \u2013 Mitos y Leyendas del C\u00e1ucaso Antiguo<\/a><\/li>\n<\/ul>\t\t\t\t\t\t\t\t<\/div>\n\t\t\t\t<\/div>\n\t\t\t\t\t<\/div>\n\t\t<\/div>\n\t\t\t\t\t<\/div>\n\t\t<\/section>\n\t\t\t\t<\/div>","protected":false},"excerpt":{"rendered":"<p>Retour au Groupe Culturel Boutique D\u00e9di\u00e9e Wiki Mythologie circassienne Les Adygu\u00e9ens ou Tcherkesses ou encore Circassiens, sont un peuple du &hellip; <\/p>","protected":false},"author":1,"featured_media":0,"parent":0,"menu_order":1,"comment_status":"closed","ping_status":"closed","template":"","meta":{"footnotes":""},"class_list":["post-3086","page","type-page","status-publish","hentry"],"amp_enabled":true,"_links":{"self":[{"href":"https:\/\/mythslegendes.com\/es\/wp-json\/wp\/v2\/pages\/3086","targetHints":{"allow":["GET"]}}],"collection":[{"href":"https:\/\/mythslegendes.com\/es\/wp-json\/wp\/v2\/pages"}],"about":[{"href":"https:\/\/mythslegendes.com\/es\/wp-json\/wp\/v2\/types\/page"}],"author":[{"embeddable":true,"href":"https:\/\/mythslegendes.com\/es\/wp-json\/wp\/v2\/users\/1"}],"replies":[{"embeddable":true,"href":"https:\/\/mythslegendes.com\/es\/wp-json\/wp\/v2\/comments?post=3086"}],"version-history":[{"count":10,"href":"https:\/\/mythslegendes.com\/es\/wp-json\/wp\/v2\/pages\/3086\/revisions"}],"predecessor-version":[{"id":27984,"href":"https:\/\/mythslegendes.com\/es\/wp-json\/wp\/v2\/pages\/3086\/revisions\/27984"}],"wp:attachment":[{"href":"https:\/\/mythslegendes.com\/es\/wp-json\/wp\/v2\/media?parent=3086"}],"curies":[{"name":"wp","href":"https:\/\/api.w.org\/{rel}","templated":true}]}}