{"id":309,"date":"2019-10-18T10:44:10","date_gmt":"2019-10-18T09:44:10","guid":{"rendered":"https:\/\/mythslegendes.com\/?page_id=309"},"modified":"2022-12-03T22:06:51","modified_gmt":"2022-12-03T22:06:51","slug":"ankou","status":"publish","type":"page","link":"https:\/\/mythslegendes.com\/es\/mitologia-bretona\/ankou\/","title":{"rendered":"Ankou"},"content":{"rendered":"<div data-elementor-type=\"wp-page\" data-elementor-id=\"309\" class=\"elementor elementor-309\">\n\t\t\t\t\t\t<section class=\"elementor-section elementor-top-section elementor-element elementor-element-ece9505 elementor-section-boxed elementor-section-height-default elementor-section-height-default\" data-id=\"ece9505\" data-element_type=\"section\" data-e-type=\"section\">\n\t\t\t\t\t\t<div class=\"elementor-container elementor-column-gap-default\">\n\t\t\t\t\t<div class=\"elementor-column elementor-col-50 elementor-top-column elementor-element elementor-element-709070b\" data-id=\"709070b\" data-element_type=\"column\" data-e-type=\"column\">\n\t\t\t<div class=\"elementor-widget-wrap elementor-element-populated\">\n\t\t\t\t\t\t<div class=\"elementor-element elementor-element-8cf79e0 elementor-align-justify elementor-widget elementor-widget-button\" data-id=\"8cf79e0\" data-element_type=\"widget\" data-e-type=\"widget\" data-widget_type=\"button.default\">\n\t\t\t\t<div class=\"elementor-widget-container\">\n\t\t\t\t\t\t\t\t\t<div class=\"elementor-button-wrapper\">\n\t\t\t\t\t<a class=\"elementor-button elementor-button-link elementor-size-sm\" href=\"https:\/\/mythslegendes.com\/es\/mitologia-bretona\/\">\n\t\t\t\t\t\t<span class=\"elementor-button-content-wrapper\">\n\t\t\t\t\t\t\t\t\t<span class=\"elementor-button-text\">Mitolog\u00eda bretona<\/span>\n\t\t\t\t\t<\/span>\n\t\t\t\t\t<\/a>\n\t\t\t\t<\/div>\n\t\t\t\t\t\t\t\t<\/div>\n\t\t\t\t<\/div>\n\t\t\t\t\t<\/div>\n\t\t<\/div>\n\t\t\t\t<div class=\"elementor-column elementor-col-50 elementor-top-column elementor-element elementor-element-29a2657\" data-id=\"29a2657\" data-element_type=\"column\" data-e-type=\"column\">\n\t\t\t<div class=\"elementor-widget-wrap elementor-element-populated\">\n\t\t\t\t\t\t<div class=\"elementor-element elementor-element-b9555b8 elementor-align-justify elementor-widget elementor-widget-button\" data-id=\"b9555b8\" data-element_type=\"widget\" data-e-type=\"widget\" data-widget_type=\"button.default\">\n\t\t\t\t<div class=\"elementor-widget-container\">\n\t\t\t\t\t\t\t\t\t<div class=\"elementor-button-wrapper\">\n\t\t\t\t\t<a class=\"elementor-button elementor-button-link elementor-size-sm\" href=\"https:\/\/fr.wikipedia.org\/wiki\/Mythologie_bretonne\" target=\"_blank\" rel=\"noopener\">\n\t\t\t\t\t\t<span class=\"elementor-button-content-wrapper\">\n\t\t\t\t\t\t\t\t\t<span class=\"elementor-button-text\">Wiki<\/span>\n\t\t\t\t\t<\/span>\n\t\t\t\t\t<\/a>\n\t\t\t\t<\/div>\n\t\t\t\t\t\t\t\t<\/div>\n\t\t\t\t<\/div>\n\t\t\t\t\t<\/div>\n\t\t<\/div>\n\t\t\t\t\t<\/div>\n\t\t<\/section>\n\t\t\t\t<section class=\"elementor-section elementor-top-section elementor-element elementor-element-2c16d5a5 elementor-section-boxed elementor-section-height-default elementor-section-height-default\" data-id=\"2c16d5a5\" data-element_type=\"section\" data-e-type=\"section\">\n\t\t\t\t\t\t<div class=\"elementor-container elementor-column-gap-default\">\n\t\t\t\t\t<div class=\"elementor-column elementor-col-100 elementor-top-column elementor-element elementor-element-1b31305c\" data-id=\"1b31305c\" data-element_type=\"column\" data-e-type=\"column\">\n\t\t\t<div class=\"elementor-widget-wrap elementor-element-populated\">\n\t\t\t\t\t\t<div class=\"elementor-element elementor-element-7f946703 elementor-widget elementor-widget-text-editor\" data-id=\"7f946703\" data-element_type=\"widget\" data-e-type=\"widget\" data-widget_type=\"text-editor.default\">\n\t\t\t\t<div class=\"elementor-widget-container\">\n\t\t\t\t\t\t\t\t\t\n<p>Ankou (an Anko\u00f9) es la personificaci\u00f3n de la muerte en la Baja Breta\u00f1a.<\/p>\n<p><img decoding=\"async\" class=\"alignnone wp-image-5284 size-full\" src=\"https:\/\/mythslegendes.com\/wp-content\/uploads\/2020\/09\/AlphaOmega-e1602613368367.png\" alt=\"Ankou\" width=\"25\" height=\"26\" title=\"\"><\/p>\n<div id=\"ez-toc-container\" class=\"ez-toc-v2_0_82_2 counter-hierarchy ez-toc-counter ez-toc-grey ez-toc-container-direction\">\n<div class=\"ez-toc-title-container\">\n<p class=\"ez-toc-title\" style=\"cursor:inherit\">Contenido<\/p>\n<span class=\"ez-toc-title-toggle\"><a href=\"#\" class=\"ez-toc-pull-right ez-toc-btn ez-toc-btn-xs ez-toc-btn-default ez-toc-toggle\" aria-label=\"Alternar tabla de contenidos\"><span class=\"ez-toc-js-icon-con\"><span class=\"\"><span class=\"eztoc-hide\" style=\"display:none;\">Palanca<\/span><span class=\"ez-toc-icon-toggle-span\"><svg style=\"fill: #999;color:#999\" xmlns=\"http:\/\/www.w3.org\/2000\/svg\" class=\"list-377408\" width=\"20px\" height=\"20px\" viewbox=\"0 0 24 24\" fill=\"none\"><path d=\"M6 6H4v2h2V6zm14 0H8v2h12V6zM4 11h2v2H4v-2zm16 0H8v2h12v-2zM4 16h2v2H4v-2zm16 0H8v2h12v-2z\" fill=\"currentColor\"><\/path><\/svg><svg style=\"fill: #999;color:#999\" class=\"arrow-unsorted-368013\" xmlns=\"http:\/\/www.w3.org\/2000\/svg\" width=\"10px\" height=\"10px\" viewbox=\"0 0 24 24\" version=\"1.2\" baseprofile=\"tiny\"><path d=\"M18.2 9.3l-6.2-6.3-6.2 6.3c-.2.2-.3.4-.3.7s.1.5.3.7c.2.2.4.3.7.3h11c.3 0 .5-.1.7-.3.2-.2.3-.5.3-.7s-.1-.5-.3-.7zM5.8 14.7l6.2 6.3 6.2-6.3c.2-.2.3-.5.3-.7s-.1-.5-.3-.7c-.2-.2-.4-.3-.7-.3h-11c-.3 0-.5.1-.7.3-.2.2-.3.5-.3.7s.1.5.3.7z\"\/><\/svg><\/span><\/span><\/span><\/a><\/span><\/div>\n<nav><ul class='ez-toc-list ez-toc-list-level-1' ><li class='ez-toc-page-1 ez-toc-heading-level-2'><a class=\"ez-toc-link ez-toc-heading-1\" href=\"https:\/\/mythslegendes.com\/es\/mitologia-bretona\/ankou\/#Ankou\" >Ankou<\/a><\/li><\/ul><\/nav><\/div>\n<h2><span class=\"ez-toc-section\" id=\"Ankou\"><\/span>Ankou<span class=\"ez-toc-section-end\"><\/span><\/h2>\n\n<p>No representa a la Muerte en s\u00ed misma, sino a su sirviente: su papel es recoger en su carro chirriante (karr an Anko\u00f9, karrigell an Anko\u00f9, karrik an Anko\u00f9) las almas de los reci\u00e9n fallecidos. Cuando una persona viva escucha el sonido del carro (\u00a1peluca, menea!), Es porque \u00e9l (o seg\u00fan otra versi\u00f3n, alguien a su alrededor) pronto pasar\u00e1 de la vida a la muerte. Tambi\u00e9n se dice que quien ve el Ankou muere dentro de un a\u00f1o.<\/p>\n\n<p>As\u00ed es como lo describe Anatole Le Braz en su colecci\u00f3n de <a href=\"https:\/\/mythslegendes.com\/es\/\">leyendas<\/a> los<br \/><a href=\"https:\/\/mythslegendes.com\/es\/\">Leyenda<\/a> de la muerte :<\/p>\n\n<p class=\"has-text-align-justify\">\u201cEl Ankou es el trabajador de la muerte (oberour ar maro). La \u00faltima muerte del a\u00f1o, en cada parroquia, se convierte en el Ankou de esa parroquia para el a\u00f1o siguiente. Cuando hubo m\u00e1s muertes durante el a\u00f1o de lo habitual, decimos, hablando del Ankou en funci\u00f3n:<\/p>\n\n<ul class=\"wp-block-list\">\n<li>War ma f\u00e9, heman zo eun Anko drouk. (Por mi fe, este es un Ankou malo).<\/li>\n<\/ul>\n\n<p class=\"has-text-align-justify\">A veces se representa al Ankou como un hombre muy alto y muy delgado, con el pelo largo y blanco, su rostro sombreado por un gran rotulador; a veces en forma de esqueleto envuelto en un sudario, y cuya cabeza gira incesantemente en lo alto de la columna vertebral, as\u00ed como una veleta alrededor de su barra de hierro, de modo que puede abrazar de un solo vistazo toda la regi\u00f3n que tiene la misi\u00f3n que cubrir.<\/p>\n\n<p class=\"has-text-align-justify\">En cualquier caso, tiene una guada\u00f1a en la mano. Esto se diferencia de las falsificaciones ordinarias en que tiene la ventaja. As\u00ed que el Ankou no la trae de vuelta a s\u00ed mismo cuando est\u00e1 cortando el c\u00e9sped; a diferencia de los segadores de heno y de trigo, lo lanza hacia adelante. &quot;<\/p>\n\n<p class=\"has-text-align-justify\">Por lo tanto, el Ankou es un ser en movimiento, un relevo pasado cada a\u00f1o por el \u00faltimo fallecido en diciembre. Gr\u00e1ficamente se le representa como un ser sin edad, no distinto en apariencia ya que est\u00e1 cubierto por una capa, a menudo negra (o un sudario). A diferencia de las representaciones esquel\u00e9ticas de la Muerte, el Ankou se representa la mayor parte del tiempo como un ser de carne, ya que una vez fue un hombre. Sin embargo, las figuras esculpidas del Ankou en ciertas iglesias (La Martyre) lo presentan como un esqueleto con \u00f3rbitas huecas, armado con una flecha o una guada\u00f1a.<\/p>\n\t\t\t\t\t\t\t\t<\/div>\n\t\t\t\t<\/div>\n\t\t\t\t\t<\/div>\n\t\t<\/div>\n\t\t\t\t\t<\/div>\n\t\t<\/section>\n\t\t\t\t<\/div>","protected":false},"excerpt":{"rendered":"<p>Breton Mythology Wiki Ankou (an Anko\u00f9) es la personificaci\u00f3n de la Muerte en la Baja Breta\u00f1a. Ankou no representa a la... <\/p>","protected":false},"author":1,"featured_media":310,"parent":96,"menu_order":0,"comment_status":"closed","ping_status":"closed","template":"","meta":{"footnotes":""},"class_list":["post-309","page","type-page","status-publish","has-post-thumbnail","hentry"],"amp_enabled":true,"_links":{"self":[{"href":"https:\/\/mythslegendes.com\/es\/wp-json\/wp\/v2\/pages\/309","targetHints":{"allow":["GET"]}}],"collection":[{"href":"https:\/\/mythslegendes.com\/es\/wp-json\/wp\/v2\/pages"}],"about":[{"href":"https:\/\/mythslegendes.com\/es\/wp-json\/wp\/v2\/types\/page"}],"author":[{"embeddable":true,"href":"https:\/\/mythslegendes.com\/es\/wp-json\/wp\/v2\/users\/1"}],"replies":[{"embeddable":true,"href":"https:\/\/mythslegendes.com\/es\/wp-json\/wp\/v2\/comments?post=309"}],"version-history":[{"count":1,"href":"https:\/\/mythslegendes.com\/es\/wp-json\/wp\/v2\/pages\/309\/revisions"}],"predecessor-version":[{"id":24492,"href":"https:\/\/mythslegendes.com\/es\/wp-json\/wp\/v2\/pages\/309\/revisions\/24492"}],"up":[{"embeddable":true,"href":"https:\/\/mythslegendes.com\/es\/wp-json\/wp\/v2\/pages\/96"}],"wp:featuredmedia":[{"embeddable":true,"href":"https:\/\/mythslegendes.com\/es\/wp-json\/wp\/v2\/media\/310"}],"wp:attachment":[{"href":"https:\/\/mythslegendes.com\/es\/wp-json\/wp\/v2\/media?parent=309"}],"curies":[{"name":"wp","href":"https:\/\/api.w.org\/{rel}","templated":true}]}}