{"id":3101,"date":"2020-07-24T08:46:23","date_gmt":"2020-07-24T07:46:23","guid":{"rendered":"https:\/\/mythslegendes.com\/?page_id=3101"},"modified":"2022-12-03T22:07:50","modified_gmt":"2022-12-03T22:07:50","slug":"shahmeran","status":"publish","type":"page","link":"https:\/\/mythslegendes.com\/es\/mitologia-kurda\/shahmeran\/","title":{"rendered":"Shahmeran"},"content":{"rendered":"<div data-elementor-type=\"wp-page\" data-elementor-id=\"3101\" class=\"elementor elementor-3101\">\n\t\t\t\t\t\t<section class=\"elementor-section elementor-top-section elementor-element elementor-element-06f46dc elementor-section-boxed elementor-section-height-default elementor-section-height-default\" data-id=\"06f46dc\" data-element_type=\"section\" data-e-type=\"section\">\n\t\t\t\t\t\t<div class=\"elementor-container elementor-column-gap-default\">\n\t\t\t\t\t<div class=\"elementor-column elementor-col-50 elementor-top-column elementor-element elementor-element-dd55e10\" data-id=\"dd55e10\" data-element_type=\"column\" data-e-type=\"column\">\n\t\t\t<div class=\"elementor-widget-wrap elementor-element-populated\">\n\t\t\t\t\t\t<div class=\"elementor-element elementor-element-79cee06 elementor-align-justify elementor-widget elementor-widget-button\" data-id=\"79cee06\" data-element_type=\"widget\" data-e-type=\"widget\" data-widget_type=\"button.default\">\n\t\t\t\t<div class=\"elementor-widget-container\">\n\t\t\t\t\t\t\t\t\t<div class=\"elementor-button-wrapper\">\n\t\t\t\t\t<a class=\"elementor-button elementor-button-link elementor-size-sm\" href=\"https:\/\/mythslegendes.com\/es\/mitologia-kurda\/\">\n\t\t\t\t\t\t<span class=\"elementor-button-content-wrapper\">\n\t\t\t\t\t\t\t\t\t<span class=\"elementor-button-text\">Mitolog\u00eda kurda<\/span>\n\t\t\t\t\t<\/span>\n\t\t\t\t\t<\/a>\n\t\t\t\t<\/div>\n\t\t\t\t\t\t\t\t<\/div>\n\t\t\t\t<\/div>\n\t\t\t\t\t<\/div>\n\t\t<\/div>\n\t\t\t\t<div class=\"elementor-column elementor-col-50 elementor-top-column elementor-element elementor-element-97fc8c7\" data-id=\"97fc8c7\" data-element_type=\"column\" data-e-type=\"column\">\n\t\t\t<div class=\"elementor-widget-wrap elementor-element-populated\">\n\t\t\t\t\t\t<div class=\"elementor-element elementor-element-200857d elementor-align-justify elementor-widget elementor-widget-button\" data-id=\"200857d\" data-element_type=\"widget\" data-e-type=\"widget\" data-widget_type=\"button.default\">\n\t\t\t\t<div class=\"elementor-widget-container\">\n\t\t\t\t\t\t\t\t\t<div class=\"elementor-button-wrapper\">\n\t\t\t\t\t<a class=\"elementor-button elementor-button-link elementor-size-sm\" href=\"https:\/\/fr.abcdef.wiki\/wiki\/Kurdish_mythology\" target=\"_blank\" rel=\"noopener\">\n\t\t\t\t\t\t<span class=\"elementor-button-content-wrapper\">\n\t\t\t\t\t\t\t\t\t<span class=\"elementor-button-text\">Wiki<\/span>\n\t\t\t\t\t<\/span>\n\t\t\t\t\t<\/a>\n\t\t\t\t<\/div>\n\t\t\t\t\t\t\t\t<\/div>\n\t\t\t\t<\/div>\n\t\t\t\t\t<\/div>\n\t\t<\/div>\n\t\t\t\t\t<\/div>\n\t\t<\/section>\n\t\t\t\t<section class=\"elementor-section elementor-top-section elementor-element elementor-element-a6af93d elementor-section-boxed elementor-section-height-default elementor-section-height-default\" data-id=\"a6af93d\" data-element_type=\"section\" data-e-type=\"section\">\n\t\t\t\t\t\t<div class=\"elementor-container elementor-column-gap-default\">\n\t\t\t\t\t<div class=\"elementor-column elementor-col-100 elementor-top-column elementor-element elementor-element-49b6774\" data-id=\"49b6774\" data-element_type=\"column\" data-e-type=\"column\">\n\t\t\t<div class=\"elementor-widget-wrap elementor-element-populated\">\n\t\t\t\t\t\t<div class=\"elementor-element elementor-element-d51b901 elementor-widget elementor-widget-text-editor\" data-id=\"d51b901\" data-element_type=\"widget\" data-e-type=\"widget\" data-widget_type=\"text-editor.default\">\n\t\t\t\t<div class=\"elementor-widget-container\">\n\t\t\t\t\t\t\t\t\t<p>Un hombre llamado Cansab estaba tomando miel de un \u00e1rbol. A fuerza de mirar m\u00e1s y m\u00e1s lejos, cay\u00f3 en el hueco del \u00e1rbol. Aterriza en una cueva donde viv\u00eda Shahmeran. Ella accedi\u00f3 a dejarlo ir con la condici\u00f3n de que no revelara nada de lo que sab\u00eda sobre ella. Regres\u00f3 a la tierra y se qued\u00f3 en silencio.<\/p>\n<p><img decoding=\"async\" class=\"alignnone wp-image-5284 size-full\" src=\"https:\/\/mythslegendes.com\/wp-content\/uploads\/2020\/09\/AlphaOmega-e1602613368367.png\" alt=\"Shahmeran\" width=\"25\" height=\"26\" title=\"\"><\/p>\t\t\t\t\t\t\t\t<\/div>\n\t\t\t\t<\/div>\n\t\t\t\t\t<\/div>\n\t\t<\/div>\n\t\t\t\t\t<\/div>\n\t\t<\/section>\n\t\t\t\t<section class=\"elementor-section elementor-top-section elementor-element elementor-element-619b731 elementor-section-boxed elementor-section-height-default elementor-section-height-default\" data-id=\"619b731\" data-element_type=\"section\" data-e-type=\"section\">\n\t\t\t\t\t\t<div class=\"elementor-container elementor-column-gap-default\">\n\t\t\t\t\t<div class=\"elementor-column elementor-col-100 elementor-top-column elementor-element elementor-element-c15ddc6\" data-id=\"c15ddc6\" data-element_type=\"column\" data-e-type=\"column\">\n\t\t\t<div class=\"elementor-widget-wrap elementor-element-populated\">\n\t\t\t\t\t\t<div class=\"elementor-element elementor-element-52b319a elementor-widget elementor-widget-heading\" data-id=\"52b319a\" data-element_type=\"widget\" data-e-type=\"widget\" data-widget_type=\"heading.default\">\n\t\t\t\t<div class=\"elementor-widget-container\">\n\t\t\t\t\t<div id=\"ez-toc-container\" class=\"ez-toc-v2_0_82_2 counter-hierarchy ez-toc-counter ez-toc-grey ez-toc-container-direction\">\n<div class=\"ez-toc-title-container\">\n<p class=\"ez-toc-title\" style=\"cursor:inherit\">Contenido<\/p>\n<span class=\"ez-toc-title-toggle\"><a href=\"#\" class=\"ez-toc-pull-right ez-toc-btn ez-toc-btn-xs ez-toc-btn-default ez-toc-toggle\" aria-label=\"Alternar tabla de contenidos\"><span class=\"ez-toc-js-icon-con\"><span class=\"\"><span class=\"eztoc-hide\" style=\"display:none;\">Palanca<\/span><span class=\"ez-toc-icon-toggle-span\"><svg style=\"fill: #999;color:#999\" xmlns=\"http:\/\/www.w3.org\/2000\/svg\" class=\"list-377408\" width=\"20px\" height=\"20px\" viewbox=\"0 0 24 24\" fill=\"none\"><path d=\"M6 6H4v2h2V6zm14 0H8v2h12V6zM4 11h2v2H4v-2zm16 0H8v2h12v-2zM4 16h2v2H4v-2zm16 0H8v2h12v-2z\" fill=\"currentColor\"><\/path><\/svg><svg style=\"fill: #999;color:#999\" class=\"arrow-unsorted-368013\" xmlns=\"http:\/\/www.w3.org\/2000\/svg\" width=\"10px\" height=\"10px\" viewbox=\"0 0 24 24\" version=\"1.2\" baseprofile=\"tiny\"><path d=\"M18.2 9.3l-6.2-6.3-6.2 6.3c-.2.2-.3.4-.3.7s.1.5.3.7c.2.2.4.3.7.3h11c.3 0 .5-.1.7-.3.2-.2.3-.5.3-.7s-.1-.5-.3-.7zM5.8 14.7l6.2 6.3 6.2-6.3c.2-.2.3-.5.3-.7s-.1-.5-.3-.7c-.2-.2-.4-.3-.7-.3h-11c-.3 0-.5.1-.7.3-.2.2-.3.5-.3.7s.1.5.3.7z\"\/><\/svg><\/span><\/span><\/span><\/a><\/span><\/div>\n<nav><ul class='ez-toc-list ez-toc-list-level-1' ><li class='ez-toc-page-1 ez-toc-heading-level-2'><a class=\"ez-toc-link ez-toc-heading-1\" href=\"https:\/\/mythslegendes.com\/es\/mitologia-kurda\/shahmeran\/#Shahmeran\" >Shahmeran<\/a><\/li><\/ul><\/nav><\/div>\n<h2 class=\"elementor-heading-title elementor-size-default\"><span class=\"ez-toc-section\" id=\"Shahmeran\"><\/span>Shahmeran<span class=\"ez-toc-section-end\"><\/span><\/h2>\t\t\t\t<\/div>\n\t\t\t\t<\/div>\n\t\t\t\t\t<\/div>\n\t\t<\/div>\n\t\t\t\t\t<\/div>\n\t\t<\/section>\n\t\t\t\t<section class=\"elementor-section elementor-top-section elementor-element elementor-element-50dcd069 elementor-section-boxed elementor-section-height-default elementor-section-height-default\" data-id=\"50dcd069\" data-element_type=\"section\" data-e-type=\"section\">\n\t\t\t\t\t\t<div class=\"elementor-container elementor-column-gap-default\">\n\t\t\t\t\t<div class=\"elementor-column elementor-col-100 elementor-top-column elementor-element elementor-element-6bb05b89\" data-id=\"6bb05b89\" data-element_type=\"column\" data-e-type=\"column\">\n\t\t\t<div class=\"elementor-widget-wrap elementor-element-populated\">\n\t\t\t\t\t\t<div class=\"elementor-element elementor-element-19b3ccae elementor-widget elementor-widget-text-editor\" data-id=\"19b3ccae\" data-element_type=\"widget\" data-e-type=\"widget\" data-widget_type=\"text-editor.default\">\n\t\t\t\t<div class=\"elementor-widget-container\">\n\t\t\t\t\t\t\t\t\t<p><\/p>\n<p>Un d\u00eda el sult\u00e1n enferm\u00f3. Los m\u00e9dicos le dijeron que el \u00fanico remedio era la carne de Shahmeran. As\u00ed que convocaron a todos los hombres del pa\u00eds y los examinaron para ver cu\u00e1l de ellos ten\u00eda escamas en la espalda, prueba de que hab\u00eda conocido a Shahmeran. Entonces Cansab fue reconocido: al principio se neg\u00f3 a decir d\u00f3nde estaba la guarida de Shahmeran, pero, bajo tortura, pronto tuvo que confesar. <\/p>\n<p>Shahmeran fue encontrada y llevada al palacio, donde fue cortada y alimentada al Sult\u00e1n y Cansab. Despu\u00e9s de la muerte de \u015eahmeran, Camsab se puso de luto pero permaneci\u00f3 inconsolable. Sinti\u00e9ndose culpable por el destino que le hab\u00eda sido reservado a la Reina de las Serpientes, \u015eahmaran, decidi\u00f3 ir a la cueva donde la hab\u00eda conocido para pedirle al pueblo serpiente que lo castigara.<\/p>\n<p><\/p>\n<p>En la entrada de la cueva, Camsab se encontr\u00f3 con La Vieja Serpiente y le explic\u00f3 su intenci\u00f3n, pero el sabio le pidi\u00f3 que desistiera: \u201cSi la gente de las serpientes se entera de la muerte de \u015eahmeran, ser\u00e1 el fin de la humanidad. Ni t\u00fa ni yo pudimos detener a las serpientes, saldr\u00edan de la cueva y har\u00edan la guerra a los humanos hasta que llegara su fin. Camsab luego accedi\u00f3 a permanecer en silencio y se fue a saludar a las serpientes. Pero antes de reanudar su viaje, la sabia serpiente antigua le susurr\u00f3: \u201c\u015eahmeran se sacrific\u00f3 por ti, su alma, su poder curativo y su conocimiento estar\u00e1n en ti.<\/p>\n<p>Anda, anda por los caminos, toda la naturaleza, las flores, los arbustos, las plantas, hasta la hierba m\u00e1s peque\u00f1a te ayudar\u00e1n y te dar\u00e1n sus secretos. Devolver\u00e1s estos secretos a los hombres cur\u00e1ndolos. &quot;. Se convirti\u00f3 en Lokman Hekim, (hekim significa m\u00e9dico), Camsab sali\u00f3 a los caminos para traer curaci\u00f3n y, desde ese d\u00eda, dos serpientes son el s\u00edmbolo de la farmacia y la medicina.<\/p>\n<p><\/p>\t\t\t\t\t\t\t\t<\/div>\n\t\t\t\t<\/div>\n\t\t\t\t\t<\/div>\n\t\t<\/div>\n\t\t\t\t\t<\/div>\n\t\t<\/section>\n\t\t\t\t<\/div>","protected":false},"excerpt":{"rendered":"<p>Mythologie Kurde Wiki Un homme nomm\u00e9 Cansab prenait du miel dans un arbre. \u00c0 force de chercher de plus en &hellip; <\/p>","protected":false},"author":1,"featured_media":0,"parent":3095,"menu_order":0,"comment_status":"closed","ping_status":"closed","template":"","meta":{"footnotes":""},"class_list":["post-3101","page","type-page","status-publish","hentry"],"amp_enabled":true,"_links":{"self":[{"href":"https:\/\/mythslegendes.com\/es\/wp-json\/wp\/v2\/pages\/3101","targetHints":{"allow":["GET"]}}],"collection":[{"href":"https:\/\/mythslegendes.com\/es\/wp-json\/wp\/v2\/pages"}],"about":[{"href":"https:\/\/mythslegendes.com\/es\/wp-json\/wp\/v2\/types\/page"}],"author":[{"embeddable":true,"href":"https:\/\/mythslegendes.com\/es\/wp-json\/wp\/v2\/users\/1"}],"replies":[{"embeddable":true,"href":"https:\/\/mythslegendes.com\/es\/wp-json\/wp\/v2\/comments?post=3101"}],"version-history":[{"count":2,"href":"https:\/\/mythslegendes.com\/es\/wp-json\/wp\/v2\/pages\/3101\/revisions"}],"predecessor-version":[{"id":25055,"href":"https:\/\/mythslegendes.com\/es\/wp-json\/wp\/v2\/pages\/3101\/revisions\/25055"}],"up":[{"embeddable":true,"href":"https:\/\/mythslegendes.com\/es\/wp-json\/wp\/v2\/pages\/3095"}],"wp:attachment":[{"href":"https:\/\/mythslegendes.com\/es\/wp-json\/wp\/v2\/media?parent=3101"}],"curies":[{"name":"wp","href":"https:\/\/api.w.org\/{rel}","templated":true}]}}