{"id":3106,"date":"2020-07-24T08:51:37","date_gmt":"2020-07-24T07:51:37","guid":{"rendered":"https:\/\/mythslegendes.com\/?page_id=3106"},"modified":"2022-12-03T22:07:50","modified_gmt":"2022-12-03T22:07:50","slug":"nawroz","status":"publish","type":"page","link":"https:\/\/mythslegendes.com\/es\/mitologia-kurda\/nawroz\/","title":{"rendered":"Nawroz"},"content":{"rendered":"<div data-elementor-type=\"wp-page\" data-elementor-id=\"3106\" class=\"elementor elementor-3106\">\n\t\t\t\t\t\t<section class=\"elementor-section elementor-top-section elementor-element elementor-element-a6048e9 elementor-section-boxed elementor-section-height-default elementor-section-height-default\" data-id=\"a6048e9\" data-element_type=\"section\" data-e-type=\"section\">\n\t\t\t\t\t\t<div class=\"elementor-container elementor-column-gap-default\">\n\t\t\t\t\t<div class=\"elementor-column elementor-col-50 elementor-top-column elementor-element elementor-element-af65286\" data-id=\"af65286\" data-element_type=\"column\" data-e-type=\"column\">\n\t\t\t<div class=\"elementor-widget-wrap elementor-element-populated\">\n\t\t\t\t\t\t<div class=\"elementor-element elementor-element-c081b1c elementor-align-justify elementor-widget elementor-widget-button\" data-id=\"c081b1c\" data-element_type=\"widget\" data-e-type=\"widget\" data-widget_type=\"button.default\">\n\t\t\t\t<div class=\"elementor-widget-container\">\n\t\t\t\t\t\t\t\t\t<div class=\"elementor-button-wrapper\">\n\t\t\t\t\t<a class=\"elementor-button elementor-button-link elementor-size-sm\" href=\"https:\/\/mythslegendes.com\/es\/mitologia-kurda\/\">\n\t\t\t\t\t\t<span class=\"elementor-button-content-wrapper\">\n\t\t\t\t\t\t\t\t\t<span class=\"elementor-button-text\">Mitolog\u00eda kurda<\/span>\n\t\t\t\t\t<\/span>\n\t\t\t\t\t<\/a>\n\t\t\t\t<\/div>\n\t\t\t\t\t\t\t\t<\/div>\n\t\t\t\t<\/div>\n\t\t\t\t\t<\/div>\n\t\t<\/div>\n\t\t\t\t<div class=\"elementor-column elementor-col-50 elementor-top-column elementor-element elementor-element-9a0e58e\" data-id=\"9a0e58e\" data-element_type=\"column\" data-e-type=\"column\">\n\t\t\t<div class=\"elementor-widget-wrap elementor-element-populated\">\n\t\t\t\t\t\t<div class=\"elementor-element elementor-element-5e0ff01 elementor-align-justify elementor-widget elementor-widget-button\" data-id=\"5e0ff01\" data-element_type=\"widget\" data-e-type=\"widget\" data-widget_type=\"button.default\">\n\t\t\t\t<div class=\"elementor-widget-container\">\n\t\t\t\t\t\t\t\t\t<div class=\"elementor-button-wrapper\">\n\t\t\t\t\t<a class=\"elementor-button elementor-button-link elementor-size-sm\" href=\"https:\/\/fr.abcdef.wiki\/wiki\/Kurdish_mythology\" target=\"_blank\" rel=\"noopener\">\n\t\t\t\t\t\t<span class=\"elementor-button-content-wrapper\">\n\t\t\t\t\t\t\t\t\t<span class=\"elementor-button-text\">Wiki<\/span>\n\t\t\t\t\t<\/span>\n\t\t\t\t\t<\/a>\n\t\t\t\t<\/div>\n\t\t\t\t\t\t\t\t<\/div>\n\t\t\t\t<\/div>\n\t\t\t\t\t<\/div>\n\t\t<\/div>\n\t\t\t\t\t<\/div>\n\t\t<\/section>\n\t\t\t\t<section class=\"elementor-section elementor-top-section elementor-element elementor-element-54263f2 elementor-section-boxed elementor-section-height-default elementor-section-height-default\" data-id=\"54263f2\" data-element_type=\"section\" data-e-type=\"section\">\n\t\t\t\t\t\t<div class=\"elementor-container elementor-column-gap-default\">\n\t\t\t\t\t<div class=\"elementor-column elementor-col-100 elementor-top-column elementor-element elementor-element-07e98e5\" data-id=\"07e98e5\" data-element_type=\"column\" data-e-type=\"column\">\n\t\t\t<div class=\"elementor-widget-wrap elementor-element-populated\">\n\t\t\t\t\t\t<div class=\"elementor-element elementor-element-3faca5c elementor-widget elementor-widget-text-editor\" data-id=\"3faca5c\" data-element_type=\"widget\" data-e-type=\"widget\" data-widget_type=\"text-editor.default\">\n\t\t\t\t<div class=\"elementor-widget-container\">\n\t\t\t\t\t\t\t\t\t<p>Newroz o Nawroz se refiere a la tradicional celebraci\u00f3n del A\u00f1o Nuevo. <a href=\"https:\/\/mythslegendes.com\/es\/mitologia-del-gran-iran\/\">iran\u00ed<\/a> en la cultura <a href=\"https:\/\/mythslegendes.com\/es\/mitologia-kurda\/\">kurdo<\/a>. Antes de la islamizaci\u00f3n de los pueblos iran\u00edes en Asia, los antepasados de <a href=\"https:\/\/mythslegendes.com\/es\/mitologia-kurda\/\">Kurdos<\/a> eran seguidores de <a href=\"https:\/\/mythslegendes.com\/es\/mitologia-zoroastro\/\">Zoroastrismo<\/a>. En la doctrina zoro\u00e1strica, el fuego es s\u00edmbolo de visi\u00f3n, bondad y purificaci\u00f3n. Angra Mainyu, el esp\u00edritu demon\u00edaco opuesto al dios <a href=\"https:\/\/mythslegendes.com\/es\/mitologia-zoroastro\/\">Ahura Mazda<\/a> en el zoroastrismo, era desafiado cada a\u00f1o con un gran incendio por los zoroastrianos.<\/p>\n<p><img decoding=\"async\" class=\"alignnone wp-image-5284 size-full\" src=\"https:\/\/mythslegendes.com\/wp-content\/uploads\/2020\/09\/AlphaOmega-e1602613368367.png\" alt=\"Newroz o Nawroz\" width=\"25\" height=\"26\" title=\"\"><\/p>\t\t\t\t\t\t\t\t<\/div>\n\t\t\t\t<\/div>\n\t\t\t\t\t<\/div>\n\t\t<\/div>\n\t\t\t\t\t<\/div>\n\t\t<\/section>\n\t\t\t\t<section class=\"elementor-section elementor-top-section elementor-element elementor-element-129d56e elementor-section-boxed elementor-section-height-default elementor-section-height-default\" data-id=\"129d56e\" data-element_type=\"section\" data-e-type=\"section\">\n\t\t\t\t\t\t<div class=\"elementor-container elementor-column-gap-default\">\n\t\t\t\t\t<div class=\"elementor-column elementor-col-100 elementor-top-column elementor-element elementor-element-f29f4e2\" data-id=\"f29f4e2\" data-element_type=\"column\" data-e-type=\"column\">\n\t\t\t<div class=\"elementor-widget-wrap elementor-element-populated\">\n\t\t\t\t\t\t<div class=\"elementor-element elementor-element-cc48b7f elementor-widget elementor-widget-heading\" data-id=\"cc48b7f\" data-element_type=\"widget\" data-e-type=\"widget\" data-widget_type=\"heading.default\">\n\t\t\t\t<div class=\"elementor-widget-container\">\n\t\t\t\t\t<div id=\"ez-toc-container\" class=\"ez-toc-v2_0_82_2 counter-hierarchy ez-toc-counter ez-toc-grey ez-toc-container-direction\">\n<div class=\"ez-toc-title-container\">\n<p class=\"ez-toc-title\" style=\"cursor:inherit\">Contenido<\/p>\n<span class=\"ez-toc-title-toggle\"><a href=\"#\" class=\"ez-toc-pull-right ez-toc-btn ez-toc-btn-xs ez-toc-btn-default ez-toc-toggle\" aria-label=\"Alternar tabla de contenidos\"><span class=\"ez-toc-js-icon-con\"><span class=\"\"><span class=\"eztoc-hide\" style=\"display:none;\">Palanca<\/span><span class=\"ez-toc-icon-toggle-span\"><svg style=\"fill: #999;color:#999\" xmlns=\"http:\/\/www.w3.org\/2000\/svg\" class=\"list-377408\" width=\"20px\" height=\"20px\" viewbox=\"0 0 24 24\" fill=\"none\"><path d=\"M6 6H4v2h2V6zm14 0H8v2h12V6zM4 11h2v2H4v-2zm16 0H8v2h12v-2zM4 16h2v2H4v-2zm16 0H8v2h12v-2z\" fill=\"currentColor\"><\/path><\/svg><svg style=\"fill: #999;color:#999\" class=\"arrow-unsorted-368013\" xmlns=\"http:\/\/www.w3.org\/2000\/svg\" width=\"10px\" height=\"10px\" viewbox=\"0 0 24 24\" version=\"1.2\" baseprofile=\"tiny\"><path d=\"M18.2 9.3l-6.2-6.3-6.2 6.3c-.2.2-.3.4-.3.7s.1.5.3.7c.2.2.4.3.7.3h11c.3 0 .5-.1.7-.3.2-.2.3-.5.3-.7s-.1-.5-.3-.7zM5.8 14.7l6.2 6.3 6.2-6.3c.2-.2.3-.5.3-.7s-.1-.5-.3-.7c-.2-.2-.4-.3-.7-.3h-11c-.3 0-.5.1-.7.3-.2.2-.3.5-.3.7s.1.5.3.7z\"\/><\/svg><\/span><\/span><\/span><\/a><\/span><\/div>\n<nav><ul class='ez-toc-list ez-toc-list-level-1' ><li class='ez-toc-page-1 ez-toc-heading-level-2'><a class=\"ez-toc-link ez-toc-heading-1\" href=\"https:\/\/mythslegendes.com\/es\/mitologia-kurda\/nawroz\/#Nawroz\" >Nawroz<\/a><\/li><\/ul><\/nav><\/div>\n<h2 class=\"elementor-heading-title elementor-size-default\"><span class=\"ez-toc-section\" id=\"Nawroz\"><\/span>Nawroz<span class=\"ez-toc-section-end\"><\/span><\/h2>\t\t\t\t<\/div>\n\t\t\t\t<\/div>\n\t\t\t\t\t<\/div>\n\t\t<\/div>\n\t\t\t\t\t<\/div>\n\t\t<\/section>\n\t\t\t\t<section class=\"elementor-section elementor-top-section elementor-element elementor-element-1245a172 elementor-section-boxed elementor-section-height-default elementor-section-height-default\" data-id=\"1245a172\" data-element_type=\"section\" data-e-type=\"section\">\n\t\t\t\t\t\t<div class=\"elementor-container elementor-column-gap-default\">\n\t\t\t\t\t<div class=\"elementor-column elementor-col-100 elementor-top-column elementor-element elementor-element-7dac47e9\" data-id=\"7dac47e9\" data-element_type=\"column\" data-e-type=\"column\">\n\t\t\t<div class=\"elementor-widget-wrap elementor-element-populated\">\n\t\t\t\t\t\t<div class=\"elementor-element elementor-element-1a47db68 elementor-widget elementor-widget-text-editor\" data-id=\"1a47db68\" data-element_type=\"widget\" data-e-type=\"widget\" data-widget_type=\"text-editor.default\">\n\t\t\t\t<div class=\"elementor-widget-container\">\n\t\t\t\t\t\t\t\t\t<p><\/p>\n<p>En la <a href=\"https:\/\/mythslegendes.com\/es\/\">leyenda<\/a> La festividad kurda celebra la liberaci\u00f3n de los kurdos del tirano Dehak y se considera otra forma de demostrar apoyo a la causa kurda. La celebraci\u00f3n de Newroz \u2013celebrada desde hace al menos 3.000 a\u00f1os y muy arraigada entre los rituales y tradiciones del zoroastrismo\u2013 coincide con el equinoccio de marzo, que generalmente cae el 21 de marzo y suele transcurrir del 18 al 24 de marzo.<\/p>\n<p>El festival ocupa un lugar importante en t\u00e9rminos de identidad kurda para la mayor\u00eda de los kurdos. Los kurdos se est\u00e1n reuniendo para dar la bienvenida a la llegada de la primavera. visten ropas coloridas y bailan juntos. \u00a0<\/p>\n<p><\/p>\n<p><\/p>\n<p><strong>he aqu\u00ed el <a href=\"https:\/\/mythslegendes.com\/es\/\">mito<\/a> de Nawroz entre los kurdos:<\/strong><\/p>\n<p><\/p>\n<p><\/p>\n<p>Hace mucho tiempo, entre los grandes r\u00edos del \u00c9ufrates y el Tigris, hab\u00eda una tierra llamada <a href=\"https:\/\/mythslegendes.com\/es\/mythes-et-legendes-de-mesopotamie-53\/\">Mesopotamia<\/a>. Sobre un peque\u00f1o pueblo de Mesopotamia, en la ladera de las monta\u00f1as Zagros, se alzaba un enorme castillo de piedra con altas torres y muros altos y oscuros. \u00a0<\/p>\n<p><\/p>\n<p><\/p>\n<p>El castillo fue tallado en la roca de la monta\u00f1a. Las puertas del castillo estaban hechas de madera de cedro y talladas en forma de guerreros alados. En lo profundo del castillo viv\u00eda un cruel rey asirio llamado Dehak. Sus ej\u00e9rcitos aterrorizaron a todos en la tierra, mientras todo estaba mucho antes del reinado de Dehak en Mesopotamia. \u00a0<\/p>\n<p><\/p>\n<p><\/p>\n<p>Los reyes anteriores hab\u00edan sido amables y amables y alentaron a la gente a irrigar la tierra y mantener f\u00e9rtiles sus campos. Comieron alimentos que consist\u00edan solo en pan, hierbas, frutas y nueces. Fue durante el reinado de un rey llamado Jemshid cuando las cosas empezaron a ir mal. Se crey\u00f3 por encima de los dioses del sol y comenz\u00f3 a perder el favor de su pueblo. Un esp\u00edritu llamado Ahriman el Malvado, aprovech\u00f3 la oportunidad para tomar el control. \u00a0<\/p>\n<p><\/p>\n<p><\/p>\n<p>Eligi\u00f3 a Dehak para tomar el trono, quien luego mat\u00f3 a Jemshid y lo cort\u00f3 por la mitad. El esp\u00edritu maligno, disfrazado de cocinero, aliment\u00f3 a Dehak con sangre y carne animal y un d\u00eda, mientras Dehak lo felicitaba por sus platos de carne, le agradeci\u00f3 y le pidi\u00f3 que besara los hombros del rey. Mientras besaba los hombros de Dehak, hubo un gran destello de luz y dos serpientes negras gigantes emergen de cada lado de sus hombros. Dehak estaba aterrorizado e intent\u00f3 todo para deshacerse de \u00e9l.<\/p>\n<p>Ahriman el Malvado se disfraz\u00f3 de nuevo, esta vez como m\u00e9dico y le dijo a Dehak que nunca podr\u00eda deshacerse de las serpientes y que cuando las serpientes tuvieran hambre, Dehak experimentar\u00eda un dolor terrible, que solo se aliviar\u00eda cuando las serpientes tuvieran hambre. alimentarse con el cerebro de los ni\u00f1os peque\u00f1os. Entonces, a partir de ese d\u00eda oscuro, se eligieron dos ni\u00f1os de los pueblos y aldeas que estaban debajo del castillo.<\/p>\n<p>Fueron asesinados y sus cerebros fueron llevados a las puertas del castillo y colocados en un gran cubo hecho de madera de nogal y sostenidos firmemente por tres finas bandas de oro. El cubo de cerebros fue luego levantado por dos fuertes guardias y llevado al malvado Dehak y los cerebros fueron devorados por las serpientes hambrientas. Desde que el Rey Serpiente comenz\u00f3 su reinado sobre el reino, el sol se ha negado a brillar. <\/p>\n<p>Las cosechas, \u00e1rboles y flores de los campesinos comenzaron a marchitarse. Las sand\u00edas gigantes que hab\u00edan crecido all\u00ed durante siglos se pudrieron de pie. Los pavos reales y las perdices que se pavoneaban alrededor de las granadas gigantes hab\u00edan desaparecido. Incluso las \u00e1guilas que hab\u00edan volado alto con los vientos de la monta\u00f1a hab\u00edan desaparecido. Ahora todo estaba fr\u00edo y oscuro. Los lugare\u00f1os estaban muy tristes.<\/p>\n<p>Todo el mundo estaba aterrorizado por Dehak. Cantaron lamentos tristes y dolorosos que expresaban su dolor y angustia. Y el inquietante sonido de una larga flauta de madera todav\u00eda resonaba en los valles. Debajo del castillo del rey viv\u00eda un herrero que fabricaba herraduras para los famosos caballos salvajes de Mesopotamia y calderos y ollas para la gente del pueblo. Su nombre era Kawa. \u00c9l y su esposa estaban debilitados por el dolor y odiaban a Dehak porque ya se hab\u00eda llevado a 16 de sus 17 hijos. \u00a0<\/p>\n<p><\/p>\n<p><\/p>\n<p>Todos los d\u00edas, sudando fuera del horno, Kawa golpeaba el yunque con su martillo y so\u00f1aba con deshacerse del malvado rey. Y cuando golpe\u00f3 el metal al rojo vivo, cada vez m\u00e1s fuerte, las chispas rojas y amarillas volaron por el cielo oscuro como fuegos artificiales y se pudieron ver a kil\u00f3metros de distancia. Un d\u00eda lleg\u00f3 la orden del castillo de que mataran a la \u00faltima hija de Kawa y que llevaran su cerebro a la puerta del castillo al d\u00eda siguiente. Kawa pas\u00f3 toda la noche en el techo de su casa, bajo las estrellas brillantes y los rayos de la luna llena, pensando c\u00f3mo salvar a su hija menor de las serpientes de Dehak.<\/p>\n<p>Mientras una estrella fugaz se deslizaba por el cielo nocturno, tuvo una idea. A la ma\u00f1ana siguiente mont\u00f3 a lomos de su caballo, tirando lentamente del pesado carro de hierro con dos cubos de metal traqueteando en su lomo. El carro subi\u00f3 por la empinada carretera pavimentada y lleg\u00f3 fuera del castillo. Nervioso, vaci\u00f3 el contenido de los cubos de metal en el gran cubo de madera fuera de las enormes puertas del castillo. Cuando se dio la vuelta para irse, escuch\u00f3 que las puertas se abr\u00edan, temblaban y cruj\u00edan lentamente. \u00a0<\/p>\n<p><\/p>\n<p><\/p>\n<p>Ech\u00f3 una \u00faltima mirada y se alej\u00f3 apresuradamente. Luego, dos guardias levantaron lentamente el cubo de madera y lo llevaron al castillo. Los cerebros se les estaban dando a las dos serpientes gigantes hambrientas que hab\u00edan crecido sobre los hombros de Dehak. Cuando Kawa regres\u00f3 a casa, encontr\u00f3 a su esposa arrodillada frente a un fuego de le\u00f1a rugiente. Se arrodill\u00f3 y levant\u00f3 suavemente su gran abrigo de terciopelo.<\/p>\n<p>All\u00ed, debajo del manto, estaba su hija. Kawa apart\u00f3 su largo y espeso cabello negro de su rostro y bes\u00f3 su c\u00e1lida mejilla. En lugar de sacrificar a su propia hija, Kawa sacrific\u00f3 una oveja y puso su cerebro en el cubo de madera.<\/p>\n<p>Y nadie lo hab\u00eda notado. Pronto todos en la ciudad se enteraron de la travesura de Kawa. Entonces, cuando Dehak les pidi\u00f3 un sacrificio de ni\u00f1os, todos hicieron lo mismo. As\u00ed, se salvaron cientos de ni\u00f1os. As\u00ed que todos los ni\u00f1os salvados fueron, en la oscuridad, a las monta\u00f1as m\u00e1s altas y distantes donde nadie los encontrar\u00eda. Aqu\u00ed, en las alturas de las monta\u00f1as de Zagros, los ni\u00f1os han crecido en libertad. \u00a0<\/p>\n<p><\/p>\n<p><\/p>\n<p>Han aprendido a sobrevivir por su cuenta. Aprendieron a montar a caballo, a cazar, a pescar, a cantar y a bailar. De Kawa, aprendieron a luchar. Un d\u00eda regresar\u00edan a su tierra natal y salvar\u00edan a su gente del rey tirano. Pas\u00f3 el tiempo y el ej\u00e9rcito de Kawa estaba listo para comenzar su marcha hacia el castillo. En el camino, pasaron por aldeas y caser\u00edos.<\/p>\n<p>Los perros de los pueblos ladraban y la gente sal\u00eda de sus casas para animarlos y darles pan, agua, yogur y aceitunas. Cuando Kawa y los ni\u00f1os se acercaron al castillo de Dehak, los hombres y mujeres dejaron sus campos para unirse a ellos.<\/p>\n<p>Mientras se acercaban al castillo, el ej\u00e9rcito de Kawa contaba con varios miles. Se detuvieron frente al castillo y se volvieron hacia Kawa. Kawa estaba de pie sobre una roca. Llevaba el delantal de herrero y sosten\u00eda el martillo en la mano. Se volvi\u00f3 y mir\u00f3 hacia el castillo y levant\u00f3 su martillo hacia las puertas del castillo. La multitud se abalanz\u00f3 hacia adelante y asalt\u00f3 las puertas del castillo, que ten\u00edan forma de guerreros alados y r\u00e1pidamente alcanz\u00f3 a los hombres de Dehak. \u00a0<\/p>\n<p><\/p>\n<p><\/p>\n<p>Kawa corri\u00f3 directamente a la habitaci\u00f3n de Dehak, descendi\u00f3 las escaleras de piedra y, con su martillo de herrero, mat\u00f3 al malvado Rey Serpiente y le cort\u00f3 la cabeza. Las dos serpientes se marchitaron. Luego subi\u00f3 a la cima de la monta\u00f1a sobre el castillo y encendi\u00f3 una gran hoguera para decirles a todos en Mesopotamia que eran libres.<\/p>\n<p>Pronto se encendieron cientos de fuegos por todo el pa\u00eds para difundir el mensaje y las llamas se elevaron hasta el cielo nocturno, ilumin\u00e1ndolo y purificando el aire del olor de Dehak y sus malas acciones. La oscuridad se hab\u00eda ido. Con la luz del amanecer, el sol sali\u00f3 de detr\u00e1s de las nubes oscuras y calent\u00f3 la tierra monta\u00f1osa una vez m\u00e1s. Las flores comenzaron a abrirse lentamente y los capullos de la higuera florecieron. \u00a0<\/p>\n<p><\/p>\n<p><\/p>\n<p>Las sand\u00edas empezaron a crecer de nuevo, como lo hab\u00edan hecho durante siglos. Las \u00e1guilas regresaron y volaron con los vientos c\u00e1lidos entre los picos de las monta\u00f1as. Los pavos reales abanicaban sus magn\u00edficas plumas que brillaban bajo el sol de aguas termales. Caballos salvajes con largas melenas negras galopaban por las llanuras planas y polvorientas.<\/p>\n<p>Las perdices se posaban y cantaban en las ramas de los perales. Los ni\u00f1os peque\u00f1os com\u00edan nueces maduras envueltas en higos frescos, y el olor a pan reci\u00e9n horneado en hornos de piedra llegaba a sus narices con la ayuda de una ligera brisa. Los fuegos ard\u00edan cada vez m\u00e1s y la gente cantaba y bailaba en c\u00edrculos, tomados de la mano con los hombros subiendo y bajando al ritmo de la flauta y el tambor. \u00a0<\/p>\n<p><\/p>\n<p><\/p>\n<p>Las mujeres con vestidos de lentejuelas de colores brillantes cantaron canciones de amor y los hombres respondieron movi\u00e9ndose alrededor de las llamas como un solo hombre. Algunos de ellos flotaban sobre la flauta, borrachos con el sonido de la m\u00fasica, con los brazos extendidos como \u00e1guilas volando en el cielo. Ahora estaban libres.<\/p>\n<p>Hasta el d\u00eda de hoy, el mismo d\u00eda de primavera de cada a\u00f1o, el 21 de marzo (que tambi\u00e9n es el equinoccio de primavera), los kurdos, los <a href=\"https:\/\/mythslegendes.com\/es\/mythes-et-legendes-de-perse-1542\/\">persas<\/a>, los afganos y otros pueblos de Medio Oriente bailan y saltan sobre las llamas para recordar a Kawa y la libertad de la tiran\u00eda y la opresi\u00f3n y para celebrar la llegada del A\u00f1o Nuevo. Este d\u00eda se llama Newroz o New Day.<\/p>\n<p>Es una de las raras &quot;fiestas populares&quot; que ha sobrevivido y precede a todas las principales fiestas religiosas. Aunque lo celebran otros, es especialmente importante para los kurdos, ya que tambi\u00e9n marca el inicio del calendario kurdo y celebra la larga lucha de los kurdos por la libertad.<\/p>\n<p><\/p>\t\t\t\t\t\t\t\t<\/div>\n\t\t\t\t<\/div>\n\t\t\t\t\t<\/div>\n\t\t<\/div>\n\t\t\t\t\t<\/div>\n\t\t<\/section>\n\t\t\t\t<\/div>","protected":false},"excerpt":{"rendered":"<p>Mythologie Kurde Wiki Newroz ou Nawroz fait r\u00e9f\u00e9rence \u00e0 la c\u00e9l\u00e9bration du Nouvel an traditionnel iranien dans la culture kurde. &hellip; <\/p>","protected":false},"author":1,"featured_media":0,"parent":3095,"menu_order":0,"comment_status":"closed","ping_status":"closed","template":"","meta":{"footnotes":""},"class_list":["post-3106","page","type-page","status-publish","hentry"],"amp_enabled":true,"_links":{"self":[{"href":"https:\/\/mythslegendes.com\/es\/wp-json\/wp\/v2\/pages\/3106","targetHints":{"allow":["GET"]}}],"collection":[{"href":"https:\/\/mythslegendes.com\/es\/wp-json\/wp\/v2\/pages"}],"about":[{"href":"https:\/\/mythslegendes.com\/es\/wp-json\/wp\/v2\/types\/page"}],"author":[{"embeddable":true,"href":"https:\/\/mythslegendes.com\/es\/wp-json\/wp\/v2\/users\/1"}],"replies":[{"embeddable":true,"href":"https:\/\/mythslegendes.com\/es\/wp-json\/wp\/v2\/comments?post=3106"}],"version-history":[{"count":2,"href":"https:\/\/mythslegendes.com\/es\/wp-json\/wp\/v2\/pages\/3106\/revisions"}],"predecessor-version":[{"id":25056,"href":"https:\/\/mythslegendes.com\/es\/wp-json\/wp\/v2\/pages\/3106\/revisions\/25056"}],"up":[{"embeddable":true,"href":"https:\/\/mythslegendes.com\/es\/wp-json\/wp\/v2\/pages\/3095"}],"wp:attachment":[{"href":"https:\/\/mythslegendes.com\/es\/wp-json\/wp\/v2\/media?parent=3106"}],"curies":[{"name":"wp","href":"https:\/\/api.w.org\/{rel}","templated":true}]}}