{"id":3110,"date":"2020-07-24T08:55:22","date_gmt":"2020-07-24T07:55:22","guid":{"rendered":"https:\/\/mythslegendes.com\/?page_id=3110"},"modified":"2022-12-03T22:07:50","modified_gmt":"2022-12-03T22:07:50","slug":"charshama-sor","status":"publish","type":"page","link":"https:\/\/mythslegendes.com\/es\/mitologia-kurda\/charshama-sor\/","title":{"rendered":"Charshama Sor"},"content":{"rendered":"<div data-elementor-type=\"wp-page\" data-elementor-id=\"3110\" class=\"elementor elementor-3110\">\n\t\t\t\t\t\t<section class=\"elementor-section elementor-top-section elementor-element elementor-element-e2f5a5d elementor-section-boxed elementor-section-height-default elementor-section-height-default\" data-id=\"e2f5a5d\" data-element_type=\"section\" data-e-type=\"section\">\n\t\t\t\t\t\t<div class=\"elementor-container elementor-column-gap-default\">\n\t\t\t\t\t<div class=\"elementor-column elementor-col-50 elementor-top-column elementor-element elementor-element-01e9b9d\" data-id=\"01e9b9d\" data-element_type=\"column\" data-e-type=\"column\">\n\t\t\t<div class=\"elementor-widget-wrap elementor-element-populated\">\n\t\t\t\t\t\t<div class=\"elementor-element elementor-element-c199a16 elementor-align-justify elementor-widget elementor-widget-button\" data-id=\"c199a16\" data-element_type=\"widget\" data-e-type=\"widget\" data-widget_type=\"button.default\">\n\t\t\t\t<div class=\"elementor-widget-container\">\n\t\t\t\t\t\t\t\t\t<div class=\"elementor-button-wrapper\">\n\t\t\t\t\t<a class=\"elementor-button elementor-button-link elementor-size-sm\" href=\"https:\/\/mythslegendes.com\/es\/mitologia-kurda\/\">\n\t\t\t\t\t\t<span class=\"elementor-button-content-wrapper\">\n\t\t\t\t\t\t\t\t\t<span class=\"elementor-button-text\">Mitolog\u00eda kurda<\/span>\n\t\t\t\t\t<\/span>\n\t\t\t\t\t<\/a>\n\t\t\t\t<\/div>\n\t\t\t\t\t\t\t\t<\/div>\n\t\t\t\t<\/div>\n\t\t\t\t\t<\/div>\n\t\t<\/div>\n\t\t\t\t<div class=\"elementor-column elementor-col-50 elementor-top-column elementor-element elementor-element-f00cf09\" data-id=\"f00cf09\" data-element_type=\"column\" data-e-type=\"column\">\n\t\t\t<div class=\"elementor-widget-wrap elementor-element-populated\">\n\t\t\t\t\t\t<div class=\"elementor-element elementor-element-d59c5c4 elementor-align-justify elementor-widget elementor-widget-button\" data-id=\"d59c5c4\" data-element_type=\"widget\" data-e-type=\"widget\" data-widget_type=\"button.default\">\n\t\t\t\t<div class=\"elementor-widget-container\">\n\t\t\t\t\t\t\t\t\t<div class=\"elementor-button-wrapper\">\n\t\t\t\t\t<a class=\"elementor-button elementor-button-link elementor-size-sm\" href=\"https:\/\/fr.abcdef.wiki\/wiki\/Kurdish_mythology\" target=\"_blank\" rel=\"noopener\">\n\t\t\t\t\t\t<span class=\"elementor-button-content-wrapper\">\n\t\t\t\t\t\t\t\t\t<span class=\"elementor-button-text\">Wiki<\/span>\n\t\t\t\t\t<\/span>\n\t\t\t\t\t<\/a>\n\t\t\t\t<\/div>\n\t\t\t\t\t\t\t\t<\/div>\n\t\t\t\t<\/div>\n\t\t\t\t\t<\/div>\n\t\t<\/div>\n\t\t\t\t\t<\/div>\n\t\t<\/section>\n\t\t\t\t<section class=\"elementor-section elementor-top-section elementor-element elementor-element-4864c0a elementor-section-boxed elementor-section-height-default elementor-section-height-default\" data-id=\"4864c0a\" data-element_type=\"section\" data-e-type=\"section\">\n\t\t\t\t\t\t<div class=\"elementor-container elementor-column-gap-default\">\n\t\t\t\t\t<div class=\"elementor-column elementor-col-100 elementor-top-column elementor-element elementor-element-e2582b6\" data-id=\"e2582b6\" data-element_type=\"column\" data-e-type=\"column\">\n\t\t\t<div class=\"elementor-widget-wrap elementor-element-populated\">\n\t\t\t\t\t\t<div class=\"elementor-element elementor-element-015de0b elementor-widget elementor-widget-text-editor\" data-id=\"015de0b\" data-element_type=\"widget\" data-e-type=\"widget\" data-widget_type=\"text-editor.default\">\n\t\t\t\t<div class=\"elementor-widget-container\">\n\t\t\t\t\t\t\t\t\t<p>Durante las celebraciones de Charshama Sor o \u00c7ar\u015fema Sor, el <a href=\"https:\/\/mythslegendes.com\/es\/mitologia-kurda\/\">Yazidis<\/a> acuda al templo de Lale\u015f, que alberga la tumba del jeque Adi, que muri\u00f3 en 1162, y encienda 365 velas. Charshama Sor est\u00e1 destinado a conmemorar la creaci\u00f3n del universo y celebrar la naturaleza y la fertilidad. Los yazid\u00edes, habiendo perdido la mayor parte de su herencia religiosa a trav\u00e9s de continuas invasiones, derivan su conocimiento de las tradiciones religiosas.<\/p>\n<p><img decoding=\"async\" class=\"alignnone wp-image-5284 size-full\" src=\"https:\/\/mythslegendes.com\/wp-content\/uploads\/2020\/09\/AlphaOmega-e1602613368367.png\" alt=\"Charshama Sor\" width=\"25\" height=\"26\" title=\"\"><\/p>\t\t\t\t\t\t\t\t<\/div>\n\t\t\t\t<\/div>\n\t\t\t\t\t<\/div>\n\t\t<\/div>\n\t\t\t\t\t<\/div>\n\t\t<\/section>\n\t\t\t\t<section class=\"elementor-section elementor-top-section elementor-element elementor-element-4042041 elementor-section-boxed elementor-section-height-default elementor-section-height-default\" data-id=\"4042041\" data-element_type=\"section\" data-e-type=\"section\">\n\t\t\t\t\t\t<div class=\"elementor-container elementor-column-gap-default\">\n\t\t\t\t\t<div class=\"elementor-column elementor-col-100 elementor-top-column elementor-element elementor-element-c6f477f\" data-id=\"c6f477f\" data-element_type=\"column\" data-e-type=\"column\">\n\t\t\t<div class=\"elementor-widget-wrap elementor-element-populated\">\n\t\t\t\t\t\t<div class=\"elementor-element elementor-element-769eb70 elementor-widget elementor-widget-heading\" data-id=\"769eb70\" data-element_type=\"widget\" data-e-type=\"widget\" data-widget_type=\"heading.default\">\n\t\t\t\t<div class=\"elementor-widget-container\">\n\t\t\t\t\t<div id=\"ez-toc-container\" class=\"ez-toc-v2_0_82_2 counter-hierarchy ez-toc-counter ez-toc-grey ez-toc-container-direction\">\n<div class=\"ez-toc-title-container\">\n<p class=\"ez-toc-title\" style=\"cursor:inherit\">Contenido<\/p>\n<span class=\"ez-toc-title-toggle\"><a href=\"#\" class=\"ez-toc-pull-right ez-toc-btn ez-toc-btn-xs ez-toc-btn-default ez-toc-toggle\" aria-label=\"Alternar tabla de contenidos\"><span class=\"ez-toc-js-icon-con\"><span class=\"\"><span class=\"eztoc-hide\" style=\"display:none;\">Palanca<\/span><span class=\"ez-toc-icon-toggle-span\"><svg style=\"fill: #999;color:#999\" xmlns=\"http:\/\/www.w3.org\/2000\/svg\" class=\"list-377408\" width=\"20px\" height=\"20px\" viewbox=\"0 0 24 24\" fill=\"none\"><path d=\"M6 6H4v2h2V6zm14 0H8v2h12V6zM4 11h2v2H4v-2zm16 0H8v2h12v-2zM4 16h2v2H4v-2zm16 0H8v2h12v-2z\" fill=\"currentColor\"><\/path><\/svg><svg style=\"fill: #999;color:#999\" class=\"arrow-unsorted-368013\" xmlns=\"http:\/\/www.w3.org\/2000\/svg\" width=\"10px\" height=\"10px\" viewbox=\"0 0 24 24\" version=\"1.2\" baseprofile=\"tiny\"><path d=\"M18.2 9.3l-6.2-6.3-6.2 6.3c-.2.2-.3.4-.3.7s.1.5.3.7c.2.2.4.3.7.3h11c.3 0 .5-.1.7-.3.2-.2.3-.5.3-.7s-.1-.5-.3-.7zM5.8 14.7l6.2 6.3 6.2-6.3c.2-.2.3-.5.3-.7s-.1-.5-.3-.7c-.2-.2-.4-.3-.7-.3h-11c-.3 0-.5.1-.7.3-.2.2-.3.5-.3.7s.1.5.3.7z\"\/><\/svg><\/span><\/span><\/span><\/a><\/span><\/div>\n<nav><ul class='ez-toc-list ez-toc-list-level-1' ><li class='ez-toc-page-1 ez-toc-heading-level-2'><a class=\"ez-toc-link ez-toc-heading-1\" href=\"https:\/\/mythslegendes.com\/es\/mitologia-kurda\/charshama-sor\/#Charshama-Sor\" >Charshama Sor<\/a><\/li><\/ul><\/nav><\/div>\n<h2 class=\"elementor-heading-title elementor-size-default\"><span class=\"ez-toc-section\" id=\"Charshama-Sor\"><\/span>Charshama Sor<span class=\"ez-toc-section-end\"><\/span><\/h2>\t\t\t\t<\/div>\n\t\t\t\t<\/div>\n\t\t\t\t\t<\/div>\n\t\t<\/div>\n\t\t\t\t\t<\/div>\n\t\t<\/section>\n\t\t\t\t<section class=\"elementor-section elementor-top-section elementor-element elementor-element-7a44e572 elementor-section-boxed elementor-section-height-default elementor-section-height-default\" data-id=\"7a44e572\" data-element_type=\"section\" data-e-type=\"section\">\n\t\t\t\t\t\t<div class=\"elementor-container elementor-column-gap-default\">\n\t\t\t\t\t<div class=\"elementor-column elementor-col-100 elementor-top-column elementor-element elementor-element-6c0546e\" data-id=\"6c0546e\" data-element_type=\"column\" data-e-type=\"column\">\n\t\t\t<div class=\"elementor-widget-wrap elementor-element-populated\">\n\t\t\t\t\t\t<div class=\"elementor-element elementor-element-53660b97 elementor-widget elementor-widget-text-editor\" data-id=\"53660b97\" data-element_type=\"widget\" data-e-type=\"widget\" data-widget_type=\"text-editor.default\">\n\t\t\t\t<div class=\"elementor-widget-container\">\n\t\t\t\t\t\t\t\t\t<p><\/p>\n<p>Est\u00e1 escrito en el discurso del G\u00e9nesis: \u00a0<\/p>\n<p><\/p>\n<p><em>&quot;Nuestro Se\u00f1or comenz\u00f3 a crear el Universo el viernes. El s\u00e1bado comenz\u00f3 a elaborar el manto (...). El mi\u00e9rcoles termin\u00f3 su trabajo&quot;<\/em> \u00a0<\/p>\n<p><\/p>\n<p>El primer mi\u00e9rcoles de abril en el calendario oriental es un d\u00eda festivo para los kurdos yazid\u00edes y se llama &quot;mi\u00e9rcoles rojo&quot; o d\u00eda de a\u00f1o nuevo. <a href=\"https:\/\/mythslegendes.com\/es\/mitologia-kurda\/\">yazidi<\/a>. El festival coincide con la estaci\u00f3n primaveral de la expansi\u00f3n y crecimiento de flores de todos los colores, formas y la abundancia de rosas rojas y an\u00e9monas en la naturaleza, que crecen en primavera, seg\u00fan investigadores y eruditos yazid\u00edes. \u00a0<\/p>\n<p><\/p>\n<p>los <a href=\"https:\/\/mythslegendes.com\/es\/\">mitolog\u00eda<\/a> Yazidi dice que el universo estaba oscuro y brumoso y que la tierra estaba cubierta con una capa de hielo. Dios envi\u00f3 el mi\u00e9rcoles al &quot;Rey Ta&#039;wes&quot; a la tierra para vivir all\u00ed, en forma de p\u00e1jaro, en la regi\u00f3n de Sheikhan, en el sur de Kurdist\u00e1n cubierto de una capa de hielo. Aterriz\u00f3 en el \u00c1rbol del Orgullo Divino de Hiro. <\/p>\n<p>Entonces el poder del Creador derriti\u00f3 la capa de hielo por el calor del sol, y la faz de la tierra sobre la verdad y adorn\u00f3 la tierra con un ramo de flores y rosas en rojo, amarillo y verde. Por lo tanto, este d\u00eda fue considerado el comienzo de la primavera y lo llamaron el A\u00f1o Nuevo Yezidi. \u00a0<\/p>\n<p><\/p>\n<p>Seg\u00fan los eruditos religiosos, hasta el 612 a. BC, los kurdos celebraron este d\u00eda solo como una fiesta religiosa, pero despu\u00e9s de que el pueblo kurdo se liber\u00f3 de los imperios m\u00e1s poderosos de esa \u00e9poca y cre\u00f3 el Imperio Kurdo Mediya, este d\u00eda se convirti\u00f3 en una fiesta nacional y religiosa al mismo tiempo, por lo que el jeque &quot;Adi bin Musafir al-Hakkari&quot; que es la referencia religiosa de los Yezidis y su tumba est\u00e1n en Lalech, \u00a0<\/p>\n<p><\/p>\n<p>En este d\u00eda se lleva a cabo un ritual especial, donde los yazid\u00edes se levantan temprano, visten sus mejores galas y sacrifican cada uno seg\u00fan su condici\u00f3n econ\u00f3mica: \u201covejas, terneros y otros\u201d y decoran con flores las entradas de sus casas. \u00a0<\/p>\n<p><\/p>\n<p>Mientras las mujeres preparan la comida, los mozos y las mozas pintan doce huevos duros, tres huevos del color de las estaciones, y los ponen en un plato en el centro de la casa. El huevo simboliza la tierra esf\u00e9rica. Los yazid\u00edes conoc\u00edan la tierra esf\u00e9rica antes de ver el mundo. Los huevos son un signo de la tierra congelada, la c\u00e1scara de huevo rota simboliza el derretimiento de la capa de hielo de la superficie de la tierra, y el color del huevo es un signo de los colores de las rosas y las flores que han florecido con la llegada del Rey Ta&#039;. wes, la primavera es el comienzo de la vida. \u00a0<\/p>\n<p><\/p>\n<p>Los yazid\u00edes visitan las tumbas de sus muertos en la v\u00edspera del Mi\u00e9rcoles Rojo. Las mujeres llevan consigo huevos, dulces y frutas, que se reparten entre ellas y entre los pobres. \u00a0<\/p>\n<p><\/p>\n<p>Existe una antigua tradici\u00f3n de esta festividad, que incluye abstenerse de cavar la tierra y arar durante el mes de abril, ya que las plantaciones, las flores y la mayor\u00eda de las plantas florecen este mes. Las bodas en abril tambi\u00e9n est\u00e1n prohibidas y se cree que traer una novia trae desgracias a la casa, ya que se cree que el mes de abril es la novia del a\u00f1o y que no se debe competir con ella. \u00a0<\/p>\n<p><\/p>\n<p>Cuando los yazid\u00edes juegan al juego de haggan y rompen los huevos, recrean la historia de la creaci\u00f3n donde la perla estall\u00f3 y el mundo material (sol, tierra, estrellas) surgi\u00f3.<\/p>\n<p><\/p>\n<p>Las flores rojas silvestres se cuelgan sobre las puertas de las casas y los santuarios por la misma raz\u00f3n que se usar\u00eda una corona en Navidad.<\/p>\n<p><\/p>\t\t\t\t\t\t\t\t<\/div>\n\t\t\t\t<\/div>\n\t\t\t\t\t<\/div>\n\t\t<\/div>\n\t\t\t\t\t<\/div>\n\t\t<\/section>\n\t\t\t\t<\/div>","protected":false},"excerpt":{"rendered":"<p>Mythologie Kurde Wiki Durant les c\u00e9l\u00e9brations du Charshama Sor ou \u00c7ar\u015fema Sor, les Y\u00e9zidis se rendent en masse au temple &hellip; <\/p>","protected":false},"author":1,"featured_media":0,"parent":3095,"menu_order":0,"comment_status":"closed","ping_status":"closed","template":"","meta":{"footnotes":""},"class_list":["post-3110","page","type-page","status-publish","hentry"],"amp_enabled":true,"_links":{"self":[{"href":"https:\/\/mythslegendes.com\/es\/wp-json\/wp\/v2\/pages\/3110","targetHints":{"allow":["GET"]}}],"collection":[{"href":"https:\/\/mythslegendes.com\/es\/wp-json\/wp\/v2\/pages"}],"about":[{"href":"https:\/\/mythslegendes.com\/es\/wp-json\/wp\/v2\/types\/page"}],"author":[{"embeddable":true,"href":"https:\/\/mythslegendes.com\/es\/wp-json\/wp\/v2\/users\/1"}],"replies":[{"embeddable":true,"href":"https:\/\/mythslegendes.com\/es\/wp-json\/wp\/v2\/comments?post=3110"}],"version-history":[{"count":2,"href":"https:\/\/mythslegendes.com\/es\/wp-json\/wp\/v2\/pages\/3110\/revisions"}],"predecessor-version":[{"id":25057,"href":"https:\/\/mythslegendes.com\/es\/wp-json\/wp\/v2\/pages\/3110\/revisions\/25057"}],"up":[{"embeddable":true,"href":"https:\/\/mythslegendes.com\/es\/wp-json\/wp\/v2\/pages\/3095"}],"wp:attachment":[{"href":"https:\/\/mythslegendes.com\/es\/wp-json\/wp\/v2\/media?parent=3110"}],"curies":[{"name":"wp","href":"https:\/\/api.w.org\/{rel}","templated":true}]}}