{"id":3120,"date":"2020-07-24T09:20:40","date_gmt":"2020-07-24T08:20:40","guid":{"rendered":"https:\/\/mythslegendes.com\/?page_id=3120"},"modified":"2022-12-03T22:07:50","modified_gmt":"2022-12-03T22:07:50","slug":"sharfadin","status":"publish","type":"page","link":"https:\/\/mythslegendes.com\/es\/mitologia-kurda\/sharfadin\/","title":{"rendered":"Sharfadin"},"content":{"rendered":"<div data-elementor-type=\"wp-page\" data-elementor-id=\"3120\" class=\"elementor elementor-3120\">\n\t\t\t\t\t\t<section class=\"elementor-section elementor-top-section elementor-element elementor-element-f9b9ecd elementor-section-boxed elementor-section-height-default elementor-section-height-default\" data-id=\"f9b9ecd\" data-element_type=\"section\" data-e-type=\"section\">\n\t\t\t\t\t\t<div class=\"elementor-container elementor-column-gap-default\">\n\t\t\t\t\t<div class=\"elementor-column elementor-col-50 elementor-top-column elementor-element elementor-element-6632373\" data-id=\"6632373\" data-element_type=\"column\" data-e-type=\"column\">\n\t\t\t<div class=\"elementor-widget-wrap elementor-element-populated\">\n\t\t\t\t\t\t<div class=\"elementor-element elementor-element-269033a elementor-align-justify elementor-widget elementor-widget-button\" data-id=\"269033a\" data-element_type=\"widget\" data-e-type=\"widget\" data-widget_type=\"button.default\">\n\t\t\t\t<div class=\"elementor-widget-container\">\n\t\t\t\t\t\t\t\t\t<div class=\"elementor-button-wrapper\">\n\t\t\t\t\t<a class=\"elementor-button elementor-button-link elementor-size-sm\" href=\"https:\/\/mythslegendes.com\/es\/mitologia-kurda\/\">\n\t\t\t\t\t\t<span class=\"elementor-button-content-wrapper\">\n\t\t\t\t\t\t\t\t\t<span class=\"elementor-button-text\">Mitolog\u00eda kurda<\/span>\n\t\t\t\t\t<\/span>\n\t\t\t\t\t<\/a>\n\t\t\t\t<\/div>\n\t\t\t\t\t\t\t\t<\/div>\n\t\t\t\t<\/div>\n\t\t\t\t\t<\/div>\n\t\t<\/div>\n\t\t\t\t<div class=\"elementor-column elementor-col-50 elementor-top-column elementor-element elementor-element-ed440c5\" data-id=\"ed440c5\" data-element_type=\"column\" data-e-type=\"column\">\n\t\t\t<div class=\"elementor-widget-wrap elementor-element-populated\">\n\t\t\t\t\t\t<div class=\"elementor-element elementor-element-98e3f9d elementor-align-justify elementor-widget elementor-widget-button\" data-id=\"98e3f9d\" data-element_type=\"widget\" data-e-type=\"widget\" data-widget_type=\"button.default\">\n\t\t\t\t<div class=\"elementor-widget-container\">\n\t\t\t\t\t\t\t\t\t<div class=\"elementor-button-wrapper\">\n\t\t\t\t\t<a class=\"elementor-button elementor-button-link elementor-size-sm\" href=\"https:\/\/fr.abcdef.wiki\/wiki\/Kurdish_mythology\" target=\"_blank\" rel=\"noopener\">\n\t\t\t\t\t\t<span class=\"elementor-button-content-wrapper\">\n\t\t\t\t\t\t\t\t\t<span class=\"elementor-button-text\">Wiki<\/span>\n\t\t\t\t\t<\/span>\n\t\t\t\t\t<\/a>\n\t\t\t\t<\/div>\n\t\t\t\t\t\t\t\t<\/div>\n\t\t\t\t<\/div>\n\t\t\t\t\t<\/div>\n\t\t<\/div>\n\t\t\t\t\t<\/div>\n\t\t<\/section>\n\t\t\t\t<section class=\"elementor-section elementor-top-section elementor-element elementor-element-7bbc2397 elementor-section-boxed elementor-section-height-default elementor-section-height-default\" data-id=\"7bbc2397\" data-element_type=\"section\" data-e-type=\"section\">\n\t\t\t\t\t\t<div class=\"elementor-container elementor-column-gap-default\">\n\t\t\t\t\t<div class=\"elementor-column elementor-col-100 elementor-top-column elementor-element elementor-element-43f1cf98\" data-id=\"43f1cf98\" data-element_type=\"column\" data-e-type=\"column\">\n\t\t\t<div class=\"elementor-widget-wrap elementor-element-populated\">\n\t\t\t\t\t\t<div class=\"elementor-element elementor-element-7c1e2c9 elementor-widget elementor-widget-text-editor\" data-id=\"7c1e2c9\" data-element_type=\"widget\" data-e-type=\"widget\" data-widget_type=\"text-editor.default\">\n\t\t\t\t<div class=\"elementor-widget-container\">\n\t\t\t\t\t\t\t\t\t\n<p>los <strong>yazidismo<\/strong> D\u00f3nde <strong>Sharfadin<\/strong>, o religi\u00f3n de los siete \u00e1ngeles, es una religi\u00f3n monote\u00edsta de la comunidad etnorreligiosa yazid\u00ed que es presentada por sus practicantes (los <a href=\"https:\/\/mythslegendes.com\/es\/mitologia-kurda\/\">yazidis<\/a> o yazidis o yesids) como teniendo sus ra\u00edces en el antiguo Ir\u00e1n.<\/p>\n<p><img decoding=\"async\" class=\"alignnone wp-image-5284 size-full\" src=\"https:\/\/mythslegendes.com\/wp-content\/uploads\/2020\/09\/AlphaOmega-e1602613368367.png\" alt=\"Yazidismo o Sharfadin\" width=\"25\" height=\"26\" title=\"\"><\/p>\n\n<div id=\"ez-toc-container\" class=\"ez-toc-v2_0_82_2 counter-hierarchy ez-toc-counter ez-toc-grey ez-toc-container-direction\">\n<div class=\"ez-toc-title-container\">\n<p class=\"ez-toc-title\" style=\"cursor:inherit\">Contenido<\/p>\n<span class=\"ez-toc-title-toggle\"><a href=\"#\" class=\"ez-toc-pull-right ez-toc-btn ez-toc-btn-xs ez-toc-btn-default ez-toc-toggle\" aria-label=\"Alternar tabla de contenidos\"><span class=\"ez-toc-js-icon-con\"><span class=\"\"><span class=\"eztoc-hide\" style=\"display:none;\">Palanca<\/span><span class=\"ez-toc-icon-toggle-span\"><svg style=\"fill: #999;color:#999\" xmlns=\"http:\/\/www.w3.org\/2000\/svg\" class=\"list-377408\" width=\"20px\" height=\"20px\" viewbox=\"0 0 24 24\" fill=\"none\"><path d=\"M6 6H4v2h2V6zm14 0H8v2h12V6zM4 11h2v2H4v-2zm16 0H8v2h12v-2zM4 16h2v2H4v-2zm16 0H8v2h12v-2z\" fill=\"currentColor\"><\/path><\/svg><svg style=\"fill: #999;color:#999\" class=\"arrow-unsorted-368013\" xmlns=\"http:\/\/www.w3.org\/2000\/svg\" width=\"10px\" height=\"10px\" viewbox=\"0 0 24 24\" version=\"1.2\" baseprofile=\"tiny\"><path d=\"M18.2 9.3l-6.2-6.3-6.2 6.3c-.2.2-.3.4-.3.7s.1.5.3.7c.2.2.4.3.7.3h11c.3 0 .5-.1.7-.3.2-.2.3-.5.3-.7s-.1-.5-.3-.7zM5.8 14.7l6.2 6.3 6.2-6.3c.2-.2.3-.5.3-.7s-.1-.5-.3-.7c-.2-.2-.4-.3-.7-.3h-11c-.3 0-.5.1-.7.3-.2.2-.3.5-.3.7s.1.5.3.7z\"\/><\/svg><\/span><\/span><\/span><\/a><\/span><\/div>\n<nav><ul class='ez-toc-list ez-toc-list-level-1' ><li class='ez-toc-page-1 ez-toc-heading-level-3'><a class=\"ez-toc-link ez-toc-heading-1\" href=\"https:\/\/mythslegendes.com\/es\/mitologia-kurda\/sharfadin\/#Origines-du-Sharfadin\" >Or\u00edgenes de Sharfadin<\/a><\/li><li class='ez-toc-page-1 ez-toc-heading-level-3'><a class=\"ez-toc-link ez-toc-heading-2\" href=\"https:\/\/mythslegendes.com\/es\/mitologia-kurda\/sharfadin\/#Description-de-la-croyance-yezidie\" >Descripci\u00f3n del credo Yazidi<\/a><\/li><li class='ez-toc-page-1 ez-toc-heading-level-3'><a class=\"ez-toc-link ez-toc-heading-3\" href=\"https:\/\/mythslegendes.com\/es\/mitologia-kurda\/sharfadin\/#Traditions-et-interdits-du-yezidisme\" >Tradiciones y tab\u00faes del yazidismo<\/a><\/li><\/ul><\/nav><\/div>\n<h3 class=\"wp-block-heading\"><span class=\"ez-toc-section\" id=\"Origines-du-Sharfadin\"><\/span>Or\u00edgenes de Sharfadin<span class=\"ez-toc-section-end\"><\/span><\/h3>\n\n<p>entre el IX<sup>mi<\/sup> y el octavo<sup>mi<\/sup>\u00a0Siglo aC. AD, las tribus iran\u00edes (los medos) se asentaron en las tierras del actual Kurdist\u00e1n. la <a href=\"https:\/\/mythslegendes.com\/es\/mitologia-zoroastro\/\">Zoroastrismo<\/a> fue durante cientos de a\u00f1os la religi\u00f3n dominante y ejerci\u00f3 una importante influencia en la <a href=\"https:\/\/mythslegendes.com\/es\/mitologia-kurda\/\">Kurdos<\/a> y sus creencias. Sin embargo, una parte de los kurdos no se hab\u00eda convertido al zoroastrismo. Se hab\u00edan mantenido fieles a su antigua religi\u00f3n: el yazdanismo.<\/p>\n<p>Seg\u00fan el kurdologo Serbi Reshid, el zoroastrismo se difundi\u00f3 en los medios desde el VI<sup>mi<\/sup>\u00a0Siglo aC. AD, pero no lleg\u00f3 a ser dominante. Hasta V<sup>mi<\/sup>\u00a0siglo despu\u00e9s de Cristo. BC, la mayor\u00eda de los kurdos que viv\u00edan en Zagros, Cizir, Botan y Kirkuk practicaban el yazdanismo.<\/p>\n\n<p>Esta religi\u00f3n meda sobrevive hoy a trav\u00e9s de tres religiones kurdas: yezidismo, alevismo y y\u00e2rs\u00e2nisme. Adem\u00e1s, la palabra &quot;yazdanismo&quot; es un t\u00e9rmino acad\u00e9mico del kurdologo Merhad Izady. Seg\u00fan este \u00faltimo, esta religi\u00f3n meda podr\u00eda denominarse \u201cyazdanismo\u201d pero tambi\u00e9n \u201cyazidismo\u201d. Merhad Izady acu\u00f1\u00f3 el t\u00e9rmino &quot;yazdanismo&quot; para diferenciar esta religi\u00f3n del yezidismo actual.<\/p>\n<p>Porque el yazidismo del XXI<sup>mi<\/sup>\u00a0siglo ha sufrido cambios desde su fundaci\u00f3n. En particular, durante la reforma de Sheikh Adi que tuvo lugar en el duod\u00e9cimo<sup>mi<\/sup>\u00a0siglo. El yazidismo es una supervivencia de la antigua religi\u00f3n meda, que durante su existencia absorbi\u00f3 elementos ex\u00f3genos para adaptarse a un entorno hostil.<\/p>\n\n<p>Existen muchas similitudes entre el yezidismo y el zoroastrismo. Pero, contrariamente a las indicaciones de muchos estudios publicados, el yazidismo no se deriva del zoroastrismo. Estas dos religiones tienen ciertamente ra\u00edces comunes. El yezidismo es una supervivencia de la antigua religi\u00f3n meda, una religi\u00f3n en la que Dios era todopoderoso y ten\u00eda un sirviente, Mithra, que es, entre otras cosas, una deidad solar. Hoy encontramos la misma interdependencia entre <em>Xwede<\/em> y <em>Arc\u00e1ngel Taous<\/em>.<\/p>\n<p>El zoroastrismo, por otro lado, es una reforma del mitra\u00edsmo \/ <a href=\"https:\/\/mythslegendes.com\/es\/mitologia-zoroastro\/\">Mazde\u00edsmo<\/a>, otro nombre para esta antigua religi\u00f3n medo-iran\u00ed.<\/p>\n\n<p>Los especialistas en religiones destacan el sincretismo religioso del que se deriva el yazidismo. La cosmogon\u00eda yazidi presenta inquietantes similitudes con las religiones de la antig\u00fcedad <a href=\"https:\/\/mythslegendes.com\/es\/mitologia-persa\/\">Ir\u00e1n<\/a>, las religiones prezoroastrianas y luego zoroastrianas del VII<sup>mi<\/sup>\u00a0siglo al IV<sup>mi<\/sup>\u00a0Siglo aC. Estas analog\u00edas se deben principalmente a la presencia de muchos kurdos de la antigua fe en el valle de Lalish y el aislamiento de este \u00faltimo.<\/p>\n<p>A <abbr title=\"Siglo 12\">XII<sup>mi<\/sup><\/abbr>\u00a0siglo, Cheikh Adi, un maestro suf\u00ed, se instal\u00f3 en Lalish y ense\u00f1\u00f3 all\u00ed sus preceptos a la poblaci\u00f3n yazidi. Adi adapta sus caracter\u00edsticas musulmanas al yazidismo. Sin embargo, si para algunos la creencia yazidi incluye elementos que permiten percibirla como un sincretismo religioso, esta tesis sigue siendo debatida.<\/p>\n\n<p>La tradici\u00f3n oral de esta creencia es uno de los principales factores que la perjudicaron a los ojos de los musulmanes. \u00c9stos, reconociendo como sus iguales s\u00f3lo al pueblo de <a href=\"https:\/\/mythslegendes.com\/es\/bibliotecas-de-libros\/\">Entregado<\/a>, vio con malos ojos a estas comunidades rebeldes y paganas. Sin embargo, los yazid\u00edes no son seguidores de una tradici\u00f3n religiosa puramente oral: dos <a href=\"https:\/\/mythslegendes.com\/es\/bibliotecas-de-libros\/\">libros<\/a> sagrado servir\u00eda como base para sus leyes y ritos.<\/p>\n\n<h3 class=\"wp-block-heading\"><span class=\"ez-toc-section\" id=\"Description-de-la-croyance-yezidie\"><\/span>Descripci\u00f3n del credo Yazidi<span class=\"ez-toc-section-end\"><\/span><\/h3>\n\n<p>Malek Taw\u00fbs es un arc\u00e1ngel de la religi\u00f3n yazidi. <em>malek tawus<\/em> a menudo se representa con un pavo real debido a su nombre y porque el pavo real simboliza la diversidad, la belleza y el poder. Para los yazid\u00edes, su \u00fanico dios es el creador del mundo pero no su preservador. Esta tarea fue delegada a una procesi\u00f3n de siete \u00e1ngeles encabezada por el m\u00e1s importante de ellos: <em>malek tawus<\/em>. Seg\u00fan la fe yazidi, <em>malek tawus<\/em> es una emanaci\u00f3n y sierva del Todopoderoso. El primer d\u00eda (un domingo) Dios cre\u00f3 al \u00e1ngel Azrail, que es otro nombre para <em>Malek Tauus.<\/em> El segundo d\u00eda (un lunes) Dios cre\u00f3 a Dardail.<\/p>\n<p>Al tercer d\u00eda (un martes) Dios cre\u00f3 a Israel. En el cuarto d\u00eda (un mi\u00e9rcoles) Dios cre\u00f3 a Machael. En el quinto d\u00eda (un jueves) Dios cre\u00f3 Anzazil. En el sexto d\u00eda (un viernes) Dios cre\u00f3 Chemnail. Finalmente, en el s\u00e9ptimo d\u00eda (un s\u00e1bado) Dios cre\u00f3 a Nourail. Entonces Dios proclam\u00f3 a &quot;Malek Taous&quot; jefe de todos los dem\u00e1s \u00e1ngeles. \u201cMalik Taw\u00fbs\u201d significa literalmente \u201c\u00e1ngel pavo real\u201d en kurdo. En cierto modo podemos hacer un paralelo con el dios Sol <a href=\"https:\/\/mythslegendes.com\/es\/mitologia-del-gran-iran\/\">iran\u00ed<\/a> Mitra, quien \u00e9l mismo no era el Dios Supremo, sino un siervo de Dios.<\/p>\n\n<p>En el antiguo Ir\u00e1n, el nombre metaf\u00f3rico del Sol era &quot;Tavous-\u00e9 Falak&quot;, que significa &quot;Pavo Real Celestial&quot;. En la <a href=\"https:\/\/mythslegendes.com\/es\/mythes-et-legendes-grecques-1664\/\">Grecia<\/a> Antiguo, el pavo real era el s\u00edmbolo del Sol. En la <a href=\"https:\/\/mythslegendes.com\/es\/\">mitolog\u00eda<\/a> Las plumas del pavo real hind\u00fa se consideraban una representaci\u00f3n del cielo y las estrellas. En el yazidismo, el Sol es considerado una fuente de bondad, luz, calor pero sobre todo vida. Sin embargo, los yazid\u00edes no son \u201cadoradores del sol\u201d: Dios cre\u00f3 el sol y los yazid\u00edes se inclinan ante esta creaci\u00f3n divina.<\/p>\n\n<h3 class=\"wp-block-heading\"><span class=\"ez-toc-section\" id=\"Traditions-et-interdits-du-yezidisme\"><\/span>Tradiciones y tab\u00faes del yazidismo<span class=\"ez-toc-section-end\"><\/span><\/h3>\n\n<p>Los yazid\u00edes tienen dos libros sagrados: el <em>kiteba cilwe<\/em>, el Libro de las Revelaciones, y el <em>Mishefa Res<\/em>, el Libro Negro. la <em>kiteba cilwe<\/em> describe a Malek Taous y su relaci\u00f3n especial con los yazidis, mientras que el <em>Mishefa Res<\/em> describe la creaci\u00f3n del universo, los siete grandes \u00c1ngeles, los Yazidis y las leyes que estos \u00faltimos deben seguir.<\/p>\n\n<p>Se puede observar una gran cantidad de ritos que tienen en com\u00fan yazidis y zoroastrianos. Los yazid\u00edes rezan 5 veces al d\u00eda, como los zoroastrianos y como los musulmanes. Tambi\u00e9n se observa que la oraci\u00f3n de la ma\u00f1ana yazid\u00ed (durante la cual los yazid\u00edes rezan hacia el sol) se asemeja a la oraci\u00f3n de Zoroastrian. Al igual que los zoroastrianos, los yazid\u00edes est\u00e1n organizados en castas y tienen tab\u00faes relacionados con los 4 elementos (tierra, fuego, aire y agua). Los yazid\u00edes tambi\u00e9n practican el sacrificio del toro (culto a Mithra), que una vez fue practicado por los mazde\u00edstas.<abbr title=\"referencia\"><\/abbr>. Los yazidis y los zoroastrianos comparten el mismo feriado: el mi\u00e9rcoles.<\/p>\n\n<p>Los animales ocupan un lugar especial en las religiones antiguas, especialmente en el mitra\u00edsmo. Ciertos animales est\u00e1n pintados en los \u00edconos mitraicos, y los mismos animales est\u00e1n representados en el templo de Lalesh. Sus interpretaciones tambi\u00e9n son id\u00e9nticas a las de la religi\u00f3n mitraica. Mitra, una deidad <a href=\"https:\/\/mythslegendes.com\/es\/mitologia-del-gran-iran\/\">iran\u00ed<\/a>, sacrificado seg\u00fan <a href=\"https:\/\/mythslegendes.com\/es\/\">leyenda<\/a> un toro. Los yazid\u00edes hacen lo mismo en oto\u00f1o. Sacrifican un toro cada a\u00f1o por toda la humanidad y por un mundo m\u00e1s armonioso.<\/p>\n<p>En la antig\u00fcedad el toro simbolizaba el oto\u00f1o y su matanza deb\u00eda ser seguida por un a\u00f1o verde, lluvioso y fruct\u00edfero. En el mitra\u00edsmo la serpiente simbolizaba el cosmos. Los yazidis tienen un respeto especial por la serpiente, especialmente por la serpiente negra. Seg\u00fan la fe yazidi, la serpiente es un s\u00edmbolo de sabidur\u00eda. En la entrada del templo de Lalesh, se representa una serpiente negra.<\/p>\n\t\t\t\t\t\t\t\t<\/div>\n\t\t\t\t<\/div>\n\t\t\t\t\t<\/div>\n\t\t<\/div>\n\t\t\t\t\t<\/div>\n\t\t<\/section>\n\t\t\t\t<\/div>","protected":false},"excerpt":{"rendered":"<p>Wiki Mitolog\u00eda Kurda El yazidismo o Sharfadin, o religi\u00f3n de los siete \u00e1ngeles, es una religi\u00f3n monote\u00edsta de la comunidad etno-religiosa\u2026 <\/p>","protected":false},"author":1,"featured_media":0,"parent":3095,"menu_order":0,"comment_status":"closed","ping_status":"closed","template":"","meta":{"footnotes":""},"class_list":["post-3120","page","type-page","status-publish","hentry"],"amp_enabled":true,"_links":{"self":[{"href":"https:\/\/mythslegendes.com\/es\/wp-json\/wp\/v2\/pages\/3120","targetHints":{"allow":["GET"]}}],"collection":[{"href":"https:\/\/mythslegendes.com\/es\/wp-json\/wp\/v2\/pages"}],"about":[{"href":"https:\/\/mythslegendes.com\/es\/wp-json\/wp\/v2\/types\/page"}],"author":[{"embeddable":true,"href":"https:\/\/mythslegendes.com\/es\/wp-json\/wp\/v2\/users\/1"}],"replies":[{"embeddable":true,"href":"https:\/\/mythslegendes.com\/es\/wp-json\/wp\/v2\/comments?post=3120"}],"version-history":[{"count":2,"href":"https:\/\/mythslegendes.com\/es\/wp-json\/wp\/v2\/pages\/3120\/revisions"}],"predecessor-version":[{"id":25060,"href":"https:\/\/mythslegendes.com\/es\/wp-json\/wp\/v2\/pages\/3120\/revisions\/25060"}],"up":[{"embeddable":true,"href":"https:\/\/mythslegendes.com\/es\/wp-json\/wp\/v2\/pages\/3095"}],"wp:attachment":[{"href":"https:\/\/mythslegendes.com\/es\/wp-json\/wp\/v2\/media?parent=3120"}],"curies":[{"name":"wp","href":"https:\/\/api.w.org\/{rel}","templated":true}]}}