{"id":3123,"date":"2020-07-24T09:25:34","date_gmt":"2020-07-24T08:25:34","guid":{"rendered":"https:\/\/mythslegendes.com\/?page_id=3123"},"modified":"2022-12-03T22:07:50","modified_gmt":"2022-12-03T22:07:50","slug":"les-yezidis-et-les-qewle","status":"publish","type":"page","link":"https:\/\/mythslegendes.com\/es\/mitologia-kurda\/los-yezidis-y-el-qewle\/","title":{"rendered":"Los yazidis y los qewles"},"content":{"rendered":"\t\t<div data-elementor-type=\"wp-page\" data-elementor-id=\"3123\" class=\"elementor elementor-3123\">\n\t\t\t\t\t\t<section class=\"elementor-section elementor-top-section elementor-element elementor-element-9f6d1b8 elementor-section-boxed elementor-section-height-default elementor-section-height-default\" data-id=\"9f6d1b8\" data-element_type=\"section\" data-e-type=\"section\">\n\t\t\t\t\t\t<div class=\"elementor-container elementor-column-gap-default\">\n\t\t\t\t\t<div class=\"elementor-column elementor-col-50 elementor-top-column elementor-element elementor-element-b303318\" data-id=\"b303318\" data-element_type=\"column\" data-e-type=\"column\">\n\t\t\t<div class=\"elementor-widget-wrap elementor-element-populated\">\n\t\t\t\t\t\t<div class=\"elementor-element elementor-element-8c643a9 elementor-align-justify elementor-widget elementor-widget-button\" data-id=\"8c643a9\" data-element_type=\"widget\" data-e-type=\"widget\" data-widget_type=\"button.default\">\n\t\t\t\t<div class=\"elementor-widget-container\">\n\t\t\t\t\t\t\t\t\t<div class=\"elementor-button-wrapper\">\n\t\t\t\t\t<a class=\"elementor-button elementor-button-link elementor-size-sm\" href=\"https:\/\/mythslegendes.com\/mythologie-kurde\/\">\n\t\t\t\t\t\t<span class=\"elementor-button-content-wrapper\">\n\t\t\t\t\t\t\t\t\t<span class=\"elementor-button-text\">Mythologie Kurde<\/span>\n\t\t\t\t\t<\/span>\n\t\t\t\t\t<\/a>\n\t\t\t\t<\/div>\n\t\t\t\t\t\t\t\t<\/div>\n\t\t\t\t<\/div>\n\t\t\t\t\t<\/div>\n\t\t<\/div>\n\t\t\t\t<div class=\"elementor-column elementor-col-50 elementor-top-column elementor-element elementor-element-29d8b20\" data-id=\"29d8b20\" data-element_type=\"column\" data-e-type=\"column\">\n\t\t\t<div class=\"elementor-widget-wrap elementor-element-populated\">\n\t\t\t\t\t\t<div class=\"elementor-element elementor-element-99485db elementor-align-justify elementor-widget elementor-widget-button\" data-id=\"99485db\" data-element_type=\"widget\" data-e-type=\"widget\" data-widget_type=\"button.default\">\n\t\t\t\t<div class=\"elementor-widget-container\">\n\t\t\t\t\t\t\t\t\t<div class=\"elementor-button-wrapper\">\n\t\t\t\t\t<a class=\"elementor-button elementor-button-link elementor-size-sm\" href=\"https:\/\/fr.abcdef.wiki\/wiki\/Kurdish_mythology\" target=\"_blank\" rel=\"noopener\">\n\t\t\t\t\t\t<span class=\"elementor-button-content-wrapper\">\n\t\t\t\t\t\t\t\t\t<span class=\"elementor-button-text\">Wiki<\/span>\n\t\t\t\t\t<\/span>\n\t\t\t\t\t<\/a>\n\t\t\t\t<\/div>\n\t\t\t\t\t\t\t\t<\/div>\n\t\t\t\t<\/div>\n\t\t\t\t\t<\/div>\n\t\t<\/div>\n\t\t\t\t\t<\/div>\n\t\t<\/section>\n\t\t\t\t<section class=\"elementor-section elementor-top-section elementor-element elementor-element-7e575e32 elementor-section-boxed elementor-section-height-default elementor-section-height-default\" data-id=\"7e575e32\" data-element_type=\"section\" data-e-type=\"section\">\n\t\t\t\t\t\t<div class=\"elementor-container elementor-column-gap-default\">\n\t\t\t\t\t<div class=\"elementor-column elementor-col-100 elementor-top-column elementor-element elementor-element-2d7b9b57\" data-id=\"2d7b9b57\" data-element_type=\"column\" data-e-type=\"column\">\n\t\t\t<div class=\"elementor-widget-wrap elementor-element-populated\">\n\t\t\t\t\t\t<div class=\"elementor-element elementor-element-4fb2573c elementor-widget elementor-widget-text-editor\" data-id=\"4fb2573c\" data-element_type=\"widget\" data-e-type=\"widget\" data-widget_type=\"text-editor.default\">\n\t\t\t\t<div class=\"elementor-widget-container\">\n\t\t\t\t\t\t\t\t\t\n<p>Les Ezidis, depuis qu&rsquo;ils existent, fonctionnent avec un syst\u00e8me de castes religieuses, comme le faisaient certaines civilisations anciennes telles que les Babyloniens et les \u00c9gyptiens. \u00a0Les <strong>\u00ab\u00a0Qewle\u00a0\u00bb<\/strong>, textes sacr\u00e9s Ezidis, sont la source et la confirmation de la confession et de l&rsquo;ethnie Ezidie ; tout comme les chr\u00e9tiens se r\u00e9f\u00e8rent \u00e0 la Bible. \u00a0<\/p>\n<p><img decoding=\"async\" class=\"alignnone wp-image-5284 size-full\" src=\"https:\/\/mythslegendes.com\/wp-content\/uploads\/2020\/09\/AlphaOmega-e1602613368367.png\" alt=\"Qewle\" width=\"25\" height=\"26\" title=\"\"><\/p>\n<div id=\"ez-toc-container\" class=\"ez-toc-v2_0_82_2 counter-hierarchy ez-toc-counter ez-toc-grey ez-toc-container-direction\">\n<div class=\"ez-toc-title-container\">\n<p class=\"ez-toc-title\" style=\"cursor:inherit\">Contenus<\/p>\n<span class=\"ez-toc-title-toggle\"><a href=\"#\" class=\"ez-toc-pull-right ez-toc-btn ez-toc-btn-xs ez-toc-btn-default ez-toc-toggle\" aria-label=\"Alternar tabla de contenidos\"><span class=\"ez-toc-js-icon-con\"><span class=\"\"><span class=\"eztoc-hide\" style=\"display:none;\">Toggle<\/span><span class=\"ez-toc-icon-toggle-span\"><svg style=\"fill: #999;color:#999\" xmlns=\"http:\/\/www.w3.org\/2000\/svg\" class=\"list-377408\" width=\"20px\" height=\"20px\" viewBox=\"0 0 24 24\" fill=\"none\"><path d=\"M6 6H4v2h2V6zm14 0H8v2h12V6zM4 11h2v2H4v-2zm16 0H8v2h12v-2zM4 16h2v2H4v-2zm16 0H8v2h12v-2z\" fill=\"currentColor\"><\/path><\/svg><svg style=\"fill: #999;color:#999\" class=\"arrow-unsorted-368013\" xmlns=\"http:\/\/www.w3.org\/2000\/svg\" width=\"10px\" height=\"10px\" viewBox=\"0 0 24 24\" version=\"1.2\" baseProfile=\"tiny\"><path d=\"M18.2 9.3l-6.2-6.3-6.2 6.3c-.2.2-.3.4-.3.7s.1.5.3.7c.2.2.4.3.7.3h11c.3 0 .5-.1.7-.3.2-.2.3-.5.3-.7s-.1-.5-.3-.7zM5.8 14.7l6.2 6.3 6.2-6.3c.2-.2.3-.5.3-.7s-.1-.5-.3-.7c-.2-.2-.4-.3-.7-.3h-11c-.3 0-.5.1-.7.3-.2.2-.3.5-.3.7s.1.5.3.7z\"\/><\/svg><\/span><\/span><\/span><\/a><\/span><\/div>\n<nav><ul class='ez-toc-list ez-toc-list-level-1 ' ><li class='ez-toc-page-1 ez-toc-heading-level-2'><a class=\"ez-toc-link ez-toc-heading-1\" href=\"https:\/\/mythslegendes.com\/es\/mitologia-kurda\/los-yezidis-y-el-qewle\/#Les-Qewle\" >Les Qewle<\/a><\/li><\/ul><\/nav><\/div>\n<h2><span class=\"ez-toc-section\" id=\"Les-Qewle\"><\/span><strong>Les Qewle<\/strong><span class=\"ez-toc-section-end\"><\/span><\/h2>\n\n<p><em><strong>Qewle<\/strong>\u00ab\u00a0M\u00e9klub M\u00e9rge slavSlav\u00e9min M\u00e9klub M\u00e9rgeLalishe xudane qub\u00e9Ev jie EzdixaneEm dchin ber Xude sijude.\u00a0\u00bb<\/em><\/p>\n\n<p><strong>Texte sacr\u00e9<\/strong> \u00ab\u00a0M\u00e9qlub Merg\u00e9 Mes salutations (deux r\u00e9gions habit\u00e9s par des Ezidis) Mes salutations \u00e0 M\u00e9qlub Merg\u00e9 (\u00e0 de nombreux temples sacr\u00e9s sur ces territoires) \u00e0 la r\u00e9gion de Lalish protectrice (o\u00f9 se trouve le temple Lalish) c&rsquo;est le pays des Ezidis (Ezdixane, se prononce [ezdikhane] ) ce sont les endroits o\u00f9 nous allons prier Dieu.\u00a0\u00bb \u00a0<\/p>\n\n<p>Les textes sacr\u00e9s nous \u00e9voquent de nombreux endroits g\u00e9ographiques et des temples en Ezdixane (le pays des Ezidis). Ces lieux historiques repr\u00e9sentent le patrimoine Ezidis. \u00a0<\/p>\n\n<p><em><strong>Qewle<\/strong>\u00ab\u00a0Ji Qewl\u00ea P\u00eer Re\u015f\u00ea c\u00eedaDi b\u00eajme we gel\u00ee mir\u00eedaMe d\u00een \u015eerfed\u00eene atqat siltan \u00caz\u00eede\u00a0\u00bb<\/em><\/p>\n\n<p><strong>Texte sacr\u00e9<\/strong> \u00ab\u00a0De l&rsquo;hymne de Pir R\u00e9chDjida. Je dis \u00e0 vous les \u00c9zidis (miride). Notre religion est Sherfed\u00eene, notre foi est Sultan \u00caz\u00eede.\u00a0\u00bb<\/p>\n\n<p>Les textes sacr\u00e9s \u00c9zidis nous prouvent qu&rsquo;ils sont de religion Sherfed\u00eene. \u00a0 Le y\u00e9zidisme est un terme invent\u00e9 par les orientalistes, les explorateurs, les \u00e9crivains et les historiens, pour d\u00e9crire les \u00e9zidis. \u00a0<\/p>\n\n<p>Les Ezidis demandent d&rsquo;abord la mis\u00e9ricorde pour l&rsquo;ensemble du monde, et seulement apr\u00e8s pour eux-m\u00eames. Ce geste est un bon exemple d&rsquo;humanit\u00e9 et de tol\u00e9rance. \u00a0<\/p>\n\n<p><em><strong>Qewle<\/strong>\u00ab\u00a0Xwed\u00eao, tu heft\u00ea \u00fb du mlet\u00ee b\u00eay\u00ee rehm\u00eaSer\u00ea ser belg\u00eeya, girt\u00eey\u00ea hebs\u00eeyaR\u00eaw\u00eey\u00ea riya, kes\u00eeb, belengaz \u00fb \u00eaxs\u00eera,Me j\u00ee p\u00eara.\u00a0\u00bb<\/em><\/p>\n\n<p><strong>Texte sacr\u00e9<\/strong> \u00ab\u00a0Dieu Soyez mis\u00e9ricordieux pour les 72 nations, pour Ceux qui sont confin\u00e9s au lit, ceux qui sont en prison, pour ceux qui sont pauvres et mis\u00e9rables, (qui survivent) et pour nous le peuple Ezidis.\u00a0\u00bb \u00a0<\/p>\n\n<p>Les textes sacr\u00e9s confirment que les Ezidis sont un groupe ethnique \u00e0 part enti\u00e8re, qu&rsquo;ils ont leur propre religion (Sherfedine) et qu&rsquo;ils ont eu leur propre pays (avec ses r\u00e9gions). \u00a0<\/p>\n\n<p>Mais malheureusement, aujourd&rsquo;hui on trouve plusieurs versions sur l&rsquo;origine des Ezidis. Ils sont parfois consid\u00e9r\u00e9s comme \u00e9tant d&rsquo;origine juive, car il y avait une forte communaut\u00e9 juive \u00e0 Sinjar. D&rsquo;autres fois, on leur attribue une origine romaine, car les Ezidis de Sinjar sont blancs et ont les yeux bleus. Certains consid\u00e8rent qu&rsquo;ils sont d&rsquo;origine hindou car le paon est un symbole sacr\u00e9, tant pour les Hindous que pour les Ezidis. \u00a0<\/p>\n\n<p>Il est important de noter que certains Ezidis se revendiquent ethniquement <a href=\"https:\/\/mythslegendes.com\/es\/mitologia-kurda\/\">kurdes<\/a>, alors que d&rsquo;autres affirment qu&rsquo;ils sont arabes.<\/p>\n\t\t\t\t\t\t\t\t<\/div>\n\t\t\t\t<\/div>\n\t\t\t\t\t<\/div>\n\t\t<\/div>\n\t\t\t\t\t<\/div>\n\t\t<\/section>\n\t\t\t\t<\/div>\n\t\t","protected":false},"excerpt":{"rendered":"<p>Mythologie Kurde Wiki Les Ezidis, depuis qu&rsquo;ils existent, fonctionnent avec un syst\u00e8me de castes religieuses, comme le faisaient certaines civilisations &hellip; <\/p>","protected":false},"author":1,"featured_media":0,"parent":3095,"menu_order":0,"comment_status":"closed","ping_status":"closed","template":"","meta":{"footnotes":""},"class_list":["post-3123","page","type-page","status-publish","hentry"],"amp_enabled":true,"_links":{"self":[{"href":"https:\/\/mythslegendes.com\/es\/wp-json\/wp\/v2\/pages\/3123","targetHints":{"allow":["GET"]}}],"collection":[{"href":"https:\/\/mythslegendes.com\/es\/wp-json\/wp\/v2\/pages"}],"about":[{"href":"https:\/\/mythslegendes.com\/es\/wp-json\/wp\/v2\/types\/page"}],"author":[{"embeddable":true,"href":"https:\/\/mythslegendes.com\/es\/wp-json\/wp\/v2\/users\/1"}],"replies":[{"embeddable":true,"href":"https:\/\/mythslegendes.com\/es\/wp-json\/wp\/v2\/comments?post=3123"}],"version-history":[{"count":2,"href":"https:\/\/mythslegendes.com\/es\/wp-json\/wp\/v2\/pages\/3123\/revisions"}],"predecessor-version":[{"id":25061,"href":"https:\/\/mythslegendes.com\/es\/wp-json\/wp\/v2\/pages\/3123\/revisions\/25061"}],"up":[{"embeddable":true,"href":"https:\/\/mythslegendes.com\/es\/wp-json\/wp\/v2\/pages\/3095"}],"wp:attachment":[{"href":"https:\/\/mythslegendes.com\/es\/wp-json\/wp\/v2\/media?parent=3123"}],"curies":[{"name":"wp","href":"https:\/\/api.w.org\/{rel}","templated":true}]}}