{"id":3126,"date":"2020-07-24T09:33:26","date_gmt":"2020-07-24T08:33:26","guid":{"rendered":"https:\/\/mythslegendes.com\/?page_id=3126"},"modified":"2022-12-03T22:07:51","modified_gmt":"2022-12-03T22:07:51","slug":"legendes-du-mont-ararat","status":"publish","type":"page","link":"https:\/\/mythslegendes.com\/es\/mitologia-kurda\/leyendas-del-monte-ararat\/","title":{"rendered":"Leyendas del monte Ararat"},"content":{"rendered":"<div data-elementor-type=\"wp-page\" data-elementor-id=\"3126\" class=\"elementor elementor-3126\">\n\t\t\t\t\t\t<section class=\"elementor-section elementor-top-section elementor-element elementor-element-4fc9ee4 elementor-section-boxed elementor-section-height-default elementor-section-height-default\" data-id=\"4fc9ee4\" data-element_type=\"section\" data-e-type=\"section\">\n\t\t\t\t\t\t<div class=\"elementor-container elementor-column-gap-default\">\n\t\t\t\t\t<div class=\"elementor-column elementor-col-50 elementor-top-column elementor-element elementor-element-82cfcd6\" data-id=\"82cfcd6\" data-element_type=\"column\" data-e-type=\"column\">\n\t\t\t<div class=\"elementor-widget-wrap elementor-element-populated\">\n\t\t\t\t\t\t<div class=\"elementor-element elementor-element-e1e673a elementor-align-justify elementor-widget elementor-widget-button\" data-id=\"e1e673a\" data-element_type=\"widget\" data-e-type=\"widget\" data-widget_type=\"button.default\">\n\t\t\t\t<div class=\"elementor-widget-container\">\n\t\t\t\t\t\t\t\t\t<div class=\"elementor-button-wrapper\">\n\t\t\t\t\t<a class=\"elementor-button elementor-button-link elementor-size-sm\" href=\"https:\/\/mythslegendes.com\/es\/mitologia-kurda\/\">\n\t\t\t\t\t\t<span class=\"elementor-button-content-wrapper\">\n\t\t\t\t\t\t\t\t\t<span class=\"elementor-button-text\">Mitolog\u00eda kurda<\/span>\n\t\t\t\t\t<\/span>\n\t\t\t\t\t<\/a>\n\t\t\t\t<\/div>\n\t\t\t\t\t\t\t\t<\/div>\n\t\t\t\t<\/div>\n\t\t\t\t\t<\/div>\n\t\t<\/div>\n\t\t\t\t<div class=\"elementor-column elementor-col-50 elementor-top-column elementor-element elementor-element-ec26fd6\" data-id=\"ec26fd6\" data-element_type=\"column\" data-e-type=\"column\">\n\t\t\t<div class=\"elementor-widget-wrap elementor-element-populated\">\n\t\t\t\t\t\t<div class=\"elementor-element elementor-element-e9ffcf0 elementor-align-justify elementor-widget elementor-widget-button\" data-id=\"e9ffcf0\" data-element_type=\"widget\" data-e-type=\"widget\" data-widget_type=\"button.default\">\n\t\t\t\t<div class=\"elementor-widget-container\">\n\t\t\t\t\t\t\t\t\t<div class=\"elementor-button-wrapper\">\n\t\t\t\t\t<a class=\"elementor-button elementor-button-link elementor-size-sm\" href=\"https:\/\/fr.abcdef.wiki\/wiki\/Kurdish_mythology\" target=\"_blank\" rel=\"noopener\">\n\t\t\t\t\t\t<span class=\"elementor-button-content-wrapper\">\n\t\t\t\t\t\t\t\t\t<span class=\"elementor-button-text\">Wiki<\/span>\n\t\t\t\t\t<\/span>\n\t\t\t\t\t<\/a>\n\t\t\t\t<\/div>\n\t\t\t\t\t\t\t\t<\/div>\n\t\t\t\t<\/div>\n\t\t\t\t\t<\/div>\n\t\t<\/div>\n\t\t\t\t\t<\/div>\n\t\t<\/section>\n\t\t\t\t<section class=\"elementor-section elementor-top-section elementor-element elementor-element-e92dd14 elementor-section-boxed elementor-section-height-default elementor-section-height-default\" data-id=\"e92dd14\" data-element_type=\"section\" data-e-type=\"section\">\n\t\t\t\t\t\t<div class=\"elementor-container elementor-column-gap-default\">\n\t\t\t\t\t<div class=\"elementor-column elementor-col-100 elementor-top-column elementor-element elementor-element-72d38a9\" data-id=\"72d38a9\" data-element_type=\"column\" data-e-type=\"column\">\n\t\t\t<div class=\"elementor-widget-wrap elementor-element-populated\">\n\t\t\t\t\t\t<div class=\"elementor-element elementor-element-30a7f11 elementor-widget elementor-widget-text-editor\" data-id=\"30a7f11\" data-element_type=\"widget\" data-e-type=\"widget\" data-widget_type=\"text-editor.default\">\n\t\t\t\t<div class=\"elementor-widget-container\">\n\t\t\t\t\t\t\t\t\t<p><strong>El punto m\u00e1s alto de Turqu\u00eda, fuerte s\u00edmbolo nacional de<a href=\"https:\/\/mythslegendes.com\/es\/mitologia-armenia\/\">Armenia<\/a>, Monte Ararat <\/strong>se envuelve en <a href=\"https:\/\/mythslegendes.com\/es\/\">leyendas<\/a> e historias fabulosas. El relato m\u00e1s conocido hace de este volc\u00e1n cubierto de nieves eternas el sitio donde se refugi\u00f3 el arca de No\u00e9 durante el diluvio b\u00edblico y esper\u00f3 la retirada de las aguas. Mitos que exacerban la belleza natural del lugar.<\/p>\t\t\t\t\t\t\t\t<\/div>\n\t\t\t\t<\/div>\n\t\t\t\t\t<\/div>\n\t\t<\/div>\n\t\t\t\t\t<\/div>\n\t\t<\/section>\n\t\t\t\t<section class=\"elementor-section elementor-top-section elementor-element elementor-element-7bcc9c71 elementor-section-boxed elementor-section-height-default elementor-section-height-default\" data-id=\"7bcc9c71\" data-element_type=\"section\" data-e-type=\"section\">\n\t\t\t\t\t\t<div class=\"elementor-container elementor-column-gap-default\">\n\t\t\t\t\t<div class=\"elementor-column elementor-col-100 elementor-top-column elementor-element elementor-element-6777e6f8\" data-id=\"6777e6f8\" data-element_type=\"column\" data-e-type=\"column\">\n\t\t\t<div class=\"elementor-widget-wrap elementor-element-populated\">\n\t\t\t\t\t\t<div class=\"elementor-element elementor-element-51c98704 elementor-widget elementor-widget-text-editor\" data-id=\"51c98704\" data-element_type=\"widget\" data-e-type=\"widget\" data-widget_type=\"text-editor.default\">\n\t\t\t\t<div class=\"elementor-widget-container\">\n\t\t\t\t\t\t\t\t\t\n<div id=\"ez-toc-container\" class=\"ez-toc-v2_0_82_2 counter-hierarchy ez-toc-counter ez-toc-grey ez-toc-container-direction\">\n<div class=\"ez-toc-title-container\">\n<p class=\"ez-toc-title\" style=\"cursor:inherit\">Contenido<\/p>\n<span class=\"ez-toc-title-toggle\"><a href=\"#\" class=\"ez-toc-pull-right ez-toc-btn ez-toc-btn-xs ez-toc-btn-default ez-toc-toggle\" aria-label=\"Alternar tabla de contenidos\"><span class=\"ez-toc-js-icon-con\"><span class=\"\"><span class=\"eztoc-hide\" style=\"display:none;\">Palanca<\/span><span class=\"ez-toc-icon-toggle-span\"><svg style=\"fill: #999;color:#999\" xmlns=\"http:\/\/www.w3.org\/2000\/svg\" class=\"list-377408\" width=\"20px\" height=\"20px\" viewbox=\"0 0 24 24\" fill=\"none\"><path d=\"M6 6H4v2h2V6zm14 0H8v2h12V6zM4 11h2v2H4v-2zm16 0H8v2h12v-2zM4 16h2v2H4v-2zm16 0H8v2h12v-2z\" fill=\"currentColor\"><\/path><\/svg><svg style=\"fill: #999;color:#999\" class=\"arrow-unsorted-368013\" xmlns=\"http:\/\/www.w3.org\/2000\/svg\" width=\"10px\" height=\"10px\" viewbox=\"0 0 24 24\" version=\"1.2\" baseprofile=\"tiny\"><path d=\"M18.2 9.3l-6.2-6.3-6.2 6.3c-.2.2-.3.4-.3.7s.1.5.3.7c.2.2.4.3.7.3h11c.3 0 .5-.1.7-.3.2-.2.3-.5.3-.7s-.1-.5-.3-.7zM5.8 14.7l6.2 6.3 6.2-6.3c.2-.2.3-.5.3-.7s-.1-.5-.3-.7c-.2-.2-.4-.3-.7-.3h-11c-.3 0-.5.1-.7.3-.2.2-.3.5-.3.7s.1.5.3.7z\"\/><\/svg><\/span><\/span><\/span><\/a><\/span><\/div>\n<nav><ul class='ez-toc-list ez-toc-list-level-1' ><li class='ez-toc-page-1 ez-toc-heading-level-2'><a class=\"ez-toc-link ez-toc-heading-1\" href=\"https:\/\/mythslegendes.com\/es\/mitologia-kurda\/leyendas-del-monte-ararat\/#Le-mont-Ararat-un-puissant-volcan-endormi\" >Monte Ararat, un poderoso volc\u00e1n inactivo<\/a><\/li><li class='ez-toc-page-1 ez-toc-heading-level-2'><a class=\"ez-toc-link ez-toc-heading-2\" href=\"https:\/\/mythslegendes.com\/es\/mitologia-kurda\/leyendas-del-monte-ararat\/#Pour-Noe-le-Mont-Ararat-est-le-refuge-ultime\" >Para No\u00e9, el monte Ararat es el \u00faltimo refugio<\/a><\/li><li class='ez-toc-page-1 ez-toc-heading-level-2'><a class=\"ez-toc-link ez-toc-heading-3\" href=\"https:\/\/mythslegendes.com\/es\/mitologia-kurda\/leyendas-del-monte-ararat\/#Comme-un-bateau-sur-le-Mont-Ararat\" >Como un barco en el monte Ararat<\/a><\/li><li class='ez-toc-page-1 ez-toc-heading-level-2'><a class=\"ez-toc-link ez-toc-heading-4\" href=\"https:\/\/mythslegendes.com\/es\/mitologia-kurda\/leyendas-del-monte-ararat\/#Une-legende-armenienne\" >Una leyenda armenia<\/a><\/li><li class='ez-toc-page-1 ez-toc-heading-level-2'><a class=\"ez-toc-link ez-toc-heading-5\" href=\"https:\/\/mythslegendes.com\/es\/mitologia-kurda\/leyendas-del-monte-ararat\/#Le-Mont-Ararat-en-Armenie-symbole-dun-pays-millenaire\" >Monte Ararat en Armenia, s\u00edmbolo de un pa\u00eds milenario<\/a><\/li><\/ul><\/nav><\/div>\n<h2 class=\"wp-block-heading\"><span class=\"ez-toc-section\" id=\"Le-mont-Ararat-un-puissant-volcan-endormi\"><\/span>Monte Ararat, un poderoso volc\u00e1n inactivo<span class=\"ez-toc-section-end\"><\/span><\/h2>\n\n<figure class=\"wp-block-image\"><img fetchpriority=\"high\" decoding=\"async\" class=\"alignnone\" src=\"https:\/\/www.voyage.fr\/sites\/default\/files\/inline-images\/01-un-puissant-volcan-endormi.jpg\" alt=\"Monte Ararat\" width=\"1170\" height=\"530\" title=\"\"><\/figure>\n\n<p>De pie en la meseta alta <a href=\"https:\/\/mythslegendes.com\/es\/mitologia-armenia\/\">armenio<\/a>, el monte Ararat domina una cadena monta\u00f1osa en el este de Turqu\u00eda. La intensa actividad volc\u00e1nica le dio origen hace aproximadamente 1,5 millones de a\u00f1os. Erupci\u00f3n tras erupci\u00f3n, este cr\u00e1ter o m\u00e1s bien estos cr\u00e1teres se elevaban pacientemente hasta convertirse en los picos m\u00e1s altos de la regi\u00f3n. Mirando m\u00e1s adentro del perfil del monte Ararat, emergen dos picos, unidos por una amplia banda de lava.<\/p>\n<p>El &quot;Gran Ararat&quot; se acerca a los 5.160 metros mientras que el &quot;Peque\u00f1o Ararat&quot;, el sexto pico m\u00e1s alto del pa\u00eds y un cono casi perfecto, se eleva entre los 3.896 metros y los 3.925 metros (seg\u00fan las fuentes). Un gigante cubierto de hielo y nieve, se cree que el techo de Turqu\u00eda es un volc\u00e1n inactivo coronado por una gruesa capa de hielo.\u00a0<\/p>\n\n<p>M\u00e1s all\u00e1 de su naturaleza geol\u00f3gica, el Monte Ararat aparece como un sitio envuelto en un aura sagrada. Las civilizaciones que sucesivamente ocuparon sus flancos y se asentaron a sus pies le otorgaron una posici\u00f3n central en su <a href=\"https:\/\/mythslegendes.com\/es\/\">mitolog\u00eda<\/a>. Tanto para los sumerios como para los antiguos armenios, era el lugar donde el sol llegaba a descansar por la noche. Extra\u00f1amente, la estrella parec\u00eda ponerse all\u00ed todas las tardes y emerger todas las ma\u00f1anas.\u00a0<\/p>\n\n<h2 class=\"wp-block-heading\"><span class=\"ez-toc-section\" id=\"Pour-Noe-le-Mont-Ararat-est-le-refuge-ultime\"><\/span>Para No\u00e9, el monte Ararat es el \u00faltimo refugio<span class=\"ez-toc-section-end\"><\/span><\/h2>\n\n<figure class=\"wp-block-image\"><img decoding=\"async\" src=\"https:\/\/www.voyage.fr\/sites\/default\/files\/inline-images\/02-pour-noe-le-mont-ararat-est-le-refuge-ultime.jpg\" alt=\"para-noe-mount-ararat-es-el-ultimo-refugio\" title=\"\"><\/figure>\n\n<p>Para los cristianos, es la monta\u00f1a mencionada por la Biblia despu\u00e9s del diluvio. G\u00e9nesis, primero <a href=\"https:\/\/mythslegendes.com\/es\/bibliotecas-de-libros\/\">libro<\/a> de esta colecci\u00f3n de textos sagrados, cuenta que Dios queriendo purificar la Tierra de una humanidad corrompida dio la orden a No\u00e9, el \u00faltimo hombre virtuoso, de construir una vasija.<\/p>\n<p>Este fue para albergar a la familia de No\u00e9, pero tambi\u00e9n a una pareja de cada una de las especies animales que entonces ocupaban la Tierra. Durante 40 d\u00edas y 40 noches, trombas marinas cayeron sobre la Tierra, destruyendo toda forma de vida. Durante los siguientes 150 d\u00edas, el barco deambula, llevado por las olas, hasta que &quot;encalla&quot; en la cima de una monta\u00f1a, esperando la prueba de que las aguas han desaparecido.\u00a0<\/p>\n\n<p>La Biblia nombra el lugar de esta puesta a tierra las monta\u00f1as de Ararat. <strong>Para los primeros cristianos y en el Islam, el monte Ararat estaba m\u00e1s al sur, encarnado por el monte Djoudi<\/strong>. Sin embargo, la creencia ha evolucionado para hacer de la cordillera armenia, m\u00e1s majestuosa y m\u00e1s alta, el sitio donde habr\u00eda aterrizado el arca de No\u00e9.<\/p>\n\n<h2 class=\"wp-block-heading\"><span class=\"ez-toc-section\" id=\"Comme-un-bateau-sur-le-Mont-Ararat\"><\/span>Como un barco en el monte Ararat<span class=\"ez-toc-section-end\"><\/span><\/h2>\n\n<figure class=\"wp-block-image\"><img decoding=\"async\" src=\"https:\/\/www.voyage.fr\/sites\/default\/files\/inline-images\/03-comme-un-bateau-sur-le-mont-ararat.jpg\" alt=\"como-un-barco-en-el-monte-ararat\" title=\"\"><\/figure>\n\n<p>Como otros mitos fundacionales, los hombres han buscado dar m\u00e1s sustancia a esta historia encontrando pruebas de su veracidad. Ya en el siglo V, los comentaristas afirman que el arco todav\u00eda es visible en la cima de la monta\u00f1a.<\/p>\n<p>La investigaci\u00f3n y las expediciones para desenterrarlo se han multiplicado en el pasado. La anomal\u00eda de Ararat o el yacimiento de Durupinar, en forma de barca, aparecen como tantos posibles vestigios de la fabulosa nave de No\u00e9.<\/p>\n\n<p>Las civilizaciones sumeria, mesopot\u00e1mica y babil\u00f3nica anteriores a la historia b\u00edblica tambi\u00e9n tienen mitos relacionados con una inundaci\u00f3n. Y cada uno de ellos vio el monte Ararat como el sitio que salv\u00f3 a una de las figuras clave de su mitolog\u00eda. Desde los albores de la civilizaci\u00f3n moderna, este lugar ha tenido un fuerte simbolismo.\u00a0<\/p>\n\n<h2 class=\"wp-block-heading\"><span class=\"ez-toc-section\" id=\"Une-legende-armenienne\"><\/span>Una leyenda armenia<span class=\"ez-toc-section-end\"><\/span><\/h2>\n\n<figure class=\"wp-block-image\"><img decoding=\"async\" src=\"https:\/\/www.voyage.fr\/sites\/default\/files\/inline-images\/04-une-legende-armenienne.jpg\" alt=\"una-leyenda-armenia\" title=\"\"><\/figure>\n\n<p>Para los habitantes hist\u00f3ricos de la regi\u00f3n, los armenios, el monte Ararat, al que llamaron Masik (o Masis solo para el Gran Ararat), sigue siendo el hogar de Ara. H\u00e9roe m\u00edtico deificado, descendiente de Ha\u00efk, el padre fundador de Armenia, pertenece a un culto anterior al cristianismo, adoptado oficialmente en el siglo IV en este pa\u00eds.\u00a0<\/p>\n\n<p>Seg\u00fan la leyenda, pose\u00eda una belleza excepcional que le vali\u00f3 el nombre de Ara el Hermoso. Tanto es as\u00ed que llam\u00f3 la atenci\u00f3n de la reina Sem\u00edramis\u2026 Ella misma de ascendencia divina, esta soberana guerrera asiria ser\u00eda la fundadora de <a href=\"https:\/\/mythslegendes.com\/es\/mitologia-babilonica-acadia-asiria\/\">Babilonia<\/a> y sus jardines colgantes.<\/p>\n\n<p>Al enviudar del rey Ni\u00f1o de N\u00ednive, declara abiertamente su inter\u00e9s por Ara, a quien nunca hab\u00eda conocido y que entonces reinaba sobre la provincia de Armenia. Ella lo colma de regalos, pero \u00e9l no presta atenci\u00f3n a sus avances. Decepcionada y herida, la soberana levanta su poderoso ej\u00e9rcito y marcha sobre Armenia.<\/p>\n<p>Ella lucha batalla tras batalla en la regi\u00f3n que rodea el Monte Ararat en un intento de acercarse al objeto de su atenci\u00f3n y seducirlo por la fuerza. Ara the Beautiful contin\u00faa ignorando sus avances. Muere, herido durante una pelea, mientras que Semiramis hab\u00eda pedido que lo salvaran por todos los medios.<\/p>\n\n<h2 class=\"wp-block-heading\"><span class=\"ez-toc-section\" id=\"Le-Mont-Ararat-en-Armenie-symbole-dun-pays-millenaire\"><\/span>Monte Ararat en Armenia, s\u00edmbolo de un pa\u00eds milenario<span class=\"ez-toc-section-end\"><\/span><\/h2>\n\n<figure class=\"wp-block-image\"><img decoding=\"async\" src=\"https:\/\/www.voyage.fr\/sites\/default\/files\/inline-images\/05-le-mont-ararat-en-armenie-symbole-d-un-pays-millenaire.jpg\" alt=\"monte-ararat-en-armenia-simbolo-de-un-pais-milenario\" title=\"\"><\/figure>\n\n<p>A partir de ah\u00ed, las versiones de la historia divergen. Tras llevar el cuerpo del rey a su palacio, la reina intenta utilizar los poderes m\u00e1gicos de los que est\u00e1 dotada e invoca a los dioses para devolverle la vida a Ara. Al no hacerlo, declara, sin embargo, que el rey resucit\u00f3 para evitar m\u00e1s peleas con los armenios.<\/p>\n<p>Una versi\u00f3n divergente de la historia dice que los sirvientes de Semiramis no pueden encontrar el cuerpo del hombre entre los muertos. La reina se arrepiente al ver las atrocidades que ha causado. Estas dos interpretaciones de la leyenda relatan en todos los casos la conquista de Armenia y su cumbre m\u00e1s alta por parte de los asirios. Uno de los tantos episodios de la turbulenta historia de este pa\u00eds.<\/p>\n\t\t\t\t\t\t\t\t<\/div>\n\t\t\t\t<\/div>\n\t\t\t\t\t<\/div>\n\t\t<\/div>\n\t\t\t\t\t<\/div>\n\t\t<\/section>\n\t\t\t\t<\/div>","protected":false},"excerpt":{"rendered":"<p>Mythologie Kurde Wiki Point culminant de la Turquie, symbole national fort de l\u2019Arm\u00e9nie, le mont Ararat s\u2019enveloppe de l\u00e9gendes et &hellip; <\/p>","protected":false},"author":1,"featured_media":0,"parent":3095,"menu_order":0,"comment_status":"closed","ping_status":"closed","template":"","meta":{"footnotes":""},"class_list":["post-3126","page","type-page","status-publish","hentry"],"amp_enabled":true,"_links":{"self":[{"href":"https:\/\/mythslegendes.com\/es\/wp-json\/wp\/v2\/pages\/3126","targetHints":{"allow":["GET"]}}],"collection":[{"href":"https:\/\/mythslegendes.com\/es\/wp-json\/wp\/v2\/pages"}],"about":[{"href":"https:\/\/mythslegendes.com\/es\/wp-json\/wp\/v2\/types\/page"}],"author":[{"embeddable":true,"href":"https:\/\/mythslegendes.com\/es\/wp-json\/wp\/v2\/users\/1"}],"replies":[{"embeddable":true,"href":"https:\/\/mythslegendes.com\/es\/wp-json\/wp\/v2\/comments?post=3126"}],"version-history":[{"count":1,"href":"https:\/\/mythslegendes.com\/es\/wp-json\/wp\/v2\/pages\/3126\/revisions"}],"predecessor-version":[{"id":25062,"href":"https:\/\/mythslegendes.com\/es\/wp-json\/wp\/v2\/pages\/3126\/revisions\/25062"}],"up":[{"embeddable":true,"href":"https:\/\/mythslegendes.com\/es\/wp-json\/wp\/v2\/pages\/3095"}],"wp:attachment":[{"href":"https:\/\/mythslegendes.com\/es\/wp-json\/wp\/v2\/media?parent=3126"}],"curies":[{"name":"wp","href":"https:\/\/api.w.org\/{rel}","templated":true}]}}