{"id":3129,"date":"2020-07-24T09:39:25","date_gmt":"2020-07-24T08:39:25","guid":{"rendered":"https:\/\/mythslegendes.com\/?page_id=3129"},"modified":"2022-12-03T22:07:51","modified_gmt":"2022-12-03T22:07:51","slug":"yarsanisme","status":"publish","type":"page","link":"https:\/\/mythslegendes.com\/es\/mitologia-kurda\/yarsanismo\/","title":{"rendered":"Yarsanismo"},"content":{"rendered":"<div data-elementor-type=\"wp-page\" data-elementor-id=\"3129\" class=\"elementor elementor-3129\">\n\t\t\t\t\t\t<section class=\"elementor-section elementor-top-section elementor-element elementor-element-07a5eff elementor-section-boxed elementor-section-height-default elementor-section-height-default\" data-id=\"07a5eff\" data-element_type=\"section\" data-e-type=\"section\">\n\t\t\t\t\t\t<div class=\"elementor-container elementor-column-gap-default\">\n\t\t\t\t\t<div class=\"elementor-column elementor-col-50 elementor-top-column elementor-element elementor-element-f8753bb\" data-id=\"f8753bb\" data-element_type=\"column\" data-e-type=\"column\">\n\t\t\t<div class=\"elementor-widget-wrap elementor-element-populated\">\n\t\t\t\t\t\t<div class=\"elementor-element elementor-element-1724494 elementor-align-justify elementor-widget elementor-widget-button\" data-id=\"1724494\" data-element_type=\"widget\" data-e-type=\"widget\" data-widget_type=\"button.default\">\n\t\t\t\t<div class=\"elementor-widget-container\">\n\t\t\t\t\t\t\t\t\t<div class=\"elementor-button-wrapper\">\n\t\t\t\t\t<a class=\"elementor-button elementor-button-link elementor-size-sm\" href=\"https:\/\/mythslegendes.com\/es\/mitologia-kurda\/\">\n\t\t\t\t\t\t<span class=\"elementor-button-content-wrapper\">\n\t\t\t\t\t\t\t\t\t<span class=\"elementor-button-text\">Mitolog\u00eda kurda<\/span>\n\t\t\t\t\t<\/span>\n\t\t\t\t\t<\/a>\n\t\t\t\t<\/div>\n\t\t\t\t\t\t\t\t<\/div>\n\t\t\t\t<\/div>\n\t\t\t\t\t<\/div>\n\t\t<\/div>\n\t\t\t\t<div class=\"elementor-column elementor-col-50 elementor-top-column elementor-element elementor-element-fee5d82\" data-id=\"fee5d82\" data-element_type=\"column\" data-e-type=\"column\">\n\t\t\t<div class=\"elementor-widget-wrap elementor-element-populated\">\n\t\t\t\t\t\t<div class=\"elementor-element elementor-element-4010c3a elementor-align-justify elementor-widget elementor-widget-button\" data-id=\"4010c3a\" data-element_type=\"widget\" data-e-type=\"widget\" data-widget_type=\"button.default\">\n\t\t\t\t<div class=\"elementor-widget-container\">\n\t\t\t\t\t\t\t\t\t<div class=\"elementor-button-wrapper\">\n\t\t\t\t\t<a class=\"elementor-button elementor-button-link elementor-size-sm\" href=\"https:\/\/fr.abcdef.wiki\/wiki\/Kurdish_mythology\" target=\"_blank\" rel=\"noopener\">\n\t\t\t\t\t\t<span class=\"elementor-button-content-wrapper\">\n\t\t\t\t\t\t\t\t\t<span class=\"elementor-button-text\">Wiki<\/span>\n\t\t\t\t\t<\/span>\n\t\t\t\t\t<\/a>\n\t\t\t\t<\/div>\n\t\t\t\t\t\t\t\t<\/div>\n\t\t\t\t<\/div>\n\t\t\t\t\t<\/div>\n\t\t<\/div>\n\t\t\t\t\t<\/div>\n\t\t<\/section>\n\t\t\t\t<section class=\"elementor-section elementor-top-section elementor-element elementor-element-bccadd4 elementor-section-boxed elementor-section-height-default elementor-section-height-default\" data-id=\"bccadd4\" data-element_type=\"section\" data-e-type=\"section\">\n\t\t\t\t\t\t<div class=\"elementor-container elementor-column-gap-default\">\n\t\t\t\t\t<div class=\"elementor-column elementor-col-100 elementor-top-column elementor-element elementor-element-d1f9b6a\" data-id=\"d1f9b6a\" data-element_type=\"column\" data-e-type=\"column\">\n\t\t\t<div class=\"elementor-widget-wrap elementor-element-populated\">\n\t\t\t\t\t\t<div class=\"elementor-element elementor-element-f40acc4 elementor-widget elementor-widget-text-editor\" data-id=\"f40acc4\" data-element_type=\"widget\" data-e-type=\"widget\" data-widget_type=\"text-editor.default\">\n\t\t\t\t<div class=\"elementor-widget-container\">\n\t\t\t\t\t\t\t\t\t<p>los <strong>yarsanismo<\/strong> D\u00f3nde <strong>yaresanismo<\/strong> (Kurdo: <em>yaresan<\/em>) D\u00f3nde <strong>Ahl-e Haqq<\/strong> (Persa: \u0627\u0647\u0644 \u062d\u0642, <em>\u201cAhl-e Haqq\u201d<\/em>, derivado del \u00e1rabe y que puede entenderse como <em>&quot;Gente de la Verdad&quot;<\/em> tan bueno como <em>&quot;Hombre de Dios&quot;<\/em>) es una religi\u00f3n fundada por el sult\u00e1n Sah\u00e2k a finales del siglo XIV.<sup>mi<\/sup>\u00a0siglo en <a href=\"https:\/\/mythslegendes.com\/es\/mitologia-del-gran-iran\/\">Ir\u00e1n<\/a> Occidental (Kurdist\u00e1n <a href=\"https:\/\/mythslegendes.com\/es\/mitologia-del-gran-iran\/\">iran\u00ed<\/a>).<\/p>\n<p><img decoding=\"async\" class=\"alignnone wp-image-5284 size-full\" src=\"https:\/\/mythslegendes.com\/wp-content\/uploads\/2020\/09\/AlphaOmega-e1602613368367.png\" alt=\"Yarsanismo\" width=\"25\" height=\"26\" title=\"\"><\/p>\t\t\t\t\t\t\t\t<\/div>\n\t\t\t\t<\/div>\n\t\t\t\t\t<\/div>\n\t\t<\/div>\n\t\t\t\t\t<\/div>\n\t\t<\/section>\n\t\t\t\t<section class=\"elementor-section elementor-top-section elementor-element elementor-element-65d8a8c elementor-section-boxed elementor-section-height-default elementor-section-height-default\" data-id=\"65d8a8c\" data-element_type=\"section\" data-e-type=\"section\">\n\t\t\t\t\t\t<div class=\"elementor-container elementor-column-gap-default\">\n\t\t\t\t\t<div class=\"elementor-column elementor-col-100 elementor-top-column elementor-element elementor-element-9afb006\" data-id=\"9afb006\" data-element_type=\"column\" data-e-type=\"column\">\n\t\t\t<div class=\"elementor-widget-wrap elementor-element-populated\">\n\t\t\t\t\t\t<div class=\"elementor-element elementor-element-18583bd elementor-widget elementor-widget-heading\" data-id=\"18583bd\" data-element_type=\"widget\" data-e-type=\"widget\" data-widget_type=\"heading.default\">\n\t\t\t\t<div class=\"elementor-widget-container\">\n\t\t\t\t\t<div id=\"ez-toc-container\" class=\"ez-toc-v2_0_82_2 counter-hierarchy ez-toc-counter ez-toc-grey ez-toc-container-direction\">\n<div class=\"ez-toc-title-container\">\n<p class=\"ez-toc-title\" style=\"cursor:inherit\">Contenido<\/p>\n<span class=\"ez-toc-title-toggle\"><a href=\"#\" class=\"ez-toc-pull-right ez-toc-btn ez-toc-btn-xs ez-toc-btn-default ez-toc-toggle\" aria-label=\"Alternar tabla de contenidos\"><span class=\"ez-toc-js-icon-con\"><span class=\"\"><span class=\"eztoc-hide\" style=\"display:none;\">Palanca<\/span><span class=\"ez-toc-icon-toggle-span\"><svg style=\"fill: #999;color:#999\" xmlns=\"http:\/\/www.w3.org\/2000\/svg\" class=\"list-377408\" width=\"20px\" height=\"20px\" viewbox=\"0 0 24 24\" fill=\"none\"><path d=\"M6 6H4v2h2V6zm14 0H8v2h12V6zM4 11h2v2H4v-2zm16 0H8v2h12v-2zM4 16h2v2H4v-2zm16 0H8v2h12v-2z\" fill=\"currentColor\"><\/path><\/svg><svg style=\"fill: #999;color:#999\" class=\"arrow-unsorted-368013\" xmlns=\"http:\/\/www.w3.org\/2000\/svg\" width=\"10px\" height=\"10px\" viewbox=\"0 0 24 24\" version=\"1.2\" baseprofile=\"tiny\"><path d=\"M18.2 9.3l-6.2-6.3-6.2 6.3c-.2.2-.3.4-.3.7s.1.5.3.7c.2.2.4.3.7.3h11c.3 0 .5-.1.7-.3.2-.2.3-.5.3-.7s-.1-.5-.3-.7zM5.8 14.7l6.2 6.3 6.2-6.3c.2-.2.3-.5.3-.7s-.1-.5-.3-.7c-.2-.2-.4-.3-.7-.3h-11c-.3 0-.5.1-.7.3-.2.2-.3.5-.3.7s.1.5.3.7z\"\/><\/svg><\/span><\/span><\/span><\/a><\/span><\/div>\n<nav><ul class='ez-toc-list ez-toc-list-level-1' ><li class='ez-toc-page-1 ez-toc-heading-level-2'><a class=\"ez-toc-link ez-toc-heading-1\" href=\"https:\/\/mythslegendes.com\/es\/mitologia-kurda\/yarsanismo\/#Yarsanisme\" >Yarsanismo<\/a><\/li><\/ul><\/nav><\/div>\n<h2 class=\"elementor-heading-title elementor-size-default\"><span class=\"ez-toc-section\" id=\"Yarsanisme\"><\/span>Yarsanismo<span class=\"ez-toc-section-end\"><\/span><\/h2>\t\t\t\t<\/div>\n\t\t\t\t<\/div>\n\t\t\t\t\t<\/div>\n\t\t<\/div>\n\t\t\t\t\t<\/div>\n\t\t<\/section>\n\t\t\t\t<section class=\"elementor-section elementor-top-section elementor-element elementor-element-10d4c949 elementor-section-boxed elementor-section-height-default elementor-section-height-default\" data-id=\"10d4c949\" data-element_type=\"section\" data-e-type=\"section\">\n\t\t\t\t\t\t<div class=\"elementor-container elementor-column-gap-default\">\n\t\t\t\t\t<div class=\"elementor-column elementor-col-100 elementor-top-column elementor-element elementor-element-2ca01135\" data-id=\"2ca01135\" data-element_type=\"column\" data-e-type=\"column\">\n\t\t\t<div class=\"elementor-widget-wrap elementor-element-populated\">\n\t\t\t\t\t\t<div class=\"elementor-element elementor-element-4601a5f0 elementor-widget elementor-widget-text-editor\" data-id=\"4601a5f0\" data-element_type=\"widget\" data-e-type=\"widget\" data-widget_type=\"text-editor.default\">\n\t\t\t\t<div class=\"elementor-widget-container\">\n\t\t\t\t\t\t\t\t\t<p><\/p>\n<p><\/p>\n<p>Los or\u00edgenes del y\u00e2rs\u00e2nismo son dif\u00edciles de definir porque hay pr\u00e9stamos de muchas creencias.<\/p>\n<p><\/p>\n<p>Seg\u00fan Ir\u00e8ne M\u00e9likoff, Y\u00e2rs\u00e2nisme es una orden religiosa similar a otros grupos esot\u00e9ricos heterodoxos de origen musulm\u00e1n chi\u00edta como los Ghulat (conocidos como \u201cbaltinitas\u201d), los alev\u00edes, los drusos o los ismaelitas. Adem\u00e1s, los miembros de esta comunidad practican <em>taqiya<\/em> (ocultaci\u00f3n) como los drusos. Considerados ap\u00f3statas, son perseguidos por las autoridades sunn\u00edes.<\/p>\n<p><\/p>\n<p>Por otro lado, investigadores universitarios independientes consideran al Y\u00e2rs\u00e2nisme como una religi\u00f3n entre otras: as\u00ed, seg\u00fan Mehrdad Izady, el Y\u00e2rs\u00e2nismo es una de las tres religiones que forman el Yazdanismo (junto con el Alevismo y el Yezidismo), t\u00e9rmino que erigi\u00f3 para designar las religiones que \u00e9l considera ser <a href=\"https:\/\/mythslegendes.com\/es\/mitologia-kurda\/\">kurdos<\/a> y que contiene elementos que son anteriores al Islam. Sobre los puntos en com\u00fan entre estas tres religiones, la turk\u00f3loga Ir\u00e8ne M\u00e9likoff escribe que \u201c\u201clos tres principios Bektashi-Alevi relativos a la Creaci\u00f3n del Mundo (...) tambi\u00e9n se encuentran en religiones espec\u00edficas de los kurdos, entre las <a href=\"https:\/\/mythslegendes.com\/es\/mitologia-kurda\/\">Yazidis<\/a> y el Ahl-\u00e8-Hakk\u201d. <\/p>\n<p>Existen otros puntos en com\u00fan entre estas religiones como la creencia en el &quot;\u00c1ngel-Pavo Real&quot; com\u00fan al yarsanismo y al yezidismo o la representaci\u00f3n del &quot;\u00c1ngel-Pavo Real&quot; en forma de gallo, animal objeto de veneraci\u00f3n entre los alev\u00edes.<\/p>\n<p><\/p>\n<p>Los y\u00e2rs\u00e2ns tienen una literatura religiosa escrita principalmente en gorani y marginalmente en persa, aunque algunos y\u00e2rs\u00e2ns hoy en d\u00eda tambi\u00e9n hablan turcomano y sorani.<\/p>\n<p><\/p>\n<p>Hasta XX<sup>mi<\/sup>\u00a0siglo, la fe Y\u00e2rs\u00e2ne fue, como la fe drusa, predicada solo dentro de la comunidad kurda y solo para <em>chekedes<\/em> (\u201cnacido en la comunidad\u201d), excluyendo <em>jasbedes<\/em> (\u201cadjunto\u201d, entr\u00f3 en la comunidad por matrimonio con una familia Y\u00e2rs\u00e2n). Esta comunidad estaba compuesta principalmente por las tribus kurdas de los gurans, qalkanis, bajalanis y sanjabis, que viv\u00edan principalmente en el oeste de Ir\u00e1n.<\/p>\n<p><\/p>\n<div>\u00a0<\/div>\n<div>\u00a0<\/div>\t\t\t\t\t\t\t\t<\/div>\n\t\t\t\t<\/div>\n\t\t\t\t\t<\/div>\n\t\t<\/div>\n\t\t\t\t\t<\/div>\n\t\t<\/section>\n\t\t\t\t<\/div>","protected":false},"excerpt":{"rendered":"<p>Mythologie Kurde Wiki Le y\u00e2rs\u00e2nisme ou yaresanisme (kurde\u00a0: y\u00e2res\u00e2n) ou Ahl-e Haqq (persan:\u0627\u0647\u0644 \u062d\u0642, \u00ab\u00a0Ahl-e Haqq\u00a0\u00bb, d\u00e9riv\u00e9 de l&rsquo;arabe et &hellip; <\/p>","protected":false},"author":1,"featured_media":0,"parent":3095,"menu_order":0,"comment_status":"closed","ping_status":"closed","template":"","meta":{"footnotes":""},"class_list":["post-3129","page","type-page","status-publish","hentry"],"amp_enabled":true,"_links":{"self":[{"href":"https:\/\/mythslegendes.com\/es\/wp-json\/wp\/v2\/pages\/3129","targetHints":{"allow":["GET"]}}],"collection":[{"href":"https:\/\/mythslegendes.com\/es\/wp-json\/wp\/v2\/pages"}],"about":[{"href":"https:\/\/mythslegendes.com\/es\/wp-json\/wp\/v2\/types\/page"}],"author":[{"embeddable":true,"href":"https:\/\/mythslegendes.com\/es\/wp-json\/wp\/v2\/users\/1"}],"replies":[{"embeddable":true,"href":"https:\/\/mythslegendes.com\/es\/wp-json\/wp\/v2\/comments?post=3129"}],"version-history":[{"count":2,"href":"https:\/\/mythslegendes.com\/es\/wp-json\/wp\/v2\/pages\/3129\/revisions"}],"predecessor-version":[{"id":25063,"href":"https:\/\/mythslegendes.com\/es\/wp-json\/wp\/v2\/pages\/3129\/revisions\/25063"}],"up":[{"embeddable":true,"href":"https:\/\/mythslegendes.com\/es\/wp-json\/wp\/v2\/pages\/3095"}],"wp:attachment":[{"href":"https:\/\/mythslegendes.com\/es\/wp-json\/wp\/v2\/media?parent=3129"}],"curies":[{"name":"wp","href":"https:\/\/api.w.org\/{rel}","templated":true}]}}