{"id":3132,"date":"2020-07-24T09:48:07","date_gmt":"2020-07-24T08:48:07","guid":{"rendered":"https:\/\/mythslegendes.com\/?page_id=3132"},"modified":"2022-12-03T22:07:51","modified_gmt":"2022-12-03T22:07:51","slug":"alevisme","status":"publish","type":"page","link":"https:\/\/mythslegendes.com\/es\/mitologia-kurda\/alevismo\/","title":{"rendered":"Alevismo"},"content":{"rendered":"<div data-elementor-type=\"wp-page\" data-elementor-id=\"3132\" class=\"elementor elementor-3132\">\n\t\t\t\t\t\t<section class=\"elementor-section elementor-top-section elementor-element elementor-element-3a5b729 elementor-section-boxed elementor-section-height-default elementor-section-height-default\" data-id=\"3a5b729\" data-element_type=\"section\" data-e-type=\"section\">\n\t\t\t\t\t\t<div class=\"elementor-container elementor-column-gap-default\">\n\t\t\t\t\t<div class=\"elementor-column elementor-col-50 elementor-top-column elementor-element elementor-element-1f654dc\" data-id=\"1f654dc\" data-element_type=\"column\" data-e-type=\"column\">\n\t\t\t<div class=\"elementor-widget-wrap elementor-element-populated\">\n\t\t\t\t\t\t<div class=\"elementor-element elementor-element-494b00c elementor-align-justify elementor-widget elementor-widget-button\" data-id=\"494b00c\" data-element_type=\"widget\" data-e-type=\"widget\" data-widget_type=\"button.default\">\n\t\t\t\t<div class=\"elementor-widget-container\">\n\t\t\t\t\t\t\t\t\t<div class=\"elementor-button-wrapper\">\n\t\t\t\t\t<a class=\"elementor-button elementor-button-link elementor-size-sm\" href=\"https:\/\/mythslegendes.com\/es\/mitologia-kurda\/\">\n\t\t\t\t\t\t<span class=\"elementor-button-content-wrapper\">\n\t\t\t\t\t\t\t\t\t<span class=\"elementor-button-text\">Mitolog\u00eda kurda<\/span>\n\t\t\t\t\t<\/span>\n\t\t\t\t\t<\/a>\n\t\t\t\t<\/div>\n\t\t\t\t\t\t\t\t<\/div>\n\t\t\t\t<\/div>\n\t\t\t\t\t<\/div>\n\t\t<\/div>\n\t\t\t\t<div class=\"elementor-column elementor-col-50 elementor-top-column elementor-element elementor-element-29a498d\" data-id=\"29a498d\" data-element_type=\"column\" data-e-type=\"column\">\n\t\t\t<div class=\"elementor-widget-wrap elementor-element-populated\">\n\t\t\t\t\t\t<div class=\"elementor-element elementor-element-0d80443 elementor-align-justify elementor-widget elementor-widget-button\" data-id=\"0d80443\" data-element_type=\"widget\" data-e-type=\"widget\" data-widget_type=\"button.default\">\n\t\t\t\t<div class=\"elementor-widget-container\">\n\t\t\t\t\t\t\t\t\t<div class=\"elementor-button-wrapper\">\n\t\t\t\t\t<a class=\"elementor-button elementor-button-link elementor-size-sm\" href=\"https:\/\/fr.abcdef.wiki\/wiki\/Kurdish_mythology\" target=\"_blank\" rel=\"noopener\">\n\t\t\t\t\t\t<span class=\"elementor-button-content-wrapper\">\n\t\t\t\t\t\t\t\t\t<span class=\"elementor-button-text\">Wiki<\/span>\n\t\t\t\t\t<\/span>\n\t\t\t\t\t<\/a>\n\t\t\t\t<\/div>\n\t\t\t\t\t\t\t\t<\/div>\n\t\t\t\t<\/div>\n\t\t\t\t\t<\/div>\n\t\t<\/div>\n\t\t\t\t\t<\/div>\n\t\t<\/section>\n\t\t\t\t<section class=\"elementor-section elementor-top-section elementor-element elementor-element-2baaebf elementor-section-boxed elementor-section-height-default elementor-section-height-default\" data-id=\"2baaebf\" data-element_type=\"section\" data-e-type=\"section\">\n\t\t\t\t\t\t<div class=\"elementor-container elementor-column-gap-default\">\n\t\t\t\t\t<div class=\"elementor-column elementor-col-100 elementor-top-column elementor-element elementor-element-bfea298\" data-id=\"bfea298\" data-element_type=\"column\" data-e-type=\"column\">\n\t\t\t<div class=\"elementor-widget-wrap elementor-element-populated\">\n\t\t\t\t\t\t<div class=\"elementor-element elementor-element-99f6904 elementor-widget elementor-widget-text-editor\" data-id=\"99f6904\" data-element_type=\"widget\" data-e-type=\"widget\" data-widget_type=\"text-editor.default\">\n\t\t\t\t<div class=\"elementor-widget-container\">\n\t\t\t\t\t\t\t\t\t<p>L&#039;<strong>alevismo<\/strong> (<em>Alevilik<\/em> en <a href=\"https:\/\/mythslegendes.com\/es\/mythes-et-legendes-turques-1708\/\">turco<\/a>, <em>Elewi<\/em> en zazaki, <em>Elewi<\/em> en kurmanji, <em>al &#039;alaw\u012byyah<\/em> en \u00e1rabe) re\u00fane a los llamados miembros heterodoxos del Islam y reivindica en su seno la tradici\u00f3n universal y original del Islam y, m\u00e1s ampliamente, de todas las religiones monote\u00edstas. El alevismo est\u00e1 vinculado al chi\u00edsmo doceavo a trav\u00e9s del sexto im\u00e1n (Dja&#039;far al-sadiq) y Haci Bekta\u015f Veli, fundador de la orden de los bektashi cuya genealog\u00eda m\u00edtica tambi\u00e9n se remonta al sexto im\u00e1n.<\/p>\n<p><img decoding=\"async\" class=\"alignnone wp-image-5284 size-full\" src=\"https:\/\/mythslegendes.com\/wp-content\/uploads\/2020\/09\/AlphaOmega-e1602613368367.png\" alt=\"alevismo\" width=\"25\" height=\"26\" title=\"\"><\/p>\t\t\t\t\t\t\t\t<\/div>\n\t\t\t\t<\/div>\n\t\t\t\t\t<\/div>\n\t\t<\/div>\n\t\t\t\t\t<\/div>\n\t\t<\/section>\n\t\t\t\t<section class=\"elementor-section elementor-top-section elementor-element elementor-element-a72bfd2 elementor-section-boxed elementor-section-height-default elementor-section-height-default\" data-id=\"a72bfd2\" data-element_type=\"section\" data-e-type=\"section\">\n\t\t\t\t\t\t<div class=\"elementor-container elementor-column-gap-default\">\n\t\t\t\t\t<div class=\"elementor-column elementor-col-100 elementor-top-column elementor-element elementor-element-271de03\" data-id=\"271de03\" data-element_type=\"column\" data-e-type=\"column\">\n\t\t\t<div class=\"elementor-widget-wrap elementor-element-populated\">\n\t\t\t\t\t\t<div class=\"elementor-element elementor-element-2a5504c elementor-widget elementor-widget-heading\" data-id=\"2a5504c\" data-element_type=\"widget\" data-e-type=\"widget\" data-widget_type=\"heading.default\">\n\t\t\t\t<div class=\"elementor-widget-container\">\n\t\t\t\t\t<div id=\"ez-toc-container\" class=\"ez-toc-v2_0_82_2 counter-hierarchy ez-toc-counter ez-toc-grey ez-toc-container-direction\">\n<div class=\"ez-toc-title-container\">\n<p class=\"ez-toc-title\" style=\"cursor:inherit\">Contenido<\/p>\n<span class=\"ez-toc-title-toggle\"><a href=\"#\" class=\"ez-toc-pull-right ez-toc-btn ez-toc-btn-xs ez-toc-btn-default ez-toc-toggle\" aria-label=\"Alternar tabla de contenidos\"><span class=\"ez-toc-js-icon-con\"><span class=\"\"><span class=\"eztoc-hide\" style=\"display:none;\">Palanca<\/span><span class=\"ez-toc-icon-toggle-span\"><svg style=\"fill: #999;color:#999\" xmlns=\"http:\/\/www.w3.org\/2000\/svg\" class=\"list-377408\" width=\"20px\" height=\"20px\" viewbox=\"0 0 24 24\" fill=\"none\"><path d=\"M6 6H4v2h2V6zm14 0H8v2h12V6zM4 11h2v2H4v-2zm16 0H8v2h12v-2zM4 16h2v2H4v-2zm16 0H8v2h12v-2z\" fill=\"currentColor\"><\/path><\/svg><svg style=\"fill: #999;color:#999\" class=\"arrow-unsorted-368013\" xmlns=\"http:\/\/www.w3.org\/2000\/svg\" width=\"10px\" height=\"10px\" viewbox=\"0 0 24 24\" version=\"1.2\" baseprofile=\"tiny\"><path d=\"M18.2 9.3l-6.2-6.3-6.2 6.3c-.2.2-.3.4-.3.7s.1.5.3.7c.2.2.4.3.7.3h11c.3 0 .5-.1.7-.3.2-.2.3-.5.3-.7s-.1-.5-.3-.7zM5.8 14.7l6.2 6.3 6.2-6.3c.2-.2.3-.5.3-.7s-.1-.5-.3-.7c-.2-.2-.4-.3-.7-.3h-11c-.3 0-.5.1-.7.3-.2.2-.3.5-.3.7s.1.5.3.7z\"\/><\/svg><\/span><\/span><\/span><\/a><\/span><\/div>\n<nav><ul class='ez-toc-list ez-toc-list-level-1' ><li class='ez-toc-page-1 ez-toc-heading-level-2'><a class=\"ez-toc-link ez-toc-heading-1\" href=\"https:\/\/mythslegendes.com\/es\/mitologia-kurda\/alevismo\/#Alevisme\" >Alevismo<\/a><\/li><\/ul><\/nav><\/div>\n<h2 class=\"elementor-heading-title elementor-size-default\"><span class=\"ez-toc-section\" id=\"Alevisme\"><\/span>Alevismo<span class=\"ez-toc-section-end\"><\/span><\/h2>\t\t\t\t<\/div>\n\t\t\t\t<\/div>\n\t\t\t\t\t<\/div>\n\t\t<\/div>\n\t\t\t\t\t<\/div>\n\t\t<\/section>\n\t\t\t\t<section class=\"elementor-section elementor-top-section elementor-element elementor-element-bffc408 elementor-section-boxed elementor-section-height-default elementor-section-height-default\" data-id=\"bffc408\" data-element_type=\"section\" data-e-type=\"section\">\n\t\t\t\t\t\t<div class=\"elementor-container elementor-column-gap-default\">\n\t\t\t\t\t<div class=\"elementor-column elementor-col-100 elementor-top-column elementor-element elementor-element-6763fcd0\" data-id=\"6763fcd0\" data-element_type=\"column\" data-e-type=\"column\">\n\t\t\t<div class=\"elementor-widget-wrap elementor-element-populated\">\n\t\t\t\t\t\t<div class=\"elementor-element elementor-element-6cd2c1e0 elementor-widget elementor-widget-text-editor\" data-id=\"6cd2c1e0\" data-element_type=\"widget\" data-e-type=\"widget\" data-widget_type=\"text-editor.default\">\n\t\t\t\t<div class=\"elementor-widget-container\">\n\t\t\t\t\t\t\t\t\t<p><\/p>\n<p>Se clasifica a s\u00ed mismo en las tradiciones suf\u00edes y sus creencias son comparables al panente\u00edsmo. Aunque es de tradici\u00f3n muy antigua, unos ven en el alevismo una filosof\u00eda y una creencia propia ajena al islam, y otros una corriente &quot;liberal&quot; o &quot;progresista&quot; del islam cuyos dogmas difieren de los del sunnismo y chi\u00edsmo conocidos como jafarismo.<\/p>\n<p><\/p>\n<p><\/p>\n<p>Haci Bekta\u015f Veli, fil\u00f3sofo m\u00edstico del alevismo, es el fundador del mismo nombre de la hermandad de los bektashis que desempe\u00f1\u00f3 un papel clave en la islamizaci\u00f3n de Anatolia y el <a href=\"https:\/\/mythslegendes.com\/es\/mythes-et-legendes-des-balkans-1629\/\">Balcanes<\/a>. El culto Alevi Bektashi, con las aportaciones de Haci Bektas Veli, transmite ideas que se presentan ocho siglos despu\u00e9s con la Declaraci\u00f3n Universal de los Derechos Humanos (1948). La semah, ceremonia religiosa de los alev\u00eds bektashi, est\u00e1 clasificada como patrimonio cultural inmaterial de la humanidad por la UNESCO.<\/p>\n<p><\/p>\n<p><\/p>\n<p>La creencia alev\u00ed se basa en la fe en Al\u00e1, Muhammad (Profec\u00eda) y Ali (Santidad), siendo cerrada la Profec\u00eda, la Santidad permanece presente en el tiempo. Se les llama &quot;\u00a0<strong>\u00dc\u00e7ler<\/strong>\u00a0&quot; (los tres). Por lo tanto, Haqq-Muhammad-Ali es la &quot;trinidad&quot; del alevismo que incluye:<\/p>\n<p><\/p>\n<p><\/p>\n<ul class=\"wp-block-list\">\n<li>Haqq: &quot;Verdad divina&quot; refiri\u00e9ndose a Allah,<\/li>\n<li>Mahoma,<\/li>\n<li>Al\u00ed. Se le considera el sucesor del profeta y sus descendientes constituyen el imanato<\/li>\n<\/ul>\n<p><\/p>\n<p><\/p>\n<p>En el alevismo de Bektachian, Mahoma es el \u00faltimo profeta y Ali es su sucesor y el &quot;amigo de Al\u00e1&quot; o gu\u00eda espiritual (Veli o Wali).<\/p>\n<p><\/p>\n<p><\/p>\n<p>En su significado, la trinidad atestigua que hay un solo Dios (la Divinidad), Muhammad es su profeta (la profec\u00eda), Ali es su santo, el amigo de Dios, el comandante de los creyentes (mumin) (el imamato).<\/p>\n<p><\/p>\n<p><\/p>\n<p>Las otras jerarqu\u00edas celestiales son:<\/p>\n<p><\/p>\n<p><\/p>\n<ul class=\"wp-block-list\">\n<li>&quot;\u00a0<strong>Besler<\/strong>\u00a0(los Cinco o la casa, el manto del profeta), Muhammad, Ali, F\u00e1tima, Hasan y Hussein tambi\u00e9n dicen <em>khamsa al-i aba<\/em> D\u00f3nde <em>peniques al-i aba<\/em><\/li>\n<li>&quot;\u00a0<strong>Yediler<\/strong>\u00a0(los Siete), Muhammad, Ali, Khadija bint Khuwaylid, Hasan, F\u00e1tima, Hussein y Salman el <a href=\"https:\/\/mythslegendes.com\/es\/mythes-et-legendes-de-perse-1542\/\">persa<\/a><\/li>\n<li>&quot;\u00a0<strong>On\u00edkiler<\/strong>\u00a0(los Doce), Los Doce Imames (Ali y sus sucesores), es decir, los descendientes del profeta perseguidos y asesinados por los Omeyas.<\/li>\n<li>&quot;\u00a0<strong>Sobre D\u00f6rt Masum-u Paklar<\/strong>\u00a0\u00bb, los catorce inocentes puros: son los catorce hijos de los imanes o los nietos del profeta, asesinados a temprana edad por los omeyas<\/li>\n<li>&quot;\u00a0<strong>Sobre Yedi Kemerbestler<\/strong>\u00a0\u00bb, los diecisiete santos citados en las G\u00fclbeng (oraciones): son parientes del profeta (como Salman el persa) o de Ali. Deben cumplir una misi\u00f3n que les encomiende el profeta o su yerno. Los familiares del profeta tambi\u00e9n son perseguidos y asesinados por los omeyas.<\/li>\n<li>&quot;\u00a0<strong>kirklar<\/strong>\u00a0\u201d: la asamblea de los Cuarenta (el pueblo del misterio ghayb). Los Cuarenta viven entre el cielo y la tierra y gobiernan todo aqu\u00ed abajo, ayudando a los que est\u00e1n en dificultad, a trav\u00e9s de las manifestaciones de Hizir-Ilyas (Al-Khidr el &quot;verde&quot; del Cor\u00e1n).<\/li>\n<\/ul>\n<p><\/p>\t\t\t\t\t\t\t\t<\/div>\n\t\t\t\t<\/div>\n\t\t\t\t\t<\/div>\n\t\t<\/div>\n\t\t\t\t\t<\/div>\n\t\t<\/section>\n\t\t\t\t<\/div>","protected":false},"excerpt":{"rendered":"<p>Mythologie Kurde Wiki L&rsquo;al\u00e9visme (Alevilik en turc, Elew\u00ee en zazaki, Elew\u00ee en kurmandji, al \u2018alaw\u012byyah en arabe) regroupe des membres &hellip; <\/p>","protected":false},"author":1,"featured_media":0,"parent":3095,"menu_order":0,"comment_status":"closed","ping_status":"closed","template":"","meta":{"footnotes":""},"class_list":["post-3132","page","type-page","status-publish","hentry"],"amp_enabled":true,"_links":{"self":[{"href":"https:\/\/mythslegendes.com\/es\/wp-json\/wp\/v2\/pages\/3132","targetHints":{"allow":["GET"]}}],"collection":[{"href":"https:\/\/mythslegendes.com\/es\/wp-json\/wp\/v2\/pages"}],"about":[{"href":"https:\/\/mythslegendes.com\/es\/wp-json\/wp\/v2\/types\/page"}],"author":[{"embeddable":true,"href":"https:\/\/mythslegendes.com\/es\/wp-json\/wp\/v2\/users\/1"}],"replies":[{"embeddable":true,"href":"https:\/\/mythslegendes.com\/es\/wp-json\/wp\/v2\/comments?post=3132"}],"version-history":[{"count":2,"href":"https:\/\/mythslegendes.com\/es\/wp-json\/wp\/v2\/pages\/3132\/revisions"}],"predecessor-version":[{"id":25064,"href":"https:\/\/mythslegendes.com\/es\/wp-json\/wp\/v2\/pages\/3132\/revisions\/25064"}],"up":[{"embeddable":true,"href":"https:\/\/mythslegendes.com\/es\/wp-json\/wp\/v2\/pages\/3095"}],"wp:attachment":[{"href":"https:\/\/mythslegendes.com\/es\/wp-json\/wp\/v2\/media?parent=3132"}],"curies":[{"name":"wp","href":"https:\/\/api.w.org\/{rel}","templated":true}]}}