{"id":3173,"date":"2020-07-24T11:34:39","date_gmt":"2020-07-24T10:34:39","guid":{"rendered":"https:\/\/mythslegendes.com\/?page_id=3173"},"modified":"2020-07-24T11:34:39","modified_gmt":"2020-07-24T10:34:39","slug":"le-mont-kazbeg-entre-terre-et-dieux","status":"publish","type":"page","link":"https:\/\/mythslegendes.com\/es\/mitologia-nakh\/el-monte-kazbeg-entre-tierra-y-dioses\/","title":{"rendered":"Monte Kazbeg, entre la tierra y los dioses"},"content":{"rendered":"<p>El monte Kazbeg culmina a 5033 metros. Es uno de los picos m\u00e1s imponentes del C\u00e1ucaso. Un dios de los Vainakh, pueblo descendiente de los Kavkaz, en el origen del nombre &quot;C\u00e1ucaso&quot;, ser\u00eda encadenado all\u00ed por haber dado el fuego a los hombres. Comparte su lugar con Amirani, otro dios de <a href=\"https:\/\/mythslegendes.com\/es\/\">mitolog\u00eda<\/a> <a href=\"https:\/\/mythslegendes.com\/es\/mitologia-georgiana\/\">georgiano<\/a>, sancionado por las mismas razones. Su exilio es bastante similar al de Prometeo, tambi\u00e9n condenado por Zeus a torturar en una roca en el C\u00e1ucaso.<\/p>\n\n\n\n<p>Esta divina convivencia en picos afilados como hojas de afeitar no sugiere nada de paz. El mito de la creaci\u00f3n de las monta\u00f1as del C\u00e1ucaso, seg\u00fan la tradici\u00f3n oral de sus habitantes, es grandioso, pero se cuenta a modo de advertencia. Dios cre\u00f3 un mundo tan plano que la gente se ahogaba con cada maremoto. Por lo tanto, decidi\u00f3 darle un poco de relieve y reuni\u00f3 monta\u00f1as en una bolsa para distribuirlas por la tierra. El diablo, sabiendo que las monta\u00f1as eran un regalo demasiado elegante para los hombres, atraves\u00f3 el costal del Creador mientras volaba sobre el C\u00e1ucaso y las monta\u00f1as se quedaron atrapadas all\u00ed. Furioso, Dios prohibi\u00f3 al diablo poner un pie en el C\u00e1ucaso para siempre, porque los hombres de estas monta\u00f1as tendr\u00edan una vida bastante dura como esa. Como Prometeo castigado por preocuparse por la condici\u00f3n humana, la gente de la monta\u00f1a estaba geogr\u00e1fica y socialmente apartada y temida, porque estaba demasiado cerca de lo divino. Los valles altos estaban reservados para pr\u00edncipes, bandidos, nobles.<\/p>\n\n\n\n<p>Como si la altitud les hubiera dado derecho a una diferencia fundamental de estatus, los pueblos del C\u00e1ucaso se ven ante todo como monta\u00f1eses. Entonces solo como georgianos, armenios, azer\u00edes o rusos. Se aferraron a su idioma, como en Xinaliq, un pueblo perdido en el C\u00e1ucaso en Azebaijan, donde los actuales 2000 habitantes hablan una lengua no indoeuropea que no tiene conexi\u00f3n con el azer\u00ed, georgiano o<a href=\"https:\/\/mythslegendes.com\/es\/mitologia-armenia\/\">armenio<\/a> y sigue siendo incomprendido por el pueblo vecino de 40 kil\u00f3metros. Se aferraron a sus leyes, como en Svaneti en <a href=\"https:\/\/mythslegendes.com\/es\/mitologia-georgiana\/\">Georgia<\/a> donde la vendetta es una instituci\u00f3n todav\u00eda en uso.<\/p>\n\n\n\n<p>Si la geograf\u00eda del C\u00e1ucaso, ese acorde\u00f3n de monta\u00f1as plegadas sobre s\u00ed mismas, es favorable a la preservaci\u00f3n de las identidades locales, tambi\u00e9n ha sabido protegerlas de los imperios que rompieron este v\u00ednculo entre Oriente y Occidente. El C\u00e1ucaso es el Lejano Oeste perdido por Rusia. Durante m\u00e1s de 200 a\u00f1os, Mosc\u00fa ha estado buscando una forma de rusificar la regi\u00f3n, sin \u00e9xito. Antes de los zares, el imperio <a href=\"https:\/\/mythslegendes.com\/es\/mythes-et-legendes-de-perse-1542\/\">persa<\/a> y los otomanos tambi\u00e9n se rompieron los dientes all\u00ed. Los p\u00e1jaros carpinteros dan a luz, se dice, a guerreros que preferir\u00edan morir libres que vivir con la espalda doblada. Se necesita un fuerte gusto por la libertad y la independencia para desafiar a los otomanos, los <a href=\"https:\/\/mythslegendes.com\/es\/mythes-et-legendes-de-perse-1542\/\">persas<\/a>, o los rusos. El fabricante de cigarrillos sovi\u00e9ticos &quot;Kazbek&quot; us\u00f3 h\u00e1bilmente el s\u00edmbolo. El paquete muestra a un jinete cabalgando frente a la monta\u00f1a. Se dice que el dise\u00f1o fue aprobado por el propio Stalin.<\/p>\n\n\n\n<p>El monte Kazbeg y el pueblo a sus pies, Kazbegi (oficialmente &quot;Stepantsminda&quot;) forman un lugar m\u00edtico en todos los sentidos de la palabra. El patriarca Iliya II, despu\u00e9s de una epifan\u00eda, dijo que durante la Segunda Venida de Cristo, el Apocalipsis, la gente de Kazbegi se salvar\u00eda primero. Para aquellos a quienes Bugarach hubiera decepcionado, Kazbegi es, por lo tanto, un destino de elecci\u00f3n. La monta\u00f1a alberga el monasterio de la Trinidad de Guerg\u00e9tie construido en el 14<sup>mi<\/sup> siglo, y que da a la hist\u00f3rica carretera militar georgiana, conocida ya en la antig\u00fcedad <a href=\"https:\/\/mythslegendes.com\/es\/mythes-et-legendes-grecques-1664\/\">Griego<\/a>, pero cuyo dise\u00f1o actual data de la anexi\u00f3n de Georgia por Rusia bajo Alejandro I<sup>er<\/sup>. Cord\u00f3n umbilical entre estos dos pa\u00edses, esta ruta jug\u00f3 un papel importante en el desarrollo del C\u00e1ucaso, como los pasos de San Gotardo y Simplon en Suiza. Hoy en d\u00eda es la \u00fanica salida y suministro al norte para los armenios, aprisionado entre Turqu\u00eda y Azerbaiy\u00e1n. Por lo tanto, es importante para los armenios que este camino que conecta a dos naciones fr\u00edas permanezca abierto. Kazebgi, a 10 minutos de la frontera rusa, tambi\u00e9n es utilizada por las autoridades georgianas como tarjeta de visita. Un magn\u00edfico hotel de cinco estrellas, cuya construcci\u00f3n, frente a la monta\u00f1a, fue sugerida por el presidente Saakashvili, da una muy buena impresi\u00f3n de Georgia a los rusos que vienen a Tbilisi. La pol\u00edtica tambi\u00e9n instrumentaliza el paisaje.<\/p>\n\n\n\n<p>As\u00ed, el monte Kazbek alberga una parte de la historia del C\u00e1ucaso y da raz\u00f3n a la <a href=\"https:\/\/mythslegendes.com\/es\/\">leyenda<\/a>. Un lugar m\u00e1s cercano a los dioses no es f\u00e1cil, pero puede hacer que la gente sienta envidia. Tambi\u00e9n es m\u00e1s caro. Lo que quiere decir que se puede vender. Mientras los dioses no les jueguen una mala pasada a Mosc\u00fa y Tbilisi, estos monta\u00f1eses pueden tener la oportunidad de ver c\u00f3mo su lugar aumenta de valor. La pol\u00edtica econ\u00f3mica aparentemente ha integrado la importancia del turismo y los proyectos de desarrollo de infraestructura se est\u00e1n multiplicando. Como en Gudauri, por ejemplo, donde una estaci\u00f3n de esqu\u00ed en medio de una obra acoge a los amantes del esqu\u00ed extremo. Paso a paso, estos habitantes de las monta\u00f1as escapan de la legendaria maldici\u00f3n. Desde hace tres a\u00f1os, Kazbek tambi\u00e9n da la bienvenida a los corredores en un marat\u00f3n de oto\u00f1o. \u00bfPara apaciguar a la monta\u00f1a?<\/p>","protected":false},"excerpt":{"rendered":"<p>Le mont Kazbeg culmine \u00e0 5033 m\u00e8tres. Il est l\u2019un des plus imposants sommets du Caucase. Un dieu des Vainakh, &hellip; <\/p>","protected":false},"author":1,"featured_media":0,"parent":3168,"menu_order":0,"comment_status":"closed","ping_status":"closed","template":"","meta":{"footnotes":""},"class_list":["post-3173","page","type-page","status-publish","hentry"],"amp_enabled":true,"_links":{"self":[{"href":"https:\/\/mythslegendes.com\/es\/wp-json\/wp\/v2\/pages\/3173","targetHints":{"allow":["GET"]}}],"collection":[{"href":"https:\/\/mythslegendes.com\/es\/wp-json\/wp\/v2\/pages"}],"about":[{"href":"https:\/\/mythslegendes.com\/es\/wp-json\/wp\/v2\/types\/page"}],"author":[{"embeddable":true,"href":"https:\/\/mythslegendes.com\/es\/wp-json\/wp\/v2\/users\/1"}],"replies":[{"embeddable":true,"href":"https:\/\/mythslegendes.com\/es\/wp-json\/wp\/v2\/comments?post=3173"}],"version-history":[{"count":0,"href":"https:\/\/mythslegendes.com\/es\/wp-json\/wp\/v2\/pages\/3173\/revisions"}],"up":[{"embeddable":true,"href":"https:\/\/mythslegendes.com\/es\/wp-json\/wp\/v2\/pages\/3168"}],"wp:attachment":[{"href":"https:\/\/mythslegendes.com\/es\/wp-json\/wp\/v2\/media?parent=3173"}],"curies":[{"name":"wp","href":"https:\/\/api.w.org\/{rel}","templated":true}]}}