{"id":3204,"date":"2020-07-24T13:35:05","date_gmt":"2020-07-24T12:35:05","guid":{"rendered":"https:\/\/mythslegendes.com\/?page_id=3204"},"modified":"2022-12-03T22:07:15","modified_gmt":"2022-12-03T22:07:15","slug":"les-esprits-nasa-paez","status":"publish","type":"page","link":"https:\/\/mythslegendes.com\/es\/mitologia-paez\/los-espiritus-nasa-paez\/","title":{"rendered":"Esp\u00edritus de la Nasa Paez"},"content":{"rendered":"<div data-elementor-type=\"wp-page\" data-elementor-id=\"3204\" class=\"elementor elementor-3204\">\n\t\t\t\t\t\t<section class=\"elementor-section elementor-top-section elementor-element elementor-element-7b86eae elementor-section-boxed elementor-section-height-default elementor-section-height-default\" data-id=\"7b86eae\" data-element_type=\"section\" data-e-type=\"section\">\n\t\t\t\t\t\t<div class=\"elementor-container elementor-column-gap-default\">\n\t\t\t\t\t<div class=\"elementor-column elementor-col-50 elementor-top-column elementor-element elementor-element-7e110ef\" data-id=\"7e110ef\" data-element_type=\"column\" data-e-type=\"column\">\n\t\t\t<div class=\"elementor-widget-wrap elementor-element-populated\">\n\t\t\t\t\t\t<div class=\"elementor-element elementor-element-8072cd3 elementor-align-justify elementor-widget elementor-widget-button\" data-id=\"8072cd3\" data-element_type=\"widget\" data-e-type=\"widget\" data-widget_type=\"button.default\">\n\t\t\t\t<div class=\"elementor-widget-container\">\n\t\t\t\t\t\t\t\t\t<div class=\"elementor-button-wrapper\">\n\t\t\t\t\t<a class=\"elementor-button elementor-button-link elementor-size-sm\" href=\"https:\/\/mythslegendes.com\/es\/mitologia-paez\/\">\n\t\t\t\t\t\t<span class=\"elementor-button-content-wrapper\">\n\t\t\t\t\t\t\t\t\t<span class=\"elementor-button-text\">Mitolog\u00eda Paez<\/span>\n\t\t\t\t\t<\/span>\n\t\t\t\t\t<\/a>\n\t\t\t\t<\/div>\n\t\t\t\t\t\t\t\t<\/div>\n\t\t\t\t<\/div>\n\t\t\t\t\t<\/div>\n\t\t<\/div>\n\t\t\t\t<div class=\"elementor-column elementor-col-50 elementor-top-column elementor-element elementor-element-6e53692\" data-id=\"6e53692\" data-element_type=\"column\" data-e-type=\"column\">\n\t\t\t<div class=\"elementor-widget-wrap elementor-element-populated\">\n\t\t\t\t\t\t<div class=\"elementor-element elementor-element-8aae693 elementor-align-justify elementor-widget elementor-widget-button\" data-id=\"8aae693\" data-element_type=\"widget\" data-e-type=\"widget\" data-widget_type=\"button.default\">\n\t\t\t\t<div class=\"elementor-widget-container\">\n\t\t\t\t\t\t\t\t\t<div class=\"elementor-button-wrapper\">\n\t\t\t\t\t<a class=\"elementor-button elementor-button-link elementor-size-sm\" href=\"https:\/\/fr.wikipedia.org\/wiki\/Nasa_(peuple)\" target=\"_blank\" rel=\"noopener\">\n\t\t\t\t\t\t<span class=\"elementor-button-content-wrapper\">\n\t\t\t\t\t\t\t\t\t<span class=\"elementor-button-text\">Wiki<\/span>\n\t\t\t\t\t<\/span>\n\t\t\t\t\t<\/a>\n\t\t\t\t<\/div>\n\t\t\t\t\t\t\t\t<\/div>\n\t\t\t\t<\/div>\n\t\t\t\t\t<\/div>\n\t\t<\/div>\n\t\t\t\t\t<\/div>\n\t\t<\/section>\n\t\t\t\t<section class=\"elementor-section elementor-top-section elementor-element elementor-element-9c869e5 elementor-section-boxed elementor-section-height-default elementor-section-height-default\" data-id=\"9c869e5\" data-element_type=\"section\" data-e-type=\"section\">\n\t\t\t\t\t\t<div class=\"elementor-container elementor-column-gap-default\">\n\t\t\t\t\t<div class=\"elementor-column elementor-col-100 elementor-top-column elementor-element elementor-element-ea6bc06\" data-id=\"ea6bc06\" data-element_type=\"column\" data-e-type=\"column\">\n\t\t\t<div class=\"elementor-widget-wrap elementor-element-populated\">\n\t\t\t\t\t\t<div class=\"elementor-element elementor-element-411fab1 elementor-widget elementor-widget-text-editor\" data-id=\"411fab1\" data-element_type=\"widget\" data-e-type=\"widget\" data-widget_type=\"text-editor.default\">\n\t\t\t\t<div class=\"elementor-widget-container\">\n\t\t\t\t\t\t\t\t\t<p>Aqu\u00ed est\u00e1 la lista de esp\u00edritus Nasa-Paez de su cosmolog\u00eda.<\/p>\n<p><img decoding=\"async\" class=\"alignnone wp-image-5284 size-full\" src=\"https:\/\/mythslegendes.com\/wp-content\/uploads\/2020\/09\/AlphaOmega-e1602613368367.png\" alt=\"lista de esp\u00edritus Nasa-Paez\" width=\"25\" height=\"26\" title=\"\"><\/p>\t\t\t\t\t\t\t\t<\/div>\n\t\t\t\t<\/div>\n\t\t\t\t\t<\/div>\n\t\t<\/div>\n\t\t\t\t\t<\/div>\n\t\t<\/section>\n\t\t\t\t<section class=\"elementor-section elementor-top-section elementor-element elementor-element-2317840 elementor-section-boxed elementor-section-height-default elementor-section-height-default\" data-id=\"2317840\" data-element_type=\"section\" data-e-type=\"section\">\n\t\t\t\t\t\t<div class=\"elementor-container elementor-column-gap-default\">\n\t\t\t\t\t<div class=\"elementor-column elementor-col-100 elementor-top-column elementor-element elementor-element-5007b4f\" data-id=\"5007b4f\" data-element_type=\"column\" data-e-type=\"column\">\n\t\t\t<div class=\"elementor-widget-wrap elementor-element-populated\">\n\t\t\t\t\t\t<div class=\"elementor-element elementor-element-47da767 elementor-widget elementor-widget-heading\" data-id=\"47da767\" data-element_type=\"widget\" data-e-type=\"widget\" data-widget_type=\"heading.default\">\n\t\t\t\t<div class=\"elementor-widget-container\">\n\t\t\t\t\t<div id=\"ez-toc-container\" class=\"ez-toc-v2_0_82_2 counter-hierarchy ez-toc-counter ez-toc-grey ez-toc-container-direction\">\n<div class=\"ez-toc-title-container\">\n<p class=\"ez-toc-title\" style=\"cursor:inherit\">Contenido<\/p>\n<span class=\"ez-toc-title-toggle\"><a href=\"#\" class=\"ez-toc-pull-right ez-toc-btn ez-toc-btn-xs ez-toc-btn-default ez-toc-toggle\" aria-label=\"Alternar tabla de contenidos\"><span class=\"ez-toc-js-icon-con\"><span class=\"\"><span class=\"eztoc-hide\" style=\"display:none;\">Palanca<\/span><span class=\"ez-toc-icon-toggle-span\"><svg style=\"fill: #999;color:#999\" xmlns=\"http:\/\/www.w3.org\/2000\/svg\" class=\"list-377408\" width=\"20px\" height=\"20px\" viewbox=\"0 0 24 24\" fill=\"none\"><path d=\"M6 6H4v2h2V6zm14 0H8v2h12V6zM4 11h2v2H4v-2zm16 0H8v2h12v-2zM4 16h2v2H4v-2zm16 0H8v2h12v-2z\" fill=\"currentColor\"><\/path><\/svg><svg style=\"fill: #999;color:#999\" class=\"arrow-unsorted-368013\" xmlns=\"http:\/\/www.w3.org\/2000\/svg\" width=\"10px\" height=\"10px\" viewbox=\"0 0 24 24\" version=\"1.2\" baseprofile=\"tiny\"><path d=\"M18.2 9.3l-6.2-6.3-6.2 6.3c-.2.2-.3.4-.3.7s.1.5.3.7c.2.2.4.3.7.3h11c.3 0 .5-.1.7-.3.2-.2.3-.5.3-.7s-.1-.5-.3-.7zM5.8 14.7l6.2 6.3 6.2-6.3c.2-.2.3-.5.3-.7s-.1-.5-.3-.7c-.2-.2-.4-.3-.7-.3h-11c-.3 0-.5.1-.7.3-.2.2-.3.5-.3.7s.1.5.3.7z\"\/><\/svg><\/span><\/span><\/span><\/a><\/span><\/div>\n<nav><ul class='ez-toc-list ez-toc-list-level-1' ><li class='ez-toc-page-1 ez-toc-heading-level-2'><a class=\"ez-toc-link ez-toc-heading-1\" href=\"https:\/\/mythslegendes.com\/es\/mitologia-paez\/los-espiritus-nasa-paez\/#Esprits-Nasa-Paez\" >Esp\u00edritus Nasa-Paez<\/a><\/li><\/ul><\/nav><\/div>\n<h2 class=\"elementor-heading-title elementor-size-default\"><span class=\"ez-toc-section\" id=\"Esprits-Nasa-Paez\"><\/span>Esp\u00edritus Nasa-Paez<span class=\"ez-toc-section-end\"><\/span><\/h2>\t\t\t\t<\/div>\n\t\t\t\t<\/div>\n\t\t\t\t\t<\/div>\n\t\t<\/div>\n\t\t\t\t\t<\/div>\n\t\t<\/section>\n\t\t\t\t<section class=\"elementor-section elementor-top-section elementor-element elementor-element-198befe4 elementor-section-boxed elementor-section-height-default elementor-section-height-default\" data-id=\"198befe4\" data-element_type=\"section\" data-e-type=\"section\">\n\t\t\t\t\t\t<div class=\"elementor-container elementor-column-gap-default\">\n\t\t\t\t\t<div class=\"elementor-column elementor-col-100 elementor-top-column elementor-element elementor-element-19a23194\" data-id=\"19a23194\" data-element_type=\"column\" data-e-type=\"column\">\n\t\t\t<div class=\"elementor-widget-wrap elementor-element-populated\">\n\t\t\t\t\t\t<div class=\"elementor-element elementor-element-272ba069 elementor-widget elementor-widget-text-editor\" data-id=\"272ba069\" data-element_type=\"widget\" data-e-type=\"widget\" data-widget_type=\"text-editor.default\">\n\t\t\t\t<div class=\"elementor-widget-container\">\n\t\t\t\t\t\t\t\t\t\n<figure class=\"wp-block-table\">\n<table>\n<tbody>\n<tr>\n<td><strong>Ekthe &#039;<\/strong>\u00a0(<strong>Cpi&#039;sh<\/strong>\u00a0D\u00f3nde\u00a0<strong>Comer<\/strong>)<\/td>\n<td><em>Conoce el espacio. El trueno<\/em> <em>Permite que determinadas personas se conviertan en The&#039;Wala, es decir, en m\u00e9dicos tradicionales. Puede enojarse y manifestarse en rel\u00e1mpagos y rel\u00e1mpagos, pero tambi\u00e9n se calma con las ofrendas y las pr\u00e1cticas rituales.<\/em><br \/>\u00a0<\/td>\n<\/tr>\n<tr>\n<td><strong>Tu yase<\/strong><\/td>\n<td>Designador de la Tierra Establece el nombre de las personas. Es el protector del territorio. <a href=\"https:\/\/mythslegendes.com\/es\/mitologia-paez\/\">Nasa<\/a>, se encarga de proteger la piel, la ropa que cubre la tierra.<\/td>\n<\/tr>\n<tr>\n<td><strong>Weet&#039;ahn<\/strong><\/td>\n<td><em>El que deja la enfermedad en el pasado<\/em><\/td>\n<\/tr>\n<tr>\n<td><strong>Kl&#039;umn<\/strong><\/td>\n<td><em>Duende \/ duendecillo<\/em> <em>Toma la forma de viento o nubes. Habita en lugares sagrados, salvajes o bald\u00edos, jugando un papel muy importante en las relaciones econ\u00f3micas garantizando el respeto a la reciprocidad comunitaria entre los hombres y hacia el medio ambiente.<\/em><\/td>\n<\/tr>\n<tr>\n<td><strong>Daat&#039;i<\/strong><\/td>\n<td><em>Controlador social. Guardi\u00e1n de las monta\u00f1as.<\/em> <em>Protector del bosque, las monta\u00f1as y los p\u00e1ramos. Es \u00e9l quien se encarga de proteger a quienes habitan el bosque. Es a \u00e9l a quien se le pide la autorizaci\u00f3n para sacar le\u00f1a, cazar y pescar.<\/em><\/td>\n<\/tr>\n<tr>\n<td><em><strong>Sec o Tay<\/strong><\/em><\/td>\n<td><em>sol<\/em> <em>\u00c9l da vida y protege al pueblo Nasa.<\/em><\/td>\n<\/tr>\n<tr>\n<td><strong>Comi\u00f3<\/strong><\/td>\n<td><em>Luna<\/em> <em>Se asocia a la energ\u00eda fr\u00eda en relaci\u00f3n con los ciclos agr\u00edcolas. Las estrellas y las constelaciones son las primeras hijas que tuvo con el sol.<\/em><\/td>\n<\/tr>\n<tr>\n<td><strong>Wejya o Weh&#039;a<\/strong><\/td>\n<td><em>Viento<\/em><br \/>Due\u00f1o del ambiente.<\/td>\n<\/tr>\n<tr>\n<td><strong>S\u00ed&#039;<\/strong><\/td>\n<td><em>Esp\u00edritu de transformaci\u00f3n.<\/em><\/td>\n<\/tr>\n<tr>\n<td><strong>Pxthus o Cyt\u0169us<\/strong><\/td>\n<td><em>Arco iris<\/em> <em>Habita en ojos de agua, estanques y las mejores marismas. Pxthus se enoja cuando &quot;no pedimos permiso para usar el agua, cuando talamos el bosque alrededor de su fuente, cuando pasamos por los ojos del agua con tierra muerta o cuando la mujer tiene su menstruaci\u00f3n&quot;.<\/em><\/td>\n<\/tr>\n<\/tbody>\n<\/table>\n<p>La lista de esp\u00edritus Nasa-Paez no es exhaustiva.<\/p>\n<\/figure>\n\t\t\t\t\t\t\t\t<\/div>\n\t\t\t\t<\/div>\n\t\t\t\t\t<\/div>\n\t\t<\/div>\n\t\t\t\t\t<\/div>\n\t\t<\/section>\n\t\t\t\t<\/div>","protected":false},"excerpt":{"rendered":"<p>Mythologie Paez Wiki Voici la liste des esprits Nasa-Paez de leur cosmologie. Esprits Nasa-Paez Ekthe&rsquo;\u00a0(Cpi&rsquo;sh\u00a0ou\u00a0Eakathe) Savoir de l&rsquo;espace . Le &hellip; <\/p>","protected":false},"author":1,"featured_media":0,"parent":3193,"menu_order":0,"comment_status":"closed","ping_status":"closed","template":"","meta":{"footnotes":""},"class_list":["post-3204","page","type-page","status-publish","hentry"],"amp_enabled":true,"_links":{"self":[{"href":"https:\/\/mythslegendes.com\/es\/wp-json\/wp\/v2\/pages\/3204","targetHints":{"allow":["GET"]}}],"collection":[{"href":"https:\/\/mythslegendes.com\/es\/wp-json\/wp\/v2\/pages"}],"about":[{"href":"https:\/\/mythslegendes.com\/es\/wp-json\/wp\/v2\/types\/page"}],"author":[{"embeddable":true,"href":"https:\/\/mythslegendes.com\/es\/wp-json\/wp\/v2\/users\/1"}],"replies":[{"embeddable":true,"href":"https:\/\/mythslegendes.com\/es\/wp-json\/wp\/v2\/comments?post=3204"}],"version-history":[{"count":1,"href":"https:\/\/mythslegendes.com\/es\/wp-json\/wp\/v2\/pages\/3204\/revisions"}],"predecessor-version":[{"id":24890,"href":"https:\/\/mythslegendes.com\/es\/wp-json\/wp\/v2\/pages\/3204\/revisions\/24890"}],"up":[{"embeddable":true,"href":"https:\/\/mythslegendes.com\/es\/wp-json\/wp\/v2\/pages\/3193"}],"wp:attachment":[{"href":"https:\/\/mythslegendes.com\/es\/wp-json\/wp\/v2\/media?parent=3204"}],"curies":[{"name":"wp","href":"https:\/\/api.w.org\/{rel}","templated":true}]}}