{"id":3213,"date":"2020-07-24T13:48:16","date_gmt":"2020-07-24T12:48:16","guid":{"rendered":"https:\/\/mythslegendes.com\/?page_id=3213"},"modified":"2020-11-20T12:25:36","modified_gmt":"2020-11-20T12:25:36","slug":"juan-tama-de-la-estrella","status":"publish","type":"page","link":"https:\/\/mythslegendes.com\/es\/mitologia-paez\/juan-tama-de-la-estrella\/","title":{"rendered":"Juan Tama de la Estrella"},"content":{"rendered":"<div data-elementor-type=\"wp-page\" data-elementor-id=\"3213\" class=\"elementor elementor-3213\">\n\t\t\t\t\t\t<section class=\"elementor-section elementor-top-section elementor-element elementor-element-1c5a1b9 elementor-section-boxed elementor-section-height-default elementor-section-height-default\" data-id=\"1c5a1b9\" data-element_type=\"section\" data-e-type=\"section\">\n\t\t\t\t\t\t<div class=\"elementor-container elementor-column-gap-default\">\n\t\t\t\t\t<div class=\"elementor-column elementor-col-50 elementor-top-column elementor-element elementor-element-e1eae74\" data-id=\"e1eae74\" data-element_type=\"column\" data-e-type=\"column\">\n\t\t\t<div class=\"elementor-widget-wrap elementor-element-populated\">\n\t\t\t\t\t\t<div class=\"elementor-element elementor-element-b9d8607 elementor-align-justify elementor-widget elementor-widget-button\" data-id=\"b9d8607\" data-element_type=\"widget\" data-e-type=\"widget\" data-widget_type=\"button.default\">\n\t\t\t\t<div class=\"elementor-widget-container\">\n\t\t\t\t\t\t\t\t\t<div class=\"elementor-button-wrapper\">\n\t\t\t\t\t<a class=\"elementor-button elementor-button-link elementor-size-sm\" href=\"https:\/\/mythslegendes.com\/es\/mitologia-paez\/\">\n\t\t\t\t\t\t<span class=\"elementor-button-content-wrapper\">\n\t\t\t\t\t\t\t\t\t<span class=\"elementor-button-text\">Mitolog\u00eda Paez<\/span>\n\t\t\t\t\t<\/span>\n\t\t\t\t\t<\/a>\n\t\t\t\t<\/div>\n\t\t\t\t\t\t\t\t<\/div>\n\t\t\t\t<\/div>\n\t\t\t\t\t<\/div>\n\t\t<\/div>\n\t\t\t\t<div class=\"elementor-column elementor-col-50 elementor-top-column elementor-element elementor-element-39c2a9d\" data-id=\"39c2a9d\" data-element_type=\"column\" data-e-type=\"column\">\n\t\t\t<div class=\"elementor-widget-wrap elementor-element-populated\">\n\t\t\t\t\t\t<div class=\"elementor-element elementor-element-01db405 elementor-align-justify elementor-widget elementor-widget-button\" data-id=\"01db405\" data-element_type=\"widget\" data-e-type=\"widget\" data-widget_type=\"button.default\">\n\t\t\t\t<div class=\"elementor-widget-container\">\n\t\t\t\t\t\t\t\t\t<div class=\"elementor-button-wrapper\">\n\t\t\t\t\t<a class=\"elementor-button elementor-button-link elementor-size-sm\" href=\"https:\/\/fr.wikipedia.org\/wiki\/Nasa_(peuple)\" target=\"_blank\" rel=\"noopener\">\n\t\t\t\t\t\t<span class=\"elementor-button-content-wrapper\">\n\t\t\t\t\t\t\t\t\t<span class=\"elementor-button-text\">Wiki<\/span>\n\t\t\t\t\t<\/span>\n\t\t\t\t\t<\/a>\n\t\t\t\t<\/div>\n\t\t\t\t\t\t\t\t<\/div>\n\t\t\t\t<\/div>\n\t\t\t\t\t<\/div>\n\t\t<\/div>\n\t\t\t\t\t<\/div>\n\t\t<\/section>\n\t\t\t\t<section class=\"elementor-section elementor-top-section elementor-element elementor-element-7eabf97 elementor-section-boxed elementor-section-height-default elementor-section-height-default\" data-id=\"7eabf97\" data-element_type=\"section\" data-e-type=\"section\">\n\t\t\t\t\t\t<div class=\"elementor-container elementor-column-gap-default\">\n\t\t\t\t\t<div class=\"elementor-column elementor-col-100 elementor-top-column elementor-element elementor-element-a148d15\" data-id=\"a148d15\" data-element_type=\"column\" data-e-type=\"column\">\n\t\t\t<div class=\"elementor-widget-wrap elementor-element-populated\">\n\t\t\t\t\t\t<div class=\"elementor-element elementor-element-64fe986 elementor-widget elementor-widget-text-editor\" data-id=\"64fe986\" data-element_type=\"widget\" data-e-type=\"widget\" data-widget_type=\"text-editor.default\">\n\t\t\t\t<div class=\"elementor-widget-container\">\n\t\t\t\t\t\t\t\t\t<p>Juan Tama de la Estrella es un l\u00edder del pueblo <a href=\"https:\/\/mythslegendes.com\/es\/mitologia-paez\/\">Nasa<\/a>, obtuvo el reconocimiento de la Corona espa\u00f1ola en representaci\u00f3n de los territorios ind\u00edgenas. Su figura fue deificada y muchos <a href=\"https:\/\/mythslegendes.com\/es\/\">leyendas<\/a> estaban tejidos a su alrededor.<\/p>\t\t\t\t\t\t\t\t<\/div>\n\t\t\t\t<\/div>\n\t\t\t\t\t<\/div>\n\t\t<\/div>\n\t\t\t\t\t<\/div>\n\t\t<\/section>\n\t\t\t\t<section class=\"elementor-section elementor-top-section elementor-element elementor-element-5615a13 elementor-section-boxed elementor-section-height-default elementor-section-height-default\" data-id=\"5615a13\" data-element_type=\"section\" data-e-type=\"section\">\n\t\t\t\t\t\t<div class=\"elementor-container elementor-column-gap-default\">\n\t\t\t\t\t<div class=\"elementor-column elementor-col-100 elementor-top-column elementor-element elementor-element-25a975a\" data-id=\"25a975a\" data-element_type=\"column\" data-e-type=\"column\">\n\t\t\t<div class=\"elementor-widget-wrap elementor-element-populated\">\n\t\t\t\t\t\t<div class=\"elementor-element elementor-element-492fb52 elementor-widget elementor-widget-heading\" data-id=\"492fb52\" data-element_type=\"widget\" data-e-type=\"widget\" data-widget_type=\"heading.default\">\n\t\t\t\t<div class=\"elementor-widget-container\">\n\t\t\t\t\t<div id=\"ez-toc-container\" class=\"ez-toc-v2_0_82_2 counter-hierarchy ez-toc-counter ez-toc-grey ez-toc-container-direction\">\n<div class=\"ez-toc-title-container\">\n<p class=\"ez-toc-title\" style=\"cursor:inherit\">Contenido<\/p>\n<span class=\"ez-toc-title-toggle\"><a href=\"#\" class=\"ez-toc-pull-right ez-toc-btn ez-toc-btn-xs ez-toc-btn-default ez-toc-toggle\" aria-label=\"Alternar tabla de contenidos\"><span class=\"ez-toc-js-icon-con\"><span class=\"\"><span class=\"eztoc-hide\" style=\"display:none;\">Palanca<\/span><span class=\"ez-toc-icon-toggle-span\"><svg style=\"fill: #999;color:#999\" xmlns=\"http:\/\/www.w3.org\/2000\/svg\" class=\"list-377408\" width=\"20px\" height=\"20px\" viewbox=\"0 0 24 24\" fill=\"none\"><path d=\"M6 6H4v2h2V6zm14 0H8v2h12V6zM4 11h2v2H4v-2zm16 0H8v2h12v-2zM4 16h2v2H4v-2zm16 0H8v2h12v-2z\" fill=\"currentColor\"><\/path><\/svg><svg style=\"fill: #999;color:#999\" class=\"arrow-unsorted-368013\" xmlns=\"http:\/\/www.w3.org\/2000\/svg\" width=\"10px\" height=\"10px\" viewbox=\"0 0 24 24\" version=\"1.2\" baseprofile=\"tiny\"><path d=\"M18.2 9.3l-6.2-6.3-6.2 6.3c-.2.2-.3.4-.3.7s.1.5.3.7c.2.2.4.3.7.3h11c.3 0 .5-.1.7-.3.2-.2.3-.5.3-.7s-.1-.5-.3-.7zM5.8 14.7l6.2 6.3 6.2-6.3c.2-.2.3-.5.3-.7s-.1-.5-.3-.7c-.2-.2-.4-.3-.7-.3h-11c-.3 0-.5.1-.7.3-.2.2-.3.5-.3.7s.1.5.3.7z\"\/><\/svg><\/span><\/span><\/span><\/a><\/span><\/div>\n<nav><ul class='ez-toc-list ez-toc-list-level-1' ><li class='ez-toc-page-1 ez-toc-heading-level-2'><a class=\"ez-toc-link ez-toc-heading-1\" href=\"https:\/\/mythslegendes.com\/es\/mitologia-paez\/juan-tama-de-la-estrella\/#Juan-Tama-de-la-Estrella\" >Juan Tama de la Estrella<\/a><\/li><\/ul><\/nav><\/div>\n<h2 class=\"elementor-heading-title elementor-size-default\"><span class=\"ez-toc-section\" id=\"Juan-Tama-de-la-Estrella\"><\/span>Juan Tama de la Estrella<span class=\"ez-toc-section-end\"><\/span><\/h2>\t\t\t\t<\/div>\n\t\t\t\t<\/div>\n\t\t\t\t\t<\/div>\n\t\t<\/div>\n\t\t\t\t\t<\/div>\n\t\t<\/section>\n\t\t\t\t<section class=\"elementor-section elementor-top-section elementor-element elementor-element-6ac17e3f elementor-section-boxed elementor-section-height-default elementor-section-height-default\" data-id=\"6ac17e3f\" data-element_type=\"section\" data-e-type=\"section\">\n\t\t\t\t\t\t<div class=\"elementor-container elementor-column-gap-default\">\n\t\t\t\t\t<div class=\"elementor-column elementor-col-100 elementor-top-column elementor-element elementor-element-225fee2a\" data-id=\"225fee2a\" data-element_type=\"column\" data-e-type=\"column\">\n\t\t\t<div class=\"elementor-widget-wrap elementor-element-populated\">\n\t\t\t\t\t\t<div class=\"elementor-element elementor-element-5da06b7e elementor-widget elementor-widget-text-editor\" data-id=\"5da06b7e\" data-element_type=\"widget\" data-e-type=\"widget\" data-widget_type=\"text-editor.default\">\n\t\t\t\t<div class=\"elementor-widget-container\">\n\t\t\t\t\t\t\t\t\t\n<p>A mediados del siglo XVII lider\u00f3 negociaciones pol\u00edticas con los colonizadores de Quito, obteniendo el reconocimiento de cuatro cacicazgos y el di\u00e1logo con la Corona espa\u00f1ola en temas como el pago de impuestos, t\u00edtulos de propiedad y la fiscalizaci\u00f3n del peonazgo (peonaje ) en haciendas.<\/p>\n\n<p><strong>Cuatro cacicazgos han sido reconocidos por la corona espa\u00f1ola:<\/strong><\/p>\n\n<ul class=\"wp-block-list\">\n<li>Cacicazgo de Torib\u00edo, al norte, que inclu\u00eda los distritos de San Francisco, Torib\u00edo, Tacuey\u00f3 y el valle del R\u00edo Palo.<\/li>\n<li>Cacicazgo de Pitay\u00f3, en el centro, con las localidades de Pitay\u00f3, Jambal\u00f3, Caldono, Quichaya y Vitoy\u00f3.<\/li>\n<li>Cacicazgo de Togoima, al sur de Tierradentro, con los petitscacicazagos de Yutuc (Calderas), Apirama, Yaquiva, Pisimbal\u00e1 y Ambosta, posteriormente se fundaron las parcialidades de Cohetando, Schitoris (Ricaurte) y Santa Rosa.<\/li>\n<li>Cacicazgo de Vitonc\u00f3, al norte de Tierradentro, conformado por los distritos de T\u00e1laga, Mesa de T\u00f3ez, Buila y Suin. Este cacicazgo fue reconocido como el n\u00facleo principal de los Paeces.<\/li>\n<\/ul>\n\n<p>Con el reconocimiento territorial de los cuatro cacicazgos, Juan Tama continu\u00f3 su labor pol\u00edtica dentro de su comunidad logrando la unificaci\u00f3n de los Paeces contra los deseos de la dominaci\u00f3n espa\u00f1ola.<\/p>\n\n<p>Para este prop\u00f3sito pol\u00edtico, Juan Tama reclam\u00f3 un origen sobrenatural para adquirir un espacio sagrado dado por el sentimiento religioso de su pueblo y as\u00ed poder sobre el territorio. Se le conoci\u00f3 como Juan Tama de la Estrella, quien pose\u00eda los dones divinos de su abuela, La Estrella, y hab\u00eda aparecido flotando en la laguna entre las vi\u00f1as, siendo rescatado por chamanes.<\/p>\n\n<p>Para los Paeces, este l\u00edder fue el gu\u00eda en la b\u00fasqueda del equilibrio entre lo divino y lo natural. Su autoridad, reconocida y respetada, le permiti\u00f3 establecer dos reglas para la interacci\u00f3n de los pueblos ind\u00edgenas como comunidad con otros grupos:<\/p>\n\n<p><em>\u201cLas leyes del dominador son contradictorias porque las hacen los explotadores para favorecer, cuando en realidad lo que buscan es ser explotado. Pese a ello, estas leyes pueden ser utilizadas por el indio a su favor, cuando los explotadores est\u00e9n divididos o en su contra \u201d.<\/em><\/p>\n\n<p>En 1702, Juan Tama sobre la autonom\u00eda territorial<\/p>\n\n<p>(Los paeces)\u2026 <em>&quot;Se opondr\u00e1 firmemente y, en todo caso, despojar\u00e1 a los pobladores que tomen sus tierras como los due\u00f1os que son ... tanto en este caso, como con la tierra que se les entrega en posesi\u00f3n, se defienden con los documentos que se les entregan y pelear hasta que se los lleven limpios \u201d<\/em><\/p>\n\n<p>Los Cabildos, que se formaron originalmente para concentrar a los nativos en un \u00e1rea determinada con el fin de facilitar su adoctrinamiento y recaudaci\u00f3n de impuestos, fueron utilizados por los nativos para mantener sus propias formas de organizaci\u00f3n, figuras de autoridad como el gobernador y el gendarme para trabajar bajo la direcci\u00f3n de direcci\u00f3n del m\u00e9dico tradicional.<\/p>\n\n<p>Seg\u00fan uno <a href=\"https:\/\/mythslegendes.com\/es\/\">leyenda<\/a>, luego de dejar a su pueblo las pautas de convivencia y defensa contra los colonizadores, regres\u00f3 a la laguna donde naci\u00f3, prometiendo volver all\u00ed si era necesario: <em>&quot;Me ir\u00e9 a vivir a la laguna, no morir\u00e9 jam\u00e1s&quot;.<\/em><\/p>\n\n<figure class=\"wp-block-image\"><img fetchpriority=\"high\" decoding=\"async\" class=\"alignnone\" src=\"https:\/\/img.over-blog-kiwi.com\/0\/56\/62\/66\/20200724\/ob_4ef281_tama.jpg#width=340&amp;height=325\" alt=\"Juan Tama de la Estrella\" width=\"340\" height=\"325\" title=\"\"><\/figure>\n\n<p>La Laguna Juan Tama est\u00e1 ubicada en el p\u00e1ramo de Moras, resguardo ind\u00edgena de Mosoco, municipio de Belarc\u00e1zar, departamento del Cauca, Colombia. Es considerado un lugar sagrado, con rituales de consagraci\u00f3n y purificaci\u00f3n de los palos de mando, s\u00edmbolo de la autoridad ind\u00edgena, ya que de este lugar naci\u00f3, seg\u00fan la leyenda, Juan Tama y regres\u00f3 a descansar en sus aguas con su compa\u00f1ero.<\/p>\n\t\t\t\t\t\t\t\t<\/div>\n\t\t\t\t<\/div>\n\t\t\t\t\t<\/div>\n\t\t<\/div>\n\t\t\t\t\t<\/div>\n\t\t<\/section>\n\t\t\t\t<\/div>","protected":false},"excerpt":{"rendered":"<p>Mythologie Paez Wiki Juan Tama de la Estrella est un leader du peuple Nasa, il a obtenu la reconnaissance de &hellip; <\/p>","protected":false},"author":1,"featured_media":0,"parent":3193,"menu_order":0,"comment_status":"closed","ping_status":"closed","template":"","meta":{"footnotes":""},"class_list":["post-3213","page","type-page","status-publish","hentry"],"amp_enabled":true,"_links":{"self":[{"href":"https:\/\/mythslegendes.com\/es\/wp-json\/wp\/v2\/pages\/3213","targetHints":{"allow":["GET"]}}],"collection":[{"href":"https:\/\/mythslegendes.com\/es\/wp-json\/wp\/v2\/pages"}],"about":[{"href":"https:\/\/mythslegendes.com\/es\/wp-json\/wp\/v2\/types\/page"}],"author":[{"embeddable":true,"href":"https:\/\/mythslegendes.com\/es\/wp-json\/wp\/v2\/users\/1"}],"replies":[{"embeddable":true,"href":"https:\/\/mythslegendes.com\/es\/wp-json\/wp\/v2\/comments?post=3213"}],"version-history":[{"count":0,"href":"https:\/\/mythslegendes.com\/es\/wp-json\/wp\/v2\/pages\/3213\/revisions"}],"up":[{"embeddable":true,"href":"https:\/\/mythslegendes.com\/es\/wp-json\/wp\/v2\/pages\/3193"}],"wp:attachment":[{"href":"https:\/\/mythslegendes.com\/es\/wp-json\/wp\/v2\/media?parent=3213"}],"curies":[{"name":"wp","href":"https:\/\/api.w.org\/{rel}","templated":true}]}}