{"id":3217,"date":"2020-07-24T15:31:05","date_gmt":"2020-07-24T14:31:05","guid":{"rendered":"https:\/\/mythslegendes.com\/?page_id=3217"},"modified":"2020-11-20T12:13:22","modified_gmt":"2020-11-20T12:13:22","slug":"cosmologie-paez","status":"publish","type":"page","link":"https:\/\/mythslegendes.com\/es\/mitologia-paez\/cosmologia-paez\/","title":{"rendered":"Cosmolog\u00eda P\u00e1ez"},"content":{"rendered":"<div data-elementor-type=\"wp-page\" data-elementor-id=\"3217\" class=\"elementor elementor-3217\">\n\t\t\t\t\t\t<section class=\"elementor-section elementor-top-section elementor-element elementor-element-2afca93 elementor-section-boxed elementor-section-height-default elementor-section-height-default\" data-id=\"2afca93\" data-element_type=\"section\" data-e-type=\"section\">\n\t\t\t\t\t\t<div class=\"elementor-container elementor-column-gap-default\">\n\t\t\t\t\t<div class=\"elementor-column elementor-col-50 elementor-top-column elementor-element elementor-element-3fc483a\" data-id=\"3fc483a\" data-element_type=\"column\" data-e-type=\"column\">\n\t\t\t<div class=\"elementor-widget-wrap elementor-element-populated\">\n\t\t\t\t\t\t<div class=\"elementor-element elementor-element-5cc6503 elementor-align-justify elementor-widget elementor-widget-button\" data-id=\"5cc6503\" data-element_type=\"widget\" data-e-type=\"widget\" data-widget_type=\"button.default\">\n\t\t\t\t<div class=\"elementor-widget-container\">\n\t\t\t\t\t\t\t\t\t<div class=\"elementor-button-wrapper\">\n\t\t\t\t\t<a class=\"elementor-button elementor-button-link elementor-size-sm\" href=\"https:\/\/mythslegendes.com\/es\/mitologia-paez\/\">\n\t\t\t\t\t\t<span class=\"elementor-button-content-wrapper\">\n\t\t\t\t\t\t\t\t\t<span class=\"elementor-button-text\">Mitolog\u00eda Paez<\/span>\n\t\t\t\t\t<\/span>\n\t\t\t\t\t<\/a>\n\t\t\t\t<\/div>\n\t\t\t\t\t\t\t\t<\/div>\n\t\t\t\t<\/div>\n\t\t\t\t\t<\/div>\n\t\t<\/div>\n\t\t\t\t<div class=\"elementor-column elementor-col-50 elementor-top-column elementor-element elementor-element-010615d\" data-id=\"010615d\" data-element_type=\"column\" data-e-type=\"column\">\n\t\t\t<div class=\"elementor-widget-wrap elementor-element-populated\">\n\t\t\t\t\t\t<div class=\"elementor-element elementor-element-8b03374 elementor-align-justify elementor-widget elementor-widget-button\" data-id=\"8b03374\" data-element_type=\"widget\" data-e-type=\"widget\" data-widget_type=\"button.default\">\n\t\t\t\t<div class=\"elementor-widget-container\">\n\t\t\t\t\t\t\t\t\t<div class=\"elementor-button-wrapper\">\n\t\t\t\t\t<a class=\"elementor-button elementor-button-link elementor-size-sm\" href=\"https:\/\/fr.wikipedia.org\/wiki\/Nasa_(peuple)\" target=\"_blank\" rel=\"noopener\">\n\t\t\t\t\t\t<span class=\"elementor-button-content-wrapper\">\n\t\t\t\t\t\t\t\t\t<span class=\"elementor-button-text\">Wiki<\/span>\n\t\t\t\t\t<\/span>\n\t\t\t\t\t<\/a>\n\t\t\t\t<\/div>\n\t\t\t\t\t\t\t\t<\/div>\n\t\t\t\t<\/div>\n\t\t\t\t\t<\/div>\n\t\t<\/div>\n\t\t\t\t\t<\/div>\n\t\t<\/section>\n\t\t\t\t<section class=\"elementor-section elementor-top-section elementor-element elementor-element-11a7c06 elementor-section-boxed elementor-section-height-default elementor-section-height-default\" data-id=\"11a7c06\" data-element_type=\"section\" data-e-type=\"section\">\n\t\t\t\t\t\t<div class=\"elementor-container elementor-column-gap-default\">\n\t\t\t\t\t<div class=\"elementor-column elementor-col-100 elementor-top-column elementor-element elementor-element-c3b922f\" data-id=\"c3b922f\" data-element_type=\"column\" data-e-type=\"column\">\n\t\t\t<div class=\"elementor-widget-wrap elementor-element-populated\">\n\t\t\t\t\t\t<div class=\"elementor-element elementor-element-6286dac elementor-widget elementor-widget-text-editor\" data-id=\"6286dac\" data-element_type=\"widget\" data-e-type=\"widget\" data-widget_type=\"text-editor.default\">\n\t\t\t\t<div class=\"elementor-widget-container\">\n\t\t\t\t\t\t\t\t\t<p>La cosmolog\u00eda de Paez est\u00e1 llena de seres espirituales con caracter\u00edsticas sobrenaturales atribuidas a hombres, animales y accidentes naturales. En la comunidad existe una relaci\u00f3n permanente con las lagunas, r\u00edos, plantas, serpientes, viento, sol, luna y otros seres m\u00edticos que ejercen una gran influencia en su vida diaria.<\/p>\t\t\t\t\t\t\t\t<\/div>\n\t\t\t\t<\/div>\n\t\t\t\t\t<\/div>\n\t\t<\/div>\n\t\t\t\t\t<\/div>\n\t\t<\/section>\n\t\t\t\t<section class=\"elementor-section elementor-top-section elementor-element elementor-element-1aadd3b elementor-section-boxed elementor-section-height-default elementor-section-height-default\" data-id=\"1aadd3b\" data-element_type=\"section\" data-e-type=\"section\">\n\t\t\t\t\t\t<div class=\"elementor-container elementor-column-gap-default\">\n\t\t\t\t\t<div class=\"elementor-column elementor-col-100 elementor-top-column elementor-element elementor-element-0b3f39b\" data-id=\"0b3f39b\" data-element_type=\"column\" data-e-type=\"column\">\n\t\t\t<div class=\"elementor-widget-wrap elementor-element-populated\">\n\t\t\t\t\t\t<div class=\"elementor-element elementor-element-10553f9 elementor-widget elementor-widget-heading\" data-id=\"10553f9\" data-element_type=\"widget\" data-e-type=\"widget\" data-widget_type=\"heading.default\">\n\t\t\t\t<div class=\"elementor-widget-container\">\n\t\t\t\t\t<div id=\"ez-toc-container\" class=\"ez-toc-v2_0_82_2 counter-hierarchy ez-toc-counter ez-toc-grey ez-toc-container-direction\">\n<div class=\"ez-toc-title-container\">\n<p class=\"ez-toc-title\" style=\"cursor:inherit\">Contenido<\/p>\n<span class=\"ez-toc-title-toggle\"><a href=\"#\" class=\"ez-toc-pull-right ez-toc-btn ez-toc-btn-xs ez-toc-btn-default ez-toc-toggle\" aria-label=\"Alternar tabla de contenidos\"><span class=\"ez-toc-js-icon-con\"><span class=\"\"><span class=\"eztoc-hide\" style=\"display:none;\">Palanca<\/span><span class=\"ez-toc-icon-toggle-span\"><svg style=\"fill: #999;color:#999\" xmlns=\"http:\/\/www.w3.org\/2000\/svg\" class=\"list-377408\" width=\"20px\" height=\"20px\" viewbox=\"0 0 24 24\" fill=\"none\"><path d=\"M6 6H4v2h2V6zm14 0H8v2h12V6zM4 11h2v2H4v-2zm16 0H8v2h12v-2zM4 16h2v2H4v-2zm16 0H8v2h12v-2z\" fill=\"currentColor\"><\/path><\/svg><svg style=\"fill: #999;color:#999\" class=\"arrow-unsorted-368013\" xmlns=\"http:\/\/www.w3.org\/2000\/svg\" width=\"10px\" height=\"10px\" viewbox=\"0 0 24 24\" version=\"1.2\" baseprofile=\"tiny\"><path d=\"M18.2 9.3l-6.2-6.3-6.2 6.3c-.2.2-.3.4-.3.7s.1.5.3.7c.2.2.4.3.7.3h11c.3 0 .5-.1.7-.3.2-.2.3-.5.3-.7s-.1-.5-.3-.7zM5.8 14.7l6.2 6.3 6.2-6.3c.2-.2.3-.5.3-.7s-.1-.5-.3-.7c-.2-.2-.4-.3-.7-.3h-11c-.3 0-.5.1-.7.3-.2.2-.3.5-.3.7s.1.5.3.7z\"\/><\/svg><\/span><\/span><\/span><\/a><\/span><\/div>\n<nav><ul class='ez-toc-list ez-toc-list-level-1' ><li class='ez-toc-page-1 ez-toc-heading-level-2'><a class=\"ez-toc-link ez-toc-heading-1\" href=\"https:\/\/mythslegendes.com\/es\/mitologia-paez\/cosmologia-paez\/#Cosmologie-Paez\" >Cosmolog\u00eda P\u00e1ez<\/a><\/li><\/ul><\/nav><\/div>\n<h2 class=\"elementor-heading-title elementor-size-default\"><span class=\"ez-toc-section\" id=\"Cosmologie-Paez\"><\/span>Cosmolog\u00eda P\u00e1ez<span class=\"ez-toc-section-end\"><\/span><\/h2>\t\t\t\t<\/div>\n\t\t\t\t<\/div>\n\t\t\t\t\t<\/div>\n\t\t<\/div>\n\t\t\t\t\t<\/div>\n\t\t<\/section>\n\t\t\t\t<section class=\"elementor-section elementor-top-section elementor-element elementor-element-666f57e5 elementor-section-boxed elementor-section-height-default elementor-section-height-default\" data-id=\"666f57e5\" data-element_type=\"section\" data-e-type=\"section\">\n\t\t\t\t\t\t<div class=\"elementor-container elementor-column-gap-default\">\n\t\t\t\t\t<div class=\"elementor-column elementor-col-100 elementor-top-column elementor-element elementor-element-742616f1\" data-id=\"742616f1\" data-element_type=\"column\" data-e-type=\"column\">\n\t\t\t<div class=\"elementor-widget-wrap elementor-element-populated\">\n\t\t\t\t\t\t<div class=\"elementor-element elementor-element-5ff5bb21 elementor-widget elementor-widget-text-editor\" data-id=\"5ff5bb21\" data-element_type=\"widget\" data-e-type=\"widget\" data-widget_type=\"text-editor.default\">\n\t\t\t\t<div class=\"elementor-widget-container\">\n\t\t\t\t\t\t\t\t\t<p><\/p>\n<p>En la cosmolog\u00eda de P\u00e1ez, las lagunas son elementos de gran valor en la cultura porque contienen mucho conocimiento, al que solo los m\u00e9dicos tradicionales pueden acceder. A su alrededor se encuentran las plantas m\u00e1s utilizadas para su labor depurativa y curativa.<\/p>\n<p><\/p>\n<p><\/p>\n<p>Los elementos del cosmos se componen de tres hilos comunes que interpretan la relaci\u00f3n del hombre con los elementos:<\/p>\n<p><\/p>\n<p><\/p>\n<p><em>1. <a href=\"https:\/\/mythslegendes.com\/es\/mitologia-paez\/\">Nasa<\/a> u&#039;sh o gente esp\u00edritu<\/em>, asociado a la energ\u00eda de los elementos naturales.<br \/>2. <em>Nasa kiwe o gente de la naturaleza<\/em>, se refiere al mundo poblado por la naturaleza: agua, r\u00edos, arroyos, lagunas, entre otros, en el que habitan los antepasados.<br \/>3.<em> Nasa nasa<\/em> o gente gente. En el mundo de los hombres.<\/p>\n<p><\/p>\n<p><\/p>\n<p>El mundo es una estructura formada por capas o espacios que tienen diferentes caracter\u00edsticas y componentes. En los extremos encontramos <em>&quot;Yu&quot;<\/em>, el inframundo y &quot;\u00a0<em>Seco &quot;<\/em>, el sol. El primero est\u00e1 asociado con la muerte, el fr\u00edo y la suciedad, el otro con la vida, el calor y la riqueza.<\/p>\n<p><\/p>\n<p><\/p>\n<p>En la cosmolog\u00eda de Paez, el dise\u00f1o de la casa <em>(&quot;Yat&quot;<\/em>) es fundamental, como espacio, refugio y construcci\u00f3n colectiva de la vida. Una abuela y un abuelo desempe\u00f1aron el papel de integradores del todo. Los seres eran vientos y esp\u00edritus, pero la abuela y el abuelo los llamaron para tener una casa para que pudieran tener cuerpos. Alors qu&#039;ils se heurtaient et se faisaient mal, la grand-m\u00e8re et le grand-p\u00e8re leur ont dit qu&#039;ils ne pouvaient pas rester divis\u00e9s mais qu&#039;ils devaient s&#039;unir et qu&#039;ils s&#039;unissent et que chacun ait su cuerpo.<\/p>\n<p>As\u00ed es el universo y de este modelo surgen las casas de cada uno, la casa de los animales, la casa del sol y por supuesto la casa de la nasa, el territorio de la nasa, la comunidad como casa colectiva, la casa. de cada familia y el cuerpo, que es una casa, as\u00ed como la casa tiene coraz\u00f3n (el hogar), ojos (las ventanas), boca (la puerta), costillas (las paredes) o piernas (las columnas).<\/p>\n<p><\/p>\n<p><\/p>\n<p><strong>Coca Cola en Cosmolog\u00eda Paez<br \/><\/strong><\/p>\n<p><\/p>\n<p><\/p>\n<figure class=\"wp-block-image\"><img fetchpriority=\"high\" decoding=\"async\" class=\"alignnone\" src=\"https:\/\/img.over-blog-kiwi.com\/0\/56\/62\/66\/20200722\/ob_caf532_coca.jpg#width=335&amp;height=180\" alt=\"Cosmolog\u00eda P\u00e1ez\" width=\"335\" height=\"180\" title=\"\"><\/figure>\n<p><\/p>\n<p><\/p>\n<p>Planta sagrada para el pueblo Nasa. Desde la ni\u00f1ez aprenden a <em>&quot;Mambear<\/em>\u00a0\u00bb(Mastica) la hoja.<\/p>\n<p><\/p>\n<p><\/p>\n<p>El cham\u00e1n est\u00e1 \u00edntimamente ligado a \u00e9l por la interpretaci\u00f3n de <em>&quot;Se\u00f1ales&quot;<\/em>. Su consumo produce movimientos musculares involuntarios que sirven de base a la adivinaci\u00f3n.<\/p>\n<p><\/p>\n<p><\/p>\n<p>Con ella, los Paeces producen galletas, vinos, t\u00e9s arom\u00e1ticos, frutas de hojas deshidratadas y bebidas energ\u00e9ticas.<\/p>\n<p><\/p>\n<p><\/p>\n<p><strong>Rituales de cosmolog\u00eda de Paez<br \/><\/strong><\/p>\n<p><\/p>\n<p><\/p>\n<p>Los rituales tradicionales destinados a fortalecer la comunidad: limpieza espiritual del cuerpo, refresco espiritual de los palos de mando, apagar el hogar, hacer ofrendas a los muertos, la primera menstruaci\u00f3n y el ritual de fertilidad se perdieron con la divisi\u00f3n de jefaturas como forma. de organizaci\u00f3n social de los ind\u00edgenas alrededor del a\u00f1o 1700.<\/p>\n<p><\/p>\n<p><\/p>\n<p>Sus pr\u00e1cticas ceremoniales comenzaron a recuperarse a partir de 1971, cuando se estableci\u00f3 el Consejo Regional Ind\u00edgena del Cauca (CRIC).<\/p>\n<p><\/p>\n<p><\/p>\n<p><strong>Saakhelu Ne&#039;jwe&#039;sx (Ritual de fertilidad)<\/strong><\/p>\n<p><\/p>\n<p><\/p>\n<figure class=\"wp-block-image\"><img decoding=\"async\" class=\"alignnone\" src=\"https:\/\/img.over-blog-kiwi.com\/0\/56\/62\/66\/20200722\/ob_bdf423_fertilidad.jpg#width=415&amp;height=345\" alt=\"Cosmolog\u00eda P\u00e1ez\" width=\"415\" height=\"345\" title=\"\"><\/figure>\n<p><\/p>\n<p><\/p>\n<p><em>Ritual sagrado de Saakhelu realizado en el resguardo de Jambal\u00f3, Buena Vista - La Marqueza. Agosto de 2018.<\/em><\/p>\n<p><\/p>\n<p><\/p>\n<p>Ritual de fertilidad, agradecimiento y protecci\u00f3n que las Nasas brindan a los esp\u00edritus sagrados, momento espiritual que convoca a ni\u00f1os, j\u00f3venes, adultos y nativos o no, a saludarlos.<\/p>\n<p><\/p>\n<p><\/p>\n<p>Ofrecen abundante comida, semillas, shisha, remedios, bailan y cantan canciones t\u00edpicas de este ritual para que las lluvias, la luna, el sol y las semillas respondan al llamado de la comunidad. Si los esp\u00edritus no est\u00e1n satisfechos, traer\u00e1n hambre y enfermedad.<\/p>\n<p><\/p>\n<p><\/p>\n<p>Es una oportunidad para agradecer los territorios, la cosecha y seguir defendiendo la soberan\u00eda de los pueblos ind\u00edgenas.<\/p>\n<p><\/p>\n<p><\/p>\n<p><strong>Ipx Fxicxanxi (extinci\u00f3n de incendios)<\/strong><\/p>\n<p><\/p>\n<p><\/p>\n<figure class=\"wp-block-image\"><img decoding=\"async\" class=\"alignnone\" src=\"https:\/\/img.over-blog-kiwi.com\/0\/56\/62\/66\/20200722\/ob_abe252_fogon.jpg#width=569&amp;height=412\" alt=\"Cosmolog\u00eda P\u00e1ez\" width=\"569\" height=\"412\" title=\"\"><\/figure>\n<p><\/p>\n<p><\/p>\n<p>Ritual que tradicionalmente tiene lugar en marzo de cada a\u00f1o.<\/p>\n<p><\/p>\n<p><\/p>\n<p><em>\u201cEs un ritual de armonizaci\u00f3n del orden, es decir, busca que nuestra energ\u00eda alcance un estado de equilibrio con la naturaleza misma, porque tambi\u00e9n somos naturaleza; pero tambi\u00e9n busca armonizar el fuego mismo, que debe ser preparado dentro de la comunidad para entrar en los pr\u00f3ximos grandes rituales.<\/em><\/p>\n<p><em> Prospera alrededor del fuego y, con el consejo de los antiguos, mientras usamos plantas y bebidas como coca, chirrincho, shisha y otros remedios, canalizamos las energ\u00edas sucias, o m\u00e1s bien malas, que recolectamos durante alg\u00fan tiempo y las ofrecemos a fuego del abuelo, que nos ayudar\u00e1 a limpiarlo.<\/em> (Echa ra\u00edces: Centro de Comunicaci\u00f3n y Educaci\u00f3n Popular)<\/p>\n<p><\/p>\n<p><\/p>\n<p><strong>Cxapucx (Ofrenda a los muertos)<\/strong><\/p>\n<p><\/p>\n<p><\/p>\n<figure class=\"wp-block-image\"><img loading=\"lazy\" decoding=\"async\" class=\"alignnone\" src=\"https:\/\/img.over-blog-kiwi.com\/0\/56\/62\/66\/20200722\/ob_148376_muertos.jpg#width=415&amp;height=277\" alt=\"Cosmolog\u00eda P\u00e1ez\" width=\"415\" height=\"277\" title=\"\"><\/figure>\n<p><\/p>\n<p><\/p>\n<p>Celebrada en noviembre, es la ofrenda que se hace a los seres queridos que ya se han ido.<\/p>\n<p><\/p>\n<p><\/p>\n<p>Se lleva a cabo por cada una de las familias acompa\u00f1adas de toda la comunidad, un homenaje a la b\u00fasqueda de la armon\u00eda con los seres que los han acompa\u00f1ado en el proceso y la caminata por el territorio.<\/p>\n<p><\/p>\n<p><\/p>\n<p>En una mesa grande, ofrecen la comida, las semillas y las cosas que les gustaron y se les invita a comer. Dicen que por la noche se oyen risas, gente hablando y riendo mientras se prueba lo que se sirve.<\/p>\n<p><\/p>\n<p><\/p>\n<p>Pero al d\u00eda siguiente, la comida est\u00e1 intacta y luego comienza la fiesta con los seres vivos: cada uno recibe una parte de la comida preparada para las almas.<\/p>\n<p><\/p>\n<p><\/p>\n<p>Los Nasa no deben olvidar a sus familiares que ya est\u00e1n en el mundo espiritual, deben mantener lo que los antiguos les ense\u00f1aron: el idioma, los tejidos, el modo de cultivo, el consumo y el cuidado de la naturaleza.<\/p>\n<p><\/p>\n<p><\/p>\n<p>Otros rituales importantes son el refrigerio del <em>&quot;Personal de mando&quot; <\/em>que se realiza todos los a\u00f1os por el Cabildo en la laguna de Juan Tama y el de los esp\u00edritus cuando un miembro de la comunidad est\u00e1 enfermo y para curarlo deben rendir culto al arco iris o al duende, o al trueno seg\u00fan quien lo castigue.<\/p>\n<p><\/p>\t\t\t\t\t\t\t\t<\/div>\n\t\t\t\t<\/div>\n\t\t\t\t\t<\/div>\n\t\t<\/div>\n\t\t\t\t\t<\/div>\n\t\t<\/section>\n\t\t\t\t<\/div>","protected":false},"excerpt":{"rendered":"<p>Mitolog\u00eda Paez Wiki La cosmolog\u00eda Paez est\u00e1 llena de seres espirituales con caracter\u00edsticas sobrenaturales atribuidas a hombres, animales y\u2026 <\/p>","protected":false},"author":1,"featured_media":0,"parent":3193,"menu_order":0,"comment_status":"closed","ping_status":"closed","template":"","meta":{"footnotes":""},"class_list":["post-3217","page","type-page","status-publish","hentry"],"amp_enabled":true,"_links":{"self":[{"href":"https:\/\/mythslegendes.com\/es\/wp-json\/wp\/v2\/pages\/3217","targetHints":{"allow":["GET"]}}],"collection":[{"href":"https:\/\/mythslegendes.com\/es\/wp-json\/wp\/v2\/pages"}],"about":[{"href":"https:\/\/mythslegendes.com\/es\/wp-json\/wp\/v2\/types\/page"}],"author":[{"embeddable":true,"href":"https:\/\/mythslegendes.com\/es\/wp-json\/wp\/v2\/users\/1"}],"replies":[{"embeddable":true,"href":"https:\/\/mythslegendes.com\/es\/wp-json\/wp\/v2\/comments?post=3217"}],"version-history":[{"count":0,"href":"https:\/\/mythslegendes.com\/es\/wp-json\/wp\/v2\/pages\/3217\/revisions"}],"up":[{"embeddable":true,"href":"https:\/\/mythslegendes.com\/es\/wp-json\/wp\/v2\/pages\/3193"}],"wp:attachment":[{"href":"https:\/\/mythslegendes.com\/es\/wp-json\/wp\/v2\/media?parent=3217"}],"curies":[{"name":"wp","href":"https:\/\/api.w.org\/{rel}","templated":true}]}}