{"id":3221,"date":"2020-07-24T15:32:47","date_gmt":"2020-07-24T14:32:47","guid":{"rendered":"https:\/\/mythslegendes.com\/?page_id=3221"},"modified":"2020-11-20T12:21:15","modified_gmt":"2020-11-20T12:21:15","slug":"le-parcours-du-sek","status":"publish","type":"page","link":"https:\/\/mythslegendes.com\/es\/mitologia-paez\/el-curso-de-sek\/","title":{"rendered":"La ruta del Sek"},"content":{"rendered":"<div data-elementor-type=\"wp-page\" data-elementor-id=\"3221\" class=\"elementor elementor-3221\">\n\t\t\t\t\t\t<section class=\"elementor-section elementor-top-section elementor-element elementor-element-db9ba4d elementor-section-boxed elementor-section-height-default elementor-section-height-default\" data-id=\"db9ba4d\" data-element_type=\"section\" data-e-type=\"section\">\n\t\t\t\t\t\t<div class=\"elementor-container elementor-column-gap-default\">\n\t\t\t\t\t<div class=\"elementor-column elementor-col-50 elementor-top-column elementor-element elementor-element-93ed114\" data-id=\"93ed114\" data-element_type=\"column\" data-e-type=\"column\">\n\t\t\t<div class=\"elementor-widget-wrap elementor-element-populated\">\n\t\t\t\t\t\t<div class=\"elementor-element elementor-element-446789a elementor-align-justify elementor-widget elementor-widget-button\" data-id=\"446789a\" data-element_type=\"widget\" data-e-type=\"widget\" data-widget_type=\"button.default\">\n\t\t\t\t<div class=\"elementor-widget-container\">\n\t\t\t\t\t\t\t\t\t<div class=\"elementor-button-wrapper\">\n\t\t\t\t\t<a class=\"elementor-button elementor-button-link elementor-size-sm\" href=\"https:\/\/mythslegendes.com\/es\/mitologia-paez\/\">\n\t\t\t\t\t\t<span class=\"elementor-button-content-wrapper\">\n\t\t\t\t\t\t\t\t\t<span class=\"elementor-button-text\">Mitolog\u00eda Paez<\/span>\n\t\t\t\t\t<\/span>\n\t\t\t\t\t<\/a>\n\t\t\t\t<\/div>\n\t\t\t\t\t\t\t\t<\/div>\n\t\t\t\t<\/div>\n\t\t\t\t\t<\/div>\n\t\t<\/div>\n\t\t\t\t<div class=\"elementor-column elementor-col-50 elementor-top-column elementor-element elementor-element-0563bc6\" data-id=\"0563bc6\" data-element_type=\"column\" data-e-type=\"column\">\n\t\t\t<div class=\"elementor-widget-wrap elementor-element-populated\">\n\t\t\t\t\t\t<div class=\"elementor-element elementor-element-54755fe elementor-align-justify elementor-widget elementor-widget-button\" data-id=\"54755fe\" data-element_type=\"widget\" data-e-type=\"widget\" data-widget_type=\"button.default\">\n\t\t\t\t<div class=\"elementor-widget-container\">\n\t\t\t\t\t\t\t\t\t<div class=\"elementor-button-wrapper\">\n\t\t\t\t\t<a class=\"elementor-button elementor-button-link elementor-size-sm\" href=\"https:\/\/fr.wikipedia.org\/wiki\/Nasa_(peuple)\" target=\"_blank\" rel=\"noopener\">\n\t\t\t\t\t\t<span class=\"elementor-button-content-wrapper\">\n\t\t\t\t\t\t\t\t\t<span class=\"elementor-button-text\">Wiki<\/span>\n\t\t\t\t\t<\/span>\n\t\t\t\t\t<\/a>\n\t\t\t\t<\/div>\n\t\t\t\t\t\t\t\t<\/div>\n\t\t\t\t<\/div>\n\t\t\t\t\t<\/div>\n\t\t<\/div>\n\t\t\t\t\t<\/div>\n\t\t<\/section>\n\t\t\t\t<section class=\"elementor-section elementor-top-section elementor-element elementor-element-8e78456 elementor-section-boxed elementor-section-height-default elementor-section-height-default\" data-id=\"8e78456\" data-element_type=\"section\" data-e-type=\"section\">\n\t\t\t\t\t\t<div class=\"elementor-container elementor-column-gap-default\">\n\t\t\t\t\t<div class=\"elementor-column elementor-col-100 elementor-top-column elementor-element elementor-element-5c011ac\" data-id=\"5c011ac\" data-element_type=\"column\" data-e-type=\"column\">\n\t\t\t<div class=\"elementor-widget-wrap elementor-element-populated\">\n\t\t\t\t\t\t<div class=\"elementor-element elementor-element-de1af1b elementor-widget elementor-widget-text-editor\" data-id=\"de1af1b\" data-element_type=\"widget\" data-e-type=\"widget\" data-widget_type=\"text-editor.default\">\n\t\t\t\t<div class=\"elementor-widget-container\">\n\t\t\t\t\t\t\t\t\t<p>El curso del Sek describe las estaciones entre los pueblos. <a href=\"https:\/\/mythslegendes.com\/es\/mitologia-paez\/\">Nasa<\/a> P\u00e1ez. A trav\u00e9s de estas infograf\u00edas, Tejido Mujer de la \u00c7xhab Wala Kiwe \u2013 ACIN desea informar sobre el tiempo de las mujeres y hombres del pueblo Nasa que habitan los diferentes territorios ind\u00edgenas del Norte del Cauca. Tiempo circunscrito en el conocimiento y la cosmogon\u00eda de la comunidad Nasa, tomando como punto de partida el d\u00eda de la celebraci\u00f3n del solsticio de verano, el cual inicia su marcha en el tiempo el 21 de junio del calendario gregoriano. \u00a0<\/p>\t\t\t\t\t\t\t\t<\/div>\n\t\t\t\t<\/div>\n\t\t\t\t\t<\/div>\n\t\t<\/div>\n\t\t\t\t\t<\/div>\n\t\t<\/section>\n\t\t\t\t<section class=\"elementor-section elementor-top-section elementor-element elementor-element-d2ef48d elementor-section-boxed elementor-section-height-default elementor-section-height-default\" data-id=\"d2ef48d\" data-element_type=\"section\" data-e-type=\"section\">\n\t\t\t\t\t\t<div class=\"elementor-container elementor-column-gap-default\">\n\t\t\t\t\t<div class=\"elementor-column elementor-col-100 elementor-top-column elementor-element elementor-element-cd0e25d\" data-id=\"cd0e25d\" data-element_type=\"column\" data-e-type=\"column\">\n\t\t\t<div class=\"elementor-widget-wrap elementor-element-populated\">\n\t\t\t\t\t\t<div class=\"elementor-element elementor-element-6f9fccb elementor-widget elementor-widget-heading\" data-id=\"6f9fccb\" data-element_type=\"widget\" data-e-type=\"widget\" data-widget_type=\"heading.default\">\n\t\t\t\t<div class=\"elementor-widget-container\">\n\t\t\t\t\t<div id=\"ez-toc-container\" class=\"ez-toc-v2_0_82_2 counter-hierarchy ez-toc-counter ez-toc-grey ez-toc-container-direction\">\n<div class=\"ez-toc-title-container\">\n<p class=\"ez-toc-title\" style=\"cursor:inherit\">Contenido<\/p>\n<span class=\"ez-toc-title-toggle\"><a href=\"#\" class=\"ez-toc-pull-right ez-toc-btn ez-toc-btn-xs ez-toc-btn-default ez-toc-toggle\" aria-label=\"Alternar tabla de contenidos\"><span class=\"ez-toc-js-icon-con\"><span class=\"\"><span class=\"eztoc-hide\" style=\"display:none;\">Palanca<\/span><span class=\"ez-toc-icon-toggle-span\"><svg style=\"fill: #999;color:#999\" xmlns=\"http:\/\/www.w3.org\/2000\/svg\" class=\"list-377408\" width=\"20px\" height=\"20px\" viewbox=\"0 0 24 24\" fill=\"none\"><path d=\"M6 6H4v2h2V6zm14 0H8v2h12V6zM4 11h2v2H4v-2zm16 0H8v2h12v-2zM4 16h2v2H4v-2zm16 0H8v2h12v-2z\" fill=\"currentColor\"><\/path><\/svg><svg style=\"fill: #999;color:#999\" class=\"arrow-unsorted-368013\" xmlns=\"http:\/\/www.w3.org\/2000\/svg\" width=\"10px\" height=\"10px\" viewbox=\"0 0 24 24\" version=\"1.2\" baseprofile=\"tiny\"><path d=\"M18.2 9.3l-6.2-6.3-6.2 6.3c-.2.2-.3.4-.3.7s.1.5.3.7c.2.2.4.3.7.3h11c.3 0 .5-.1.7-.3.2-.2.3-.5.3-.7s-.1-.5-.3-.7zM5.8 14.7l6.2 6.3 6.2-6.3c.2-.2.3-.5.3-.7s-.1-.5-.3-.7c-.2-.2-.4-.3-.7-.3h-11c-.3 0-.5.1-.7.3-.2.2-.3.5-.3.7s.1.5.3.7z\"\/><\/svg><\/span><\/span><\/span><\/a><\/span><\/div>\n<nav><ul class='ez-toc-list ez-toc-list-level-1' ><li class='ez-toc-page-1 ez-toc-heading-level-2'><a class=\"ez-toc-link ez-toc-heading-1\" href=\"https:\/\/mythslegendes.com\/es\/mitologia-paez\/el-curso-de-sek\/#Parcours-du-Sek\" >Ruta sek<\/a><\/li><\/ul><\/nav><\/div>\n<h2 class=\"elementor-heading-title elementor-size-default\"><span class=\"ez-toc-section\" id=\"Parcours-du-Sek\"><\/span>Ruta sek<span class=\"ez-toc-section-end\"><\/span><\/h2>\t\t\t\t<\/div>\n\t\t\t\t<\/div>\n\t\t\t\t\t<\/div>\n\t\t<\/div>\n\t\t\t\t\t<\/div>\n\t\t<\/section>\n\t\t\t\t<section class=\"elementor-section elementor-top-section elementor-element elementor-element-5be7b1cd elementor-section-boxed elementor-section-height-default elementor-section-height-default\" data-id=\"5be7b1cd\" data-element_type=\"section\" data-e-type=\"section\">\n\t\t\t\t\t\t<div class=\"elementor-container elementor-column-gap-default\">\n\t\t\t\t\t<div class=\"elementor-column elementor-col-100 elementor-top-column elementor-element elementor-element-2d685a3b\" data-id=\"2d685a3b\" data-element_type=\"column\" data-e-type=\"column\">\n\t\t\t<div class=\"elementor-widget-wrap elementor-element-populated\">\n\t\t\t\t\t\t<div class=\"elementor-element elementor-element-33c89ddf elementor-widget elementor-widget-text-editor\" data-id=\"33c89ddf\" data-element_type=\"widget\" data-e-type=\"widget\" data-widget_type=\"text-editor.default\">\n\t\t\t\t<div class=\"elementor-widget-container\">\n\t\t\t\t\t\t\t\t\t\n<p><strong>Primer per\u00edodo: Sek Luu\u00e7x (Child&#039;s Sun)<\/strong><\/p>\n\n<figure class=\"wp-block-image\"><img fetchpriority=\"high\" decoding=\"async\" class=\"alignnone\" src=\"https:\/\/img.over-blog-kiwi.com\/0\/56\/62\/66\/20191127\/ob_ba0115_primera-epoca-sek-luucx-21-de-diciembr.jpg#width=350&amp;height=348\" alt=\"Ruta sek\" width=\"350\" height=\"348\" title=\"\"><\/figure>\n\n<p>21 de diciembre al 20 de marzo<\/p>\n\n<p>La primera temporada solar se caracteriza por d\u00edas m\u00e1s cortos que el resto del a\u00f1o. Durante este per\u00edodo, la luna generalmente tiene m\u00e1s fuerza que el sol. Esta es la \u00e9poca del a\u00f1o en que el gran ritual del fuego<em> Ipxh Fxizenxi<\/em> se realiza, as\u00ed como los rituales de recolecci\u00f3n de luci\u00e9rnagas.<\/p>\n\n<p><strong>Segundo per\u00edodo: Sek Pictatx (sol joven)<\/strong><\/p>\n\n<figure class=\"wp-block-image\"><img decoding=\"async\" class=\"alignnone\" src=\"https:\/\/img.over-blog-kiwi.com\/0\/56\/62\/66\/20191127\/ob_b949a3_segunda-epoca-sek-pictatx-21-de-marxo.jpg#width=350&amp;height=351\" alt=\"Ruta sek\" width=\"350\" height=\"351\" title=\"\"><\/figure>\n\n<p>21 de marzo al 20 de junio<\/p>\n\n<p>Es la hora del sol joven. Sol que sale por el este acompa\u00f1ado de una luna que le ayuda a mantener el equilibrio, ya que las horas de luz son comparables a las de la noche, as\u00ed como las fuerzas del fr\u00edo son comparables a las del calor. Es una \u00e9poca de justicia, por eso ocurre el equinoccio de invierno. Durante este per\u00edodo, que va del 21 de marzo al 21 de junio, los pisos generalmente se limpian y los pagos se realizan en lugares sagrados.<\/p>\n\n<p><strong>Tercera \u00e9poca: Sek Thej&#039;sa (Sol adulto)<\/strong><\/p>\n\n<figure class=\"wp-block-image\"><img decoding=\"async\" class=\"alignnone\" src=\"https:\/\/img.over-blog-kiwi.com\/0\/56\/62\/66\/20191127\/ob_a22e0a_tercera-epoca-sek-thejsa-21-de-junio-a.jpg#width=350&amp;height=340\" alt=\"Ruta sek\" width=\"350\" height=\"340\" title=\"\"><\/figure>\n\n<p>21 de junio al 20 de septiembre<\/p>\n\n<p>Es el tercero del a\u00f1o, cuando el sol est\u00e1 m\u00e1s maduro y las fuerzas del fr\u00edo y el calor est\u00e1n m\u00e1s equilibradas. Tambi\u00e9n es la \u00e9poca m\u00e1s larga del a\u00f1o y con mayor fuerza solar, es un buen momento para realizar revitalizaciones.<\/p>\n\n<p><strong>Cuarta \u00e9poca: Sek The ^ sa (Sol adulto)<\/strong><\/p>\n\n<figure class=\"wp-block-image\"><img loading=\"lazy\" decoding=\"async\" class=\"alignnone\" src=\"https:\/\/img.over-blog-kiwi.com\/0\/56\/62\/66\/20191127\/ob_b631eb_cuarta-epoca-sek-thesa-21-de-septiembr.jpg#width=350&amp;height=383\" alt=\"Ruta sek\" width=\"350\" height=\"383\" title=\"\"><\/figure>\n\n<p>21 de septiembre al 20 de diciembre<\/p>\n\n<p>Entre el 21 de septiembre y el 20 de diciembre, el sol comienza a ponerse. Para completar su ciclo de derecha a izquierda, desde los pies del suelo hasta la cabeza hacia adelante y hacia atr\u00e1s. Durante este tiempo, la luna gana m\u00e1s fuerza y la energ\u00eda del sol tiende a ser fr\u00eda porque se acerca el equinoccio de invierno, que trae consigo aves y esp\u00edritus migratorios. Por esta raz\u00f3n, el mayor ritual de \u00c7xapu\u00e7 suele tener lugar en noviembre.<\/p>\n\n<p>Los datos presentados en esta publicaci\u00f3n fueron obtenidos a trav\u00e9s de la programadora Tejido Mujer de \u00c7xhab Wala Kiwe, est\u00e1n basados en el calendario Nasawe&#039;sx Isan fxi&#039;zenxi een a&#039;kafx &quot;ruta del sol y la luna 2019&quot;.<\/p>\n\t\t\t\t\t\t\t\t<\/div>\n\t\t\t\t<\/div>\n\t\t\t\t\t<\/div>\n\t\t<\/div>\n\t\t\t\t\t<\/div>\n\t\t<\/section>\n\t\t\t\t<\/div>","protected":false},"excerpt":{"rendered":"<p>Mythologie Paez Wiki Le parcours du Sek d\u00e9crit les saisons chez les peuples Nasa Paez. Par le biais de ces &hellip; <\/p>","protected":false},"author":1,"featured_media":0,"parent":3193,"menu_order":0,"comment_status":"closed","ping_status":"closed","template":"","meta":{"footnotes":""},"class_list":["post-3221","page","type-page","status-publish","hentry"],"amp_enabled":true,"_links":{"self":[{"href":"https:\/\/mythslegendes.com\/es\/wp-json\/wp\/v2\/pages\/3221","targetHints":{"allow":["GET"]}}],"collection":[{"href":"https:\/\/mythslegendes.com\/es\/wp-json\/wp\/v2\/pages"}],"about":[{"href":"https:\/\/mythslegendes.com\/es\/wp-json\/wp\/v2\/types\/page"}],"author":[{"embeddable":true,"href":"https:\/\/mythslegendes.com\/es\/wp-json\/wp\/v2\/users\/1"}],"replies":[{"embeddable":true,"href":"https:\/\/mythslegendes.com\/es\/wp-json\/wp\/v2\/comments?post=3221"}],"version-history":[{"count":0,"href":"https:\/\/mythslegendes.com\/es\/wp-json\/wp\/v2\/pages\/3221\/revisions"}],"up":[{"embeddable":true,"href":"https:\/\/mythslegendes.com\/es\/wp-json\/wp\/v2\/pages\/3193"}],"wp:attachment":[{"href":"https:\/\/mythslegendes.com\/es\/wp-json\/wp\/v2\/media?parent=3221"}],"curies":[{"name":"wp","href":"https:\/\/api.w.org\/{rel}","templated":true}]}}