{"id":3224,"date":"2020-07-24T15:34:04","date_gmt":"2020-07-24T14:34:04","guid":{"rendered":"https:\/\/mythslegendes.com\/?page_id=3224"},"modified":"2020-11-19T14:34:22","modified_gmt":"2020-11-19T14:34:22","slug":"le-chumbe","status":"publish","type":"page","link":"https:\/\/mythslegendes.com\/es\/mitologia-paez\/el-chumbe\/","title":{"rendered":"El chumbe"},"content":{"rendered":"<div data-elementor-type=\"wp-page\" data-elementor-id=\"3224\" class=\"elementor elementor-3224\">\n\t\t\t\t\t\t<section class=\"elementor-section elementor-top-section elementor-element elementor-element-df80654 elementor-section-boxed elementor-section-height-default elementor-section-height-default\" data-id=\"df80654\" data-element_type=\"section\" data-e-type=\"section\">\n\t\t\t\t\t\t<div class=\"elementor-container elementor-column-gap-default\">\n\t\t\t\t\t<div class=\"elementor-column elementor-col-50 elementor-top-column elementor-element elementor-element-705e7a1\" data-id=\"705e7a1\" data-element_type=\"column\" data-e-type=\"column\">\n\t\t\t<div class=\"elementor-widget-wrap elementor-element-populated\">\n\t\t\t\t\t\t<div class=\"elementor-element elementor-element-70632de elementor-align-justify elementor-widget elementor-widget-button\" data-id=\"70632de\" data-element_type=\"widget\" data-e-type=\"widget\" data-widget_type=\"button.default\">\n\t\t\t\t<div class=\"elementor-widget-container\">\n\t\t\t\t\t\t\t\t\t<div class=\"elementor-button-wrapper\">\n\t\t\t\t\t<a class=\"elementor-button elementor-button-link elementor-size-sm\" href=\"https:\/\/mythslegendes.com\/es\/mitologia-paez\/\">\n\t\t\t\t\t\t<span class=\"elementor-button-content-wrapper\">\n\t\t\t\t\t\t\t\t\t<span class=\"elementor-button-text\">Mitolog\u00eda Paez<\/span>\n\t\t\t\t\t<\/span>\n\t\t\t\t\t<\/a>\n\t\t\t\t<\/div>\n\t\t\t\t\t\t\t\t<\/div>\n\t\t\t\t<\/div>\n\t\t\t\t\t<\/div>\n\t\t<\/div>\n\t\t\t\t<div class=\"elementor-column elementor-col-50 elementor-top-column elementor-element elementor-element-e781d1e\" data-id=\"e781d1e\" data-element_type=\"column\" data-e-type=\"column\">\n\t\t\t<div class=\"elementor-widget-wrap elementor-element-populated\">\n\t\t\t\t\t\t<div class=\"elementor-element elementor-element-d4a2c19 elementor-align-justify elementor-widget elementor-widget-button\" data-id=\"d4a2c19\" data-element_type=\"widget\" data-e-type=\"widget\" data-widget_type=\"button.default\">\n\t\t\t\t<div class=\"elementor-widget-container\">\n\t\t\t\t\t\t\t\t\t<div class=\"elementor-button-wrapper\">\n\t\t\t\t\t<a class=\"elementor-button elementor-button-link elementor-size-sm\" href=\"https:\/\/fr.wikipedia.org\/wiki\/Nasa_(peuple)\" target=\"_blank\" rel=\"noopener\">\n\t\t\t\t\t\t<span class=\"elementor-button-content-wrapper\">\n\t\t\t\t\t\t\t\t\t<span class=\"elementor-button-text\">Wiki<\/span>\n\t\t\t\t\t<\/span>\n\t\t\t\t\t<\/a>\n\t\t\t\t<\/div>\n\t\t\t\t\t\t\t\t<\/div>\n\t\t\t\t<\/div>\n\t\t\t\t\t<\/div>\n\t\t<\/div>\n\t\t\t\t\t<\/div>\n\t\t<\/section>\n\t\t\t\t<section class=\"elementor-section elementor-top-section elementor-element elementor-element-dae2fb2 elementor-section-boxed elementor-section-height-default elementor-section-height-default\" data-id=\"dae2fb2\" data-element_type=\"section\" data-e-type=\"section\">\n\t\t\t\t\t\t<div class=\"elementor-container elementor-column-gap-default\">\n\t\t\t\t\t<div class=\"elementor-column elementor-col-100 elementor-top-column elementor-element elementor-element-2ae6706\" data-id=\"2ae6706\" data-element_type=\"column\" data-e-type=\"column\">\n\t\t\t<div class=\"elementor-widget-wrap elementor-element-populated\">\n\t\t\t\t\t\t<div class=\"elementor-element elementor-element-eb4b1fd elementor-widget elementor-widget-text-editor\" data-id=\"eb4b1fd\" data-element_type=\"widget\" data-e-type=\"widget\" data-widget_type=\"text-editor.default\">\n\t\t\t\t<div class=\"elementor-widget-container\">\n\t\t\t\t\t\t\t\t\t<p>El chumbe es un cintur\u00f3n que puede medir de cinco a diez cent\u00edmetros de ancho, por cuatro o cinco metros de largo. Es utilizado por las mujeres Guambiana y Paeces del Cauca y las Ingas del Valle de Sibundoy para realizar la<em>anacus<\/em> o falda tradicional. Los chumbes son tejidos por las mujeres con hilos de lana de varios colores, con los que, mediante diamantes, forman las figuras del arte original.<\/p>\t\t\t\t\t\t\t\t<\/div>\n\t\t\t\t<\/div>\n\t\t\t\t\t<\/div>\n\t\t<\/div>\n\t\t\t\t\t<\/div>\n\t\t<\/section>\n\t\t\t\t<section class=\"elementor-section elementor-top-section elementor-element elementor-element-7205872 elementor-section-boxed elementor-section-height-default elementor-section-height-default\" data-id=\"7205872\" data-element_type=\"section\" data-e-type=\"section\">\n\t\t\t\t\t\t<div class=\"elementor-container elementor-column-gap-default\">\n\t\t\t\t\t<div class=\"elementor-column elementor-col-100 elementor-top-column elementor-element elementor-element-5efd383\" data-id=\"5efd383\" data-element_type=\"column\" data-e-type=\"column\">\n\t\t\t<div class=\"elementor-widget-wrap elementor-element-populated\">\n\t\t\t\t\t\t<div class=\"elementor-element elementor-element-15be6f5 elementor-widget elementor-widget-heading\" data-id=\"15be6f5\" data-element_type=\"widget\" data-e-type=\"widget\" data-widget_type=\"heading.default\">\n\t\t\t\t<div class=\"elementor-widget-container\">\n\t\t\t\t\t<div id=\"ez-toc-container\" class=\"ez-toc-v2_0_82_2 counter-hierarchy ez-toc-counter ez-toc-grey ez-toc-container-direction\">\n<div class=\"ez-toc-title-container\">\n<p class=\"ez-toc-title\" style=\"cursor:inherit\">Contenido<\/p>\n<span class=\"ez-toc-title-toggle\"><a href=\"#\" class=\"ez-toc-pull-right ez-toc-btn ez-toc-btn-xs ez-toc-btn-default ez-toc-toggle\" aria-label=\"Alternar tabla de contenidos\"><span class=\"ez-toc-js-icon-con\"><span class=\"\"><span class=\"eztoc-hide\" style=\"display:none;\">Palanca<\/span><span class=\"ez-toc-icon-toggle-span\"><svg style=\"fill: #999;color:#999\" xmlns=\"http:\/\/www.w3.org\/2000\/svg\" class=\"list-377408\" width=\"20px\" height=\"20px\" viewbox=\"0 0 24 24\" fill=\"none\"><path d=\"M6 6H4v2h2V6zm14 0H8v2h12V6zM4 11h2v2H4v-2zm16 0H8v2h12v-2zM4 16h2v2H4v-2zm16 0H8v2h12v-2z\" fill=\"currentColor\"><\/path><\/svg><svg style=\"fill: #999;color:#999\" class=\"arrow-unsorted-368013\" xmlns=\"http:\/\/www.w3.org\/2000\/svg\" width=\"10px\" height=\"10px\" viewbox=\"0 0 24 24\" version=\"1.2\" baseprofile=\"tiny\"><path d=\"M18.2 9.3l-6.2-6.3-6.2 6.3c-.2.2-.3.4-.3.7s.1.5.3.7c.2.2.4.3.7.3h11c.3 0 .5-.1.7-.3.2-.2.3-.5.3-.7s-.1-.5-.3-.7zM5.8 14.7l6.2 6.3 6.2-6.3c.2-.2.3-.5.3-.7s-.1-.5-.3-.7c-.2-.2-.4-.3-.7-.3h-11c-.3 0-.5.1-.7.3-.2.2-.3.5-.3.7s.1.5.3.7z\"\/><\/svg><\/span><\/span><\/span><\/a><\/span><\/div>\n<nav><ul class='ez-toc-list ez-toc-list-level-1' ><li class='ez-toc-page-1 ez-toc-heading-level-2'><a class=\"ez-toc-link ez-toc-heading-1\" href=\"https:\/\/mythslegendes.com\/es\/mitologia-paez\/el-chumbe\/#Le-Chumbe\" >El chumbe<\/a><\/li><\/ul><\/nav><\/div>\n<h2 class=\"elementor-heading-title elementor-size-default\"><span class=\"ez-toc-section\" id=\"Le-Chumbe\"><\/span>El chumbe<span class=\"ez-toc-section-end\"><\/span><\/h2>\t\t\t\t<\/div>\n\t\t\t\t<\/div>\n\t\t\t\t\t<\/div>\n\t\t<\/div>\n\t\t\t\t\t<\/div>\n\t\t<\/section>\n\t\t\t\t<section class=\"elementor-section elementor-top-section elementor-element elementor-element-1961bba7 elementor-section-boxed elementor-section-height-default elementor-section-height-default\" data-id=\"1961bba7\" data-element_type=\"section\" data-e-type=\"section\">\n\t\t\t\t\t\t<div class=\"elementor-container elementor-column-gap-default\">\n\t\t\t\t\t<div class=\"elementor-column elementor-col-100 elementor-top-column elementor-element elementor-element-141b9e7a\" data-id=\"141b9e7a\" data-element_type=\"column\" data-e-type=\"column\">\n\t\t\t<div class=\"elementor-widget-wrap elementor-element-populated\">\n\t\t\t\t\t\t<div class=\"elementor-element elementor-element-4a6a441 elementor-widget elementor-widget-text-editor\" data-id=\"4a6a441\" data-element_type=\"widget\" data-e-type=\"widget\" data-widget_type=\"text-editor.default\">\n\t\t\t\t<div class=\"elementor-widget-container\">\n\t\t\t\t\t\t\t\t\t<p><\/p>\n<p>Estos cinturones son m\u00e1s que ropa: expresan historia y pensamiento. A trav\u00e9s de sus dise\u00f1os, representan una serie de formas vinculadas a la historia y las vivencias.<\/p>\n<p><\/p>\n<figure class=\"wp-block-image\"><img fetchpriority=\"high\" decoding=\"async\" class=\"alignnone\" src=\"https:\/\/img.over-blog-kiwi.com\/0\/56\/62\/66\/20190404\/ob_c3b378_3.jpg\" alt=\"El chumbe\" width=\"314\" height=\"302\" title=\"\"><\/figure>\n<p><\/p>\n<p><em>Mujer tejiendo Archivo fotogr\u00e1fico del ICANH. <\/em><\/p>\n<p><\/p>\n<p>Un cintur\u00f3n especial est\u00e1 tejido exclusivamente para usar y proteger a los ni\u00f1os, para &quot;\u00a0<em>chumbarlos &#039;<\/em>. Sirve como prenda para envolver el cuerpo del ni\u00f1o, cruz\u00e1ndolo sobre la espalda y el t\u00f3rax de la madre, creando as\u00ed un v\u00ednculo maternal con \u00e9l, ligado a trav\u00e9s del uso del chumbe como elemento unificador e identitario del v\u00ednculo familiar. En el caso espec\u00edfico de las ingas, el cintur\u00f3n tiene como elemento principal la figura geom\u00e9trica del rombo (abstracci\u00f3n de la conformaci\u00f3n anat\u00f3mica del est\u00f3mago), que a su vez simboliza el lugar donde comienza la vida (el vientre de la mujer) y el lugar donde los hombres viven juntos (el mundo con sus cuatro puntos cardinales).<\/p>\n<p><\/p>\n<figure class=\"wp-block-image\"><img decoding=\"async\" class=\"alignnone\" src=\"https:\/\/img.over-blog-kiwi.com\/0\/56\/62\/66\/20190404\/ob_043928_chumbe-sibundoy-e-83-v-464-1.jpg\" alt=\"El chumbe\" width=\"288\" height=\"192\" title=\"\"><\/figure>\n<p><\/p>\n<p>Colecci\u00f3n Etnogr\u00e1fica del ICANH.<\/p>\n<p><\/p>\n<p>Se dice que el hijo de las estrellas, Juan Tama, al salir de las aguas, se sinti\u00f3 desnudo y rodeado por la naturaleza del desierto y su vida animal; los esp\u00edritus de las nueve doncellas tomaron los hilos del arco iris y tejieron el chumbe con sus manos, la piel de los animales se transform\u00f3 en <em>anacus, capisayo y tur\u00ed.<\/em><\/p>\n<p><\/p>\n<figure class=\"wp-block-image\"><img decoding=\"async\" class=\"alignnone\" src=\"https:\/\/img.over-blog-kiwi.com\/0\/56\/62\/66\/20190404\/ob_67c322_mujer-paez.jpg\" alt=\"El chumbe\" width=\"288\" height=\"354\" title=\"\"><\/figure>\n<p><\/p>\n<p><em>Nasa paez mujer<\/em> Archivo Fotogr\u00e1fico del ICANH<\/p>\n<p><\/p>\n<p>(Mananasrik Wan Wetotrik. Documento del cabildo del pueblo ind\u00edgena, 1998. Extracto de: Javier Baena Espinel, \u201cDimensi\u00f3n Est\u00e9tica en el Dise\u00f1o de los Chumbes Paeces y Guambianos\u201d. Universidad Icesi).<\/p>\n<p><\/p>\t\t\t\t\t\t\t\t<\/div>\n\t\t\t\t<\/div>\n\t\t\t\t\t<\/div>\n\t\t<\/div>\n\t\t\t\t\t<\/div>\n\t\t<\/section>\n\t\t\t\t<\/div>","protected":false},"excerpt":{"rendered":"<p>Mythologie Paez Wiki Le chumbe est une ceinture qui peut mesurer de cinq \u00e0 dix centim\u00e8tres de large, par quatre &hellip; <\/p>","protected":false},"author":1,"featured_media":0,"parent":3193,"menu_order":0,"comment_status":"closed","ping_status":"closed","template":"","meta":{"footnotes":""},"class_list":["post-3224","page","type-page","status-publish","hentry"],"amp_enabled":true,"_links":{"self":[{"href":"https:\/\/mythslegendes.com\/es\/wp-json\/wp\/v2\/pages\/3224","targetHints":{"allow":["GET"]}}],"collection":[{"href":"https:\/\/mythslegendes.com\/es\/wp-json\/wp\/v2\/pages"}],"about":[{"href":"https:\/\/mythslegendes.com\/es\/wp-json\/wp\/v2\/types\/page"}],"author":[{"embeddable":true,"href":"https:\/\/mythslegendes.com\/es\/wp-json\/wp\/v2\/users\/1"}],"replies":[{"embeddable":true,"href":"https:\/\/mythslegendes.com\/es\/wp-json\/wp\/v2\/comments?post=3224"}],"version-history":[{"count":0,"href":"https:\/\/mythslegendes.com\/es\/wp-json\/wp\/v2\/pages\/3224\/revisions"}],"up":[{"embeddable":true,"href":"https:\/\/mythslegendes.com\/es\/wp-json\/wp\/v2\/pages\/3193"}],"wp:attachment":[{"href":"https:\/\/mythslegendes.com\/es\/wp-json\/wp\/v2\/media?parent=3224"}],"curies":[{"name":"wp","href":"https:\/\/api.w.org\/{rel}","templated":true}]}}